{"id":10051,"date":"2021-09-08T20:01:29","date_gmt":"2021-09-08T18:01:29","guid":{"rendered":"https:\/\/elbrogit.com\/?page_id=10051"},"modified":"2023-07-11T11:53:23","modified_gmt":"2023-07-11T09:53:23","slug":"ods_r2_05_flora-autoctona","status":"publish","type":"page","link":"https:\/\/elbrogit.com\/ca\/ods_r2_05_flora-autoctona\/","title":{"rendered":"ODS_R2_05_Flora aut\u00f2ctona"},"content":{"rendered":"\t\t<div data-elementor-type=\"wp-page\" data-elementor-id=\"10051\" class=\"elementor elementor-10051\" data-elementor-post-type=\"page\">\n\t\t\t\t\t\t<section data-particle_enable=\"false\" data-particle-mobile-disabled=\"false\" class=\"elementor-section elementor-top-section elementor-element elementor-element-68f54f07 elementor-section-boxed elementor-section-height-default elementor-section-height-default\" data-id=\"68f54f07\" data-element_type=\"section\" data-settings=\"{&quot;background_background&quot;:&quot;classic&quot;}\">\n\t\t\t\t\t\t<div class=\"elementor-container elementor-column-gap-default\">\n\t\t\t\t\t<div class=\"elementor-column elementor-col-100 elementor-top-column elementor-element elementor-element-3f13af9a\" data-id=\"3f13af9a\" data-element_type=\"column\">\n\t\t\t<div class=\"elementor-widget-wrap elementor-element-populated\">\n\t\t\t\t\t\t<div class=\"elementor-element elementor-element-92a24d2 elementor-widget elementor-widget-text-editor\" data-id=\"92a24d2\" data-element_type=\"widget\" data-widget_type=\"text-editor.default\">\n\t\t\t\t<div class=\"elementor-widget-container\">\n\t\t\t\t\t\t\t\t\t<h3><strong>Jardineria de km 0<br \/><\/strong><\/h3>\t\t\t\t\t\t\t\t<\/div>\n\t\t\t\t<\/div>\n\t\t\t\t<div class=\"elementor-element elementor-element-4835e7df elementor-widget elementor-widget-image\" data-id=\"4835e7df\" data-element_type=\"widget\" data-widget_type=\"image.default\">\n\t\t\t\t<div class=\"elementor-widget-container\">\n\t\t\t\t\t\t\t\t\t\t\t\t\t\t\t<img decoding=\"async\" src=\"https:\/\/elbrogit.com\/wp-content\/uploads\/ODS_R2_05_Flora-autoctona-scaled.jpg\" title=\"\" alt=\"\" loading=\"lazy\" \/>\t\t\t\t\t\t\t\t\t\t\t\t\t\t\t<\/div>\n\t\t\t\t<\/div>\n\t\t\t\t<div class=\"elementor-element elementor-element-f71dd60 elementor-widget elementor-widget-image\" data-id=\"f71dd60\" data-element_type=\"widget\" data-widget_type=\"image.default\">\n\t\t\t\t<div class=\"elementor-widget-container\">\n\t\t\t\t\t\t\t\t\t\t\t\t\t\t\t<img fetchpriority=\"high\" decoding=\"async\" width=\"800\" height=\"367\" src=\"https:\/\/elbrogit.com\/wp-content\/uploads\/ODS_R2_05_Flora_autoctona_DADA-1024x470.jpg\" class=\"attachment-large size-large wp-image-10783\" alt=\"\" srcset=\"https:\/\/elbrogit.com\/wp-content\/uploads\/ODS_R2_05_Flora_autoctona_DADA-1024x470.jpg 1024w, https:\/\/elbrogit.com\/wp-content\/uploads\/ODS_R2_05_Flora_autoctona_DADA-300x138.jpg 300w, https:\/\/elbrogit.com\/wp-content\/uploads\/ODS_R2_05_Flora_autoctona_DADA-600x275.jpg 600w, https:\/\/elbrogit.com\/wp-content\/uploads\/ODS_R2_05_Flora_autoctona_DADA-768x352.jpg 768w, https:\/\/elbrogit.com\/wp-content\/uploads\/ODS_R2_05_Flora_autoctona_DADA.jpg 1038w\" sizes=\"(max-width: 800px) 100vw, 800px\" \/>\t\t\t\t\t\t\t\t\t\t\t\t\t\t\t<\/div>\n\t\t\t\t<\/div>\n\t\t\t\t<div class=\"elementor-element elementor-element-7bb825d elementor-align-center elementor-widget elementor-widget-button\" data-id=\"7bb825d\" data-element_type=\"widget\" data-widget_type=\"button.default\">\n\t\t\t\t<div class=\"elementor-widget-container\">\n\t\t\t\t\t\t\t\t\t<div class=\"elementor-button-wrapper\">\n\t\t\t\t\t<a class=\"elementor-button elementor-button-link elementor-size-md\" href=\"https:\/\/goo.gl\/maps\/y3qozvpPzbn12aow6\">\n\t\t\t\t\t\t<span class=\"elementor-button-content-wrapper\">\n\t\t\t\t\t\t<span class=\"elementor-button-icon\">\n\t\t\t\t<i aria-hidden=\"true\" class=\"fas fa-map-marker-alt\"><\/i>\t\t\t<\/span>\n\t\t\t\t\t\t\t\t\t<span class=\"elementor-button-text\">Anem al parc!<\/span>\n\t\t\t\t\t<\/span>\n\t\t\t\t\t<\/a>\n\t\t\t\t<\/div>\n\t\t\t\t\t\t\t\t<\/div>\n\t\t\t\t<\/div>\n\t\t\t\t<div class=\"elementor-element elementor-element-250cf258 elementor-widget__width-inherit elementor-widget elementor-widget-text-editor\" data-id=\"250cf258\" data-element_type=\"widget\" data-widget_type=\"text-editor.default\">\n\t\t\t\t<div class=\"elementor-widget-container\">\n\t\t\t\t\t\t\t\t\t<p style=\"text-align: center;\"><strong>Les plantes de la iaia<br \/><\/strong><\/p><p>La superf\u00edcie forestal est\u00e0 desapareixent a un ritme trepidant any rere any a nivell mundial, amb la conseg\u00fcent p\u00e8rdua de biodiversitat. Una p\u00e8rdua que tamb\u00e9 s&#8217;observa als camps amb una disminuci\u00f3 de la diversitat d&#8217;esp\u00e8cies que cultivem i que s&#8217;acaba traslladant a un rang petit de verdures i fruites aut\u00f2ctones consumides, sovint colonitzat per esp\u00e8cies ex\u00f2tiques i amb bon marqu\u00e8ting. Afortunadament, a Reus es mantenen encara els tradicionals comer\u00e7os de venda de planter i tamb\u00e9 diverses xarxes organitzades d&#8217;intercanvis de llavors. Reproduir l&#8217;antic jard\u00ed comestible de la iaia encara \u00e9s possible!<\/p>\t\t\t\t\t\t\t\t<\/div>\n\t\t\t\t<\/div>\n\t\t\t\t\t<\/div>\n\t\t<\/div>\n\t\t\t\t\t<\/div>\n\t\t<\/section>\n\t\t\t\t<section data-particle_enable=\"false\" data-particle-mobile-disabled=\"false\" class=\"elementor-section elementor-top-section elementor-element elementor-element-25bdb3d4 elementor-section-boxed elementor-section-height-default elementor-section-height-default\" data-id=\"25bdb3d4\" data-element_type=\"section\">\n\t\t\t\t\t\t<div class=\"elementor-container elementor-column-gap-default\">\n\t\t\t\t\t<div class=\"elementor-column elementor-col-100 elementor-top-column elementor-element elementor-element-d5729b2\" data-id=\"d5729b2\" data-element_type=\"column\">\n\t\t\t<div class=\"elementor-widget-wrap elementor-element-populated\">\n\t\t\t\t\t\t<div class=\"elementor-element elementor-element-6cf5be2f elementor-widget__width-inherit elementor-widget elementor-widget-text-editor\" data-id=\"6cf5be2f\" data-element_type=\"widget\" data-widget_type=\"text-editor.default\">\n\t\t\t\t<div class=\"elementor-widget-container\">\n\t\t\t\t\t\t\t\t\t<p><b>La clariana del bosc<br \/><\/b><\/p><p>Aqu\u00ed \u00e9s molt important que us situeu amb precisi\u00f3 on us indica la ubicaci\u00f3. Per aqu\u00ed hi ha molta flora aut\u00f2ctona, per\u00f2 nom\u00e9s dalt del turonet veureu 7 arbres iguals. Quins s\u00f3n (escriviu en plural)?<\/p>\t\t\t\t\t\t\t\t<\/div>\n\t\t\t\t<\/div>\n\t\t\t\t\t<\/div>\n\t\t<\/div>\n\t\t\t\t\t<\/div>\n\t\t<\/section>\n\t\t\t\t<section data-particle_enable=\"false\" data-particle-mobile-disabled=\"false\" class=\"elementor-section elementor-top-section elementor-element elementor-element-76461353 elementor-section-boxed elementor-section-height-default elementor-section-height-default\" data-id=\"76461353\" data-element_type=\"section\">\n\t\t\t\t\t\t<div class=\"elementor-container elementor-column-gap-default\">\n\t\t\t\t\t<div class=\"elementor-column elementor-col-100 elementor-top-column elementor-element elementor-element-37ba1945\" data-id=\"37ba1945\" data-element_type=\"column\">\n\t\t\t<div class=\"elementor-widget-wrap\">\n\t\t\t\t\t\t\t<\/div>\n\t\t<\/div>\n\t\t\t\t\t<\/div>\n\t\t<\/section>\n\t\t\t\t<section data-particle_enable=\"false\" data-particle-mobile-disabled=\"false\" class=\"elementor-section elementor-top-section elementor-element elementor-element-9d30cd9 elementor-section-content-middle elementor-section-boxed elementor-section-height-default elementor-section-height-default\" data-id=\"9d30cd9\" data-element_type=\"section\">\n\t\t\t\t\t\t<div class=\"elementor-container elementor-column-gap-default\">\n\t\t\t\t\t<div class=\"elementor-column elementor-col-100 elementor-top-column elementor-element elementor-element-f6dda31\" data-id=\"f6dda31\" data-element_type=\"column\">\n\t\t\t<div class=\"elementor-widget-wrap elementor-element-populated\">\n\t\t\t\t\t\t<div class=\"elementor-element elementor-element-56fe460 elementor-widget elementor-widget-eael-protected-content\" data-id=\"56fe460\" data-element_type=\"widget\" data-widget_type=\"eael-protected-content.default\">\n\t\t\t\t<div class=\"elementor-widget-container\">\n\t\t\t\t\t\t\t\t        <div class=\"eael-protected-content-message\">\n\t\t\t\t\t\t\t\t\t\t\t\t<div class=\"eael-protected-content-message-text\"><p><strong>Ja sabeu quina \u00e9s la resposta?<\/strong><\/p><\/div>\n\t\t\t\t\t\t\t        <\/div>\n\t\t        <div class=\"eael-password-protected-content-fields\">\n            <form id =\"eael_protected_content_form_56fe460\" name=\"eael_protected_content_form_56fe460\" method=\"post\">\n                <input type=\"password\" name=\"protection_password_56fe460\" class=\"eael-password\"\n                       placeholder=\"Escriviu en maj\u00fascules!\">\n                <input type=\"hidden\" name=\"eael_protected_content_nonce_56fe460\"\n                       value=\"f969f1beb3\">\n                <input type=\"submit\" value=\"Ok\"\n                       class=\"eael-submit\">\n\t\t\t\t            <\/form>\n\t                <\/div>\n\t\t\t\t\t\t\t\t\t\t<\/div>\n\t\t\t\t<\/div>\n\t\t\t\t\t<\/div>\n\t\t<\/div>\n\t\t\t\t\t<\/div>\n\t\t<\/section>\n\t\t\t\t<section data-particle_enable=\"false\" data-particle-mobile-disabled=\"false\" class=\"elementor-section elementor-top-section elementor-element elementor-element-3fba85ed elementor-section-boxed elementor-section-height-default elementor-section-height-default\" data-id=\"3fba85ed\" data-element_type=\"section\">\n\t\t\t\t\t\t<div class=\"elementor-container elementor-column-gap-default\">\n\t\t\t\t\t<div class=\"elementor-column elementor-col-100 elementor-top-column elementor-element elementor-element-2715468e\" data-id=\"2715468e\" data-element_type=\"column\">\n\t\t\t<div class=\"elementor-widget-wrap\">\n\t\t\t\t\t\t\t<\/div>\n\t\t<\/div>\n\t\t\t\t\t<\/div>\n\t\t<\/section>\n\t\t\t\t<section data-particle_enable=\"false\" data-particle-mobile-disabled=\"false\" class=\"elementor-section elementor-top-section elementor-element elementor-element-15f7fccc elementor-section-boxed elementor-section-height-default elementor-section-height-default\" data-id=\"15f7fccc\" data-element_type=\"section\">\n\t\t\t\t\t\t<div class=\"elementor-container elementor-column-gap-default\">\n\t\t\t\t\t<div class=\"elementor-column elementor-col-100 elementor-top-column elementor-element elementor-element-3a4c6672\" data-id=\"3a4c6672\" data-element_type=\"column\">\n\t\t\t<div class=\"elementor-widget-wrap elementor-element-populated\">\n\t\t\t\t\t\t<div class=\"elementor-element elementor-element-e810417 elementor-widget elementor-widget-eael-adv-accordion\" data-id=\"e810417\" data-element_type=\"widget\" data-widget_type=\"eael-adv-accordion.default\">\n\t\t\t\t<div class=\"elementor-widget-container\">\n\t\t\t\t\t        <div class=\"eael-adv-accordion\" id=\"eael-adv-accordion-e810417\" data-scroll-on-click=\"no\" data-scroll-speed=\"300\" data-accordion-id=\"e810417\" data-accordion-type=\"accordion\" data-toogle-speed=\"300\">\n    <div class=\"eael-accordion-list\">\n                <div id=\"volem-una-pista\" class=\"elementor-tab-title eael-accordion-header\" tabindex=\"0\" data-tab=\"1\" aria-controls=\"elementor-tab-content-2431\"><span class=\"eael-advanced-accordion-icon-closed\"><i aria-hidden=\"true\" class=\"fa-accordion-icon fas fa-puzzle-piece\"><\/i><\/span><span class=\"eael-advanced-accordion-icon-opened\"><i aria-hidden=\"true\" class=\"fa-accordion-icon fas fa-minus\"><\/i><\/span><span class=\"eael-accordion-tab-title\">Volem una pista!!!<\/span><i aria-hidden=\"true\" class=\"fa-toggle fas fa-angle-right\"><\/i><\/div><div id=\"elementor-tab-content-2431\" class=\"eael-accordion-content clearfix\" data-tab=\"1\" aria-labelledby=\"volem-una-pista\"><p style=\"text-align: center;\"><strong>L&#8217;arbre que busqueu t\u00e9 fulles que van de dos en dos!<br \/><\/strong><\/p><p style=\"text-align: center;\">Recordeu d&#8217;escriure-ho tot en maj\u00fascules!<\/p><\/div>\n                <\/div><div class=\"eael-accordion-list\">\n                <div id=\"dnans-la-soluci\" class=\"elementor-tab-title eael-accordion-header\" tabindex=\"0\" data-tab=\"2\" aria-controls=\"elementor-tab-content-2432\"><span class=\"eael-advanced-accordion-icon-closed\"><i aria-hidden=\"true\" class=\"fa-accordion-icon fas fa-key\"><\/i><\/span><span class=\"eael-advanced-accordion-icon-opened\"><i aria-hidden=\"true\" class=\"fa-accordion-icon fas fa-minus\"><\/i><\/span><span class=\"eael-accordion-tab-title\">D\u00f3na'ns la soluci\u00f3!!!<\/span><i aria-hidden=\"true\" class=\"fa-toggle fas fa-angle-right\"><\/i><\/div><div id=\"elementor-tab-content-2432\" class=\"eael-accordion-content clearfix\" data-tab=\"2\" aria-labelledby=\"dnans-la-soluci\"><p style=\"text-align: center;\">Els 7 arbres que busqueu s\u00f3n els:<\/p><p style=\"text-align: center;\"><strong>PINS<\/strong><\/p><\/div>\n                <\/div><\/div>\t\t\t\t<\/div>\n\t\t\t\t<\/div>\n\t\t\t\t\t<\/div>\n\t\t<\/div>\n\t\t\t\t\t<\/div>\n\t\t<\/section>\n\t\t\t\t<\/div>\n\t\t","protected":false},"excerpt":{"rendered":"<p>Jardineria de km 0 Anem al parc! Les plantes de la iaia La superf\u00edcie forestal est\u00e0 desapareixent a un ritme trepidant any rere any a nivell mundial, amb la conseg\u00fcent p\u00e8rdua de biodiversitat. Una p\u00e8rdua que tamb\u00e9 s&#8217;observa als camps amb una disminuci\u00f3 de la diversitat d&#8217;esp\u00e8cies que cultivem i que s&#8217;acaba traslladant a un [&hellip;]<\/p>\n","protected":false},"author":12,"featured_media":0,"parent":0,"menu_order":0,"comment_status":"closed","ping_status":"closed","template":"","meta":{"_acf_changed":false,"footnotes":""},"class_list":["post-10051","page","type-page","status-publish","hentry"],"acf":[],"yoast_head":"<!-- This site is optimized with the Yoast SEO plugin v25.1 - https:\/\/yoast.com\/wordpress\/plugins\/seo\/ -->\n<title>ODS_R2_05_Flora aut\u00f2ctona - Senderisme i Enoturisme a Catalunya<\/title>\n<meta name=\"robots\" content=\"index, follow, max-snippet:-1, max-image-preview:large, max-video-preview:-1\" \/>\n<link rel=\"canonical\" href=\"https:\/\/elbrogit.com\/ca\/ods_r2_05_flora-autoctona\/\" \/>\n<meta property=\"og:locale\" content=\"ca_ES\" \/>\n<meta property=\"og:type\" content=\"article\" \/>\n<meta property=\"og:title\" content=\"ODS_R2_05_Flora aut\u00f2ctona - Senderisme i Enoturisme a Catalunya\" \/>\n<meta property=\"og:description\" content=\"Jardineria de km 0 Anem al parc! Les plantes de la iaia La superf\u00edcie forestal est\u00e0 desapareixent a un ritme trepidant any rere any a nivell mundial, amb la conseg\u00fcent p\u00e8rdua de biodiversitat. Una p\u00e8rdua que tamb\u00e9 s&#8217;observa als camps amb una disminuci\u00f3 de la diversitat d&#8217;esp\u00e8cies que cultivem i que s&#8217;acaba traslladant a un [&hellip;]\" \/>\n<meta property=\"og:url\" content=\"https:\/\/elbrogit.com\/ca\/ods_r2_05_flora-autoctona\/\" \/>\n<meta property=\"og:site_name\" content=\"Senderisme i Enoturisme a Catalunya\" \/>\n<meta property=\"article:publisher\" content=\"http:\/\/www.facebook.com\/brogit.guiatges\" \/>\n<meta property=\"article:modified_time\" content=\"2023-07-11T09:53:23+00:00\" \/>\n<meta property=\"og:image\" content=\"https:\/\/elbrogit.com\/wp-content\/uploads\/ODS_R2_05_Flora-autoctona-scaled.jpg\" \/>\n<meta name=\"twitter:card\" content=\"summary_large_image\" \/>\n<meta name=\"twitter:site\" content=\"@elbrogit\" \/>\n<meta name=\"twitter:label1\" content=\"Temps estimat de lectura\" \/>\n\t<meta name=\"twitter:data1\" content=\"2 minuts\" \/>\n<script type=\"application\/ld+json\" class=\"yoast-schema-graph\">{\"@context\":\"https:\/\/schema.org\",\"@graph\":[{\"@type\":\"WebPage\",\"@id\":\"https:\/\/elbrogit.com\/ca\/ods_r2_05_flora-autoctona\/\",\"url\":\"https:\/\/elbrogit.com\/ca\/ods_r2_05_flora-autoctona\/\",\"name\":\"ODS_R2_05_Flora aut\u00f2ctona - Senderisme i Enoturisme a Catalunya\",\"isPartOf\":{\"@id\":\"https:\/\/elbrogit.com\/ca\/#website\"},\"primaryImageOfPage\":{\"@id\":\"https:\/\/elbrogit.com\/ca\/ods_r2_05_flora-autoctona\/#primaryimage\"},\"image\":{\"@id\":\"https:\/\/elbrogit.com\/ca\/ods_r2_05_flora-autoctona\/#primaryimage\"},\"thumbnailUrl\":\"https:\/\/elbrogit.com\/wp-content\/uploads\/ODS_R2_05_Flora-autoctona-scaled.jpg\",\"datePublished\":\"2021-09-08T18:01:29+00:00\",\"dateModified\":\"2023-07-11T09:53:23+00:00\",\"breadcrumb\":{\"@id\":\"https:\/\/elbrogit.com\/ca\/ods_r2_05_flora-autoctona\/#breadcrumb\"},\"inLanguage\":\"ca\",\"potentialAction\":[{\"@type\":\"ReadAction\",\"target\":[\"https:\/\/elbrogit.com\/ca\/ods_r2_05_flora-autoctona\/\"]}]},{\"@type\":\"ImageObject\",\"inLanguage\":\"ca\",\"@id\":\"https:\/\/elbrogit.com\/ca\/ods_r2_05_flora-autoctona\/#primaryimage\",\"url\":\"https:\/\/elbrogit.com\/wp-content\/uploads\/ODS_R2_05_Flora-autoctona-scaled.jpg\",\"contentUrl\":\"https:\/\/elbrogit.com\/wp-content\/uploads\/ODS_R2_05_Flora-autoctona-scaled.jpg\"},{\"@type\":\"BreadcrumbList\",\"@id\":\"https:\/\/elbrogit.com\/ca\/ods_r2_05_flora-autoctona\/#breadcrumb\",\"itemListElement\":[{\"@type\":\"ListItem\",\"position\":1,\"name\":\"Home\",\"item\":\"https:\/\/elbrogit.com\/ca\/\"},{\"@type\":\"ListItem\",\"position\":2,\"name\":\"ODS_R2_05_Flora aut\u00f2ctona\"}]},{\"@type\":\"WebSite\",\"@id\":\"https:\/\/elbrogit.com\/ca\/#website\",\"url\":\"https:\/\/elbrogit.com\/ca\/\",\"name\":\"Senderisme i Enoturisme a Catalunya\",\"description\":\"Ecotourism, walking, wine tourism and cultural holidays in Catalonia\",\"publisher\":{\"@id\":\"https:\/\/elbrogit.com\/ca\/#organization\"},\"potentialAction\":[{\"@type\":\"SearchAction\",\"target\":{\"@type\":\"EntryPoint\",\"urlTemplate\":\"https:\/\/elbrogit.com\/ca\/?s={search_term_string}\"},\"query-input\":{\"@type\":\"PropertyValueSpecification\",\"valueRequired\":true,\"valueName\":\"search_term_string\"}}],\"inLanguage\":\"ca\"},{\"@type\":\"Organization\",\"@id\":\"https:\/\/elbrogit.com\/ca\/#organization\",\"name\":\"Senderisme i Enoturisme a Catalunya\",\"url\":\"https:\/\/elbrogit.com\/ca\/\",\"logo\":{\"@type\":\"ImageObject\",\"inLanguage\":\"ca\",\"@id\":\"https:\/\/elbrogit.com\/ca\/#\/schema\/logo\/image\/\",\"url\":\"https:\/\/elbrogit.com\/wp-content\/uploads\/cropped-LogoBrogitWeb.jpg\",\"contentUrl\":\"https:\/\/elbrogit.com\/wp-content\/uploads\/cropped-LogoBrogitWeb.jpg\",\"width\":161,\"height\":108,\"caption\":\"Senderisme i Enoturisme a Catalunya\"},\"image\":{\"@id\":\"https:\/\/elbrogit.com\/ca\/#\/schema\/logo\/image\/\"},\"sameAs\":[\"http:\/\/www.facebook.com\/brogit.guiatges\",\"https:\/\/x.com\/elbrogit\"]}]}<\/script>\n<!-- \/ Yoast SEO plugin. -->","yoast_head_json":{"title":"ODS_R2_05_Flora aut\u00f2ctona - Senderisme i Enoturisme a Catalunya","robots":{"index":"index","follow":"follow","max-snippet":"max-snippet:-1","max-image-preview":"max-image-preview:large","max-video-preview":"max-video-preview:-1"},"canonical":"https:\/\/elbrogit.com\/ca\/ods_r2_05_flora-autoctona\/","og_locale":"ca_ES","og_type":"article","og_title":"ODS_R2_05_Flora aut\u00f2ctona - Senderisme i Enoturisme a Catalunya","og_description":"Jardineria de km 0 Anem al parc! Les plantes de la iaia La superf\u00edcie forestal est\u00e0 desapareixent a un ritme trepidant any rere any a nivell mundial, amb la conseg\u00fcent p\u00e8rdua de biodiversitat. Una p\u00e8rdua que tamb\u00e9 s&#8217;observa als camps amb una disminuci\u00f3 de la diversitat d&#8217;esp\u00e8cies que cultivem i que s&#8217;acaba traslladant a un [&hellip;]","og_url":"https:\/\/elbrogit.com\/ca\/ods_r2_05_flora-autoctona\/","og_site_name":"Senderisme i Enoturisme a Catalunya","article_publisher":"http:\/\/www.facebook.com\/brogit.guiatges","article_modified_time":"2023-07-11T09:53:23+00:00","og_image":[{"url":"https:\/\/elbrogit.com\/wp-content\/uploads\/ODS_R2_05_Flora-autoctona-scaled.jpg","type":"","width":"","height":""}],"twitter_card":"summary_large_image","twitter_site":"@elbrogit","twitter_misc":{"Temps estimat de lectura":"2 minuts"},"schema":{"@context":"https:\/\/schema.org","@graph":[{"@type":"WebPage","@id":"https:\/\/elbrogit.com\/ca\/ods_r2_05_flora-autoctona\/","url":"https:\/\/elbrogit.com\/ca\/ods_r2_05_flora-autoctona\/","name":"ODS_R2_05_Flora aut\u00f2ctona - Senderisme i Enoturisme a Catalunya","isPartOf":{"@id":"https:\/\/elbrogit.com\/ca\/#website"},"primaryImageOfPage":{"@id":"https:\/\/elbrogit.com\/ca\/ods_r2_05_flora-autoctona\/#primaryimage"},"image":{"@id":"https:\/\/elbrogit.com\/ca\/ods_r2_05_flora-autoctona\/#primaryimage"},"thumbnailUrl":"https:\/\/elbrogit.com\/wp-content\/uploads\/ODS_R2_05_Flora-autoctona-scaled.jpg","datePublished":"2021-09-08T18:01:29+00:00","dateModified":"2023-07-11T09:53:23+00:00","breadcrumb":{"@id":"https:\/\/elbrogit.com\/ca\/ods_r2_05_flora-autoctona\/#breadcrumb"},"inLanguage":"ca","potentialAction":[{"@type":"ReadAction","target":["https:\/\/elbrogit.com\/ca\/ods_r2_05_flora-autoctona\/"]}]},{"@type":"ImageObject","inLanguage":"ca","@id":"https:\/\/elbrogit.com\/ca\/ods_r2_05_flora-autoctona\/#primaryimage","url":"https:\/\/elbrogit.com\/wp-content\/uploads\/ODS_R2_05_Flora-autoctona-scaled.jpg","contentUrl":"https:\/\/elbrogit.com\/wp-content\/uploads\/ODS_R2_05_Flora-autoctona-scaled.jpg"},{"@type":"BreadcrumbList","@id":"https:\/\/elbrogit.com\/ca\/ods_r2_05_flora-autoctona\/#breadcrumb","itemListElement":[{"@type":"ListItem","position":1,"name":"Home","item":"https:\/\/elbrogit.com\/ca\/"},{"@type":"ListItem","position":2,"name":"ODS_R2_05_Flora aut\u00f2ctona"}]},{"@type":"WebSite","@id":"https:\/\/elbrogit.com\/ca\/#website","url":"https:\/\/elbrogit.com\/ca\/","name":"Senderisme i Enoturisme a Catalunya","description":"Ecotourism, walking, wine tourism and cultural holidays in Catalonia","publisher":{"@id":"https:\/\/elbrogit.com\/ca\/#organization"},"potentialAction":[{"@type":"SearchAction","target":{"@type":"EntryPoint","urlTemplate":"https:\/\/elbrogit.com\/ca\/?s={search_term_string}"},"query-input":{"@type":"PropertyValueSpecification","valueRequired":true,"valueName":"search_term_string"}}],"inLanguage":"ca"},{"@type":"Organization","@id":"https:\/\/elbrogit.com\/ca\/#organization","name":"Senderisme i Enoturisme a Catalunya","url":"https:\/\/elbrogit.com\/ca\/","logo":{"@type":"ImageObject","inLanguage":"ca","@id":"https:\/\/elbrogit.com\/ca\/#\/schema\/logo\/image\/","url":"https:\/\/elbrogit.com\/wp-content\/uploads\/cropped-LogoBrogitWeb.jpg","contentUrl":"https:\/\/elbrogit.com\/wp-content\/uploads\/cropped-LogoBrogitWeb.jpg","width":161,"height":108,"caption":"Senderisme i Enoturisme a Catalunya"},"image":{"@id":"https:\/\/elbrogit.com\/ca\/#\/schema\/logo\/image\/"},"sameAs":["http:\/\/www.facebook.com\/brogit.guiatges","https:\/\/x.com\/elbrogit"]}]}},"jetpack_sharing_enabled":true,"_links":{"self":[{"href":"https:\/\/elbrogit.com\/ca\/wp-json\/wp\/v2\/pages\/10051","targetHints":{"allow":["GET"]}}],"collection":[{"href":"https:\/\/elbrogit.com\/ca\/wp-json\/wp\/v2\/pages"}],"about":[{"href":"https:\/\/elbrogit.com\/ca\/wp-json\/wp\/v2\/types\/page"}],"author":[{"embeddable":true,"href":"https:\/\/elbrogit.com\/ca\/wp-json\/wp\/v2\/users\/12"}],"replies":[{"embeddable":true,"href":"https:\/\/elbrogit.com\/ca\/wp-json\/wp\/v2\/comments?post=10051"}],"version-history":[{"count":22,"href":"https:\/\/elbrogit.com\/ca\/wp-json\/wp\/v2\/pages\/10051\/revisions"}],"predecessor-version":[{"id":12292,"href":"https:\/\/elbrogit.com\/ca\/wp-json\/wp\/v2\/pages\/10051\/revisions\/12292"}],"wp:attachment":[{"href":"https:\/\/elbrogit.com\/ca\/wp-json\/wp\/v2\/media?parent=10051"}],"curies":[{"name":"wp","href":"https:\/\/api.w.org\/{rel}","templated":true}]}}