{"id":10142,"date":"2021-09-08T21:05:20","date_gmt":"2021-09-08T19:05:20","guid":{"rendered":"https:\/\/elbrogit.com\/?page_id=10142"},"modified":"2023-07-11T11:53:19","modified_gmt":"2023-07-11T09:53:19","slug":"ods_r1_05_mecarsharing","status":"publish","type":"page","link":"https:\/\/elbrogit.com\/ca\/ods_r1_05_mecarsharing\/","title":{"rendered":"ODS_R1_05_Mecarsharing"},"content":{"rendered":"\t\t<div data-elementor-type=\"wp-page\" data-elementor-id=\"10142\" class=\"elementor elementor-10142\" data-elementor-post-type=\"page\">\n\t\t\t\t\t\t<section data-particle_enable=\"false\" data-particle-mobile-disabled=\"false\" class=\"elementor-section elementor-top-section elementor-element elementor-element-68f54f07 elementor-section-boxed elementor-section-height-default elementor-section-height-default\" data-id=\"68f54f07\" data-element_type=\"section\" data-settings=\"{&quot;background_background&quot;:&quot;classic&quot;}\">\n\t\t\t\t\t\t<div class=\"elementor-container elementor-column-gap-default\">\n\t\t\t\t\t<div class=\"elementor-column elementor-col-100 elementor-top-column elementor-element elementor-element-3f13af9a\" data-id=\"3f13af9a\" data-element_type=\"column\">\n\t\t\t<div class=\"elementor-widget-wrap elementor-element-populated\">\n\t\t\t\t\t\t<div class=\"elementor-element elementor-element-92a24d2 elementor-widget elementor-widget-text-editor\" data-id=\"92a24d2\" data-element_type=\"widget\" data-widget_type=\"text-editor.default\">\n\t\t\t\t<div class=\"elementor-widget-container\">\n\t\t\t\t\t\t\t\t\t<h3><strong>Puja&#8217;t al carro el\u00e8ctric!<br \/><\/strong><\/h3>\t\t\t\t\t\t\t\t<\/div>\n\t\t\t\t<\/div>\n\t\t\t\t<div class=\"elementor-element elementor-element-4835e7df elementor-widget elementor-widget-image\" data-id=\"4835e7df\" data-element_type=\"widget\" data-widget_type=\"image.default\">\n\t\t\t\t<div class=\"elementor-widget-container\">\n\t\t\t\t\t\t\t\t\t\t\t\t\t\t\t<img decoding=\"async\" src=\"https:\/\/elbrogit.com\/wp-content\/uploads\/ODS_R1_05_Carsharing-2-scaled.jpg\" title=\"\" alt=\"\" loading=\"lazy\" \/>\t\t\t\t\t\t\t\t\t\t\t\t\t\t\t<\/div>\n\t\t\t\t<\/div>\n\t\t\t\t<div class=\"elementor-element elementor-element-f71dd60 elementor-widget elementor-widget-image\" data-id=\"f71dd60\" data-element_type=\"widget\" data-widget_type=\"image.default\">\n\t\t\t\t<div class=\"elementor-widget-container\">\n\t\t\t\t\t\t\t\t\t\t\t\t\t\t\t<img fetchpriority=\"high\" decoding=\"async\" width=\"800\" height=\"369\" src=\"https:\/\/elbrogit.com\/wp-content\/uploads\/ODS_R1_05_Carsharing_DADA.jpg\" class=\"attachment-large size-large wp-image-10453\" alt=\"\" srcset=\"https:\/\/elbrogit.com\/wp-content\/uploads\/ODS_R1_05_Carsharing_DADA.jpg 939w, https:\/\/elbrogit.com\/wp-content\/uploads\/ODS_R1_05_Carsharing_DADA-300x138.jpg 300w, https:\/\/elbrogit.com\/wp-content\/uploads\/ODS_R1_05_Carsharing_DADA-600x277.jpg 600w, https:\/\/elbrogit.com\/wp-content\/uploads\/ODS_R1_05_Carsharing_DADA-768x354.jpg 768w\" sizes=\"(max-width: 800px) 100vw, 800px\" \/>\t\t\t\t\t\t\t\t\t\t\t\t\t\t\t<\/div>\n\t\t\t\t<\/div>\n\t\t\t\t<div class=\"elementor-element elementor-element-cc703b7 elementor-align-center elementor-widget elementor-widget-button\" data-id=\"cc703b7\" data-element_type=\"widget\" data-widget_type=\"button.default\">\n\t\t\t\t<div class=\"elementor-widget-container\">\n\t\t\t\t\t\t\t\t\t<div class=\"elementor-button-wrapper\">\n\t\t\t\t\t<a class=\"elementor-button elementor-button-link elementor-size-md\" href=\"https:\/\/goo.gl\/maps\/U5euz2q7vJa3WNHPA\">\n\t\t\t\t\t\t<span class=\"elementor-button-content-wrapper\">\n\t\t\t\t\t\t<span class=\"elementor-button-icon\">\n\t\t\t\t<i aria-hidden=\"true\" class=\"fas fa-map-marker-alt\"><\/i>\t\t\t<\/span>\n\t\t\t\t\t\t\t\t\t<span class=\"elementor-button-text\">Sense deixar la pla\u00e7a Llibertat...<\/span>\n\t\t\t\t\t<\/span>\n\t\t\t\t\t<\/a>\n\t\t\t\t<\/div>\n\t\t\t\t\t\t\t\t<\/div>\n\t\t\t\t<\/div>\n\t\t\t\t<div class=\"elementor-element elementor-element-250cf258 elementor-widget__width-inherit elementor-widget elementor-widget-text-editor\" data-id=\"250cf258\" data-element_type=\"widget\" data-widget_type=\"text-editor.default\">\n\t\t\t\t<div class=\"elementor-widget-container\">\n\t\t\t\t\t\t\t\t\t<p style=\"text-align: center;\"><strong>Us imagineu el dia a dia sense el vostre cotxe?<\/strong><\/p><p>Fa ja m\u00e9s de 5 anys que el 90% de la poblaci\u00f3 mundial est\u00e0 exposada a nivells de contaminaci\u00f3 atmosf\u00e8rica que superen un 2.5% els est\u00e0ndards de seguretat. El parc m\u00f2bil no deixa d&#8217;augmentar, amb r\u00e0tios de 581 vehicles per 1000 habitants a Europa, enfront dels 22 a l&#8217;\u00cdndia. Per tant, un dels objectius de l&#8217;agenda 2030 \u00e9s reduir el n\u00famero de vehicles contaminants i fomentar l&#8217;\u00fas del transport p\u00fablic, els vehicles el\u00e8ctrics i els despla\u00e7aments compartits. A m\u00e9s, Reus \u00e9s una de les poques ciutats catalanes que ofereix el lloguer de vehicle el\u00e8ctric, podeu arribar a fer 300km\/dia per menys de 40\u20ac!<\/p>\t\t\t\t\t\t\t\t<\/div>\n\t\t\t\t<\/div>\n\t\t\t\t\t<\/div>\n\t\t<\/div>\n\t\t\t\t\t<\/div>\n\t\t<\/section>\n\t\t\t\t<section data-particle_enable=\"false\" data-particle-mobile-disabled=\"false\" class=\"elementor-section elementor-top-section elementor-element elementor-element-25bdb3d4 elementor-section-boxed elementor-section-height-default elementor-section-height-default\" data-id=\"25bdb3d4\" data-element_type=\"section\">\n\t\t\t\t\t\t<div class=\"elementor-container elementor-column-gap-default\">\n\t\t\t\t\t<div class=\"elementor-column elementor-col-100 elementor-top-column elementor-element elementor-element-d5729b2\" data-id=\"d5729b2\" data-element_type=\"column\">\n\t\t\t<div class=\"elementor-widget-wrap elementor-element-populated\">\n\t\t\t\t\t\t<div class=\"elementor-element elementor-element-6cf5be2f elementor-widget__width-inherit elementor-widget elementor-widget-text-editor\" data-id=\"6cf5be2f\" data-element_type=\"widget\" data-widget_type=\"text-editor.default\">\n\t\t\t\t<div class=\"elementor-widget-container\">\n\t\t\t\t\t\t\t\t\t<p style=\"text-align: center;\"><strong>I ara un petit joc d&#8217;observaci\u00f3<\/strong><\/p><p style=\"text-align: center;\">Explorant la pla\u00e7a Llibertat sabreu quina \u00e9s la icona correcta.<\/p><p><a href=\"https:\/\/elbrogit.com\/wp-content\/uploads\/ODS_R1_05_Carsharing_JOC.jpg\"><img decoding=\"async\" class=\"aligncenter size-medium wp-image-10458\" src=\"https:\/\/elbrogit.com\/wp-content\/uploads\/ODS_R1_05_Carsharing_JOC-e1631351201483-234x300.jpg\" alt=\"\" width=\"234\" height=\"300\" srcset=\"https:\/\/elbrogit.com\/wp-content\/uploads\/ODS_R1_05_Carsharing_JOC-e1631351201483-234x300.jpg 234w, https:\/\/elbrogit.com\/wp-content\/uploads\/ODS_R1_05_Carsharing_JOC-e1631351201483-300x385.jpg 300w, https:\/\/elbrogit.com\/wp-content\/uploads\/ODS_R1_05_Carsharing_JOC-e1631351201483.jpg 461w\" sizes=\"(max-width: 234px) 100vw, 234px\" \/><\/a><\/p>\t\t\t\t\t\t\t\t<\/div>\n\t\t\t\t<\/div>\n\t\t\t\t\t<\/div>\n\t\t<\/div>\n\t\t\t\t\t<\/div>\n\t\t<\/section>\n\t\t\t\t<section data-particle_enable=\"false\" data-particle-mobile-disabled=\"false\" class=\"elementor-section elementor-top-section elementor-element elementor-element-76461353 elementor-section-boxed elementor-section-height-default elementor-section-height-default\" data-id=\"76461353\" data-element_type=\"section\">\n\t\t\t\t\t\t<div class=\"elementor-container elementor-column-gap-default\">\n\t\t\t\t\t<div class=\"elementor-column elementor-col-100 elementor-top-column elementor-element elementor-element-37ba1945\" data-id=\"37ba1945\" data-element_type=\"column\">\n\t\t\t<div class=\"elementor-widget-wrap\">\n\t\t\t\t\t\t\t<\/div>\n\t\t<\/div>\n\t\t\t\t\t<\/div>\n\t\t<\/section>\n\t\t\t\t<section data-particle_enable=\"false\" data-particle-mobile-disabled=\"false\" class=\"elementor-section elementor-top-section elementor-element elementor-element-9d30cd9 elementor-section-content-middle elementor-section-boxed elementor-section-height-default elementor-section-height-default\" data-id=\"9d30cd9\" data-element_type=\"section\">\n\t\t\t\t\t\t<div class=\"elementor-container elementor-column-gap-default\">\n\t\t\t\t\t<div class=\"elementor-column elementor-col-100 elementor-top-column elementor-element elementor-element-f6dda31\" data-id=\"f6dda31\" data-element_type=\"column\">\n\t\t\t<div class=\"elementor-widget-wrap elementor-element-populated\">\n\t\t\t\t\t\t<div class=\"elementor-element elementor-element-56fe460 elementor-widget elementor-widget-eael-protected-content\" data-id=\"56fe460\" data-element_type=\"widget\" data-widget_type=\"eael-protected-content.default\">\n\t\t\t\t<div class=\"elementor-widget-container\">\n\t\t\t\t\t\t\t\t        <div class=\"eael-protected-content-message\">\n\t\t\t\t\t\t\t\t\t\t\t\t<div class=\"eael-protected-content-message-text\"><p><strong>Ja sabeu quina \u00e9s la resposta?<\/strong><\/p><\/div>\n\t\t\t\t\t\t\t        <\/div>\n\t\t        <div class=\"eael-password-protected-content-fields\">\n            <form id =\"eael_protected_content_form_56fe460\" name=\"eael_protected_content_form_56fe460\" method=\"post\">\n                <input type=\"password\" name=\"protection_password_56fe460\" class=\"eael-password\"\n                       placeholder=\"Escriviu el n\u00famero\">\n                <input type=\"hidden\" name=\"eael_protected_content_nonce_56fe460\"\n                       value=\"9f08adc49d\">\n                <input type=\"submit\" value=\"Ok\"\n                       class=\"eael-submit\">\n\t\t\t\t            <\/form>\n\t                <\/div>\n\t\t\t\t\t\t\t\t\t\t<\/div>\n\t\t\t\t<\/div>\n\t\t\t\t\t<\/div>\n\t\t<\/div>\n\t\t\t\t\t<\/div>\n\t\t<\/section>\n\t\t\t\t<section data-particle_enable=\"false\" data-particle-mobile-disabled=\"false\" class=\"elementor-section elementor-top-section elementor-element elementor-element-3fba85ed elementor-section-boxed elementor-section-height-default elementor-section-height-default\" data-id=\"3fba85ed\" data-element_type=\"section\">\n\t\t\t\t\t\t<div class=\"elementor-container elementor-column-gap-default\">\n\t\t\t\t\t<div class=\"elementor-column elementor-col-100 elementor-top-column elementor-element elementor-element-2715468e\" data-id=\"2715468e\" data-element_type=\"column\">\n\t\t\t<div class=\"elementor-widget-wrap\">\n\t\t\t\t\t\t\t<\/div>\n\t\t<\/div>\n\t\t\t\t\t<\/div>\n\t\t<\/section>\n\t\t\t\t<section data-particle_enable=\"false\" data-particle-mobile-disabled=\"false\" class=\"elementor-section elementor-top-section elementor-element elementor-element-15f7fccc elementor-section-boxed elementor-section-height-default elementor-section-height-default\" data-id=\"15f7fccc\" data-element_type=\"section\">\n\t\t\t\t\t\t<div class=\"elementor-container elementor-column-gap-default\">\n\t\t\t\t\t<div class=\"elementor-column elementor-col-100 elementor-top-column elementor-element elementor-element-3a4c6672\" data-id=\"3a4c6672\" data-element_type=\"column\">\n\t\t\t<div class=\"elementor-widget-wrap elementor-element-populated\">\n\t\t\t\t\t\t<div class=\"elementor-element elementor-element-e810417 elementor-widget elementor-widget-eael-adv-accordion\" data-id=\"e810417\" data-element_type=\"widget\" data-widget_type=\"eael-adv-accordion.default\">\n\t\t\t\t<div class=\"elementor-widget-container\">\n\t\t\t\t\t        <div class=\"eael-adv-accordion\" id=\"eael-adv-accordion-e810417\" data-scroll-on-click=\"no\" data-scroll-speed=\"300\" data-accordion-id=\"e810417\" data-accordion-type=\"accordion\" data-toogle-speed=\"300\">\n    <div class=\"eael-accordion-list\">\n                <div id=\"volem-una-pista\" class=\"elementor-tab-title eael-accordion-header\" tabindex=\"0\" data-tab=\"1\" aria-controls=\"elementor-tab-content-2431\"><span class=\"eael-advanced-accordion-icon-closed\"><i aria-hidden=\"true\" class=\"fa-accordion-icon fas fa-puzzle-piece\"><\/i><\/span><span class=\"eael-advanced-accordion-icon-opened\"><i aria-hidden=\"true\" class=\"fa-accordion-icon fas fa-minus\"><\/i><\/span><span class=\"eael-accordion-tab-title\">Volem una pista!!!<\/span><i aria-hidden=\"true\" class=\"fa-toggle fas fa-angle-right\"><\/i><\/div><div id=\"elementor-tab-content-2431\" class=\"eael-accordion-content clearfix\" data-tab=\"1\" aria-labelledby=\"volem-una-pista\"><p style=\"text-align: center;\"><strong>En una de les entrades al p\u00e0rquing trobareu un cartell que s&#8217;hi assembla.<br \/><\/strong><\/p><p style=\"text-align: center;\">Recordeu d&#8217;escriure nom\u00e9s el n\u00famero!<\/p><\/div>\n                <\/div><div class=\"eael-accordion-list\">\n                <div id=\"dnans-la-soluci\" class=\"elementor-tab-title eael-accordion-header\" tabindex=\"0\" data-tab=\"2\" aria-controls=\"elementor-tab-content-2432\"><span class=\"eael-advanced-accordion-icon-closed\"><i aria-hidden=\"true\" class=\"fa-accordion-icon fas fa-key\"><\/i><\/span><span class=\"eael-advanced-accordion-icon-opened\"><i aria-hidden=\"true\" class=\"fa-accordion-icon fas fa-minus\"><\/i><\/span><span class=\"eael-accordion-tab-title\">D\u00f3na'ns la soluci\u00f3!!!<\/span><i aria-hidden=\"true\" class=\"fa-toggle fas fa-angle-right\"><\/i><\/div><div id=\"elementor-tab-content-2432\" class=\"eael-accordion-content clearfix\" data-tab=\"2\" aria-labelledby=\"dnans-la-soluci\"><p style=\"text-align: center;\">Com podeu veure, la resposta \u00e9s<strong> 1!<br \/><\/strong><\/p><p><a href=\"https:\/\/elbrogit.com\/wp-content\/uploads\/ODS_R1_05_Carsharing_JOC_solucio.jpeg\"><img decoding=\"async\" class=\"aligncenter size-medium wp-image-10952\" src=\"https:\/\/elbrogit.com\/wp-content\/uploads\/ODS_R1_05_Carsharing_JOC_solucio-225x300.jpeg\" alt=\"\" width=\"225\" height=\"300\" \/><\/a><\/p><\/div>\n                <\/div><\/div>\t\t\t\t<\/div>\n\t\t\t\t<\/div>\n\t\t\t\t\t<\/div>\n\t\t<\/div>\n\t\t\t\t\t<\/div>\n\t\t<\/section>\n\t\t\t\t<\/div>\n\t\t","protected":false},"excerpt":{"rendered":"<p>Puja&#8217;t al carro el\u00e8ctric! Sense deixar la pla\u00e7a Llibertat&#8230; Us imagineu el dia a dia sense el vostre cotxe? Fa ja m\u00e9s de 5 anys que el 90% de la poblaci\u00f3 mundial est\u00e0 exposada a nivells de contaminaci\u00f3 atmosf\u00e8rica que superen un 2.5% els est\u00e0ndards de seguretat. El parc m\u00f2bil no deixa d&#8217;augmentar, amb r\u00e0tios [&hellip;]<\/p>\n","protected":false},"author":12,"featured_media":0,"parent":0,"menu_order":0,"comment_status":"closed","ping_status":"closed","template":"","meta":{"_acf_changed":false,"footnotes":""},"class_list":["post-10142","page","type-page","status-publish","hentry"],"acf":[],"yoast_head":"<!-- This site is optimized with the Yoast SEO plugin v25.1 - https:\/\/yoast.com\/wordpress\/plugins\/seo\/ -->\n<title>ODS_R1_05_Mecarsharing - Senderisme i Enoturisme a Catalunya<\/title>\n<meta name=\"robots\" content=\"index, follow, max-snippet:-1, max-image-preview:large, max-video-preview:-1\" \/>\n<link rel=\"canonical\" href=\"https:\/\/elbrogit.com\/ca\/ods_r1_05_mecarsharing\/\" \/>\n<meta property=\"og:locale\" content=\"ca_ES\" \/>\n<meta property=\"og:type\" content=\"article\" \/>\n<meta property=\"og:title\" content=\"ODS_R1_05_Mecarsharing - Senderisme i Enoturisme a Catalunya\" \/>\n<meta property=\"og:description\" content=\"Puja&#8217;t al carro el\u00e8ctric! Sense deixar la pla\u00e7a Llibertat&#8230; Us imagineu el dia a dia sense el vostre cotxe? Fa ja m\u00e9s de 5 anys que el 90% de la poblaci\u00f3 mundial est\u00e0 exposada a nivells de contaminaci\u00f3 atmosf\u00e8rica que superen un 2.5% els est\u00e0ndards de seguretat. El parc m\u00f2bil no deixa d&#8217;augmentar, amb r\u00e0tios [&hellip;]\" \/>\n<meta property=\"og:url\" content=\"https:\/\/elbrogit.com\/ca\/ods_r1_05_mecarsharing\/\" \/>\n<meta property=\"og:site_name\" content=\"Senderisme i Enoturisme a Catalunya\" \/>\n<meta property=\"article:publisher\" content=\"http:\/\/www.facebook.com\/brogit.guiatges\" \/>\n<meta property=\"article:modified_time\" content=\"2023-07-11T09:53:19+00:00\" \/>\n<meta property=\"og:image\" content=\"https:\/\/elbrogit.com\/wp-content\/uploads\/ODS_R1_05_Carsharing-2-scaled.jpg\" \/>\n<meta name=\"twitter:card\" content=\"summary_large_image\" \/>\n<meta name=\"twitter:site\" content=\"@elbrogit\" \/>\n<meta name=\"twitter:label1\" content=\"Temps estimat de lectura\" \/>\n\t<meta name=\"twitter:data1\" content=\"2 minuts\" \/>\n<script type=\"application\/ld+json\" class=\"yoast-schema-graph\">{\"@context\":\"https:\/\/schema.org\",\"@graph\":[{\"@type\":\"WebPage\",\"@id\":\"https:\/\/elbrogit.com\/ca\/ods_r1_05_mecarsharing\/\",\"url\":\"https:\/\/elbrogit.com\/ca\/ods_r1_05_mecarsharing\/\",\"name\":\"ODS_R1_05_Mecarsharing - Senderisme i Enoturisme a Catalunya\",\"isPartOf\":{\"@id\":\"https:\/\/elbrogit.com\/ca\/#website\"},\"primaryImageOfPage\":{\"@id\":\"https:\/\/elbrogit.com\/ca\/ods_r1_05_mecarsharing\/#primaryimage\"},\"image\":{\"@id\":\"https:\/\/elbrogit.com\/ca\/ods_r1_05_mecarsharing\/#primaryimage\"},\"thumbnailUrl\":\"https:\/\/elbrogit.com\/wp-content\/uploads\/ODS_R1_05_Carsharing-2-scaled.jpg\",\"datePublished\":\"2021-09-08T19:05:20+00:00\",\"dateModified\":\"2023-07-11T09:53:19+00:00\",\"breadcrumb\":{\"@id\":\"https:\/\/elbrogit.com\/ca\/ods_r1_05_mecarsharing\/#breadcrumb\"},\"inLanguage\":\"ca\",\"potentialAction\":[{\"@type\":\"ReadAction\",\"target\":[\"https:\/\/elbrogit.com\/ca\/ods_r1_05_mecarsharing\/\"]}]},{\"@type\":\"ImageObject\",\"inLanguage\":\"ca\",\"@id\":\"https:\/\/elbrogit.com\/ca\/ods_r1_05_mecarsharing\/#primaryimage\",\"url\":\"https:\/\/elbrogit.com\/wp-content\/uploads\/ODS_R1_05_Carsharing-2-scaled.jpg\",\"contentUrl\":\"https:\/\/elbrogit.com\/wp-content\/uploads\/ODS_R1_05_Carsharing-2-scaled.jpg\"},{\"@type\":\"BreadcrumbList\",\"@id\":\"https:\/\/elbrogit.com\/ca\/ods_r1_05_mecarsharing\/#breadcrumb\",\"itemListElement\":[{\"@type\":\"ListItem\",\"position\":1,\"name\":\"Home\",\"item\":\"https:\/\/elbrogit.com\/ca\/\"},{\"@type\":\"ListItem\",\"position\":2,\"name\":\"ODS_R1_05_Mecarsharing\"}]},{\"@type\":\"WebSite\",\"@id\":\"https:\/\/elbrogit.com\/ca\/#website\",\"url\":\"https:\/\/elbrogit.com\/ca\/\",\"name\":\"Senderisme i Enoturisme a Catalunya\",\"description\":\"Ecotourism, walking, wine tourism and cultural holidays in Catalonia\",\"publisher\":{\"@id\":\"https:\/\/elbrogit.com\/ca\/#organization\"},\"potentialAction\":[{\"@type\":\"SearchAction\",\"target\":{\"@type\":\"EntryPoint\",\"urlTemplate\":\"https:\/\/elbrogit.com\/ca\/?s={search_term_string}\"},\"query-input\":{\"@type\":\"PropertyValueSpecification\",\"valueRequired\":true,\"valueName\":\"search_term_string\"}}],\"inLanguage\":\"ca\"},{\"@type\":\"Organization\",\"@id\":\"https:\/\/elbrogit.com\/ca\/#organization\",\"name\":\"Senderisme i Enoturisme a Catalunya\",\"url\":\"https:\/\/elbrogit.com\/ca\/\",\"logo\":{\"@type\":\"ImageObject\",\"inLanguage\":\"ca\",\"@id\":\"https:\/\/elbrogit.com\/ca\/#\/schema\/logo\/image\/\",\"url\":\"https:\/\/elbrogit.com\/wp-content\/uploads\/cropped-LogoBrogitWeb.jpg\",\"contentUrl\":\"https:\/\/elbrogit.com\/wp-content\/uploads\/cropped-LogoBrogitWeb.jpg\",\"width\":161,\"height\":108,\"caption\":\"Senderisme i Enoturisme a Catalunya\"},\"image\":{\"@id\":\"https:\/\/elbrogit.com\/ca\/#\/schema\/logo\/image\/\"},\"sameAs\":[\"http:\/\/www.facebook.com\/brogit.guiatges\",\"https:\/\/x.com\/elbrogit\"]}]}<\/script>\n<!-- \/ Yoast SEO plugin. -->","yoast_head_json":{"title":"ODS_R1_05_Mecarsharing - Senderisme i Enoturisme a Catalunya","robots":{"index":"index","follow":"follow","max-snippet":"max-snippet:-1","max-image-preview":"max-image-preview:large","max-video-preview":"max-video-preview:-1"},"canonical":"https:\/\/elbrogit.com\/ca\/ods_r1_05_mecarsharing\/","og_locale":"ca_ES","og_type":"article","og_title":"ODS_R1_05_Mecarsharing - Senderisme i Enoturisme a Catalunya","og_description":"Puja&#8217;t al carro el\u00e8ctric! Sense deixar la pla\u00e7a Llibertat&#8230; Us imagineu el dia a dia sense el vostre cotxe? Fa ja m\u00e9s de 5 anys que el 90% de la poblaci\u00f3 mundial est\u00e0 exposada a nivells de contaminaci\u00f3 atmosf\u00e8rica que superen un 2.5% els est\u00e0ndards de seguretat. El parc m\u00f2bil no deixa d&#8217;augmentar, amb r\u00e0tios [&hellip;]","og_url":"https:\/\/elbrogit.com\/ca\/ods_r1_05_mecarsharing\/","og_site_name":"Senderisme i Enoturisme a Catalunya","article_publisher":"http:\/\/www.facebook.com\/brogit.guiatges","article_modified_time":"2023-07-11T09:53:19+00:00","og_image":[{"url":"https:\/\/elbrogit.com\/wp-content\/uploads\/ODS_R1_05_Carsharing-2-scaled.jpg","type":"","width":"","height":""}],"twitter_card":"summary_large_image","twitter_site":"@elbrogit","twitter_misc":{"Temps estimat de lectura":"2 minuts"},"schema":{"@context":"https:\/\/schema.org","@graph":[{"@type":"WebPage","@id":"https:\/\/elbrogit.com\/ca\/ods_r1_05_mecarsharing\/","url":"https:\/\/elbrogit.com\/ca\/ods_r1_05_mecarsharing\/","name":"ODS_R1_05_Mecarsharing - Senderisme i Enoturisme a Catalunya","isPartOf":{"@id":"https:\/\/elbrogit.com\/ca\/#website"},"primaryImageOfPage":{"@id":"https:\/\/elbrogit.com\/ca\/ods_r1_05_mecarsharing\/#primaryimage"},"image":{"@id":"https:\/\/elbrogit.com\/ca\/ods_r1_05_mecarsharing\/#primaryimage"},"thumbnailUrl":"https:\/\/elbrogit.com\/wp-content\/uploads\/ODS_R1_05_Carsharing-2-scaled.jpg","datePublished":"2021-09-08T19:05:20+00:00","dateModified":"2023-07-11T09:53:19+00:00","breadcrumb":{"@id":"https:\/\/elbrogit.com\/ca\/ods_r1_05_mecarsharing\/#breadcrumb"},"inLanguage":"ca","potentialAction":[{"@type":"ReadAction","target":["https:\/\/elbrogit.com\/ca\/ods_r1_05_mecarsharing\/"]}]},{"@type":"ImageObject","inLanguage":"ca","@id":"https:\/\/elbrogit.com\/ca\/ods_r1_05_mecarsharing\/#primaryimage","url":"https:\/\/elbrogit.com\/wp-content\/uploads\/ODS_R1_05_Carsharing-2-scaled.jpg","contentUrl":"https:\/\/elbrogit.com\/wp-content\/uploads\/ODS_R1_05_Carsharing-2-scaled.jpg"},{"@type":"BreadcrumbList","@id":"https:\/\/elbrogit.com\/ca\/ods_r1_05_mecarsharing\/#breadcrumb","itemListElement":[{"@type":"ListItem","position":1,"name":"Home","item":"https:\/\/elbrogit.com\/ca\/"},{"@type":"ListItem","position":2,"name":"ODS_R1_05_Mecarsharing"}]},{"@type":"WebSite","@id":"https:\/\/elbrogit.com\/ca\/#website","url":"https:\/\/elbrogit.com\/ca\/","name":"Senderisme i Enoturisme a Catalunya","description":"Ecotourism, walking, wine tourism and cultural holidays in Catalonia","publisher":{"@id":"https:\/\/elbrogit.com\/ca\/#organization"},"potentialAction":[{"@type":"SearchAction","target":{"@type":"EntryPoint","urlTemplate":"https:\/\/elbrogit.com\/ca\/?s={search_term_string}"},"query-input":{"@type":"PropertyValueSpecification","valueRequired":true,"valueName":"search_term_string"}}],"inLanguage":"ca"},{"@type":"Organization","@id":"https:\/\/elbrogit.com\/ca\/#organization","name":"Senderisme i Enoturisme a Catalunya","url":"https:\/\/elbrogit.com\/ca\/","logo":{"@type":"ImageObject","inLanguage":"ca","@id":"https:\/\/elbrogit.com\/ca\/#\/schema\/logo\/image\/","url":"https:\/\/elbrogit.com\/wp-content\/uploads\/cropped-LogoBrogitWeb.jpg","contentUrl":"https:\/\/elbrogit.com\/wp-content\/uploads\/cropped-LogoBrogitWeb.jpg","width":161,"height":108,"caption":"Senderisme i Enoturisme a Catalunya"},"image":{"@id":"https:\/\/elbrogit.com\/ca\/#\/schema\/logo\/image\/"},"sameAs":["http:\/\/www.facebook.com\/brogit.guiatges","https:\/\/x.com\/elbrogit"]}]}},"jetpack_sharing_enabled":true,"_links":{"self":[{"href":"https:\/\/elbrogit.com\/ca\/wp-json\/wp\/v2\/pages\/10142","targetHints":{"allow":["GET"]}}],"collection":[{"href":"https:\/\/elbrogit.com\/ca\/wp-json\/wp\/v2\/pages"}],"about":[{"href":"https:\/\/elbrogit.com\/ca\/wp-json\/wp\/v2\/types\/page"}],"author":[{"embeddable":true,"href":"https:\/\/elbrogit.com\/ca\/wp-json\/wp\/v2\/users\/12"}],"replies":[{"embeddable":true,"href":"https:\/\/elbrogit.com\/ca\/wp-json\/wp\/v2\/comments?post=10142"}],"version-history":[{"count":14,"href":"https:\/\/elbrogit.com\/ca\/wp-json\/wp\/v2\/pages\/10142\/revisions"}],"predecessor-version":[{"id":12286,"href":"https:\/\/elbrogit.com\/ca\/wp-json\/wp\/v2\/pages\/10142\/revisions\/12286"}],"wp:attachment":[{"href":"https:\/\/elbrogit.com\/ca\/wp-json\/wp\/v2\/media?parent=10142"}],"curies":[{"name":"wp","href":"https:\/\/api.w.org\/{rel}","templated":true}]}}