{"id":10602,"date":"2021-09-11T22:23:39","date_gmt":"2021-09-11T20:23:39","guid":{"rendered":"https:\/\/elbrogit.com\/?page_id=10602"},"modified":"2023-07-11T11:53:24","modified_gmt":"2023-07-11T09:53:24","slug":"ods_r2_06_final","status":"publish","type":"page","link":"https:\/\/elbrogit.com\/ca\/ods_r2_06_final\/","title":{"rendered":"ODS_R2_06_Final"},"content":{"rendered":"\t\t<div data-elementor-type=\"wp-page\" data-elementor-id=\"10602\" class=\"elementor elementor-10602\" data-elementor-post-type=\"page\">\n\t\t\t\t\t\t<section data-particle_enable=\"false\" data-particle-mobile-disabled=\"false\" class=\"elementor-section elementor-top-section elementor-element elementor-element-68f54f07 elementor-section-boxed elementor-section-height-default elementor-section-height-default\" data-id=\"68f54f07\" data-element_type=\"section\" data-settings=\"{&quot;background_background&quot;:&quot;classic&quot;}\">\n\t\t\t\t\t\t<div class=\"elementor-container elementor-column-gap-default\">\n\t\t\t\t\t<div class=\"elementor-column elementor-col-100 elementor-top-column elementor-element elementor-element-3f13af9a\" data-id=\"3f13af9a\" data-element_type=\"column\">\n\t\t\t<div class=\"elementor-widget-wrap elementor-element-populated\">\n\t\t\t\t\t\t<div class=\"elementor-element elementor-element-92a24d2 elementor-widget elementor-widget-text-editor\" data-id=\"92a24d2\" data-element_type=\"widget\" data-widget_type=\"text-editor.default\">\n\t\t\t\t<div class=\"elementor-widget-container\">\n\t\t\t\t\t\t\t\t\t<h3><strong>ENHORABONA!<br \/><\/strong><\/h3>\t\t\t\t\t\t\t\t<\/div>\n\t\t\t\t<\/div>\n\t\t\t\t<div class=\"elementor-element elementor-element-4835e7df elementor-widget elementor-widget-image\" data-id=\"4835e7df\" data-element_type=\"widget\" data-widget_type=\"image.default\">\n\t\t\t\t<div class=\"elementor-widget-container\">\n\t\t\t\t\t\t\t\t\t\t\t\t\t\t\t<img fetchpriority=\"high\" decoding=\"async\" width=\"2500\" height=\"1600\" src=\"https:\/\/elbrogit.com\/wp-content\/uploads\/FinalGimcana.jpg\" class=\"attachment-full size-full wp-image-10547\" alt=\"\" srcset=\"https:\/\/elbrogit.com\/wp-content\/uploads\/FinalGimcana.jpg 2500w, https:\/\/elbrogit.com\/wp-content\/uploads\/FinalGimcana-300x192.jpg 300w, https:\/\/elbrogit.com\/wp-content\/uploads\/FinalGimcana-600x384.jpg 600w, https:\/\/elbrogit.com\/wp-content\/uploads\/FinalGimcana-1024x655.jpg 1024w, https:\/\/elbrogit.com\/wp-content\/uploads\/FinalGimcana-768x492.jpg 768w, https:\/\/elbrogit.com\/wp-content\/uploads\/FinalGimcana-1536x983.jpg 1536w, https:\/\/elbrogit.com\/wp-content\/uploads\/FinalGimcana-2048x1311.jpg 2048w\" sizes=\"(max-width: 2500px) 100vw, 2500px\" \/>\t\t\t\t\t\t\t\t\t\t\t\t\t\t\t<\/div>\n\t\t\t\t<\/div>\n\t\t\t\t<div class=\"elementor-element elementor-element-250cf258 elementor-widget__width-inherit elementor-widget elementor-widget-text-editor\" data-id=\"250cf258\" data-element_type=\"widget\" data-widget_type=\"text-editor.default\">\n\t\t\t\t<div class=\"elementor-widget-container\">\n\t\t\t\t\t\t\t\t\t<p style=\"text-align: center;\"><strong>TENIR CURA DE LA TERRA T\u00c9 PREMI!<br \/><\/strong><\/p><p>Enhorabona! Heu completat l&#8217;itinerari n\u00famero 2 de la gimcana digital Re-Reus i us heu convertit en eco-agents! Ara ja sou capa\u00e7os d&#8217;aportar el vostre granet de sorra per aconseguir els objectius vinculats als ODS de Reus 2030. A part de la col\u00b7lecci\u00f3 de cromos, el premi tamb\u00e9 \u00e9s contribuir a conservar el planeta, per viure-hi en harmonia i ser capa\u00e7os de compartir-lo amb la resta d&#8217;\u00e9ssers vius.<\/p><p>Si encara no l&#8217;heu fet, us animem a que accediu a l&#8217;altre itinerari fent clic al seg\u00fcent bot\u00f3 o des de la pantalla d&#8217;inici. Recordeu que un eco-agent ha d&#8217;estar sempre al dia en mat\u00e8ria de defensa del medi ambient! Endavant!<\/p>\t\t\t\t\t\t\t\t<\/div>\n\t\t\t\t<\/div>\n\t\t\t\t<div class=\"elementor-element elementor-element-fa7d371 elementor-align-center elementor-widget elementor-widget-button\" data-id=\"fa7d371\" data-element_type=\"widget\" data-widget_type=\"button.default\">\n\t\t\t\t<div class=\"elementor-widget-container\">\n\t\t\t\t\t\t\t\t\t<div class=\"elementor-button-wrapper\">\n\t\t\t\t\t<a class=\"elementor-button elementor-button-link elementor-size-md\" href=\"https:\/\/elbrogit.com\/ca\/ods_r1_01_roba-amiga-pl-baluard\/\">\n\t\t\t\t\t\t<span class=\"elementor-button-content-wrapper\">\n\t\t\t\t\t\t<span class=\"elementor-button-icon\">\n\t\t\t\t<i aria-hidden=\"true\" class=\"far fa-hand-pointer\"><\/i>\t\t\t<\/span>\n\t\t\t\t\t\t\t\t\t<span class=\"elementor-button-text\">Volem fer l'altra ruta!<\/span>\n\t\t\t\t\t<\/span>\n\t\t\t\t\t<\/a>\n\t\t\t\t<\/div>\n\t\t\t\t\t\t\t\t<\/div>\n\t\t\t\t<\/div>\n\t\t\t\t\t<\/div>\n\t\t<\/div>\n\t\t\t\t\t<\/div>\n\t\t<\/section>\n\t\t\t\t<section data-particle_enable=\"false\" data-particle-mobile-disabled=\"false\" class=\"elementor-section elementor-top-section elementor-element elementor-element-25bdb3d4 elementor-section-boxed elementor-section-height-default elementor-section-height-default\" data-id=\"25bdb3d4\" data-element_type=\"section\">\n\t\t\t\t\t\t<div class=\"elementor-container elementor-column-gap-default\">\n\t\t\t\t\t<div class=\"elementor-column elementor-col-100 elementor-top-column elementor-element elementor-element-d5729b2\" data-id=\"d5729b2\" data-element_type=\"column\">\n\t\t\t<div class=\"elementor-widget-wrap elementor-element-populated\">\n\t\t\t\t\t\t<div class=\"elementor-element elementor-element-c8caae6 elementor-widget elementor-widget-text-editor\" data-id=\"c8caae6\" data-element_type=\"widget\" data-widget_type=\"text-editor.default\">\n\t\t\t\t<div class=\"elementor-widget-container\">\n\t\t\t\t\t\t\t\t\t<p style=\"text-align: center;\"><strong>Aqu\u00ed teniu la vostra col\u00b7lecci\u00f3 de cromos! <br>Feu-ne un bon \u00fas!<br><\/strong><\/p>\t\t\t\t\t\t\t\t<\/div>\n\t\t\t\t<\/div>\n\t\t\t\t<div class=\"elementor-element elementor-element-575564b elementor-widget elementor-widget-eael-flip-carousel\" data-id=\"575564b\" data-element_type=\"widget\" data-widget_type=\"eael-flip-carousel.default\">\n\t\t\t\t<div class=\"elementor-widget-container\">\n\t\t\t\t\t\t\t<div class=\"eael-flip-carousel flip-carousel-575564b show-all\" data-style=\"coverflow\" data-start=\"center\" data-fadein=\"400\" data-loop=\"true\" data-autoplay=\"2500\" data-pauseonhover=\"true\" data-spacing=\"0.2\" data-click=\"true\" data-scrollwheel=\"true\" data-touch=\"true\" data-buttons=\"\" data-buttonprev=\"\" data-buttonnext=\"\">\n\t\t\t<ul class=\"flip-items eael-flip-container\">\n\t\t\t\t\t\t\t\t\t<li class=\"eael-flip-item\">\n\t\t\t\t\t\t<img decoding=\"async\" src=\"https:\/\/elbrogit.com\/wp-content\/uploads\/ODS_R2_01_CROMOb.jpg\" alt=\"\"><p class=\"flip-carousel-text\">Compra responsable<\/p>\n\t\t\t\t\t<\/li>\n\t\t\t\t\t\t\t\t\t<li class=\"eael-flip-item\">\n\t\t\t\t\t\t\t\t\t\t\t\t\t<a href=\"https:\/\/www.reus.cat\/rutesreus\/\" target=\"_blank\" >\n\t\t\t\t\t\t\t\t<img decoding=\"async\" src=\"https:\/\/elbrogit.com\/wp-content\/uploads\/ODS_R2_02_V_Verda_CROMOb.jpg\" alt=\"\">\n\t\t\t\t\t\t\t<\/a>\n\t\t\t\t\t\t\t\t\t\t\t\t\t\t\t<p class=\"flip-carousel-text\">Iniciativa verda<\/p>\n\t\t\t\t\t\t\t\t\t\t\t\t\t\n\t\t\t\t\t<\/li>\n\t\t\t\t\t\t\t\t\t<li class=\"eael-flip-item\">\n\t\t\t\t\t\t<img decoding=\"async\" src=\"https:\/\/elbrogit.com\/wp-content\/uploads\/ODS_R2_03_Reciclatge_CROMOb.jpg\" alt=\"\"><p class=\"flip-carousel-text\">5 Rs<\/p>\n\t\t\t\t\t<\/li>\n\t\t\t\t\t\t\t\t\t<li class=\"eael-flip-item\">\n\t\t\t\t\t\t<img decoding=\"async\" src=\"https:\/\/elbrogit.com\/wp-content\/uploads\/ODS_R2_04_Plaques_solars_CROMOb.jpg\" alt=\"\"><p class=\"flip-carousel-text\">Economia energ\u00e8tica<\/p>\n\t\t\t\t\t<\/li>\n\t\t\t\t\t\t\t\t\t<li class=\"eael-flip-item\">\n\t\t\t\t\t\t\t\t\t\t\t\t\t<a href=\"https:\/\/eixarcolant.cat\/pagines\/llibres-de-plantes-silvestres-comestibles\" target=\"_blank\" >\n\t\t\t\t\t\t\t\t<img decoding=\"async\" src=\"https:\/\/elbrogit.com\/wp-content\/uploads\/ODS_R2_05_Flora_autoctona_CROMOb.jpg\" alt=\"\">\n\t\t\t\t\t\t\t<\/a>\n\t\t\t\t\t\t\t\t\t\t\t\t\t\t\t<p class=\"flip-carousel-text\">Herbes comestibles<\/p>\n\t\t\t\t\t\t\t\t\t\t\t\t\t\n\t\t\t\t\t<\/li>\n\t\t\t\t\t\t\t<\/ul>\n\t\t<\/div>\n\t\t\t\t\t\t<\/div>\n\t\t\t\t<\/div>\n\t\t\t\t\t<\/div>\n\t\t<\/div>\n\t\t\t\t\t<\/div>\n\t\t<\/section>\n\t\t\t\t<\/div>\n\t\t","protected":false},"excerpt":{"rendered":"<p>ENHORABONA! TENIR CURA DE LA TERRA T\u00c9 PREMI! Enhorabona! Heu completat l&#8217;itinerari n\u00famero 2 de la gimcana digital Re-Reus i us heu convertit en eco-agents! Ara ja sou capa\u00e7os d&#8217;aportar el vostre granet de sorra per aconseguir els objectius vinculats als ODS de Reus 2030. A part de la col\u00b7lecci\u00f3 de cromos, el premi tamb\u00e9 [&hellip;]<\/p>\n","protected":false},"author":12,"featured_media":0,"parent":0,"menu_order":0,"comment_status":"closed","ping_status":"closed","template":"","meta":{"_acf_changed":false,"footnotes":""},"class_list":["post-10602","page","type-page","status-publish","hentry"],"acf":[],"yoast_head":"<!-- This site is optimized with the Yoast SEO plugin v25.1 - https:\/\/yoast.com\/wordpress\/plugins\/seo\/ -->\n<title>ODS_R2_06_Final - Senderisme i Enoturisme a Catalunya<\/title>\n<meta name=\"robots\" content=\"index, follow, max-snippet:-1, max-image-preview:large, max-video-preview:-1\" \/>\n<link rel=\"canonical\" href=\"https:\/\/elbrogit.com\/ca\/ods_r2_06_final\/\" \/>\n<meta property=\"og:locale\" content=\"ca_ES\" \/>\n<meta property=\"og:type\" content=\"article\" \/>\n<meta property=\"og:title\" content=\"ODS_R2_06_Final - Senderisme i Enoturisme a Catalunya\" \/>\n<meta property=\"og:description\" content=\"ENHORABONA! TENIR CURA DE LA TERRA T\u00c9 PREMI! Enhorabona! Heu completat l&#8217;itinerari n\u00famero 2 de la gimcana digital Re-Reus i us heu convertit en eco-agents! Ara ja sou capa\u00e7os d&#8217;aportar el vostre granet de sorra per aconseguir els objectius vinculats als ODS de Reus 2030. A part de la col\u00b7lecci\u00f3 de cromos, el premi tamb\u00e9 [&hellip;]\" \/>\n<meta property=\"og:url\" content=\"https:\/\/elbrogit.com\/ca\/ods_r2_06_final\/\" \/>\n<meta property=\"og:site_name\" content=\"Senderisme i Enoturisme a Catalunya\" \/>\n<meta property=\"article:publisher\" content=\"http:\/\/www.facebook.com\/brogit.guiatges\" \/>\n<meta property=\"article:modified_time\" content=\"2023-07-11T09:53:24+00:00\" \/>\n<meta property=\"og:image\" content=\"https:\/\/elbrogit.com\/wp-content\/uploads\/FinalGimcana.jpg\" \/>\n<meta name=\"twitter:card\" content=\"summary_large_image\" \/>\n<meta name=\"twitter:site\" content=\"@elbrogit\" \/>\n<meta name=\"twitter:label1\" content=\"Temps estimat de lectura\" \/>\n\t<meta name=\"twitter:data1\" content=\"2 minuts\" \/>\n<script type=\"application\/ld+json\" class=\"yoast-schema-graph\">{\"@context\":\"https:\/\/schema.org\",\"@graph\":[{\"@type\":\"WebPage\",\"@id\":\"https:\/\/elbrogit.com\/ca\/ods_r2_06_final\/\",\"url\":\"https:\/\/elbrogit.com\/ca\/ods_r2_06_final\/\",\"name\":\"ODS_R2_06_Final - Senderisme i Enoturisme a Catalunya\",\"isPartOf\":{\"@id\":\"https:\/\/elbrogit.com\/ca\/#website\"},\"primaryImageOfPage\":{\"@id\":\"https:\/\/elbrogit.com\/ca\/ods_r2_06_final\/#primaryimage\"},\"image\":{\"@id\":\"https:\/\/elbrogit.com\/ca\/ods_r2_06_final\/#primaryimage\"},\"thumbnailUrl\":\"https:\/\/elbrogit.com\/wp-content\/uploads\/FinalGimcana.jpg\",\"datePublished\":\"2021-09-11T20:23:39+00:00\",\"dateModified\":\"2023-07-11T09:53:24+00:00\",\"breadcrumb\":{\"@id\":\"https:\/\/elbrogit.com\/ca\/ods_r2_06_final\/#breadcrumb\"},\"inLanguage\":\"ca\",\"potentialAction\":[{\"@type\":\"ReadAction\",\"target\":[\"https:\/\/elbrogit.com\/ca\/ods_r2_06_final\/\"]}]},{\"@type\":\"ImageObject\",\"inLanguage\":\"ca\",\"@id\":\"https:\/\/elbrogit.com\/ca\/ods_r2_06_final\/#primaryimage\",\"url\":\"https:\/\/elbrogit.com\/wp-content\/uploads\/FinalGimcana.jpg\",\"contentUrl\":\"https:\/\/elbrogit.com\/wp-content\/uploads\/FinalGimcana.jpg\"},{\"@type\":\"BreadcrumbList\",\"@id\":\"https:\/\/elbrogit.com\/ca\/ods_r2_06_final\/#breadcrumb\",\"itemListElement\":[{\"@type\":\"ListItem\",\"position\":1,\"name\":\"Home\",\"item\":\"https:\/\/elbrogit.com\/ca\/\"},{\"@type\":\"ListItem\",\"position\":2,\"name\":\"ODS_R2_06_Final\"}]},{\"@type\":\"WebSite\",\"@id\":\"https:\/\/elbrogit.com\/ca\/#website\",\"url\":\"https:\/\/elbrogit.com\/ca\/\",\"name\":\"Senderisme i Enoturisme a Catalunya\",\"description\":\"Ecotourism, walking, wine tourism and cultural holidays in Catalonia\",\"publisher\":{\"@id\":\"https:\/\/elbrogit.com\/ca\/#organization\"},\"potentialAction\":[{\"@type\":\"SearchAction\",\"target\":{\"@type\":\"EntryPoint\",\"urlTemplate\":\"https:\/\/elbrogit.com\/ca\/?s={search_term_string}\"},\"query-input\":{\"@type\":\"PropertyValueSpecification\",\"valueRequired\":true,\"valueName\":\"search_term_string\"}}],\"inLanguage\":\"ca\"},{\"@type\":\"Organization\",\"@id\":\"https:\/\/elbrogit.com\/ca\/#organization\",\"name\":\"Senderisme i Enoturisme a Catalunya\",\"url\":\"https:\/\/elbrogit.com\/ca\/\",\"logo\":{\"@type\":\"ImageObject\",\"inLanguage\":\"ca\",\"@id\":\"https:\/\/elbrogit.com\/ca\/#\/schema\/logo\/image\/\",\"url\":\"https:\/\/elbrogit.com\/wp-content\/uploads\/cropped-LogoBrogitWeb.jpg\",\"contentUrl\":\"https:\/\/elbrogit.com\/wp-content\/uploads\/cropped-LogoBrogitWeb.jpg\",\"width\":161,\"height\":108,\"caption\":\"Senderisme i Enoturisme a Catalunya\"},\"image\":{\"@id\":\"https:\/\/elbrogit.com\/ca\/#\/schema\/logo\/image\/\"},\"sameAs\":[\"http:\/\/www.facebook.com\/brogit.guiatges\",\"https:\/\/x.com\/elbrogit\"]}]}<\/script>\n<!-- \/ Yoast SEO plugin. -->","yoast_head_json":{"title":"ODS_R2_06_Final - Senderisme i Enoturisme a Catalunya","robots":{"index":"index","follow":"follow","max-snippet":"max-snippet:-1","max-image-preview":"max-image-preview:large","max-video-preview":"max-video-preview:-1"},"canonical":"https:\/\/elbrogit.com\/ca\/ods_r2_06_final\/","og_locale":"ca_ES","og_type":"article","og_title":"ODS_R2_06_Final - Senderisme i Enoturisme a Catalunya","og_description":"ENHORABONA! TENIR CURA DE LA TERRA T\u00c9 PREMI! Enhorabona! Heu completat l&#8217;itinerari n\u00famero 2 de la gimcana digital Re-Reus i us heu convertit en eco-agents! Ara ja sou capa\u00e7os d&#8217;aportar el vostre granet de sorra per aconseguir els objectius vinculats als ODS de Reus 2030. A part de la col\u00b7lecci\u00f3 de cromos, el premi tamb\u00e9 [&hellip;]","og_url":"https:\/\/elbrogit.com\/ca\/ods_r2_06_final\/","og_site_name":"Senderisme i Enoturisme a Catalunya","article_publisher":"http:\/\/www.facebook.com\/brogit.guiatges","article_modified_time":"2023-07-11T09:53:24+00:00","og_image":[{"url":"https:\/\/elbrogit.com\/wp-content\/uploads\/FinalGimcana.jpg","type":"","width":"","height":""}],"twitter_card":"summary_large_image","twitter_site":"@elbrogit","twitter_misc":{"Temps estimat de lectura":"2 minuts"},"schema":{"@context":"https:\/\/schema.org","@graph":[{"@type":"WebPage","@id":"https:\/\/elbrogit.com\/ca\/ods_r2_06_final\/","url":"https:\/\/elbrogit.com\/ca\/ods_r2_06_final\/","name":"ODS_R2_06_Final - Senderisme i Enoturisme a Catalunya","isPartOf":{"@id":"https:\/\/elbrogit.com\/ca\/#website"},"primaryImageOfPage":{"@id":"https:\/\/elbrogit.com\/ca\/ods_r2_06_final\/#primaryimage"},"image":{"@id":"https:\/\/elbrogit.com\/ca\/ods_r2_06_final\/#primaryimage"},"thumbnailUrl":"https:\/\/elbrogit.com\/wp-content\/uploads\/FinalGimcana.jpg","datePublished":"2021-09-11T20:23:39+00:00","dateModified":"2023-07-11T09:53:24+00:00","breadcrumb":{"@id":"https:\/\/elbrogit.com\/ca\/ods_r2_06_final\/#breadcrumb"},"inLanguage":"ca","potentialAction":[{"@type":"ReadAction","target":["https:\/\/elbrogit.com\/ca\/ods_r2_06_final\/"]}]},{"@type":"ImageObject","inLanguage":"ca","@id":"https:\/\/elbrogit.com\/ca\/ods_r2_06_final\/#primaryimage","url":"https:\/\/elbrogit.com\/wp-content\/uploads\/FinalGimcana.jpg","contentUrl":"https:\/\/elbrogit.com\/wp-content\/uploads\/FinalGimcana.jpg"},{"@type":"BreadcrumbList","@id":"https:\/\/elbrogit.com\/ca\/ods_r2_06_final\/#breadcrumb","itemListElement":[{"@type":"ListItem","position":1,"name":"Home","item":"https:\/\/elbrogit.com\/ca\/"},{"@type":"ListItem","position":2,"name":"ODS_R2_06_Final"}]},{"@type":"WebSite","@id":"https:\/\/elbrogit.com\/ca\/#website","url":"https:\/\/elbrogit.com\/ca\/","name":"Senderisme i Enoturisme a Catalunya","description":"Ecotourism, walking, wine tourism and cultural holidays in Catalonia","publisher":{"@id":"https:\/\/elbrogit.com\/ca\/#organization"},"potentialAction":[{"@type":"SearchAction","target":{"@type":"EntryPoint","urlTemplate":"https:\/\/elbrogit.com\/ca\/?s={search_term_string}"},"query-input":{"@type":"PropertyValueSpecification","valueRequired":true,"valueName":"search_term_string"}}],"inLanguage":"ca"},{"@type":"Organization","@id":"https:\/\/elbrogit.com\/ca\/#organization","name":"Senderisme i Enoturisme a Catalunya","url":"https:\/\/elbrogit.com\/ca\/","logo":{"@type":"ImageObject","inLanguage":"ca","@id":"https:\/\/elbrogit.com\/ca\/#\/schema\/logo\/image\/","url":"https:\/\/elbrogit.com\/wp-content\/uploads\/cropped-LogoBrogitWeb.jpg","contentUrl":"https:\/\/elbrogit.com\/wp-content\/uploads\/cropped-LogoBrogitWeb.jpg","width":161,"height":108,"caption":"Senderisme i Enoturisme a Catalunya"},"image":{"@id":"https:\/\/elbrogit.com\/ca\/#\/schema\/logo\/image\/"},"sameAs":["http:\/\/www.facebook.com\/brogit.guiatges","https:\/\/x.com\/elbrogit"]}]}},"jetpack_sharing_enabled":true,"_links":{"self":[{"href":"https:\/\/elbrogit.com\/ca\/wp-json\/wp\/v2\/pages\/10602","targetHints":{"allow":["GET"]}}],"collection":[{"href":"https:\/\/elbrogit.com\/ca\/wp-json\/wp\/v2\/pages"}],"about":[{"href":"https:\/\/elbrogit.com\/ca\/wp-json\/wp\/v2\/types\/page"}],"author":[{"embeddable":true,"href":"https:\/\/elbrogit.com\/ca\/wp-json\/wp\/v2\/users\/12"}],"replies":[{"embeddable":true,"href":"https:\/\/elbrogit.com\/ca\/wp-json\/wp\/v2\/comments?post=10602"}],"version-history":[{"count":23,"href":"https:\/\/elbrogit.com\/ca\/wp-json\/wp\/v2\/pages\/10602\/revisions"}],"predecessor-version":[{"id":12220,"href":"https:\/\/elbrogit.com\/ca\/wp-json\/wp\/v2\/pages\/10602\/revisions\/12220"}],"wp:attachment":[{"href":"https:\/\/elbrogit.com\/ca\/wp-json\/wp\/v2\/media?parent=10602"}],"curies":[{"name":"wp","href":"https:\/\/api.w.org\/{rel}","templated":true}]}}