{"id":12801,"date":"2023-12-15T00:37:38","date_gmt":"2023-12-14T23:37:38","guid":{"rendered":"https:\/\/elbrogit.com\/regals-decoturisme-i-enoturisme\/"},"modified":"2024-11-30T09:50:16","modified_gmt":"2024-11-30T08:50:16","slug":"regals-decoturisme-i-enoturisme","status":"publish","type":"page","link":"https:\/\/elbrogit.com\/ca\/regals-decoturisme-i-enoturisme\/","title":{"rendered":"Regals d&#8217;Ecoturisme i Enoturisme"},"content":{"rendered":"\t\t<div data-elementor-type=\"wp-page\" data-elementor-id=\"12801\" class=\"elementor elementor-12801 elementor-12762\" data-elementor-post-type=\"page\">\n\t\t\t\t\t\t<section data-particle_enable=\"false\" data-particle-mobile-disabled=\"false\" class=\"elementor-section elementor-top-section elementor-element elementor-element-bd996dc elementor-section-boxed elementor-section-height-default elementor-section-height-default\" data-id=\"bd996dc\" data-element_type=\"section\">\n\t\t\t\t\t\t<div class=\"elementor-container elementor-column-gap-default\">\n\t\t\t\t\t<div class=\"elementor-column elementor-col-100 elementor-top-column elementor-element elementor-element-a3f9fc1\" data-id=\"a3f9fc1\" data-element_type=\"column\">\n\t\t\t<div class=\"elementor-widget-wrap elementor-element-populated\">\n\t\t\t\t\t\t<div class=\"elementor-element elementor-element-6823f0e elementor-position-top elementor-widget elementor-widget-image-box\" data-id=\"6823f0e\" data-element_type=\"widget\" data-widget_type=\"image-box.default\">\n\t\t\t\t<div class=\"elementor-widget-container\">\n\t\t\t\t\t<div class=\"elementor-image-box-wrapper\"><figure class=\"elementor-image-box-img\"><img fetchpriority=\"high\" decoding=\"async\" width=\"800\" height=\"367\" src=\"https:\/\/elbrogit.com\/wp-content\/uploads\/TargetaRegalFH-1024x470.png\" class=\"attachment-large size-large wp-image-12803\" alt=\"Regals d&#039;ecoturisme, senderisme i enoturisme\" srcset=\"https:\/\/elbrogit.com\/wp-content\/uploads\/TargetaRegalFH-1024x470.png 1024w, https:\/\/elbrogit.com\/wp-content\/uploads\/TargetaRegalFH-300x138.png 300w, https:\/\/elbrogit.com\/wp-content\/uploads\/TargetaRegalFH-600x275.png 600w, https:\/\/elbrogit.com\/wp-content\/uploads\/TargetaRegalFH-768x352.png 768w, https:\/\/elbrogit.com\/wp-content\/uploads\/TargetaRegalFH-1536x705.png 1536w, https:\/\/elbrogit.com\/wp-content\/uploads\/TargetaRegalFH.png 1811w\" sizes=\"(max-width: 800px) 100vw, 800px\" \/><\/figure><div class=\"elementor-image-box-content\"><h3 class=\"elementor-image-box-title\">Regala experi\u00e8ncies que transformen d'ecoturisme i enoturisme<\/h3><\/div><\/div>\t\t\t\t<\/div>\n\t\t\t\t<\/div>\n\t\t\t\t<div class=\"elementor-element elementor-element-9a27f1a elementor-widget elementor-widget-text-editor\" data-id=\"9a27f1a\" data-element_type=\"widget\" data-widget_type=\"text-editor.default\">\n\t\t\t\t<div class=\"elementor-widget-container\">\n\t\t\t\t\t\t\t\t\t<p>Vols sorprendre amb un <strong>regal diferent i ple de significat?<\/strong> Potser perqu\u00e8 \u00e9s Nadal, o perqu\u00e8 \u00e9s el seu aniversari o sols perqu\u00e8 tens ganes de fer un regal especial a la teva parella, grup d&#8217;amics, fam\u00edlia,&#8230; Doncs has arribat al lloc indicat! Les nostres activitats d\u2019ecoturisme i enoturisme s\u00f3n molt m\u00e9s que moments per recordar: <strong>s\u00f3n una inversi\u00f3 en benestar personal i en el futur del territori.\u00a0<\/strong><\/p><p>Regalar una experi\u00e8ncia sostenible significa <strong>contribuir directament a preservar els paisatges naturals que ens envolten i a enfortir l\u2019economia local.<\/strong> Amb El Brogit, els teus regals ajuden a donar suport als petits productors del camp: cellers, molins d\u2019oli, apicultors i pastors que mantenen vives tradicions ancestrals i aposten pel consum de proximitat.<\/p><p>Les nostres activitats promouen la <strong>connexi\u00f3 amb la natura i la cultura local, oferint moments de desconnexi\u00f3 i serenor.<\/strong> Des d\u2019un bany de bosc per carregar energia fins a una ruta de vins per descobrir l\u2019ess\u00e8ncia del Priorat, cada experi\u00e8ncia \u00e9s una oportunitat per millorar la salut f\u00edsica i emocional mentre es construeixen <strong>relacions aut\u00e8ntiques amb la gent del territori.<\/strong><\/p><p>Per aix\u00f2 et proposem trencar amb la rutina dels regals materials i aposta per opcions amb valor afegit. Regala natura, regala cultura, regala vida. Amb El Brogit, <strong>fes que les teves celebracions siguin inoblidables i responsables.<\/strong><\/p>\t\t\t\t\t\t\t\t<\/div>\n\t\t\t\t<\/div>\n\t\t\t\t\t<\/div>\n\t\t<\/div>\n\t\t\t\t\t<\/div>\n\t\t<\/section>\n\t\t\t\t<section data-particle_enable=\"false\" data-particle-mobile-disabled=\"false\" class=\"elementor-section elementor-top-section elementor-element elementor-element-6a8fce1 elementor-section-boxed elementor-section-height-default elementor-section-height-default\" data-id=\"6a8fce1\" data-element_type=\"section\">\n\t\t\t\t\t\t<div class=\"elementor-container elementor-column-gap-default\">\n\t\t\t\t\t<div class=\"elementor-column elementor-col-100 elementor-top-column elementor-element elementor-element-84e79e0\" data-id=\"84e79e0\" data-element_type=\"column\">\n\t\t\t<div class=\"elementor-widget-wrap elementor-element-populated\">\n\t\t\t\t\t\t<div class=\"elementor-element elementor-element-662b8e6 elementor-widget elementor-widget-html\" data-id=\"662b8e6\" data-element_type=\"widget\" data-widget_type=\"html.default\">\n\t\t\t\t<div class=\"elementor-widget-container\">\n\t\t\t\t\t<!-- FareHarbor item grid of flow #1088900 -->\n<script src=\"https:\/\/fareharbor.com\/embeds\/script\/items\/elbrogit\/?full-items=yes&fallback=simple&flow=1088900&language=ca\"><\/script>\t\t\t\t<\/div>\n\t\t\t\t<\/div>\n\t\t\t\t\t<\/div>\n\t\t<\/div>\n\t\t\t\t\t<\/div>\n\t\t<\/section>\n\t\t\t\t<section data-particle_enable=\"false\" data-particle-mobile-disabled=\"false\" class=\"elementor-section elementor-top-section elementor-element elementor-element-a7140c9 elementor-section-boxed elementor-section-height-default elementor-section-height-default\" data-id=\"a7140c9\" data-element_type=\"section\">\n\t\t\t\t\t\t<div class=\"elementor-container elementor-column-gap-default\">\n\t\t\t\t\t<div class=\"elementor-column elementor-col-100 elementor-top-column elementor-element elementor-element-0055f2d\" data-id=\"0055f2d\" data-element_type=\"column\">\n\t\t\t<div class=\"elementor-widget-wrap\">\n\t\t\t\t\t\t\t<\/div>\n\t\t<\/div>\n\t\t\t\t\t<\/div>\n\t\t<\/section>\n\t\t\t\t<\/div>\n\t\t","protected":false},"excerpt":{"rendered":"<p>Regala experi\u00e8ncies que transformen d&#8217;ecoturisme i enoturisme Vols sorprendre amb un regal diferent i ple de significat? Potser perqu\u00e8 \u00e9s Nadal, o perqu\u00e8 \u00e9s el seu aniversari o sols perqu\u00e8 tens ganes de fer un regal especial a la teva parella, grup d&#8217;amics, fam\u00edlia,&#8230; Doncs has arribat al lloc indicat! Les nostres activitats d\u2019ecoturisme i [&hellip;]<\/p>\n","protected":false},"author":1,"featured_media":0,"parent":0,"menu_order":0,"comment_status":"closed","ping_status":"closed","template":"","meta":{"_acf_changed":false,"footnotes":""},"class_list":["post-12801","page","type-page","status-publish","hentry"],"acf":[],"yoast_head":"<!-- This site is optimized with the Yoast SEO plugin v25.1 - https:\/\/yoast.com\/wordpress\/plugins\/seo\/ -->\n<title>Regals d&#039;Ecoturisme i Enoturisme - Senderisme i Enoturisme a Catalunya<\/title>\n<meta name=\"description\" content=\"Contacteu-nos per regals a mida d&#039;activitats i escapades d&#039;enoturisme i ecoturisme a Catalunya!\" \/>\n<meta name=\"robots\" content=\"index, follow, max-snippet:-1, max-image-preview:large, max-video-preview:-1\" \/>\n<link rel=\"canonical\" href=\"https:\/\/elbrogit.com\/ca\/regals-decoturisme-i-enoturisme\/\" \/>\n<meta property=\"og:locale\" content=\"ca_ES\" \/>\n<meta property=\"og:type\" content=\"article\" \/>\n<meta property=\"og:title\" content=\"Regals a mida d&#039;ecoturisme i enoturisme\" \/>\n<meta property=\"og:description\" content=\"Contacteu-nos per regals a mida d&#039;activitats i escapades d&#039;enoturisme i ecoturisme a Catalunya!\" \/>\n<meta property=\"og:url\" content=\"https:\/\/elbrogit.com\/ca\/regals-decoturisme-i-enoturisme\/\" \/>\n<meta property=\"og:site_name\" content=\"Senderisme i Enoturisme a Catalunya\" \/>\n<meta property=\"article:publisher\" content=\"http:\/\/www.facebook.com\/brogit.guiatges\" \/>\n<meta property=\"article:modified_time\" content=\"2024-11-30T08:50:16+00:00\" \/>\n<meta property=\"og:image\" content=\"https:\/\/elbrogit.com\/wp-content\/uploads\/TargetaRegalFH.png\" \/>\n\t<meta property=\"og:image:width\" content=\"1811\" \/>\n\t<meta property=\"og:image:height\" content=\"831\" \/>\n\t<meta property=\"og:image:type\" content=\"image\/png\" \/>\n<meta name=\"twitter:card\" content=\"summary_large_image\" \/>\n<meta name=\"twitter:title\" content=\"Regals d&#039;Ecoturisme i Enoturisme\" \/>\n<meta name=\"twitter:description\" content=\"Contacteu-nos per regals a mida d&#039;activitats i escapades d&#039;enoturisme i ecoturisme a Catalunya!\" \/>\n<meta name=\"twitter:site\" content=\"@elbrogit\" \/>\n<meta name=\"twitter:label1\" content=\"Temps estimat de lectura\" \/>\n\t<meta name=\"twitter:data1\" content=\"2 minuts\" \/>\n<script type=\"application\/ld+json\" class=\"yoast-schema-graph\">{\"@context\":\"https:\/\/schema.org\",\"@graph\":[{\"@type\":\"WebPage\",\"@id\":\"https:\/\/elbrogit.com\/ca\/regals-decoturisme-i-enoturisme\/\",\"url\":\"https:\/\/elbrogit.com\/ca\/regals-decoturisme-i-enoturisme\/\",\"name\":\"Regals d'Ecoturisme i Enoturisme - Senderisme i Enoturisme a Catalunya\",\"isPartOf\":{\"@id\":\"https:\/\/elbrogit.com\/ca\/#website\"},\"primaryImageOfPage\":{\"@id\":\"https:\/\/elbrogit.com\/ca\/regals-decoturisme-i-enoturisme\/#primaryimage\"},\"image\":{\"@id\":\"https:\/\/elbrogit.com\/ca\/regals-decoturisme-i-enoturisme\/#primaryimage\"},\"thumbnailUrl\":\"https:\/\/elbrogit.com\/wp-content\/uploads\/TargetaRegalFH-1024x470.png\",\"datePublished\":\"2023-12-14T23:37:38+00:00\",\"dateModified\":\"2024-11-30T08:50:16+00:00\",\"description\":\"Contacteu-nos per regals a mida d'activitats i escapades d'enoturisme i ecoturisme a Catalunya!\",\"breadcrumb\":{\"@id\":\"https:\/\/elbrogit.com\/ca\/regals-decoturisme-i-enoturisme\/#breadcrumb\"},\"inLanguage\":\"ca\",\"potentialAction\":[{\"@type\":\"ReadAction\",\"target\":[\"https:\/\/elbrogit.com\/ca\/regals-decoturisme-i-enoturisme\/\"]}]},{\"@type\":\"ImageObject\",\"inLanguage\":\"ca\",\"@id\":\"https:\/\/elbrogit.com\/ca\/regals-decoturisme-i-enoturisme\/#primaryimage\",\"url\":\"https:\/\/elbrogit.com\/wp-content\/uploads\/TargetaRegalFH-1024x470.png\",\"contentUrl\":\"https:\/\/elbrogit.com\/wp-content\/uploads\/TargetaRegalFH-1024x470.png\"},{\"@type\":\"BreadcrumbList\",\"@id\":\"https:\/\/elbrogit.com\/ca\/regals-decoturisme-i-enoturisme\/#breadcrumb\",\"itemListElement\":[{\"@type\":\"ListItem\",\"position\":1,\"name\":\"Home\",\"item\":\"https:\/\/elbrogit.com\/ca\/\"},{\"@type\":\"ListItem\",\"position\":2,\"name\":\"Regals d&#8217;Ecoturisme i Enoturisme\"}]},{\"@type\":\"WebSite\",\"@id\":\"https:\/\/elbrogit.com\/ca\/#website\",\"url\":\"https:\/\/elbrogit.com\/ca\/\",\"name\":\"Senderisme i Enoturisme a Catalunya\",\"description\":\"Ecotourism, walking, wine tourism and cultural holidays in Catalonia\",\"publisher\":{\"@id\":\"https:\/\/elbrogit.com\/ca\/#organization\"},\"potentialAction\":[{\"@type\":\"SearchAction\",\"target\":{\"@type\":\"EntryPoint\",\"urlTemplate\":\"https:\/\/elbrogit.com\/ca\/?s={search_term_string}\"},\"query-input\":{\"@type\":\"PropertyValueSpecification\",\"valueRequired\":true,\"valueName\":\"search_term_string\"}}],\"inLanguage\":\"ca\"},{\"@type\":\"Organization\",\"@id\":\"https:\/\/elbrogit.com\/ca\/#organization\",\"name\":\"Senderisme i Enoturisme a Catalunya\",\"url\":\"https:\/\/elbrogit.com\/ca\/\",\"logo\":{\"@type\":\"ImageObject\",\"inLanguage\":\"ca\",\"@id\":\"https:\/\/elbrogit.com\/ca\/#\/schema\/logo\/image\/\",\"url\":\"https:\/\/elbrogit.com\/wp-content\/uploads\/cropped-LogoBrogitWeb.jpg\",\"contentUrl\":\"https:\/\/elbrogit.com\/wp-content\/uploads\/cropped-LogoBrogitWeb.jpg\",\"width\":161,\"height\":108,\"caption\":\"Senderisme i Enoturisme a Catalunya\"},\"image\":{\"@id\":\"https:\/\/elbrogit.com\/ca\/#\/schema\/logo\/image\/\"},\"sameAs\":[\"http:\/\/www.facebook.com\/brogit.guiatges\",\"https:\/\/x.com\/elbrogit\"]}]}<\/script>\n<!-- \/ Yoast SEO plugin. -->","yoast_head_json":{"title":"Regals d'Ecoturisme i Enoturisme - Senderisme i Enoturisme a Catalunya","description":"Contacteu-nos per regals a mida d'activitats i escapades d'enoturisme i ecoturisme a Catalunya!","robots":{"index":"index","follow":"follow","max-snippet":"max-snippet:-1","max-image-preview":"max-image-preview:large","max-video-preview":"max-video-preview:-1"},"canonical":"https:\/\/elbrogit.com\/ca\/regals-decoturisme-i-enoturisme\/","og_locale":"ca_ES","og_type":"article","og_title":"Regals a mida d'ecoturisme i enoturisme","og_description":"Contacteu-nos per regals a mida d'activitats i escapades d'enoturisme i ecoturisme a Catalunya!","og_url":"https:\/\/elbrogit.com\/ca\/regals-decoturisme-i-enoturisme\/","og_site_name":"Senderisme i Enoturisme a Catalunya","article_publisher":"http:\/\/www.facebook.com\/brogit.guiatges","article_modified_time":"2024-11-30T08:50:16+00:00","og_image":[{"width":1811,"height":831,"url":"https:\/\/elbrogit.com\/wp-content\/uploads\/TargetaRegalFH.png","type":"image\/png"}],"twitter_card":"summary_large_image","twitter_title":"Regals d'Ecoturisme i Enoturisme","twitter_description":"Contacteu-nos per regals a mida d'activitats i escapades d'enoturisme i ecoturisme a Catalunya!","twitter_site":"@elbrogit","twitter_misc":{"Temps estimat de lectura":"2 minuts"},"schema":{"@context":"https:\/\/schema.org","@graph":[{"@type":"WebPage","@id":"https:\/\/elbrogit.com\/ca\/regals-decoturisme-i-enoturisme\/","url":"https:\/\/elbrogit.com\/ca\/regals-decoturisme-i-enoturisme\/","name":"Regals d'Ecoturisme i Enoturisme - Senderisme i Enoturisme a Catalunya","isPartOf":{"@id":"https:\/\/elbrogit.com\/ca\/#website"},"primaryImageOfPage":{"@id":"https:\/\/elbrogit.com\/ca\/regals-decoturisme-i-enoturisme\/#primaryimage"},"image":{"@id":"https:\/\/elbrogit.com\/ca\/regals-decoturisme-i-enoturisme\/#primaryimage"},"thumbnailUrl":"https:\/\/elbrogit.com\/wp-content\/uploads\/TargetaRegalFH-1024x470.png","datePublished":"2023-12-14T23:37:38+00:00","dateModified":"2024-11-30T08:50:16+00:00","description":"Contacteu-nos per regals a mida d'activitats i escapades d'enoturisme i ecoturisme a Catalunya!","breadcrumb":{"@id":"https:\/\/elbrogit.com\/ca\/regals-decoturisme-i-enoturisme\/#breadcrumb"},"inLanguage":"ca","potentialAction":[{"@type":"ReadAction","target":["https:\/\/elbrogit.com\/ca\/regals-decoturisme-i-enoturisme\/"]}]},{"@type":"ImageObject","inLanguage":"ca","@id":"https:\/\/elbrogit.com\/ca\/regals-decoturisme-i-enoturisme\/#primaryimage","url":"https:\/\/elbrogit.com\/wp-content\/uploads\/TargetaRegalFH-1024x470.png","contentUrl":"https:\/\/elbrogit.com\/wp-content\/uploads\/TargetaRegalFH-1024x470.png"},{"@type":"BreadcrumbList","@id":"https:\/\/elbrogit.com\/ca\/regals-decoturisme-i-enoturisme\/#breadcrumb","itemListElement":[{"@type":"ListItem","position":1,"name":"Home","item":"https:\/\/elbrogit.com\/ca\/"},{"@type":"ListItem","position":2,"name":"Regals d&#8217;Ecoturisme i Enoturisme"}]},{"@type":"WebSite","@id":"https:\/\/elbrogit.com\/ca\/#website","url":"https:\/\/elbrogit.com\/ca\/","name":"Senderisme i Enoturisme a Catalunya","description":"Ecotourism, walking, wine tourism and cultural holidays in Catalonia","publisher":{"@id":"https:\/\/elbrogit.com\/ca\/#organization"},"potentialAction":[{"@type":"SearchAction","target":{"@type":"EntryPoint","urlTemplate":"https:\/\/elbrogit.com\/ca\/?s={search_term_string}"},"query-input":{"@type":"PropertyValueSpecification","valueRequired":true,"valueName":"search_term_string"}}],"inLanguage":"ca"},{"@type":"Organization","@id":"https:\/\/elbrogit.com\/ca\/#organization","name":"Senderisme i Enoturisme a Catalunya","url":"https:\/\/elbrogit.com\/ca\/","logo":{"@type":"ImageObject","inLanguage":"ca","@id":"https:\/\/elbrogit.com\/ca\/#\/schema\/logo\/image\/","url":"https:\/\/elbrogit.com\/wp-content\/uploads\/cropped-LogoBrogitWeb.jpg","contentUrl":"https:\/\/elbrogit.com\/wp-content\/uploads\/cropped-LogoBrogitWeb.jpg","width":161,"height":108,"caption":"Senderisme i Enoturisme a Catalunya"},"image":{"@id":"https:\/\/elbrogit.com\/ca\/#\/schema\/logo\/image\/"},"sameAs":["http:\/\/www.facebook.com\/brogit.guiatges","https:\/\/x.com\/elbrogit"]}]}},"jetpack_sharing_enabled":true,"_links":{"self":[{"href":"https:\/\/elbrogit.com\/ca\/wp-json\/wp\/v2\/pages\/12801","targetHints":{"allow":["GET"]}}],"collection":[{"href":"https:\/\/elbrogit.com\/ca\/wp-json\/wp\/v2\/pages"}],"about":[{"href":"https:\/\/elbrogit.com\/ca\/wp-json\/wp\/v2\/types\/page"}],"author":[{"embeddable":true,"href":"https:\/\/elbrogit.com\/ca\/wp-json\/wp\/v2\/users\/1"}],"replies":[{"embeddable":true,"href":"https:\/\/elbrogit.com\/ca\/wp-json\/wp\/v2\/comments?post=12801"}],"version-history":[{"count":7,"href":"https:\/\/elbrogit.com\/ca\/wp-json\/wp\/v2\/pages\/12801\/revisions"}],"predecessor-version":[{"id":13617,"href":"https:\/\/elbrogit.com\/ca\/wp-json\/wp\/v2\/pages\/12801\/revisions\/13617"}],"wp:attachment":[{"href":"https:\/\/elbrogit.com\/ca\/wp-json\/wp\/v2\/media?parent=12801"}],"curies":[{"name":"wp","href":"https:\/\/api.w.org\/{rel}","templated":true}]}}