{"id":6763,"date":"2020-09-08T13:33:34","date_gmt":"2020-09-08T11:33:34","guid":{"rendered":"https:\/\/elbrogit.com\/recomanacions-per-gaudir-de-el-brogit-de-la-vall\/"},"modified":"2020-09-08T13:34:27","modified_gmt":"2020-09-08T11:34:27","slug":"recomanacions-brogit-de-la-vall","status":"publish","type":"page","link":"https:\/\/elbrogit.com\/ca\/recomanacions-brogit-de-la-vall\/","title":{"rendered":"Recomanacions per gaudir de El Brogit de la Vall"},"content":{"rendered":"\t\t<div data-elementor-type=\"wp-page\" data-elementor-id=\"6763\" class=\"elementor elementor-6763 elementor-227\" data-elementor-post-type=\"page\">\n\t\t\t\t\t\t<section data-particle_enable=\"false\" data-particle-mobile-disabled=\"false\" class=\"elementor-section elementor-top-section elementor-element elementor-element-3610191c elementor-section-boxed elementor-section-height-default elementor-section-height-default\" data-id=\"3610191c\" data-element_type=\"section\">\n\t\t\t\t\t\t<div class=\"elementor-container elementor-column-gap-default\">\n\t\t\t\t\t<div class=\"elementor-column elementor-col-50 elementor-top-column elementor-element elementor-element-6dd43400\" data-id=\"6dd43400\" data-element_type=\"column\">\n\t\t\t<div class=\"elementor-widget-wrap elementor-element-populated\">\n\t\t\t\t\t\t<div class=\"elementor-element elementor-element-8502524 elementor-widget elementor-widget-heading\" data-id=\"8502524\" data-element_type=\"widget\" data-widget_type=\"heading.default\">\n\t\t\t\t<div class=\"elementor-widget-container\">\n\t\t\t\t\t<h2 class=\"elementor-heading-title elementor-size-default\">Recomanacions per gaudir de El Brogit de la Vall<\/h2>\t\t\t\t<\/div>\n\t\t\t\t<\/div>\n\t\t\t\t<div class=\"elementor-element elementor-element-31289559 elementor-widget elementor-widget-text-editor\" data-id=\"31289559\" data-element_type=\"widget\" data-widget_type=\"text-editor.default\">\n\t\t\t\t<div class=\"elementor-widget-container\">\n\t\t\t\t\t\t\t\t\t<ul>\n<li>Tenir una preparaci\u00f3 f\u00edsica adequada al recorregut, 70 km, amb un desnivell acumulat de 2.820m.<\/li>\n<li>Portar cal\u00e7at de muntanya (preferentment impermeable).<\/li>\n<li>Roba adient segons l\u2019\u00e8poca de l\u2019any: capelina, crema solar, sac de dormir.<\/li>\n<li>Controlar la previsi\u00f3 meteorol\u00f2gica i anar preparats.<\/li>\n<li>S\u2019ha de sortir de cada allotjament amb la provisi\u00f3 suficient de menjar i aigua, ja que el clima mediterrani, propi de la zona, condiciona un r\u00e8gim estacional de les fonts.<\/li>\n<\/ul>\n<p>Finalment cal tenir en compte que l\u2019itinerari recorre un espai natural protegit d\u2019alt valor ecol\u00f2gic i paisatg\u00edstic i que s\u00f3n aquests trets el que el fan atractiu. \u00c9s per aix\u00f2 que donem alguns consells per tal que l\u2019itinerari i el seu entorn es mantinguin tal com ens el trobem:<\/p>\n<ul>\n<li>Respecta l\u2019entorn per on passes, \u00e9s l\u2019\u00fanica manera que es conservi l\u2019indret per tal que ho gaudeixin les generacions futures.<\/li>\n<li>Nom\u00e9s deixa la teva petjada.<\/li>\n<li>Tira fotografies, per\u00f2 no agafis ni arrenquis plantes de fora del cam\u00ed ni llencis brossa.<\/li>\n<li>Segueix sempre pel cam\u00ed, \u00e9s la millora manera de molestar el m\u00ednim a les comunitats vegetals i animals que habiten l\u2019entorn.<\/li>\n<\/ul>\n\t\t\t\t\t\t\t\t<\/div>\n\t\t\t\t<\/div>\n\t\t\t\t\t<\/div>\n\t\t<\/div>\n\t\t\t\t<div class=\"elementor-column elementor-col-25 elementor-top-column elementor-element elementor-element-273c2488\" data-id=\"273c2488\" data-element_type=\"column\">\n\t\t\t<div class=\"elementor-widget-wrap elementor-element-populated\">\n\t\t\t\t\t\t<div class=\"elementor-element elementor-element-22d347ef elementor-align-center elementor-widget elementor-widget-button\" data-id=\"22d347ef\" data-element_type=\"widget\" data-widget_type=\"button.default\">\n\t\t\t\t<div class=\"elementor-widget-container\">\n\t\t\t\t\t\t\t\t\t<div class=\"elementor-button-wrapper\">\n\t\t\t\t\t<a class=\"elementor-button elementor-button-link elementor-size-sm\" href=\"https:\/\/www.elbrogit.com\/ca\/introduccio-el-brogit-de-la-vall\/\">\n\t\t\t\t\t\t<span class=\"elementor-button-content-wrapper\">\n\t\t\t\t\t\t\t\t\t<span class=\"elementor-button-text\">Introducci\u00f3<\/span>\n\t\t\t\t\t<\/span>\n\t\t\t\t\t<\/a>\n\t\t\t\t<\/div>\n\t\t\t\t\t\t\t\t<\/div>\n\t\t\t\t<\/div>\n\t\t\t\t<div class=\"elementor-element elementor-element-32788856 elementor-align-center elementor-widget elementor-widget-button\" data-id=\"32788856\" data-element_type=\"widget\" data-widget_type=\"button.default\">\n\t\t\t\t<div class=\"elementor-widget-container\">\n\t\t\t\t\t\t\t\t\t<div class=\"elementor-button-wrapper\">\n\t\t\t\t\t<a class=\"elementor-button elementor-button-link elementor-size-sm\" href=\"https:\/\/www.elbrogit.com\/ca\/la-vall-del-riu-brugent\/\">\n\t\t\t\t\t\t<span class=\"elementor-button-content-wrapper\">\n\t\t\t\t\t\t\t\t\t<span class=\"elementor-button-text\">La Vall del Brugent<\/span>\n\t\t\t\t\t<\/span>\n\t\t\t\t\t<\/a>\n\t\t\t\t<\/div>\n\t\t\t\t\t\t\t\t<\/div>\n\t\t\t\t<\/div>\n\t\t\t\t<div class=\"elementor-element elementor-element-17278f49 elementor-align-center elementor-widget elementor-widget-button\" data-id=\"17278f49\" data-element_type=\"widget\" data-widget_type=\"button.default\">\n\t\t\t\t<div class=\"elementor-widget-container\">\n\t\t\t\t\t\t\t\t\t<div class=\"elementor-button-wrapper\">\n\t\t\t\t\t<a class=\"elementor-button elementor-button-link elementor-size-sm\" href=\"https:\/\/www.elbrogit.com\/ca\/ruta-el-brogit-de-la-vall\/\">\n\t\t\t\t\t\t<span class=\"elementor-button-content-wrapper\">\n\t\t\t\t\t\t\t\t\t<span class=\"elementor-button-text\">L'itinerari per la vall<\/span>\n\t\t\t\t\t<\/span>\n\t\t\t\t\t<\/a>\n\t\t\t\t<\/div>\n\t\t\t\t\t\t\t\t<\/div>\n\t\t\t\t<\/div>\n\t\t\t\t<div class=\"elementor-element elementor-element-7b12c212 elementor-align-center elementor-widget elementor-widget-button\" data-id=\"7b12c212\" data-element_type=\"widget\" data-widget_type=\"button.default\">\n\t\t\t\t<div class=\"elementor-widget-container\">\n\t\t\t\t\t\t\t\t\t<div class=\"elementor-button-wrapper\">\n\t\t\t\t\t<a class=\"elementor-button elementor-button-link elementor-size-sm\" href=\"https:\/\/www.elbrogit.com\/ca\/mapa-brugent-prades\/\">\n\t\t\t\t\t\t<span class=\"elementor-button-content-wrapper\">\n\t\t\t\t\t\t\t\t\t<span class=\"elementor-button-text\">Mapa i localitzaci\u00f3<\/span>\n\t\t\t\t\t<\/span>\n\t\t\t\t\t<\/a>\n\t\t\t\t<\/div>\n\t\t\t\t\t\t\t\t<\/div>\n\t\t\t\t<\/div>\n\t\t\t\t<div class=\"elementor-element elementor-element-51d7c27 elementor-align-center elementor-widget elementor-widget-button\" data-id=\"51d7c27\" data-element_type=\"widget\" data-widget_type=\"button.default\">\n\t\t\t\t<div class=\"elementor-widget-container\">\n\t\t\t\t\t\t\t\t\t<div class=\"elementor-button-wrapper\">\n\t\t\t\t\t<a class=\"elementor-button elementor-button-link elementor-size-sm\" href=\"https:\/\/www.elbrogit.com\/ca\/etapes-el-brogit-de-la-vall\/\">\n\t\t\t\t\t\t<span class=\"elementor-button-content-wrapper\">\n\t\t\t\t\t\t\t\t\t<span class=\"elementor-button-text\">Etapes de El Brogit de la Vall<\/span>\n\t\t\t\t\t<\/span>\n\t\t\t\t\t<\/a>\n\t\t\t\t<\/div>\n\t\t\t\t\t\t\t\t<\/div>\n\t\t\t\t<\/div>\n\t\t\t\t<div class=\"elementor-element elementor-element-2a5bd75f elementor-align-center elementor-widget elementor-widget-button\" data-id=\"2a5bd75f\" data-element_type=\"widget\" data-widget_type=\"button.default\">\n\t\t\t\t<div class=\"elementor-widget-container\">\n\t\t\t\t\t\t\t\t\t<div class=\"elementor-button-wrapper\">\n\t\t\t\t\t<a class=\"elementor-button elementor-button-link elementor-size-sm\" href=\"https:\/\/www.elbrogit.com\/ca\/recomanacions-brogit-de-la-vall\/\">\n\t\t\t\t\t\t<span class=\"elementor-button-content-wrapper\">\n\t\t\t\t\t\t\t\t\t<span class=\"elementor-button-text\">Consells abans de fer la caminada<\/span>\n\t\t\t\t\t<\/span>\n\t\t\t\t\t<\/a>\n\t\t\t\t<\/div>\n\t\t\t\t\t\t\t\t<\/div>\n\t\t\t\t<\/div>\n\t\t\t\t<div class=\"elementor-element elementor-element-43974597 elementor-align-center elementor-widget elementor-widget-button\" data-id=\"43974597\" data-element_type=\"widget\" data-widget_type=\"button.default\">\n\t\t\t\t<div class=\"elementor-widget-container\">\n\t\t\t\t\t\t\t\t\t<div class=\"elementor-button-wrapper\">\n\t\t\t\t\t<a class=\"elementor-button elementor-button-link elementor-size-sm\" href=\"https:\/\/www.elbrogit.com\/ca\/allotjaments-brogit-de-la-vall\/\">\n\t\t\t\t\t\t<span class=\"elementor-button-content-wrapper\">\n\t\t\t\t\t\t\t\t\t<span class=\"elementor-button-text\">Allotjaments a la vall<\/span>\n\t\t\t\t\t<\/span>\n\t\t\t\t\t<\/a>\n\t\t\t\t<\/div>\n\t\t\t\t\t\t\t\t<\/div>\n\t\t\t\t<\/div>\n\t\t\t\t<div class=\"elementor-element elementor-element-4542ca72 elementor-align-center elementor-widget elementor-widget-button\" data-id=\"4542ca72\" data-element_type=\"widget\" data-widget_type=\"button.default\">\n\t\t\t\t<div class=\"elementor-widget-container\">\n\t\t\t\t\t\t\t\t\t<div class=\"elementor-button-wrapper\">\n\t\t\t\t\t<a class=\"elementor-button elementor-button-link elementor-size-sm\" href=\"https:\/\/www.elbrogit.com\/ca\/reserva-brogit-de-la-vall-muntanyes-prades\/\">\n\t\t\t\t\t\t<span class=\"elementor-button-content-wrapper\">\n\t\t\t\t\t\t\t\t\t<span class=\"elementor-button-text\">Reserva el teu Brogit de la Vall<\/span>\n\t\t\t\t\t<\/span>\n\t\t\t\t\t<\/a>\n\t\t\t\t<\/div>\n\t\t\t\t\t\t\t\t<\/div>\n\t\t\t\t<\/div>\n\t\t\t\t<div class=\"elementor-element elementor-element-728cea85 elementor-align-center elementor-widget elementor-widget-button\" data-id=\"728cea85\" data-element_type=\"widget\" data-widget_type=\"button.default\">\n\t\t\t\t<div class=\"elementor-widget-container\">\n\t\t\t\t\t\t\t\t\t<div class=\"elementor-button-wrapper\">\n\t\t\t\t\t<a class=\"elementor-button elementor-button-link elementor-size-sm\" href=\"https:\/\/www.elbrogit.com\/ca\/modalitats-brogit-vall-prades\/\">\n\t\t\t\t\t\t<span class=\"elementor-button-content-wrapper\">\n\t\t\t\t\t\t\t\t\t<span class=\"elementor-button-text\">Modalitats per fer l'itinerari<\/span>\n\t\t\t\t\t<\/span>\n\t\t\t\t\t<\/a>\n\t\t\t\t<\/div>\n\t\t\t\t\t\t\t\t<\/div>\n\t\t\t\t<\/div>\n\t\t\t\t<div class=\"elementor-element elementor-element-437afa6a elementor-align-center elementor-widget elementor-widget-button\" data-id=\"437afa6a\" data-element_type=\"widget\" data-widget_type=\"button.default\">\n\t\t\t\t<div class=\"elementor-widget-container\">\n\t\t\t\t\t\t\t\t\t<div class=\"elementor-button-wrapper\">\n\t\t\t\t\t<a class=\"elementor-button elementor-button-link elementor-size-sm\" href=\"https:\/\/www.elbrogit.com\/almogavers-del-brogit-de-la-vall\/\">\n\t\t\t\t\t\t<span class=\"elementor-button-content-wrapper\">\n\t\t\t\t\t\t\t\t\t<span class=\"elementor-button-text\">Almog\u00e0ver, per corredors<\/span>\n\t\t\t\t\t<\/span>\n\t\t\t\t\t<\/a>\n\t\t\t\t<\/div>\n\t\t\t\t\t\t\t\t<\/div>\n\t\t\t\t<\/div>\n\t\t\t\t<div class=\"elementor-element elementor-element-3ce680ca elementor-align-center elementor-widget elementor-widget-button\" data-id=\"3ce680ca\" data-element_type=\"widget\" data-widget_type=\"button.default\">\n\t\t\t\t<div class=\"elementor-widget-container\">\n\t\t\t\t\t\t\t\t\t<div class=\"elementor-button-wrapper\">\n\t\t\t\t\t<a class=\"elementor-button elementor-button-link elementor-size-sm\" href=\"https:\/\/www.elbrogit.com\/ca\/descarregues-de-el-brogit-de-la-vall\/\">\n\t\t\t\t\t\t<span class=\"elementor-button-content-wrapper\">\n\t\t\t\t\t\t\t\t\t<span class=\"elementor-button-text\">Desc\u00e0rregues: tracks,...<\/span>\n\t\t\t\t\t<\/span>\n\t\t\t\t\t<\/a>\n\t\t\t\t<\/div>\n\t\t\t\t\t\t\t\t<\/div>\n\t\t\t\t<\/div>\n\t\t\t\t\t<\/div>\n\t\t<\/div>\n\t\t\t\t<div class=\"elementor-column elementor-col-25 elementor-top-column elementor-element elementor-element-3ce4f48a\" data-id=\"3ce4f48a\" data-element_type=\"column\">\n\t\t\t<div class=\"elementor-widget-wrap elementor-element-populated\">\n\t\t\t\t\t\t<div class=\"elementor-element elementor-element-19b1e19c elementor-widget elementor-widget-text-editor\" data-id=\"19b1e19c\" data-element_type=\"widget\" data-widget_type=\"text-editor.default\">\n\t\t\t\t<div class=\"elementor-widget-container\">\n\t\t\t\t\t\t\t\t\t<p><img fetchpriority=\"high\" decoding=\"async\" class=\"size-full wp-image-3208\" src=\"http:\/\/www.elbrogit.com\/wp-content\/uploads\/MuntanyesPrades-mapa.jpg\" alt=\"Mapa Muntanyes de Prades\" width=\"184\" height=\"716\" \/><\/p>\n\t\t\t\t\t\t\t\t<\/div>\n\t\t\t\t<\/div>\n\t\t\t\t\t<\/div>\n\t\t<\/div>\n\t\t\t\t\t<\/div>\n\t\t<\/section>\n\t\t\t\t<\/div>\n\t\t","protected":false},"excerpt":{"rendered":"<p>Recomanacions per gaudir de El Brogit de la Vall Tenir una preparaci\u00f3 f\u00edsica adequada al recorregut, 70 km, amb un desnivell acumulat de 2.820m. Portar cal\u00e7at de muntanya (preferentment impermeable). Roba adient segons l\u2019\u00e8poca de l\u2019any: capelina, crema solar, sac de dormir. Controlar la previsi\u00f3 meteorol\u00f2gica i anar preparats. S\u2019ha de sortir de cada allotjament [&hellip;]<\/p>\n","protected":false},"author":1,"featured_media":0,"parent":0,"menu_order":0,"comment_status":"open","ping_status":"open","template":"elementor_header_footer","meta":{"_acf_changed":false,"footnotes":""},"class_list":["post-6763","page","type-page","status-publish","hentry"],"acf":[],"yoast_head":"<!-- This site is optimized with the Yoast SEO plugin v25.1 - https:\/\/yoast.com\/wordpress\/plugins\/seo\/ -->\n<title>Recomanacions per gaudir de El Brogit de la Vall - Senderisme i Enoturisme a Catalunya<\/title>\n<meta name=\"robots\" content=\"index, follow, max-snippet:-1, max-image-preview:large, max-video-preview:-1\" \/>\n<link rel=\"canonical\" href=\"https:\/\/elbrogit.com\/ca\/recomanacions-brogit-de-la-vall\/\" \/>\n<meta property=\"og:locale\" content=\"ca_ES\" \/>\n<meta property=\"og:type\" content=\"article\" \/>\n<meta property=\"og:title\" content=\"Recomanacions per gaudir de El Brogit de la Vall - Senderisme i Enoturisme a Catalunya\" \/>\n<meta property=\"og:description\" content=\"Recomanacions per gaudir de El Brogit de la Vall Tenir una preparaci\u00f3 f\u00edsica adequada al recorregut, 70 km, amb un desnivell acumulat de 2.820m. Portar cal\u00e7at de muntanya (preferentment impermeable). Roba adient segons l\u2019\u00e8poca de l\u2019any: capelina, crema solar, sac de dormir. Controlar la previsi\u00f3 meteorol\u00f2gica i anar preparats. S\u2019ha de sortir de cada allotjament [&hellip;]\" \/>\n<meta property=\"og:url\" content=\"https:\/\/elbrogit.com\/ca\/recomanacions-brogit-de-la-vall\/\" \/>\n<meta property=\"og:site_name\" content=\"Senderisme i Enoturisme a Catalunya\" \/>\n<meta property=\"article:publisher\" content=\"http:\/\/www.facebook.com\/brogit.guiatges\" \/>\n<meta property=\"article:modified_time\" content=\"2020-09-08T11:34:27+00:00\" \/>\n<meta property=\"og:image\" content=\"http:\/\/www.elbrogit.com\/wp-content\/uploads\/MuntanyesPrades-mapa.jpg\" \/>\n<meta name=\"twitter:card\" content=\"summary_large_image\" \/>\n<meta name=\"twitter:site\" content=\"@elbrogit\" \/>\n<meta name=\"twitter:label1\" content=\"Temps estimat de lectura\" \/>\n\t<meta name=\"twitter:data1\" content=\"1 minut\" \/>\n<script type=\"application\/ld+json\" class=\"yoast-schema-graph\">{\"@context\":\"https:\/\/schema.org\",\"@graph\":[{\"@type\":\"WebPage\",\"@id\":\"https:\/\/elbrogit.com\/ca\/recomanacions-brogit-de-la-vall\/\",\"url\":\"https:\/\/elbrogit.com\/ca\/recomanacions-brogit-de-la-vall\/\",\"name\":\"Recomanacions per gaudir de El Brogit de la Vall - Senderisme i Enoturisme a Catalunya\",\"isPartOf\":{\"@id\":\"https:\/\/elbrogit.com\/ca\/#website\"},\"primaryImageOfPage\":{\"@id\":\"https:\/\/elbrogit.com\/ca\/recomanacions-brogit-de-la-vall\/#primaryimage\"},\"image\":{\"@id\":\"https:\/\/elbrogit.com\/ca\/recomanacions-brogit-de-la-vall\/#primaryimage\"},\"thumbnailUrl\":\"http:\/\/www.elbrogit.com\/wp-content\/uploads\/MuntanyesPrades-mapa.jpg\",\"datePublished\":\"2020-09-08T11:33:34+00:00\",\"dateModified\":\"2020-09-08T11:34:27+00:00\",\"breadcrumb\":{\"@id\":\"https:\/\/elbrogit.com\/ca\/recomanacions-brogit-de-la-vall\/#breadcrumb\"},\"inLanguage\":\"ca\",\"potentialAction\":[{\"@type\":\"ReadAction\",\"target\":[\"https:\/\/elbrogit.com\/ca\/recomanacions-brogit-de-la-vall\/\"]}]},{\"@type\":\"ImageObject\",\"inLanguage\":\"ca\",\"@id\":\"https:\/\/elbrogit.com\/ca\/recomanacions-brogit-de-la-vall\/#primaryimage\",\"url\":\"http:\/\/www.elbrogit.com\/wp-content\/uploads\/MuntanyesPrades-mapa.jpg\",\"contentUrl\":\"http:\/\/www.elbrogit.com\/wp-content\/uploads\/MuntanyesPrades-mapa.jpg\"},{\"@type\":\"BreadcrumbList\",\"@id\":\"https:\/\/elbrogit.com\/ca\/recomanacions-brogit-de-la-vall\/#breadcrumb\",\"itemListElement\":[{\"@type\":\"ListItem\",\"position\":1,\"name\":\"Home\",\"item\":\"https:\/\/elbrogit.com\/ca\/\"},{\"@type\":\"ListItem\",\"position\":2,\"name\":\"Recomanacions per gaudir de El Brogit de la Vall\"}]},{\"@type\":\"WebSite\",\"@id\":\"https:\/\/elbrogit.com\/ca\/#website\",\"url\":\"https:\/\/elbrogit.com\/ca\/\",\"name\":\"Senderisme i Enoturisme a Catalunya\",\"description\":\"Ecotourism, walking, wine tourism and cultural holidays in Catalonia\",\"publisher\":{\"@id\":\"https:\/\/elbrogit.com\/ca\/#organization\"},\"potentialAction\":[{\"@type\":\"SearchAction\",\"target\":{\"@type\":\"EntryPoint\",\"urlTemplate\":\"https:\/\/elbrogit.com\/ca\/?s={search_term_string}\"},\"query-input\":{\"@type\":\"PropertyValueSpecification\",\"valueRequired\":true,\"valueName\":\"search_term_string\"}}],\"inLanguage\":\"ca\"},{\"@type\":\"Organization\",\"@id\":\"https:\/\/elbrogit.com\/ca\/#organization\",\"name\":\"Senderisme i Enoturisme a Catalunya\",\"url\":\"https:\/\/elbrogit.com\/ca\/\",\"logo\":{\"@type\":\"ImageObject\",\"inLanguage\":\"ca\",\"@id\":\"https:\/\/elbrogit.com\/ca\/#\/schema\/logo\/image\/\",\"url\":\"https:\/\/elbrogit.com\/wp-content\/uploads\/cropped-LogoBrogitWeb.jpg\",\"contentUrl\":\"https:\/\/elbrogit.com\/wp-content\/uploads\/cropped-LogoBrogitWeb.jpg\",\"width\":161,\"height\":108,\"caption\":\"Senderisme i Enoturisme a Catalunya\"},\"image\":{\"@id\":\"https:\/\/elbrogit.com\/ca\/#\/schema\/logo\/image\/\"},\"sameAs\":[\"http:\/\/www.facebook.com\/brogit.guiatges\",\"https:\/\/x.com\/elbrogit\"]}]}<\/script>\n<!-- \/ Yoast SEO plugin. -->","yoast_head_json":{"title":"Recomanacions per gaudir de El Brogit de la Vall - Senderisme i Enoturisme a Catalunya","robots":{"index":"index","follow":"follow","max-snippet":"max-snippet:-1","max-image-preview":"max-image-preview:large","max-video-preview":"max-video-preview:-1"},"canonical":"https:\/\/elbrogit.com\/ca\/recomanacions-brogit-de-la-vall\/","og_locale":"ca_ES","og_type":"article","og_title":"Recomanacions per gaudir de El Brogit de la Vall - Senderisme i Enoturisme a Catalunya","og_description":"Recomanacions per gaudir de El Brogit de la Vall Tenir una preparaci\u00f3 f\u00edsica adequada al recorregut, 70 km, amb un desnivell acumulat de 2.820m. Portar cal\u00e7at de muntanya (preferentment impermeable). Roba adient segons l\u2019\u00e8poca de l\u2019any: capelina, crema solar, sac de dormir. Controlar la previsi\u00f3 meteorol\u00f2gica i anar preparats. S\u2019ha de sortir de cada allotjament [&hellip;]","og_url":"https:\/\/elbrogit.com\/ca\/recomanacions-brogit-de-la-vall\/","og_site_name":"Senderisme i Enoturisme a Catalunya","article_publisher":"http:\/\/www.facebook.com\/brogit.guiatges","article_modified_time":"2020-09-08T11:34:27+00:00","og_image":[{"url":"http:\/\/www.elbrogit.com\/wp-content\/uploads\/MuntanyesPrades-mapa.jpg","type":"","width":"","height":""}],"twitter_card":"summary_large_image","twitter_site":"@elbrogit","twitter_misc":{"Temps estimat de lectura":"1 minut"},"schema":{"@context":"https:\/\/schema.org","@graph":[{"@type":"WebPage","@id":"https:\/\/elbrogit.com\/ca\/recomanacions-brogit-de-la-vall\/","url":"https:\/\/elbrogit.com\/ca\/recomanacions-brogit-de-la-vall\/","name":"Recomanacions per gaudir de El Brogit de la Vall - Senderisme i Enoturisme a Catalunya","isPartOf":{"@id":"https:\/\/elbrogit.com\/ca\/#website"},"primaryImageOfPage":{"@id":"https:\/\/elbrogit.com\/ca\/recomanacions-brogit-de-la-vall\/#primaryimage"},"image":{"@id":"https:\/\/elbrogit.com\/ca\/recomanacions-brogit-de-la-vall\/#primaryimage"},"thumbnailUrl":"http:\/\/www.elbrogit.com\/wp-content\/uploads\/MuntanyesPrades-mapa.jpg","datePublished":"2020-09-08T11:33:34+00:00","dateModified":"2020-09-08T11:34:27+00:00","breadcrumb":{"@id":"https:\/\/elbrogit.com\/ca\/recomanacions-brogit-de-la-vall\/#breadcrumb"},"inLanguage":"ca","potentialAction":[{"@type":"ReadAction","target":["https:\/\/elbrogit.com\/ca\/recomanacions-brogit-de-la-vall\/"]}]},{"@type":"ImageObject","inLanguage":"ca","@id":"https:\/\/elbrogit.com\/ca\/recomanacions-brogit-de-la-vall\/#primaryimage","url":"http:\/\/www.elbrogit.com\/wp-content\/uploads\/MuntanyesPrades-mapa.jpg","contentUrl":"http:\/\/www.elbrogit.com\/wp-content\/uploads\/MuntanyesPrades-mapa.jpg"},{"@type":"BreadcrumbList","@id":"https:\/\/elbrogit.com\/ca\/recomanacions-brogit-de-la-vall\/#breadcrumb","itemListElement":[{"@type":"ListItem","position":1,"name":"Home","item":"https:\/\/elbrogit.com\/ca\/"},{"@type":"ListItem","position":2,"name":"Recomanacions per gaudir de El Brogit de la Vall"}]},{"@type":"WebSite","@id":"https:\/\/elbrogit.com\/ca\/#website","url":"https:\/\/elbrogit.com\/ca\/","name":"Senderisme i Enoturisme a Catalunya","description":"Ecotourism, walking, wine tourism and cultural holidays in Catalonia","publisher":{"@id":"https:\/\/elbrogit.com\/ca\/#organization"},"potentialAction":[{"@type":"SearchAction","target":{"@type":"EntryPoint","urlTemplate":"https:\/\/elbrogit.com\/ca\/?s={search_term_string}"},"query-input":{"@type":"PropertyValueSpecification","valueRequired":true,"valueName":"search_term_string"}}],"inLanguage":"ca"},{"@type":"Organization","@id":"https:\/\/elbrogit.com\/ca\/#organization","name":"Senderisme i Enoturisme a Catalunya","url":"https:\/\/elbrogit.com\/ca\/","logo":{"@type":"ImageObject","inLanguage":"ca","@id":"https:\/\/elbrogit.com\/ca\/#\/schema\/logo\/image\/","url":"https:\/\/elbrogit.com\/wp-content\/uploads\/cropped-LogoBrogitWeb.jpg","contentUrl":"https:\/\/elbrogit.com\/wp-content\/uploads\/cropped-LogoBrogitWeb.jpg","width":161,"height":108,"caption":"Senderisme i Enoturisme a Catalunya"},"image":{"@id":"https:\/\/elbrogit.com\/ca\/#\/schema\/logo\/image\/"},"sameAs":["http:\/\/www.facebook.com\/brogit.guiatges","https:\/\/x.com\/elbrogit"]}]}},"jetpack_sharing_enabled":true,"_links":{"self":[{"href":"https:\/\/elbrogit.com\/ca\/wp-json\/wp\/v2\/pages\/6763","targetHints":{"allow":["GET"]}}],"collection":[{"href":"https:\/\/elbrogit.com\/ca\/wp-json\/wp\/v2\/pages"}],"about":[{"href":"https:\/\/elbrogit.com\/ca\/wp-json\/wp\/v2\/types\/page"}],"author":[{"embeddable":true,"href":"https:\/\/elbrogit.com\/ca\/wp-json\/wp\/v2\/users\/1"}],"replies":[{"embeddable":true,"href":"https:\/\/elbrogit.com\/ca\/wp-json\/wp\/v2\/comments?post=6763"}],"version-history":[{"count":1,"href":"https:\/\/elbrogit.com\/ca\/wp-json\/wp\/v2\/pages\/6763\/revisions"}],"predecessor-version":[{"id":6764,"href":"https:\/\/elbrogit.com\/ca\/wp-json\/wp\/v2\/pages\/6763\/revisions\/6764"}],"wp:attachment":[{"href":"https:\/\/elbrogit.com\/ca\/wp-json\/wp\/v2\/media?parent=6763"}],"curies":[{"name":"wp","href":"https:\/\/api.w.org\/{rel}","templated":true}]}}