{"id":6798,"date":"2020-09-08T15:41:59","date_gmt":"2020-09-08T13:41:59","guid":{"rendered":"https:\/\/elbrogit.com\/lequip-del-brogit\/"},"modified":"2020-09-08T15:42:35","modified_gmt":"2020-09-08T13:42:35","slug":"equip-el-brogit","status":"publish","type":"page","link":"https:\/\/elbrogit.com\/ca\/equip-el-brogit\/","title":{"rendered":"L&#8217;equip del Brogit"},"content":{"rendered":"\t\t<div data-elementor-type=\"wp-page\" data-elementor-id=\"6798\" class=\"elementor elementor-6798 elementor-207\" data-elementor-post-type=\"page\">\n\t\t\t\t\t\t<section data-particle_enable=\"false\" data-particle-mobile-disabled=\"false\" class=\"elementor-section elementor-top-section elementor-element elementor-element-251c17ae elementor-section-boxed elementor-section-height-default elementor-section-height-default\" data-id=\"251c17ae\" data-element_type=\"section\">\n\t\t\t\t\t\t<div class=\"elementor-container elementor-column-gap-default\">\n\t\t\t\t\t<div class=\"elementor-column elementor-col-33 elementor-top-column elementor-element elementor-element-f754c6a\" data-id=\"f754c6a\" data-element_type=\"column\">\n\t\t\t<div class=\"elementor-widget-wrap elementor-element-populated\">\n\t\t\t\t\t\t<div class=\"elementor-element elementor-element-476b237e elementor-widget elementor-widget-text-editor\" data-id=\"476b237e\" data-element_type=\"widget\" data-widget_type=\"text-editor.default\">\n\t\t\t\t<div class=\"elementor-widget-container\">\n\t\t\t\t\t\t\t\t\t<p><a href=\"http:\/\/www.elbrogit.com\/wp-content\/uploads\/DSCF7250_Meritxell_Brogit.jpg\" rel=\"attachment wp-att-5431\"><img fetchpriority=\"high\" decoding=\"async\" class=\"wp-image-5431 size-medium\" src=\"http:\/\/www.elbrogit.com\/wp-content\/uploads\/DSCF7250_Meritxell_Brogit-300x292.jpg\" alt=\"Meritxell, directoria i guia de El Brogit\" width=\"300\" height=\"292\" \/><\/a><br \/>\nLa Meritxell, directora i guia de El Brogit<\/p>\n\t\t\t\t\t\t\t\t<\/div>\n\t\t\t\t<\/div>\n\t\t\t\t\t<\/div>\n\t\t<\/div>\n\t\t\t\t<div class=\"elementor-column elementor-col-66 elementor-top-column elementor-element elementor-element-632c5ba\" data-id=\"632c5ba\" data-element_type=\"column\">\n\t\t\t<div class=\"elementor-widget-wrap elementor-element-populated\">\n\t\t\t\t\t\t<div class=\"elementor-element elementor-element-c0c6ed2 elementor-widget elementor-widget-text-editor\" data-id=\"c0c6ed2\" data-element_type=\"widget\" data-widget_type=\"text-editor.default\">\n\t\t\t\t<div class=\"elementor-widget-container\">\n\t\t\t\t\t\t\t\t\t<p>S\u00f3c la\u00a0<strong><span style=\"color: #808000;\">Meritxell<\/span><\/strong>, l&#8217;\u00e0nima del Brogit,\u00a0bi\u00f2loga de formaci\u00f3 i curiosa excursionista amant de la natura i dels camins ancestrals que fins fa quatre dies eren les grans autopistes que connectaven pobles, fonts, ermites, masos,&#8230; S\u00f3c guia qualificada, amb una \u00e0mplia experi\u00e8ncia especialment per les muntanyes del Sud de Catalunya, i inscrita al Registre de Professionals de l&#8217;Esport de Catalunya. L&#8217;any <strong><span style=\"color: #808000;\">2013 vaig iniciar el nou projecte d&#8217;ag\u00e8ncia de viatges<\/span><\/strong> per oferir-vos experi\u00e8ncies completes al nostre territori, treballant amb companyies locals de guies, acollidors allotjaments i restaurants, transfers locals,&#8230;<\/p>\n<p>La cartografia, els camins i els idiomes s\u00f3n les meves altres aficions. He estudiat idiomes ben diversos, com l&#8217;\u00e0rab i el rus, per\u00f2 els que<strong> domino s\u00f3n l&#8217;angl\u00e8s i l&#8217;alemany, i entenc el franc\u00e8s.<\/strong> L&#8217;excursionisme m&#8217;ha perm\u00e8s observar la natura en directe, i aprofundir en el coneixement de la flora, de la fauna i dels ecosistemes. L&#8217;exploraci\u00f3, recerca, descoberta i recuperaci\u00f3 del nostre incre\u00efble patrimoni de camins antics \u00e9s una altra de les meves passions. I finalment, <strong>gaudeixo intensament coneixent i connectant amb les persones que estan darrera dels grans vins del Priorat, Conca de Barber\u00e0, Terra Alta, Pened\u00e8s,&#8230;,<\/strong> assaborint-los i facilitant-vos que tamb\u00e9 els conegueu i hi connecteu en primera persona. Sense oblidar els productors d&#8217;oli, formatges, mel,&#8230;<\/p>\n\t\t\t\t\t\t\t\t<\/div>\n\t\t\t\t<\/div>\n\t\t\t\t\t<\/div>\n\t\t<\/div>\n\t\t\t\t\t<\/div>\n\t\t<\/section>\n\t\t\t\t<section data-particle_enable=\"false\" data-particle-mobile-disabled=\"false\" class=\"elementor-section elementor-top-section elementor-element elementor-element-6eac8c2 elementor-section-boxed elementor-section-height-default elementor-section-height-default\" data-id=\"6eac8c2\" data-element_type=\"section\">\n\t\t\t\t\t\t<div class=\"elementor-container elementor-column-gap-default\">\n\t\t\t\t\t<div class=\"elementor-column elementor-col-33 elementor-top-column elementor-element elementor-element-881ad2b\" data-id=\"881ad2b\" data-element_type=\"column\">\n\t\t\t<div class=\"elementor-widget-wrap elementor-element-populated\">\n\t\t\t\t\t\t<div class=\"elementor-element elementor-element-6266e50 elementor-widget elementor-widget-text-editor\" data-id=\"6266e50\" data-element_type=\"widget\" data-widget_type=\"text-editor.default\">\n\t\t\t\t<div class=\"elementor-widget-container\">\n\t\t\t\t\t\t\t\t\t<p><a href=\"http:\/\/www.elbrogit.com\/wp-content\/uploads\/P5310037_Palet_resize.jpg\" rel=\"attachment wp-att-5434\"><img decoding=\"async\" class=\"wp-image-5434 size-medium\" src=\"http:\/\/www.elbrogit.com\/wp-content\/uploads\/P5310037_Palet_resize-300x224.jpg\" alt=\"Josep Palet, naturalista al Priorat\" width=\"300\" height=\"224\" \/><\/a><br \/>\nJosep, guia naturalista al Priorat<\/p>\n\t\t\t\t\t\t\t\t<\/div>\n\t\t\t\t<\/div>\n\t\t\t\t\t<\/div>\n\t\t<\/div>\n\t\t\t\t<div class=\"elementor-column elementor-col-66 elementor-top-column elementor-element elementor-element-3823f9a\" data-id=\"3823f9a\" data-element_type=\"column\">\n\t\t\t<div class=\"elementor-widget-wrap elementor-element-populated\">\n\t\t\t\t\t\t<div class=\"elementor-element elementor-element-db5d9d0 elementor-widget elementor-widget-text-editor\" data-id=\"db5d9d0\" data-element_type=\"widget\" data-widget_type=\"text-editor.default\">\n\t\t\t\t<div class=\"elementor-widget-container\">\n\t\t\t\t\t\t\t\t\t<p><strong><span style=\"color: #808000;\">El Josep Palet:<\/span><\/strong> naturalista i guia pel Priorat, tot i que tamb\u00e9 explora les Muntanyes de Prades i altres raconades del sud de Catalunya. T\u00e9 un ample coneixement de la flora, fauna, els vins,&#8230; de la seva terra i una passi\u00f3 infinita per transmetre tot aquest coneixement.<\/p>\n\t\t\t\t\t\t\t\t<\/div>\n\t\t\t\t<\/div>\n\t\t\t\t\t<\/div>\n\t\t<\/div>\n\t\t\t\t\t<\/div>\n\t\t<\/section>\n\t\t\t\t<section data-particle_enable=\"false\" data-particle-mobile-disabled=\"false\" class=\"elementor-section elementor-top-section elementor-element elementor-element-f660889 elementor-section-boxed elementor-section-height-default elementor-section-height-default\" data-id=\"f660889\" data-element_type=\"section\">\n\t\t\t\t\t\t<div class=\"elementor-container elementor-column-gap-default\">\n\t\t\t\t\t<div class=\"elementor-column elementor-col-33 elementor-top-column elementor-element elementor-element-64aab37\" data-id=\"64aab37\" data-element_type=\"column\">\n\t\t\t<div class=\"elementor-widget-wrap elementor-element-populated\">\n\t\t\t\t\t\t<div class=\"elementor-element elementor-element-0e6cbb3 elementor-widget elementor-widget-text-editor\" data-id=\"0e6cbb3\" data-element_type=\"widget\" data-widget_type=\"text-editor.default\">\n\t\t\t\t<div class=\"elementor-widget-container\">\n\t\t\t\t\t\t\t\t\t<p><a href=\"http:\/\/www.elbrogit.com\/wp-content\/uploads\/Jordi_Bru_fotografia.jpg\" rel=\"attachment wp-att-5437\"><img decoding=\"async\" class=\"wp-image-5437 size-medium\" src=\"http:\/\/www.elbrogit.com\/wp-content\/uploads\/Jordi_Bru_fotografia-225x300.jpg\" alt=\"Jordi_Bru_fotografia\" width=\"225\" height=\"300\" \/><\/a><br \/>\nJordi, naturalista i fot\u00f2graf de natura<\/p>\n\t\t\t\t\t\t\t\t<\/div>\n\t\t\t\t<\/div>\n\t\t\t\t\t<\/div>\n\t\t<\/div>\n\t\t\t\t<div class=\"elementor-column elementor-col-66 elementor-top-column elementor-element elementor-element-0670bad\" data-id=\"0670bad\" data-element_type=\"column\">\n\t\t\t<div class=\"elementor-widget-wrap elementor-element-populated\">\n\t\t\t\t\t\t<div class=\"elementor-element elementor-element-8f4d670 elementor-widget elementor-widget-text-editor\" data-id=\"8f4d670\" data-element_type=\"widget\" data-widget_type=\"text-editor.default\">\n\t\t\t\t<div class=\"elementor-widget-container\">\n\t\t\t\t\t\t\t\t\t<p><strong><span style=\"color: #808000;\">El Jordi Br\u00fa:<\/span><\/strong> bi\u00f2leg de formaci\u00f3 i apassionat de la natura, que captura de manera incessant i des de tots els angles amb la seva c\u00e0mera. Amb ell podeu arribar a descobrir els mil i un secrets de la vostra c\u00e0mera, fins i tot, la del vostre m\u00f2bil!<\/p>\n\t\t\t\t\t\t\t\t<\/div>\n\t\t\t\t<\/div>\n\t\t\t\t\t<\/div>\n\t\t<\/div>\n\t\t\t\t\t<\/div>\n\t\t<\/section>\n\t\t\t\t<section data-particle_enable=\"false\" data-particle-mobile-disabled=\"false\" class=\"elementor-section elementor-top-section elementor-element elementor-element-0f92f88 elementor-section-boxed elementor-section-height-default elementor-section-height-default\" data-id=\"0f92f88\" data-element_type=\"section\" data-settings=\"{&quot;background_background&quot;:&quot;classic&quot;}\">\n\t\t\t\t\t\t<div class=\"elementor-container elementor-column-gap-default\">\n\t\t\t\t\t<div class=\"elementor-column elementor-col-50 elementor-top-column elementor-element elementor-element-4b9463d\" data-id=\"4b9463d\" data-element_type=\"column\">\n\t\t\t<div class=\"elementor-widget-wrap elementor-element-populated\">\n\t\t\t\t\t\t<div class=\"elementor-element elementor-element-5c9686b elementor-headline--style-highlight elementor-widget elementor-widget-animated-headline\" data-id=\"5c9686b\" data-element_type=\"widget\" data-settings=\"{&quot;marker&quot;:&quot;curly&quot;,&quot;highlighted_text&quot;:&quot;amb l&#039;equip de El Brogit&quot;,&quot;headline_style&quot;:&quot;highlight&quot;,&quot;loop&quot;:&quot;yes&quot;,&quot;highlight_animation_duration&quot;:1200,&quot;highlight_iteration_delay&quot;:8000}\" data-widget_type=\"animated-headline.default\">\n\t\t\t\t<div class=\"elementor-widget-container\">\n\t\t\t\t\t\t\t<h3 class=\"elementor-headline\">\n\t\t\t\t\t<span class=\"elementor-headline-plain-text elementor-headline-text-wrapper\">Vine i descobreix<\/span>\n\t\t\t\t<span class=\"elementor-headline-dynamic-wrapper elementor-headline-text-wrapper\">\n\t\t\t\t\t<span class=\"elementor-headline-dynamic-text elementor-headline-text-active\">amb l'equip de El Brogit<\/span>\n\t\t\t\t<\/span>\n\t\t\t\t<\/h3>\n\t\t\t\t\t\t<\/div>\n\t\t\t\t<\/div>\n\t\t\t\t\t<\/div>\n\t\t<\/div>\n\t\t\t\t<div class=\"elementor-column elementor-col-50 elementor-top-column elementor-element elementor-element-4f019e1\" data-id=\"4f019e1\" data-element_type=\"column\">\n\t\t\t<div class=\"elementor-widget-wrap elementor-element-populated\">\n\t\t\t\t\t\t<div class=\"elementor-element elementor-element-7e1a5ea elementor-widget elementor-widget-text-editor\" data-id=\"7e1a5ea\" data-element_type=\"widget\" data-widget_type=\"text-editor.default\">\n\t\t\t\t<div class=\"elementor-widget-container\">\n\t\t\t\t\t\t\t\t\t<p><strong>&#8230; raconades amagades de gran bellesa, el patrimoni natural i cultural dels nostres pobles de montanya i costa, els vins, l&#8217;oli i la gastronomia,&#8230;<\/strong> d&#8217;una manera amena i divertida, tot gaudint del paisatge i de l&#8217;ambient de muntanya i fent salut.<\/p>\n<p>Perqu\u00e8 la millor manera de con\u00e8ixer el territori \u00e9s explorar-lo a un <strong>ritme lent, sense presses, caminant, en bici,&#8230; o de celler en celler<\/strong> gaudint del paisatge mentre el nostre guia us hi condueix.<\/p>\n\t\t\t\t\t\t\t\t<\/div>\n\t\t\t\t<\/div>\n\t\t\t\t\t<\/div>\n\t\t<\/div>\n\t\t\t\t\t<\/div>\n\t\t<\/section>\n\t\t\t\t<\/div>\n\t\t","protected":false},"excerpt":{"rendered":"<p>La Meritxell, directora i guia de El Brogit S\u00f3c la\u00a0Meritxell, l&#8217;\u00e0nima del Brogit,\u00a0bi\u00f2loga de formaci\u00f3 i curiosa excursionista amant de la natura i dels camins ancestrals que fins fa quatre dies eren les grans autopistes que connectaven pobles, fonts, ermites, masos,&#8230; S\u00f3c guia qualificada, amb una \u00e0mplia experi\u00e8ncia especialment per les muntanyes del Sud de [&hellip;]<\/p>\n","protected":false},"author":1,"featured_media":0,"parent":0,"menu_order":0,"comment_status":"open","ping_status":"open","template":"elementor_header_footer","meta":{"_acf_changed":false,"footnotes":""},"class_list":["post-6798","page","type-page","status-publish","hentry"],"acf":[],"yoast_head":"<!-- This site is optimized with the Yoast SEO plugin v25.1 - https:\/\/yoast.com\/wordpress\/plugins\/seo\/ -->\n<title>L&#039;equip del Brogit - Senderisme i Enoturisme a Catalunya<\/title>\n<meta name=\"robots\" content=\"index, follow, max-snippet:-1, max-image-preview:large, max-video-preview:-1\" \/>\n<link rel=\"canonical\" href=\"https:\/\/elbrogit.com\/ca\/equip-el-brogit\/\" \/>\n<meta property=\"og:locale\" content=\"ca_ES\" \/>\n<meta property=\"og:type\" content=\"article\" \/>\n<meta property=\"og:title\" content=\"L&#039;equip del Brogit - Senderisme i Enoturisme a Catalunya\" \/>\n<meta property=\"og:description\" content=\"La Meritxell, directora i guia de El Brogit S\u00f3c la\u00a0Meritxell, l&#8217;\u00e0nima del Brogit,\u00a0bi\u00f2loga de formaci\u00f3 i curiosa excursionista amant de la natura i dels camins ancestrals que fins fa quatre dies eren les grans autopistes que connectaven pobles, fonts, ermites, masos,&#8230; S\u00f3c guia qualificada, amb una \u00e0mplia experi\u00e8ncia especialment per les muntanyes del Sud de [&hellip;]\" \/>\n<meta property=\"og:url\" content=\"https:\/\/elbrogit.com\/ca\/equip-el-brogit\/\" \/>\n<meta property=\"og:site_name\" content=\"Senderisme i Enoturisme a Catalunya\" \/>\n<meta property=\"article:publisher\" content=\"http:\/\/www.facebook.com\/brogit.guiatges\" \/>\n<meta property=\"article:modified_time\" content=\"2020-09-08T13:42:35+00:00\" \/>\n<meta property=\"og:image\" content=\"http:\/\/www.elbrogit.com\/wp-content\/uploads\/DSCF7250_Meritxell_Brogit-300x292.jpg\" \/>\n<meta name=\"twitter:card\" content=\"summary_large_image\" \/>\n<meta name=\"twitter:site\" content=\"@elbrogit\" \/>\n<meta name=\"twitter:label1\" content=\"Temps estimat de lectura\" \/>\n\t<meta name=\"twitter:data1\" content=\"2 minuts\" \/>\n<script type=\"application\/ld+json\" class=\"yoast-schema-graph\">{\"@context\":\"https:\/\/schema.org\",\"@graph\":[{\"@type\":\"WebPage\",\"@id\":\"https:\/\/elbrogit.com\/ca\/equip-el-brogit\/\",\"url\":\"https:\/\/elbrogit.com\/ca\/equip-el-brogit\/\",\"name\":\"L'equip del Brogit - Senderisme i Enoturisme a Catalunya\",\"isPartOf\":{\"@id\":\"https:\/\/elbrogit.com\/ca\/#website\"},\"primaryImageOfPage\":{\"@id\":\"https:\/\/elbrogit.com\/ca\/equip-el-brogit\/#primaryimage\"},\"image\":{\"@id\":\"https:\/\/elbrogit.com\/ca\/equip-el-brogit\/#primaryimage\"},\"thumbnailUrl\":\"http:\/\/www.elbrogit.com\/wp-content\/uploads\/DSCF7250_Meritxell_Brogit-300x292.jpg\",\"datePublished\":\"2020-09-08T13:41:59+00:00\",\"dateModified\":\"2020-09-08T13:42:35+00:00\",\"breadcrumb\":{\"@id\":\"https:\/\/elbrogit.com\/ca\/equip-el-brogit\/#breadcrumb\"},\"inLanguage\":\"ca\",\"potentialAction\":[{\"@type\":\"ReadAction\",\"target\":[\"https:\/\/elbrogit.com\/ca\/equip-el-brogit\/\"]}]},{\"@type\":\"ImageObject\",\"inLanguage\":\"ca\",\"@id\":\"https:\/\/elbrogit.com\/ca\/equip-el-brogit\/#primaryimage\",\"url\":\"http:\/\/www.elbrogit.com\/wp-content\/uploads\/DSCF7250_Meritxell_Brogit-300x292.jpg\",\"contentUrl\":\"http:\/\/www.elbrogit.com\/wp-content\/uploads\/DSCF7250_Meritxell_Brogit-300x292.jpg\"},{\"@type\":\"BreadcrumbList\",\"@id\":\"https:\/\/elbrogit.com\/ca\/equip-el-brogit\/#breadcrumb\",\"itemListElement\":[{\"@type\":\"ListItem\",\"position\":1,\"name\":\"Home\",\"item\":\"https:\/\/elbrogit.com\/ca\/\"},{\"@type\":\"ListItem\",\"position\":2,\"name\":\"L&#8217;equip del Brogit\"}]},{\"@type\":\"WebSite\",\"@id\":\"https:\/\/elbrogit.com\/ca\/#website\",\"url\":\"https:\/\/elbrogit.com\/ca\/\",\"name\":\"Senderisme i Enoturisme a Catalunya\",\"description\":\"Ecotourism, walking, wine tourism and cultural holidays in Catalonia\",\"publisher\":{\"@id\":\"https:\/\/elbrogit.com\/ca\/#organization\"},\"potentialAction\":[{\"@type\":\"SearchAction\",\"target\":{\"@type\":\"EntryPoint\",\"urlTemplate\":\"https:\/\/elbrogit.com\/ca\/?s={search_term_string}\"},\"query-input\":{\"@type\":\"PropertyValueSpecification\",\"valueRequired\":true,\"valueName\":\"search_term_string\"}}],\"inLanguage\":\"ca\"},{\"@type\":\"Organization\",\"@id\":\"https:\/\/elbrogit.com\/ca\/#organization\",\"name\":\"Senderisme i Enoturisme a Catalunya\",\"url\":\"https:\/\/elbrogit.com\/ca\/\",\"logo\":{\"@type\":\"ImageObject\",\"inLanguage\":\"ca\",\"@id\":\"https:\/\/elbrogit.com\/ca\/#\/schema\/logo\/image\/\",\"url\":\"https:\/\/elbrogit.com\/wp-content\/uploads\/cropped-LogoBrogitWeb.jpg\",\"contentUrl\":\"https:\/\/elbrogit.com\/wp-content\/uploads\/cropped-LogoBrogitWeb.jpg\",\"width\":161,\"height\":108,\"caption\":\"Senderisme i Enoturisme a Catalunya\"},\"image\":{\"@id\":\"https:\/\/elbrogit.com\/ca\/#\/schema\/logo\/image\/\"},\"sameAs\":[\"http:\/\/www.facebook.com\/brogit.guiatges\",\"https:\/\/x.com\/elbrogit\"]}]}<\/script>\n<!-- \/ Yoast SEO plugin. -->","yoast_head_json":{"title":"L'equip del Brogit - Senderisme i Enoturisme a Catalunya","robots":{"index":"index","follow":"follow","max-snippet":"max-snippet:-1","max-image-preview":"max-image-preview:large","max-video-preview":"max-video-preview:-1"},"canonical":"https:\/\/elbrogit.com\/ca\/equip-el-brogit\/","og_locale":"ca_ES","og_type":"article","og_title":"L'equip del Brogit - Senderisme i Enoturisme a Catalunya","og_description":"La Meritxell, directora i guia de El Brogit S\u00f3c la\u00a0Meritxell, l&#8217;\u00e0nima del Brogit,\u00a0bi\u00f2loga de formaci\u00f3 i curiosa excursionista amant de la natura i dels camins ancestrals que fins fa quatre dies eren les grans autopistes que connectaven pobles, fonts, ermites, masos,&#8230; S\u00f3c guia qualificada, amb una \u00e0mplia experi\u00e8ncia especialment per les muntanyes del Sud de [&hellip;]","og_url":"https:\/\/elbrogit.com\/ca\/equip-el-brogit\/","og_site_name":"Senderisme i Enoturisme a Catalunya","article_publisher":"http:\/\/www.facebook.com\/brogit.guiatges","article_modified_time":"2020-09-08T13:42:35+00:00","og_image":[{"url":"http:\/\/www.elbrogit.com\/wp-content\/uploads\/DSCF7250_Meritxell_Brogit-300x292.jpg","type":"","width":"","height":""}],"twitter_card":"summary_large_image","twitter_site":"@elbrogit","twitter_misc":{"Temps estimat de lectura":"2 minuts"},"schema":{"@context":"https:\/\/schema.org","@graph":[{"@type":"WebPage","@id":"https:\/\/elbrogit.com\/ca\/equip-el-brogit\/","url":"https:\/\/elbrogit.com\/ca\/equip-el-brogit\/","name":"L'equip del Brogit - Senderisme i Enoturisme a Catalunya","isPartOf":{"@id":"https:\/\/elbrogit.com\/ca\/#website"},"primaryImageOfPage":{"@id":"https:\/\/elbrogit.com\/ca\/equip-el-brogit\/#primaryimage"},"image":{"@id":"https:\/\/elbrogit.com\/ca\/equip-el-brogit\/#primaryimage"},"thumbnailUrl":"http:\/\/www.elbrogit.com\/wp-content\/uploads\/DSCF7250_Meritxell_Brogit-300x292.jpg","datePublished":"2020-09-08T13:41:59+00:00","dateModified":"2020-09-08T13:42:35+00:00","breadcrumb":{"@id":"https:\/\/elbrogit.com\/ca\/equip-el-brogit\/#breadcrumb"},"inLanguage":"ca","potentialAction":[{"@type":"ReadAction","target":["https:\/\/elbrogit.com\/ca\/equip-el-brogit\/"]}]},{"@type":"ImageObject","inLanguage":"ca","@id":"https:\/\/elbrogit.com\/ca\/equip-el-brogit\/#primaryimage","url":"http:\/\/www.elbrogit.com\/wp-content\/uploads\/DSCF7250_Meritxell_Brogit-300x292.jpg","contentUrl":"http:\/\/www.elbrogit.com\/wp-content\/uploads\/DSCF7250_Meritxell_Brogit-300x292.jpg"},{"@type":"BreadcrumbList","@id":"https:\/\/elbrogit.com\/ca\/equip-el-brogit\/#breadcrumb","itemListElement":[{"@type":"ListItem","position":1,"name":"Home","item":"https:\/\/elbrogit.com\/ca\/"},{"@type":"ListItem","position":2,"name":"L&#8217;equip del Brogit"}]},{"@type":"WebSite","@id":"https:\/\/elbrogit.com\/ca\/#website","url":"https:\/\/elbrogit.com\/ca\/","name":"Senderisme i Enoturisme a Catalunya","description":"Ecotourism, walking, wine tourism and cultural holidays in Catalonia","publisher":{"@id":"https:\/\/elbrogit.com\/ca\/#organization"},"potentialAction":[{"@type":"SearchAction","target":{"@type":"EntryPoint","urlTemplate":"https:\/\/elbrogit.com\/ca\/?s={search_term_string}"},"query-input":{"@type":"PropertyValueSpecification","valueRequired":true,"valueName":"search_term_string"}}],"inLanguage":"ca"},{"@type":"Organization","@id":"https:\/\/elbrogit.com\/ca\/#organization","name":"Senderisme i Enoturisme a Catalunya","url":"https:\/\/elbrogit.com\/ca\/","logo":{"@type":"ImageObject","inLanguage":"ca","@id":"https:\/\/elbrogit.com\/ca\/#\/schema\/logo\/image\/","url":"https:\/\/elbrogit.com\/wp-content\/uploads\/cropped-LogoBrogitWeb.jpg","contentUrl":"https:\/\/elbrogit.com\/wp-content\/uploads\/cropped-LogoBrogitWeb.jpg","width":161,"height":108,"caption":"Senderisme i Enoturisme a Catalunya"},"image":{"@id":"https:\/\/elbrogit.com\/ca\/#\/schema\/logo\/image\/"},"sameAs":["http:\/\/www.facebook.com\/brogit.guiatges","https:\/\/x.com\/elbrogit"]}]}},"jetpack_sharing_enabled":true,"_links":{"self":[{"href":"https:\/\/elbrogit.com\/ca\/wp-json\/wp\/v2\/pages\/6798","targetHints":{"allow":["GET"]}}],"collection":[{"href":"https:\/\/elbrogit.com\/ca\/wp-json\/wp\/v2\/pages"}],"about":[{"href":"https:\/\/elbrogit.com\/ca\/wp-json\/wp\/v2\/types\/page"}],"author":[{"embeddable":true,"href":"https:\/\/elbrogit.com\/ca\/wp-json\/wp\/v2\/users\/1"}],"replies":[{"embeddable":true,"href":"https:\/\/elbrogit.com\/ca\/wp-json\/wp\/v2\/comments?post=6798"}],"version-history":[{"count":1,"href":"https:\/\/elbrogit.com\/ca\/wp-json\/wp\/v2\/pages\/6798\/revisions"}],"predecessor-version":[{"id":6799,"href":"https:\/\/elbrogit.com\/ca\/wp-json\/wp\/v2\/pages\/6798\/revisions\/6799"}],"wp:attachment":[{"href":"https:\/\/elbrogit.com\/ca\/wp-json\/wp\/v2\/media?parent=6798"}],"curies":[{"name":"wp","href":"https:\/\/api.w.org\/{rel}","templated":true}]}}