{"id":6800,"date":"2020-09-08T15:47:28","date_gmt":"2020-09-08T13:47:28","guid":{"rendered":"https:\/\/elbrogit.com\/escape-room-outdoors-a-lexterior-i-en-plena-natura\/"},"modified":"2025-01-14T22:27:58","modified_gmt":"2025-01-14T21:27:58","slug":"escape-room-outdoors-tarragona","status":"publish","type":"page","link":"https:\/\/elbrogit.com\/ca\/escape-room-outdoors-tarragona\/","title":{"rendered":"Escape Room Outdoors, a l&#8217;exterior i en plena natura!"},"content":{"rendered":"\t\t<div data-elementor-type=\"wp-page\" data-elementor-id=\"6800\" class=\"elementor elementor-6800 elementor-235\" data-elementor-post-type=\"page\">\n\t\t\t\t\t\t<section data-particle_enable=\"false\" data-particle-mobile-disabled=\"false\" class=\"elementor-section elementor-top-section elementor-element elementor-element-4d268080 elementor-section-boxed elementor-section-height-default elementor-section-height-default\" data-id=\"4d268080\" data-element_type=\"section\">\n\t\t\t\t\t\t<div class=\"elementor-container elementor-column-gap-default\">\n\t\t\t\t\t<div class=\"elementor-column elementor-col-33 elementor-top-column elementor-element elementor-element-30f73505\" data-id=\"30f73505\" data-element_type=\"column\">\n\t\t\t<div class=\"elementor-widget-wrap elementor-element-populated\">\n\t\t\t\t\t\t<div class=\"elementor-element elementor-element-6459a4f elementor-widget elementor-widget-text-editor\" data-id=\"6459a4f\" data-element_type=\"widget\" data-widget_type=\"text-editor.default\">\n\t\t\t\t<div class=\"elementor-widget-container\">\n\t\t\t\t\t\t\t\t\t<p><a href=\"http:\/\/www.elbrogit.com\/wp-content\/uploads\/Escape-room-outdoor-Miro3.jpg\" rel=\"attachment wp-att-5747\"><img fetchpriority=\"high\" decoding=\"async\" class=\"size-medium wp-image-5747\" src=\"https:\/\/www.elbrogit.com\/wp-content\/uploads\/\/Escape-room-outdoor-Miro3-300x225.jpg\" alt=\"Escape-room-outdoor-Miro3\" width=\"300\" height=\"225\" \/><\/a><a href=\"http:\/\/www.elbrogit.com\/wp-content\/uploads\/Escape-room-outdoor-Miro2.jpg\" rel=\"attachment wp-att-5744\"><img decoding=\"async\" class=\"size-medium wp-image-5744\" src=\"https:\/\/www.elbrogit.com\/wp-content\/uploads\/\/Escape-room-outdoor-Miro2-300x225.jpg\" alt=\"Escape-room-outdoor-Miro2\" width=\"300\" height=\"225\" \/><\/a><a href=\"http:\/\/www.elbrogit.com\/wp-content\/uploads\/DSCF5960_resize2.jpg\" rel=\"attachment wp-att-5720\"><img decoding=\"async\" class=\"size-medium wp-image-5720\" src=\"https:\/\/www.elbrogit.com\/wp-content\/uploads\/\/DSCF5960_resize2-300x225.jpg\" alt=\"\" width=\"300\" height=\"225\" \/><\/a><a href=\"http:\/\/www.elbrogit.com\/wp-content\/uploads\/DSCF5964_modif.jpg\" rel=\"attachment wp-att-5770\"><img loading=\"lazy\" decoding=\"async\" class=\"size-medium wp-image-5770\" src=\"https:\/\/www.elbrogit.com\/wp-content\/uploads\/\/DSCF5964_modif-300x225.jpg\" alt=\"\" width=\"300\" height=\"225\" \/><\/a><\/p>\n\t\t\t\t\t\t\t\t<\/div>\n\t\t\t\t<\/div>\n\t\t\t\t\t<\/div>\n\t\t<\/div>\n\t\t\t\t<div class=\"elementor-column elementor-col-66 elementor-top-column elementor-element elementor-element-dca686f\" data-id=\"dca686f\" data-element_type=\"column\">\n\t\t\t<div class=\"elementor-widget-wrap elementor-element-populated\">\n\t\t\t\t\t\t<section data-particle_enable=\"false\" data-particle-mobile-disabled=\"false\" class=\"elementor-section elementor-inner-section elementor-element elementor-element-5edfd6b elementor-section-boxed elementor-section-height-default elementor-section-height-default\" data-id=\"5edfd6b\" data-element_type=\"section\">\n\t\t\t\t\t\t<div class=\"elementor-container elementor-column-gap-default\">\n\t\t\t\t\t<div class=\"elementor-column elementor-col-100 elementor-inner-column elementor-element elementor-element-286c775\" data-id=\"286c775\" data-element_type=\"column\">\n\t\t\t<div class=\"elementor-widget-wrap elementor-element-populated\">\n\t\t\t\t\t\t<div class=\"elementor-element elementor-element-92c160c elementor-widget elementor-widget-heading\" data-id=\"92c160c\" data-element_type=\"widget\" data-widget_type=\"heading.default\">\n\t\t\t\t<div class=\"elementor-widget-container\">\n\t\t\t\t\t<h2 class=\"elementor-heading-title elementor-size-default\">Qu\u00e8 \u00e9s un Escape Room? I a la natura, a l'aire lliure?<\/h2>\t\t\t\t<\/div>\n\t\t\t\t<\/div>\n\t\t\t\t\t<\/div>\n\t\t<\/div>\n\t\t\t\t\t<\/div>\n\t\t<\/section>\n\t\t\t\t<div class=\"elementor-element elementor-element-10a33e elementor-widget elementor-widget-text-editor\" data-id=\"10a33e\" data-element_type=\"widget\" data-widget_type=\"text-editor.default\">\n\t\t\t\t<div class=\"elementor-widget-container\">\n\t\t\t\t\t\t\t\t\t<p>Un Escape Room \u00e9s una experi\u00e8ncia \u00fanica que us transportar\u00e0 a un m\u00f3n de fantasia on, durant 60 minuts, haureu de fer \u00fas de la l\u00f2gica, la capacitat d\u2019observaci\u00f3 i el treball en equip, afrontant tot tipus de jocs i enigmes amb l\u2019objectiu final d\u2019escapar de l\u2019habitaci\u00f3 on sou captius. Es tracta d\u2019una experi\u00e8ncia que fomenta la cohesi\u00f3 de l\u2019equip i on l\u2019adrenalina se\u2019ns dispara.<\/p><p>Si hi afegim l&#8217;oportunitat de gaudir-ne a l&#8217;aire lliure, en plena natura, l&#8217;experi\u00e8ncia s&#8217;acaba completant descobrint un entorn natural que es converteix en l&#8217;escenari on t\u00e9 lloc l&#8217;activitat, gaudint del paisatge i aprofundint d&#8217;una manera divertida en el coneixement del nostre territori. Aix\u00ed neix <strong>el primer Escape Room Outdoors de Catalunya, en plena natura!<\/strong> Ja no escapem d&#8217;una habitaci\u00f3, ja no hi ha l\u00edmits, i us convertiu aix\u00ed en els protagonistes d&#8217;una pel\u00edcula d&#8217;aventures canviant d&#8217;escenari, ubicaci\u00f3 i avan\u00e7ant per resoldre el misteri que us proposem. Us hi atreviu?<\/p><p>Voleu saber m\u00e9s coses sobre els Escape Room? Doncs consulteu aquest <a href=\"https:\/\/www.vilaweb.cat\/noticies\/la-febre-dels-escape-rooms\/\" target=\"_blank\" rel=\"noopener noreferrer\">article publicat a Vilaweb<\/a>.<\/p><p>Aqu\u00ed us presentem <strong>el primer Escape Room en plena natura que hem desenvolupat, l&#8217;Operaci\u00f3 Joan Mir\u00f3, <\/strong>a Mont-roig del Camp. I n&#8217;anirem desenvolupant d&#8217;altres ben aviat, estigueu atents! Trobareu <strong>tota la informaci\u00f3 de noves propostes a la web espec\u00edfica <a href=\"https:\/\/www.fixthehistory.com\/\">https:\/\/fixthehistory.com\/<\/a><\/strong><\/p><p><span style=\"color: #ff0000;\"><strong>ATENCI\u00d3! El 20 d&#8217;abril estrenem nova activitat!<\/strong><\/span> Sota el t\u00edtol <strong>Moros a la costa!,<\/strong> us proposem endinsar-vos en la pirateria de la Mediterr\u00e0nia. I \u00e9s que us necessitem per salvar els nostres llogarrets de l&#8217;atac pirata! Ens ajudeu?<\/p>\t\t\t\t\t\t\t\t<\/div>\n\t\t\t\t<\/div>\n\t\t\t\t<div class=\"elementor-element elementor-element-71901cc uael-woo--align-center uael-sale-flash-circle uael-featured-flash-circle elementor-widget elementor-widget-uael-woo-products\" data-id=\"71901cc\" data-element_type=\"widget\" data-settings=\"{&quot;products_columns&quot;:&quot;2&quot;,&quot;products_columns_tablet&quot;:&quot;3&quot;,&quot;products_columns_mobile&quot;:&quot;1&quot;}\" data-widget_type=\"uael-woo-products.grid-default\">\n\t\t\t\t<div class=\"elementor-widget-container\">\n\t\t\t\t\t<div class=\"uael-woocommerce uael-woo-products-grid uael-woo-skin-grid-default uael-woo-query-custom\" data-page=\"6800\" data-skin=\"grid_default\"><div class=\" columns-2 uael-woo-products-inner uael-woo-product__column-2 uael-woo-product__column-tablet-3 uael-woo-product__column-mobile-1\"><ul class=\"products columns-2\">\n\n\n<li class=\" a peu amb guia baixa mig dia muntanyes de llaberia-tivissa-vandell\u00f2s sud de catalunya viatges culturals viatges natural\u00edstics post-3947 product first instock shipping-taxable purchasable product-type-variable has-default-attributes\">\n\t<div class=\"uael-woo-product-wrapper uael-prod-auto-align-disabled\">\n\t\t<div class=\"uael-woo-products-thumbnail-wrap\"><div class=\"uael-flash-container \"><\/div><a href=\"https:\/\/elbrogit.com\/ca\/product\/escape-room-operacio-joan-miro\/\" class=\"woocommerce-LoopProduct-link woocommerce-loop-product__link\"><img loading=\"lazy\" decoding=\"async\" width=\"300\" height=\"168\" src=\"https:\/\/elbrogit.com\/wp-content\/uploads\/Operaci\u00f3JoanMir\u00f3_TV3-300x168.jpg\" class=\"attachment-woocommerce_thumbnail size-woocommerce_thumbnail\" alt=\"Escape Room a la natura\" srcset=\"https:\/\/elbrogit.com\/wp-content\/uploads\/Operaci\u00f3JoanMir\u00f3_TV3-300x168.jpg 300w, https:\/\/elbrogit.com\/wp-content\/uploads\/Operaci\u00f3JoanMir\u00f3_TV3.jpg 558w\" sizes=\"(max-width: 300px) 100vw, 300px\" \/><\/a><\/div><div class=\"uael-woo-products-summary-wrap uael-auto-align-disabled\"><a href=\"https:\/\/elbrogit.com\/ca\/product\/escape-room-operacio-joan-miro\/\" class=\"uael-loop-product__link\"><h2 class=\"woocommerce-loop-product__title\">Operaci\u00f3 Mont-roig!<\/h2><\/a>\n\t<span class=\"price\"><span class=\"woocommerce-Price-amount amount\"><bdi>20<span class=\"woocommerce-Price-currencySymbol\">&euro;<\/span><\/bdi><\/span> &ndash; <span class=\"woocommerce-Price-amount amount\"><bdi>25<span class=\"woocommerce-Price-currencySymbol\">&euro;<\/span><\/bdi><\/span><\/span>\n<\/div>\t<\/div>\n<\/li>\n\n\n<li class=\" a peu amb guia baixa costa de terres de l&#039;ebre excursions per la costa mig dia muntanyes de llaberia-tivissa-vandell\u00f2s sud de catalunya vacances hist\u00f2riques viatges culturals post-3948 product last instock shipping-taxable purchasable product-type-simple\">\n\t<div class=\"uael-woo-product-wrapper uael-prod-auto-align-disabled\">\n\t\t<div class=\"uael-woo-products-thumbnail-wrap\"><div class=\"uael-flash-container \"><\/div><a href=\"https:\/\/elbrogit.com\/ca\/product\/escape-room-platja\/\" class=\"woocommerce-LoopProduct-link woocommerce-loop-product__link\"><img loading=\"lazy\" decoding=\"async\" width=\"300\" height=\"200\" src=\"https:\/\/elbrogit.com\/wp-content\/uploads\/0C2A7637_resize-300x200.jpg\" class=\"attachment-woocommerce_thumbnail size-woocommerce_thumbnail\" alt=\"\" srcset=\"https:\/\/elbrogit.com\/wp-content\/uploads\/0C2A7637_resize-300x200.jpg 300w, https:\/\/elbrogit.com\/wp-content\/uploads\/0C2A7637_resize-600x400.jpg 600w, https:\/\/elbrogit.com\/wp-content\/uploads\/0C2A7637_resize-1024x683.jpg 1024w, https:\/\/elbrogit.com\/wp-content\/uploads\/0C2A7637_resize-768x512.jpg 768w, https:\/\/elbrogit.com\/wp-content\/uploads\/0C2A7637_resize-1536x1024.jpg 1536w, https:\/\/elbrogit.com\/wp-content\/uploads\/0C2A7637_resize-2048x1366.jpg 2048w\" sizes=\"(max-width: 300px) 100vw, 300px\" \/><\/a><\/div><div class=\"uael-woo-products-summary-wrap uael-auto-align-disabled\"><a href=\"https:\/\/elbrogit.com\/ca\/product\/escape-room-platja\/\" class=\"uael-loop-product__link\"><h2 class=\"woocommerce-loop-product__title\">Moros a la costa!<\/h2><\/a>\n\t<span class=\"price\"><span class=\"woocommerce-Price-amount amount\"><bdi>15<span class=\"woocommerce-Price-currencySymbol\">&euro;<\/span><\/bdi><\/span><\/span>\n<\/div>\t<\/div>\n<\/li>\n<\/ul>\n<\/div><\/div>\t\t\t\t<\/div>\n\t\t\t\t<\/div>\n\t\t\t\t\t<\/div>\n\t\t<\/div>\n\t\t\t\t\t<\/div>\n\t\t<\/section>\n\t\t\t\t<section data-particle_enable=\"false\" data-particle-mobile-disabled=\"false\" class=\"elementor-section elementor-top-section elementor-element elementor-element-6724323 elementor-section-boxed elementor-section-height-default elementor-section-height-default\" data-id=\"6724323\" data-element_type=\"section\">\n\t\t\t\t\t\t<div class=\"elementor-container elementor-column-gap-default\">\n\t\t\t\t\t<div class=\"elementor-column elementor-col-33 elementor-top-column elementor-element elementor-element-237ea90\" data-id=\"237ea90\" data-element_type=\"column\">\n\t\t\t<div class=\"elementor-widget-wrap elementor-element-populated\">\n\t\t\t\t\t\t<div class=\"elementor-element elementor-element-806c598 elementor-widget elementor-widget-text-editor\" data-id=\"806c598\" data-element_type=\"widget\" data-widget_type=\"text-editor.default\">\n\t\t\t\t<div class=\"elementor-widget-container\">\n\t\t\t\t\t\t\t\t\t<p><a href=\"http:\/\/www.otherworldescapes.com\/blog-post\/10-health-benefits-from-playing-an-escape-room\/\" target=\"_blank\" rel=\"attachment noopener wp-att-5765 noreferrer\"><img loading=\"lazy\" decoding=\"async\" class=\" wp-image-5957 size-medium\" src=\"https:\/\/www.elbrogit.com\/wp-content\/uploads\/\/EscapeRoomBenefits-164x300.png\" alt=\"\" width=\"164\" height=\"300\" \/><\/a><\/p>\n\t\t\t\t\t\t\t\t<\/div>\n\t\t\t\t<\/div>\n\t\t\t\t\t<\/div>\n\t\t<\/div>\n\t\t\t\t<div class=\"elementor-column elementor-col-66 elementor-top-column elementor-element elementor-element-623f52e\" data-id=\"623f52e\" data-element_type=\"column\">\n\t\t\t<div class=\"elementor-widget-wrap elementor-element-populated\">\n\t\t\t\t\t\t<section data-particle_enable=\"false\" data-particle-mobile-disabled=\"false\" class=\"elementor-section elementor-inner-section elementor-element elementor-element-36c738f elementor-section-boxed elementor-section-height-default elementor-section-height-default\" data-id=\"36c738f\" data-element_type=\"section\">\n\t\t\t\t\t\t<div class=\"elementor-container elementor-column-gap-default\">\n\t\t\t\t\t<div class=\"elementor-column elementor-col-100 elementor-inner-column elementor-element elementor-element-b4d3f1e\" data-id=\"b4d3f1e\" data-element_type=\"column\">\n\t\t\t<div class=\"elementor-widget-wrap elementor-element-populated\">\n\t\t\t\t\t\t<div class=\"elementor-element elementor-element-cb5c018 elementor-widget elementor-widget-heading\" data-id=\"cb5c018\" data-element_type=\"widget\" data-widget_type=\"heading.default\">\n\t\t\t\t<div class=\"elementor-widget-container\">\n\t\t\t\t\t<h2 class=\"elementor-heading-title elementor-size-default\">L'Escape Room outdoors a la vostra mida<\/h2>\t\t\t\t<\/div>\n\t\t\t\t<\/div>\n\t\t\t\t\t<\/div>\n\t\t<\/div>\n\t\t\t\t\t<\/div>\n\t\t<\/section>\n\t\t\t\t<div class=\"elementor-element elementor-element-2e1eac2 elementor-widget elementor-widget-text-editor\" data-id=\"2e1eac2\" data-element_type=\"widget\" data-widget_type=\"text-editor.default\">\n\t\t\t\t<div class=\"elementor-widget-container\">\n\t\t\t\t\t\t\t\t\t<p>Voleu crear el vostre Escape Room personalitzat a l&#8217;aire lliure o a les vostres instal\u00b7lacions? Doncs no dubteu en posar-vos en contacte amb nosaltres per estudiar el vostre cas, som especialistes en adaptar el nostre escape room o crear-ne un de nou que s&#8217;ajusti als vostres requeriments, espais, nombre de visitants, hist\u00f2ria que vulgueu comunicar, projecte que us interessi divulgar, per dinamitzar un allotjament,&#8230;<\/p>\n<p>Per les activitats que tenim desenvolupades, tamb\u00e9 som flexibles a les vostres necessitats:<\/p>\n<ul>\n<li><strong>Sou un grup gran?<\/strong> Voleu fer una activitat de team building diferent? El Brogit, en col\u2022laboraci\u00f3 amb <a href=\"http:\/\/www.fixthehistory.com\/\" target=\"_blank\" rel=\"noopener noreferrer\">Fix the History,<\/a> us proposem una experi\u00e8ncia \u00fanica a Catalunya per a grups nombrosos. Una activitat pensada per grups entre 15 i 24 persones, per gaudir d\u2019una experi\u00e8ncia on la intriga de l\u2019escape room es combina amb l\u2019activitat saludable a l\u2019aire lliure per un dels entorns m\u00e9s espectaculars del nostre territori. Per grups m\u00e9s grans de 24 persones no dubteu en contactar-nos!<\/li>\n<li><strong>Sou un grup petit?<\/strong> Cap problema, mirem com adaptar-ho a les vostres necessitats i us ajustem el pressupost en funci\u00f3 del nombre de persones i l&#8217;espai on ha de tenir lloc l&#8217;activitat.<\/li>\n<\/ul>\n<p>Voleu saber-ne m\u00e9s? <a href=\"https:\/\/www.elbrogit.com\/ca\/contacteu-amb-nosaltres\/\">Feu-nos arribar els vostres dubtes i peticions!<\/a><\/p>\n\t\t\t\t\t\t\t\t<\/div>\n\t\t\t\t<\/div>\n\t\t\t\t\t<\/div>\n\t\t<\/div>\n\t\t\t\t\t<\/div>\n\t\t<\/section>\n\t\t\t\t<\/div>\n\t\t","protected":false},"excerpt":{"rendered":"<p>Qu\u00e8 \u00e9s un Escape Room? I a la natura, a l&#8217;aire lliure? Un Escape Room \u00e9s una experi\u00e8ncia \u00fanica que us transportar\u00e0 a un m\u00f3n de fantasia on, durant 60 minuts, haureu de fer \u00fas de la l\u00f2gica, la capacitat d\u2019observaci\u00f3 i el treball en equip, afrontant tot tipus de jocs i enigmes amb l\u2019objectiu [&hellip;]<\/p>\n","protected":false},"author":1,"featured_media":0,"parent":0,"menu_order":0,"comment_status":"open","ping_status":"open","template":"elementor_header_footer","meta":{"_acf_changed":false,"footnotes":""},"class_list":["post-6800","page","type-page","status-publish","hentry"],"acf":[],"yoast_head":"<!-- This site is optimized with the Yoast SEO plugin v25.1 - https:\/\/yoast.com\/wordpress\/plugins\/seo\/ -->\n<title>Escape Room Outdoors, a l&#039;exterior i en plena natura! - Senderisme i Enoturisme a Catalunya<\/title>\n<meta name=\"robots\" content=\"index, follow, max-snippet:-1, max-image-preview:large, max-video-preview:-1\" \/>\n<link rel=\"canonical\" href=\"https:\/\/elbrogit.com\/ca\/escape-room-outdoors-tarragona\/\" \/>\n<meta property=\"og:locale\" content=\"ca_ES\" \/>\n<meta property=\"og:type\" content=\"article\" \/>\n<meta property=\"og:title\" content=\"Escape Room Outdoors, a l&#039;exterior i en plena natura! - Senderisme i Enoturisme a Catalunya\" \/>\n<meta property=\"og:description\" content=\"Qu\u00e8 \u00e9s un Escape Room? I a la natura, a l&#8217;aire lliure? Un Escape Room \u00e9s una experi\u00e8ncia \u00fanica que us transportar\u00e0 a un m\u00f3n de fantasia on, durant 60 minuts, haureu de fer \u00fas de la l\u00f2gica, la capacitat d\u2019observaci\u00f3 i el treball en equip, afrontant tot tipus de jocs i enigmes amb l\u2019objectiu [&hellip;]\" \/>\n<meta property=\"og:url\" content=\"https:\/\/elbrogit.com\/ca\/escape-room-outdoors-tarragona\/\" \/>\n<meta property=\"og:site_name\" content=\"Senderisme i Enoturisme a Catalunya\" \/>\n<meta property=\"article:publisher\" content=\"http:\/\/www.facebook.com\/brogit.guiatges\" \/>\n<meta property=\"article:modified_time\" content=\"2025-01-14T21:27:58+00:00\" \/>\n<meta name=\"twitter:card\" content=\"summary_large_image\" \/>\n<meta name=\"twitter:site\" content=\"@elbrogit\" \/>\n<meta name=\"twitter:label1\" content=\"Temps estimat de lectura\" \/>\n\t<meta name=\"twitter:data1\" content=\"4 minuts\" \/>\n<script type=\"application\/ld+json\" class=\"yoast-schema-graph\">{\"@context\":\"https:\/\/schema.org\",\"@graph\":[{\"@type\":\"WebPage\",\"@id\":\"https:\/\/elbrogit.com\/ca\/escape-room-outdoors-tarragona\/\",\"url\":\"https:\/\/elbrogit.com\/ca\/escape-room-outdoors-tarragona\/\",\"name\":\"Escape Room Outdoors, a l'exterior i en plena natura! - Senderisme i Enoturisme a Catalunya\",\"isPartOf\":{\"@id\":\"https:\/\/elbrogit.com\/ca\/#website\"},\"primaryImageOfPage\":{\"@id\":\"https:\/\/elbrogit.com\/ca\/escape-room-outdoors-tarragona\/#primaryimage\"},\"image\":{\"@id\":\"https:\/\/elbrogit.com\/ca\/escape-room-outdoors-tarragona\/#primaryimage\"},\"thumbnailUrl\":\"https:\/\/www.elbrogit.com\/wp-content\/uploads\/\/Escape-room-outdoor-Miro3-300x225.jpg\",\"datePublished\":\"2020-09-08T13:47:28+00:00\",\"dateModified\":\"2025-01-14T21:27:58+00:00\",\"breadcrumb\":{\"@id\":\"https:\/\/elbrogit.com\/ca\/escape-room-outdoors-tarragona\/#breadcrumb\"},\"inLanguage\":\"ca\",\"potentialAction\":[{\"@type\":\"ReadAction\",\"target\":[\"https:\/\/elbrogit.com\/ca\/escape-room-outdoors-tarragona\/\"]}]},{\"@type\":\"ImageObject\",\"inLanguage\":\"ca\",\"@id\":\"https:\/\/elbrogit.com\/ca\/escape-room-outdoors-tarragona\/#primaryimage\",\"url\":\"https:\/\/www.elbrogit.com\/wp-content\/uploads\/\/Escape-room-outdoor-Miro3-300x225.jpg\",\"contentUrl\":\"https:\/\/www.elbrogit.com\/wp-content\/uploads\/\/Escape-room-outdoor-Miro3-300x225.jpg\"},{\"@type\":\"BreadcrumbList\",\"@id\":\"https:\/\/elbrogit.com\/ca\/escape-room-outdoors-tarragona\/#breadcrumb\",\"itemListElement\":[{\"@type\":\"ListItem\",\"position\":1,\"name\":\"Home\",\"item\":\"https:\/\/elbrogit.com\/ca\/\"},{\"@type\":\"ListItem\",\"position\":2,\"name\":\"Escape Room Outdoors, a l&#8217;exterior i en plena natura!\"}]},{\"@type\":\"WebSite\",\"@id\":\"https:\/\/elbrogit.com\/ca\/#website\",\"url\":\"https:\/\/elbrogit.com\/ca\/\",\"name\":\"Senderisme i Enoturisme a Catalunya\",\"description\":\"Ecotourism, walking, wine tourism and cultural holidays in Catalonia\",\"publisher\":{\"@id\":\"https:\/\/elbrogit.com\/ca\/#organization\"},\"potentialAction\":[{\"@type\":\"SearchAction\",\"target\":{\"@type\":\"EntryPoint\",\"urlTemplate\":\"https:\/\/elbrogit.com\/ca\/?s={search_term_string}\"},\"query-input\":{\"@type\":\"PropertyValueSpecification\",\"valueRequired\":true,\"valueName\":\"search_term_string\"}}],\"inLanguage\":\"ca\"},{\"@type\":\"Organization\",\"@id\":\"https:\/\/elbrogit.com\/ca\/#organization\",\"name\":\"Senderisme i Enoturisme a Catalunya\",\"url\":\"https:\/\/elbrogit.com\/ca\/\",\"logo\":{\"@type\":\"ImageObject\",\"inLanguage\":\"ca\",\"@id\":\"https:\/\/elbrogit.com\/ca\/#\/schema\/logo\/image\/\",\"url\":\"https:\/\/elbrogit.com\/wp-content\/uploads\/cropped-LogoBrogitWeb.jpg\",\"contentUrl\":\"https:\/\/elbrogit.com\/wp-content\/uploads\/cropped-LogoBrogitWeb.jpg\",\"width\":161,\"height\":108,\"caption\":\"Senderisme i Enoturisme a Catalunya\"},\"image\":{\"@id\":\"https:\/\/elbrogit.com\/ca\/#\/schema\/logo\/image\/\"},\"sameAs\":[\"http:\/\/www.facebook.com\/brogit.guiatges\",\"https:\/\/x.com\/elbrogit\"]}]}<\/script>\n<!-- \/ Yoast SEO plugin. -->","yoast_head_json":{"title":"Escape Room Outdoors, a l'exterior i en plena natura! - Senderisme i Enoturisme a Catalunya","robots":{"index":"index","follow":"follow","max-snippet":"max-snippet:-1","max-image-preview":"max-image-preview:large","max-video-preview":"max-video-preview:-1"},"canonical":"https:\/\/elbrogit.com\/ca\/escape-room-outdoors-tarragona\/","og_locale":"ca_ES","og_type":"article","og_title":"Escape Room Outdoors, a l'exterior i en plena natura! - Senderisme i Enoturisme a Catalunya","og_description":"Qu\u00e8 \u00e9s un Escape Room? I a la natura, a l&#8217;aire lliure? Un Escape Room \u00e9s una experi\u00e8ncia \u00fanica que us transportar\u00e0 a un m\u00f3n de fantasia on, durant 60 minuts, haureu de fer \u00fas de la l\u00f2gica, la capacitat d\u2019observaci\u00f3 i el treball en equip, afrontant tot tipus de jocs i enigmes amb l\u2019objectiu [&hellip;]","og_url":"https:\/\/elbrogit.com\/ca\/escape-room-outdoors-tarragona\/","og_site_name":"Senderisme i Enoturisme a Catalunya","article_publisher":"http:\/\/www.facebook.com\/brogit.guiatges","article_modified_time":"2025-01-14T21:27:58+00:00","twitter_card":"summary_large_image","twitter_site":"@elbrogit","twitter_misc":{"Temps estimat de lectura":"4 minuts"},"schema":{"@context":"https:\/\/schema.org","@graph":[{"@type":"WebPage","@id":"https:\/\/elbrogit.com\/ca\/escape-room-outdoors-tarragona\/","url":"https:\/\/elbrogit.com\/ca\/escape-room-outdoors-tarragona\/","name":"Escape Room Outdoors, a l'exterior i en plena natura! - Senderisme i Enoturisme a Catalunya","isPartOf":{"@id":"https:\/\/elbrogit.com\/ca\/#website"},"primaryImageOfPage":{"@id":"https:\/\/elbrogit.com\/ca\/escape-room-outdoors-tarragona\/#primaryimage"},"image":{"@id":"https:\/\/elbrogit.com\/ca\/escape-room-outdoors-tarragona\/#primaryimage"},"thumbnailUrl":"https:\/\/www.elbrogit.com\/wp-content\/uploads\/\/Escape-room-outdoor-Miro3-300x225.jpg","datePublished":"2020-09-08T13:47:28+00:00","dateModified":"2025-01-14T21:27:58+00:00","breadcrumb":{"@id":"https:\/\/elbrogit.com\/ca\/escape-room-outdoors-tarragona\/#breadcrumb"},"inLanguage":"ca","potentialAction":[{"@type":"ReadAction","target":["https:\/\/elbrogit.com\/ca\/escape-room-outdoors-tarragona\/"]}]},{"@type":"ImageObject","inLanguage":"ca","@id":"https:\/\/elbrogit.com\/ca\/escape-room-outdoors-tarragona\/#primaryimage","url":"https:\/\/www.elbrogit.com\/wp-content\/uploads\/\/Escape-room-outdoor-Miro3-300x225.jpg","contentUrl":"https:\/\/www.elbrogit.com\/wp-content\/uploads\/\/Escape-room-outdoor-Miro3-300x225.jpg"},{"@type":"BreadcrumbList","@id":"https:\/\/elbrogit.com\/ca\/escape-room-outdoors-tarragona\/#breadcrumb","itemListElement":[{"@type":"ListItem","position":1,"name":"Home","item":"https:\/\/elbrogit.com\/ca\/"},{"@type":"ListItem","position":2,"name":"Escape Room Outdoors, a l&#8217;exterior i en plena natura!"}]},{"@type":"WebSite","@id":"https:\/\/elbrogit.com\/ca\/#website","url":"https:\/\/elbrogit.com\/ca\/","name":"Senderisme i Enoturisme a Catalunya","description":"Ecotourism, walking, wine tourism and cultural holidays in Catalonia","publisher":{"@id":"https:\/\/elbrogit.com\/ca\/#organization"},"potentialAction":[{"@type":"SearchAction","target":{"@type":"EntryPoint","urlTemplate":"https:\/\/elbrogit.com\/ca\/?s={search_term_string}"},"query-input":{"@type":"PropertyValueSpecification","valueRequired":true,"valueName":"search_term_string"}}],"inLanguage":"ca"},{"@type":"Organization","@id":"https:\/\/elbrogit.com\/ca\/#organization","name":"Senderisme i Enoturisme a Catalunya","url":"https:\/\/elbrogit.com\/ca\/","logo":{"@type":"ImageObject","inLanguage":"ca","@id":"https:\/\/elbrogit.com\/ca\/#\/schema\/logo\/image\/","url":"https:\/\/elbrogit.com\/wp-content\/uploads\/cropped-LogoBrogitWeb.jpg","contentUrl":"https:\/\/elbrogit.com\/wp-content\/uploads\/cropped-LogoBrogitWeb.jpg","width":161,"height":108,"caption":"Senderisme i Enoturisme a Catalunya"},"image":{"@id":"https:\/\/elbrogit.com\/ca\/#\/schema\/logo\/image\/"},"sameAs":["http:\/\/www.facebook.com\/brogit.guiatges","https:\/\/x.com\/elbrogit"]}]}},"jetpack_sharing_enabled":true,"_links":{"self":[{"href":"https:\/\/elbrogit.com\/ca\/wp-json\/wp\/v2\/pages\/6800","targetHints":{"allow":["GET"]}}],"collection":[{"href":"https:\/\/elbrogit.com\/ca\/wp-json\/wp\/v2\/pages"}],"about":[{"href":"https:\/\/elbrogit.com\/ca\/wp-json\/wp\/v2\/types\/page"}],"author":[{"embeddable":true,"href":"https:\/\/elbrogit.com\/ca\/wp-json\/wp\/v2\/users\/1"}],"replies":[{"embeddable":true,"href":"https:\/\/elbrogit.com\/ca\/wp-json\/wp\/v2\/comments?post=6800"}],"version-history":[{"count":5,"href":"https:\/\/elbrogit.com\/ca\/wp-json\/wp\/v2\/pages\/6800\/revisions"}],"predecessor-version":[{"id":13803,"href":"https:\/\/elbrogit.com\/ca\/wp-json\/wp\/v2\/pages\/6800\/revisions\/13803"}],"wp:attachment":[{"href":"https:\/\/elbrogit.com\/ca\/wp-json\/wp\/v2\/media?parent=6800"}],"curies":[{"name":"wp","href":"https:\/\/api.w.org\/{rel}","templated":true}]}}