{"id":6803,"date":"2020-09-08T15:50:29","date_gmt":"2020-09-08T13:50:29","guid":{"rendered":"https:\/\/elbrogit.com\/fem-parc-projecte-decoturisme-catalunya\/"},"modified":"2020-09-11T18:12:50","modified_gmt":"2020-09-11T16:12:50","slug":"fem-parc-projecte-ecoturisme-a-catalunya","status":"publish","type":"page","link":"https:\/\/elbrogit.com\/ca\/fem-parc-projecte-ecoturisme-a-catalunya\/","title":{"rendered":"Fem Parc, projecte d&#8217;ecoturisme Catalunya"},"content":{"rendered":"\t\t<div data-elementor-type=\"wp-page\" data-elementor-id=\"6803\" class=\"elementor elementor-6803 elementor-219\" data-elementor-post-type=\"page\">\n\t\t\t\t\t\t<section data-particle_enable=\"false\" data-particle-mobile-disabled=\"false\" class=\"elementor-section elementor-top-section elementor-element elementor-element-77c2e7be elementor-section-boxed elementor-section-height-default elementor-section-height-default\" data-id=\"77c2e7be\" data-element_type=\"section\">\n\t\t\t\t\t\t<div class=\"elementor-container elementor-column-gap-default\">\n\t\t\t\t\t<div class=\"elementor-column elementor-col-33 elementor-top-column elementor-element elementor-element-7b82550c\" data-id=\"7b82550c\" data-element_type=\"column\">\n\t\t\t<div class=\"elementor-widget-wrap elementor-element-populated\">\n\t\t\t\t\t\t<div class=\"elementor-element elementor-element-5f6b7499 elementor-widget elementor-widget-text-editor\" data-id=\"5f6b7499\" data-element_type=\"widget\" data-widget_type=\"text-editor.default\">\n\t\t\t\t<div class=\"elementor-widget-container\">\n\t\t\t\t\t\t\t\t\t<p>\u00a0<img decoding=\"async\" class=\"size-full wp-image-2389\" src=\"http:\/\/www.elbrogit.com\/wp-content\/uploads\/FemParc_petit.gif\" alt=\"Fem Parc Ecoturisme\" width=\"272\" height=\"126\" \/>\u00a0<\/p>\n\t\t\t\t\t\t\t\t<\/div>\n\t\t\t\t<\/div>\n\t\t\t\t\t<\/div>\n\t\t<\/div>\n\t\t\t\t<div class=\"elementor-column elementor-col-66 elementor-top-column elementor-element elementor-element-2908ede\" data-id=\"2908ede\" data-element_type=\"column\">\n\t\t\t<div class=\"elementor-widget-wrap elementor-element-populated\">\n\t\t\t\t\t\t<div class=\"elementor-element elementor-element-b470d82 elementor-widget elementor-widget-heading\" data-id=\"b470d82\" data-element_type=\"widget\" data-widget_type=\"heading.default\">\n\t\t\t\t<div class=\"elementor-widget-container\">\n\t\t\t\t\t<h2 class=\"elementor-heading-title elementor-size-default\">Projecte Fem Parc<\/h2>\t\t\t\t<\/div>\n\t\t\t\t<\/div>\n\t\t\t\t<div class=\"elementor-element elementor-element-0d3fdc6 elementor-widget elementor-widget-text-editor\" data-id=\"0d3fdc6\" data-element_type=\"widget\" data-widget_type=\"text-editor.default\">\n\t\t\t\t<div class=\"elementor-widget-container\">\n\t\t\t\t\t\t\t\t\t<p>Fem Parc \u00e9s un projecte desenvolupat a Catalunya per promoure l\u2019ecoturisme en alguns dels seus parcs naturals, promovent l\u2019economia local respectant al mateix temps l\u2019entorn natural protegit. El projecte vol que els habitants que viuen als espais protegits i els seus voltants entenguin els beneficis positius per la seva economia, en compte de veure\u2019ls com una font de limitacions a la seva vida di\u00e0ria. Al mateix temps els vol enorgullir del seu propi territori, fent-los conscients del seu impressionant patrimoni natural i cultural.<\/p>\n<p>A mitj\u00e0 termini, aquest projecte tamb\u00e9 hauria de contribuir a la creaci\u00f3 de nous llocs de treball i al suport pel manteniment de les activitats tradicionals, productes i serveis locals, promovent-los i desenvolupant activitats perqu\u00e8 els turistes ho puguin experimentar per ells mateixos. Aquests s\u00f3n els Parcs Naturals inclosos en el projecte:<\/p>\n<ul>\n<li>Parc Natural de l\u2019Alt Pirineu<\/li>\n<li>Parc Nacional d\u2019Aig\u00fcestortes i Estany de Sant Maurici<\/li>\n<li>Parc Natural del Cad\u00ed-Moixer\u00f3<\/li>\n<li>Parc Natural de la Zona Volc\u00e0nica de la Garrotxa<\/li>\n<li>Parc Natural dels Ports<\/li>\n<li>Parc Natural de la Serra de Montsant.<\/li>\n<\/ul>\n\t\t\t\t\t\t\t\t<\/div>\n\t\t\t\t<\/div>\n\t\t\t\t\t<\/div>\n\t\t<\/div>\n\t\t\t\t\t<\/div>\n\t\t<\/section>\n\t\t\t\t<section data-particle_enable=\"false\" data-particle-mobile-disabled=\"false\" class=\"elementor-section elementor-top-section elementor-element elementor-element-61376d9 elementor-section-boxed elementor-section-height-default elementor-section-height-default\" data-id=\"61376d9\" data-element_type=\"section\">\n\t\t\t\t\t\t<div class=\"elementor-container elementor-column-gap-default\">\n\t\t\t\t\t<div class=\"elementor-column elementor-col-33 elementor-top-column elementor-element elementor-element-c9f6d55\" data-id=\"c9f6d55\" data-element_type=\"column\">\n\t\t\t<div class=\"elementor-widget-wrap elementor-element-populated\">\n\t\t\t\t\t\t<div class=\"elementor-element elementor-element-15a47b7 elementor-widget elementor-widget-text-editor\" data-id=\"15a47b7\" data-element_type=\"widget\" data-widget_type=\"text-editor.default\">\n\t\t\t\t<div class=\"elementor-widget-container\">\n\t\t\t\t\t\t\t\t\t<p><a href=\"http:\/\/parcsnaturals.gencat.cat\/web\/.content\/home\/serra_de_montsant\/visitans\/guia_de_visita\/planol\/1.pdf\" target=\"_blank\" rel=\"noopener noreferrer\"><img fetchpriority=\"high\" decoding=\"async\" src=\"http:\/\/www.elbrogit.com\/tl_files\/BrogitGuiatges\/web\/Montsant_Parc.jpg\" alt=\"\" width=\"274\" height=\"197\" \/><\/a><\/p>\n<p>Parc Natural de Montsant (clic per engrandir la imatge)<\/p>\n<p><a href=\"http:\/\/parcsnaturals.gencat.cat\/ca\/serra-montsant\" target=\"_blank\" rel=\"noopener noreferrer\"><img decoding=\"async\" class=\"aligncenter\" src=\"http:\/\/www.elbrogit.com\/tl_files\/BrogitGuiatges\/web\/PNMontsant_logo.png\" alt=\"\" width=\"252\" height=\"85\" \/><\/a><span style=\"font-size: 1rem;\">\u00a0<\/span><\/p>\n\t\t\t\t\t\t\t\t<\/div>\n\t\t\t\t<\/div>\n\t\t\t\t\t<\/div>\n\t\t<\/div>\n\t\t\t\t<div class=\"elementor-column elementor-col-66 elementor-top-column elementor-element elementor-element-a788c50\" data-id=\"a788c50\" data-element_type=\"column\">\n\t\t\t<div class=\"elementor-widget-wrap elementor-element-populated\">\n\t\t\t\t\t\t<div class=\"elementor-element elementor-element-ecd919f elementor-widget elementor-widget-heading\" data-id=\"ecd919f\" data-element_type=\"widget\" data-widget_type=\"heading.default\">\n\t\t\t\t<div class=\"elementor-widget-container\">\n\t\t\t\t\t<h2 class=\"elementor-heading-title elementor-size-default\">Fem Parc a la Serra de Montsant<\/h2>\t\t\t\t<\/div>\n\t\t\t\t<\/div>\n\t\t\t\t<div class=\"elementor-element elementor-element-2ed3a30 elementor-widget elementor-widget-text-editor\" data-id=\"2ed3a30\" data-element_type=\"widget\" data-widget_type=\"text-editor.default\">\n\t\t\t\t<div class=\"elementor-widget-container\">\n\t\t\t\t\t\t\t\t\t<p>El Parc Natural de Montsant<strong> \u00e9s un mass\u00eds muntany\u00f3s d\u2019uns 135 km2, una muntanya santa (mont-sant) ben coneguda des d\u2019antic per eremites<\/strong> i ascetes que buscaven una vida contemplative en contacte real amb la natura i d\u00e9u. <a href=\"https:\/\/www.elbrogit.com\/ca\/senderisme-excursions-parc-natural-montsant-priorat\/\">Feu click aqu\u00ed per m\u00e9s informaci\u00f3 i altres idees de viatge i activitats per descobrir el Parc Natural de Montsant,<\/a> per\u00f2 en aquesta p\u00e0gina nom\u00e9s us mostrarem les estrictament relacionades amb el projecte Fem Parc. A Montsant, la idea era promoure els seg\u00fcents eixos principals d\u2019aquest espai natural:<\/p><ul><li><strong>Espiritualitat,<\/strong> estretament lligada a la tradici\u00f3 mil\u00b7len\u00e0ria d\u2019eremitisme i les diferents ermites que es poden visitar, amb especial menci\u00f3 al monestir cartoix\u00e0 d\u2019Scaladei.<\/li><li><strong>Gastronomia,<\/strong> que es pot tastar a trav\u00e9s dels productes d\u2019alta qualitat elaborats a la zona, com l\u2019oli ecol\u00f2gic o els mundialment coneguts vins de les dues denominacions d\u2019origen, DOQ Priorat i DO Montsant.<\/li><li><strong>La fauna,<\/strong> representada per la tortuga mediterr\u00e0nia, amb diferents poblacions al Parc Natural de Montsant.<\/li><\/ul><p>A continuaci\u00f3 teniu diferents idees de viatge desenvolupades durant el projecte Fem Parc. Per\u00f2<strong> si no trobeu el que esteu buscant, no dubteu en contactar-nos. Us podem crear la vostra experi\u00e8ncia a mida al Priorat.<\/strong><\/p><p>Per altra banda, gaudint d\u2019aquests viatges <strong>esteu contribuint un 5% a projectes de conservaci\u00f3 <\/strong>del Parc Natural de Montsant!<\/p><p><span style=\"color: #808000;\"><strong>Algunes idees de viatge al Parc Natural de la Serra de Montsant<\/strong><\/span><\/p>\t\t\t\t\t\t\t\t<\/div>\n\t\t\t\t<\/div>\n\t\t\t\t<section data-particle_enable=\"false\" data-particle-mobile-disabled=\"false\" class=\"elementor-section elementor-inner-section elementor-element elementor-element-42b1af3 elementor-section-boxed elementor-section-height-default elementor-section-height-default\" data-id=\"42b1af3\" data-element_type=\"section\">\n\t\t\t\t\t\t<div class=\"elementor-container elementor-column-gap-default\">\n\t\t\t\t\t<div class=\"elementor-column elementor-col-100 elementor-inner-column elementor-element elementor-element-737709a\" data-id=\"737709a\" data-element_type=\"column\">\n\t\t\t<div class=\"elementor-widget-wrap elementor-element-populated\">\n\t\t\t\t\t\t<div class=\"elementor-element elementor-element-05248cf uael-woo--align-center uael-sale-flash-circle uael-featured-flash-circle elementor-widget elementor-widget-uael-woo-products\" data-id=\"05248cf\" data-element_type=\"widget\" data-settings=\"{&quot;products_columns&quot;:&quot;2&quot;,&quot;products_columns_tablet&quot;:&quot;3&quot;,&quot;products_columns_mobile&quot;:&quot;1&quot;}\" data-widget_type=\"uael-woo-products.grid-default\">\n\t\t\t\t<div class=\"elementor-widget-container\">\n\t\t\t\t\t\t\t<div class=\"uael-wooproducts-empty\">\n\t\t\t<p>No products were found matching your selection.<\/p>\n\t\t<\/div>\n\t\t\t\t\t\t<\/div>\n\t\t\t\t<\/div>\n\t\t\t\t\t<\/div>\n\t\t<\/div>\n\t\t\t\t\t<\/div>\n\t\t<\/section>\n\t\t\t\t\t<\/div>\n\t\t<\/div>\n\t\t\t\t\t<\/div>\n\t\t<\/section>\n\t\t\t\t<\/div>\n\t\t","protected":false},"excerpt":{"rendered":"<p>\u00a0\u00a0 Projecte Fem Parc Fem Parc \u00e9s un projecte desenvolupat a Catalunya per promoure l\u2019ecoturisme en alguns dels seus parcs naturals, promovent l\u2019economia local respectant al mateix temps l\u2019entorn natural protegit. El projecte vol que els habitants que viuen als espais protegits i els seus voltants entenguin els beneficis positius per la seva economia, en [&hellip;]<\/p>\n","protected":false},"author":1,"featured_media":0,"parent":0,"menu_order":0,"comment_status":"open","ping_status":"open","template":"elementor_header_footer","meta":{"_acf_changed":false,"footnotes":""},"class_list":["post-6803","page","type-page","status-publish","hentry"],"acf":[],"yoast_head":"<!-- This site is optimized with the Yoast SEO plugin v25.1 - https:\/\/yoast.com\/wordpress\/plugins\/seo\/ -->\n<title>Fem Parc, projecte d&#039;ecoturisme Catalunya - Senderisme i Enoturisme a Catalunya<\/title>\n<meta name=\"robots\" content=\"index, follow, max-snippet:-1, max-image-preview:large, max-video-preview:-1\" \/>\n<link rel=\"canonical\" href=\"https:\/\/elbrogit.com\/ca\/fem-parc-projecte-ecoturisme-a-catalunya\/\" \/>\n<meta property=\"og:locale\" content=\"ca_ES\" \/>\n<meta property=\"og:type\" content=\"article\" \/>\n<meta property=\"og:title\" content=\"Fem Parc, projecte d&#039;ecoturisme Catalunya - Senderisme i Enoturisme a Catalunya\" \/>\n<meta property=\"og:description\" content=\"\u00a0\u00a0 Projecte Fem Parc Fem Parc \u00e9s un projecte desenvolupat a Catalunya per promoure l\u2019ecoturisme en alguns dels seus parcs naturals, promovent l\u2019economia local respectant al mateix temps l\u2019entorn natural protegit. El projecte vol que els habitants que viuen als espais protegits i els seus voltants entenguin els beneficis positius per la seva economia, en [&hellip;]\" \/>\n<meta property=\"og:url\" content=\"https:\/\/elbrogit.com\/ca\/fem-parc-projecte-ecoturisme-a-catalunya\/\" \/>\n<meta property=\"og:site_name\" content=\"Senderisme i Enoturisme a Catalunya\" \/>\n<meta property=\"article:publisher\" content=\"http:\/\/www.facebook.com\/brogit.guiatges\" \/>\n<meta property=\"article:modified_time\" content=\"2020-09-11T16:12:50+00:00\" \/>\n<meta property=\"og:image\" content=\"http:\/\/www.elbrogit.com\/wp-content\/uploads\/FemParc_petit.gif\" \/>\n<meta name=\"twitter:card\" content=\"summary_large_image\" \/>\n<meta name=\"twitter:site\" content=\"@elbrogit\" \/>\n<meta name=\"twitter:label1\" content=\"Temps estimat de lectura\" \/>\n\t<meta name=\"twitter:data1\" content=\"2 minuts\" \/>\n<script type=\"application\/ld+json\" class=\"yoast-schema-graph\">{\"@context\":\"https:\/\/schema.org\",\"@graph\":[{\"@type\":\"WebPage\",\"@id\":\"https:\/\/elbrogit.com\/ca\/fem-parc-projecte-ecoturisme-a-catalunya\/\",\"url\":\"https:\/\/elbrogit.com\/ca\/fem-parc-projecte-ecoturisme-a-catalunya\/\",\"name\":\"Fem Parc, projecte d'ecoturisme Catalunya - Senderisme i Enoturisme a Catalunya\",\"isPartOf\":{\"@id\":\"https:\/\/elbrogit.com\/ca\/#website\"},\"primaryImageOfPage\":{\"@id\":\"https:\/\/elbrogit.com\/ca\/fem-parc-projecte-ecoturisme-a-catalunya\/#primaryimage\"},\"image\":{\"@id\":\"https:\/\/elbrogit.com\/ca\/fem-parc-projecte-ecoturisme-a-catalunya\/#primaryimage\"},\"thumbnailUrl\":\"http:\/\/www.elbrogit.com\/wp-content\/uploads\/FemParc_petit.gif\",\"datePublished\":\"2020-09-08T13:50:29+00:00\",\"dateModified\":\"2020-09-11T16:12:50+00:00\",\"breadcrumb\":{\"@id\":\"https:\/\/elbrogit.com\/ca\/fem-parc-projecte-ecoturisme-a-catalunya\/#breadcrumb\"},\"inLanguage\":\"ca\",\"potentialAction\":[{\"@type\":\"ReadAction\",\"target\":[\"https:\/\/elbrogit.com\/ca\/fem-parc-projecte-ecoturisme-a-catalunya\/\"]}]},{\"@type\":\"ImageObject\",\"inLanguage\":\"ca\",\"@id\":\"https:\/\/elbrogit.com\/ca\/fem-parc-projecte-ecoturisme-a-catalunya\/#primaryimage\",\"url\":\"http:\/\/www.elbrogit.com\/wp-content\/uploads\/FemParc_petit.gif\",\"contentUrl\":\"http:\/\/www.elbrogit.com\/wp-content\/uploads\/FemParc_petit.gif\"},{\"@type\":\"BreadcrumbList\",\"@id\":\"https:\/\/elbrogit.com\/ca\/fem-parc-projecte-ecoturisme-a-catalunya\/#breadcrumb\",\"itemListElement\":[{\"@type\":\"ListItem\",\"position\":1,\"name\":\"Home\",\"item\":\"https:\/\/elbrogit.com\/ca\/\"},{\"@type\":\"ListItem\",\"position\":2,\"name\":\"Fem Parc, projecte d&#8217;ecoturisme Catalunya\"}]},{\"@type\":\"WebSite\",\"@id\":\"https:\/\/elbrogit.com\/ca\/#website\",\"url\":\"https:\/\/elbrogit.com\/ca\/\",\"name\":\"Senderisme i Enoturisme a Catalunya\",\"description\":\"Ecotourism, walking, wine tourism and cultural holidays in Catalonia\",\"publisher\":{\"@id\":\"https:\/\/elbrogit.com\/ca\/#organization\"},\"potentialAction\":[{\"@type\":\"SearchAction\",\"target\":{\"@type\":\"EntryPoint\",\"urlTemplate\":\"https:\/\/elbrogit.com\/ca\/?s={search_term_string}\"},\"query-input\":{\"@type\":\"PropertyValueSpecification\",\"valueRequired\":true,\"valueName\":\"search_term_string\"}}],\"inLanguage\":\"ca\"},{\"@type\":\"Organization\",\"@id\":\"https:\/\/elbrogit.com\/ca\/#organization\",\"name\":\"Senderisme i Enoturisme a Catalunya\",\"url\":\"https:\/\/elbrogit.com\/ca\/\",\"logo\":{\"@type\":\"ImageObject\",\"inLanguage\":\"ca\",\"@id\":\"https:\/\/elbrogit.com\/ca\/#\/schema\/logo\/image\/\",\"url\":\"https:\/\/elbrogit.com\/wp-content\/uploads\/cropped-LogoBrogitWeb.jpg\",\"contentUrl\":\"https:\/\/elbrogit.com\/wp-content\/uploads\/cropped-LogoBrogitWeb.jpg\",\"width\":161,\"height\":108,\"caption\":\"Senderisme i Enoturisme a Catalunya\"},\"image\":{\"@id\":\"https:\/\/elbrogit.com\/ca\/#\/schema\/logo\/image\/\"},\"sameAs\":[\"http:\/\/www.facebook.com\/brogit.guiatges\",\"https:\/\/x.com\/elbrogit\"]}]}<\/script>\n<!-- \/ Yoast SEO plugin. -->","yoast_head_json":{"title":"Fem Parc, projecte d'ecoturisme Catalunya - Senderisme i Enoturisme a Catalunya","robots":{"index":"index","follow":"follow","max-snippet":"max-snippet:-1","max-image-preview":"max-image-preview:large","max-video-preview":"max-video-preview:-1"},"canonical":"https:\/\/elbrogit.com\/ca\/fem-parc-projecte-ecoturisme-a-catalunya\/","og_locale":"ca_ES","og_type":"article","og_title":"Fem Parc, projecte d'ecoturisme Catalunya - Senderisme i Enoturisme a Catalunya","og_description":"\u00a0\u00a0 Projecte Fem Parc Fem Parc \u00e9s un projecte desenvolupat a Catalunya per promoure l\u2019ecoturisme en alguns dels seus parcs naturals, promovent l\u2019economia local respectant al mateix temps l\u2019entorn natural protegit. El projecte vol que els habitants que viuen als espais protegits i els seus voltants entenguin els beneficis positius per la seva economia, en [&hellip;]","og_url":"https:\/\/elbrogit.com\/ca\/fem-parc-projecte-ecoturisme-a-catalunya\/","og_site_name":"Senderisme i Enoturisme a Catalunya","article_publisher":"http:\/\/www.facebook.com\/brogit.guiatges","article_modified_time":"2020-09-11T16:12:50+00:00","og_image":[{"url":"http:\/\/www.elbrogit.com\/wp-content\/uploads\/FemParc_petit.gif","type":"","width":"","height":""}],"twitter_card":"summary_large_image","twitter_site":"@elbrogit","twitter_misc":{"Temps estimat de lectura":"2 minuts"},"schema":{"@context":"https:\/\/schema.org","@graph":[{"@type":"WebPage","@id":"https:\/\/elbrogit.com\/ca\/fem-parc-projecte-ecoturisme-a-catalunya\/","url":"https:\/\/elbrogit.com\/ca\/fem-parc-projecte-ecoturisme-a-catalunya\/","name":"Fem Parc, projecte d'ecoturisme Catalunya - Senderisme i Enoturisme a Catalunya","isPartOf":{"@id":"https:\/\/elbrogit.com\/ca\/#website"},"primaryImageOfPage":{"@id":"https:\/\/elbrogit.com\/ca\/fem-parc-projecte-ecoturisme-a-catalunya\/#primaryimage"},"image":{"@id":"https:\/\/elbrogit.com\/ca\/fem-parc-projecte-ecoturisme-a-catalunya\/#primaryimage"},"thumbnailUrl":"http:\/\/www.elbrogit.com\/wp-content\/uploads\/FemParc_petit.gif","datePublished":"2020-09-08T13:50:29+00:00","dateModified":"2020-09-11T16:12:50+00:00","breadcrumb":{"@id":"https:\/\/elbrogit.com\/ca\/fem-parc-projecte-ecoturisme-a-catalunya\/#breadcrumb"},"inLanguage":"ca","potentialAction":[{"@type":"ReadAction","target":["https:\/\/elbrogit.com\/ca\/fem-parc-projecte-ecoturisme-a-catalunya\/"]}]},{"@type":"ImageObject","inLanguage":"ca","@id":"https:\/\/elbrogit.com\/ca\/fem-parc-projecte-ecoturisme-a-catalunya\/#primaryimage","url":"http:\/\/www.elbrogit.com\/wp-content\/uploads\/FemParc_petit.gif","contentUrl":"http:\/\/www.elbrogit.com\/wp-content\/uploads\/FemParc_petit.gif"},{"@type":"BreadcrumbList","@id":"https:\/\/elbrogit.com\/ca\/fem-parc-projecte-ecoturisme-a-catalunya\/#breadcrumb","itemListElement":[{"@type":"ListItem","position":1,"name":"Home","item":"https:\/\/elbrogit.com\/ca\/"},{"@type":"ListItem","position":2,"name":"Fem Parc, projecte d&#8217;ecoturisme Catalunya"}]},{"@type":"WebSite","@id":"https:\/\/elbrogit.com\/ca\/#website","url":"https:\/\/elbrogit.com\/ca\/","name":"Senderisme i Enoturisme a Catalunya","description":"Ecotourism, walking, wine tourism and cultural holidays in Catalonia","publisher":{"@id":"https:\/\/elbrogit.com\/ca\/#organization"},"potentialAction":[{"@type":"SearchAction","target":{"@type":"EntryPoint","urlTemplate":"https:\/\/elbrogit.com\/ca\/?s={search_term_string}"},"query-input":{"@type":"PropertyValueSpecification","valueRequired":true,"valueName":"search_term_string"}}],"inLanguage":"ca"},{"@type":"Organization","@id":"https:\/\/elbrogit.com\/ca\/#organization","name":"Senderisme i Enoturisme a Catalunya","url":"https:\/\/elbrogit.com\/ca\/","logo":{"@type":"ImageObject","inLanguage":"ca","@id":"https:\/\/elbrogit.com\/ca\/#\/schema\/logo\/image\/","url":"https:\/\/elbrogit.com\/wp-content\/uploads\/cropped-LogoBrogitWeb.jpg","contentUrl":"https:\/\/elbrogit.com\/wp-content\/uploads\/cropped-LogoBrogitWeb.jpg","width":161,"height":108,"caption":"Senderisme i Enoturisme a Catalunya"},"image":{"@id":"https:\/\/elbrogit.com\/ca\/#\/schema\/logo\/image\/"},"sameAs":["http:\/\/www.facebook.com\/brogit.guiatges","https:\/\/x.com\/elbrogit"]}]}},"jetpack_sharing_enabled":true,"_links":{"self":[{"href":"https:\/\/elbrogit.com\/ca\/wp-json\/wp\/v2\/pages\/6803","targetHints":{"allow":["GET"]}}],"collection":[{"href":"https:\/\/elbrogit.com\/ca\/wp-json\/wp\/v2\/pages"}],"about":[{"href":"https:\/\/elbrogit.com\/ca\/wp-json\/wp\/v2\/types\/page"}],"author":[{"embeddable":true,"href":"https:\/\/elbrogit.com\/ca\/wp-json\/wp\/v2\/users\/1"}],"replies":[{"embeddable":true,"href":"https:\/\/elbrogit.com\/ca\/wp-json\/wp\/v2\/comments?post=6803"}],"version-history":[{"count":3,"href":"https:\/\/elbrogit.com\/ca\/wp-json\/wp\/v2\/pages\/6803\/revisions"}],"predecessor-version":[{"id":7239,"href":"https:\/\/elbrogit.com\/ca\/wp-json\/wp\/v2\/pages\/6803\/revisions\/7239"}],"wp:attachment":[{"href":"https:\/\/elbrogit.com\/ca\/wp-json\/wp\/v2\/media?parent=6803"}],"curies":[{"name":"wp","href":"https:\/\/api.w.org\/{rel}","templated":true}]}}