{"id":6806,"date":"2020-09-08T15:52:57","date_gmt":"2020-09-08T13:52:57","guid":{"rendered":"https:\/\/elbrogit.com\/reserva-solidaria-per-la-cura-del-covid19\/"},"modified":"2020-09-08T15:53:17","modified_gmt":"2020-09-08T13:53:17","slug":"reserva-solidaria-coronavirus","status":"publish","type":"page","link":"https:\/\/elbrogit.com\/ca\/reserva-solidaria-coronavirus\/","title":{"rendered":"Reserva solid\u00e0ria per la cura del Covid19"},"content":{"rendered":"\t\t<div data-elementor-type=\"wp-page\" data-elementor-id=\"6806\" class=\"elementor elementor-6806 elementor-237\" data-elementor-post-type=\"page\">\n\t\t\t\t\t\t<section data-particle_enable=\"false\" data-particle-mobile-disabled=\"false\" class=\"elementor-section elementor-top-section elementor-element elementor-element-317e9b69 elementor-section-boxed elementor-section-height-default elementor-section-height-default\" data-id=\"317e9b69\" data-element_type=\"section\">\n\t\t\t\t\t\t<div class=\"elementor-container elementor-column-gap-default\">\n\t\t\t\t\t<div class=\"elementor-column elementor-col-100 elementor-top-column elementor-element elementor-element-612a1ddd\" data-id=\"612a1ddd\" data-element_type=\"column\">\n\t\t\t<div class=\"elementor-widget-wrap elementor-element-populated\">\n\t\t\t\t\t\t<div class=\"elementor-element elementor-element-3403916a elementor-widget elementor-widget-text-editor\" data-id=\"3403916a\" data-element_type=\"widget\" data-widget_type=\"text-editor.default\">\n\t\t\t\t<div class=\"elementor-widget-container\">\n\t\t\t\t\t\t\t\t\t<p><a href=\"https:\/\/www.elbrogit.com\/wp-content\/uploads\/Covid19Donacio-1.png\"><img fetchpriority=\"high\" decoding=\"async\" class=\"size-full wp-image-7397\" src=\"https:\/\/www.elbrogit.com\/wp-content\/uploads\/Covid19Donacio-1.png\" alt=\"Tu reserves ara, nosaltres donem el 15%\" width=\"940\" height=\"430\" \/><\/a> <\/p>\n\t\t\t\t\t\t\t\t<\/div>\n\t\t\t\t<\/div>\n\t\t\t\t\t<\/div>\n\t\t<\/div>\n\t\t\t\t\t<\/div>\n\t\t<\/section>\n\t\t\t\t<section data-particle_enable=\"false\" data-particle-mobile-disabled=\"false\" class=\"elementor-section elementor-top-section elementor-element elementor-element-b438f39 elementor-section-boxed elementor-section-height-default elementor-section-height-default\" data-id=\"b438f39\" data-element_type=\"section\">\n\t\t\t\t\t\t<div class=\"elementor-container elementor-column-gap-default\">\n\t\t\t\t\t<div class=\"elementor-column elementor-col-33 elementor-top-column elementor-element elementor-element-ad323a8\" data-id=\"ad323a8\" data-element_type=\"column\">\n\t\t\t<div class=\"elementor-widget-wrap elementor-element-populated\">\n\t\t\t\t\t\t<div class=\"elementor-element elementor-element-f72bfdd elementor-widget elementor-widget-text-editor\" data-id=\"f72bfdd\" data-element_type=\"widget\" data-widget_type=\"text-editor.default\">\n\t\t\t\t<div class=\"elementor-widget-container\">\n\t\t\t\t\t\t\t\t\t<p><a href=\"https:\/\/www.elbrogit.com\/wp-content\/uploads\/logos-fls.png\"><img decoding=\"async\" class=\"aligncenter wp-image-7404 size-full\" src=\"https:\/\/www.elbrogit.com\/wp-content\/uploads\/logos-fls.png\" alt=\"\" width=\"300\" height=\"120\" \/><\/a><a href=\"https:\/\/www.elbrogit.com\/wp-content\/uploads\/logos-gtp-new-e1585738060234.png\"><img decoding=\"async\" class=\"aligncenter size-full wp-image-7408\" src=\"https:\/\/www.elbrogit.com\/wp-content\/uploads\/logos-gtp-new-e1585738060234.png\" alt=\"\" width=\"130\" height=\"52\" \/><\/a><a href=\"https:\/\/www.elbrogit.com\/wp-content\/uploads\/logos-irsi.png\"><img loading=\"lazy\" decoding=\"async\" class=\"aligncenter wp-image-7412 size-full\" src=\"https:\/\/www.elbrogit.com\/wp-content\/uploads\/logos-irsi.png\" alt=\"\" width=\"300\" height=\"120\" \/><\/a><br \/>\nLet&#8217;s collaborate!<\/p>\n\t\t\t\t\t\t\t\t<\/div>\n\t\t\t\t<\/div>\n\t\t\t\t<section data-particle_enable=\"false\" data-particle-mobile-disabled=\"false\" class=\"elementor-section elementor-inner-section elementor-element elementor-element-151f7ee elementor-section-boxed elementor-section-height-default elementor-section-height-default\" data-id=\"151f7ee\" data-element_type=\"section\">\n\t\t\t\t\t\t<div class=\"elementor-container elementor-column-gap-default\">\n\t\t\t\t\t<div class=\"elementor-column elementor-col-100 elementor-inner-column elementor-element elementor-element-87078d2\" data-id=\"87078d2\" data-element_type=\"column\">\n\t\t\t<div class=\"elementor-widget-wrap elementor-element-populated\">\n\t\t\t\t\t\t<div class=\"elementor-element elementor-element-0a45c40 uael-woo--align-center uael-sale-flash-circle uael-featured-flash-circle elementor-widget elementor-widget-uael-woo-products\" data-id=\"0a45c40\" data-element_type=\"widget\" data-settings=\"{&quot;products_columns&quot;:&quot;1&quot;,&quot;products_columns_tablet&quot;:&quot;3&quot;,&quot;products_columns_mobile&quot;:&quot;1&quot;}\" data-widget_type=\"uael-woo-products.grid-default\">\n\t\t\t\t<div class=\"elementor-widget-container\">\n\t\t\t\t\t\t\t<div class=\"uael-wooproducts-empty\">\n\t\t\t<p>No products were found matching your selection.<\/p>\n\t\t<\/div>\n\t\t\t\t\t\t<\/div>\n\t\t\t\t<\/div>\n\t\t\t\t\t<\/div>\n\t\t<\/div>\n\t\t\t\t\t<\/div>\n\t\t<\/section>\n\t\t\t\t\t<\/div>\n\t\t<\/div>\n\t\t\t\t<div class=\"elementor-column elementor-col-66 elementor-top-column elementor-element elementor-element-4672a43\" data-id=\"4672a43\" data-element_type=\"column\">\n\t\t\t<div class=\"elementor-widget-wrap elementor-element-populated\">\n\t\t\t\t\t\t<div class=\"elementor-element elementor-element-7c1f8bc elementor-widget elementor-widget-heading\" data-id=\"7c1f8bc\" data-element_type=\"widget\" data-widget_type=\"heading.default\">\n\t\t\t\t<div class=\"elementor-widget-container\">\n\t\t\t\t\t<h2 class=\"elementor-heading-title elementor-size-default\">Tu reserves ara, nosaltres donem el 15%<\/h2>\t\t\t\t<\/div>\n\t\t\t\t<\/div>\n\t\t\t\t<div class=\"elementor-element elementor-element-7210358 elementor-widget elementor-widget-text-editor\" data-id=\"7210358\" data-element_type=\"widget\" data-widget_type=\"text-editor.default\">\n\t\t\t\t<div class=\"elementor-widget-container\">\n\t\t\t\t\t\t\t\t\t<p>Temps extraordinaris requereixen mesures extraordin\u00e0ries: som una de les regions m\u00e9s afectades per la pand\u00e8mia del coronavirus (Covid19), que est\u00e0 tenint un grav\u00edssim impacte mundial. A Catalunya, l&#8217;equip de metges i investigadors de la Fundaci\u00f3 Lluita contra la Sida, l&#8217;Hospital Universitari Germans Trias i Pujol i IrsiCaixa est\u00e0 treballant intensament en la recerca d&#8217;una cura per aturar la pand\u00e8mia, en el marc del primer assaig cl\u00ednic pioner aprovat per l&#8217;Ag\u00e8ncia Espanyola del Medicament. En l&#8217;equip hi participen cient\u00edfics com el Dr. Bonaventura Clotet i el Dr. Oriol Mitj\u00e0, i han promogut la iniciativa #JoEmCorono, per recaptar fons per aquest projecte tan necessari i urgent.<\/p>\n<p>I aix\u00ed sorgeix aquesta proposta de <strong>Reserva Solid\u00e0ria Covid19:<\/strong><\/p>\n<ul>\n<li><b><span class=\"gmail_default\">Tu reserves ara. <\/span><\/b>Esculls quin tipus de cup\u00f3 solidari vols reservar, en funci\u00f3 de l&#8217;activitat que t&#8217;agradaria realitzar quan s&#8217;acabi el confinament i sigui possible gaudir de la natura. A m\u00e9s, amb la teva reserva contribueixes a la nostra exist\u00e8ncia, una petita empresa de proximitat que promou la descoberta respectuosa del nostre territori, tant al p\u00fablic nacional com internacional.<\/li>\n<li><strong>Nosaltres donem el 15% a la iniciativa #JoEmCorono.<\/strong> Tan bon punt rebem la teva reserva i pagament, ingressem el 15% de l&#8217;import a la Fundaci\u00f3 Lluita contra la Sida. Cada petit granet de sorra ajuda en la recerca per aturar aquesta pand\u00e8mia.<\/li>\n<\/ul>\n<p><strong>Modalitats del cup\u00f3 de Reserva Solid\u00e0ria Covid19:<\/strong><\/p>\n<ul>\n<li>20\u20ac<\/li>\n<li>100\u20ac<\/li>\n<li>200\u20ac<\/li>\n<li>500\u20ac<\/li>\n<\/ul>\n<p>Per quines activitats podeu bescanviar el vostre cup\u00f3:<\/p>\n<ul>\n<li>Qualsevol de les activitats, escapades, vacances que us proposem a la nostra web de <a href=\"https:\/\/www.elbrogit.com\/ca\/\">www.elbrogit.com<\/a><\/li>\n<li>Qualsevol activitat d&#8217;Escape Room a la Natura que us proposem a la web de <a href=\"https:\/\/escapeludiartis.com\/\">www.escapeludiartis.com<\/a> (exceptuant el disseny d&#8217;escape rooms a mida)<\/li>\n<\/ul>\n\t\t\t\t\t\t\t\t<\/div>\n\t\t\t\t<\/div>\n\t\t\t\t\t<\/div>\n\t\t<\/div>\n\t\t\t\t\t<\/div>\n\t\t<\/section>\n\t\t\t\t<\/div>\n\t\t","protected":false},"excerpt":{"rendered":"<p>Let&#8217;s collaborate! Booking to donate for Covid19 research 20&euro; &ndash; 500&euro; Tu reserves ara, nosaltres donem el 15% Temps extraordinaris requereixen mesures extraordin\u00e0ries: som una de les regions m\u00e9s afectades per la pand\u00e8mia del coronavirus (Covid19), que est\u00e0 tenint un grav\u00edssim impacte mundial. A Catalunya, l&#8217;equip de metges i investigadors de la Fundaci\u00f3 Lluita contra [&hellip;]<\/p>\n","protected":false},"author":1,"featured_media":0,"parent":0,"menu_order":0,"comment_status":"open","ping_status":"open","template":"elementor_header_footer","meta":{"_acf_changed":false,"footnotes":""},"class_list":["post-6806","page","type-page","status-publish","hentry"],"acf":[],"yoast_head":"<!-- This site is optimized with the Yoast SEO plugin v25.1 - https:\/\/yoast.com\/wordpress\/plugins\/seo\/ -->\n<title>Reserva solid\u00e0ria per la cura del Covid19 - Senderisme i Enoturisme a Catalunya<\/title>\n<meta name=\"robots\" content=\"index, follow, max-snippet:-1, max-image-preview:large, max-video-preview:-1\" \/>\n<link rel=\"canonical\" href=\"https:\/\/elbrogit.com\/ca\/reserva-solidaria-coronavirus\/\" \/>\n<meta property=\"og:locale\" content=\"ca_ES\" \/>\n<meta property=\"og:type\" content=\"article\" \/>\n<meta property=\"og:title\" content=\"Reserva solid\u00e0ria per la cura del Covid19 - Senderisme i Enoturisme a Catalunya\" \/>\n<meta property=\"og:description\" content=\"Let&#8217;s collaborate! Booking to donate for Covid19 research 20&euro; &ndash; 500&euro; Tu reserves ara, nosaltres donem el 15% Temps extraordinaris requereixen mesures extraordin\u00e0ries: som una de les regions m\u00e9s afectades per la pand\u00e8mia del coronavirus (Covid19), que est\u00e0 tenint un grav\u00edssim impacte mundial. A Catalunya, l&#8217;equip de metges i investigadors de la Fundaci\u00f3 Lluita contra [&hellip;]\" \/>\n<meta property=\"og:url\" content=\"https:\/\/elbrogit.com\/ca\/reserva-solidaria-coronavirus\/\" \/>\n<meta property=\"og:site_name\" content=\"Senderisme i Enoturisme a Catalunya\" \/>\n<meta property=\"article:publisher\" content=\"http:\/\/www.facebook.com\/brogit.guiatges\" \/>\n<meta property=\"article:modified_time\" content=\"2020-09-08T13:53:17+00:00\" \/>\n<meta property=\"og:image\" content=\"https:\/\/www.elbrogit.com\/wp-content\/uploads\/Covid19Donacio-1.png\" \/>\n<meta name=\"twitter:card\" content=\"summary_large_image\" \/>\n<meta name=\"twitter:site\" content=\"@elbrogit\" \/>\n<meta name=\"twitter:label1\" content=\"Temps estimat de lectura\" \/>\n\t<meta name=\"twitter:data1\" content=\"1 minut\" \/>\n<script type=\"application\/ld+json\" class=\"yoast-schema-graph\">{\"@context\":\"https:\/\/schema.org\",\"@graph\":[{\"@type\":\"WebPage\",\"@id\":\"https:\/\/elbrogit.com\/ca\/reserva-solidaria-coronavirus\/\",\"url\":\"https:\/\/elbrogit.com\/ca\/reserva-solidaria-coronavirus\/\",\"name\":\"Reserva solid\u00e0ria per la cura del Covid19 - Senderisme i Enoturisme a Catalunya\",\"isPartOf\":{\"@id\":\"https:\/\/elbrogit.com\/ca\/#website\"},\"primaryImageOfPage\":{\"@id\":\"https:\/\/elbrogit.com\/ca\/reserva-solidaria-coronavirus\/#primaryimage\"},\"image\":{\"@id\":\"https:\/\/elbrogit.com\/ca\/reserva-solidaria-coronavirus\/#primaryimage\"},\"thumbnailUrl\":\"https:\/\/www.elbrogit.com\/wp-content\/uploads\/Covid19Donacio-1.png\",\"datePublished\":\"2020-09-08T13:52:57+00:00\",\"dateModified\":\"2020-09-08T13:53:17+00:00\",\"breadcrumb\":{\"@id\":\"https:\/\/elbrogit.com\/ca\/reserva-solidaria-coronavirus\/#breadcrumb\"},\"inLanguage\":\"ca\",\"potentialAction\":[{\"@type\":\"ReadAction\",\"target\":[\"https:\/\/elbrogit.com\/ca\/reserva-solidaria-coronavirus\/\"]}]},{\"@type\":\"ImageObject\",\"inLanguage\":\"ca\",\"@id\":\"https:\/\/elbrogit.com\/ca\/reserva-solidaria-coronavirus\/#primaryimage\",\"url\":\"https:\/\/www.elbrogit.com\/wp-content\/uploads\/Covid19Donacio-1.png\",\"contentUrl\":\"https:\/\/www.elbrogit.com\/wp-content\/uploads\/Covid19Donacio-1.png\"},{\"@type\":\"BreadcrumbList\",\"@id\":\"https:\/\/elbrogit.com\/ca\/reserva-solidaria-coronavirus\/#breadcrumb\",\"itemListElement\":[{\"@type\":\"ListItem\",\"position\":1,\"name\":\"Home\",\"item\":\"https:\/\/elbrogit.com\/ca\/\"},{\"@type\":\"ListItem\",\"position\":2,\"name\":\"Reserva solid\u00e0ria per la cura del Covid19\"}]},{\"@type\":\"WebSite\",\"@id\":\"https:\/\/elbrogit.com\/ca\/#website\",\"url\":\"https:\/\/elbrogit.com\/ca\/\",\"name\":\"Senderisme i Enoturisme a Catalunya\",\"description\":\"Ecotourism, walking, wine tourism and cultural holidays in Catalonia\",\"publisher\":{\"@id\":\"https:\/\/elbrogit.com\/ca\/#organization\"},\"potentialAction\":[{\"@type\":\"SearchAction\",\"target\":{\"@type\":\"EntryPoint\",\"urlTemplate\":\"https:\/\/elbrogit.com\/ca\/?s={search_term_string}\"},\"query-input\":{\"@type\":\"PropertyValueSpecification\",\"valueRequired\":true,\"valueName\":\"search_term_string\"}}],\"inLanguage\":\"ca\"},{\"@type\":\"Organization\",\"@id\":\"https:\/\/elbrogit.com\/ca\/#organization\",\"name\":\"Senderisme i Enoturisme a Catalunya\",\"url\":\"https:\/\/elbrogit.com\/ca\/\",\"logo\":{\"@type\":\"ImageObject\",\"inLanguage\":\"ca\",\"@id\":\"https:\/\/elbrogit.com\/ca\/#\/schema\/logo\/image\/\",\"url\":\"https:\/\/elbrogit.com\/wp-content\/uploads\/cropped-LogoBrogitWeb.jpg\",\"contentUrl\":\"https:\/\/elbrogit.com\/wp-content\/uploads\/cropped-LogoBrogitWeb.jpg\",\"width\":161,\"height\":108,\"caption\":\"Senderisme i Enoturisme a Catalunya\"},\"image\":{\"@id\":\"https:\/\/elbrogit.com\/ca\/#\/schema\/logo\/image\/\"},\"sameAs\":[\"http:\/\/www.facebook.com\/brogit.guiatges\",\"https:\/\/x.com\/elbrogit\"]}]}<\/script>\n<!-- \/ Yoast SEO plugin. -->","yoast_head_json":{"title":"Reserva solid\u00e0ria per la cura del Covid19 - Senderisme i Enoturisme a Catalunya","robots":{"index":"index","follow":"follow","max-snippet":"max-snippet:-1","max-image-preview":"max-image-preview:large","max-video-preview":"max-video-preview:-1"},"canonical":"https:\/\/elbrogit.com\/ca\/reserva-solidaria-coronavirus\/","og_locale":"ca_ES","og_type":"article","og_title":"Reserva solid\u00e0ria per la cura del Covid19 - Senderisme i Enoturisme a Catalunya","og_description":"Let&#8217;s collaborate! Booking to donate for Covid19 research 20&euro; &ndash; 500&euro; Tu reserves ara, nosaltres donem el 15% Temps extraordinaris requereixen mesures extraordin\u00e0ries: som una de les regions m\u00e9s afectades per la pand\u00e8mia del coronavirus (Covid19), que est\u00e0 tenint un grav\u00edssim impacte mundial. A Catalunya, l&#8217;equip de metges i investigadors de la Fundaci\u00f3 Lluita contra [&hellip;]","og_url":"https:\/\/elbrogit.com\/ca\/reserva-solidaria-coronavirus\/","og_site_name":"Senderisme i Enoturisme a Catalunya","article_publisher":"http:\/\/www.facebook.com\/brogit.guiatges","article_modified_time":"2020-09-08T13:53:17+00:00","og_image":[{"url":"https:\/\/www.elbrogit.com\/wp-content\/uploads\/Covid19Donacio-1.png","type":"","width":"","height":""}],"twitter_card":"summary_large_image","twitter_site":"@elbrogit","twitter_misc":{"Temps estimat de lectura":"1 minut"},"schema":{"@context":"https:\/\/schema.org","@graph":[{"@type":"WebPage","@id":"https:\/\/elbrogit.com\/ca\/reserva-solidaria-coronavirus\/","url":"https:\/\/elbrogit.com\/ca\/reserva-solidaria-coronavirus\/","name":"Reserva solid\u00e0ria per la cura del Covid19 - Senderisme i Enoturisme a Catalunya","isPartOf":{"@id":"https:\/\/elbrogit.com\/ca\/#website"},"primaryImageOfPage":{"@id":"https:\/\/elbrogit.com\/ca\/reserva-solidaria-coronavirus\/#primaryimage"},"image":{"@id":"https:\/\/elbrogit.com\/ca\/reserva-solidaria-coronavirus\/#primaryimage"},"thumbnailUrl":"https:\/\/www.elbrogit.com\/wp-content\/uploads\/Covid19Donacio-1.png","datePublished":"2020-09-08T13:52:57+00:00","dateModified":"2020-09-08T13:53:17+00:00","breadcrumb":{"@id":"https:\/\/elbrogit.com\/ca\/reserva-solidaria-coronavirus\/#breadcrumb"},"inLanguage":"ca","potentialAction":[{"@type":"ReadAction","target":["https:\/\/elbrogit.com\/ca\/reserva-solidaria-coronavirus\/"]}]},{"@type":"ImageObject","inLanguage":"ca","@id":"https:\/\/elbrogit.com\/ca\/reserva-solidaria-coronavirus\/#primaryimage","url":"https:\/\/www.elbrogit.com\/wp-content\/uploads\/Covid19Donacio-1.png","contentUrl":"https:\/\/www.elbrogit.com\/wp-content\/uploads\/Covid19Donacio-1.png"},{"@type":"BreadcrumbList","@id":"https:\/\/elbrogit.com\/ca\/reserva-solidaria-coronavirus\/#breadcrumb","itemListElement":[{"@type":"ListItem","position":1,"name":"Home","item":"https:\/\/elbrogit.com\/ca\/"},{"@type":"ListItem","position":2,"name":"Reserva solid\u00e0ria per la cura del Covid19"}]},{"@type":"WebSite","@id":"https:\/\/elbrogit.com\/ca\/#website","url":"https:\/\/elbrogit.com\/ca\/","name":"Senderisme i Enoturisme a Catalunya","description":"Ecotourism, walking, wine tourism and cultural holidays in Catalonia","publisher":{"@id":"https:\/\/elbrogit.com\/ca\/#organization"},"potentialAction":[{"@type":"SearchAction","target":{"@type":"EntryPoint","urlTemplate":"https:\/\/elbrogit.com\/ca\/?s={search_term_string}"},"query-input":{"@type":"PropertyValueSpecification","valueRequired":true,"valueName":"search_term_string"}}],"inLanguage":"ca"},{"@type":"Organization","@id":"https:\/\/elbrogit.com\/ca\/#organization","name":"Senderisme i Enoturisme a Catalunya","url":"https:\/\/elbrogit.com\/ca\/","logo":{"@type":"ImageObject","inLanguage":"ca","@id":"https:\/\/elbrogit.com\/ca\/#\/schema\/logo\/image\/","url":"https:\/\/elbrogit.com\/wp-content\/uploads\/cropped-LogoBrogitWeb.jpg","contentUrl":"https:\/\/elbrogit.com\/wp-content\/uploads\/cropped-LogoBrogitWeb.jpg","width":161,"height":108,"caption":"Senderisme i Enoturisme a Catalunya"},"image":{"@id":"https:\/\/elbrogit.com\/ca\/#\/schema\/logo\/image\/"},"sameAs":["http:\/\/www.facebook.com\/brogit.guiatges","https:\/\/x.com\/elbrogit"]}]}},"jetpack_sharing_enabled":true,"_links":{"self":[{"href":"https:\/\/elbrogit.com\/ca\/wp-json\/wp\/v2\/pages\/6806","targetHints":{"allow":["GET"]}}],"collection":[{"href":"https:\/\/elbrogit.com\/ca\/wp-json\/wp\/v2\/pages"}],"about":[{"href":"https:\/\/elbrogit.com\/ca\/wp-json\/wp\/v2\/types\/page"}],"author":[{"embeddable":true,"href":"https:\/\/elbrogit.com\/ca\/wp-json\/wp\/v2\/users\/1"}],"replies":[{"embeddable":true,"href":"https:\/\/elbrogit.com\/ca\/wp-json\/wp\/v2\/comments?post=6806"}],"version-history":[{"count":2,"href":"https:\/\/elbrogit.com\/ca\/wp-json\/wp\/v2\/pages\/6806\/revisions"}],"predecessor-version":[{"id":6808,"href":"https:\/\/elbrogit.com\/ca\/wp-json\/wp\/v2\/pages\/6806\/revisions\/6808"}],"wp:attachment":[{"href":"https:\/\/elbrogit.com\/ca\/wp-json\/wp\/v2\/media?parent=6806"}],"curies":[{"name":"wp","href":"https:\/\/api.w.org\/{rel}","templated":true}]}}