{"id":6825,"date":"2020-09-08T16:22:31","date_gmt":"2020-09-08T14:22:31","guid":{"rendered":"https:\/\/elbrogit.com\/projectes-decoturisme-i-xarxes-de-camins\/"},"modified":"2020-09-08T16:22:51","modified_gmt":"2020-09-08T14:22:51","slug":"projectes-ecoturisme-xarxes-de-camins","status":"publish","type":"page","link":"https:\/\/elbrogit.com\/ca\/projectes-ecoturisme-xarxes-de-camins\/","title":{"rendered":"Projectes d&#8217;ecoturisme i xarxes de camins"},"content":{"rendered":"\t\t<div data-elementor-type=\"wp-page\" data-elementor-id=\"6825\" class=\"elementor elementor-6825 elementor-221\" data-elementor-post-type=\"page\">\n\t\t\t\t\t\t<section data-particle_enable=\"false\" data-particle-mobile-disabled=\"false\" class=\"elementor-section elementor-top-section elementor-element elementor-element-6cec65fb elementor-section-boxed elementor-section-height-default elementor-section-height-default\" data-id=\"6cec65fb\" data-element_type=\"section\">\n\t\t\t\t\t\t<div class=\"elementor-container elementor-column-gap-default\">\n\t\t\t\t\t<div class=\"elementor-column elementor-col-33 elementor-top-column elementor-element elementor-element-63940d6d\" data-id=\"63940d6d\" data-element_type=\"column\">\n\t\t\t<div class=\"elementor-widget-wrap elementor-element-populated\">\n\t\t\t\t\t\t<div class=\"elementor-element elementor-element-6cd8f6a8 elementor-widget elementor-widget-text-editor\" data-id=\"6cd8f6a8\" data-element_type=\"widget\" data-widget_type=\"text-editor.default\">\n\t\t\t\t<div class=\"elementor-widget-container\">\n\t\t\t\t\t\t\t\t\t<p><img fetchpriority=\"high\" decoding=\"async\" class=\"size-full wp-image-2436\" src=\"http:\/\/www.elbrogit.com\/wp-content\/uploads\/IMG-20121207-00205_modif.jpg\" alt=\"Looking for the old footpaths!\" width=\"272\" height=\"204\" \/><\/p>\n<p>A la recerca dels camins de ferradura!<\/p>\n\t\t\t\t\t\t\t\t<\/div>\n\t\t\t\t<\/div>\n\t\t\t\t\t<\/div>\n\t\t<\/div>\n\t\t\t\t<div class=\"elementor-column elementor-col-66 elementor-top-column elementor-element elementor-element-4fbab28e\" data-id=\"4fbab28e\" data-element_type=\"column\">\n\t\t\t<div class=\"elementor-widget-wrap elementor-element-populated\">\n\t\t\t\t\t\t<div class=\"elementor-element elementor-element-e99fbbf elementor-widget elementor-widget-heading\" data-id=\"e99fbbf\" data-element_type=\"widget\" data-widget_type=\"heading.default\">\n\t\t\t\t<div class=\"elementor-widget-container\">\n\t\t\t\t\t<h2 class=\"elementor-heading-title elementor-size-default\">Projectes d'ecoturisme i xarxes de camins<\/h2>\t\t\t\t<\/div>\n\t\t\t\t<\/div>\n\t\t\t\t<div class=\"elementor-element elementor-element-7297c9bc elementor-widget elementor-widget-text-editor\" data-id=\"7297c9bc\" data-element_type=\"widget\" data-widget_type=\"text-editor.default\">\n\t\t\t\t<div class=\"elementor-widget-container\">\n\t\t\t\t\t\t\t\t\t<p><b>L&#8217;ecoturisme en la nostra empresa va molt m\u00e9s enll\u00e0 <\/b>de &#8220;nom\u00e9s&#8221; mostrar el nostre territori, la seva hist\u00f2ria, patrimoni cultural i natural, tradicions,&#8230; als nostres turistes, tant nacionals com internacionals. <strong>Tamb\u00e9 ens encanta fer la interminable recerca de l&#8217;antiga xarxa de camins (les antigues autopistes) que comunicava els nostres pobles, <\/strong>fins no fa pas tant de temps (en alguns pobles, les primeres carreteres arribaren cap als anys 60!). Uns camins espl\u00e8ndids per descobrir no nom\u00e9s el nostre territori sin\u00f3 tamb\u00e9 la nostra hist\u00f2ria a trav\u00e9s de les historietes els nostres avis que tingueren lloc en aquests camins.<\/p>\n<p><strong>Tamb\u00e9 gaudim treballant amb xarxa amb altres empreses locals i promovent les nostres muntanyes a trav\u00e9s de nous projectes d&#8217;ecoturisme<\/strong>, alguns d&#8217;ells lligats a Parcs Naturals, d&#8217;altres nom\u00e9s promoguts per empreses locals intentant generar negoci unint els esfor\u00e7os de tots.<\/p>\n\t\t\t\t\t\t\t\t<\/div>\n\t\t\t\t<\/div>\n\t\t\t\t\t<\/div>\n\t\t<\/div>\n\t\t\t\t\t<\/div>\n\t\t<\/section>\n\t\t\t\t<section data-particle_enable=\"false\" data-particle-mobile-disabled=\"false\" class=\"elementor-section elementor-top-section elementor-element elementor-element-15ba4599 elementor-section-boxed elementor-section-height-default elementor-section-height-default\" data-id=\"15ba4599\" data-element_type=\"section\">\n\t\t\t\t\t\t<div class=\"elementor-container elementor-column-gap-default\">\n\t\t\t\t\t<div class=\"elementor-column elementor-col-33 elementor-top-column elementor-element elementor-element-16e5eb7a\" data-id=\"16e5eb7a\" data-element_type=\"column\">\n\t\t\t<div class=\"elementor-widget-wrap elementor-element-populated\">\n\t\t\t\t\t\t<div class=\"elementor-element elementor-element-67894128 elementor-widget elementor-widget-text-editor\" data-id=\"67894128\" data-element_type=\"widget\" data-widget_type=\"text-editor.default\">\n\t\t\t\t<div class=\"elementor-widget-container\">\n\t\t\t\t\t\t\t\t\t<p><img decoding=\"async\" class=\"size-full wp-image-2439\" src=\"http:\/\/www.elbrogit.com\/wp-content\/uploads\/DSCF3189_VellPratdip_modif_resize.jpg\" alt=\"Pratdip old path, in Mont-roig\" width=\"272\" height=\"204\" \/><br \/>\nCam\u00ed vell de Pratdip, a Mont-roig<br \/>\n<a href=\"https:\/\/www.elbrogit.com\/wp-content\/uploads\/StJeroni_Asco.jpg\"><img decoding=\"async\" src=\"https:\/\/www.elbrogit.com\/wp-content\/uploads\/StJeroni_Asco.jpg\" alt=\"Ancient path in Asc\u00f3\" width=\"272\" height=\"349\" \/><\/a><br \/>\nCam\u00ed vell de Sant Jeroni, a Asc\u00f3<\/p>\n\t\t\t\t\t\t\t\t<\/div>\n\t\t\t\t<\/div>\n\t\t\t\t\t<\/div>\n\t\t<\/div>\n\t\t\t\t<div class=\"elementor-column elementor-col-66 elementor-top-column elementor-element elementor-element-2141c176\" data-id=\"2141c176\" data-element_type=\"column\">\n\t\t\t<div class=\"elementor-widget-wrap elementor-element-populated\">\n\t\t\t\t\t\t<div class=\"elementor-element elementor-element-5e65a610 elementor-widget elementor-widget-heading\" data-id=\"5e65a610\" data-element_type=\"widget\" data-widget_type=\"heading.default\">\n\t\t\t\t<div class=\"elementor-widget-container\">\n\t\t\t\t\t<h2 class=\"elementor-heading-title elementor-size-default\">Projectes de xarxes de camins<\/h2>\t\t\t\t<\/div>\n\t\t\t\t<\/div>\n\t\t\t\t<div class=\"elementor-element elementor-element-461063f6 elementor-widget elementor-widget-text-editor\" data-id=\"461063f6\" data-element_type=\"widget\" data-widget_type=\"text-editor.default\">\n\t\t\t\t<div class=\"elementor-widget-container\">\n\t\t\t\t\t\t\t\t\t<p><a id=\"xarxescamins\"><\/a>Hem estat treballant en diversos pobles del sud de Catalunya, i tamb\u00e9 en una comarca, per desenvolupar les seves xarxes de camins i fer-les atractives pels turistes. Crear un projecte com aquests t\u00e9 diferents passos i, en el nostre cas, van des del principi de tot, fent la recerca dels antics camins, fins ben b\u00e9 al final, dissenyant experi\u00e8ncies ecotur\u00edstiques i comercialitzant-les:<\/p>\n<ol>\n<li><strong>Recerca dels antics camins de ferradura,<\/strong> mitjan\u00e7ant els antics mapes i ortofotomapes, catastres, llibres d&#8217;hist\u00f2ria local, la gent gran dels pobles,&#8230;<\/li>\n<li><strong>Fent treball de camp, <\/strong>endinsant-nos en la vegetaci\u00f3 que ha tapat els camins durant diverses d\u00e8cades, avaluant com de dif\u00edcil o cost\u00f3s pot ser-ne la restauraci\u00f3, descobrint altres camins que no apareixen en cap documentaci\u00f3 escrita,&#8230;<\/li>\n<li><strong>Treball d&#8217;oficina, <\/strong>aglutinant tota la informaci\u00f3 de manera que tingui sentit tant a nivell tur\u00edstic com econ\u00f2mic, creant el pressupost per a la neteja, recuperaci\u00f3 de camins empedrats o marges en cas que sigui necessari, senyalitzaci\u00f3,&#8230;<\/li>\n<li><strong>Disseny ecotur\u00edstic de les propostes, <\/strong>ja al final, quan la xarxa de camins s&#8217;ha recuperat, netejat i senyalitzat, realitzant propostes d&#8217;activitats i vacances atractives tant per al p\u00fablic nacional com internacional.<\/li>\n<\/ol>\n<p><strong>Hem desenvolupat aquests projectes als pobles de Mont-roig del Camp (Baix Camp) i Asc\u00f3 (Ribera d&#8217;Ebre).<\/strong> En els dos casos semblava quasi impossible dissenyar una xarxa de camins atractiva, b\u00e9 perqu\u00e8 tenien \u00e0rees sense especial inter\u00e8s a priori o una bona proporci\u00f3 de camins asfaltats. Per\u00f2 un cop vam endinsar-nos entre els documents i mapes antics vam descobrir zones i camins que eren molt atractius i b\u00e9 valia visitar.<\/p>\n<p><strong>Tamb\u00e9 en participat en un projecte de m\u00e9s avast, a la tota la comarca del Baix Camp, <\/strong>dissenyant la xarxa de camins que connecta el diferents pobles i la senyalitzaci\u00f3 treballant amb l&#8217;empresa Dilart, aix\u00ed com diferents idees de viatge per visitar la regi\u00f3. I tamb\u00e9 en altres pobles, com Reus i Vinyols i els Arcs.<\/p>\n\t\t\t\t\t\t\t\t<\/div>\n\t\t\t\t<\/div>\n\t\t\t\t\t<\/div>\n\t\t<\/div>\n\t\t\t\t\t<\/div>\n\t\t<\/section>\n\t\t\t\t<section data-particle_enable=\"false\" data-particle-mobile-disabled=\"false\" class=\"elementor-section elementor-top-section elementor-element elementor-element-10997411 elementor-section-boxed elementor-section-height-default elementor-section-height-default\" data-id=\"10997411\" data-element_type=\"section\">\n\t\t\t\t\t\t<div class=\"elementor-container elementor-column-gap-default\">\n\t\t\t\t\t<div class=\"elementor-column elementor-col-33 elementor-top-column elementor-element elementor-element-558652d\" data-id=\"558652d\" data-element_type=\"column\">\n\t\t\t<div class=\"elementor-widget-wrap elementor-element-populated\">\n\t\t\t\t\t\t<div class=\"elementor-element elementor-element-3094102b elementor-widget elementor-widget-text-editor\" data-id=\"3094102b\" data-element_type=\"widget\" data-widget_type=\"text-editor.default\">\n\t\t\t\t<div class=\"elementor-widget-container\">\n\t\t\t\t\t\t\t\t\t<p><img loading=\"lazy\" decoding=\"async\" class=\"size-full wp-image-2389\" src=\"http:\/\/www.elbrogit.com\/wp-content\/uploads\/FemParc_petit.gif\" alt=\"Fem Parc Ecoturisme\" width=\"272\" height=\"126\" \/><br \/>\nFem Parc, projecte d&#8217;ecoturisme<br \/>\n<a href=\"https:\/\/www.elbrogit.com\/wp-content\/uploads\/LogoMEET.jpeg\"><img loading=\"lazy\" decoding=\"async\" src=\"https:\/\/www.elbrogit.com\/wp-content\/uploads\/LogoMEET.jpeg\" alt=\"Meet european Project\" width=\"150\" height=\"200\" \/><\/a><\/p>\n<p>Meet, projecte europeu<br \/>\n<a href=\"https:\/\/www.elbrogit.com\/wp-content\/uploads\/ComedProProject.jpg\"><img loading=\"lazy\" decoding=\"async\" src=\"https:\/\/www.elbrogit.com\/wp-content\/uploads\/ComedProProject.jpg\" alt=\"CoMeDPro agrotourism project\" width=\"160\" height=\"160\" \/><\/a><br \/>\nCoMeDPro, projecte d&#8217;agroturisme<\/p>\n\t\t\t\t\t\t\t\t<\/div>\n\t\t\t\t<\/div>\n\t\t\t\t\t<\/div>\n\t\t<\/div>\n\t\t\t\t<div class=\"elementor-column elementor-col-66 elementor-top-column elementor-element elementor-element-7d9e68f3\" data-id=\"7d9e68f3\" data-element_type=\"column\">\n\t\t\t<div class=\"elementor-widget-wrap elementor-element-populated\">\n\t\t\t\t\t\t<div class=\"elementor-element elementor-element-3e6f160d elementor-widget elementor-widget-heading\" data-id=\"3e6f160d\" data-element_type=\"widget\" data-widget_type=\"heading.default\">\n\t\t\t\t<div class=\"elementor-widget-container\">\n\t\t\t\t\t<h2 class=\"elementor-heading-title elementor-size-default\">Projectes d'ecoturisme<\/h2>\t\t\t\t<\/div>\n\t\t\t\t<\/div>\n\t\t\t\t<div class=\"elementor-element elementor-element-3f2f51c3 elementor-widget elementor-widget-text-editor\" data-id=\"3f2f51c3\" data-element_type=\"widget\" data-widget_type=\"text-editor.default\">\n\t\t\t\t<div class=\"elementor-widget-container\">\n\t\t\t\t\t\t\t\t\t<p><a id=\"ecoturisme\"><\/a>Amb l&#8217;objectiu de promoure les regions rurals i els espais naturals del nostre incre\u00efblement ric territori, tamb\u00e9 participem en projectes on podem aportar tota la nostra experi\u00e8ncia i coneixement de la nostra regi\u00f3. Al 2015 hem comen\u00e7at a treballar en els seg\u00fcents projectes:<\/p>\n<ul>\n<li><a title=\"Fem Parc, projecte d\u2019ecoturisme a Catalunya\" href=\"http:\/\/www.elbrogit.com\/ca\/fem-parc-projecte-ecoturisme-a-catalunya\/\"><strong>Fem Parc,<\/strong> un projecte d&#8217;ecoturisme<\/a> liderat per les administracions locals i els espais naturals per promoure el turisme sostenible en alguns dels parcs naturals de Catalunya. El projecte s&#8217;ha desenvolupat de diferents maneres segons la regi\u00f3 per\u00f2 aqu\u00ed al sud, als parcs naturals de Montsant i els Ports, s&#8217;ha promogut l&#8217;ecoturisme amb l&#8217;objectiu principal de treballar en xarxa amb empreses i productors locals. Feu un cop d&#8217;ull a la nostra p\u00e0gina del projecte Fem Parc per veure algunes de les idees de viatge desenvolupades en els dos parcs.<\/li>\n<li><strong>Meet Project,<\/strong> que busca promoure l&#8217;ecoturisme a l&#8217;\u00e0rea mediterr\u00e0nia. Hi hem entrat a participar treballant en xarxa amb una altra ag\u00e8ncia de viatges catalana, Trek&amp;Ride<\/li>\n<li><strong>CoMeDPro project,<\/strong> un projecte internacional per crear rutes nacionals i internacionals de turisme amb l&#8217;objectiu de descobrir els productes locals d&#8217;alta qualitat com el vi, l&#8217;oli, productes artesans,&#8230; a Catalunya, Sardenya i Israel.<\/li>\n<li><strong><a href=\"http:\/\/www.prioratenoturisme.com\">Priorat Enoturisme,<\/a> <\/strong>formem part d&#8217;aquest projecte integrat \u00fanicament per empreses privades amb l&#8217;objectiu de promocionar la destinaci\u00f3 tur\u00edstica del Priorat, i els seus vins i olis d&#8217;alta qualitat. Feu un cop d&#8217;ull a la seva web per descobrir la regi\u00f3 del Priorat o exploreu la nostra <a title=\"enoturisme Priorat\" href=\"http:\/\/www.elbrogit.com\/ca\/enoturisme-priorat\/\">secci\u00f3 amb diverses idees de viatge al Priorat. <\/a><\/li>\n<li><strong>I encara m\u00e9s projectes:<\/strong><\/li>\n<\/ul>\n<p style=\"text-align: center;\"><a href=\"http:\/\/hikingeurope.net\/\"><img loading=\"lazy\" decoding=\"async\" class=\"aligncenter wp-image-7188 size-full\" src=\"https:\/\/www.elbrogit.com\/wp-content\/uploads\/HIkingEurope.png\" alt=\"\" width=\"623\" height=\"143\" \/><\/a><\/p>\n<p>&nbsp;<\/p>\n<p style=\"text-align: center;\"><a href=\"http:\/\/www.catalunya.com\/que-fer\/descobreix\/ruta-eurovelo-8-catalunya\"><img loading=\"lazy\" decoding=\"async\" class=\"aligncenter wp-image-7192 size-full\" src=\"https:\/\/www.elbrogit.com\/wp-content\/uploads\/Eurovelo8.jpg\" alt=\"\" width=\"752\" height=\"159\" \/><\/a><\/p>\n\t\t\t\t\t\t\t\t<\/div>\n\t\t\t\t<\/div>\n\t\t\t\t\t<\/div>\n\t\t<\/div>\n\t\t\t\t\t<\/div>\n\t\t<\/section>\n\t\t\t\t<\/div>\n\t\t","protected":false},"excerpt":{"rendered":"<p>A la recerca dels camins de ferradura! Projectes d&#8217;ecoturisme i xarxes de camins L&#8217;ecoturisme en la nostra empresa va molt m\u00e9s enll\u00e0 de &#8220;nom\u00e9s&#8221; mostrar el nostre territori, la seva hist\u00f2ria, patrimoni cultural i natural, tradicions,&#8230; als nostres turistes, tant nacionals com internacionals. Tamb\u00e9 ens encanta fer la interminable recerca de l&#8217;antiga xarxa de camins [&hellip;]<\/p>\n","protected":false},"author":1,"featured_media":0,"parent":0,"menu_order":0,"comment_status":"open","ping_status":"open","template":"elementor_header_footer","meta":{"_acf_changed":false,"footnotes":""},"class_list":["post-6825","page","type-page","status-publish","hentry"],"acf":[],"yoast_head":"<!-- This site is optimized with the Yoast SEO plugin v25.1 - https:\/\/yoast.com\/wordpress\/plugins\/seo\/ -->\n<title>Projectes d&#039;ecoturisme i xarxes de camins - Senderisme i Enoturisme a Catalunya<\/title>\n<meta name=\"robots\" content=\"index, follow, max-snippet:-1, max-image-preview:large, max-video-preview:-1\" \/>\n<link rel=\"canonical\" href=\"https:\/\/elbrogit.com\/ca\/projectes-ecoturisme-xarxes-de-camins\/\" \/>\n<meta property=\"og:locale\" content=\"ca_ES\" \/>\n<meta property=\"og:type\" content=\"article\" \/>\n<meta property=\"og:title\" content=\"Projectes d&#039;ecoturisme i xarxes de camins - Senderisme i Enoturisme a Catalunya\" \/>\n<meta property=\"og:description\" content=\"A la recerca dels camins de ferradura! Projectes d&#8217;ecoturisme i xarxes de camins L&#8217;ecoturisme en la nostra empresa va molt m\u00e9s enll\u00e0 de &#8220;nom\u00e9s&#8221; mostrar el nostre territori, la seva hist\u00f2ria, patrimoni cultural i natural, tradicions,&#8230; als nostres turistes, tant nacionals com internacionals. Tamb\u00e9 ens encanta fer la interminable recerca de l&#8217;antiga xarxa de camins [&hellip;]\" \/>\n<meta property=\"og:url\" content=\"https:\/\/elbrogit.com\/ca\/projectes-ecoturisme-xarxes-de-camins\/\" \/>\n<meta property=\"og:site_name\" content=\"Senderisme i Enoturisme a Catalunya\" \/>\n<meta property=\"article:publisher\" content=\"http:\/\/www.facebook.com\/brogit.guiatges\" \/>\n<meta property=\"article:modified_time\" content=\"2020-09-08T14:22:51+00:00\" \/>\n<meta property=\"og:image\" content=\"http:\/\/www.elbrogit.com\/wp-content\/uploads\/IMG-20121207-00205_modif.jpg\" \/>\n<meta name=\"twitter:card\" content=\"summary_large_image\" \/>\n<meta name=\"twitter:site\" content=\"@elbrogit\" \/>\n<meta name=\"twitter:label1\" content=\"Temps estimat de lectura\" \/>\n\t<meta name=\"twitter:data1\" content=\"4 minuts\" \/>\n<script type=\"application\/ld+json\" class=\"yoast-schema-graph\">{\"@context\":\"https:\/\/schema.org\",\"@graph\":[{\"@type\":\"WebPage\",\"@id\":\"https:\/\/elbrogit.com\/ca\/projectes-ecoturisme-xarxes-de-camins\/\",\"url\":\"https:\/\/elbrogit.com\/ca\/projectes-ecoturisme-xarxes-de-camins\/\",\"name\":\"Projectes d'ecoturisme i xarxes de camins - Senderisme i Enoturisme a Catalunya\",\"isPartOf\":{\"@id\":\"https:\/\/elbrogit.com\/ca\/#website\"},\"primaryImageOfPage\":{\"@id\":\"https:\/\/elbrogit.com\/ca\/projectes-ecoturisme-xarxes-de-camins\/#primaryimage\"},\"image\":{\"@id\":\"https:\/\/elbrogit.com\/ca\/projectes-ecoturisme-xarxes-de-camins\/#primaryimage\"},\"thumbnailUrl\":\"http:\/\/www.elbrogit.com\/wp-content\/uploads\/IMG-20121207-00205_modif.jpg\",\"datePublished\":\"2020-09-08T14:22:31+00:00\",\"dateModified\":\"2020-09-08T14:22:51+00:00\",\"breadcrumb\":{\"@id\":\"https:\/\/elbrogit.com\/ca\/projectes-ecoturisme-xarxes-de-camins\/#breadcrumb\"},\"inLanguage\":\"ca\",\"potentialAction\":[{\"@type\":\"ReadAction\",\"target\":[\"https:\/\/elbrogit.com\/ca\/projectes-ecoturisme-xarxes-de-camins\/\"]}]},{\"@type\":\"ImageObject\",\"inLanguage\":\"ca\",\"@id\":\"https:\/\/elbrogit.com\/ca\/projectes-ecoturisme-xarxes-de-camins\/#primaryimage\",\"url\":\"http:\/\/www.elbrogit.com\/wp-content\/uploads\/IMG-20121207-00205_modif.jpg\",\"contentUrl\":\"http:\/\/www.elbrogit.com\/wp-content\/uploads\/IMG-20121207-00205_modif.jpg\"},{\"@type\":\"BreadcrumbList\",\"@id\":\"https:\/\/elbrogit.com\/ca\/projectes-ecoturisme-xarxes-de-camins\/#breadcrumb\",\"itemListElement\":[{\"@type\":\"ListItem\",\"position\":1,\"name\":\"Home\",\"item\":\"https:\/\/elbrogit.com\/ca\/\"},{\"@type\":\"ListItem\",\"position\":2,\"name\":\"Projectes d&#8217;ecoturisme i xarxes de camins\"}]},{\"@type\":\"WebSite\",\"@id\":\"https:\/\/elbrogit.com\/ca\/#website\",\"url\":\"https:\/\/elbrogit.com\/ca\/\",\"name\":\"Senderisme i Enoturisme a Catalunya\",\"description\":\"Ecotourism, walking, wine tourism and cultural holidays in Catalonia\",\"publisher\":{\"@id\":\"https:\/\/elbrogit.com\/ca\/#organization\"},\"potentialAction\":[{\"@type\":\"SearchAction\",\"target\":{\"@type\":\"EntryPoint\",\"urlTemplate\":\"https:\/\/elbrogit.com\/ca\/?s={search_term_string}\"},\"query-input\":{\"@type\":\"PropertyValueSpecification\",\"valueRequired\":true,\"valueName\":\"search_term_string\"}}],\"inLanguage\":\"ca\"},{\"@type\":\"Organization\",\"@id\":\"https:\/\/elbrogit.com\/ca\/#organization\",\"name\":\"Senderisme i Enoturisme a Catalunya\",\"url\":\"https:\/\/elbrogit.com\/ca\/\",\"logo\":{\"@type\":\"ImageObject\",\"inLanguage\":\"ca\",\"@id\":\"https:\/\/elbrogit.com\/ca\/#\/schema\/logo\/image\/\",\"url\":\"https:\/\/elbrogit.com\/wp-content\/uploads\/cropped-LogoBrogitWeb.jpg\",\"contentUrl\":\"https:\/\/elbrogit.com\/wp-content\/uploads\/cropped-LogoBrogitWeb.jpg\",\"width\":161,\"height\":108,\"caption\":\"Senderisme i Enoturisme a Catalunya\"},\"image\":{\"@id\":\"https:\/\/elbrogit.com\/ca\/#\/schema\/logo\/image\/\"},\"sameAs\":[\"http:\/\/www.facebook.com\/brogit.guiatges\",\"https:\/\/x.com\/elbrogit\"]}]}<\/script>\n<!-- \/ Yoast SEO plugin. -->","yoast_head_json":{"title":"Projectes d'ecoturisme i xarxes de camins - Senderisme i Enoturisme a Catalunya","robots":{"index":"index","follow":"follow","max-snippet":"max-snippet:-1","max-image-preview":"max-image-preview:large","max-video-preview":"max-video-preview:-1"},"canonical":"https:\/\/elbrogit.com\/ca\/projectes-ecoturisme-xarxes-de-camins\/","og_locale":"ca_ES","og_type":"article","og_title":"Projectes d'ecoturisme i xarxes de camins - Senderisme i Enoturisme a Catalunya","og_description":"A la recerca dels camins de ferradura! Projectes d&#8217;ecoturisme i xarxes de camins L&#8217;ecoturisme en la nostra empresa va molt m\u00e9s enll\u00e0 de &#8220;nom\u00e9s&#8221; mostrar el nostre territori, la seva hist\u00f2ria, patrimoni cultural i natural, tradicions,&#8230; als nostres turistes, tant nacionals com internacionals. Tamb\u00e9 ens encanta fer la interminable recerca de l&#8217;antiga xarxa de camins [&hellip;]","og_url":"https:\/\/elbrogit.com\/ca\/projectes-ecoturisme-xarxes-de-camins\/","og_site_name":"Senderisme i Enoturisme a Catalunya","article_publisher":"http:\/\/www.facebook.com\/brogit.guiatges","article_modified_time":"2020-09-08T14:22:51+00:00","og_image":[{"url":"http:\/\/www.elbrogit.com\/wp-content\/uploads\/IMG-20121207-00205_modif.jpg","type":"","width":"","height":""}],"twitter_card":"summary_large_image","twitter_site":"@elbrogit","twitter_misc":{"Temps estimat de lectura":"4 minuts"},"schema":{"@context":"https:\/\/schema.org","@graph":[{"@type":"WebPage","@id":"https:\/\/elbrogit.com\/ca\/projectes-ecoturisme-xarxes-de-camins\/","url":"https:\/\/elbrogit.com\/ca\/projectes-ecoturisme-xarxes-de-camins\/","name":"Projectes d'ecoturisme i xarxes de camins - Senderisme i Enoturisme a Catalunya","isPartOf":{"@id":"https:\/\/elbrogit.com\/ca\/#website"},"primaryImageOfPage":{"@id":"https:\/\/elbrogit.com\/ca\/projectes-ecoturisme-xarxes-de-camins\/#primaryimage"},"image":{"@id":"https:\/\/elbrogit.com\/ca\/projectes-ecoturisme-xarxes-de-camins\/#primaryimage"},"thumbnailUrl":"http:\/\/www.elbrogit.com\/wp-content\/uploads\/IMG-20121207-00205_modif.jpg","datePublished":"2020-09-08T14:22:31+00:00","dateModified":"2020-09-08T14:22:51+00:00","breadcrumb":{"@id":"https:\/\/elbrogit.com\/ca\/projectes-ecoturisme-xarxes-de-camins\/#breadcrumb"},"inLanguage":"ca","potentialAction":[{"@type":"ReadAction","target":["https:\/\/elbrogit.com\/ca\/projectes-ecoturisme-xarxes-de-camins\/"]}]},{"@type":"ImageObject","inLanguage":"ca","@id":"https:\/\/elbrogit.com\/ca\/projectes-ecoturisme-xarxes-de-camins\/#primaryimage","url":"http:\/\/www.elbrogit.com\/wp-content\/uploads\/IMG-20121207-00205_modif.jpg","contentUrl":"http:\/\/www.elbrogit.com\/wp-content\/uploads\/IMG-20121207-00205_modif.jpg"},{"@type":"BreadcrumbList","@id":"https:\/\/elbrogit.com\/ca\/projectes-ecoturisme-xarxes-de-camins\/#breadcrumb","itemListElement":[{"@type":"ListItem","position":1,"name":"Home","item":"https:\/\/elbrogit.com\/ca\/"},{"@type":"ListItem","position":2,"name":"Projectes d&#8217;ecoturisme i xarxes de camins"}]},{"@type":"WebSite","@id":"https:\/\/elbrogit.com\/ca\/#website","url":"https:\/\/elbrogit.com\/ca\/","name":"Senderisme i Enoturisme a Catalunya","description":"Ecotourism, walking, wine tourism and cultural holidays in Catalonia","publisher":{"@id":"https:\/\/elbrogit.com\/ca\/#organization"},"potentialAction":[{"@type":"SearchAction","target":{"@type":"EntryPoint","urlTemplate":"https:\/\/elbrogit.com\/ca\/?s={search_term_string}"},"query-input":{"@type":"PropertyValueSpecification","valueRequired":true,"valueName":"search_term_string"}}],"inLanguage":"ca"},{"@type":"Organization","@id":"https:\/\/elbrogit.com\/ca\/#organization","name":"Senderisme i Enoturisme a Catalunya","url":"https:\/\/elbrogit.com\/ca\/","logo":{"@type":"ImageObject","inLanguage":"ca","@id":"https:\/\/elbrogit.com\/ca\/#\/schema\/logo\/image\/","url":"https:\/\/elbrogit.com\/wp-content\/uploads\/cropped-LogoBrogitWeb.jpg","contentUrl":"https:\/\/elbrogit.com\/wp-content\/uploads\/cropped-LogoBrogitWeb.jpg","width":161,"height":108,"caption":"Senderisme i Enoturisme a Catalunya"},"image":{"@id":"https:\/\/elbrogit.com\/ca\/#\/schema\/logo\/image\/"},"sameAs":["http:\/\/www.facebook.com\/brogit.guiatges","https:\/\/x.com\/elbrogit"]}]}},"jetpack_sharing_enabled":true,"_links":{"self":[{"href":"https:\/\/elbrogit.com\/ca\/wp-json\/wp\/v2\/pages\/6825","targetHints":{"allow":["GET"]}}],"collection":[{"href":"https:\/\/elbrogit.com\/ca\/wp-json\/wp\/v2\/pages"}],"about":[{"href":"https:\/\/elbrogit.com\/ca\/wp-json\/wp\/v2\/types\/page"}],"author":[{"embeddable":true,"href":"https:\/\/elbrogit.com\/ca\/wp-json\/wp\/v2\/users\/1"}],"replies":[{"embeddable":true,"href":"https:\/\/elbrogit.com\/ca\/wp-json\/wp\/v2\/comments?post=6825"}],"version-history":[{"count":1,"href":"https:\/\/elbrogit.com\/ca\/wp-json\/wp\/v2\/pages\/6825\/revisions"}],"predecessor-version":[{"id":6826,"href":"https:\/\/elbrogit.com\/ca\/wp-json\/wp\/v2\/pages\/6825\/revisions\/6826"}],"wp:attachment":[{"href":"https:\/\/elbrogit.com\/ca\/wp-json\/wp\/v2\/media?parent=6825"}],"curies":[{"name":"wp","href":"https:\/\/api.w.org\/{rel}","templated":true}]}}