{"id":6827,"date":"2020-09-08T16:25:29","date_gmt":"2020-09-08T14:25:29","guid":{"rendered":"https:\/\/elbrogit.com\/preparats-pel-covid19\/"},"modified":"2020-10-09T21:20:38","modified_gmt":"2020-10-09T19:20:38","slug":"preparats-pel-covid19","status":"publish","type":"page","link":"https:\/\/elbrogit.com\/ca\/preparats-pel-covid19\/","title":{"rendered":"PREPARATS PEL COVID19!"},"content":{"rendered":"\t\t<div data-elementor-type=\"wp-page\" data-elementor-id=\"6827\" class=\"elementor elementor-6827 elementor-238\" data-elementor-post-type=\"page\">\n\t\t\t\t\t\t<section data-particle_enable=\"false\" data-particle-mobile-disabled=\"false\" class=\"elementor-section elementor-top-section elementor-element elementor-element-4e81b1f1 elementor-section-boxed elementor-section-height-default elementor-section-height-default\" data-id=\"4e81b1f1\" data-element_type=\"section\">\n\t\t\t\t\t\t<div class=\"elementor-container elementor-column-gap-default\">\n\t\t\t\t\t<div class=\"elementor-column elementor-col-100 elementor-top-column elementor-element elementor-element-72cb5228\" data-id=\"72cb5228\" data-element_type=\"column\">\n\t\t\t<div class=\"elementor-widget-wrap elementor-element-populated\">\n\t\t\t\t\t\t<div class=\"elementor-element elementor-element-5f7c9f84 elementor-widget elementor-widget-text-editor\" data-id=\"5f7c9f84\" data-element_type=\"widget\" data-widget_type=\"text-editor.default\">\n\t\t\t\t<div class=\"elementor-widget-container\">\n\t\t\t\t\t\t\t\t\t<p><a href=\"https:\/\/www.elbrogit.com\/wp-content\/uploads\/CovidPreparatsPage.png\"><img fetchpriority=\"high\" decoding=\"async\" class=\"size-full wp-image-7484\" src=\"https:\/\/www.elbrogit.com\/wp-content\/uploads\/CovidPreparatsPage.png\" alt=\"Us fem propostes a la natura, lluny de la multitud, i amb totes les mesures de seguretat\" width=\"750\" height=\"181\" \/><\/a><br \/>\nLa irrupci\u00f3 del Covid 19 ha truncat dram\u00e0tica i inesperadament l&#8217;agenda tur\u00edstica de tots plegats, en un any que comen\u00e7ava animat i amb bones expectatives. El confinament ha representat una reducci\u00f3 dr\u00e0stica de la mobilitat, fent desapar\u00e8ixer no nom\u00e9s els turistes de qualsevol proced\u00e8ncia (tant propers com internacionals) sin\u00f3 tamb\u00e9 els passejants ocasionals independentment de la seva proximitat a un espai natural o no. I tot plegat, mentre el nombre de contagis i els pa\u00efsos afectats pel coronavirus no paraven de cr\u00e9ixer, i la natura seguia el seu curs, amb l&#8217;esclat de la primavera, molts animals i plantes aprofitant per <em>recuperar terreny<\/em>,&#8230;<\/p>\n<p>No obstant,<strong> despr\u00e9s del confinament, poc a poc i extremant les precaucions, voldrem sortir m\u00e9s enll\u00e0 de les quatre parets<\/strong> que ja tenim m\u00e9s que estudiades, endre\u00e7ades, observades o, en alguns casos, m\u00e9s ca\u00f2tiques que mai, per\u00f2 s\u00ed, voldrem sortir. En aquesta nova secci\u00f3 de la web us volem proposar diverses activitats per sortir de nou, i explorar aquest territori on volem anar, conegut o no. En tot cas per\u00f2, tenim clar que <strong>ser\u00e0 una exploraci\u00f3 diferent, el coronavirus ha deixat (i est\u00e0 deixant) la seva petja en molts \u00e0mbits.<\/p>\n<p><\/strong>Des de l&#8217;inici del Brogit, hem tingut clara <strong>la nostra filosofia:<\/strong> donar a con\u00e8ixer el nostre entorn des del m\u00e0xim respecte, promoure un turisme sostenible amb un veritable impacte econ\u00f2mic sobre l&#8217;espai visitat, connectant els nostres visitants amb la nostra gent, la que viu i sent el seu territori, treballant en xarxa amb les empreses locals, sovint petites i familiars. <strong>Les nostres propostes s\u00f3n molt variades, des de l&#8217;ecoturisme, el senderisme interpretatiu, l&#8217;enoturisme, fins a la combinaci\u00f3 del senderisme amb l&#8217;enoturisme, els escapes room a la natura unint joc i divulgaci\u00f3,&#8230; per\u00f2 totes tenen en com\u00fa que es duen a terme a l&#8217;aire lliure, a la natura, i en grups redu\u00efts i molt sovint, privats i a la carta.<\/p>\n<p><\/strong>Ara m\u00e9s que mai, seguim apostant fort pel nostre projecte i la nostra filosofia, i us en volem fer part\u00edceps, <strong>proposant-vos activitats que ens permetin gaudir de la natura, divertir-nos, fer salut i al mateix temps, respectar el nostre entorn i donar suport a tot un teixit empresarial local<\/strong> que est\u00e0 resistint aquesta crisi amb moltes ganes de donar-vos de nou la benvinguda a casa seva.<\/p>\n\t\t\t\t\t\t\t\t<\/div>\n\t\t\t\t<\/div>\n\t\t\t\t<div class=\"elementor-element elementor-element-6db5409 elementor-widget elementor-widget-heading\" data-id=\"6db5409\" data-element_type=\"widget\" data-widget_type=\"heading.default\">\n\t\t\t\t<div class=\"elementor-widget-container\">\n\t\t\t\t\t<h1 class=\"elementor-heading-title elementor-size-default\">Les nostres propostes i novetats relacionades<\/h1>\t\t\t\t<\/div>\n\t\t\t\t<\/div>\n\t\t\t\t\t<\/div>\n\t\t<\/div>\n\t\t\t\t\t<\/div>\n\t\t<\/section>\n\t\t\t\t<\/div>\n\t\t","protected":false},"excerpt":{"rendered":"<p>La irrupci\u00f3 del Covid 19 ha truncat dram\u00e0tica i inesperadament l&#8217;agenda tur\u00edstica de tots plegats, en un any que comen\u00e7ava animat i amb bones expectatives. El confinament ha representat una reducci\u00f3 dr\u00e0stica de la mobilitat, fent desapar\u00e8ixer no nom\u00e9s els turistes de qualsevol proced\u00e8ncia (tant propers com internacionals) sin\u00f3 tamb\u00e9 els passejants ocasionals independentment de [&hellip;]<\/p>\n","protected":false},"author":1,"featured_media":0,"parent":0,"menu_order":0,"comment_status":"open","ping_status":"open","template":"elementor_header_footer","meta":{"_acf_changed":false,"footnotes":""},"class_list":["post-6827","page","type-page","status-publish","hentry"],"acf":[],"yoast_head":"<!-- This site is optimized with the Yoast SEO plugin v25.1 - https:\/\/yoast.com\/wordpress\/plugins\/seo\/ -->\n<title>PREPARATS PEL COVID19! - Senderisme i Enoturisme a Catalunya<\/title>\n<meta name=\"robots\" content=\"index, follow, max-snippet:-1, max-image-preview:large, max-video-preview:-1\" \/>\n<link rel=\"canonical\" href=\"https:\/\/elbrogit.com\/ca\/preparats-pel-covid19\/\" \/>\n<meta property=\"og:locale\" content=\"ca_ES\" \/>\n<meta property=\"og:type\" content=\"article\" \/>\n<meta property=\"og:title\" content=\"PREPARATS PEL COVID19! - Senderisme i Enoturisme a Catalunya\" \/>\n<meta property=\"og:description\" content=\"La irrupci\u00f3 del Covid 19 ha truncat dram\u00e0tica i inesperadament l&#8217;agenda tur\u00edstica de tots plegats, en un any que comen\u00e7ava animat i amb bones expectatives. El confinament ha representat una reducci\u00f3 dr\u00e0stica de la mobilitat, fent desapar\u00e8ixer no nom\u00e9s els turistes de qualsevol proced\u00e8ncia (tant propers com internacionals) sin\u00f3 tamb\u00e9 els passejants ocasionals independentment de [&hellip;]\" \/>\n<meta property=\"og:url\" content=\"https:\/\/elbrogit.com\/ca\/preparats-pel-covid19\/\" \/>\n<meta property=\"og:site_name\" content=\"Senderisme i Enoturisme a Catalunya\" \/>\n<meta property=\"article:publisher\" content=\"http:\/\/www.facebook.com\/brogit.guiatges\" \/>\n<meta property=\"article:modified_time\" content=\"2020-10-09T19:20:38+00:00\" \/>\n<meta property=\"og:image\" content=\"https:\/\/www.elbrogit.com\/wp-content\/uploads\/CovidPreparatsPage.png\" \/>\n<meta name=\"twitter:card\" content=\"summary_large_image\" \/>\n<meta name=\"twitter:site\" content=\"@elbrogit\" \/>\n<meta name=\"twitter:label1\" content=\"Temps estimat de lectura\" \/>\n\t<meta name=\"twitter:data1\" content=\"2 minuts\" \/>\n<script type=\"application\/ld+json\" class=\"yoast-schema-graph\">{\"@context\":\"https:\/\/schema.org\",\"@graph\":[{\"@type\":\"WebPage\",\"@id\":\"https:\/\/elbrogit.com\/ca\/preparats-pel-covid19\/\",\"url\":\"https:\/\/elbrogit.com\/ca\/preparats-pel-covid19\/\",\"name\":\"PREPARATS PEL COVID19! - Senderisme i Enoturisme a Catalunya\",\"isPartOf\":{\"@id\":\"https:\/\/elbrogit.com\/ca\/#website\"},\"primaryImageOfPage\":{\"@id\":\"https:\/\/elbrogit.com\/ca\/preparats-pel-covid19\/#primaryimage\"},\"image\":{\"@id\":\"https:\/\/elbrogit.com\/ca\/preparats-pel-covid19\/#primaryimage\"},\"thumbnailUrl\":\"https:\/\/www.elbrogit.com\/wp-content\/uploads\/CovidPreparatsPage.png\",\"datePublished\":\"2020-09-08T14:25:29+00:00\",\"dateModified\":\"2020-10-09T19:20:38+00:00\",\"breadcrumb\":{\"@id\":\"https:\/\/elbrogit.com\/ca\/preparats-pel-covid19\/#breadcrumb\"},\"inLanguage\":\"ca\",\"potentialAction\":[{\"@type\":\"ReadAction\",\"target\":[\"https:\/\/elbrogit.com\/ca\/preparats-pel-covid19\/\"]}]},{\"@type\":\"ImageObject\",\"inLanguage\":\"ca\",\"@id\":\"https:\/\/elbrogit.com\/ca\/preparats-pel-covid19\/#primaryimage\",\"url\":\"https:\/\/www.elbrogit.com\/wp-content\/uploads\/CovidPreparatsPage.png\",\"contentUrl\":\"https:\/\/www.elbrogit.com\/wp-content\/uploads\/CovidPreparatsPage.png\"},{\"@type\":\"BreadcrumbList\",\"@id\":\"https:\/\/elbrogit.com\/ca\/preparats-pel-covid19\/#breadcrumb\",\"itemListElement\":[{\"@type\":\"ListItem\",\"position\":1,\"name\":\"Home\",\"item\":\"https:\/\/elbrogit.com\/ca\/\"},{\"@type\":\"ListItem\",\"position\":2,\"name\":\"PREPARATS PEL COVID19!\"}]},{\"@type\":\"WebSite\",\"@id\":\"https:\/\/elbrogit.com\/ca\/#website\",\"url\":\"https:\/\/elbrogit.com\/ca\/\",\"name\":\"Senderisme i Enoturisme a Catalunya\",\"description\":\"Ecotourism, walking, wine tourism and cultural holidays in Catalonia\",\"publisher\":{\"@id\":\"https:\/\/elbrogit.com\/ca\/#organization\"},\"potentialAction\":[{\"@type\":\"SearchAction\",\"target\":{\"@type\":\"EntryPoint\",\"urlTemplate\":\"https:\/\/elbrogit.com\/ca\/?s={search_term_string}\"},\"query-input\":{\"@type\":\"PropertyValueSpecification\",\"valueRequired\":true,\"valueName\":\"search_term_string\"}}],\"inLanguage\":\"ca\"},{\"@type\":\"Organization\",\"@id\":\"https:\/\/elbrogit.com\/ca\/#organization\",\"name\":\"Senderisme i Enoturisme a Catalunya\",\"url\":\"https:\/\/elbrogit.com\/ca\/\",\"logo\":{\"@type\":\"ImageObject\",\"inLanguage\":\"ca\",\"@id\":\"https:\/\/elbrogit.com\/ca\/#\/schema\/logo\/image\/\",\"url\":\"https:\/\/elbrogit.com\/wp-content\/uploads\/cropped-LogoBrogitWeb.jpg\",\"contentUrl\":\"https:\/\/elbrogit.com\/wp-content\/uploads\/cropped-LogoBrogitWeb.jpg\",\"width\":161,\"height\":108,\"caption\":\"Senderisme i Enoturisme a Catalunya\"},\"image\":{\"@id\":\"https:\/\/elbrogit.com\/ca\/#\/schema\/logo\/image\/\"},\"sameAs\":[\"http:\/\/www.facebook.com\/brogit.guiatges\",\"https:\/\/x.com\/elbrogit\"]}]}<\/script>\n<!-- \/ Yoast SEO plugin. -->","yoast_head_json":{"title":"PREPARATS PEL COVID19! - Senderisme i Enoturisme a Catalunya","robots":{"index":"index","follow":"follow","max-snippet":"max-snippet:-1","max-image-preview":"max-image-preview:large","max-video-preview":"max-video-preview:-1"},"canonical":"https:\/\/elbrogit.com\/ca\/preparats-pel-covid19\/","og_locale":"ca_ES","og_type":"article","og_title":"PREPARATS PEL COVID19! - Senderisme i Enoturisme a Catalunya","og_description":"La irrupci\u00f3 del Covid 19 ha truncat dram\u00e0tica i inesperadament l&#8217;agenda tur\u00edstica de tots plegats, en un any que comen\u00e7ava animat i amb bones expectatives. El confinament ha representat una reducci\u00f3 dr\u00e0stica de la mobilitat, fent desapar\u00e8ixer no nom\u00e9s els turistes de qualsevol proced\u00e8ncia (tant propers com internacionals) sin\u00f3 tamb\u00e9 els passejants ocasionals independentment de [&hellip;]","og_url":"https:\/\/elbrogit.com\/ca\/preparats-pel-covid19\/","og_site_name":"Senderisme i Enoturisme a Catalunya","article_publisher":"http:\/\/www.facebook.com\/brogit.guiatges","article_modified_time":"2020-10-09T19:20:38+00:00","og_image":[{"url":"https:\/\/www.elbrogit.com\/wp-content\/uploads\/CovidPreparatsPage.png","type":"","width":"","height":""}],"twitter_card":"summary_large_image","twitter_site":"@elbrogit","twitter_misc":{"Temps estimat de lectura":"2 minuts"},"schema":{"@context":"https:\/\/schema.org","@graph":[{"@type":"WebPage","@id":"https:\/\/elbrogit.com\/ca\/preparats-pel-covid19\/","url":"https:\/\/elbrogit.com\/ca\/preparats-pel-covid19\/","name":"PREPARATS PEL COVID19! - Senderisme i Enoturisme a Catalunya","isPartOf":{"@id":"https:\/\/elbrogit.com\/ca\/#website"},"primaryImageOfPage":{"@id":"https:\/\/elbrogit.com\/ca\/preparats-pel-covid19\/#primaryimage"},"image":{"@id":"https:\/\/elbrogit.com\/ca\/preparats-pel-covid19\/#primaryimage"},"thumbnailUrl":"https:\/\/www.elbrogit.com\/wp-content\/uploads\/CovidPreparatsPage.png","datePublished":"2020-09-08T14:25:29+00:00","dateModified":"2020-10-09T19:20:38+00:00","breadcrumb":{"@id":"https:\/\/elbrogit.com\/ca\/preparats-pel-covid19\/#breadcrumb"},"inLanguage":"ca","potentialAction":[{"@type":"ReadAction","target":["https:\/\/elbrogit.com\/ca\/preparats-pel-covid19\/"]}]},{"@type":"ImageObject","inLanguage":"ca","@id":"https:\/\/elbrogit.com\/ca\/preparats-pel-covid19\/#primaryimage","url":"https:\/\/www.elbrogit.com\/wp-content\/uploads\/CovidPreparatsPage.png","contentUrl":"https:\/\/www.elbrogit.com\/wp-content\/uploads\/CovidPreparatsPage.png"},{"@type":"BreadcrumbList","@id":"https:\/\/elbrogit.com\/ca\/preparats-pel-covid19\/#breadcrumb","itemListElement":[{"@type":"ListItem","position":1,"name":"Home","item":"https:\/\/elbrogit.com\/ca\/"},{"@type":"ListItem","position":2,"name":"PREPARATS PEL COVID19!"}]},{"@type":"WebSite","@id":"https:\/\/elbrogit.com\/ca\/#website","url":"https:\/\/elbrogit.com\/ca\/","name":"Senderisme i Enoturisme a Catalunya","description":"Ecotourism, walking, wine tourism and cultural holidays in Catalonia","publisher":{"@id":"https:\/\/elbrogit.com\/ca\/#organization"},"potentialAction":[{"@type":"SearchAction","target":{"@type":"EntryPoint","urlTemplate":"https:\/\/elbrogit.com\/ca\/?s={search_term_string}"},"query-input":{"@type":"PropertyValueSpecification","valueRequired":true,"valueName":"search_term_string"}}],"inLanguage":"ca"},{"@type":"Organization","@id":"https:\/\/elbrogit.com\/ca\/#organization","name":"Senderisme i Enoturisme a Catalunya","url":"https:\/\/elbrogit.com\/ca\/","logo":{"@type":"ImageObject","inLanguage":"ca","@id":"https:\/\/elbrogit.com\/ca\/#\/schema\/logo\/image\/","url":"https:\/\/elbrogit.com\/wp-content\/uploads\/cropped-LogoBrogitWeb.jpg","contentUrl":"https:\/\/elbrogit.com\/wp-content\/uploads\/cropped-LogoBrogitWeb.jpg","width":161,"height":108,"caption":"Senderisme i Enoturisme a Catalunya"},"image":{"@id":"https:\/\/elbrogit.com\/ca\/#\/schema\/logo\/image\/"},"sameAs":["http:\/\/www.facebook.com\/brogit.guiatges","https:\/\/x.com\/elbrogit"]}]}},"jetpack_sharing_enabled":true,"_links":{"self":[{"href":"https:\/\/elbrogit.com\/ca\/wp-json\/wp\/v2\/pages\/6827","targetHints":{"allow":["GET"]}}],"collection":[{"href":"https:\/\/elbrogit.com\/ca\/wp-json\/wp\/v2\/pages"}],"about":[{"href":"https:\/\/elbrogit.com\/ca\/wp-json\/wp\/v2\/types\/page"}],"author":[{"embeddable":true,"href":"https:\/\/elbrogit.com\/ca\/wp-json\/wp\/v2\/users\/1"}],"replies":[{"embeddable":true,"href":"https:\/\/elbrogit.com\/ca\/wp-json\/wp\/v2\/comments?post=6827"}],"version-history":[{"count":5,"href":"https:\/\/elbrogit.com\/ca\/wp-json\/wp\/v2\/pages\/6827\/revisions"}],"predecessor-version":[{"id":7466,"href":"https:\/\/elbrogit.com\/ca\/wp-json\/wp\/v2\/pages\/6827\/revisions\/7466"}],"wp:attachment":[{"href":"https:\/\/elbrogit.com\/ca\/wp-json\/wp\/v2\/media?parent=6827"}],"curies":[{"name":"wp","href":"https:\/\/api.w.org\/{rel}","templated":true}]}}