{"id":6829,"date":"2020-09-08T16:29:28","date_gmt":"2020-09-08T14:29:28","guid":{"rendered":"https:\/\/elbrogit.com\/serveis-i-preus\/"},"modified":"2020-09-08T16:29:48","modified_gmt":"2020-09-08T14:29:48","slug":"serveis-preus","status":"publish","type":"page","link":"https:\/\/elbrogit.com\/ca\/serveis-preus\/","title":{"rendered":"Serveis i preus"},"content":{"rendered":"\t\t<div data-elementor-type=\"wp-page\" data-elementor-id=\"6829\" class=\"elementor elementor-6829 elementor-208\" data-elementor-post-type=\"page\">\n\t\t\t\t\t\t<section data-particle_enable=\"false\" data-particle-mobile-disabled=\"false\" class=\"elementor-section elementor-top-section elementor-element elementor-element-d24c12c elementor-section-boxed elementor-section-height-default elementor-section-height-default\" data-id=\"d24c12c\" data-element_type=\"section\">\n\t\t\t\t\t\t<div class=\"elementor-container elementor-column-gap-default\">\n\t\t\t\t\t<div class=\"elementor-column elementor-col-100 elementor-top-column elementor-element elementor-element-833124f\" data-id=\"833124f\" data-element_type=\"column\">\n\t\t\t<div class=\"elementor-widget-wrap elementor-element-populated\">\n\t\t\t\t\t\t<div class=\"elementor-element elementor-element-988715b elementor-widget elementor-widget-text-editor\" data-id=\"988715b\" data-element_type=\"widget\" data-widget_type=\"text-editor.default\">\n\t\t\t\t<div class=\"elementor-widget-container\">\n\t\t\t\t\t\t\t\t\t<p><a href=\"http:\/\/www.elbrogit.com\/tl_files\/BrogitGuiatges\/web\/serveis_foto_Montsant.jpg\"><img fetchpriority=\"high\" decoding=\"async\" class=\"aligncenter\" src=\"http:\/\/www.elbrogit.com\/tl_files\/BrogitGuiatges\/web\/serveis_foto_Montsant.jpg\" alt=\"\" width=\"648\" height=\"149\" \/><\/a><\/p>\n\t\t\t\t\t\t\t\t<\/div>\n\t\t\t\t<\/div>\n\t\t\t\t\t<\/div>\n\t\t<\/div>\n\t\t\t\t\t<\/div>\n\t\t<\/section>\n\t\t\t\t<section data-particle_enable=\"false\" data-particle-mobile-disabled=\"false\" class=\"elementor-section elementor-top-section elementor-element elementor-element-6dd78c0a elementor-section-boxed elementor-section-height-default elementor-section-height-default\" data-id=\"6dd78c0a\" data-element_type=\"section\">\n\t\t\t\t\t\t<div class=\"elementor-container elementor-column-gap-default\">\n\t\t\t\t\t<div class=\"elementor-column elementor-col-100 elementor-top-column elementor-element elementor-element-2967c307\" data-id=\"2967c307\" data-element_type=\"column\">\n\t\t\t<div class=\"elementor-widget-wrap elementor-element-populated\">\n\t\t\t\t\t\t<div class=\"elementor-element elementor-element-5bccbacb elementor-widget elementor-widget-text-editor\" data-id=\"5bccbacb\" data-element_type=\"widget\" data-widget_type=\"text-editor.default\">\n\t\t\t\t<div class=\"elementor-widget-container\">\n\t\t\t\t\t\t\t\t\t<p><span style=\"color: #808000;\"><strong>Activitats i vacances guiades de senderisme i en bicicleta per Catalunya<\/strong><\/span><\/p>\n<p><span style=\"color: #808000;\">Som guies de senderisme experts en la nostra regi\u00f3,<\/span> el desconegut sud de Catalunya. <span style=\"color: #808000;\">Aquest 2013 tamb\u00e9 hem creat la nostra ag\u00e8ncia de viatges <\/span>(llic\u00e8ncia GC-2786), per oferir-vos viatges complerts incloent empreses locals de guies a la resta de Catalunya, acollidors allotjaments i restaurants, transfers locals,&#8230; Ara tamb\u00e9 us oferim <span style=\"color: #808000;\">viatges en bicicleta el\u00e8ctrica Flyer,<\/span> per gaudir del nostre territori f\u00e0cilment!<\/p>\n<p>Veniu amb nosaltres i us portarem als llocs m\u00e9s impresionants, gaudint del paisatge de manera saludable, a peu o en bici. Doneu un cop d&#8217;ull a les nostres idees de viatge i no dubteu en contactar-nos per qualsevol informaci\u00f3 adicional que pugueu necessitar. Algunes de les activitats estan programades en dates concretes, per\u00f2 tamb\u00e9 les podem concertar a mida segons les vostres disponibilitat i necessitats.<\/p>\n<p><strong><span style=\"color: #808000;\">Viatges autoguiats de senderisme i bicicleta per Catalunya<br \/>\n<\/span><\/strong>Tamb\u00e9 us oferim <span style=\"color: #808000;\">activitats autoguiades per als viatgers m\u00e9s indepents,<\/span> amb roadbooks, cartografia detallada, informaci\u00f3 \u00fatil, la possibilitat de llogar un GPS o transferir els tracks al vostre GPS, transfers de maletes, i tot el que pugueu necessitar per fer de les vostres vacances una experi\u00e8ncia inoblidable.<\/p>\n<p><span style=\"color: #808000;\"><b>Rutes de cellers i gastron\u00f2miques<br \/>\n<\/b><\/span>Si esteu m\u00e9s interessats en un tour purament enol\u00f2gic i gastron\u00f2mic, estarem encantats de donar-vos consell i conduir-vos per les nostres imponents regions del vi, com el Priorat, la Terra Alta, Conca de Barber\u00e0, Tarragona, Pened\u00e8s,&#8230; Us connectarem amb empreses familiars, els seus projectes i els seus vins, per tal d&#8217;oferir-vos una experi\u00e8ncia &#8220;deliciosa&#8221; i memorable. Estem especialitzats en dissenyar tours a mida de les vostres necessitats.<\/p>\n<p><span style=\"color: #808000;\"><strong>Consultoria tur\u00edstica: dissenyem la vostra xarxa de camins, promovem el turisme sostenible des del vostre allotjament,&#8230;<br \/>\n<\/strong><\/span>Tamb\u00e9 donem el servei de consultoria tur\u00edstica, f<span style=\"color: #808000;\">ent recerca de l&#8217;antiga i abandonada xarxa de camins de ferradura, dissenyant la xarxa de camins del vostre municipi seguint criteris hist\u00f2ric i patrimonials i al mateix temps tur\u00edstics.<\/span> Creem el projecte, pressupost, execuci\u00f3, tot oferint un projecte integral, des del disseny fins al desenvolupament i la promoci\u00f3 tur\u00edstica, creant i agendant activitats sobre la recent recuperada xarxa de camins. <a title=\"Projectes d\u2019ecoturisme i xarxes de camins\" href=\"http:\/\/www.elbrogit.com\/ca\/projectes-ecoturisme-xarxes-de-camins\/\"><strong>Feu un cop d&#8217;ull a la nostra secci\u00f3 de projectes, per veure els treballs realitzats i en qu\u00e8 estem treballant.<\/strong><\/a><\/p>\n<p>Us podem confeccionar les activitats i materials tur\u00edstics (materials divulgatius, tr\u00edptics d&#8217;itineraris, etc.) que m\u00e9s s&#8217;adiguin a les vostres necessitats i al vostre entorn. No dubteu en consultar-nos per trobar la millor manera d&#8217;oferir un servei complementari al vostre servei d&#8217;allotjament, restauraci\u00f3, etc.<\/p>\n<p><strong><span style=\"color: #808000;\">Activitats per empreses. Outdoor training.<br \/>\n<\/span><\/strong>Sou una <span style=\"color: #808000;\">empresa que vol realitzar activitats per enfortir la din\u00e0mica de treball en grup dels vostres treballadors?<\/span> Us proposem maneres divertides i enriquidores per fer-ho i tot en plena natura!<\/p>\n<p>Contacteu-nos per dissenyar l&#8217;activitat m\u00e9s adient per la vostra empresa!<\/p>\n\t\t\t\t\t\t\t\t<\/div>\n\t\t\t\t<\/div>\n\t\t\t\t\t<\/div>\n\t\t<\/div>\n\t\t\t\t\t<\/div>\n\t\t<\/section>\n\t\t\t\t<\/div>\n\t\t","protected":false},"excerpt":{"rendered":"<p>Activitats i vacances guiades de senderisme i en bicicleta per Catalunya Som guies de senderisme experts en la nostra regi\u00f3, el desconegut sud de Catalunya. Aquest 2013 tamb\u00e9 hem creat la nostra ag\u00e8ncia de viatges (llic\u00e8ncia GC-2786), per oferir-vos viatges complerts incloent empreses locals de guies a la resta de Catalunya, acollidors allotjaments i restaurants, [&hellip;]<\/p>\n","protected":false},"author":1,"featured_media":0,"parent":0,"menu_order":0,"comment_status":"open","ping_status":"open","template":"elementor_header_footer","meta":{"_acf_changed":false,"footnotes":""},"class_list":["post-6829","page","type-page","status-publish","hentry"],"acf":[],"yoast_head":"<!-- This site is optimized with the Yoast SEO plugin v25.1 - https:\/\/yoast.com\/wordpress\/plugins\/seo\/ -->\n<title>Serveis i preus - Senderisme i Enoturisme a Catalunya<\/title>\n<meta name=\"robots\" content=\"index, follow, max-snippet:-1, max-image-preview:large, max-video-preview:-1\" \/>\n<link rel=\"canonical\" href=\"https:\/\/elbrogit.com\/ca\/serveis-preus\/\" \/>\n<meta property=\"og:locale\" content=\"ca_ES\" \/>\n<meta property=\"og:type\" content=\"article\" \/>\n<meta property=\"og:title\" content=\"Serveis i preus - Senderisme i Enoturisme a Catalunya\" \/>\n<meta property=\"og:description\" content=\"Activitats i vacances guiades de senderisme i en bicicleta per Catalunya Som guies de senderisme experts en la nostra regi\u00f3, el desconegut sud de Catalunya. Aquest 2013 tamb\u00e9 hem creat la nostra ag\u00e8ncia de viatges (llic\u00e8ncia GC-2786), per oferir-vos viatges complerts incloent empreses locals de guies a la resta de Catalunya, acollidors allotjaments i restaurants, [&hellip;]\" \/>\n<meta property=\"og:url\" content=\"https:\/\/elbrogit.com\/ca\/serveis-preus\/\" \/>\n<meta property=\"og:site_name\" content=\"Senderisme i Enoturisme a Catalunya\" \/>\n<meta property=\"article:publisher\" content=\"http:\/\/www.facebook.com\/brogit.guiatges\" \/>\n<meta property=\"article:modified_time\" content=\"2020-09-08T14:29:48+00:00\" \/>\n<meta property=\"og:image\" content=\"http:\/\/www.elbrogit.com\/tl_files\/BrogitGuiatges\/web\/serveis_foto_Montsant.jpg\" \/>\n<meta name=\"twitter:card\" content=\"summary_large_image\" \/>\n<meta name=\"twitter:site\" content=\"@elbrogit\" \/>\n<meta name=\"twitter:label1\" content=\"Temps estimat de lectura\" \/>\n\t<meta name=\"twitter:data1\" content=\"2 minuts\" \/>\n<script type=\"application\/ld+json\" class=\"yoast-schema-graph\">{\"@context\":\"https:\/\/schema.org\",\"@graph\":[{\"@type\":\"WebPage\",\"@id\":\"https:\/\/elbrogit.com\/ca\/serveis-preus\/\",\"url\":\"https:\/\/elbrogit.com\/ca\/serveis-preus\/\",\"name\":\"Serveis i preus - Senderisme i Enoturisme a Catalunya\",\"isPartOf\":{\"@id\":\"https:\/\/elbrogit.com\/ca\/#website\"},\"primaryImageOfPage\":{\"@id\":\"https:\/\/elbrogit.com\/ca\/serveis-preus\/#primaryimage\"},\"image\":{\"@id\":\"https:\/\/elbrogit.com\/ca\/serveis-preus\/#primaryimage\"},\"thumbnailUrl\":\"http:\/\/www.elbrogit.com\/tl_files\/BrogitGuiatges\/web\/serveis_foto_Montsant.jpg\",\"datePublished\":\"2020-09-08T14:29:28+00:00\",\"dateModified\":\"2020-09-08T14:29:48+00:00\",\"breadcrumb\":{\"@id\":\"https:\/\/elbrogit.com\/ca\/serveis-preus\/#breadcrumb\"},\"inLanguage\":\"ca\",\"potentialAction\":[{\"@type\":\"ReadAction\",\"target\":[\"https:\/\/elbrogit.com\/ca\/serveis-preus\/\"]}]},{\"@type\":\"ImageObject\",\"inLanguage\":\"ca\",\"@id\":\"https:\/\/elbrogit.com\/ca\/serveis-preus\/#primaryimage\",\"url\":\"http:\/\/www.elbrogit.com\/tl_files\/BrogitGuiatges\/web\/serveis_foto_Montsant.jpg\",\"contentUrl\":\"http:\/\/www.elbrogit.com\/tl_files\/BrogitGuiatges\/web\/serveis_foto_Montsant.jpg\"},{\"@type\":\"BreadcrumbList\",\"@id\":\"https:\/\/elbrogit.com\/ca\/serveis-preus\/#breadcrumb\",\"itemListElement\":[{\"@type\":\"ListItem\",\"position\":1,\"name\":\"Home\",\"item\":\"https:\/\/elbrogit.com\/ca\/\"},{\"@type\":\"ListItem\",\"position\":2,\"name\":\"Serveis i preus\"}]},{\"@type\":\"WebSite\",\"@id\":\"https:\/\/elbrogit.com\/ca\/#website\",\"url\":\"https:\/\/elbrogit.com\/ca\/\",\"name\":\"Senderisme i Enoturisme a Catalunya\",\"description\":\"Ecotourism, walking, wine tourism and cultural holidays in Catalonia\",\"publisher\":{\"@id\":\"https:\/\/elbrogit.com\/ca\/#organization\"},\"potentialAction\":[{\"@type\":\"SearchAction\",\"target\":{\"@type\":\"EntryPoint\",\"urlTemplate\":\"https:\/\/elbrogit.com\/ca\/?s={search_term_string}\"},\"query-input\":{\"@type\":\"PropertyValueSpecification\",\"valueRequired\":true,\"valueName\":\"search_term_string\"}}],\"inLanguage\":\"ca\"},{\"@type\":\"Organization\",\"@id\":\"https:\/\/elbrogit.com\/ca\/#organization\",\"name\":\"Senderisme i Enoturisme a Catalunya\",\"url\":\"https:\/\/elbrogit.com\/ca\/\",\"logo\":{\"@type\":\"ImageObject\",\"inLanguage\":\"ca\",\"@id\":\"https:\/\/elbrogit.com\/ca\/#\/schema\/logo\/image\/\",\"url\":\"https:\/\/elbrogit.com\/wp-content\/uploads\/cropped-LogoBrogitWeb.jpg\",\"contentUrl\":\"https:\/\/elbrogit.com\/wp-content\/uploads\/cropped-LogoBrogitWeb.jpg\",\"width\":161,\"height\":108,\"caption\":\"Senderisme i Enoturisme a Catalunya\"},\"image\":{\"@id\":\"https:\/\/elbrogit.com\/ca\/#\/schema\/logo\/image\/\"},\"sameAs\":[\"http:\/\/www.facebook.com\/brogit.guiatges\",\"https:\/\/x.com\/elbrogit\"]}]}<\/script>\n<!-- \/ Yoast SEO plugin. -->","yoast_head_json":{"title":"Serveis i preus - Senderisme i Enoturisme a Catalunya","robots":{"index":"index","follow":"follow","max-snippet":"max-snippet:-1","max-image-preview":"max-image-preview:large","max-video-preview":"max-video-preview:-1"},"canonical":"https:\/\/elbrogit.com\/ca\/serveis-preus\/","og_locale":"ca_ES","og_type":"article","og_title":"Serveis i preus - Senderisme i Enoturisme a Catalunya","og_description":"Activitats i vacances guiades de senderisme i en bicicleta per Catalunya Som guies de senderisme experts en la nostra regi\u00f3, el desconegut sud de Catalunya. Aquest 2013 tamb\u00e9 hem creat la nostra ag\u00e8ncia de viatges (llic\u00e8ncia GC-2786), per oferir-vos viatges complerts incloent empreses locals de guies a la resta de Catalunya, acollidors allotjaments i restaurants, [&hellip;]","og_url":"https:\/\/elbrogit.com\/ca\/serveis-preus\/","og_site_name":"Senderisme i Enoturisme a Catalunya","article_publisher":"http:\/\/www.facebook.com\/brogit.guiatges","article_modified_time":"2020-09-08T14:29:48+00:00","og_image":[{"url":"http:\/\/www.elbrogit.com\/tl_files\/BrogitGuiatges\/web\/serveis_foto_Montsant.jpg","type":"","width":"","height":""}],"twitter_card":"summary_large_image","twitter_site":"@elbrogit","twitter_misc":{"Temps estimat de lectura":"2 minuts"},"schema":{"@context":"https:\/\/schema.org","@graph":[{"@type":"WebPage","@id":"https:\/\/elbrogit.com\/ca\/serveis-preus\/","url":"https:\/\/elbrogit.com\/ca\/serveis-preus\/","name":"Serveis i preus - Senderisme i Enoturisme a Catalunya","isPartOf":{"@id":"https:\/\/elbrogit.com\/ca\/#website"},"primaryImageOfPage":{"@id":"https:\/\/elbrogit.com\/ca\/serveis-preus\/#primaryimage"},"image":{"@id":"https:\/\/elbrogit.com\/ca\/serveis-preus\/#primaryimage"},"thumbnailUrl":"http:\/\/www.elbrogit.com\/tl_files\/BrogitGuiatges\/web\/serveis_foto_Montsant.jpg","datePublished":"2020-09-08T14:29:28+00:00","dateModified":"2020-09-08T14:29:48+00:00","breadcrumb":{"@id":"https:\/\/elbrogit.com\/ca\/serveis-preus\/#breadcrumb"},"inLanguage":"ca","potentialAction":[{"@type":"ReadAction","target":["https:\/\/elbrogit.com\/ca\/serveis-preus\/"]}]},{"@type":"ImageObject","inLanguage":"ca","@id":"https:\/\/elbrogit.com\/ca\/serveis-preus\/#primaryimage","url":"http:\/\/www.elbrogit.com\/tl_files\/BrogitGuiatges\/web\/serveis_foto_Montsant.jpg","contentUrl":"http:\/\/www.elbrogit.com\/tl_files\/BrogitGuiatges\/web\/serveis_foto_Montsant.jpg"},{"@type":"BreadcrumbList","@id":"https:\/\/elbrogit.com\/ca\/serveis-preus\/#breadcrumb","itemListElement":[{"@type":"ListItem","position":1,"name":"Home","item":"https:\/\/elbrogit.com\/ca\/"},{"@type":"ListItem","position":2,"name":"Serveis i preus"}]},{"@type":"WebSite","@id":"https:\/\/elbrogit.com\/ca\/#website","url":"https:\/\/elbrogit.com\/ca\/","name":"Senderisme i Enoturisme a Catalunya","description":"Ecotourism, walking, wine tourism and cultural holidays in Catalonia","publisher":{"@id":"https:\/\/elbrogit.com\/ca\/#organization"},"potentialAction":[{"@type":"SearchAction","target":{"@type":"EntryPoint","urlTemplate":"https:\/\/elbrogit.com\/ca\/?s={search_term_string}"},"query-input":{"@type":"PropertyValueSpecification","valueRequired":true,"valueName":"search_term_string"}}],"inLanguage":"ca"},{"@type":"Organization","@id":"https:\/\/elbrogit.com\/ca\/#organization","name":"Senderisme i Enoturisme a Catalunya","url":"https:\/\/elbrogit.com\/ca\/","logo":{"@type":"ImageObject","inLanguage":"ca","@id":"https:\/\/elbrogit.com\/ca\/#\/schema\/logo\/image\/","url":"https:\/\/elbrogit.com\/wp-content\/uploads\/cropped-LogoBrogitWeb.jpg","contentUrl":"https:\/\/elbrogit.com\/wp-content\/uploads\/cropped-LogoBrogitWeb.jpg","width":161,"height":108,"caption":"Senderisme i Enoturisme a Catalunya"},"image":{"@id":"https:\/\/elbrogit.com\/ca\/#\/schema\/logo\/image\/"},"sameAs":["http:\/\/www.facebook.com\/brogit.guiatges","https:\/\/x.com\/elbrogit"]}]}},"jetpack_sharing_enabled":true,"_links":{"self":[{"href":"https:\/\/elbrogit.com\/ca\/wp-json\/wp\/v2\/pages\/6829","targetHints":{"allow":["GET"]}}],"collection":[{"href":"https:\/\/elbrogit.com\/ca\/wp-json\/wp\/v2\/pages"}],"about":[{"href":"https:\/\/elbrogit.com\/ca\/wp-json\/wp\/v2\/types\/page"}],"author":[{"embeddable":true,"href":"https:\/\/elbrogit.com\/ca\/wp-json\/wp\/v2\/users\/1"}],"replies":[{"embeddable":true,"href":"https:\/\/elbrogit.com\/ca\/wp-json\/wp\/v2\/comments?post=6829"}],"version-history":[{"count":1,"href":"https:\/\/elbrogit.com\/ca\/wp-json\/wp\/v2\/pages\/6829\/revisions"}],"predecessor-version":[{"id":6830,"href":"https:\/\/elbrogit.com\/ca\/wp-json\/wp\/v2\/pages\/6829\/revisions\/6830"}],"wp:attachment":[{"href":"https:\/\/elbrogit.com\/ca\/wp-json\/wp\/v2\/media?parent=6829"}],"curies":[{"name":"wp","href":"https:\/\/api.w.org\/{rel}","templated":true}]}}