{"id":6944,"date":"2020-09-09T20:51:37","date_gmt":"2020-09-09T18:51:37","guid":{"rendered":"https:\/\/elbrogit.com\/?page_id=6944"},"modified":"2023-08-12T12:09:09","modified_gmt":"2023-08-12T10:09:09","slug":"mr04","status":"publish","type":"page","link":"https:\/\/elbrogit.com\/ca\/mr04\/","title":{"rendered":"mr04"},"content":{"rendered":"\t\t<div data-elementor-type=\"wp-page\" data-elementor-id=\"6944\" class=\"elementor elementor-6944\" data-elementor-post-type=\"page\">\n\t\t\t\t\t\t<section data-particle_enable=\"false\" data-particle-mobile-disabled=\"false\" class=\"elementor-section elementor-top-section elementor-element elementor-element-68f54f07 elementor-section-boxed elementor-section-height-default elementor-section-height-default\" data-id=\"68f54f07\" data-element_type=\"section\" data-settings=\"{&quot;background_background&quot;:&quot;classic&quot;}\">\n\t\t\t\t\t\t<div class=\"elementor-container elementor-column-gap-default\">\n\t\t\t\t\t<div class=\"elementor-column elementor-col-100 elementor-top-column elementor-element elementor-element-3f13af9a\" data-id=\"3f13af9a\" data-element_type=\"column\">\n\t\t\t<div class=\"elementor-widget-wrap elementor-element-populated\">\n\t\t\t\t\t\t<div class=\"elementor-element elementor-element-4835e7df elementor-widget elementor-widget-image\" data-id=\"4835e7df\" data-element_type=\"widget\" data-widget_type=\"image.default\">\n\t\t\t\t<div class=\"elementor-widget-container\">\n\t\t\t\t\t\t\t\t\t\t\t\t\t\t\t<img decoding=\"async\" src=\"https:\/\/elbrogit.com\/wp-content\/uploads\/04_PortalCanal.jpg\" title=\"\" alt=\"\" loading=\"lazy\" \/>\t\t\t\t\t\t\t\t\t\t\t\t\t\t\t<\/div>\n\t\t\t\t<\/div>\n\t\t\t\t\t<\/div>\n\t\t<\/div>\n\t\t\t\t\t<\/div>\n\t\t<\/section>\n\t\t\t\t<section data-particle_enable=\"false\" data-particle-mobile-disabled=\"false\" class=\"elementor-section elementor-top-section elementor-element elementor-element-76461353 elementor-section-boxed elementor-section-height-default elementor-section-height-default\" data-id=\"76461353\" data-element_type=\"section\">\n\t\t\t\t\t\t<div class=\"elementor-container elementor-column-gap-default\">\n\t\t\t\t\t<div class=\"elementor-column elementor-col-50 elementor-top-column elementor-element elementor-element-40772b01\" data-id=\"40772b01\" data-element_type=\"column\">\n\t\t\t<div class=\"elementor-widget-wrap elementor-element-populated\">\n\t\t\t\t\t\t<div class=\"elementor-element elementor-element-255a9f57 elementor-widget__width-initial elementor-absolute elementor-widget-mobile__width-initial elementor-widget elementor-widget-image\" data-id=\"255a9f57\" data-element_type=\"widget\" data-settings=\"{&quot;_position&quot;:&quot;absolute&quot;}\" data-widget_type=\"image.default\">\n\t\t\t\t<div class=\"elementor-widget-container\">\n\t\t\t\t\t\t\t\t\t\t\t\t\t\t\t<img decoding=\"async\" width=\"195\" height=\"250\" src=\"https:\/\/elbrogit.com\/wp-content\/uploads\/Avatar04_seria.png\" class=\"attachment-full size-full wp-image-8248\" alt=\"\" \/>\t\t\t\t\t\t\t\t\t\t\t\t\t\t\t<\/div>\n\t\t\t\t<\/div>\n\t\t\t\t\t<\/div>\n\t\t<\/div>\n\t\t\t\t<div class=\"elementor-column elementor-col-50 elementor-top-column elementor-element elementor-element-37ba1945\" data-id=\"37ba1945\" data-element_type=\"column\">\n\t\t\t<div class=\"elementor-widget-wrap elementor-element-populated\">\n\t\t\t\t\t\t<div class=\"elementor-element elementor-element-250cf258 elementor-widget__width-inherit elementor-widget elementor-widget-text-editor\" data-id=\"250cf258\" data-element_type=\"widget\" data-widget_type=\"text-editor.default\">\n\t\t\t\t<div class=\"elementor-widget-container\">\n\t\t\t\t\t\t\t\t\t<p style=\"text-align: center;\">Renoi! Quins cracks!<\/p><p style=\"text-align: center;\">Durant el curs de les meves investigacions he passat per for\u00e7a espais curiosos i carregats d&#8217;hist\u00f2ria, com el seg\u00fcent al que anirem!<\/p><p style=\"text-align: center;\">I ara el verset!<\/p><p style=\"text-align: center;\"><strong>Ara ens toca per on hem vingut girar cua,<\/strong><br \/><strong>i trencar per el carrer que sana tot mal,<\/strong><br \/><strong>tot baixant junt a un edifici que triangula,<\/strong><br \/><strong>haurem arribat al portal de la Canal.<\/strong><\/p>\t\t\t\t\t\t\t\t<\/div>\n\t\t\t\t<\/div>\n\t\t\t\t<section data-particle_enable=\"false\" data-particle-mobile-disabled=\"false\" class=\"elementor-section elementor-inner-section elementor-element elementor-element-e50fabb elementor-section-boxed elementor-section-height-default elementor-section-height-default\" data-id=\"e50fabb\" data-element_type=\"section\">\n\t\t\t\t\t\t<div class=\"elementor-container elementor-column-gap-default\">\n\t\t\t\t\t<div class=\"elementor-column elementor-col-50 elementor-inner-column elementor-element elementor-element-12429b5\" data-id=\"12429b5\" data-element_type=\"column\">\n\t\t\t<div class=\"elementor-widget-wrap elementor-element-populated\">\n\t\t\t\t\t\t<div class=\"elementor-element elementor-element-d341924 elementor-absolute elementor-widget-mobile__width-initial elementor-widget elementor-widget-image\" data-id=\"d341924\" data-element_type=\"widget\" data-settings=\"{&quot;_position&quot;:&quot;absolute&quot;}\" data-widget_type=\"image.default\">\n\t\t\t\t<div class=\"elementor-widget-container\">\n\t\t\t\t\t\t\t\t\t\t\t\t\t\t\t<img decoding=\"async\" src=\"https:\/\/elbrogit.com\/wp-content\/uploads\/PuntetsEnigmaVermell.png\" title=\"\" alt=\"\" loading=\"lazy\" \/>\t\t\t\t\t\t\t\t\t\t\t\t\t\t\t<\/div>\n\t\t\t\t<\/div>\n\t\t\t\t\t<\/div>\n\t\t<\/div>\n\t\t\t\t<div class=\"elementor-column elementor-col-50 elementor-inner-column elementor-element elementor-element-5ef9953\" data-id=\"5ef9953\" data-element_type=\"column\">\n\t\t\t<div class=\"elementor-widget-wrap\">\n\t\t\t\t\t\t\t<\/div>\n\t\t<\/div>\n\t\t\t\t\t<\/div>\n\t\t<\/section>\n\t\t\t\t<div class=\"elementor-element elementor-element-24c7846 elementor-align-center elementor-widget elementor-widget-button\" data-id=\"24c7846\" data-element_type=\"widget\" data-widget_type=\"button.default\">\n\t\t\t\t<div class=\"elementor-widget-container\">\n\t\t\t\t\t\t\t\t\t<div class=\"elementor-button-wrapper\">\n\t\t\t\t\t<a class=\"elementor-button elementor-button-link elementor-size-md\" href=\"https:\/\/goo.gl\/maps\/FJDZYrt92fdJ4KiD9\" target=\"_blank\">\n\t\t\t\t\t\t<span class=\"elementor-button-content-wrapper\">\n\t\t\t\t\t\t<span class=\"elementor-button-icon\">\n\t\t\t\t<i aria-hidden=\"true\" class=\"fas fa-map-marker-alt\"><\/i>\t\t\t<\/span>\n\t\t\t\t\t\t\t\t\t<span class=\"elementor-button-text\">No ho trobem<\/span>\n\t\t\t\t\t<\/span>\n\t\t\t\t\t<\/a>\n\t\t\t\t<\/div>\n\t\t\t\t\t\t\t\t<\/div>\n\t\t\t\t<\/div>\n\t\t\t\t\t<\/div>\n\t\t<\/div>\n\t\t\t\t\t<\/div>\n\t\t<\/section>\n\t\t\t\t<section data-particle_enable=\"false\" data-particle-mobile-disabled=\"false\" class=\"elementor-section elementor-top-section elementor-element elementor-element-25bdb3d4 elementor-section-boxed elementor-section-height-default elementor-section-height-default\" data-id=\"25bdb3d4\" data-element_type=\"section\">\n\t\t\t\t\t\t<div class=\"elementor-container elementor-column-gap-default\">\n\t\t\t\t\t<div class=\"elementor-column elementor-col-100 elementor-top-column elementor-element elementor-element-d5729b2\" data-id=\"d5729b2\" data-element_type=\"column\">\n\t\t\t<div class=\"elementor-widget-wrap elementor-element-populated\">\n\t\t\t\t\t\t<div class=\"elementor-element elementor-element-6cf5be2f elementor-widget__width-inherit elementor-widget elementor-widget-text-editor\" data-id=\"6cf5be2f\" data-element_type=\"widget\" data-widget_type=\"text-editor.default\">\n\t\t\t\t<div class=\"elementor-widget-container\">\n\t\t\t\t\t\t\t\t\t<p><strong><img decoding=\"async\" class=\" wp-image-8531 alignleft\" src=\"https:\/\/elbrogit.com\/wp-content\/uploads\/LupaInfo.png\" alt=\"\" width=\"48\" height=\"44\" \/>Informaci\u00f3:<\/strong> El Portal de la Canal, que data del segle XV, forma part del conjunt emmurallat de Mont-roig. \u00c9s un portal doble, amb una torre, i d\u00f3na acc\u00e9s\u00a0 amb una forta pendent als rentadors i al cam\u00ed de Riudecanyes o de Vilanova. Tot i que se\u2019l coneix com la costa del Rentador, antigament en tenien una versi\u00f3 m\u00e9s optimista, ja que l\u2019anomenaven la baixada.<\/p>\t\t\t\t\t\t\t\t<\/div>\n\t\t\t\t<\/div>\n\t\t\t\t\t<\/div>\n\t\t<\/div>\n\t\t\t\t\t<\/div>\n\t\t<\/section>\n\t\t\t\t<section data-particle_enable=\"false\" data-particle-mobile-disabled=\"false\" class=\"elementor-section elementor-top-section elementor-element elementor-element-3fba85ed elementor-section-boxed elementor-section-height-default elementor-section-height-default\" data-id=\"3fba85ed\" data-element_type=\"section\">\n\t\t\t\t\t\t<div class=\"elementor-container elementor-column-gap-default\">\n\t\t\t\t\t<div class=\"elementor-column elementor-col-100 elementor-top-column elementor-element elementor-element-2715468e\" data-id=\"2715468e\" data-element_type=\"column\">\n\t\t\t<div class=\"elementor-widget-wrap elementor-element-populated\">\n\t\t\t\t\t\t<div class=\"elementor-element elementor-element-2f60d853 elementor-widget__width-inherit elementor-widget elementor-widget-text-editor\" data-id=\"2f60d853\" data-element_type=\"widget\" data-widget_type=\"text-editor.default\">\n\t\t\t\t<div class=\"elementor-widget-container\">\n\t\t\t\t\t\t\t\t\t<p style=\"text-align: center;\"><strong>Si volgu\u00e9ssiu entrar amb males intencions, acabar\u00edeu ben cosits.<br \/><\/strong><strong>Sabeu quants dards us llen\u00e7arien?<\/strong><\/p>\t\t\t\t\t\t\t\t<\/div>\n\t\t\t\t<\/div>\n\t\t\t\t<section data-particle_enable=\"false\" data-particle-mobile-disabled=\"false\" class=\"elementor-section elementor-inner-section elementor-element elementor-element-2a60563 elementor-section-boxed elementor-section-height-default elementor-section-height-default\" data-id=\"2a60563\" data-element_type=\"section\">\n\t\t\t\t\t\t<div class=\"elementor-container elementor-column-gap-default\">\n\t\t\t\t\t<div class=\"elementor-column elementor-col-50 elementor-inner-column elementor-element elementor-element-f4527a9\" data-id=\"f4527a9\" data-element_type=\"column\">\n\t\t\t<div class=\"elementor-widget-wrap\">\n\t\t\t\t\t\t\t<\/div>\n\t\t<\/div>\n\t\t\t\t<div class=\"elementor-column elementor-col-50 elementor-inner-column elementor-element elementor-element-e52f8a7\" data-id=\"e52f8a7\" data-element_type=\"column\">\n\t\t\t<div class=\"elementor-widget-wrap elementor-element-populated\">\n\t\t\t\t\t\t<div class=\"elementor-element elementor-element-9b3e111 elementor-absolute elementor-widget-mobile__width-initial elementor-widget elementor-widget-image\" data-id=\"9b3e111\" data-element_type=\"widget\" data-settings=\"{&quot;_position&quot;:&quot;absolute&quot;}\" data-widget_type=\"image.default\">\n\t\t\t\t<div class=\"elementor-widget-container\">\n\t\t\t\t\t\t\t\t\t\t\t\t\t\t\t<img decoding=\"async\" src=\"https:\/\/elbrogit.com\/wp-content\/uploads\/PuntetsEnigma.png\" title=\"\" alt=\"\" loading=\"lazy\" \/>\t\t\t\t\t\t\t\t\t\t\t\t\t\t\t<\/div>\n\t\t\t\t<\/div>\n\t\t\t\t\t<\/div>\n\t\t<\/div>\n\t\t\t\t\t<\/div>\n\t\t<\/section>\n\t\t\t\t\t<\/div>\n\t\t<\/div>\n\t\t\t\t\t<\/div>\n\t\t<\/section>\n\t\t\t\t<section data-particle_enable=\"false\" data-particle-mobile-disabled=\"false\" class=\"elementor-section elementor-top-section elementor-element elementor-element-9d30cd9 elementor-section-boxed elementor-section-height-default elementor-section-height-default\" data-id=\"9d30cd9\" data-element_type=\"section\">\n\t\t\t\t\t\t<div class=\"elementor-container elementor-column-gap-default\">\n\t\t\t\t\t<div class=\"elementor-column elementor-col-100 elementor-top-column elementor-element elementor-element-f6dda31\" data-id=\"f6dda31\" data-element_type=\"column\">\n\t\t\t<div class=\"elementor-widget-wrap elementor-element-populated\">\n\t\t\t\t\t\t<div class=\"elementor-element elementor-element-56fe460 elementor-widget elementor-widget-eael-protected-content\" data-id=\"56fe460\" data-element_type=\"widget\" data-widget_type=\"eael-protected-content.default\">\n\t\t\t\t<div class=\"elementor-widget-container\">\n\t\t\t\t\t\t\t\t        <div class=\"eael-protected-content-message\">\n\t\t\t\t\t\t\t\t\t\t\t\t<div class=\"eael-protected-content-message-text\"><p><strong>Ja sabeu quina \u00e9s la resposta?<\/strong><\/p><\/div>\n\t\t\t\t\t\t\t        <\/div>\n\t\t        <div class=\"eael-password-protected-content-fields\">\n            <form id =\"eael_protected_content_form_56fe460\" name=\"eael_protected_content_form_56fe460\" method=\"post\">\n                <input type=\"password\" name=\"protection_password_56fe460\" class=\"eael-password\"\n                       placeholder=\"Escriviu en maj\u00fascules!\">\n                <input type=\"hidden\" name=\"eael_protected_content_nonce_56fe460\"\n                       value=\"562b4a36fa\">\n                <input type=\"submit\" value=\"OK\"\n                       class=\"eael-submit\">\n\t\t\t\t            <\/form>\n\t                <\/div>\n\t\t\t\t\t\t\t\t\t\t<\/div>\n\t\t\t\t<\/div>\n\t\t\t\t\t<\/div>\n\t\t<\/div>\n\t\t\t\t\t<\/div>\n\t\t<\/section>\n\t\t\t\t<section data-particle_enable=\"false\" data-particle-mobile-disabled=\"false\" class=\"elementor-section elementor-top-section elementor-element elementor-element-15f7fccc elementor-section-boxed elementor-section-height-default elementor-section-height-default\" data-id=\"15f7fccc\" data-element_type=\"section\">\n\t\t\t\t\t\t<div class=\"elementor-container elementor-column-gap-default\">\n\t\t\t\t\t<div class=\"elementor-column elementor-col-100 elementor-top-column elementor-element elementor-element-3a4c6672\" data-id=\"3a4c6672\" data-element_type=\"column\">\n\t\t\t<div class=\"elementor-widget-wrap elementor-element-populated\">\n\t\t\t\t\t\t<div class=\"elementor-element elementor-element-e810417 elementor-widget elementor-widget-eael-adv-accordion\" data-id=\"e810417\" data-element_type=\"widget\" data-widget_type=\"eael-adv-accordion.default\">\n\t\t\t\t<div class=\"elementor-widget-container\">\n\t\t\t\t\t        <div class=\"eael-adv-accordion\" id=\"eael-adv-accordion-e810417\" data-scroll-on-click=\"no\" data-scroll-speed=\"300\" data-accordion-id=\"e810417\" data-accordion-type=\"accordion\" data-toogle-speed=\"300\">\n    <div class=\"eael-accordion-list\">\n                <div id=\"volem-una-pista\" class=\"elementor-tab-title eael-accordion-header\" tabindex=\"0\" data-tab=\"1\" aria-controls=\"elementor-tab-content-2431\"><span class=\"eael-advanced-accordion-icon-closed\"><i aria-hidden=\"true\" class=\"fa-accordion-icon fas fa-puzzle-piece\"><\/i><\/span><span class=\"eael-advanced-accordion-icon-opened\"><i aria-hidden=\"true\" class=\"fa-accordion-icon fas fa-minus\"><\/i><\/span><span class=\"eael-accordion-tab-title\">Volem una pista!!!<\/span><i aria-hidden=\"true\" class=\"fa-toggle fas fa-angle-right\"><\/i><\/div><div id=\"elementor-tab-content-2431\" class=\"eael-accordion-content clearfix\" data-tab=\"1\" aria-labelledby=\"volem-una-pista\"><p style=\"text-align: center;\">Recordeu que el portal pertanyia a un antiga torre del conjunt emmurallat i tota torre t\u00e9\u00a0<strong>espitlleres<\/strong>&#8230;<\/p><\/div>\n                <\/div><div class=\"eael-accordion-list\">\n                <div id=\"dnans-la-soluci\" class=\"elementor-tab-title eael-accordion-header\" tabindex=\"0\" data-tab=\"2\" aria-controls=\"elementor-tab-content-2432\"><span class=\"eael-advanced-accordion-icon-closed\"><i aria-hidden=\"true\" class=\"fa-accordion-icon fas fa-key\"><\/i><\/span><span class=\"eael-advanced-accordion-icon-opened\"><i aria-hidden=\"true\" class=\"fa-accordion-icon fas fa-minus\"><\/i><\/span><span class=\"eael-accordion-tab-title\">D\u00f3na'ns la soluci\u00f3!!!<\/span><i aria-hidden=\"true\" class=\"fa-toggle fas fa-angle-right\"><\/i><\/div><div id=\"elementor-tab-content-2432\" class=\"eael-accordion-content clearfix\" data-tab=\"2\" aria-labelledby=\"dnans-la-soluci\"><p style=\"text-align: center;\">A la torre, just damunt de la porta hi han les espitlleres.<\/p>\n<img fetchpriority=\"high\" decoding=\"async\" class=\"size-medium wp-image-6952 aligncenter\" src=\"https:\/\/elbrogit.com\/wp-content\/uploads\/Solucio4-300x194.png\" alt=\"\" width=\"300\" height=\"194\" \/>\n<p style=\"text-align: center;\">Per tant, la soluci\u00f3 \u00e9s:<\/p>\n<p style=\"text-align: center;\"><strong>5<\/strong><\/p><\/div>\n                <\/div><\/div>\t\t\t\t<\/div>\n\t\t\t\t<\/div>\n\t\t\t\t\t<\/div>\n\t\t<\/div>\n\t\t\t\t\t<\/div>\n\t\t<\/section>\n\t\t\t\t<\/div>\n\t\t","protected":false},"excerpt":{"rendered":"<p>Renoi! Quins cracks! Durant el curs de les meves investigacions he passat per for\u00e7a espais curiosos i carregats d&#8217;hist\u00f2ria, com el seg\u00fcent al que anirem! I ara el verset! Ara ens toca per on hem vingut girar cua,i trencar per el carrer que sana tot mal,tot baixant junt a un edifici que triangula,haurem arribat al [&hellip;]<\/p>\n","protected":false},"author":11,"featured_media":0,"parent":0,"menu_order":0,"comment_status":"closed","ping_status":"closed","template":"","meta":{"_acf_changed":false,"footnotes":""},"class_list":["post-6944","page","type-page","status-publish","hentry"],"acf":[],"yoast_head":"<!-- This site is optimized with the Yoast SEO plugin v25.1 - https:\/\/yoast.com\/wordpress\/plugins\/seo\/ -->\n<title>mr04 - Senderisme i Enoturisme a Catalunya<\/title>\n<meta name=\"robots\" content=\"index, follow, max-snippet:-1, max-image-preview:large, max-video-preview:-1\" \/>\n<link rel=\"canonical\" href=\"https:\/\/elbrogit.com\/ca\/mr04\/\" \/>\n<meta property=\"og:locale\" content=\"ca_ES\" \/>\n<meta property=\"og:type\" content=\"article\" \/>\n<meta property=\"og:title\" content=\"mr04 - Senderisme i Enoturisme a Catalunya\" \/>\n<meta property=\"og:description\" content=\"Renoi! Quins cracks! Durant el curs de les meves investigacions he passat per for\u00e7a espais curiosos i carregats d&#8217;hist\u00f2ria, com el seg\u00fcent al que anirem! I ara el verset! Ara ens toca per on hem vingut girar cua,i trencar per el carrer que sana tot mal,tot baixant junt a un edifici que triangula,haurem arribat al [&hellip;]\" \/>\n<meta property=\"og:url\" content=\"https:\/\/elbrogit.com\/ca\/mr04\/\" \/>\n<meta property=\"og:site_name\" content=\"Senderisme i Enoturisme a Catalunya\" \/>\n<meta property=\"article:publisher\" content=\"http:\/\/www.facebook.com\/brogit.guiatges\" \/>\n<meta property=\"article:modified_time\" content=\"2023-08-12T10:09:09+00:00\" \/>\n<meta property=\"og:image\" content=\"https:\/\/elbrogit.com\/wp-content\/uploads\/04_PortalCanal.jpg\" \/>\n<meta name=\"twitter:card\" content=\"summary_large_image\" \/>\n<meta name=\"twitter:site\" content=\"@elbrogit\" \/>\n<meta name=\"twitter:label1\" content=\"Temps estimat de lectura\" \/>\n\t<meta name=\"twitter:data1\" content=\"3 minuts\" \/>\n<script type=\"application\/ld+json\" class=\"yoast-schema-graph\">{\"@context\":\"https:\/\/schema.org\",\"@graph\":[{\"@type\":\"WebPage\",\"@id\":\"https:\/\/elbrogit.com\/ca\/mr04\/\",\"url\":\"https:\/\/elbrogit.com\/ca\/mr04\/\",\"name\":\"mr04 - Senderisme i Enoturisme a Catalunya\",\"isPartOf\":{\"@id\":\"https:\/\/elbrogit.com\/ca\/#website\"},\"primaryImageOfPage\":{\"@id\":\"https:\/\/elbrogit.com\/ca\/mr04\/#primaryimage\"},\"image\":{\"@id\":\"https:\/\/elbrogit.com\/ca\/mr04\/#primaryimage\"},\"thumbnailUrl\":\"https:\/\/elbrogit.com\/wp-content\/uploads\/04_PortalCanal.jpg\",\"datePublished\":\"2020-09-09T18:51:37+00:00\",\"dateModified\":\"2023-08-12T10:09:09+00:00\",\"breadcrumb\":{\"@id\":\"https:\/\/elbrogit.com\/ca\/mr04\/#breadcrumb\"},\"inLanguage\":\"ca\",\"potentialAction\":[{\"@type\":\"ReadAction\",\"target\":[\"https:\/\/elbrogit.com\/ca\/mr04\/\"]}]},{\"@type\":\"ImageObject\",\"inLanguage\":\"ca\",\"@id\":\"https:\/\/elbrogit.com\/ca\/mr04\/#primaryimage\",\"url\":\"https:\/\/elbrogit.com\/wp-content\/uploads\/04_PortalCanal.jpg\",\"contentUrl\":\"https:\/\/elbrogit.com\/wp-content\/uploads\/04_PortalCanal.jpg\"},{\"@type\":\"BreadcrumbList\",\"@id\":\"https:\/\/elbrogit.com\/ca\/mr04\/#breadcrumb\",\"itemListElement\":[{\"@type\":\"ListItem\",\"position\":1,\"name\":\"Home\",\"item\":\"https:\/\/elbrogit.com\/ca\/\"},{\"@type\":\"ListItem\",\"position\":2,\"name\":\"mr04\"}]},{\"@type\":\"WebSite\",\"@id\":\"https:\/\/elbrogit.com\/ca\/#website\",\"url\":\"https:\/\/elbrogit.com\/ca\/\",\"name\":\"Senderisme i Enoturisme a Catalunya\",\"description\":\"Ecotourism, walking, wine tourism and cultural holidays in Catalonia\",\"publisher\":{\"@id\":\"https:\/\/elbrogit.com\/ca\/#organization\"},\"potentialAction\":[{\"@type\":\"SearchAction\",\"target\":{\"@type\":\"EntryPoint\",\"urlTemplate\":\"https:\/\/elbrogit.com\/ca\/?s={search_term_string}\"},\"query-input\":{\"@type\":\"PropertyValueSpecification\",\"valueRequired\":true,\"valueName\":\"search_term_string\"}}],\"inLanguage\":\"ca\"},{\"@type\":\"Organization\",\"@id\":\"https:\/\/elbrogit.com\/ca\/#organization\",\"name\":\"Senderisme i Enoturisme a Catalunya\",\"url\":\"https:\/\/elbrogit.com\/ca\/\",\"logo\":{\"@type\":\"ImageObject\",\"inLanguage\":\"ca\",\"@id\":\"https:\/\/elbrogit.com\/ca\/#\/schema\/logo\/image\/\",\"url\":\"https:\/\/elbrogit.com\/wp-content\/uploads\/cropped-LogoBrogitWeb.jpg\",\"contentUrl\":\"https:\/\/elbrogit.com\/wp-content\/uploads\/cropped-LogoBrogitWeb.jpg\",\"width\":161,\"height\":108,\"caption\":\"Senderisme i Enoturisme a Catalunya\"},\"image\":{\"@id\":\"https:\/\/elbrogit.com\/ca\/#\/schema\/logo\/image\/\"},\"sameAs\":[\"http:\/\/www.facebook.com\/brogit.guiatges\",\"https:\/\/x.com\/elbrogit\"]}]}<\/script>\n<!-- \/ Yoast SEO plugin. -->","yoast_head_json":{"title":"mr04 - Senderisme i Enoturisme a Catalunya","robots":{"index":"index","follow":"follow","max-snippet":"max-snippet:-1","max-image-preview":"max-image-preview:large","max-video-preview":"max-video-preview:-1"},"canonical":"https:\/\/elbrogit.com\/ca\/mr04\/","og_locale":"ca_ES","og_type":"article","og_title":"mr04 - Senderisme i Enoturisme a Catalunya","og_description":"Renoi! Quins cracks! Durant el curs de les meves investigacions he passat per for\u00e7a espais curiosos i carregats d&#8217;hist\u00f2ria, com el seg\u00fcent al que anirem! I ara el verset! Ara ens toca per on hem vingut girar cua,i trencar per el carrer que sana tot mal,tot baixant junt a un edifici que triangula,haurem arribat al [&hellip;]","og_url":"https:\/\/elbrogit.com\/ca\/mr04\/","og_site_name":"Senderisme i Enoturisme a Catalunya","article_publisher":"http:\/\/www.facebook.com\/brogit.guiatges","article_modified_time":"2023-08-12T10:09:09+00:00","og_image":[{"url":"https:\/\/elbrogit.com\/wp-content\/uploads\/04_PortalCanal.jpg","type":"","width":"","height":""}],"twitter_card":"summary_large_image","twitter_site":"@elbrogit","twitter_misc":{"Temps estimat de lectura":"3 minuts"},"schema":{"@context":"https:\/\/schema.org","@graph":[{"@type":"WebPage","@id":"https:\/\/elbrogit.com\/ca\/mr04\/","url":"https:\/\/elbrogit.com\/ca\/mr04\/","name":"mr04 - Senderisme i Enoturisme a Catalunya","isPartOf":{"@id":"https:\/\/elbrogit.com\/ca\/#website"},"primaryImageOfPage":{"@id":"https:\/\/elbrogit.com\/ca\/mr04\/#primaryimage"},"image":{"@id":"https:\/\/elbrogit.com\/ca\/mr04\/#primaryimage"},"thumbnailUrl":"https:\/\/elbrogit.com\/wp-content\/uploads\/04_PortalCanal.jpg","datePublished":"2020-09-09T18:51:37+00:00","dateModified":"2023-08-12T10:09:09+00:00","breadcrumb":{"@id":"https:\/\/elbrogit.com\/ca\/mr04\/#breadcrumb"},"inLanguage":"ca","potentialAction":[{"@type":"ReadAction","target":["https:\/\/elbrogit.com\/ca\/mr04\/"]}]},{"@type":"ImageObject","inLanguage":"ca","@id":"https:\/\/elbrogit.com\/ca\/mr04\/#primaryimage","url":"https:\/\/elbrogit.com\/wp-content\/uploads\/04_PortalCanal.jpg","contentUrl":"https:\/\/elbrogit.com\/wp-content\/uploads\/04_PortalCanal.jpg"},{"@type":"BreadcrumbList","@id":"https:\/\/elbrogit.com\/ca\/mr04\/#breadcrumb","itemListElement":[{"@type":"ListItem","position":1,"name":"Home","item":"https:\/\/elbrogit.com\/ca\/"},{"@type":"ListItem","position":2,"name":"mr04"}]},{"@type":"WebSite","@id":"https:\/\/elbrogit.com\/ca\/#website","url":"https:\/\/elbrogit.com\/ca\/","name":"Senderisme i Enoturisme a Catalunya","description":"Ecotourism, walking, wine tourism and cultural holidays in Catalonia","publisher":{"@id":"https:\/\/elbrogit.com\/ca\/#organization"},"potentialAction":[{"@type":"SearchAction","target":{"@type":"EntryPoint","urlTemplate":"https:\/\/elbrogit.com\/ca\/?s={search_term_string}"},"query-input":{"@type":"PropertyValueSpecification","valueRequired":true,"valueName":"search_term_string"}}],"inLanguage":"ca"},{"@type":"Organization","@id":"https:\/\/elbrogit.com\/ca\/#organization","name":"Senderisme i Enoturisme a Catalunya","url":"https:\/\/elbrogit.com\/ca\/","logo":{"@type":"ImageObject","inLanguage":"ca","@id":"https:\/\/elbrogit.com\/ca\/#\/schema\/logo\/image\/","url":"https:\/\/elbrogit.com\/wp-content\/uploads\/cropped-LogoBrogitWeb.jpg","contentUrl":"https:\/\/elbrogit.com\/wp-content\/uploads\/cropped-LogoBrogitWeb.jpg","width":161,"height":108,"caption":"Senderisme i Enoturisme a Catalunya"},"image":{"@id":"https:\/\/elbrogit.com\/ca\/#\/schema\/logo\/image\/"},"sameAs":["http:\/\/www.facebook.com\/brogit.guiatges","https:\/\/x.com\/elbrogit"]}]}},"jetpack_sharing_enabled":true,"_links":{"self":[{"href":"https:\/\/elbrogit.com\/ca\/wp-json\/wp\/v2\/pages\/6944","targetHints":{"allow":["GET"]}}],"collection":[{"href":"https:\/\/elbrogit.com\/ca\/wp-json\/wp\/v2\/pages"}],"about":[{"href":"https:\/\/elbrogit.com\/ca\/wp-json\/wp\/v2\/types\/page"}],"author":[{"embeddable":true,"href":"https:\/\/elbrogit.com\/ca\/wp-json\/wp\/v2\/users\/11"}],"replies":[{"embeddable":true,"href":"https:\/\/elbrogit.com\/ca\/wp-json\/wp\/v2\/comments?post=6944"}],"version-history":[{"count":18,"href":"https:\/\/elbrogit.com\/ca\/wp-json\/wp\/v2\/pages\/6944\/revisions"}],"predecessor-version":[{"id":12585,"href":"https:\/\/elbrogit.com\/ca\/wp-json\/wp\/v2\/pages\/6944\/revisions\/12585"}],"wp:attachment":[{"href":"https:\/\/elbrogit.com\/ca\/wp-json\/wp\/v2\/media?parent=6944"}],"curies":[{"name":"wp","href":"https:\/\/api.w.org\/{rel}","templated":true}]}}