{"id":7176,"date":"2020-09-10T23:42:04","date_gmt":"2020-09-10T21:42:04","guid":{"rendered":"https:\/\/elbrogit.com\/mapa-i-situacio\/"},"modified":"2020-09-10T23:43:45","modified_gmt":"2020-09-10T21:43:45","slug":"mapa-i-situacio","status":"publish","type":"page","link":"https:\/\/elbrogit.com\/ca\/mapa-i-situacio\/","title":{"rendered":"Mapa i situaci\u00f3"},"content":{"rendered":"\t\t<div data-elementor-type=\"wp-page\" data-elementor-id=\"7176\" class=\"elementor elementor-7176 elementor-230\" data-elementor-post-type=\"page\">\n\t\t\t\t\t\t<section data-particle_enable=\"false\" data-particle-mobile-disabled=\"false\" class=\"elementor-section elementor-top-section elementor-element elementor-element-7ab93952 elementor-section-boxed elementor-section-height-default elementor-section-height-default\" data-id=\"7ab93952\" data-element_type=\"section\">\n\t\t\t\t\t\t<div class=\"elementor-container elementor-column-gap-default\">\n\t\t\t\t\t<div class=\"elementor-column elementor-col-66 elementor-top-column elementor-element elementor-element-5f8652aa\" data-id=\"5f8652aa\" data-element_type=\"column\">\n\t\t\t<div class=\"elementor-widget-wrap elementor-element-populated\">\n\t\t\t\t\t\t<div class=\"elementor-element elementor-element-b287786 elementor-widget elementor-widget-heading\" data-id=\"b287786\" data-element_type=\"widget\" data-widget_type=\"heading.default\">\n\t\t\t\t<div class=\"elementor-widget-container\">\n\t\t\t\t\t<h2 class=\"elementor-heading-title elementor-size-default\">Mapa i situaci\u00f3<\/h2>\t\t\t\t<\/div>\n\t\t\t\t<\/div>\n\t\t\t\t<div class=\"elementor-element elementor-element-2e72d0cb elementor-widget elementor-widget-text-editor\" data-id=\"2e72d0cb\" data-element_type=\"widget\" data-widget_type=\"text-editor.default\">\n\t\t\t\t<div class=\"elementor-widget-container\">\n\t\t\t\t\t\t\t\t\t<p><a href=\"http:\/\/www.elbrogit.com\/tl_files\/BrogitVall\/mapBV.jpg\"><img fetchpriority=\"high\" decoding=\"async\" class=\"wp-image-3274 size-full\" src=\"http:\/\/www.elbrogit.com\/wp-content\/uploads\/mapBV_petit.jpg\" alt=\"Mapa Brogit de la Vall\" width=\"500\" height=\"306\"><\/a><br><br>&nbsp;Clica per engrandir la imatge<\/p>\n<p><span style=\"color: #808000;\"><strong>Com accedir a la Vall del Brugent, a les Muntanyes de Prades<br>\n<\/strong><\/span><span style=\"text-decoration: underline;\"><strong>Carreteres d&#8217;acc\u00e9s:<br>\n<\/strong><\/span><strong>Autopista AP-2,<\/strong> Lleida &#8211; Barcelona, podeu agafar diverses sortides:<\/p>\n<ul>\n<li>Sortida 11 Valls. Agafeu la carretera C-37 fins a la C-14, a Alcover.<\/li>\n<li>Sortida 9 Montblanc, despr\u00e9s agafeu la C-14<\/li>\n<\/ul>\n<p><strong> Autopista AP-7,<\/strong> Valencia &#8211; Barcelona:<\/p>\n<ul>\n<li>Sortida 11 Reus. Continueu per la T-11 en direcci\u00f3 Reus i agafeu la C-14 en direcci\u00f3 Montblanc.<\/li>\n<\/ul>\n<p><strong>Carretera C-14<\/strong> (Salou &#8211; La Seu d&#8217;Urgell): Us portar\u00e0 a Alcover, la Riba i Montblanc:<\/p>\n<ul>\n<li>Des d&#8217;Alcover, agafeu la T-7041 direcci\u00f3 Mont-ral i Capafonts<\/li>\n<li>Des de la Riba, agafeu la TV-7044 direcci\u00f3 el Pinetell i Farena<\/li>\n<li>Des de Montblanc, agafeu la TV-7042 direcci\u00f3 Rojals<\/li>\n<\/ul>\n<p><span style=\"text-decoration: underline;\"><strong>Transport p\u00fablic<\/strong><\/span><\/p>\n<ul>\n<li><strong>Tren:<\/strong> la l\u00ednia Barcelona \u2013 Lleida de tren t\u00e9 parada a la Riba, Alcover, Montblanc i l\u2019Espluga de Francol\u00ed; podeu consultar els seus horaris a la web i tel\u00e8fons d\u2019atenci\u00f3 de RENFE (www.renfe.es).<\/li>\n<li><strong>Bus:<\/strong> tamb\u00e9 permet l\u2019acc\u00e9s a aquests pobles, aix\u00ed com tamb\u00e9 a alguns pobles d\u2019interior. La informaci\u00f3 es pot consultar a la web i tel\u00e8fons d\u2019atenci\u00f3 d\u2019autobusos Plana (www.empresaplana.es).<br><br><br><\/li>\n<\/ul><a href=\"http:\/\/maps.google.es\/?ie=UTF8&amp;ll=41.302055,1.071854&amp;spn=0.184927,0.30899&amp;z=12\" target=\"_blank\" rel=\"noopener\"><img decoding=\"async\" src=\"http:\/\/www.elbrogit.com\/tl_files\/BrogitVall\/mapa2.jpg\" alt=\"\" width=\"380\" height=\"360\"><\/a> <br>Cliqueu per veure-ho a Google Maps\t\t\t\t\t\t\t\t<\/div>\n\t\t\t\t<\/div>\n\t\t\t\t\t<\/div>\n\t\t<\/div>\n\t\t\t\t<div class=\"elementor-column elementor-col-33 elementor-top-column elementor-element elementor-element-543e80a5\" data-id=\"543e80a5\" data-element_type=\"column\">\n\t\t\t<div class=\"elementor-widget-wrap elementor-element-populated\">\n\t\t\t\t\t\t<div class=\"elementor-element elementor-element-6aaca043 elementor-align-center elementor-widget elementor-widget-button\" data-id=\"6aaca043\" data-element_type=\"widget\" data-widget_type=\"button.default\">\n\t\t\t\t<div class=\"elementor-widget-container\">\n\t\t\t\t\t\t\t\t\t<div class=\"elementor-button-wrapper\">\n\t\t\t\t\t<a class=\"elementor-button elementor-button-link elementor-size-sm\" href=\"https:\/\/www.elbrogit.com\/ca\/introduccio-el-brogit-de-la-vall\/\">\n\t\t\t\t\t\t<span class=\"elementor-button-content-wrapper\">\n\t\t\t\t\t\t\t\t\t<span class=\"elementor-button-text\">Introducci\u00f3<\/span>\n\t\t\t\t\t<\/span>\n\t\t\t\t\t<\/a>\n\t\t\t\t<\/div>\n\t\t\t\t\t\t\t\t<\/div>\n\t\t\t\t<\/div>\n\t\t\t\t<div class=\"elementor-element elementor-element-554d13d2 elementor-align-center elementor-widget elementor-widget-button\" data-id=\"554d13d2\" data-element_type=\"widget\" data-widget_type=\"button.default\">\n\t\t\t\t<div class=\"elementor-widget-container\">\n\t\t\t\t\t\t\t\t\t<div class=\"elementor-button-wrapper\">\n\t\t\t\t\t<a class=\"elementor-button elementor-button-link elementor-size-sm\" href=\"https:\/\/www.elbrogit.com\/ca\/la-vall-del-riu-brugent\/\">\n\t\t\t\t\t\t<span class=\"elementor-button-content-wrapper\">\n\t\t\t\t\t\t\t\t\t<span class=\"elementor-button-text\">La Vall del Brugent<\/span>\n\t\t\t\t\t<\/span>\n\t\t\t\t\t<\/a>\n\t\t\t\t<\/div>\n\t\t\t\t\t\t\t\t<\/div>\n\t\t\t\t<\/div>\n\t\t\t\t<div class=\"elementor-element elementor-element-ba171be elementor-align-center elementor-widget elementor-widget-button\" data-id=\"ba171be\" data-element_type=\"widget\" data-widget_type=\"button.default\">\n\t\t\t\t<div class=\"elementor-widget-container\">\n\t\t\t\t\t\t\t\t\t<div class=\"elementor-button-wrapper\">\n\t\t\t\t\t<a class=\"elementor-button elementor-button-link elementor-size-sm\" href=\"https:\/\/www.elbrogit.com\/ca\/ruta-el-brogit-de-la-vall\/\">\n\t\t\t\t\t\t<span class=\"elementor-button-content-wrapper\">\n\t\t\t\t\t\t\t\t\t<span class=\"elementor-button-text\">L'itinerari per la vall<\/span>\n\t\t\t\t\t<\/span>\n\t\t\t\t\t<\/a>\n\t\t\t\t<\/div>\n\t\t\t\t\t\t\t\t<\/div>\n\t\t\t\t<\/div>\n\t\t\t\t<div class=\"elementor-element elementor-element-c0492a2 elementor-align-center elementor-widget elementor-widget-button\" data-id=\"c0492a2\" data-element_type=\"widget\" data-widget_type=\"button.default\">\n\t\t\t\t<div class=\"elementor-widget-container\">\n\t\t\t\t\t\t\t\t\t<div class=\"elementor-button-wrapper\">\n\t\t\t\t\t<a class=\"elementor-button elementor-button-link elementor-size-sm\" href=\"https:\/\/www.elbrogit.com\/ca\/mapa-brugent-prades\/\">\n\t\t\t\t\t\t<span class=\"elementor-button-content-wrapper\">\n\t\t\t\t\t\t\t\t\t<span class=\"elementor-button-text\">Mapa i localitzaci\u00f3<\/span>\n\t\t\t\t\t<\/span>\n\t\t\t\t\t<\/a>\n\t\t\t\t<\/div>\n\t\t\t\t\t\t\t\t<\/div>\n\t\t\t\t<\/div>\n\t\t\t\t<div class=\"elementor-element elementor-element-14771476 elementor-align-center elementor-widget elementor-widget-button\" data-id=\"14771476\" data-element_type=\"widget\" data-widget_type=\"button.default\">\n\t\t\t\t<div class=\"elementor-widget-container\">\n\t\t\t\t\t\t\t\t\t<div class=\"elementor-button-wrapper\">\n\t\t\t\t\t<a class=\"elementor-button elementor-button-link elementor-size-sm\" href=\"https:\/\/www.elbrogit.com\/ca\/etapes-el-brogit-de-la-vall\/\">\n\t\t\t\t\t\t<span class=\"elementor-button-content-wrapper\">\n\t\t\t\t\t\t\t\t\t<span class=\"elementor-button-text\">Etapes de El Brogit de la Vall<\/span>\n\t\t\t\t\t<\/span>\n\t\t\t\t\t<\/a>\n\t\t\t\t<\/div>\n\t\t\t\t\t\t\t\t<\/div>\n\t\t\t\t<\/div>\n\t\t\t\t<div class=\"elementor-element elementor-element-8630b96 elementor-align-center elementor-widget elementor-widget-button\" data-id=\"8630b96\" data-element_type=\"widget\" data-widget_type=\"button.default\">\n\t\t\t\t<div class=\"elementor-widget-container\">\n\t\t\t\t\t\t\t\t\t<div class=\"elementor-button-wrapper\">\n\t\t\t\t\t<a class=\"elementor-button elementor-button-link elementor-size-sm\" href=\"https:\/\/www.elbrogit.com\/ca\/recomanacions-brogit-de-la-vall\/\">\n\t\t\t\t\t\t<span class=\"elementor-button-content-wrapper\">\n\t\t\t\t\t\t\t\t\t<span class=\"elementor-button-text\">Consells abans de fer la caminada<\/span>\n\t\t\t\t\t<\/span>\n\t\t\t\t\t<\/a>\n\t\t\t\t<\/div>\n\t\t\t\t\t\t\t\t<\/div>\n\t\t\t\t<\/div>\n\t\t\t\t<div class=\"elementor-element elementor-element-3c7b4f5c elementor-align-center elementor-widget elementor-widget-button\" data-id=\"3c7b4f5c\" data-element_type=\"widget\" data-widget_type=\"button.default\">\n\t\t\t\t<div class=\"elementor-widget-container\">\n\t\t\t\t\t\t\t\t\t<div class=\"elementor-button-wrapper\">\n\t\t\t\t\t<a class=\"elementor-button elementor-button-link elementor-size-sm\" href=\"https:\/\/www.elbrogit.com\/ca\/allotjaments-brogit-de-la-vall\/\">\n\t\t\t\t\t\t<span class=\"elementor-button-content-wrapper\">\n\t\t\t\t\t\t\t\t\t<span class=\"elementor-button-text\">Allotjaments a la vall<\/span>\n\t\t\t\t\t<\/span>\n\t\t\t\t\t<\/a>\n\t\t\t\t<\/div>\n\t\t\t\t\t\t\t\t<\/div>\n\t\t\t\t<\/div>\n\t\t\t\t<div class=\"elementor-element elementor-element-3752f992 elementor-align-center elementor-widget elementor-widget-button\" data-id=\"3752f992\" data-element_type=\"widget\" data-widget_type=\"button.default\">\n\t\t\t\t<div class=\"elementor-widget-container\">\n\t\t\t\t\t\t\t\t\t<div class=\"elementor-button-wrapper\">\n\t\t\t\t\t<a class=\"elementor-button elementor-button-link elementor-size-sm\" href=\"https:\/\/www.elbrogit.com\/ca\/reserva-brogit-de-la-vall-muntanyes-prades\/\">\n\t\t\t\t\t\t<span class=\"elementor-button-content-wrapper\">\n\t\t\t\t\t\t\t\t\t<span class=\"elementor-button-text\">Reserva el teu Brogit de la Vall<\/span>\n\t\t\t\t\t<\/span>\n\t\t\t\t\t<\/a>\n\t\t\t\t<\/div>\n\t\t\t\t\t\t\t\t<\/div>\n\t\t\t\t<\/div>\n\t\t\t\t<div class=\"elementor-element elementor-element-6af680e3 elementor-align-center elementor-widget elementor-widget-button\" data-id=\"6af680e3\" data-element_type=\"widget\" data-widget_type=\"button.default\">\n\t\t\t\t<div class=\"elementor-widget-container\">\n\t\t\t\t\t\t\t\t\t<div class=\"elementor-button-wrapper\">\n\t\t\t\t\t<a class=\"elementor-button elementor-button-link elementor-size-sm\" href=\"https:\/\/www.elbrogit.com\/ca\/modalitats-brogit-vall-prades\/\">\n\t\t\t\t\t\t<span class=\"elementor-button-content-wrapper\">\n\t\t\t\t\t\t\t\t\t<span class=\"elementor-button-text\">Modalitats per fer l'itinerari<\/span>\n\t\t\t\t\t<\/span>\n\t\t\t\t\t<\/a>\n\t\t\t\t<\/div>\n\t\t\t\t\t\t\t\t<\/div>\n\t\t\t\t<\/div>\n\t\t\t\t<div class=\"elementor-element elementor-element-616c1f71 elementor-align-center elementor-widget elementor-widget-button\" data-id=\"616c1f71\" data-element_type=\"widget\" data-widget_type=\"button.default\">\n\t\t\t\t<div class=\"elementor-widget-container\">\n\t\t\t\t\t\t\t\t\t<div class=\"elementor-button-wrapper\">\n\t\t\t\t\t<a class=\"elementor-button elementor-button-link elementor-size-sm\" href=\"https:\/\/www.elbrogit.com\/almogavers-del-brogit-de-la-vall\/\">\n\t\t\t\t\t\t<span class=\"elementor-button-content-wrapper\">\n\t\t\t\t\t\t\t\t\t<span class=\"elementor-button-text\">Almog\u00e0ver, per corredors<\/span>\n\t\t\t\t\t<\/span>\n\t\t\t\t\t<\/a>\n\t\t\t\t<\/div>\n\t\t\t\t\t\t\t\t<\/div>\n\t\t\t\t<\/div>\n\t\t\t\t<div class=\"elementor-element elementor-element-1cb512e6 elementor-align-center elementor-widget elementor-widget-button\" data-id=\"1cb512e6\" data-element_type=\"widget\" data-widget_type=\"button.default\">\n\t\t\t\t<div class=\"elementor-widget-container\">\n\t\t\t\t\t\t\t\t\t<div class=\"elementor-button-wrapper\">\n\t\t\t\t\t<a class=\"elementor-button elementor-button-link elementor-size-sm\" href=\"https:\/\/www.elbrogit.com\/ca\/descarregues-de-el-brogit-de-la-vall\/\">\n\t\t\t\t\t\t<span class=\"elementor-button-content-wrapper\">\n\t\t\t\t\t\t\t\t\t<span class=\"elementor-button-text\">Desc\u00e0rregues: tracks,...<\/span>\n\t\t\t\t\t<\/span>\n\t\t\t\t\t<\/a>\n\t\t\t\t<\/div>\n\t\t\t\t\t\t\t\t<\/div>\n\t\t\t\t<\/div>\n\t\t\t\t\t<\/div>\n\t\t<\/div>\n\t\t\t\t\t<\/div>\n\t\t<\/section>\n\t\t\t\t<\/div>\n\t\t","protected":false},"excerpt":{"rendered":"<p>Mapa i situaci\u00f3 &nbsp;Clica per engrandir la imatge Com accedir a la Vall del Brugent, a les Muntanyes de Prades Carreteres d&#8217;acc\u00e9s: Autopista AP-2, Lleida &#8211; Barcelona, podeu agafar diverses sortides: Sortida 11 Valls. Agafeu la carretera C-37 fins a la C-14, a Alcover. Sortida 9 Montblanc, despr\u00e9s agafeu la C-14 Autopista AP-7, Valencia &#8211; [&hellip;]<\/p>\n","protected":false},"author":1,"featured_media":0,"parent":0,"menu_order":0,"comment_status":"open","ping_status":"open","template":"elementor_header_footer","meta":{"_acf_changed":false,"footnotes":""},"class_list":["post-7176","page","type-page","status-publish","hentry"],"acf":[],"yoast_head":"<!-- This site is optimized with the Yoast SEO plugin v25.1 - https:\/\/yoast.com\/wordpress\/plugins\/seo\/ -->\n<title>Mapa i situaci\u00f3 - Senderisme i Enoturisme a Catalunya<\/title>\n<meta name=\"robots\" content=\"index, follow, max-snippet:-1, max-image-preview:large, max-video-preview:-1\" \/>\n<link rel=\"canonical\" href=\"https:\/\/elbrogit.com\/ca\/mapa-i-situacio\/\" \/>\n<meta property=\"og:locale\" content=\"ca_ES\" \/>\n<meta property=\"og:type\" content=\"article\" \/>\n<meta property=\"og:title\" content=\"Mapa i situaci\u00f3 - Senderisme i Enoturisme a Catalunya\" \/>\n<meta property=\"og:description\" content=\"Mapa i situaci\u00f3 &nbsp;Clica per engrandir la imatge Com accedir a la Vall del Brugent, a les Muntanyes de Prades Carreteres d&#8217;acc\u00e9s: Autopista AP-2, Lleida &#8211; Barcelona, podeu agafar diverses sortides: Sortida 11 Valls. Agafeu la carretera C-37 fins a la C-14, a Alcover. Sortida 9 Montblanc, despr\u00e9s agafeu la C-14 Autopista AP-7, Valencia &#8211; [&hellip;]\" \/>\n<meta property=\"og:url\" content=\"https:\/\/elbrogit.com\/ca\/mapa-i-situacio\/\" \/>\n<meta property=\"og:site_name\" content=\"Senderisme i Enoturisme a Catalunya\" \/>\n<meta property=\"article:publisher\" content=\"http:\/\/www.facebook.com\/brogit.guiatges\" \/>\n<meta property=\"article:modified_time\" content=\"2020-09-10T21:43:45+00:00\" \/>\n<meta property=\"og:image\" content=\"http:\/\/www.elbrogit.com\/wp-content\/uploads\/mapBV_petit.jpg\" \/>\n<meta name=\"twitter:card\" content=\"summary_large_image\" \/>\n<meta name=\"twitter:site\" content=\"@elbrogit\" \/>\n<meta name=\"twitter:label1\" content=\"Temps estimat de lectura\" \/>\n\t<meta name=\"twitter:data1\" content=\"1 minut\" \/>\n<script type=\"application\/ld+json\" class=\"yoast-schema-graph\">{\"@context\":\"https:\/\/schema.org\",\"@graph\":[{\"@type\":\"WebPage\",\"@id\":\"https:\/\/elbrogit.com\/ca\/mapa-i-situacio\/\",\"url\":\"https:\/\/elbrogit.com\/ca\/mapa-i-situacio\/\",\"name\":\"Mapa i situaci\u00f3 - Senderisme i Enoturisme a Catalunya\",\"isPartOf\":{\"@id\":\"https:\/\/elbrogit.com\/ca\/#website\"},\"primaryImageOfPage\":{\"@id\":\"https:\/\/elbrogit.com\/ca\/mapa-i-situacio\/#primaryimage\"},\"image\":{\"@id\":\"https:\/\/elbrogit.com\/ca\/mapa-i-situacio\/#primaryimage\"},\"thumbnailUrl\":\"http:\/\/www.elbrogit.com\/wp-content\/uploads\/mapBV_petit.jpg\",\"datePublished\":\"2020-09-10T21:42:04+00:00\",\"dateModified\":\"2020-09-10T21:43:45+00:00\",\"breadcrumb\":{\"@id\":\"https:\/\/elbrogit.com\/ca\/mapa-i-situacio\/#breadcrumb\"},\"inLanguage\":\"ca\",\"potentialAction\":[{\"@type\":\"ReadAction\",\"target\":[\"https:\/\/elbrogit.com\/ca\/mapa-i-situacio\/\"]}]},{\"@type\":\"ImageObject\",\"inLanguage\":\"ca\",\"@id\":\"https:\/\/elbrogit.com\/ca\/mapa-i-situacio\/#primaryimage\",\"url\":\"http:\/\/www.elbrogit.com\/wp-content\/uploads\/mapBV_petit.jpg\",\"contentUrl\":\"http:\/\/www.elbrogit.com\/wp-content\/uploads\/mapBV_petit.jpg\"},{\"@type\":\"BreadcrumbList\",\"@id\":\"https:\/\/elbrogit.com\/ca\/mapa-i-situacio\/#breadcrumb\",\"itemListElement\":[{\"@type\":\"ListItem\",\"position\":1,\"name\":\"Home\",\"item\":\"https:\/\/elbrogit.com\/ca\/\"},{\"@type\":\"ListItem\",\"position\":2,\"name\":\"Mapa i situaci\u00f3\"}]},{\"@type\":\"WebSite\",\"@id\":\"https:\/\/elbrogit.com\/ca\/#website\",\"url\":\"https:\/\/elbrogit.com\/ca\/\",\"name\":\"Senderisme i Enoturisme a Catalunya\",\"description\":\"Ecotourism, walking, wine tourism and cultural holidays in Catalonia\",\"publisher\":{\"@id\":\"https:\/\/elbrogit.com\/ca\/#organization\"},\"potentialAction\":[{\"@type\":\"SearchAction\",\"target\":{\"@type\":\"EntryPoint\",\"urlTemplate\":\"https:\/\/elbrogit.com\/ca\/?s={search_term_string}\"},\"query-input\":{\"@type\":\"PropertyValueSpecification\",\"valueRequired\":true,\"valueName\":\"search_term_string\"}}],\"inLanguage\":\"ca\"},{\"@type\":\"Organization\",\"@id\":\"https:\/\/elbrogit.com\/ca\/#organization\",\"name\":\"Senderisme i Enoturisme a Catalunya\",\"url\":\"https:\/\/elbrogit.com\/ca\/\",\"logo\":{\"@type\":\"ImageObject\",\"inLanguage\":\"ca\",\"@id\":\"https:\/\/elbrogit.com\/ca\/#\/schema\/logo\/image\/\",\"url\":\"https:\/\/elbrogit.com\/wp-content\/uploads\/cropped-LogoBrogitWeb.jpg\",\"contentUrl\":\"https:\/\/elbrogit.com\/wp-content\/uploads\/cropped-LogoBrogitWeb.jpg\",\"width\":161,\"height\":108,\"caption\":\"Senderisme i Enoturisme a Catalunya\"},\"image\":{\"@id\":\"https:\/\/elbrogit.com\/ca\/#\/schema\/logo\/image\/\"},\"sameAs\":[\"http:\/\/www.facebook.com\/brogit.guiatges\",\"https:\/\/x.com\/elbrogit\"]}]}<\/script>\n<!-- \/ Yoast SEO plugin. -->","yoast_head_json":{"title":"Mapa i situaci\u00f3 - Senderisme i Enoturisme a Catalunya","robots":{"index":"index","follow":"follow","max-snippet":"max-snippet:-1","max-image-preview":"max-image-preview:large","max-video-preview":"max-video-preview:-1"},"canonical":"https:\/\/elbrogit.com\/ca\/mapa-i-situacio\/","og_locale":"ca_ES","og_type":"article","og_title":"Mapa i situaci\u00f3 - Senderisme i Enoturisme a Catalunya","og_description":"Mapa i situaci\u00f3 &nbsp;Clica per engrandir la imatge Com accedir a la Vall del Brugent, a les Muntanyes de Prades Carreteres d&#8217;acc\u00e9s: Autopista AP-2, Lleida &#8211; Barcelona, podeu agafar diverses sortides: Sortida 11 Valls. Agafeu la carretera C-37 fins a la C-14, a Alcover. Sortida 9 Montblanc, despr\u00e9s agafeu la C-14 Autopista AP-7, Valencia &#8211; [&hellip;]","og_url":"https:\/\/elbrogit.com\/ca\/mapa-i-situacio\/","og_site_name":"Senderisme i Enoturisme a Catalunya","article_publisher":"http:\/\/www.facebook.com\/brogit.guiatges","article_modified_time":"2020-09-10T21:43:45+00:00","og_image":[{"url":"http:\/\/www.elbrogit.com\/wp-content\/uploads\/mapBV_petit.jpg","type":"","width":"","height":""}],"twitter_card":"summary_large_image","twitter_site":"@elbrogit","twitter_misc":{"Temps estimat de lectura":"1 minut"},"schema":{"@context":"https:\/\/schema.org","@graph":[{"@type":"WebPage","@id":"https:\/\/elbrogit.com\/ca\/mapa-i-situacio\/","url":"https:\/\/elbrogit.com\/ca\/mapa-i-situacio\/","name":"Mapa i situaci\u00f3 - Senderisme i Enoturisme a Catalunya","isPartOf":{"@id":"https:\/\/elbrogit.com\/ca\/#website"},"primaryImageOfPage":{"@id":"https:\/\/elbrogit.com\/ca\/mapa-i-situacio\/#primaryimage"},"image":{"@id":"https:\/\/elbrogit.com\/ca\/mapa-i-situacio\/#primaryimage"},"thumbnailUrl":"http:\/\/www.elbrogit.com\/wp-content\/uploads\/mapBV_petit.jpg","datePublished":"2020-09-10T21:42:04+00:00","dateModified":"2020-09-10T21:43:45+00:00","breadcrumb":{"@id":"https:\/\/elbrogit.com\/ca\/mapa-i-situacio\/#breadcrumb"},"inLanguage":"ca","potentialAction":[{"@type":"ReadAction","target":["https:\/\/elbrogit.com\/ca\/mapa-i-situacio\/"]}]},{"@type":"ImageObject","inLanguage":"ca","@id":"https:\/\/elbrogit.com\/ca\/mapa-i-situacio\/#primaryimage","url":"http:\/\/www.elbrogit.com\/wp-content\/uploads\/mapBV_petit.jpg","contentUrl":"http:\/\/www.elbrogit.com\/wp-content\/uploads\/mapBV_petit.jpg"},{"@type":"BreadcrumbList","@id":"https:\/\/elbrogit.com\/ca\/mapa-i-situacio\/#breadcrumb","itemListElement":[{"@type":"ListItem","position":1,"name":"Home","item":"https:\/\/elbrogit.com\/ca\/"},{"@type":"ListItem","position":2,"name":"Mapa i situaci\u00f3"}]},{"@type":"WebSite","@id":"https:\/\/elbrogit.com\/ca\/#website","url":"https:\/\/elbrogit.com\/ca\/","name":"Senderisme i Enoturisme a Catalunya","description":"Ecotourism, walking, wine tourism and cultural holidays in Catalonia","publisher":{"@id":"https:\/\/elbrogit.com\/ca\/#organization"},"potentialAction":[{"@type":"SearchAction","target":{"@type":"EntryPoint","urlTemplate":"https:\/\/elbrogit.com\/ca\/?s={search_term_string}"},"query-input":{"@type":"PropertyValueSpecification","valueRequired":true,"valueName":"search_term_string"}}],"inLanguage":"ca"},{"@type":"Organization","@id":"https:\/\/elbrogit.com\/ca\/#organization","name":"Senderisme i Enoturisme a Catalunya","url":"https:\/\/elbrogit.com\/ca\/","logo":{"@type":"ImageObject","inLanguage":"ca","@id":"https:\/\/elbrogit.com\/ca\/#\/schema\/logo\/image\/","url":"https:\/\/elbrogit.com\/wp-content\/uploads\/cropped-LogoBrogitWeb.jpg","contentUrl":"https:\/\/elbrogit.com\/wp-content\/uploads\/cropped-LogoBrogitWeb.jpg","width":161,"height":108,"caption":"Senderisme i Enoturisme a Catalunya"},"image":{"@id":"https:\/\/elbrogit.com\/ca\/#\/schema\/logo\/image\/"},"sameAs":["http:\/\/www.facebook.com\/brogit.guiatges","https:\/\/x.com\/elbrogit"]}]}},"jetpack_sharing_enabled":true,"_links":{"self":[{"href":"https:\/\/elbrogit.com\/ca\/wp-json\/wp\/v2\/pages\/7176","targetHints":{"allow":["GET"]}}],"collection":[{"href":"https:\/\/elbrogit.com\/ca\/wp-json\/wp\/v2\/pages"}],"about":[{"href":"https:\/\/elbrogit.com\/ca\/wp-json\/wp\/v2\/types\/page"}],"author":[{"embeddable":true,"href":"https:\/\/elbrogit.com\/ca\/wp-json\/wp\/v2\/users\/1"}],"replies":[{"embeddable":true,"href":"https:\/\/elbrogit.com\/ca\/wp-json\/wp\/v2\/comments?post=7176"}],"version-history":[{"count":2,"href":"https:\/\/elbrogit.com\/ca\/wp-json\/wp\/v2\/pages\/7176\/revisions"}],"predecessor-version":[{"id":7178,"href":"https:\/\/elbrogit.com\/ca\/wp-json\/wp\/v2\/pages\/7176\/revisions\/7178"}],"wp:attachment":[{"href":"https:\/\/elbrogit.com\/ca\/wp-json\/wp\/v2\/media?parent=7176"}],"curies":[{"name":"wp","href":"https:\/\/api.w.org\/{rel}","templated":true}]}}