{"id":12171,"date":"2023-02-14T17:47:55","date_gmt":"2023-02-14T16:47:55","guid":{"rendered":"https:\/\/elbrogit.com\/?post_type=product&#038;p=12171"},"modified":"2023-02-14T17:51:09","modified_gmt":"2023-02-14T16:51:09","slug":"operacio-mont-roig-tpv","status":"publish","type":"product","link":"https:\/\/elbrogit.com\/ca\/product\/operacio-mont-roig-tpv\/","title":{"rendered":"Operaci\u00f3 Mont-roig! &#8211; TPV"},"content":{"rendered":"","protected":true},"excerpt":{"rendered":"","protected":true},"featured_media":6342,"template":"","meta":{"_acf_changed":false},"product_brand":[],"product_cat":[150,143,152,179,188,148,160,157],"product_tag":[363,362,375],"class_list":{"0":"post-12171","1":"product","2":"type-product","3":"status-publish","4":"post-password-required","6":"product_cat-vacances-de-senderisme","7":"product_cat-senderisme-amb-guia","8":"product_cat-activitat-dificultat-baixa","9":"product_cat-activitat-mig-dia","10":"product_cat-muntanyes-llaberia-tivissa-vandellos","11":"product_cat-sud-catalunya","12":"product_cat-viatges-culturals","13":"product_cat-viatges-de-natura","14":"product_tag-a-laire-lliure","15":"product_tag-escape-room-a-la-natura","16":"product_tag-wbcc","18":"first","19":"instock","20":"shipping-taxable","21":"purchasable","22":"product-type-variable"},"acf":[],"yoast_head":"<!-- This site is optimized with the Yoast SEO plugin v25.1 - https:\/\/yoast.com\/wordpress\/plugins\/seo\/ -->\n<title>Operaci\u00f3 Mont-roig! - TPV - Senderisme i Enoturisme a Catalunya<\/title>\n<meta name=\"robots\" content=\"index, follow, max-snippet:-1, max-image-preview:large, max-video-preview:-1\" \/>\n<link rel=\"canonical\" href=\"https:\/\/elbrogit.com\/ca\/product\/operacio-mont-roig-tpv\/\" \/>\n<meta property=\"og:locale\" content=\"ca_ES\" \/>\n<meta property=\"og:type\" content=\"article\" \/>\n<meta property=\"og:title\" content=\"Operaci\u00f3 Mont-roig! - TPV - Senderisme i Enoturisme a Catalunya\" \/>\n<meta property=\"og:description\" content=\"No hi ha extracte perqu\u00e8 \u00e9s una entrada protegida.\" \/>\n<meta property=\"og:url\" content=\"https:\/\/elbrogit.com\/ca\/product\/operacio-mont-roig-tpv\/\" \/>\n<meta property=\"og:site_name\" content=\"Senderisme i Enoturisme a Catalunya\" \/>\n<meta property=\"article:publisher\" content=\"http:\/\/www.facebook.com\/brogit.guiatges\" \/>\n<meta property=\"article:modified_time\" content=\"2023-02-14T16:51:09+00:00\" \/>\n<meta name=\"twitter:card\" content=\"summary_large_image\" \/>\n<meta name=\"twitter:title\" content=\"60\" \/>\n<meta name=\"twitter:description\" content=\"false\" \/>\n<meta name=\"twitter:site\" content=\"@elbrogit\" \/>\n<script type=\"application\/ld+json\" class=\"yoast-schema-graph\">{\"@context\":\"https:\/\/schema.org\",\"@graph\":[{\"@type\":\"WebPage\",\"@id\":\"https:\/\/elbrogit.com\/ca\/product\/operacio-mont-roig-tpv\/\",\"url\":\"https:\/\/elbrogit.com\/ca\/product\/operacio-mont-roig-tpv\/\",\"name\":\"Operaci\u00f3 Mont-roig! - TPV - Senderisme i Enoturisme a Catalunya\",\"isPartOf\":{\"@id\":\"https:\/\/elbrogit.com\/ca\/#website\"},\"datePublished\":\"2023-02-14T16:47:55+00:00\",\"dateModified\":\"2023-02-14T16:51:09+00:00\",\"breadcrumb\":{\"@id\":\"https:\/\/elbrogit.com\/ca\/product\/operacio-mont-roig-tpv\/#breadcrumb\"},\"inLanguage\":\"ca\"},{\"@type\":\"WebSite\",\"@id\":\"https:\/\/elbrogit.com\/ca\/#website\",\"url\":\"https:\/\/elbrogit.com\/ca\/\",\"name\":\"Senderisme i Enoturisme a Catalunya\",\"description\":\"Ecotourism, walking, wine tourism and cultural holidays in Catalonia\",\"publisher\":{\"@id\":\"https:\/\/elbrogit.com\/ca\/#organization\"},\"potentialAction\":[{\"@type\":\"SearchAction\",\"target\":{\"@type\":\"EntryPoint\",\"urlTemplate\":\"https:\/\/elbrogit.com\/ca\/?s={search_term_string}\"},\"query-input\":{\"@type\":\"PropertyValueSpecification\",\"valueRequired\":true,\"valueName\":\"search_term_string\"}}],\"inLanguage\":\"ca\"},{\"@type\":\"Organization\",\"@id\":\"https:\/\/elbrogit.com\/ca\/#organization\",\"name\":\"Senderisme i Enoturisme a Catalunya\",\"url\":\"https:\/\/elbrogit.com\/ca\/\",\"logo\":{\"@type\":\"ImageObject\",\"inLanguage\":\"ca\",\"@id\":\"https:\/\/elbrogit.com\/ca\/#\/schema\/logo\/image\/\",\"url\":\"https:\/\/elbrogit.com\/wp-content\/uploads\/cropped-LogoBrogitWeb.jpg\",\"contentUrl\":\"https:\/\/elbrogit.com\/wp-content\/uploads\/cropped-LogoBrogitWeb.jpg\",\"width\":161,\"height\":108,\"caption\":\"Senderisme i Enoturisme a Catalunya\"},\"image\":{\"@id\":\"https:\/\/elbrogit.com\/ca\/#\/schema\/logo\/image\/\"},\"sameAs\":[\"http:\/\/www.facebook.com\/brogit.guiatges\",\"https:\/\/x.com\/elbrogit\"]}]}<\/script>\n<!-- \/ Yoast SEO plugin. -->","yoast_head_json":{"title":"Operaci\u00f3 Mont-roig! - TPV - Senderisme i Enoturisme a Catalunya","robots":{"index":"index","follow":"follow","max-snippet":"max-snippet:-1","max-image-preview":"max-image-preview:large","max-video-preview":"max-video-preview:-1"},"canonical":"https:\/\/elbrogit.com\/ca\/product\/operacio-mont-roig-tpv\/","og_locale":"ca_ES","og_type":"article","og_title":"Operaci\u00f3 Mont-roig! - TPV - Senderisme i Enoturisme a Catalunya","og_description":"No hi ha extracte perqu\u00e8 \u00e9s una entrada protegida.","og_url":"https:\/\/elbrogit.com\/ca\/product\/operacio-mont-roig-tpv\/","og_site_name":"Senderisme i Enoturisme a Catalunya","article_publisher":"http:\/\/www.facebook.com\/brogit.guiatges","article_modified_time":"2023-02-14T16:51:09+00:00","twitter_card":"summary_large_image","twitter_title":"60","twitter_description":"false","twitter_site":"@elbrogit","schema":{"@context":"https:\/\/schema.org","@graph":[{"@type":"WebPage","@id":"https:\/\/elbrogit.com\/ca\/product\/operacio-mont-roig-tpv\/","url":"https:\/\/elbrogit.com\/ca\/product\/operacio-mont-roig-tpv\/","name":"Operaci\u00f3 Mont-roig! - TPV - Senderisme i Enoturisme a Catalunya","isPartOf":{"@id":"https:\/\/elbrogit.com\/ca\/#website"},"datePublished":"2023-02-14T16:47:55+00:00","dateModified":"2023-02-14T16:51:09+00:00","breadcrumb":{"@id":"https:\/\/elbrogit.com\/ca\/product\/operacio-mont-roig-tpv\/#breadcrumb"},"inLanguage":"ca"},{"@type":"WebSite","@id":"https:\/\/elbrogit.com\/ca\/#website","url":"https:\/\/elbrogit.com\/ca\/","name":"Senderisme i Enoturisme a Catalunya","description":"Ecotourism, walking, wine tourism and cultural holidays in Catalonia","publisher":{"@id":"https:\/\/elbrogit.com\/ca\/#organization"},"potentialAction":[{"@type":"SearchAction","target":{"@type":"EntryPoint","urlTemplate":"https:\/\/elbrogit.com\/ca\/?s={search_term_string}"},"query-input":{"@type":"PropertyValueSpecification","valueRequired":true,"valueName":"search_term_string"}}],"inLanguage":"ca"},{"@type":"Organization","@id":"https:\/\/elbrogit.com\/ca\/#organization","name":"Senderisme i Enoturisme a Catalunya","url":"https:\/\/elbrogit.com\/ca\/","logo":{"@type":"ImageObject","inLanguage":"ca","@id":"https:\/\/elbrogit.com\/ca\/#\/schema\/logo\/image\/","url":"https:\/\/elbrogit.com\/wp-content\/uploads\/cropped-LogoBrogitWeb.jpg","contentUrl":"https:\/\/elbrogit.com\/wp-content\/uploads\/cropped-LogoBrogitWeb.jpg","width":161,"height":108,"caption":"Senderisme i Enoturisme a Catalunya"},"image":{"@id":"https:\/\/elbrogit.com\/ca\/#\/schema\/logo\/image\/"},"sameAs":["http:\/\/www.facebook.com\/brogit.guiatges","https:\/\/x.com\/elbrogit"]}]}},"jetpack_sharing_enabled":true,"_links":{"self":[{"href":"https:\/\/elbrogit.com\/ca\/wp-json\/wp\/v2\/product\/12171","targetHints":{"allow":["GET"]}}],"collection":[{"href":"https:\/\/elbrogit.com\/ca\/wp-json\/wp\/v2\/product"}],"about":[{"href":"https:\/\/elbrogit.com\/ca\/wp-json\/wp\/v2\/types\/product"}],"version-history":[{"count":1,"href":"https:\/\/elbrogit.com\/ca\/wp-json\/wp\/v2\/product\/12171\/revisions"}],"predecessor-version":[{"id":12186,"href":"https:\/\/elbrogit.com\/ca\/wp-json\/wp\/v2\/product\/12171\/revisions\/12186"}],"wp:featuredmedia":[{"embeddable":true,"href":"https:\/\/elbrogit.com\/ca\/wp-json\/wp\/v2\/media\/6342"}],"wp:attachment":[{"href":"https:\/\/elbrogit.com\/ca\/wp-json\/wp\/v2\/media?parent=12171"}],"wp:term":[{"taxonomy":"product_brand","embeddable":true,"href":"https:\/\/elbrogit.com\/ca\/wp-json\/wp\/v2\/product_brand?post=12171"},{"taxonomy":"product_cat","embeddable":true,"href":"https:\/\/elbrogit.com\/ca\/wp-json\/wp\/v2\/product_cat?post=12171"},{"taxonomy":"product_tag","embeddable":true,"href":"https:\/\/elbrogit.com\/ca\/wp-json\/wp\/v2\/product_tag?post=12171"}],"curies":[{"name":"wp","href":"https:\/\/api.w.org\/{rel}","templated":true}]}}