{"id":2519,"date":"2020-08-10T15:25:47","date_gmt":"2020-08-10T13:25:47","guid":{"rendered":"https:\/\/elbrogit.com\/product\/import-placeholder-for-819\/"},"modified":"2021-02-13T18:53:41","modified_gmt":"2021-02-13T17:53:41","slug":"el-misteri-de-la-creu-de-sarais-a-la-vall-de-boi","status":"publish","type":"product","link":"https:\/\/elbrogit.com\/ca\/product\/el-misteri-de-la-creu-de-sarais-a-la-vall-de-boi\/","title":{"rendered":"El misteri de la Creu de Sara\u00eds, a la Vall de Bo\u00ed"},"content":{"rendered":"","protected":false},"excerpt":{"rendered":"<p>Endinseu-vos a la Vall de Bo\u00ed i recorreu els seus ancestrals camins fins al <strong>misteri\u00f3s poble de Sara\u00eds<\/strong> i l&#039;espectacular patrimoni arquitect\u00f2nic de les<strong> ermites rom\u00e0niques declarades Patrimoni de la Humanitat per la UNESCO.<\/strong> Un <strong>recorregut hist\u00f2ric enmig de la natura ple de sorpreses,<\/strong> paisatges incre\u00efbles, racons amagats i natura en estat pur.<\/p>\n<p style=\"text-align: center;\"><a href=\"http:\/\/www20.gencat.cat\/portal\/site\/Patrimoni\/menuitem.6a2dec9a300f68a8cd0181dfb0c0e1a0\/?vgnextoid=aee9f4a3876b0110VgnVCM1000000b0c1e0aRCRD&amp;vgnextchannel=aee9f4a3876b0110VgnVCM1000000b0c1e0aRCRD&amp;vgnextfmt=default&amp;newLang=ca_ES\" target=\"_blank\" rel=\"noopener noreferrer\"><img decoding=\"async\" class=\"aligncenter  wp-image-987\" alt=\"wh_VallBoi\" src=\"http:\/\/www.elbrogit.com\/wp-content\/uploads\/wh_VallBoi.jpg\" width=\"197\" height=\"181\" \/><\/a><\/p>\n","protected":false},"featured_media":2749,"template":"","meta":{"_acf_changed":false},"product_brand":[],"product_cat":[141,150,143,163,166,155,167,168,160,157],"product_tag":[369],"class_list":{"0":"post-2519","1":"product","2":"type-product","3":"status-publish","4":"has-post-thumbnail","6":"product_cat-cap-de-setmana","7":"product_cat-vacances-de-senderisme","8":"product_cat-senderisme-amb-guia","9":"product_cat-vacances-autoguiades","10":"product_cat-patrimoni-mundial-humanitat","11":"product_cat-pirineus-senderisme","12":"product_cat-vacances-historiques","13":"product_cat-vall-boi-romanic","14":"product_cat-viatges-culturals","15":"product_cat-viatges-de-natura","16":"product_tag-xfhc","18":"first","19":"instock","20":"shipping-taxable","21":"purchasable","22":"product-type-variable","23":"has-default-attributes"},"acf":[],"yoast_head":"<!-- This site is optimized with the Yoast SEO plugin v25.1 - https:\/\/yoast.com\/wordpress\/plugins\/seo\/ -->\n<title>El misteri de la Creu de Sara\u00eds, a la Vall de Bo\u00ed - Senderisme i Enoturisme a Catalunya<\/title>\n<meta name=\"robots\" content=\"index, follow, max-snippet:-1, max-image-preview:large, max-video-preview:-1\" \/>\n<link rel=\"canonical\" href=\"https:\/\/elbrogit.com\/ca\/product\/el-misteri-de-la-creu-de-sarais-a-la-vall-de-boi\/\" \/>\n<meta property=\"og:locale\" content=\"ca_ES\" \/>\n<meta property=\"og:type\" content=\"article\" \/>\n<meta property=\"og:title\" content=\"El misteri de la Creu de Sara\u00eds, a la Vall de Bo\u00ed - Senderisme i Enoturisme a Catalunya\" \/>\n<meta property=\"og:description\" content=\"Endinseu-vos a la Vall de Bo\u00ed i recorreu els seus ancestrals camins fins al misteri\u00f3s poble de Sara\u00eds i l&#039;espectacular patrimoni arquitect\u00f2nic de les ermites rom\u00e0niques declarades Patrimoni de la Humanitat per la UNESCO. Un recorregut hist\u00f2ric enmig de la natura ple de sorpreses, paisatges incre\u00efbles, racons amagats i natura en estat pur.\" \/>\n<meta property=\"og:url\" content=\"https:\/\/elbrogit.com\/ca\/product\/el-misteri-de-la-creu-de-sarais-a-la-vall-de-boi\/\" \/>\n<meta property=\"og:site_name\" content=\"Senderisme i Enoturisme a Catalunya\" \/>\n<meta property=\"article:publisher\" content=\"http:\/\/www.facebook.com\/brogit.guiatges\" \/>\n<meta property=\"article:modified_time\" content=\"2021-02-13T17:53:41+00:00\" \/>\n<meta property=\"og:image\" content=\"https:\/\/elbrogit.com\/wp-content\/uploads\/SARA\u00cdS-ESTIU-2005-IV.jpg\" \/>\n\t<meta property=\"og:image:width\" content=\"1280\" \/>\n\t<meta property=\"og:image:height\" content=\"960\" \/>\n\t<meta property=\"og:image:type\" content=\"image\/jpeg\" \/>\n<meta name=\"twitter:card\" content=\"summary_large_image\" \/>\n<meta name=\"twitter:site\" content=\"@elbrogit\" \/>\n<script type=\"application\/ld+json\" class=\"yoast-schema-graph\">{\"@context\":\"https:\/\/schema.org\",\"@graph\":[{\"@type\":\"WebPage\",\"@id\":\"https:\/\/elbrogit.com\/ca\/product\/el-misteri-de-la-creu-de-sarais-a-la-vall-de-boi\/\",\"url\":\"https:\/\/elbrogit.com\/ca\/product\/el-misteri-de-la-creu-de-sarais-a-la-vall-de-boi\/\",\"name\":\"El misteri de la Creu de Sara\u00eds, a la Vall de Bo\u00ed - Senderisme i Enoturisme a Catalunya\",\"isPartOf\":{\"@id\":\"https:\/\/elbrogit.com\/ca\/#website\"},\"primaryImageOfPage\":{\"@id\":\"https:\/\/elbrogit.com\/ca\/product\/el-misteri-de-la-creu-de-sarais-a-la-vall-de-boi\/#primaryimage\"},\"image\":{\"@id\":\"https:\/\/elbrogit.com\/ca\/product\/el-misteri-de-la-creu-de-sarais-a-la-vall-de-boi\/#primaryimage\"},\"thumbnailUrl\":\"https:\/\/elbrogit.com\/wp-content\/uploads\/SARA\u00cdS-ESTIU-2005-IV.jpg\",\"datePublished\":\"2020-08-10T13:25:47+00:00\",\"dateModified\":\"2021-02-13T17:53:41+00:00\",\"breadcrumb\":{\"@id\":\"https:\/\/elbrogit.com\/ca\/product\/el-misteri-de-la-creu-de-sarais-a-la-vall-de-boi\/#breadcrumb\"},\"inLanguage\":\"ca\",\"potentialAction\":[{\"@type\":\"ReadAction\",\"target\":[\"https:\/\/elbrogit.com\/ca\/product\/el-misteri-de-la-creu-de-sarais-a-la-vall-de-boi\/\"]}]},{\"@type\":\"ImageObject\",\"inLanguage\":\"ca\",\"@id\":\"https:\/\/elbrogit.com\/ca\/product\/el-misteri-de-la-creu-de-sarais-a-la-vall-de-boi\/#primaryimage\",\"url\":\"https:\/\/elbrogit.com\/wp-content\/uploads\/SARA\u00cdS-ESTIU-2005-IV.jpg\",\"contentUrl\":\"https:\/\/elbrogit.com\/wp-content\/uploads\/SARA\u00cdS-ESTIU-2005-IV.jpg\",\"width\":1280,\"height\":960},{\"@type\":\"BreadcrumbList\",\"@id\":\"https:\/\/elbrogit.com\/ca\/product\/el-misteri-de-la-creu-de-sarais-a-la-vall-de-boi\/#breadcrumb\",\"itemListElement\":[{\"@type\":\"ListItem\",\"position\":1,\"name\":\"Home\",\"item\":\"https:\/\/elbrogit.com\/ca\/\"},{\"@type\":\"ListItem\",\"position\":2,\"name\":\"Shop\",\"item\":\"https:\/\/elbrogit.com\/ca\/shop\/\"},{\"@type\":\"ListItem\",\"position\":3,\"name\":\"El misteri de la Creu de Sara\u00eds, a la Vall de Bo\u00ed\"}]},{\"@type\":\"WebSite\",\"@id\":\"https:\/\/elbrogit.com\/ca\/#website\",\"url\":\"https:\/\/elbrogit.com\/ca\/\",\"name\":\"Senderisme i Enoturisme a Catalunya\",\"description\":\"Ecotourism, walking, wine tourism and cultural holidays in Catalonia\",\"publisher\":{\"@id\":\"https:\/\/elbrogit.com\/ca\/#organization\"},\"potentialAction\":[{\"@type\":\"SearchAction\",\"target\":{\"@type\":\"EntryPoint\",\"urlTemplate\":\"https:\/\/elbrogit.com\/ca\/?s={search_term_string}\"},\"query-input\":{\"@type\":\"PropertyValueSpecification\",\"valueRequired\":true,\"valueName\":\"search_term_string\"}}],\"inLanguage\":\"ca\"},{\"@type\":\"Organization\",\"@id\":\"https:\/\/elbrogit.com\/ca\/#organization\",\"name\":\"Senderisme i Enoturisme a Catalunya\",\"url\":\"https:\/\/elbrogit.com\/ca\/\",\"logo\":{\"@type\":\"ImageObject\",\"inLanguage\":\"ca\",\"@id\":\"https:\/\/elbrogit.com\/ca\/#\/schema\/logo\/image\/\",\"url\":\"https:\/\/elbrogit.com\/wp-content\/uploads\/cropped-LogoBrogitWeb.jpg\",\"contentUrl\":\"https:\/\/elbrogit.com\/wp-content\/uploads\/cropped-LogoBrogitWeb.jpg\",\"width\":161,\"height\":108,\"caption\":\"Senderisme i Enoturisme a Catalunya\"},\"image\":{\"@id\":\"https:\/\/elbrogit.com\/ca\/#\/schema\/logo\/image\/\"},\"sameAs\":[\"http:\/\/www.facebook.com\/brogit.guiatges\",\"https:\/\/x.com\/elbrogit\"]}]}<\/script>\n<!-- \/ Yoast SEO plugin. -->","yoast_head_json":{"title":"El misteri de la Creu de Sara\u00eds, a la Vall de Bo\u00ed - Senderisme i Enoturisme a Catalunya","robots":{"index":"index","follow":"follow","max-snippet":"max-snippet:-1","max-image-preview":"max-image-preview:large","max-video-preview":"max-video-preview:-1"},"canonical":"https:\/\/elbrogit.com\/ca\/product\/el-misteri-de-la-creu-de-sarais-a-la-vall-de-boi\/","og_locale":"ca_ES","og_type":"article","og_title":"El misteri de la Creu de Sara\u00eds, a la Vall de Bo\u00ed - Senderisme i Enoturisme a Catalunya","og_description":"Endinseu-vos a la Vall de Bo\u00ed i recorreu els seus ancestrals camins fins al misteri\u00f3s poble de Sara\u00eds i l&#039;espectacular patrimoni arquitect\u00f2nic de les ermites rom\u00e0niques declarades Patrimoni de la Humanitat per la UNESCO. Un recorregut hist\u00f2ric enmig de la natura ple de sorpreses, paisatges incre\u00efbles, racons amagats i natura en estat pur.","og_url":"https:\/\/elbrogit.com\/ca\/product\/el-misteri-de-la-creu-de-sarais-a-la-vall-de-boi\/","og_site_name":"Senderisme i Enoturisme a Catalunya","article_publisher":"http:\/\/www.facebook.com\/brogit.guiatges","article_modified_time":"2021-02-13T17:53:41+00:00","og_image":[{"width":1280,"height":960,"url":"https:\/\/elbrogit.com\/wp-content\/uploads\/SARA\u00cdS-ESTIU-2005-IV.jpg","type":"image\/jpeg"}],"twitter_card":"summary_large_image","twitter_site":"@elbrogit","schema":{"@context":"https:\/\/schema.org","@graph":[{"@type":"WebPage","@id":"https:\/\/elbrogit.com\/ca\/product\/el-misteri-de-la-creu-de-sarais-a-la-vall-de-boi\/","url":"https:\/\/elbrogit.com\/ca\/product\/el-misteri-de-la-creu-de-sarais-a-la-vall-de-boi\/","name":"El misteri de la Creu de Sara\u00eds, a la Vall de Bo\u00ed - Senderisme i Enoturisme a Catalunya","isPartOf":{"@id":"https:\/\/elbrogit.com\/ca\/#website"},"primaryImageOfPage":{"@id":"https:\/\/elbrogit.com\/ca\/product\/el-misteri-de-la-creu-de-sarais-a-la-vall-de-boi\/#primaryimage"},"image":{"@id":"https:\/\/elbrogit.com\/ca\/product\/el-misteri-de-la-creu-de-sarais-a-la-vall-de-boi\/#primaryimage"},"thumbnailUrl":"https:\/\/elbrogit.com\/wp-content\/uploads\/SARA\u00cdS-ESTIU-2005-IV.jpg","datePublished":"2020-08-10T13:25:47+00:00","dateModified":"2021-02-13T17:53:41+00:00","breadcrumb":{"@id":"https:\/\/elbrogit.com\/ca\/product\/el-misteri-de-la-creu-de-sarais-a-la-vall-de-boi\/#breadcrumb"},"inLanguage":"ca","potentialAction":[{"@type":"ReadAction","target":["https:\/\/elbrogit.com\/ca\/product\/el-misteri-de-la-creu-de-sarais-a-la-vall-de-boi\/"]}]},{"@type":"ImageObject","inLanguage":"ca","@id":"https:\/\/elbrogit.com\/ca\/product\/el-misteri-de-la-creu-de-sarais-a-la-vall-de-boi\/#primaryimage","url":"https:\/\/elbrogit.com\/wp-content\/uploads\/SARA\u00cdS-ESTIU-2005-IV.jpg","contentUrl":"https:\/\/elbrogit.com\/wp-content\/uploads\/SARA\u00cdS-ESTIU-2005-IV.jpg","width":1280,"height":960},{"@type":"BreadcrumbList","@id":"https:\/\/elbrogit.com\/ca\/product\/el-misteri-de-la-creu-de-sarais-a-la-vall-de-boi\/#breadcrumb","itemListElement":[{"@type":"ListItem","position":1,"name":"Home","item":"https:\/\/elbrogit.com\/ca\/"},{"@type":"ListItem","position":2,"name":"Shop","item":"https:\/\/elbrogit.com\/ca\/shop\/"},{"@type":"ListItem","position":3,"name":"El misteri de la Creu de Sara\u00eds, a la Vall de Bo\u00ed"}]},{"@type":"WebSite","@id":"https:\/\/elbrogit.com\/ca\/#website","url":"https:\/\/elbrogit.com\/ca\/","name":"Senderisme i Enoturisme a Catalunya","description":"Ecotourism, walking, wine tourism and cultural holidays in Catalonia","publisher":{"@id":"https:\/\/elbrogit.com\/ca\/#organization"},"potentialAction":[{"@type":"SearchAction","target":{"@type":"EntryPoint","urlTemplate":"https:\/\/elbrogit.com\/ca\/?s={search_term_string}"},"query-input":{"@type":"PropertyValueSpecification","valueRequired":true,"valueName":"search_term_string"}}],"inLanguage":"ca"},{"@type":"Organization","@id":"https:\/\/elbrogit.com\/ca\/#organization","name":"Senderisme i Enoturisme a Catalunya","url":"https:\/\/elbrogit.com\/ca\/","logo":{"@type":"ImageObject","inLanguage":"ca","@id":"https:\/\/elbrogit.com\/ca\/#\/schema\/logo\/image\/","url":"https:\/\/elbrogit.com\/wp-content\/uploads\/cropped-LogoBrogitWeb.jpg","contentUrl":"https:\/\/elbrogit.com\/wp-content\/uploads\/cropped-LogoBrogitWeb.jpg","width":161,"height":108,"caption":"Senderisme i Enoturisme a Catalunya"},"image":{"@id":"https:\/\/elbrogit.com\/ca\/#\/schema\/logo\/image\/"},"sameAs":["http:\/\/www.facebook.com\/brogit.guiatges","https:\/\/x.com\/elbrogit"]}]}},"jetpack_sharing_enabled":true,"_links":{"self":[{"href":"https:\/\/elbrogit.com\/ca\/wp-json\/wp\/v2\/product\/2519","targetHints":{"allow":["GET"]}}],"collection":[{"href":"https:\/\/elbrogit.com\/ca\/wp-json\/wp\/v2\/product"}],"about":[{"href":"https:\/\/elbrogit.com\/ca\/wp-json\/wp\/v2\/types\/product"}],"version-history":[{"count":3,"href":"https:\/\/elbrogit.com\/ca\/wp-json\/wp\/v2\/product\/2519\/revisions"}],"predecessor-version":[{"id":5977,"href":"https:\/\/elbrogit.com\/ca\/wp-json\/wp\/v2\/product\/2519\/revisions\/5977"}],"wp:featuredmedia":[{"embeddable":true,"href":"https:\/\/elbrogit.com\/ca\/wp-json\/wp\/v2\/media\/2749"}],"wp:attachment":[{"href":"https:\/\/elbrogit.com\/ca\/wp-json\/wp\/v2\/media?parent=2519"}],"wp:term":[{"taxonomy":"product_brand","embeddable":true,"href":"https:\/\/elbrogit.com\/ca\/wp-json\/wp\/v2\/product_brand?post=2519"},{"taxonomy":"product_cat","embeddable":true,"href":"https:\/\/elbrogit.com\/ca\/wp-json\/wp\/v2\/product_cat?post=2519"},{"taxonomy":"product_tag","embeddable":true,"href":"https:\/\/elbrogit.com\/ca\/wp-json\/wp\/v2\/product_tag?post=2519"}],"curies":[{"name":"wp","href":"https:\/\/api.w.org\/{rel}","templated":true}]}}