{"id":2589,"date":"2020-08-10T15:02:37","date_gmt":"2020-08-10T13:26:21","guid":{"rendered":"https:\/\/elbrogit.com\/product\/import-placeholder-for-1073\/"},"modified":"2021-02-13T19:39:10","modified_gmt":"2021-02-13T18:39:10","slug":"estiu-pirineus-art-romanic-plantes-medicinals","status":"publish","type":"product","link":"https:\/\/elbrogit.com\/ca\/product\/estiu-pirineus-art-romanic-plantes-medicinals\/","title":{"rendered":"Estiu entre plantes medicinals i art rom\u00e0nic als Pirineus (de juliol a setembre)"},"content":{"rendered":"","protected":false},"excerpt":{"rendered":"<p>Preparats per <strong>gaudir de la fresca del Pirineu i les seves raconades m\u00e9s amagades<\/strong> guiats per una bi\u00f2loga local? Voleu con\u00e8ixer l&#8217;<strong>ancestral tradici\u00f3 de les trementinaires i les herbes medicinals, el rom\u00e0nic<\/strong> declarat patrimoni mundial per la UNESCO, els antics camins empedrats carregats d&#8217;hist\u00f2ria,&#8230;<\/p>\n<p style=\"text-align: center;\"><a href=\"http:\/\/www20.gencat.cat\/portal\/site\/Patrimoni\/menuitem.6a2dec9a300f68a8cd0181dfb0c0e1a0\/?vgnextoid=aee9f4a3876b0110VgnVCM1000000b0c1e0aRCRD&amp;vgnextchannel=aee9f4a3876b0110VgnVCM1000000b0c1e0aRCRD&amp;vgnextfmt=default&amp;newLang=ca_ES\" target=\"_blank\" rel=\"noopener noreferrer\"><img decoding=\"async\" class=\"aligncenter wp-image-987\" src=\"http:\/\/www.elbrogit.com\/wp-content\/uploads\/wh_VallBoi.jpg\" alt=\"wh_VallBoi\" width=\"197\" height=\"181\" \/><\/a><\/p>\n","protected":false},"featured_media":995,"template":"","meta":{"_acf_changed":false},"product_brand":[],"product_cat":[176,150,143,152,166,155,168,160,157],"product_tag":[369],"class_list":{"0":"post-2589","1":"product","2":"type-product","3":"status-publish","4":"has-post-thumbnail","6":"product_cat-una-setmana","7":"product_cat-vacances-de-senderisme","8":"product_cat-senderisme-amb-guia","9":"product_cat-activitat-dificultat-baixa","10":"product_cat-patrimoni-mundial-humanitat","11":"product_cat-pirineus-senderisme","12":"product_cat-vall-boi-romanic","13":"product_cat-viatges-culturals","14":"product_cat-viatges-de-natura","15":"product_tag-xfhc","17":"first","18":"instock","19":"shipping-taxable","20":"purchasable","21":"product-type-variable","22":"has-default-attributes"},"acf":[],"yoast_head":"<!-- This site is optimized with the Yoast SEO plugin v25.1 - https:\/\/yoast.com\/wordpress\/plugins\/seo\/ -->\n<title>Estiu entre plantes medicinals i art rom\u00e0nic als Pirineus (de juliol a setembre) - Senderisme i Enoturisme a Catalunya<\/title>\n<meta name=\"robots\" content=\"index, follow, max-snippet:-1, max-image-preview:large, max-video-preview:-1\" \/>\n<link rel=\"canonical\" href=\"https:\/\/elbrogit.com\/ca\/product\/estiu-pirineus-art-romanic-plantes-medicinals\/\" \/>\n<meta property=\"og:locale\" content=\"ca_ES\" \/>\n<meta property=\"og:type\" content=\"article\" \/>\n<meta property=\"og:title\" content=\"Estiu entre plantes medicinals i art rom\u00e0nic als Pirineus (de juliol a setembre) - Senderisme i Enoturisme a Catalunya\" \/>\n<meta property=\"og:description\" content=\"Preparats per gaudir de la fresca del Pirineu i les seves raconades m\u00e9s amagades guiats per una bi\u00f2loga local? Voleu con\u00e8ixer l&#039;ancestral tradici\u00f3 de les trementinaires i les herbes medicinals, el rom\u00e0nic declarat patrimoni mundial per la UNESCO, els antics camins empedrats carregats d&#039;hist\u00f2ria,...\" \/>\n<meta property=\"og:url\" content=\"https:\/\/elbrogit.com\/ca\/product\/estiu-pirineus-art-romanic-plantes-medicinals\/\" \/>\n<meta property=\"og:site_name\" content=\"Senderisme i Enoturisme a Catalunya\" \/>\n<meta property=\"article:publisher\" content=\"http:\/\/www.facebook.com\/brogit.guiatges\" \/>\n<meta property=\"article:modified_time\" content=\"2021-02-13T18:39:10+00:00\" \/>\n<meta property=\"og:image\" content=\"https:\/\/elbrogit.com\/wp-content\/uploads\/DSC_0533_resize1.jpg\" \/>\n\t<meta property=\"og:image:width\" content=\"1067\" \/>\n\t<meta property=\"og:image:height\" content=\"600\" \/>\n\t<meta property=\"og:image:type\" content=\"image\/jpeg\" \/>\n<meta name=\"twitter:card\" content=\"summary_large_image\" \/>\n<meta name=\"twitter:site\" content=\"@elbrogit\" \/>\n<script type=\"application\/ld+json\" class=\"yoast-schema-graph\">{\"@context\":\"https:\/\/schema.org\",\"@graph\":[{\"@type\":\"WebPage\",\"@id\":\"https:\/\/elbrogit.com\/ca\/product\/estiu-pirineus-art-romanic-plantes-medicinals\/\",\"url\":\"https:\/\/elbrogit.com\/ca\/product\/estiu-pirineus-art-romanic-plantes-medicinals\/\",\"name\":\"Estiu entre plantes medicinals i art rom\u00e0nic als Pirineus (de juliol a setembre) - Senderisme i Enoturisme a Catalunya\",\"isPartOf\":{\"@id\":\"https:\/\/elbrogit.com\/ca\/#website\"},\"primaryImageOfPage\":{\"@id\":\"https:\/\/elbrogit.com\/ca\/product\/estiu-pirineus-art-romanic-plantes-medicinals\/#primaryimage\"},\"image\":{\"@id\":\"https:\/\/elbrogit.com\/ca\/product\/estiu-pirineus-art-romanic-plantes-medicinals\/#primaryimage\"},\"thumbnailUrl\":\"https:\/\/elbrogit.com\/wp-content\/uploads\/DSC_0533_resize1.jpg\",\"datePublished\":\"2020-08-10T13:26:21+00:00\",\"dateModified\":\"2021-02-13T18:39:10+00:00\",\"breadcrumb\":{\"@id\":\"https:\/\/elbrogit.com\/ca\/product\/estiu-pirineus-art-romanic-plantes-medicinals\/#breadcrumb\"},\"inLanguage\":\"ca\",\"potentialAction\":[{\"@type\":\"ReadAction\",\"target\":[\"https:\/\/elbrogit.com\/ca\/product\/estiu-pirineus-art-romanic-plantes-medicinals\/\"]}]},{\"@type\":\"ImageObject\",\"inLanguage\":\"ca\",\"@id\":\"https:\/\/elbrogit.com\/ca\/product\/estiu-pirineus-art-romanic-plantes-medicinals\/#primaryimage\",\"url\":\"https:\/\/elbrogit.com\/wp-content\/uploads\/DSC_0533_resize1.jpg\",\"contentUrl\":\"https:\/\/elbrogit.com\/wp-content\/uploads\/DSC_0533_resize1.jpg\",\"width\":1067,\"height\":600},{\"@type\":\"BreadcrumbList\",\"@id\":\"https:\/\/elbrogit.com\/ca\/product\/estiu-pirineus-art-romanic-plantes-medicinals\/#breadcrumb\",\"itemListElement\":[{\"@type\":\"ListItem\",\"position\":1,\"name\":\"Home\",\"item\":\"https:\/\/elbrogit.com\/ca\/\"},{\"@type\":\"ListItem\",\"position\":2,\"name\":\"Shop\",\"item\":\"https:\/\/elbrogit.com\/ca\/shop\/\"},{\"@type\":\"ListItem\",\"position\":3,\"name\":\"Estiu entre plantes medicinals i art rom\u00e0nic als Pirineus (de juliol a setembre)\"}]},{\"@type\":\"WebSite\",\"@id\":\"https:\/\/elbrogit.com\/ca\/#website\",\"url\":\"https:\/\/elbrogit.com\/ca\/\",\"name\":\"Senderisme i Enoturisme a Catalunya\",\"description\":\"Ecotourism, walking, wine tourism and cultural holidays in Catalonia\",\"publisher\":{\"@id\":\"https:\/\/elbrogit.com\/ca\/#organization\"},\"potentialAction\":[{\"@type\":\"SearchAction\",\"target\":{\"@type\":\"EntryPoint\",\"urlTemplate\":\"https:\/\/elbrogit.com\/ca\/?s={search_term_string}\"},\"query-input\":{\"@type\":\"PropertyValueSpecification\",\"valueRequired\":true,\"valueName\":\"search_term_string\"}}],\"inLanguage\":\"ca\"},{\"@type\":\"Organization\",\"@id\":\"https:\/\/elbrogit.com\/ca\/#organization\",\"name\":\"Senderisme i Enoturisme a Catalunya\",\"url\":\"https:\/\/elbrogit.com\/ca\/\",\"logo\":{\"@type\":\"ImageObject\",\"inLanguage\":\"ca\",\"@id\":\"https:\/\/elbrogit.com\/ca\/#\/schema\/logo\/image\/\",\"url\":\"https:\/\/elbrogit.com\/wp-content\/uploads\/cropped-LogoBrogitWeb.jpg\",\"contentUrl\":\"https:\/\/elbrogit.com\/wp-content\/uploads\/cropped-LogoBrogitWeb.jpg\",\"width\":161,\"height\":108,\"caption\":\"Senderisme i Enoturisme a Catalunya\"},\"image\":{\"@id\":\"https:\/\/elbrogit.com\/ca\/#\/schema\/logo\/image\/\"},\"sameAs\":[\"http:\/\/www.facebook.com\/brogit.guiatges\",\"https:\/\/x.com\/elbrogit\"]}]}<\/script>\n<!-- \/ Yoast SEO plugin. -->","yoast_head_json":{"title":"Estiu entre plantes medicinals i art rom\u00e0nic als Pirineus (de juliol a setembre) - Senderisme i Enoturisme a Catalunya","robots":{"index":"index","follow":"follow","max-snippet":"max-snippet:-1","max-image-preview":"max-image-preview:large","max-video-preview":"max-video-preview:-1"},"canonical":"https:\/\/elbrogit.com\/ca\/product\/estiu-pirineus-art-romanic-plantes-medicinals\/","og_locale":"ca_ES","og_type":"article","og_title":"Estiu entre plantes medicinals i art rom\u00e0nic als Pirineus (de juliol a setembre) - Senderisme i Enoturisme a Catalunya","og_description":"Preparats per gaudir de la fresca del Pirineu i les seves raconades m\u00e9s amagades guiats per una bi\u00f2loga local? Voleu con\u00e8ixer l'ancestral tradici\u00f3 de les trementinaires i les herbes medicinals, el rom\u00e0nic declarat patrimoni mundial per la UNESCO, els antics camins empedrats carregats d'hist\u00f2ria,...","og_url":"https:\/\/elbrogit.com\/ca\/product\/estiu-pirineus-art-romanic-plantes-medicinals\/","og_site_name":"Senderisme i Enoturisme a Catalunya","article_publisher":"http:\/\/www.facebook.com\/brogit.guiatges","article_modified_time":"2021-02-13T18:39:10+00:00","og_image":[{"width":1067,"height":600,"url":"https:\/\/elbrogit.com\/wp-content\/uploads\/DSC_0533_resize1.jpg","type":"image\/jpeg"}],"twitter_card":"summary_large_image","twitter_site":"@elbrogit","schema":{"@context":"https:\/\/schema.org","@graph":[{"@type":"WebPage","@id":"https:\/\/elbrogit.com\/ca\/product\/estiu-pirineus-art-romanic-plantes-medicinals\/","url":"https:\/\/elbrogit.com\/ca\/product\/estiu-pirineus-art-romanic-plantes-medicinals\/","name":"Estiu entre plantes medicinals i art rom\u00e0nic als Pirineus (de juliol a setembre) - Senderisme i Enoturisme a Catalunya","isPartOf":{"@id":"https:\/\/elbrogit.com\/ca\/#website"},"primaryImageOfPage":{"@id":"https:\/\/elbrogit.com\/ca\/product\/estiu-pirineus-art-romanic-plantes-medicinals\/#primaryimage"},"image":{"@id":"https:\/\/elbrogit.com\/ca\/product\/estiu-pirineus-art-romanic-plantes-medicinals\/#primaryimage"},"thumbnailUrl":"https:\/\/elbrogit.com\/wp-content\/uploads\/DSC_0533_resize1.jpg","datePublished":"2020-08-10T13:26:21+00:00","dateModified":"2021-02-13T18:39:10+00:00","breadcrumb":{"@id":"https:\/\/elbrogit.com\/ca\/product\/estiu-pirineus-art-romanic-plantes-medicinals\/#breadcrumb"},"inLanguage":"ca","potentialAction":[{"@type":"ReadAction","target":["https:\/\/elbrogit.com\/ca\/product\/estiu-pirineus-art-romanic-plantes-medicinals\/"]}]},{"@type":"ImageObject","inLanguage":"ca","@id":"https:\/\/elbrogit.com\/ca\/product\/estiu-pirineus-art-romanic-plantes-medicinals\/#primaryimage","url":"https:\/\/elbrogit.com\/wp-content\/uploads\/DSC_0533_resize1.jpg","contentUrl":"https:\/\/elbrogit.com\/wp-content\/uploads\/DSC_0533_resize1.jpg","width":1067,"height":600},{"@type":"BreadcrumbList","@id":"https:\/\/elbrogit.com\/ca\/product\/estiu-pirineus-art-romanic-plantes-medicinals\/#breadcrumb","itemListElement":[{"@type":"ListItem","position":1,"name":"Home","item":"https:\/\/elbrogit.com\/ca\/"},{"@type":"ListItem","position":2,"name":"Shop","item":"https:\/\/elbrogit.com\/ca\/shop\/"},{"@type":"ListItem","position":3,"name":"Estiu entre plantes medicinals i art rom\u00e0nic als Pirineus (de juliol a setembre)"}]},{"@type":"WebSite","@id":"https:\/\/elbrogit.com\/ca\/#website","url":"https:\/\/elbrogit.com\/ca\/","name":"Senderisme i Enoturisme a Catalunya","description":"Ecotourism, walking, wine tourism and cultural holidays in Catalonia","publisher":{"@id":"https:\/\/elbrogit.com\/ca\/#organization"},"potentialAction":[{"@type":"SearchAction","target":{"@type":"EntryPoint","urlTemplate":"https:\/\/elbrogit.com\/ca\/?s={search_term_string}"},"query-input":{"@type":"PropertyValueSpecification","valueRequired":true,"valueName":"search_term_string"}}],"inLanguage":"ca"},{"@type":"Organization","@id":"https:\/\/elbrogit.com\/ca\/#organization","name":"Senderisme i Enoturisme a Catalunya","url":"https:\/\/elbrogit.com\/ca\/","logo":{"@type":"ImageObject","inLanguage":"ca","@id":"https:\/\/elbrogit.com\/ca\/#\/schema\/logo\/image\/","url":"https:\/\/elbrogit.com\/wp-content\/uploads\/cropped-LogoBrogitWeb.jpg","contentUrl":"https:\/\/elbrogit.com\/wp-content\/uploads\/cropped-LogoBrogitWeb.jpg","width":161,"height":108,"caption":"Senderisme i Enoturisme a Catalunya"},"image":{"@id":"https:\/\/elbrogit.com\/ca\/#\/schema\/logo\/image\/"},"sameAs":["http:\/\/www.facebook.com\/brogit.guiatges","https:\/\/x.com\/elbrogit"]}]}},"jetpack_sharing_enabled":true,"_links":{"self":[{"href":"https:\/\/elbrogit.com\/ca\/wp-json\/wp\/v2\/product\/2589","targetHints":{"allow":["GET"]}}],"collection":[{"href":"https:\/\/elbrogit.com\/ca\/wp-json\/wp\/v2\/product"}],"about":[{"href":"https:\/\/elbrogit.com\/ca\/wp-json\/wp\/v2\/types\/product"}],"version-history":[{"count":2,"href":"https:\/\/elbrogit.com\/ca\/wp-json\/wp\/v2\/product\/2589\/revisions"}],"predecessor-version":[{"id":5967,"href":"https:\/\/elbrogit.com\/ca\/wp-json\/wp\/v2\/product\/2589\/revisions\/5967"}],"wp:featuredmedia":[{"embeddable":true,"href":"https:\/\/elbrogit.com\/ca\/wp-json\/wp\/v2\/media\/995"}],"wp:attachment":[{"href":"https:\/\/elbrogit.com\/ca\/wp-json\/wp\/v2\/media?parent=2589"}],"wp:term":[{"taxonomy":"product_brand","embeddable":true,"href":"https:\/\/elbrogit.com\/ca\/wp-json\/wp\/v2\/product_brand?post=2589"},{"taxonomy":"product_cat","embeddable":true,"href":"https:\/\/elbrogit.com\/ca\/wp-json\/wp\/v2\/product_cat?post=2589"},{"taxonomy":"product_tag","embeddable":true,"href":"https:\/\/elbrogit.com\/ca\/wp-json\/wp\/v2\/product_tag?post=2589"}],"curies":[{"name":"wp","href":"https:\/\/api.w.org\/{rel}","templated":true}]}}