{"id":2738,"date":"2020-08-10T15:02:39","date_gmt":"2020-08-10T13:28:08","guid":{"rendered":"https:\/\/elbrogit.com\/product\/import-placeholder-for-1313\/"},"modified":"2024-11-29T21:48:00","modified_gmt":"2024-11-29T20:48:00","slug":"espiritualitat-montsant-muntanya-santa","status":"publish","type":"product","link":"https:\/\/elbrogit.com\/ca\/product\/espiritualitat-montsant-muntanya-santa\/","title":{"rendered":"Montsant m\u00edstic, paisatges per l&#8217;esperit"},"content":{"rendered":"","protected":false},"excerpt":{"rendered":"<p>Gaudeix d&#8217;un rec\u00e9s espiritual a Montsant, la muntanya sagrada del Priorat, coneixent la hist\u00f2ria d&#8217;aquesta regi\u00f3 de ben a prop, gaudint d&#8217;un exclusiu tast de vi a la Cartoixa d&#8217;Scaladei, assaborint un tast d&#8217;oli ecol\u00f2gic i descobrint el m\u00e0gic paisatge del congost de Fraguerau.<\/p>\n<address><img decoding=\"async\" class=\"wp-image-1278\" src=\"http:\/\/www.elbrogit.com\/wp-content\/uploads\/FemParc_logo_petit.gif\" alt=\"Fem Parc - ecoturisme Parcs Naturals\" width=\"100\" height=\"44\" \/><img decoding=\"async\" class=\"alignnone wp-image-1329\" src=\"http:\/\/www.elbrogit.com\/wp-content\/uploads\/PNMO_logo07baixargb.jpg_449893566.jpg\" alt=\"Parc Natural Serra de Montsant\" width=\"170\" height=\"50\" \/><br \/>\n<strong>Projecte Fem Parc &#8211; Ecoturisme als Parcs Naturals de Catalunya.\u00a0<\/strong>Gaudint d&#8217;aquest viatge\u00a0<strong>esteu contribuint un 5% a projectes de conservaci\u00f3\u00a0<\/strong>del Parc Natural de Montsant.<\/address>\n","protected":false},"featured_media":1254,"template":"","meta":{"_acf_changed":false},"product_brand":[],"product_cat":[141,150,143,163,169,146,149,180,170,148,167,160,157],"product_tag":[172,181,182,175,153,154,369],"class_list":{"0":"post-2738","1":"product","2":"type-product","3":"status-publish","4":"has-post-thumbnail","6":"product_cat-cap-de-setmana","7":"product_cat-vacances-de-senderisme","8":"product_cat-senderisme-amb-guia","9":"product_cat-vacances-autoguiades","10":"product_cat-en-cotxe","11":"product_cat-enoturisme-vi-tast","12":"product_cat-enoturisme-priorat","13":"product_cat-montsant-priorat-ca","14":"product_cat-tast-oli-oliva","15":"product_cat-sud-catalunya","16":"product_cat-vacances-historiques","17":"product_cat-viatges-culturals","18":"product_cat-viatges-de-natura","19":"product_tag-enoturisme-ruta-cellers","20":"product_tag-enoturisme-ruta-cellers-priorat","21":"product_tag-oli-oliva-priorat","22":"product_tag-oli-oliva-tast","23":"product_tag-trescvi","24":"product_tag-trescvi-al-priorat","25":"product_tag-xfhc","27":"first","28":"instock","29":"shipping-taxable","30":"purchasable","31":"product-type-variable"},"acf":[],"yoast_head":"<!-- This site is optimized with the Yoast SEO plugin v25.1 - https:\/\/yoast.com\/wordpress\/plugins\/seo\/ -->\n<title>Montsant m\u00edstic, paisatges per l&#039;esperit - Senderisme i Enoturisme a Catalunya<\/title>\n<meta name=\"robots\" content=\"index, follow, max-snippet:-1, max-image-preview:large, max-video-preview:-1\" \/>\n<link rel=\"canonical\" href=\"https:\/\/elbrogit.com\/ca\/product\/espiritualitat-montsant-muntanya-santa\/\" \/>\n<meta property=\"og:locale\" content=\"ca_ES\" \/>\n<meta property=\"og:type\" content=\"article\" \/>\n<meta property=\"og:title\" content=\"Montsant m\u00edstic, paisatges per l&#039;esperit - Senderisme i Enoturisme a Catalunya\" \/>\n<meta property=\"og:description\" content=\"Gaudeix d&#039;un rec\u00e9s espiritual a Montsant, la muntanya sagrada del Priorat, coneixent la hist\u00f2ria d&#039;aquesta regi\u00f3 de ben a prop, gaudint d&#039;un exclusiu tast de vi a la Cartoixa d&#039;Scaladei, assaborint un tast d&#039;oli ecol\u00f2gic i descobrint el m\u00e0gic paisatge del congost de Fraguerau.   Projecte Fem Parc - Ecoturisme als Parcs Naturals de Catalunya.\u00a0Gaudint d&#039;aquest viatge\u00a0esteu contribuint un 5% a projectes de conservaci\u00f3\u00a0del Parc Natural de Montsant.\" \/>\n<meta property=\"og:url\" content=\"https:\/\/elbrogit.com\/ca\/product\/espiritualitat-montsant-muntanya-santa\/\" \/>\n<meta property=\"og:site_name\" content=\"Senderisme i Enoturisme a Catalunya\" \/>\n<meta property=\"article:publisher\" content=\"http:\/\/www.facebook.com\/brogit.guiatges\" \/>\n<meta property=\"article:modified_time\" content=\"2024-11-29T20:48:00+00:00\" \/>\n<meta property=\"og:image\" content=\"https:\/\/elbrogit.com\/wp-content\/uploads\/IMG_6478_resize.jpg\" \/>\n\t<meta property=\"og:image:width\" content=\"1000\" \/>\n\t<meta property=\"og:image:height\" content=\"667\" \/>\n\t<meta property=\"og:image:type\" content=\"image\/jpeg\" \/>\n<meta name=\"twitter:card\" content=\"summary_large_image\" \/>\n<meta name=\"twitter:site\" content=\"@elbrogit\" \/>\n<meta name=\"twitter:label1\" content=\"Temps estimat de lectura\" \/>\n\t<meta name=\"twitter:data1\" content=\"1 minut\" \/>\n<script type=\"application\/ld+json\" class=\"yoast-schema-graph\">{\"@context\":\"https:\/\/schema.org\",\"@graph\":[{\"@type\":\"WebPage\",\"@id\":\"https:\/\/elbrogit.com\/ca\/product\/espiritualitat-montsant-muntanya-santa\/\",\"url\":\"https:\/\/elbrogit.com\/ca\/product\/espiritualitat-montsant-muntanya-santa\/\",\"name\":\"Montsant m\u00edstic, paisatges per l'esperit - Senderisme i Enoturisme a Catalunya\",\"isPartOf\":{\"@id\":\"https:\/\/elbrogit.com\/ca\/#website\"},\"primaryImageOfPage\":{\"@id\":\"https:\/\/elbrogit.com\/ca\/product\/espiritualitat-montsant-muntanya-santa\/#primaryimage\"},\"image\":{\"@id\":\"https:\/\/elbrogit.com\/ca\/product\/espiritualitat-montsant-muntanya-santa\/#primaryimage\"},\"thumbnailUrl\":\"https:\/\/elbrogit.com\/wp-content\/uploads\/IMG_6478_resize.jpg\",\"datePublished\":\"2020-08-10T13:28:08+00:00\",\"dateModified\":\"2024-11-29T20:48:00+00:00\",\"breadcrumb\":{\"@id\":\"https:\/\/elbrogit.com\/ca\/product\/espiritualitat-montsant-muntanya-santa\/#breadcrumb\"},\"inLanguage\":\"ca\",\"potentialAction\":[{\"@type\":\"ReadAction\",\"target\":[\"https:\/\/elbrogit.com\/ca\/product\/espiritualitat-montsant-muntanya-santa\/\"]}]},{\"@type\":\"ImageObject\",\"inLanguage\":\"ca\",\"@id\":\"https:\/\/elbrogit.com\/ca\/product\/espiritualitat-montsant-muntanya-santa\/#primaryimage\",\"url\":\"https:\/\/elbrogit.com\/wp-content\/uploads\/IMG_6478_resize.jpg\",\"contentUrl\":\"https:\/\/elbrogit.com\/wp-content\/uploads\/IMG_6478_resize.jpg\",\"width\":1000,\"height\":667},{\"@type\":\"BreadcrumbList\",\"@id\":\"https:\/\/elbrogit.com\/ca\/product\/espiritualitat-montsant-muntanya-santa\/#breadcrumb\",\"itemListElement\":[{\"@type\":\"ListItem\",\"position\":1,\"name\":\"Home\",\"item\":\"https:\/\/elbrogit.com\/ca\/\"},{\"@type\":\"ListItem\",\"position\":2,\"name\":\"Shop\",\"item\":\"https:\/\/elbrogit.com\/ca\/shop\/\"},{\"@type\":\"ListItem\",\"position\":3,\"name\":\"Montsant m\u00edstic, paisatges per l&#8217;esperit\"}]},{\"@type\":\"WebSite\",\"@id\":\"https:\/\/elbrogit.com\/ca\/#website\",\"url\":\"https:\/\/elbrogit.com\/ca\/\",\"name\":\"Senderisme i Enoturisme a Catalunya\",\"description\":\"Ecotourism, walking, wine tourism and cultural holidays in Catalonia\",\"publisher\":{\"@id\":\"https:\/\/elbrogit.com\/ca\/#organization\"},\"potentialAction\":[{\"@type\":\"SearchAction\",\"target\":{\"@type\":\"EntryPoint\",\"urlTemplate\":\"https:\/\/elbrogit.com\/ca\/?s={search_term_string}\"},\"query-input\":{\"@type\":\"PropertyValueSpecification\",\"valueRequired\":true,\"valueName\":\"search_term_string\"}}],\"inLanguage\":\"ca\"},{\"@type\":\"Organization\",\"@id\":\"https:\/\/elbrogit.com\/ca\/#organization\",\"name\":\"Senderisme i Enoturisme a Catalunya\",\"url\":\"https:\/\/elbrogit.com\/ca\/\",\"logo\":{\"@type\":\"ImageObject\",\"inLanguage\":\"ca\",\"@id\":\"https:\/\/elbrogit.com\/ca\/#\/schema\/logo\/image\/\",\"url\":\"https:\/\/elbrogit.com\/wp-content\/uploads\/cropped-LogoBrogitWeb.jpg\",\"contentUrl\":\"https:\/\/elbrogit.com\/wp-content\/uploads\/cropped-LogoBrogitWeb.jpg\",\"width\":161,\"height\":108,\"caption\":\"Senderisme i Enoturisme a Catalunya\"},\"image\":{\"@id\":\"https:\/\/elbrogit.com\/ca\/#\/schema\/logo\/image\/\"},\"sameAs\":[\"http:\/\/www.facebook.com\/brogit.guiatges\",\"https:\/\/x.com\/elbrogit\"]}]}<\/script>\n<!-- \/ Yoast SEO plugin. -->","yoast_head_json":{"title":"Montsant m\u00edstic, paisatges per l'esperit - Senderisme i Enoturisme a Catalunya","robots":{"index":"index","follow":"follow","max-snippet":"max-snippet:-1","max-image-preview":"max-image-preview:large","max-video-preview":"max-video-preview:-1"},"canonical":"https:\/\/elbrogit.com\/ca\/product\/espiritualitat-montsant-muntanya-santa\/","og_locale":"ca_ES","og_type":"article","og_title":"Montsant m\u00edstic, paisatges per l'esperit - Senderisme i Enoturisme a Catalunya","og_description":"Gaudeix d'un rec\u00e9s espiritual a Montsant, la muntanya sagrada del Priorat, coneixent la hist\u00f2ria d'aquesta regi\u00f3 de ben a prop, gaudint d'un exclusiu tast de vi a la Cartoixa d'Scaladei, assaborint un tast d'oli ecol\u00f2gic i descobrint el m\u00e0gic paisatge del congost de Fraguerau.   Projecte Fem Parc - Ecoturisme als Parcs Naturals de Catalunya.\u00a0Gaudint d'aquest viatge\u00a0esteu contribuint un 5% a projectes de conservaci\u00f3\u00a0del Parc Natural de Montsant.","og_url":"https:\/\/elbrogit.com\/ca\/product\/espiritualitat-montsant-muntanya-santa\/","og_site_name":"Senderisme i Enoturisme a Catalunya","article_publisher":"http:\/\/www.facebook.com\/brogit.guiatges","article_modified_time":"2024-11-29T20:48:00+00:00","og_image":[{"width":1000,"height":667,"url":"https:\/\/elbrogit.com\/wp-content\/uploads\/IMG_6478_resize.jpg","type":"image\/jpeg"}],"twitter_card":"summary_large_image","twitter_site":"@elbrogit","twitter_misc":{"Temps estimat de lectura":"1 minut"},"schema":{"@context":"https:\/\/schema.org","@graph":[{"@type":"WebPage","@id":"https:\/\/elbrogit.com\/ca\/product\/espiritualitat-montsant-muntanya-santa\/","url":"https:\/\/elbrogit.com\/ca\/product\/espiritualitat-montsant-muntanya-santa\/","name":"Montsant m\u00edstic, paisatges per l'esperit - Senderisme i Enoturisme a Catalunya","isPartOf":{"@id":"https:\/\/elbrogit.com\/ca\/#website"},"primaryImageOfPage":{"@id":"https:\/\/elbrogit.com\/ca\/product\/espiritualitat-montsant-muntanya-santa\/#primaryimage"},"image":{"@id":"https:\/\/elbrogit.com\/ca\/product\/espiritualitat-montsant-muntanya-santa\/#primaryimage"},"thumbnailUrl":"https:\/\/elbrogit.com\/wp-content\/uploads\/IMG_6478_resize.jpg","datePublished":"2020-08-10T13:28:08+00:00","dateModified":"2024-11-29T20:48:00+00:00","breadcrumb":{"@id":"https:\/\/elbrogit.com\/ca\/product\/espiritualitat-montsant-muntanya-santa\/#breadcrumb"},"inLanguage":"ca","potentialAction":[{"@type":"ReadAction","target":["https:\/\/elbrogit.com\/ca\/product\/espiritualitat-montsant-muntanya-santa\/"]}]},{"@type":"ImageObject","inLanguage":"ca","@id":"https:\/\/elbrogit.com\/ca\/product\/espiritualitat-montsant-muntanya-santa\/#primaryimage","url":"https:\/\/elbrogit.com\/wp-content\/uploads\/IMG_6478_resize.jpg","contentUrl":"https:\/\/elbrogit.com\/wp-content\/uploads\/IMG_6478_resize.jpg","width":1000,"height":667},{"@type":"BreadcrumbList","@id":"https:\/\/elbrogit.com\/ca\/product\/espiritualitat-montsant-muntanya-santa\/#breadcrumb","itemListElement":[{"@type":"ListItem","position":1,"name":"Home","item":"https:\/\/elbrogit.com\/ca\/"},{"@type":"ListItem","position":2,"name":"Shop","item":"https:\/\/elbrogit.com\/ca\/shop\/"},{"@type":"ListItem","position":3,"name":"Montsant m\u00edstic, paisatges per l&#8217;esperit"}]},{"@type":"WebSite","@id":"https:\/\/elbrogit.com\/ca\/#website","url":"https:\/\/elbrogit.com\/ca\/","name":"Senderisme i Enoturisme a Catalunya","description":"Ecotourism, walking, wine tourism and cultural holidays in Catalonia","publisher":{"@id":"https:\/\/elbrogit.com\/ca\/#organization"},"potentialAction":[{"@type":"SearchAction","target":{"@type":"EntryPoint","urlTemplate":"https:\/\/elbrogit.com\/ca\/?s={search_term_string}"},"query-input":{"@type":"PropertyValueSpecification","valueRequired":true,"valueName":"search_term_string"}}],"inLanguage":"ca"},{"@type":"Organization","@id":"https:\/\/elbrogit.com\/ca\/#organization","name":"Senderisme i Enoturisme a Catalunya","url":"https:\/\/elbrogit.com\/ca\/","logo":{"@type":"ImageObject","inLanguage":"ca","@id":"https:\/\/elbrogit.com\/ca\/#\/schema\/logo\/image\/","url":"https:\/\/elbrogit.com\/wp-content\/uploads\/cropped-LogoBrogitWeb.jpg","contentUrl":"https:\/\/elbrogit.com\/wp-content\/uploads\/cropped-LogoBrogitWeb.jpg","width":161,"height":108,"caption":"Senderisme i Enoturisme a Catalunya"},"image":{"@id":"https:\/\/elbrogit.com\/ca\/#\/schema\/logo\/image\/"},"sameAs":["http:\/\/www.facebook.com\/brogit.guiatges","https:\/\/x.com\/elbrogit"]}]}},"jetpack_sharing_enabled":true,"_links":{"self":[{"href":"https:\/\/elbrogit.com\/ca\/wp-json\/wp\/v2\/product\/2738","targetHints":{"allow":["GET"]}}],"collection":[{"href":"https:\/\/elbrogit.com\/ca\/wp-json\/wp\/v2\/product"}],"about":[{"href":"https:\/\/elbrogit.com\/ca\/wp-json\/wp\/v2\/types\/product"}],"version-history":[{"count":5,"href":"https:\/\/elbrogit.com\/ca\/wp-json\/wp\/v2\/product\/2738\/revisions"}],"predecessor-version":[{"id":13596,"href":"https:\/\/elbrogit.com\/ca\/wp-json\/wp\/v2\/product\/2738\/revisions\/13596"}],"wp:featuredmedia":[{"embeddable":true,"href":"https:\/\/elbrogit.com\/ca\/wp-json\/wp\/v2\/media\/1254"}],"wp:attachment":[{"href":"https:\/\/elbrogit.com\/ca\/wp-json\/wp\/v2\/media?parent=2738"}],"wp:term":[{"taxonomy":"product_brand","embeddable":true,"href":"https:\/\/elbrogit.com\/ca\/wp-json\/wp\/v2\/product_brand?post=2738"},{"taxonomy":"product_cat","embeddable":true,"href":"https:\/\/elbrogit.com\/ca\/wp-json\/wp\/v2\/product_cat?post=2738"},{"taxonomy":"product_tag","embeddable":true,"href":"https:\/\/elbrogit.com\/ca\/wp-json\/wp\/v2\/product_tag?post=2738"}],"curies":[{"name":"wp","href":"https:\/\/api.w.org\/{rel}","templated":true}]}}