{"id":2918,"date":"2020-08-10T15:06:52","date_gmt":"2020-08-10T13:30:18","guid":{"rendered":"https:\/\/elbrogit.com\/product\/import-placeholder-for-2574\/"},"modified":"2024-11-29T21:22:41","modified_gmt":"2024-11-29T20:22:41","slug":"excursio-vinyes-tast-de-vi","status":"publish","type":"product","link":"https:\/\/elbrogit.com\/ca\/product\/excursio-vinyes-tast-de-vi\/","title":{"rendered":"Vinyes a vista d&#8217;ocell. Excursi\u00f3 amb tast de vi."},"content":{"rendered":"<p>[accordion]<br \/>\n[accordion_toggle title=&#8221;L&#8217;excursi\u00f3&#8221;]<br \/>\n<strong>Senzilla excursi\u00f3 seguint els antics camins de la verema que ens portar\u00e0 fins a les terres dites del Damunt Roca,<\/strong> on els vilatans del Lloar arribaren a conrear la vinya. Caminant pels antics camins de ferradura reviurem l&#8217;intens tr\u00e0fec dels animals amunt i avall, carregats de ra\u00efm acabat de collir, fent un m\u00e0xim de 5 viatges al dia tenint en compte la important dist\u00e0ncia respecte el poble.<\/p>\n<p>L&#8217;excursi\u00f3 es combina amb una <strong>visita guiada i un tast del vi al celler Torres Priorat,<\/strong>\u00a0on gaudirem de dos dels seus vins, que conserven tota l&#8217;ess\u00e8ncia i la for\u00e7a del Priorat.<br \/>\n[\/accordion_toggle]<br \/>\n[accordion_toggle title=&#8221;Serveis inclosos&#8221;]<br \/>\n[custom_list style=&#8221;list-1&#8243;]<\/p>\n<ul>\n<li>Excursi\u00f3 amb guia local<\/li>\n<li>Visita guiada a celler de la DOQ Priorat i tast de vins<\/li>\n<li>Assegurances<\/li>\n<\/ul>\n<p>[\/custom_list]<br \/>\n[\/accordion_toggle]<br \/>\n[accordion_toggle title=&#8221;Preus&#8221;]<br \/>\nAquests preus s\u00f3n per activitats agendades. Per grups en dates concertades,<a title=\"Contacteu amb nosaltres\" href=\"http:\/\/www.elbrogit.com\/ca\/contacteu-amb-nosaltres\/\"> contacteu-nos per a que puguem ajustar-vos el preu a la mida del vostre grup.<\/a><br \/>\n[\/accordion_toggle]<br \/>\n[accordion_toggle title=&#8221;Dates&#8221;] Aquesta activitat no est\u00e0 agendada aquest any, per\u00f2 <a title=\"Contacteu amb nosaltres\" href=\"http:\/\/www.elbrogit.com\/ca\/contacteu-amb-nosaltres\/\">no dubteu en contactar-nos per una proposta a mida de les vostres necessitats!<\/a><br \/>\n[\/accordion_toggle]<br \/>\n[\/accordion]<\/p>\n","protected":false},"excerpt":{"rendered":"<table class=\"custom-table\" summary=\"Sample Table\">\n<tbody>\n<tr>\n<td><strong>Espai natural:<\/strong><\/td>\n<td><a title=\"Parc Natural de Montsant, al Priorat\" href=\"http:\/\/www.elbrogit.com\/ca\/parc-natural-de-montsant-al-priorat\/\">Parc Natural de la Serra de Montsant<\/a><\/td>\n<\/tr>\n<tr>\n<td><strong>Regi\u00f3: <\/strong><\/td>\n<td><a title=\"enoturisme Priorat\" href=\"http:\/\/www.elbrogit.com\/ca\/enoturisme-priorat\/\">Priorat<\/a><\/td>\n<\/tr>\n<tr>\n<td><strong>Punt d\u2019inici: <\/strong><\/td>\n<td>El Lloar<\/td>\n<\/tr>\n<tr>\n<td><strong>Duraci\u00f3: <\/strong><\/td>\n<td><a href=\"http:\/\/www.elbrogit.com\/ca\/product-category\/escapades-vacances-ecoturisme\/activitat-mig-dia\/\">Mig dia<\/a><\/td>\n<\/tr>\n<tr>\n<td><strong>Temps de caminar:<\/strong><\/td>\n<td>2h<\/td>\n<\/tr>\n<tr>\n<td><strong>Dificultat: <\/strong><\/td>\n<td><a href=\"http:\/\/www.elbrogit.com\/ca\/product-category\/dificultat-activitats\/activitat-dificultat-baixa\/\">Baixa<\/a><\/td>\n<\/tr>\n<\/tbody>\n<\/table>\n","protected":false},"featured_media":1497,"template":"","meta":{"_acf_changed":false},"product_brand":[],"product_cat":[150,143,152,183,146,149,179,180,148,160,157],"product_tag":[153,154,369],"class_list":{"0":"post-2918","1":"product","2":"type-product","3":"status-publish","4":"has-post-thumbnail","6":"product_cat-vacances-de-senderisme","7":"product_cat-senderisme-amb-guia","8":"product_cat-activitat-dificultat-baixa","9":"product_cat-activitats-nens-familia","10":"product_cat-enoturisme-vi-tast","11":"product_cat-enoturisme-priorat","12":"product_cat-activitat-mig-dia","13":"product_cat-montsant-priorat-ca","14":"product_cat-sud-catalunya","15":"product_cat-viatges-culturals","16":"product_cat-viatges-de-natura","17":"product_tag-trescvi","18":"product_tag-trescvi-al-priorat","19":"product_tag-xfhc","21":"first","22":"instock","23":"shipping-taxable","24":"purchasable","25":"product-type-simple"},"acf":[],"yoast_head":"<!-- This site is optimized with the Yoast SEO plugin v25.1 - https:\/\/yoast.com\/wordpress\/plugins\/seo\/ -->\n<title>Vinyes a vista d&#039;ocell. Excursi\u00f3 amb tast de vi. - Senderisme i Enoturisme a Catalunya<\/title>\n<meta name=\"robots\" content=\"index, follow, max-snippet:-1, max-image-preview:large, max-video-preview:-1\" \/>\n<link rel=\"canonical\" href=\"https:\/\/elbrogit.com\/ca\/product\/excursio-vinyes-tast-de-vi\/\" \/>\n<meta property=\"og:locale\" content=\"ca_ES\" \/>\n<meta property=\"og:type\" content=\"article\" \/>\n<meta property=\"og:title\" content=\"Vinyes a vista d&#039;ocell. Excursi\u00f3 amb tast de vi. - Senderisme i Enoturisme a Catalunya\" \/>\n<meta property=\"og:description\" content=\"Espai natural: Parc Natural de la Serra de Montsant   Regi\u00f3:  Priorat   Punt d\u2019inici:  El Lloar   Duraci\u00f3:  Mig dia   Temps de caminar: 2h   Dificultat:  Baixa\" \/>\n<meta property=\"og:url\" content=\"https:\/\/elbrogit.com\/ca\/product\/excursio-vinyes-tast-de-vi\/\" \/>\n<meta property=\"og:site_name\" content=\"Senderisme i Enoturisme a Catalunya\" \/>\n<meta property=\"article:publisher\" content=\"http:\/\/www.facebook.com\/brogit.guiatges\" \/>\n<meta property=\"article:modified_time\" content=\"2024-11-29T20:22:41+00:00\" \/>\n<meta property=\"og:image\" content=\"https:\/\/elbrogit.com\/wp-content\/uploads\/Lloar_02_camiPedrenyera.jpg\" \/>\n\t<meta property=\"og:image:width\" content=\"800\" \/>\n\t<meta property=\"og:image:height\" content=\"699\" \/>\n\t<meta property=\"og:image:type\" content=\"image\/jpeg\" \/>\n<meta name=\"twitter:card\" content=\"summary_large_image\" \/>\n<meta name=\"twitter:site\" content=\"@elbrogit\" \/>\n<meta name=\"twitter:label1\" content=\"Temps estimat de lectura\" \/>\n\t<meta name=\"twitter:data1\" content=\"1 minut\" \/>\n<script type=\"application\/ld+json\" class=\"yoast-schema-graph\">{\"@context\":\"https:\/\/schema.org\",\"@graph\":[{\"@type\":\"WebPage\",\"@id\":\"https:\/\/elbrogit.com\/ca\/product\/excursio-vinyes-tast-de-vi\/\",\"url\":\"https:\/\/elbrogit.com\/ca\/product\/excursio-vinyes-tast-de-vi\/\",\"name\":\"Vinyes a vista d'ocell. Excursi\u00f3 amb tast de vi. - Senderisme i Enoturisme a Catalunya\",\"isPartOf\":{\"@id\":\"https:\/\/elbrogit.com\/ca\/#website\"},\"primaryImageOfPage\":{\"@id\":\"https:\/\/elbrogit.com\/ca\/product\/excursio-vinyes-tast-de-vi\/#primaryimage\"},\"image\":{\"@id\":\"https:\/\/elbrogit.com\/ca\/product\/excursio-vinyes-tast-de-vi\/#primaryimage\"},\"thumbnailUrl\":\"https:\/\/elbrogit.com\/wp-content\/uploads\/Lloar_02_camiPedrenyera.jpg\",\"datePublished\":\"2020-08-10T13:30:18+00:00\",\"dateModified\":\"2024-11-29T20:22:41+00:00\",\"breadcrumb\":{\"@id\":\"https:\/\/elbrogit.com\/ca\/product\/excursio-vinyes-tast-de-vi\/#breadcrumb\"},\"inLanguage\":\"ca\",\"potentialAction\":[{\"@type\":\"ReadAction\",\"target\":[\"https:\/\/elbrogit.com\/ca\/product\/excursio-vinyes-tast-de-vi\/\"]}]},{\"@type\":\"ImageObject\",\"inLanguage\":\"ca\",\"@id\":\"https:\/\/elbrogit.com\/ca\/product\/excursio-vinyes-tast-de-vi\/#primaryimage\",\"url\":\"https:\/\/elbrogit.com\/wp-content\/uploads\/Lloar_02_camiPedrenyera.jpg\",\"contentUrl\":\"https:\/\/elbrogit.com\/wp-content\/uploads\/Lloar_02_camiPedrenyera.jpg\",\"width\":800,\"height\":699},{\"@type\":\"BreadcrumbList\",\"@id\":\"https:\/\/elbrogit.com\/ca\/product\/excursio-vinyes-tast-de-vi\/#breadcrumb\",\"itemListElement\":[{\"@type\":\"ListItem\",\"position\":1,\"name\":\"Home\",\"item\":\"https:\/\/elbrogit.com\/ca\/\"},{\"@type\":\"ListItem\",\"position\":2,\"name\":\"Shop\",\"item\":\"https:\/\/elbrogit.com\/ca\/shop\/\"},{\"@type\":\"ListItem\",\"position\":3,\"name\":\"Vinyes a vista d&#8217;ocell. Excursi\u00f3 amb tast de vi.\"}]},{\"@type\":\"WebSite\",\"@id\":\"https:\/\/elbrogit.com\/ca\/#website\",\"url\":\"https:\/\/elbrogit.com\/ca\/\",\"name\":\"Senderisme i Enoturisme a Catalunya\",\"description\":\"Ecotourism, walking, wine tourism and cultural holidays in Catalonia\",\"publisher\":{\"@id\":\"https:\/\/elbrogit.com\/ca\/#organization\"},\"potentialAction\":[{\"@type\":\"SearchAction\",\"target\":{\"@type\":\"EntryPoint\",\"urlTemplate\":\"https:\/\/elbrogit.com\/ca\/?s={search_term_string}\"},\"query-input\":{\"@type\":\"PropertyValueSpecification\",\"valueRequired\":true,\"valueName\":\"search_term_string\"}}],\"inLanguage\":\"ca\"},{\"@type\":\"Organization\",\"@id\":\"https:\/\/elbrogit.com\/ca\/#organization\",\"name\":\"Senderisme i Enoturisme a Catalunya\",\"url\":\"https:\/\/elbrogit.com\/ca\/\",\"logo\":{\"@type\":\"ImageObject\",\"inLanguage\":\"ca\",\"@id\":\"https:\/\/elbrogit.com\/ca\/#\/schema\/logo\/image\/\",\"url\":\"https:\/\/elbrogit.com\/wp-content\/uploads\/cropped-LogoBrogitWeb.jpg\",\"contentUrl\":\"https:\/\/elbrogit.com\/wp-content\/uploads\/cropped-LogoBrogitWeb.jpg\",\"width\":161,\"height\":108,\"caption\":\"Senderisme i Enoturisme a Catalunya\"},\"image\":{\"@id\":\"https:\/\/elbrogit.com\/ca\/#\/schema\/logo\/image\/\"},\"sameAs\":[\"http:\/\/www.facebook.com\/brogit.guiatges\",\"https:\/\/x.com\/elbrogit\"]}]}<\/script>\n<!-- \/ Yoast SEO plugin. -->","yoast_head_json":{"title":"Vinyes a vista d'ocell. Excursi\u00f3 amb tast de vi. - Senderisme i Enoturisme a Catalunya","robots":{"index":"index","follow":"follow","max-snippet":"max-snippet:-1","max-image-preview":"max-image-preview:large","max-video-preview":"max-video-preview:-1"},"canonical":"https:\/\/elbrogit.com\/ca\/product\/excursio-vinyes-tast-de-vi\/","og_locale":"ca_ES","og_type":"article","og_title":"Vinyes a vista d'ocell. Excursi\u00f3 amb tast de vi. - Senderisme i Enoturisme a Catalunya","og_description":"Espai natural: Parc Natural de la Serra de Montsant   Regi\u00f3:  Priorat   Punt d\u2019inici:  El Lloar   Duraci\u00f3:  Mig dia   Temps de caminar: 2h   Dificultat:  Baixa","og_url":"https:\/\/elbrogit.com\/ca\/product\/excursio-vinyes-tast-de-vi\/","og_site_name":"Senderisme i Enoturisme a Catalunya","article_publisher":"http:\/\/www.facebook.com\/brogit.guiatges","article_modified_time":"2024-11-29T20:22:41+00:00","og_image":[{"width":800,"height":699,"url":"https:\/\/elbrogit.com\/wp-content\/uploads\/Lloar_02_camiPedrenyera.jpg","type":"image\/jpeg"}],"twitter_card":"summary_large_image","twitter_site":"@elbrogit","twitter_misc":{"Temps estimat de lectura":"1 minut"},"schema":{"@context":"https:\/\/schema.org","@graph":[{"@type":"WebPage","@id":"https:\/\/elbrogit.com\/ca\/product\/excursio-vinyes-tast-de-vi\/","url":"https:\/\/elbrogit.com\/ca\/product\/excursio-vinyes-tast-de-vi\/","name":"Vinyes a vista d'ocell. Excursi\u00f3 amb tast de vi. - Senderisme i Enoturisme a Catalunya","isPartOf":{"@id":"https:\/\/elbrogit.com\/ca\/#website"},"primaryImageOfPage":{"@id":"https:\/\/elbrogit.com\/ca\/product\/excursio-vinyes-tast-de-vi\/#primaryimage"},"image":{"@id":"https:\/\/elbrogit.com\/ca\/product\/excursio-vinyes-tast-de-vi\/#primaryimage"},"thumbnailUrl":"https:\/\/elbrogit.com\/wp-content\/uploads\/Lloar_02_camiPedrenyera.jpg","datePublished":"2020-08-10T13:30:18+00:00","dateModified":"2024-11-29T20:22:41+00:00","breadcrumb":{"@id":"https:\/\/elbrogit.com\/ca\/product\/excursio-vinyes-tast-de-vi\/#breadcrumb"},"inLanguage":"ca","potentialAction":[{"@type":"ReadAction","target":["https:\/\/elbrogit.com\/ca\/product\/excursio-vinyes-tast-de-vi\/"]}]},{"@type":"ImageObject","inLanguage":"ca","@id":"https:\/\/elbrogit.com\/ca\/product\/excursio-vinyes-tast-de-vi\/#primaryimage","url":"https:\/\/elbrogit.com\/wp-content\/uploads\/Lloar_02_camiPedrenyera.jpg","contentUrl":"https:\/\/elbrogit.com\/wp-content\/uploads\/Lloar_02_camiPedrenyera.jpg","width":800,"height":699},{"@type":"BreadcrumbList","@id":"https:\/\/elbrogit.com\/ca\/product\/excursio-vinyes-tast-de-vi\/#breadcrumb","itemListElement":[{"@type":"ListItem","position":1,"name":"Home","item":"https:\/\/elbrogit.com\/ca\/"},{"@type":"ListItem","position":2,"name":"Shop","item":"https:\/\/elbrogit.com\/ca\/shop\/"},{"@type":"ListItem","position":3,"name":"Vinyes a vista d&#8217;ocell. Excursi\u00f3 amb tast de vi."}]},{"@type":"WebSite","@id":"https:\/\/elbrogit.com\/ca\/#website","url":"https:\/\/elbrogit.com\/ca\/","name":"Senderisme i Enoturisme a Catalunya","description":"Ecotourism, walking, wine tourism and cultural holidays in Catalonia","publisher":{"@id":"https:\/\/elbrogit.com\/ca\/#organization"},"potentialAction":[{"@type":"SearchAction","target":{"@type":"EntryPoint","urlTemplate":"https:\/\/elbrogit.com\/ca\/?s={search_term_string}"},"query-input":{"@type":"PropertyValueSpecification","valueRequired":true,"valueName":"search_term_string"}}],"inLanguage":"ca"},{"@type":"Organization","@id":"https:\/\/elbrogit.com\/ca\/#organization","name":"Senderisme i Enoturisme a Catalunya","url":"https:\/\/elbrogit.com\/ca\/","logo":{"@type":"ImageObject","inLanguage":"ca","@id":"https:\/\/elbrogit.com\/ca\/#\/schema\/logo\/image\/","url":"https:\/\/elbrogit.com\/wp-content\/uploads\/cropped-LogoBrogitWeb.jpg","contentUrl":"https:\/\/elbrogit.com\/wp-content\/uploads\/cropped-LogoBrogitWeb.jpg","width":161,"height":108,"caption":"Senderisme i Enoturisme a Catalunya"},"image":{"@id":"https:\/\/elbrogit.com\/ca\/#\/schema\/logo\/image\/"},"sameAs":["http:\/\/www.facebook.com\/brogit.guiatges","https:\/\/x.com\/elbrogit"]}]}},"jetpack_sharing_enabled":true,"_links":{"self":[{"href":"https:\/\/elbrogit.com\/ca\/wp-json\/wp\/v2\/product\/2918","targetHints":{"allow":["GET"]}}],"collection":[{"href":"https:\/\/elbrogit.com\/ca\/wp-json\/wp\/v2\/product"}],"about":[{"href":"https:\/\/elbrogit.com\/ca\/wp-json\/wp\/v2\/types\/product"}],"version-history":[{"count":5,"href":"https:\/\/elbrogit.com\/ca\/wp-json\/wp\/v2\/product\/2918\/revisions"}],"predecessor-version":[{"id":13581,"href":"https:\/\/elbrogit.com\/ca\/wp-json\/wp\/v2\/product\/2918\/revisions\/13581"}],"wp:featuredmedia":[{"embeddable":true,"href":"https:\/\/elbrogit.com\/ca\/wp-json\/wp\/v2\/media\/1497"}],"wp:attachment":[{"href":"https:\/\/elbrogit.com\/ca\/wp-json\/wp\/v2\/media?parent=2918"}],"wp:term":[{"taxonomy":"product_brand","embeddable":true,"href":"https:\/\/elbrogit.com\/ca\/wp-json\/wp\/v2\/product_brand?post=2918"},{"taxonomy":"product_cat","embeddable":true,"href":"https:\/\/elbrogit.com\/ca\/wp-json\/wp\/v2\/product_cat?post=2918"},{"taxonomy":"product_tag","embeddable":true,"href":"https:\/\/elbrogit.com\/ca\/wp-json\/wp\/v2\/product_tag?post=2918"}],"curies":[{"name":"wp","href":"https:\/\/api.w.org\/{rel}","templated":true}]}}