{"id":3356,"date":"2020-08-10T15:08:47","date_gmt":"2020-08-10T13:34:41","guid":{"rendered":"https:\/\/elbrogit.com\/product\/import-placeholder-for-2929\/"},"modified":"2024-11-29T20:36:45","modified_gmt":"2024-11-29T19:36:45","slug":"excursio-montsant-priorat-vista-ocell","status":"publish","type":"product","link":"https:\/\/elbrogit.com\/ca\/product\/excursio-montsant-priorat-vista-ocell\/","title":{"rendered":"Priorat a vista d&#8217;ocell"},"content":{"rendered":"<p>[accordion]<br \/>\n[accordion_toggle title=&#8221;L&#8217;excursi\u00f3&#8221;]<br \/>\nEl vessant sud de la Serra de Montsant \u00e9s tallat per impressionants cingleres que semblen talment infranquejables. Nom\u00e9s per on el cingle ha baixat la gu\u00e0rdia podem assolir el seu tresor m\u00e9s preuat, vistes espl\u00e8ndides a 1.000 m d&#8217;al\u00e7ada i raconades buc\u00f2liques all\u00e0 on el terreny m\u00e9s aspre sembla que ho hagi absorbit tot.<br \/>\n[\/accordion_toggle]<br \/>\n[accordion_toggle title=&#8221;Serveis inclosos&#8221;]<br \/>\n[custom_list style=&#8221;list-1&#8243;]<\/p>\n<ul>\n<li>Excursi\u00f3 amb guia local<\/li>\n<li>Assegurances<\/li>\n<\/ul>\n<p>[\/custom_list]<br \/>\n[\/accordion_toggle]<br \/>\n[accordion_toggle title=&#8221;Preus&#8221;]<br \/>\nAquests preus s\u00f3n per activitats agendades. Per grups en dates concertades,<a title=\"Contacteu amb nosaltres\" href=\"http:\/\/www.elbrogit.com\/ca\/contacteu-amb-nosaltres\/\"> contacteu-nos per a que puguem ajustar-vos el preu a la mida del vostre grup.<\/a><br \/>\n[\/accordion_toggle]<br \/>\n[accordion_toggle title=&#8221;Dates&#8221;] Aquesta activitat est\u00e0 agendada pel 18 de setembre de 2016, per\u00f2 <a title=\"Contacteu amb nosaltres\" href=\"http:\/\/www.elbrogit.com\/ca\/contacteu-amb-nosaltres\/\">no dubteu en contactar-nos per una proposta a mida de les vostres necessitats!<\/a><br \/>\n[\/accordion_toggle]<br \/>\n[\/accordion]<\/p>\n","protected":false},"excerpt":{"rendered":"<p>[accordion] [accordion_toggle title=&#8221;L&#8217;excursi\u00f3&#8221;] El vessant sud de la Serra de Montsant \u00e9s tallat per impressionants cingleres que semblen talment infranquejables. Nom\u00e9s per on el cingle ha baixat la gu\u00e0rdia podem assolir el seu tresor m\u00e9s preuat, vistes espl\u00e8ndides a 1.000 m d&#8217;al\u00e7ada i raconades buc\u00f2liques all\u00e0 on el terreny m\u00e9s aspre sembla que ho hagi [&hellip;]<\/p>\n","protected":false},"featured_media":1790,"template":"","meta":{"_acf_changed":false},"product_brand":[],"product_cat":[186,150,143,149,189,180,148,160,157],"product_tag":[],"class_list":{"0":"post-3356","1":"product","2":"type-product","3":"status-publish","4":"has-post-thumbnail","6":"product_cat-activitat-un-dia","7":"product_cat-vacances-de-senderisme","8":"product_cat-senderisme-amb-guia","9":"product_cat-enoturisme-priorat","10":"product_cat-activitat-dificultat-mitjana","11":"product_cat-montsant-priorat-ca","12":"product_cat-sud-catalunya","13":"product_cat-viatges-culturals","14":"product_cat-viatges-de-natura","16":"first","17":"instock","18":"shipping-taxable","19":"purchasable","20":"product-type-simple"},"acf":[],"yoast_head":"<!-- This site is optimized with the Yoast SEO plugin v25.1 - https:\/\/yoast.com\/wordpress\/plugins\/seo\/ -->\n<title>Priorat a vista d&#039;ocell - Senderisme i Enoturisme a Catalunya<\/title>\n<meta name=\"robots\" content=\"index, follow, max-snippet:-1, max-image-preview:large, max-video-preview:-1\" \/>\n<link rel=\"canonical\" href=\"https:\/\/elbrogit.com\/ca\/product\/excursio-montsant-priorat-vista-ocell\/\" \/>\n<meta property=\"og:locale\" content=\"ca_ES\" \/>\n<meta property=\"og:type\" content=\"article\" \/>\n<meta property=\"og:title\" content=\"Priorat a vista d&#039;ocell - Senderisme i Enoturisme a Catalunya\" \/>\n<meta property=\"og:description\" content=\"[accordion] [accordion_toggle title=&#8221;L&#8217;excursi\u00f3&#8221;] El vessant sud de la Serra de Montsant \u00e9s tallat per impressionants cingleres que semblen talment infranquejables. Nom\u00e9s per on el cingle ha baixat la gu\u00e0rdia podem assolir el seu tresor m\u00e9s preuat, vistes espl\u00e8ndides a 1.000 m d&#8217;al\u00e7ada i raconades buc\u00f2liques all\u00e0 on el terreny m\u00e9s aspre sembla que ho hagi [&hellip;]\" \/>\n<meta property=\"og:url\" content=\"https:\/\/elbrogit.com\/ca\/product\/excursio-montsant-priorat-vista-ocell\/\" \/>\n<meta property=\"og:site_name\" content=\"Senderisme i Enoturisme a Catalunya\" \/>\n<meta property=\"article:publisher\" content=\"http:\/\/www.facebook.com\/brogit.guiatges\" \/>\n<meta property=\"article:modified_time\" content=\"2024-11-29T19:36:45+00:00\" \/>\n<meta property=\"og:image\" content=\"https:\/\/elbrogit.com\/wp-content\/uploads\/Montsant_Ocell_01.jpg\" \/>\n\t<meta property=\"og:image:width\" content=\"600\" \/>\n\t<meta property=\"og:image:height\" content=\"800\" \/>\n\t<meta property=\"og:image:type\" content=\"image\/jpeg\" \/>\n<meta name=\"twitter:card\" content=\"summary_large_image\" \/>\n<meta name=\"twitter:site\" content=\"@elbrogit\" \/>\n<meta name=\"twitter:label1\" content=\"Temps estimat de lectura\" \/>\n\t<meta name=\"twitter:data1\" content=\"1 minut\" \/>\n<script type=\"application\/ld+json\" class=\"yoast-schema-graph\">{\"@context\":\"https:\/\/schema.org\",\"@graph\":[{\"@type\":\"WebPage\",\"@id\":\"https:\/\/elbrogit.com\/ca\/product\/excursio-montsant-priorat-vista-ocell\/\",\"url\":\"https:\/\/elbrogit.com\/ca\/product\/excursio-montsant-priorat-vista-ocell\/\",\"name\":\"Priorat a vista d'ocell - Senderisme i Enoturisme a Catalunya\",\"isPartOf\":{\"@id\":\"https:\/\/elbrogit.com\/ca\/#website\"},\"primaryImageOfPage\":{\"@id\":\"https:\/\/elbrogit.com\/ca\/product\/excursio-montsant-priorat-vista-ocell\/#primaryimage\"},\"image\":{\"@id\":\"https:\/\/elbrogit.com\/ca\/product\/excursio-montsant-priorat-vista-ocell\/#primaryimage\"},\"thumbnailUrl\":\"https:\/\/elbrogit.com\/wp-content\/uploads\/Montsant_Ocell_01.jpg\",\"datePublished\":\"2020-08-10T13:34:41+00:00\",\"dateModified\":\"2024-11-29T19:36:45+00:00\",\"breadcrumb\":{\"@id\":\"https:\/\/elbrogit.com\/ca\/product\/excursio-montsant-priorat-vista-ocell\/#breadcrumb\"},\"inLanguage\":\"ca\",\"potentialAction\":[{\"@type\":\"ReadAction\",\"target\":[\"https:\/\/elbrogit.com\/ca\/product\/excursio-montsant-priorat-vista-ocell\/\"]}]},{\"@type\":\"ImageObject\",\"inLanguage\":\"ca\",\"@id\":\"https:\/\/elbrogit.com\/ca\/product\/excursio-montsant-priorat-vista-ocell\/#primaryimage\",\"url\":\"https:\/\/elbrogit.com\/wp-content\/uploads\/Montsant_Ocell_01.jpg\",\"contentUrl\":\"https:\/\/elbrogit.com\/wp-content\/uploads\/Montsant_Ocell_01.jpg\",\"width\":600,\"height\":800},{\"@type\":\"BreadcrumbList\",\"@id\":\"https:\/\/elbrogit.com\/ca\/product\/excursio-montsant-priorat-vista-ocell\/#breadcrumb\",\"itemListElement\":[{\"@type\":\"ListItem\",\"position\":1,\"name\":\"Home\",\"item\":\"https:\/\/elbrogit.com\/ca\/\"},{\"@type\":\"ListItem\",\"position\":2,\"name\":\"Shop\",\"item\":\"https:\/\/elbrogit.com\/ca\/shop\/\"},{\"@type\":\"ListItem\",\"position\":3,\"name\":\"Priorat a vista d&#8217;ocell\"}]},{\"@type\":\"WebSite\",\"@id\":\"https:\/\/elbrogit.com\/ca\/#website\",\"url\":\"https:\/\/elbrogit.com\/ca\/\",\"name\":\"Senderisme i Enoturisme a Catalunya\",\"description\":\"Ecotourism, walking, wine tourism and cultural holidays in Catalonia\",\"publisher\":{\"@id\":\"https:\/\/elbrogit.com\/ca\/#organization\"},\"potentialAction\":[{\"@type\":\"SearchAction\",\"target\":{\"@type\":\"EntryPoint\",\"urlTemplate\":\"https:\/\/elbrogit.com\/ca\/?s={search_term_string}\"},\"query-input\":{\"@type\":\"PropertyValueSpecification\",\"valueRequired\":true,\"valueName\":\"search_term_string\"}}],\"inLanguage\":\"ca\"},{\"@type\":\"Organization\",\"@id\":\"https:\/\/elbrogit.com\/ca\/#organization\",\"name\":\"Senderisme i Enoturisme a Catalunya\",\"url\":\"https:\/\/elbrogit.com\/ca\/\",\"logo\":{\"@type\":\"ImageObject\",\"inLanguage\":\"ca\",\"@id\":\"https:\/\/elbrogit.com\/ca\/#\/schema\/logo\/image\/\",\"url\":\"https:\/\/elbrogit.com\/wp-content\/uploads\/cropped-LogoBrogitWeb.jpg\",\"contentUrl\":\"https:\/\/elbrogit.com\/wp-content\/uploads\/cropped-LogoBrogitWeb.jpg\",\"width\":161,\"height\":108,\"caption\":\"Senderisme i Enoturisme a Catalunya\"},\"image\":{\"@id\":\"https:\/\/elbrogit.com\/ca\/#\/schema\/logo\/image\/\"},\"sameAs\":[\"http:\/\/www.facebook.com\/brogit.guiatges\",\"https:\/\/x.com\/elbrogit\"]}]}<\/script>\n<!-- \/ Yoast SEO plugin. -->","yoast_head_json":{"title":"Priorat a vista d'ocell - Senderisme i Enoturisme a Catalunya","robots":{"index":"index","follow":"follow","max-snippet":"max-snippet:-1","max-image-preview":"max-image-preview:large","max-video-preview":"max-video-preview:-1"},"canonical":"https:\/\/elbrogit.com\/ca\/product\/excursio-montsant-priorat-vista-ocell\/","og_locale":"ca_ES","og_type":"article","og_title":"Priorat a vista d'ocell - Senderisme i Enoturisme a Catalunya","og_description":"[accordion] [accordion_toggle title=&#8221;L&#8217;excursi\u00f3&#8221;] El vessant sud de la Serra de Montsant \u00e9s tallat per impressionants cingleres que semblen talment infranquejables. Nom\u00e9s per on el cingle ha baixat la gu\u00e0rdia podem assolir el seu tresor m\u00e9s preuat, vistes espl\u00e8ndides a 1.000 m d&#8217;al\u00e7ada i raconades buc\u00f2liques all\u00e0 on el terreny m\u00e9s aspre sembla que ho hagi [&hellip;]","og_url":"https:\/\/elbrogit.com\/ca\/product\/excursio-montsant-priorat-vista-ocell\/","og_site_name":"Senderisme i Enoturisme a Catalunya","article_publisher":"http:\/\/www.facebook.com\/brogit.guiatges","article_modified_time":"2024-11-29T19:36:45+00:00","og_image":[{"width":600,"height":800,"url":"https:\/\/elbrogit.com\/wp-content\/uploads\/Montsant_Ocell_01.jpg","type":"image\/jpeg"}],"twitter_card":"summary_large_image","twitter_site":"@elbrogit","twitter_misc":{"Temps estimat de lectura":"1 minut"},"schema":{"@context":"https:\/\/schema.org","@graph":[{"@type":"WebPage","@id":"https:\/\/elbrogit.com\/ca\/product\/excursio-montsant-priorat-vista-ocell\/","url":"https:\/\/elbrogit.com\/ca\/product\/excursio-montsant-priorat-vista-ocell\/","name":"Priorat a vista d'ocell - Senderisme i Enoturisme a Catalunya","isPartOf":{"@id":"https:\/\/elbrogit.com\/ca\/#website"},"primaryImageOfPage":{"@id":"https:\/\/elbrogit.com\/ca\/product\/excursio-montsant-priorat-vista-ocell\/#primaryimage"},"image":{"@id":"https:\/\/elbrogit.com\/ca\/product\/excursio-montsant-priorat-vista-ocell\/#primaryimage"},"thumbnailUrl":"https:\/\/elbrogit.com\/wp-content\/uploads\/Montsant_Ocell_01.jpg","datePublished":"2020-08-10T13:34:41+00:00","dateModified":"2024-11-29T19:36:45+00:00","breadcrumb":{"@id":"https:\/\/elbrogit.com\/ca\/product\/excursio-montsant-priorat-vista-ocell\/#breadcrumb"},"inLanguage":"ca","potentialAction":[{"@type":"ReadAction","target":["https:\/\/elbrogit.com\/ca\/product\/excursio-montsant-priorat-vista-ocell\/"]}]},{"@type":"ImageObject","inLanguage":"ca","@id":"https:\/\/elbrogit.com\/ca\/product\/excursio-montsant-priorat-vista-ocell\/#primaryimage","url":"https:\/\/elbrogit.com\/wp-content\/uploads\/Montsant_Ocell_01.jpg","contentUrl":"https:\/\/elbrogit.com\/wp-content\/uploads\/Montsant_Ocell_01.jpg","width":600,"height":800},{"@type":"BreadcrumbList","@id":"https:\/\/elbrogit.com\/ca\/product\/excursio-montsant-priorat-vista-ocell\/#breadcrumb","itemListElement":[{"@type":"ListItem","position":1,"name":"Home","item":"https:\/\/elbrogit.com\/ca\/"},{"@type":"ListItem","position":2,"name":"Shop","item":"https:\/\/elbrogit.com\/ca\/shop\/"},{"@type":"ListItem","position":3,"name":"Priorat a vista d&#8217;ocell"}]},{"@type":"WebSite","@id":"https:\/\/elbrogit.com\/ca\/#website","url":"https:\/\/elbrogit.com\/ca\/","name":"Senderisme i Enoturisme a Catalunya","description":"Ecotourism, walking, wine tourism and cultural holidays in Catalonia","publisher":{"@id":"https:\/\/elbrogit.com\/ca\/#organization"},"potentialAction":[{"@type":"SearchAction","target":{"@type":"EntryPoint","urlTemplate":"https:\/\/elbrogit.com\/ca\/?s={search_term_string}"},"query-input":{"@type":"PropertyValueSpecification","valueRequired":true,"valueName":"search_term_string"}}],"inLanguage":"ca"},{"@type":"Organization","@id":"https:\/\/elbrogit.com\/ca\/#organization","name":"Senderisme i Enoturisme a Catalunya","url":"https:\/\/elbrogit.com\/ca\/","logo":{"@type":"ImageObject","inLanguage":"ca","@id":"https:\/\/elbrogit.com\/ca\/#\/schema\/logo\/image\/","url":"https:\/\/elbrogit.com\/wp-content\/uploads\/cropped-LogoBrogitWeb.jpg","contentUrl":"https:\/\/elbrogit.com\/wp-content\/uploads\/cropped-LogoBrogitWeb.jpg","width":161,"height":108,"caption":"Senderisme i Enoturisme a Catalunya"},"image":{"@id":"https:\/\/elbrogit.com\/ca\/#\/schema\/logo\/image\/"},"sameAs":["http:\/\/www.facebook.com\/brogit.guiatges","https:\/\/x.com\/elbrogit"]}]}},"jetpack_sharing_enabled":true,"_links":{"self":[{"href":"https:\/\/elbrogit.com\/ca\/wp-json\/wp\/v2\/product\/3356","targetHints":{"allow":["GET"]}}],"collection":[{"href":"https:\/\/elbrogit.com\/ca\/wp-json\/wp\/v2\/product"}],"about":[{"href":"https:\/\/elbrogit.com\/ca\/wp-json\/wp\/v2\/types\/product"}],"version-history":[{"count":5,"href":"https:\/\/elbrogit.com\/ca\/wp-json\/wp\/v2\/product\/3356\/revisions"}],"predecessor-version":[{"id":13535,"href":"https:\/\/elbrogit.com\/ca\/wp-json\/wp\/v2\/product\/3356\/revisions\/13535"}],"wp:featuredmedia":[{"embeddable":true,"href":"https:\/\/elbrogit.com\/ca\/wp-json\/wp\/v2\/media\/1790"}],"wp:attachment":[{"href":"https:\/\/elbrogit.com\/ca\/wp-json\/wp\/v2\/media?parent=3356"}],"wp:term":[{"taxonomy":"product_brand","embeddable":true,"href":"https:\/\/elbrogit.com\/ca\/wp-json\/wp\/v2\/product_brand?post=3356"},{"taxonomy":"product_cat","embeddable":true,"href":"https:\/\/elbrogit.com\/ca\/wp-json\/wp\/v2\/product_cat?post=3356"},{"taxonomy":"product_tag","embeddable":true,"href":"https:\/\/elbrogit.com\/ca\/wp-json\/wp\/v2\/product_tag?post=3356"}],"curies":[{"name":"wp","href":"https:\/\/api.w.org\/{rel}","templated":true}]}}