{"id":3903,"date":"2020-08-10T15:14:05","date_gmt":"2020-08-10T13:40:13","guid":{"rendered":"https:\/\/elbrogit.com\/product\/import-placeholder-for-5492\/"},"modified":"2024-11-29T22:02:37","modified_gmt":"2024-11-29T21:02:37","slug":"vacances-culinaries-maridades-amb-vi-del-priorat","status":"publish","type":"product","link":"https:\/\/elbrogit.com\/ca\/product\/vacances-culinaries-maridades-amb-vi-del-priorat\/","title":{"rendered":"Vacances culin\u00e0ries maridades amb vi del Priorat"},"content":{"rendered":"","protected":false},"excerpt":{"rendered":"<p>Vacances per explorar la tradici\u00f3 gastron\u00f2mica i les receptes t\u00edpiques de la nostra terra, juntament amb el nostre guia local i la cuinera Mariona Quadrada. A trav\u00e9s de sortides culturals al Priorat, Reus i Riudecanyes us endinsareu en un ric univers on la hist\u00f2ria, el paisatge, la cultura i la gastronomia es fonen.<\/p>\n<div style=\"padding: 56.25% 0 0 0; position: relative;\"><iframe style=\"position: absolute; top: 0; left: 0; width: 100%; height: 100%;\" src=\"https:\/\/player.vimeo.com\/video\/223041361?byline=0&amp;portrait=0\" frameborder=\"0\" allowfullscreen=\"allowfullscreen\"><\/iframe><\/div>\n<p><script src=\"https:\/\/player.vimeo.com\/api\/player.js\"><\/script><\/p>\n","protected":false},"featured_media":2207,"template":"","meta":{"_acf_changed":false},"product_brand":[],"product_cat":[142,147,145,176,140,151,143,152,169,146,149,170,148,160],"product_tag":[172,181,175,369],"class_list":{"0":"post-3903","1":"product","2":"type-product","3":"status-publish","4":"has-post-thumbnail","6":"product_cat-viatge","7":"product_cat-catalunya","8":"product_cat-experiences","9":"product_cat-una-setmana","10":"product_cat-escapades-vacances-ecoturisme","11":"product_cat-dificultat-activitats","12":"product_cat-senderisme-amb-guia","13":"product_cat-activitat-dificultat-baixa","14":"product_cat-en-cotxe","15":"product_cat-enoturisme-vi-tast","16":"product_cat-enoturisme-priorat","17":"product_cat-tast-oli-oliva","18":"product_cat-sud-catalunya","19":"product_cat-viatges-culturals","20":"product_tag-enoturisme-ruta-cellers","21":"product_tag-enoturisme-ruta-cellers-priorat","22":"product_tag-oli-oliva-tast","23":"product_tag-xfhc","25":"first","26":"instock","27":"shipping-taxable","28":"purchasable","29":"product-type-simple"},"acf":[],"yoast_head":"<!-- This site is optimized with the Yoast SEO plugin v25.1 - https:\/\/yoast.com\/wordpress\/plugins\/seo\/ -->\n<title>Vacances culin\u00e0ries maridades amb vi del Priorat - Senderisme i Enoturisme a Catalunya<\/title>\n<meta name=\"robots\" content=\"index, follow, max-snippet:-1, max-image-preview:large, max-video-preview:-1\" \/>\n<link rel=\"canonical\" href=\"https:\/\/elbrogit.com\/ca\/product\/vacances-culinaries-maridades-amb-vi-del-priorat\/\" \/>\n<meta property=\"og:locale\" content=\"ca_ES\" \/>\n<meta property=\"og:type\" content=\"article\" \/>\n<meta property=\"og:title\" content=\"Vacances culin\u00e0ries maridades amb vi del Priorat - Senderisme i Enoturisme a Catalunya\" \/>\n<meta property=\"og:description\" content=\"Vacances per explorar la tradici\u00f3 gastron\u00f2mica i les receptes t\u00edpiques de la nostra terra, juntament amb el nostre guia local i la cuinera Mariona Quadrada. A trav\u00e9s de sortides culturals al Priorat, Reus i Riudecanyes us endinsareu en un ric univers on la hist\u00f2ria, el paisatge, la cultura i la gastronomia es fonen.\" \/>\n<meta property=\"og:url\" content=\"https:\/\/elbrogit.com\/ca\/product\/vacances-culinaries-maridades-amb-vi-del-priorat\/\" \/>\n<meta property=\"og:site_name\" content=\"Senderisme i Enoturisme a Catalunya\" \/>\n<meta property=\"article:publisher\" content=\"http:\/\/www.facebook.com\/brogit.guiatges\" \/>\n<meta property=\"article:modified_time\" content=\"2024-11-29T21:02:37+00:00\" \/>\n<meta property=\"og:image\" content=\"https:\/\/elbrogit.com\/wp-content\/uploads\/Tapas_CookingClass.jpg\" \/>\n\t<meta property=\"og:image:width\" content=\"540\" \/>\n\t<meta property=\"og:image:height\" content=\"455\" \/>\n\t<meta property=\"og:image:type\" content=\"image\/jpeg\" \/>\n<meta name=\"twitter:card\" content=\"summary_large_image\" \/>\n<meta name=\"twitter:site\" content=\"@elbrogit\" \/>\n<meta name=\"twitter:label1\" content=\"Temps estimat de lectura\" \/>\n\t<meta name=\"twitter:data1\" content=\"1 minut\" \/>\n<script type=\"application\/ld+json\" class=\"yoast-schema-graph\">{\"@context\":\"https:\/\/schema.org\",\"@graph\":[{\"@type\":\"WebPage\",\"@id\":\"https:\/\/elbrogit.com\/ca\/product\/vacances-culinaries-maridades-amb-vi-del-priorat\/\",\"url\":\"https:\/\/elbrogit.com\/ca\/product\/vacances-culinaries-maridades-amb-vi-del-priorat\/\",\"name\":\"Vacances culin\u00e0ries maridades amb vi del Priorat - Senderisme i Enoturisme a Catalunya\",\"isPartOf\":{\"@id\":\"https:\/\/elbrogit.com\/ca\/#website\"},\"primaryImageOfPage\":{\"@id\":\"https:\/\/elbrogit.com\/ca\/product\/vacances-culinaries-maridades-amb-vi-del-priorat\/#primaryimage\"},\"image\":{\"@id\":\"https:\/\/elbrogit.com\/ca\/product\/vacances-culinaries-maridades-amb-vi-del-priorat\/#primaryimage\"},\"thumbnailUrl\":\"https:\/\/elbrogit.com\/wp-content\/uploads\/Tapas_CookingClass.jpg\",\"datePublished\":\"2020-08-10T13:40:13+00:00\",\"dateModified\":\"2024-11-29T21:02:37+00:00\",\"breadcrumb\":{\"@id\":\"https:\/\/elbrogit.com\/ca\/product\/vacances-culinaries-maridades-amb-vi-del-priorat\/#breadcrumb\"},\"inLanguage\":\"ca\",\"potentialAction\":[{\"@type\":\"ReadAction\",\"target\":[\"https:\/\/elbrogit.com\/ca\/product\/vacances-culinaries-maridades-amb-vi-del-priorat\/\"]}]},{\"@type\":\"ImageObject\",\"inLanguage\":\"ca\",\"@id\":\"https:\/\/elbrogit.com\/ca\/product\/vacances-culinaries-maridades-amb-vi-del-priorat\/#primaryimage\",\"url\":\"https:\/\/elbrogit.com\/wp-content\/uploads\/Tapas_CookingClass.jpg\",\"contentUrl\":\"https:\/\/elbrogit.com\/wp-content\/uploads\/Tapas_CookingClass.jpg\",\"width\":540,\"height\":455},{\"@type\":\"BreadcrumbList\",\"@id\":\"https:\/\/elbrogit.com\/ca\/product\/vacances-culinaries-maridades-amb-vi-del-priorat\/#breadcrumb\",\"itemListElement\":[{\"@type\":\"ListItem\",\"position\":1,\"name\":\"Home\",\"item\":\"https:\/\/elbrogit.com\/ca\/\"},{\"@type\":\"ListItem\",\"position\":2,\"name\":\"Shop\",\"item\":\"https:\/\/elbrogit.com\/ca\/shop\/\"},{\"@type\":\"ListItem\",\"position\":3,\"name\":\"Vacances culin\u00e0ries maridades amb vi del Priorat\"}]},{\"@type\":\"WebSite\",\"@id\":\"https:\/\/elbrogit.com\/ca\/#website\",\"url\":\"https:\/\/elbrogit.com\/ca\/\",\"name\":\"Senderisme i Enoturisme a Catalunya\",\"description\":\"Ecotourism, walking, wine tourism and cultural holidays in Catalonia\",\"publisher\":{\"@id\":\"https:\/\/elbrogit.com\/ca\/#organization\"},\"potentialAction\":[{\"@type\":\"SearchAction\",\"target\":{\"@type\":\"EntryPoint\",\"urlTemplate\":\"https:\/\/elbrogit.com\/ca\/?s={search_term_string}\"},\"query-input\":{\"@type\":\"PropertyValueSpecification\",\"valueRequired\":true,\"valueName\":\"search_term_string\"}}],\"inLanguage\":\"ca\"},{\"@type\":\"Organization\",\"@id\":\"https:\/\/elbrogit.com\/ca\/#organization\",\"name\":\"Senderisme i Enoturisme a Catalunya\",\"url\":\"https:\/\/elbrogit.com\/ca\/\",\"logo\":{\"@type\":\"ImageObject\",\"inLanguage\":\"ca\",\"@id\":\"https:\/\/elbrogit.com\/ca\/#\/schema\/logo\/image\/\",\"url\":\"https:\/\/elbrogit.com\/wp-content\/uploads\/cropped-LogoBrogitWeb.jpg\",\"contentUrl\":\"https:\/\/elbrogit.com\/wp-content\/uploads\/cropped-LogoBrogitWeb.jpg\",\"width\":161,\"height\":108,\"caption\":\"Senderisme i Enoturisme a Catalunya\"},\"image\":{\"@id\":\"https:\/\/elbrogit.com\/ca\/#\/schema\/logo\/image\/\"},\"sameAs\":[\"http:\/\/www.facebook.com\/brogit.guiatges\",\"https:\/\/x.com\/elbrogit\"]}]}<\/script>\n<!-- \/ Yoast SEO plugin. -->","yoast_head_json":{"title":"Vacances culin\u00e0ries maridades amb vi del Priorat - Senderisme i Enoturisme a Catalunya","robots":{"index":"index","follow":"follow","max-snippet":"max-snippet:-1","max-image-preview":"max-image-preview:large","max-video-preview":"max-video-preview:-1"},"canonical":"https:\/\/elbrogit.com\/ca\/product\/vacances-culinaries-maridades-amb-vi-del-priorat\/","og_locale":"ca_ES","og_type":"article","og_title":"Vacances culin\u00e0ries maridades amb vi del Priorat - Senderisme i Enoturisme a Catalunya","og_description":"Vacances per explorar la tradici\u00f3 gastron\u00f2mica i les receptes t\u00edpiques de la nostra terra, juntament amb el nostre guia local i la cuinera Mariona Quadrada. A trav\u00e9s de sortides culturals al Priorat, Reus i Riudecanyes us endinsareu en un ric univers on la hist\u00f2ria, el paisatge, la cultura i la gastronomia es fonen.","og_url":"https:\/\/elbrogit.com\/ca\/product\/vacances-culinaries-maridades-amb-vi-del-priorat\/","og_site_name":"Senderisme i Enoturisme a Catalunya","article_publisher":"http:\/\/www.facebook.com\/brogit.guiatges","article_modified_time":"2024-11-29T21:02:37+00:00","og_image":[{"width":540,"height":455,"url":"https:\/\/elbrogit.com\/wp-content\/uploads\/Tapas_CookingClass.jpg","type":"image\/jpeg"}],"twitter_card":"summary_large_image","twitter_site":"@elbrogit","twitter_misc":{"Temps estimat de lectura":"1 minut"},"schema":{"@context":"https:\/\/schema.org","@graph":[{"@type":"WebPage","@id":"https:\/\/elbrogit.com\/ca\/product\/vacances-culinaries-maridades-amb-vi-del-priorat\/","url":"https:\/\/elbrogit.com\/ca\/product\/vacances-culinaries-maridades-amb-vi-del-priorat\/","name":"Vacances culin\u00e0ries maridades amb vi del Priorat - Senderisme i Enoturisme a Catalunya","isPartOf":{"@id":"https:\/\/elbrogit.com\/ca\/#website"},"primaryImageOfPage":{"@id":"https:\/\/elbrogit.com\/ca\/product\/vacances-culinaries-maridades-amb-vi-del-priorat\/#primaryimage"},"image":{"@id":"https:\/\/elbrogit.com\/ca\/product\/vacances-culinaries-maridades-amb-vi-del-priorat\/#primaryimage"},"thumbnailUrl":"https:\/\/elbrogit.com\/wp-content\/uploads\/Tapas_CookingClass.jpg","datePublished":"2020-08-10T13:40:13+00:00","dateModified":"2024-11-29T21:02:37+00:00","breadcrumb":{"@id":"https:\/\/elbrogit.com\/ca\/product\/vacances-culinaries-maridades-amb-vi-del-priorat\/#breadcrumb"},"inLanguage":"ca","potentialAction":[{"@type":"ReadAction","target":["https:\/\/elbrogit.com\/ca\/product\/vacances-culinaries-maridades-amb-vi-del-priorat\/"]}]},{"@type":"ImageObject","inLanguage":"ca","@id":"https:\/\/elbrogit.com\/ca\/product\/vacances-culinaries-maridades-amb-vi-del-priorat\/#primaryimage","url":"https:\/\/elbrogit.com\/wp-content\/uploads\/Tapas_CookingClass.jpg","contentUrl":"https:\/\/elbrogit.com\/wp-content\/uploads\/Tapas_CookingClass.jpg","width":540,"height":455},{"@type":"BreadcrumbList","@id":"https:\/\/elbrogit.com\/ca\/product\/vacances-culinaries-maridades-amb-vi-del-priorat\/#breadcrumb","itemListElement":[{"@type":"ListItem","position":1,"name":"Home","item":"https:\/\/elbrogit.com\/ca\/"},{"@type":"ListItem","position":2,"name":"Shop","item":"https:\/\/elbrogit.com\/ca\/shop\/"},{"@type":"ListItem","position":3,"name":"Vacances culin\u00e0ries maridades amb vi del Priorat"}]},{"@type":"WebSite","@id":"https:\/\/elbrogit.com\/ca\/#website","url":"https:\/\/elbrogit.com\/ca\/","name":"Senderisme i Enoturisme a Catalunya","description":"Ecotourism, walking, wine tourism and cultural holidays in Catalonia","publisher":{"@id":"https:\/\/elbrogit.com\/ca\/#organization"},"potentialAction":[{"@type":"SearchAction","target":{"@type":"EntryPoint","urlTemplate":"https:\/\/elbrogit.com\/ca\/?s={search_term_string}"},"query-input":{"@type":"PropertyValueSpecification","valueRequired":true,"valueName":"search_term_string"}}],"inLanguage":"ca"},{"@type":"Organization","@id":"https:\/\/elbrogit.com\/ca\/#organization","name":"Senderisme i Enoturisme a Catalunya","url":"https:\/\/elbrogit.com\/ca\/","logo":{"@type":"ImageObject","inLanguage":"ca","@id":"https:\/\/elbrogit.com\/ca\/#\/schema\/logo\/image\/","url":"https:\/\/elbrogit.com\/wp-content\/uploads\/cropped-LogoBrogitWeb.jpg","contentUrl":"https:\/\/elbrogit.com\/wp-content\/uploads\/cropped-LogoBrogitWeb.jpg","width":161,"height":108,"caption":"Senderisme i Enoturisme a Catalunya"},"image":{"@id":"https:\/\/elbrogit.com\/ca\/#\/schema\/logo\/image\/"},"sameAs":["http:\/\/www.facebook.com\/brogit.guiatges","https:\/\/x.com\/elbrogit"]}]}},"jetpack_sharing_enabled":true,"_links":{"self":[{"href":"https:\/\/elbrogit.com\/ca\/wp-json\/wp\/v2\/product\/3903","targetHints":{"allow":["GET"]}}],"collection":[{"href":"https:\/\/elbrogit.com\/ca\/wp-json\/wp\/v2\/product"}],"about":[{"href":"https:\/\/elbrogit.com\/ca\/wp-json\/wp\/v2\/types\/product"}],"version-history":[{"count":6,"href":"https:\/\/elbrogit.com\/ca\/wp-json\/wp\/v2\/product\/3903\/revisions"}],"predecessor-version":[{"id":13607,"href":"https:\/\/elbrogit.com\/ca\/wp-json\/wp\/v2\/product\/3903\/revisions\/13607"}],"wp:featuredmedia":[{"embeddable":true,"href":"https:\/\/elbrogit.com\/ca\/wp-json\/wp\/v2\/media\/2207"}],"wp:attachment":[{"href":"https:\/\/elbrogit.com\/ca\/wp-json\/wp\/v2\/media?parent=3903"}],"wp:term":[{"taxonomy":"product_brand","embeddable":true,"href":"https:\/\/elbrogit.com\/ca\/wp-json\/wp\/v2\/product_brand?post=3903"},{"taxonomy":"product_cat","embeddable":true,"href":"https:\/\/elbrogit.com\/ca\/wp-json\/wp\/v2\/product_cat?post=3903"},{"taxonomy":"product_tag","embeddable":true,"href":"https:\/\/elbrogit.com\/ca\/wp-json\/wp\/v2\/product_tag?post=3903"}],"curies":[{"name":"wp","href":"https:\/\/api.w.org\/{rel}","templated":true}]}}