{"id":9031,"date":"2021-03-04T15:49:16","date_gmt":"2021-03-04T14:49:16","guid":{"rendered":"https:\/\/elbrogit.com\/?post_type=product&#038;p=9031"},"modified":"2024-11-29T20:48:34","modified_gmt":"2024-11-29T19:48:34","slug":"tast-olis-ecologics-online","status":"publish","type":"product","link":"https:\/\/elbrogit.com\/ca\/product\/tast-olis-ecologics-online\/","title":{"rendered":"Un tast d&#8217;or l\u00edquid: tast d&#8217;olis eco 3 en 1"},"content":{"rendered":"","protected":false},"excerpt":{"rendered":"<p>No heu tastat mai l&#8217;oli, el nostre or l\u00edquid, o no heu arribat a con\u00e8ixer m\u00e9s d&#8217;una varietat? Doncs us convidem a una experi\u00e8ncia virtual amb diferents varietats d&#8217;oli d&#8217;oliva i el seu cupatge. Aix\u00f2 s\u00ed, primer us farem arribar el pack d&#8217;olis amb copa de tast a casa vostra. Tenim ganes de compartir una estona &#8220;daurada&#8221; amb vosaltres!<\/p>\n","protected":false},"featured_media":9042,"template":"","meta":{"_acf_changed":false},"product_brand":[],"product_cat":[143,152,149,179,170,148,171],"product_tag":[369],"class_list":{"0":"post-9031","1":"product","2":"type-product","3":"status-publish","4":"has-post-thumbnail","6":"product_cat-senderisme-amb-guia","7":"product_cat-activitat-dificultat-baixa","8":"product_cat-enoturisme-priorat","9":"product_cat-activitat-mig-dia","10":"product_cat-tast-oli-oliva","11":"product_cat-sud-catalunya","12":"product_cat-gastronomia-tast","13":"product_tag-xfhc","15":"first","16":"instock","17":"shipping-taxable","18":"purchasable","19":"product-type-variable","20":"has-default-attributes"},"acf":[],"yoast_head":"<!-- This site is optimized with the Yoast SEO plugin v25.1 - https:\/\/yoast.com\/wordpress\/plugins\/seo\/ -->\n<title>Un tast d&#039;or l\u00edquid: tast d&#039;olis eco 3 en 1 - Senderisme i Enoturisme a Catalunya<\/title>\n<meta name=\"description\" content=\"No heu tastat mai l&#039;oli, el nostre or l\u00edquid, o no heu arribat a con\u00e8ixer m\u00e9s d&#039;una varietat? Doncs us convidem a una experi\u00e8ncia virtual amb diferents varietats d&#039;oli d&#039;oliva i el seu cupatge. Aix\u00f2 s\u00ed, primer us farem arribar el pack d&#039;olis amb copa de tast a casa vostra. Tenim ganes de compartir una estona &quot;daurada&quot; amb vosaltres!\" \/>\n<meta name=\"robots\" content=\"index, follow, max-snippet:-1, max-image-preview:large, max-video-preview:-1\" \/>\n<link rel=\"canonical\" href=\"https:\/\/elbrogit.com\/ca\/product\/tast-olis-ecologics-online\/\" \/>\n<meta property=\"og:locale\" content=\"ca_ES\" \/>\n<meta property=\"og:type\" content=\"article\" \/>\n<meta property=\"og:title\" content=\"Un tast d&#039;or l\u00edquid: tast d&#039;olis eco 3 en 1 - Senderisme i Enoturisme a Catalunya\" \/>\n<meta property=\"og:description\" content=\"No heu tastat mai l&#039;oli, el nostre or l\u00edquid, o no heu arribat a con\u00e8ixer m\u00e9s d&#039;una varietat? Doncs us convidem a una experi\u00e8ncia virtual amb diferents varietats d&#039;oli d&#039;oliva i el seu cupatge. Aix\u00f2 s\u00ed, primer us farem arribar el pack d&#039;olis amb copa de tast a casa vostra. Tenim ganes de compartir una estona &quot;daurada&quot; amb vosaltres!\" \/>\n<meta property=\"og:url\" content=\"https:\/\/elbrogit.com\/ca\/product\/tast-olis-ecologics-online\/\" \/>\n<meta property=\"og:site_name\" content=\"Senderisme i Enoturisme a Catalunya\" \/>\n<meta property=\"article:publisher\" content=\"http:\/\/www.facebook.com\/brogit.guiatges\" \/>\n<meta property=\"article:modified_time\" content=\"2024-11-29T19:48:34+00:00\" \/>\n<meta property=\"og:image\" content=\"https:\/\/elbrogit.com\/wp-content\/uploads\/Oli_experiencia_tast__Cavaloca-scaled.jpg\" \/>\n\t<meta property=\"og:image:width\" content=\"2560\" \/>\n\t<meta property=\"og:image:height\" content=\"2138\" \/>\n\t<meta property=\"og:image:type\" content=\"image\/jpeg\" \/>\n<meta name=\"twitter:card\" content=\"summary_large_image\" \/>\n<meta name=\"twitter:site\" content=\"@elbrogit\" \/>\n<meta name=\"twitter:label1\" content=\"Temps estimat de lectura\" \/>\n\t<meta name=\"twitter:data1\" content=\"1 minut\" \/>\n<script type=\"application\/ld+json\" class=\"yoast-schema-graph\">{\"@context\":\"https:\/\/schema.org\",\"@graph\":[{\"@type\":\"WebPage\",\"@id\":\"https:\/\/elbrogit.com\/ca\/product\/tast-olis-ecologics-online\/\",\"url\":\"https:\/\/elbrogit.com\/ca\/product\/tast-olis-ecologics-online\/\",\"name\":\"Un tast d'or l\u00edquid: tast d'olis eco 3 en 1 - Senderisme i Enoturisme a Catalunya\",\"isPartOf\":{\"@id\":\"https:\/\/elbrogit.com\/ca\/#website\"},\"primaryImageOfPage\":{\"@id\":\"https:\/\/elbrogit.com\/ca\/product\/tast-olis-ecologics-online\/#primaryimage\"},\"image\":{\"@id\":\"https:\/\/elbrogit.com\/ca\/product\/tast-olis-ecologics-online\/#primaryimage\"},\"thumbnailUrl\":\"https:\/\/elbrogit.com\/wp-content\/uploads\/Oli_experiencia_tast__Cavaloca-scaled.jpg\",\"datePublished\":\"2021-03-04T14:49:16+00:00\",\"dateModified\":\"2024-11-29T19:48:34+00:00\",\"description\":\"No heu tastat mai l'oli, el nostre or l\u00edquid, o no heu arribat a con\u00e8ixer m\u00e9s d'una varietat? Doncs us convidem a una experi\u00e8ncia virtual amb diferents varietats d'oli d'oliva i el seu cupatge. Aix\u00f2 s\u00ed, primer us farem arribar el pack d'olis amb copa de tast a casa vostra. Tenim ganes de compartir una estona \\\"daurada\\\" amb vosaltres!\",\"breadcrumb\":{\"@id\":\"https:\/\/elbrogit.com\/ca\/product\/tast-olis-ecologics-online\/#breadcrumb\"},\"inLanguage\":\"ca\",\"potentialAction\":[{\"@type\":\"ReadAction\",\"target\":[\"https:\/\/elbrogit.com\/ca\/product\/tast-olis-ecologics-online\/\"]}]},{\"@type\":\"ImageObject\",\"inLanguage\":\"ca\",\"@id\":\"https:\/\/elbrogit.com\/ca\/product\/tast-olis-ecologics-online\/#primaryimage\",\"url\":\"https:\/\/elbrogit.com\/wp-content\/uploads\/Oli_experiencia_tast__Cavaloca-scaled.jpg\",\"contentUrl\":\"https:\/\/elbrogit.com\/wp-content\/uploads\/Oli_experiencia_tast__Cavaloca-scaled.jpg\",\"width\":2560,\"height\":2138,\"caption\":\"Tast d'olis virtual\"},{\"@type\":\"BreadcrumbList\",\"@id\":\"https:\/\/elbrogit.com\/ca\/product\/tast-olis-ecologics-online\/#breadcrumb\",\"itemListElement\":[{\"@type\":\"ListItem\",\"position\":1,\"name\":\"Home\",\"item\":\"https:\/\/elbrogit.com\/ca\/\"},{\"@type\":\"ListItem\",\"position\":2,\"name\":\"Shop\",\"item\":\"https:\/\/elbrogit.com\/ca\/shop\/\"},{\"@type\":\"ListItem\",\"position\":3,\"name\":\"Un tast d&#8217;or l\u00edquid: tast d&#8217;olis eco 3 en 1\"}]},{\"@type\":\"WebSite\",\"@id\":\"https:\/\/elbrogit.com\/ca\/#website\",\"url\":\"https:\/\/elbrogit.com\/ca\/\",\"name\":\"Senderisme i Enoturisme a Catalunya\",\"description\":\"Ecotourism, walking, wine tourism and cultural holidays in Catalonia\",\"publisher\":{\"@id\":\"https:\/\/elbrogit.com\/ca\/#organization\"},\"potentialAction\":[{\"@type\":\"SearchAction\",\"target\":{\"@type\":\"EntryPoint\",\"urlTemplate\":\"https:\/\/elbrogit.com\/ca\/?s={search_term_string}\"},\"query-input\":{\"@type\":\"PropertyValueSpecification\",\"valueRequired\":true,\"valueName\":\"search_term_string\"}}],\"inLanguage\":\"ca\"},{\"@type\":\"Organization\",\"@id\":\"https:\/\/elbrogit.com\/ca\/#organization\",\"name\":\"Senderisme i Enoturisme a Catalunya\",\"url\":\"https:\/\/elbrogit.com\/ca\/\",\"logo\":{\"@type\":\"ImageObject\",\"inLanguage\":\"ca\",\"@id\":\"https:\/\/elbrogit.com\/ca\/#\/schema\/logo\/image\/\",\"url\":\"https:\/\/elbrogit.com\/wp-content\/uploads\/cropped-LogoBrogitWeb.jpg\",\"contentUrl\":\"https:\/\/elbrogit.com\/wp-content\/uploads\/cropped-LogoBrogitWeb.jpg\",\"width\":161,\"height\":108,\"caption\":\"Senderisme i Enoturisme a Catalunya\"},\"image\":{\"@id\":\"https:\/\/elbrogit.com\/ca\/#\/schema\/logo\/image\/\"},\"sameAs\":[\"http:\/\/www.facebook.com\/brogit.guiatges\",\"https:\/\/x.com\/elbrogit\"]}]}<\/script>\n<!-- \/ Yoast SEO plugin. -->","yoast_head_json":{"title":"Un tast d'or l\u00edquid: tast d'olis eco 3 en 1 - Senderisme i Enoturisme a Catalunya","description":"No heu tastat mai l'oli, el nostre or l\u00edquid, o no heu arribat a con\u00e8ixer m\u00e9s d'una varietat? Doncs us convidem a una experi\u00e8ncia virtual amb diferents varietats d'oli d'oliva i el seu cupatge. Aix\u00f2 s\u00ed, primer us farem arribar el pack d'olis amb copa de tast a casa vostra. Tenim ganes de compartir una estona \"daurada\" amb vosaltres!","robots":{"index":"index","follow":"follow","max-snippet":"max-snippet:-1","max-image-preview":"max-image-preview:large","max-video-preview":"max-video-preview:-1"},"canonical":"https:\/\/elbrogit.com\/ca\/product\/tast-olis-ecologics-online\/","og_locale":"ca_ES","og_type":"article","og_title":"Un tast d'or l\u00edquid: tast d'olis eco 3 en 1 - Senderisme i Enoturisme a Catalunya","og_description":"No heu tastat mai l'oli, el nostre or l\u00edquid, o no heu arribat a con\u00e8ixer m\u00e9s d'una varietat? Doncs us convidem a una experi\u00e8ncia virtual amb diferents varietats d'oli d'oliva i el seu cupatge. Aix\u00f2 s\u00ed, primer us farem arribar el pack d'olis amb copa de tast a casa vostra. Tenim ganes de compartir una estona \"daurada\" amb vosaltres!","og_url":"https:\/\/elbrogit.com\/ca\/product\/tast-olis-ecologics-online\/","og_site_name":"Senderisme i Enoturisme a Catalunya","article_publisher":"http:\/\/www.facebook.com\/brogit.guiatges","article_modified_time":"2024-11-29T19:48:34+00:00","og_image":[{"width":2560,"height":2138,"url":"https:\/\/elbrogit.com\/wp-content\/uploads\/Oli_experiencia_tast__Cavaloca-scaled.jpg","type":"image\/jpeg"}],"twitter_card":"summary_large_image","twitter_site":"@elbrogit","twitter_misc":{"Temps estimat de lectura":"1 minut"},"schema":{"@context":"https:\/\/schema.org","@graph":[{"@type":"WebPage","@id":"https:\/\/elbrogit.com\/ca\/product\/tast-olis-ecologics-online\/","url":"https:\/\/elbrogit.com\/ca\/product\/tast-olis-ecologics-online\/","name":"Un tast d'or l\u00edquid: tast d'olis eco 3 en 1 - Senderisme i Enoturisme a Catalunya","isPartOf":{"@id":"https:\/\/elbrogit.com\/ca\/#website"},"primaryImageOfPage":{"@id":"https:\/\/elbrogit.com\/ca\/product\/tast-olis-ecologics-online\/#primaryimage"},"image":{"@id":"https:\/\/elbrogit.com\/ca\/product\/tast-olis-ecologics-online\/#primaryimage"},"thumbnailUrl":"https:\/\/elbrogit.com\/wp-content\/uploads\/Oli_experiencia_tast__Cavaloca-scaled.jpg","datePublished":"2021-03-04T14:49:16+00:00","dateModified":"2024-11-29T19:48:34+00:00","description":"No heu tastat mai l'oli, el nostre or l\u00edquid, o no heu arribat a con\u00e8ixer m\u00e9s d'una varietat? Doncs us convidem a una experi\u00e8ncia virtual amb diferents varietats d'oli d'oliva i el seu cupatge. Aix\u00f2 s\u00ed, primer us farem arribar el pack d'olis amb copa de tast a casa vostra. Tenim ganes de compartir una estona \"daurada\" amb vosaltres!","breadcrumb":{"@id":"https:\/\/elbrogit.com\/ca\/product\/tast-olis-ecologics-online\/#breadcrumb"},"inLanguage":"ca","potentialAction":[{"@type":"ReadAction","target":["https:\/\/elbrogit.com\/ca\/product\/tast-olis-ecologics-online\/"]}]},{"@type":"ImageObject","inLanguage":"ca","@id":"https:\/\/elbrogit.com\/ca\/product\/tast-olis-ecologics-online\/#primaryimage","url":"https:\/\/elbrogit.com\/wp-content\/uploads\/Oli_experiencia_tast__Cavaloca-scaled.jpg","contentUrl":"https:\/\/elbrogit.com\/wp-content\/uploads\/Oli_experiencia_tast__Cavaloca-scaled.jpg","width":2560,"height":2138,"caption":"Tast d'olis virtual"},{"@type":"BreadcrumbList","@id":"https:\/\/elbrogit.com\/ca\/product\/tast-olis-ecologics-online\/#breadcrumb","itemListElement":[{"@type":"ListItem","position":1,"name":"Home","item":"https:\/\/elbrogit.com\/ca\/"},{"@type":"ListItem","position":2,"name":"Shop","item":"https:\/\/elbrogit.com\/ca\/shop\/"},{"@type":"ListItem","position":3,"name":"Un tast d&#8217;or l\u00edquid: tast d&#8217;olis eco 3 en 1"}]},{"@type":"WebSite","@id":"https:\/\/elbrogit.com\/ca\/#website","url":"https:\/\/elbrogit.com\/ca\/","name":"Senderisme i Enoturisme a Catalunya","description":"Ecotourism, walking, wine tourism and cultural holidays in Catalonia","publisher":{"@id":"https:\/\/elbrogit.com\/ca\/#organization"},"potentialAction":[{"@type":"SearchAction","target":{"@type":"EntryPoint","urlTemplate":"https:\/\/elbrogit.com\/ca\/?s={search_term_string}"},"query-input":{"@type":"PropertyValueSpecification","valueRequired":true,"valueName":"search_term_string"}}],"inLanguage":"ca"},{"@type":"Organization","@id":"https:\/\/elbrogit.com\/ca\/#organization","name":"Senderisme i Enoturisme a Catalunya","url":"https:\/\/elbrogit.com\/ca\/","logo":{"@type":"ImageObject","inLanguage":"ca","@id":"https:\/\/elbrogit.com\/ca\/#\/schema\/logo\/image\/","url":"https:\/\/elbrogit.com\/wp-content\/uploads\/cropped-LogoBrogitWeb.jpg","contentUrl":"https:\/\/elbrogit.com\/wp-content\/uploads\/cropped-LogoBrogitWeb.jpg","width":161,"height":108,"caption":"Senderisme i Enoturisme a Catalunya"},"image":{"@id":"https:\/\/elbrogit.com\/ca\/#\/schema\/logo\/image\/"},"sameAs":["http:\/\/www.facebook.com\/brogit.guiatges","https:\/\/x.com\/elbrogit"]}]}},"jetpack_sharing_enabled":true,"_links":{"self":[{"href":"https:\/\/elbrogit.com\/ca\/wp-json\/wp\/v2\/product\/9031","targetHints":{"allow":["GET"]}}],"collection":[{"href":"https:\/\/elbrogit.com\/ca\/wp-json\/wp\/v2\/product"}],"about":[{"href":"https:\/\/elbrogit.com\/ca\/wp-json\/wp\/v2\/types\/product"}],"version-history":[{"count":2,"href":"https:\/\/elbrogit.com\/ca\/wp-json\/wp\/v2\/product\/9031\/revisions"}],"predecessor-version":[{"id":9063,"href":"https:\/\/elbrogit.com\/ca\/wp-json\/wp\/v2\/product\/9031\/revisions\/9063"}],"wp:featuredmedia":[{"embeddable":true,"href":"https:\/\/elbrogit.com\/ca\/wp-json\/wp\/v2\/media\/9042"}],"wp:attachment":[{"href":"https:\/\/elbrogit.com\/ca\/wp-json\/wp\/v2\/media?parent=9031"}],"wp:term":[{"taxonomy":"product_brand","embeddable":true,"href":"https:\/\/elbrogit.com\/ca\/wp-json\/wp\/v2\/product_brand?post=9031"},{"taxonomy":"product_cat","embeddable":true,"href":"https:\/\/elbrogit.com\/ca\/wp-json\/wp\/v2\/product_cat?post=9031"},{"taxonomy":"product_tag","embeddable":true,"href":"https:\/\/elbrogit.com\/ca\/wp-json\/wp\/v2\/product_tag?post=9031"}],"curies":[{"name":"wp","href":"https:\/\/api.w.org\/{rel}","templated":true}]}}