{"id":7268,"date":"2020-09-11T19:44:17","date_gmt":"2020-09-11T17:44:17","guid":{"rendered":"https:\/\/elbrogit.com\/el-brogit-team\/"},"modified":"2020-09-11T19:44:18","modified_gmt":"2020-09-11T17:44:18","slug":"el-brogit-team","status":"publish","type":"page","link":"https:\/\/elbrogit.com\/de\/el-brogit-team\/","title":{"rendered":"El Brogit Team"},"content":{"rendered":"\t\t<div data-elementor-type=\"wp-page\" data-elementor-id=\"7268\" class=\"elementor elementor-7268 elementor-207\" data-elementor-post-type=\"page\">\n\t\t\t\t\t\t<section data-particle_enable=\"false\" data-particle-mobile-disabled=\"false\" class=\"elementor-section elementor-top-section elementor-element elementor-element-251c17ae elementor-section-boxed elementor-section-height-default elementor-section-height-default\" data-id=\"251c17ae\" data-element_type=\"section\">\n\t\t\t\t\t\t<div class=\"elementor-container elementor-column-gap-default\">\n\t\t\t\t\t<div class=\"elementor-column elementor-col-33 elementor-top-column elementor-element elementor-element-f754c6a\" data-id=\"f754c6a\" data-element_type=\"column\">\n\t\t\t<div class=\"elementor-widget-wrap elementor-element-populated\">\n\t\t\t\t\t\t<div class=\"elementor-element elementor-element-476b237e elementor-widget elementor-widget-text-editor\" data-id=\"476b237e\" data-element_type=\"widget\" data-widget_type=\"text-editor.default\">\n\t\t\t\t<div class=\"elementor-widget-container\">\n\t\t\t\t\t\t\t\t\t<p><a style=\"background-color: #ffffff; font-size: 1rem;\" href=\"http:\/\/www.elbrogit.com\/wp-content\/uploads\/DSCF7250_Meritxell_Brogit.jpg\" rel=\"attachment wp-att-5431\"><img fetchpriority=\"high\" decoding=\"async\" class=\"wp-image-5431 size-medium\" src=\"http:\/\/www.elbrogit.com\/wp-content\/uploads\/DSCF7250_Meritxell_Brogit-300x292.jpg\" alt=\"Meritxell, directoria i guia de El Brogit\" width=\"300\" height=\"292\" \/><\/a><br \/>\nMeritxell Omella<\/p>\n\t\t\t\t\t\t\t\t<\/div>\n\t\t\t\t<\/div>\n\t\t\t\t\t<\/div>\n\t\t<\/div>\n\t\t\t\t<div class=\"elementor-column elementor-col-66 elementor-top-column elementor-element elementor-element-632c5ba\" data-id=\"632c5ba\" data-element_type=\"column\">\n\t\t\t<div class=\"elementor-widget-wrap elementor-element-populated\">\n\t\t\t\t\t\t<div class=\"elementor-element elementor-element-c0c6ed2 elementor-widget elementor-widget-text-editor\" data-id=\"c0c6ed2\" data-element_type=\"widget\" data-widget_type=\"text-editor.default\">\n\t\t\t\t<div class=\"elementor-widget-container\">\n\t\t\t\t\t\t\t\t\t<p>Ich bin <strong><span style=\"color: #808000;\">Meritxell <\/span><\/strong>und als Biologin und neugierige Wanderin die Seele von el Brogit! &#8222;Ich liebe die Natur und die historischen Wege, welche damals D\u00f6rfer, Kapellen, Wasserquellen, Landh\u00e4user miteinander verb\u00fcndeten. Ich bin eine qualifizierte und experimentierte Wanderf\u00fchrerin. Mein Spezialgebiet liegt in den Bergen s\u00fcdlich von Katalonien. <strong><span style=\"color: #808000;\">2013 er\u00f6ffnete ich meine Reise Agentur und erweiterte mich auf die ganze Region Kataloniens.<\/span> <\/strong> Seitdem kooperiere ich mit lokalen Unternehmen und Reisef\u00fchrern, Unterk\u00fcnften und Restaurants, Wein Kammern, lokalen Produzenten und \u00dcbermittler der Region.&#8220;<\/p>\n<p>Kartografie und Sprachen geh\u00f6ren zu meinen Interessen. Ich habe die Grundz\u00fcge verschiedener Sprachen wie arabisch und russisch studiert. Allerdings <strong>spreche ich \u00fcberwiegend Englisch und Deutsch,<\/strong> nun auch ein wenig franz\u00f6sisch. Wandern erm\u00f6glicht mir im direkten Kontakt mit der Natur zu treten, Sie zu beobachten und mein Wissen \u00fcber die Fauna, Flora und das \u00d6kosystem zu vertiefen. Eine weitere Leidenschaft meinerseits ist das Erleben, das Recherchieren, die Restaurierung unseres unglaublichen Erbens an alten Reitwegen.<\/p>\n\t\t\t\t\t\t\t\t<\/div>\n\t\t\t\t<\/div>\n\t\t\t\t\t<\/div>\n\t\t<\/div>\n\t\t\t\t\t<\/div>\n\t\t<\/section>\n\t\t\t\t<section data-particle_enable=\"false\" data-particle-mobile-disabled=\"false\" class=\"elementor-section elementor-top-section elementor-element elementor-element-6eac8c2 elementor-section-boxed elementor-section-height-default elementor-section-height-default\" data-id=\"6eac8c2\" data-element_type=\"section\">\n\t\t\t\t\t\t<div class=\"elementor-container elementor-column-gap-default\">\n\t\t\t\t\t<div class=\"elementor-column elementor-col-33 elementor-top-column elementor-element elementor-element-881ad2b\" data-id=\"881ad2b\" data-element_type=\"column\">\n\t\t\t<div class=\"elementor-widget-wrap elementor-element-populated\">\n\t\t\t\t\t\t<div class=\"elementor-element elementor-element-6266e50 elementor-widget elementor-widget-text-editor\" data-id=\"6266e50\" data-element_type=\"widget\" data-widget_type=\"text-editor.default\">\n\t\t\t\t<div class=\"elementor-widget-container\">\n\t\t\t\t\t\t\t\t\t<p><a href=\"http:\/\/www.elbrogit.com\/wp-content\/uploads\/P5310037_Palet_resize.jpg\" rel=\"attachment wp-att-5434\"><img decoding=\"async\" class=\"wp-image-5434 size-medium\" src=\"http:\/\/www.elbrogit.com\/wp-content\/uploads\/P5310037_Palet_resize-300x224.jpg\" alt=\"Josep Palet, naturalista al Priorat\" width=\"300\" height=\"224\" \/><\/a><br \/>\nJosep Palet<\/p>\n\t\t\t\t\t\t\t\t<\/div>\n\t\t\t\t<\/div>\n\t\t\t\t\t<\/div>\n\t\t<\/div>\n\t\t\t\t<div class=\"elementor-column elementor-col-66 elementor-top-column elementor-element elementor-element-3823f9a\" data-id=\"3823f9a\" data-element_type=\"column\">\n\t\t\t<div class=\"elementor-widget-wrap elementor-element-populated\">\n\t\t\t\t\t\t<div class=\"elementor-element elementor-element-db5d9d0 elementor-widget elementor-widget-text-editor\" data-id=\"db5d9d0\" data-element_type=\"widget\" data-widget_type=\"text-editor.default\">\n\t\t\t\t<div class=\"elementor-widget-container\">\n\t\t\t\t\t\t\t\t\t<p><strong><span style=\"color: #808000;\">Josep Palet<br \/>\n<\/span><\/strong>Naturforscher und Reisef\u00fchrer in Priorat, Prades und in den noch kaum erschlossenen Bergen des S\u00fcden Kataloniens. Sein umfassendes Wissen zur Flora, Fauna, Weinen.. der Region und seine Begeisterung dieses Wissen zu \u00fcbermitteln sind einzigartig.<\/p>\n\t\t\t\t\t\t\t\t<\/div>\n\t\t\t\t<\/div>\n\t\t\t\t\t<\/div>\n\t\t<\/div>\n\t\t\t\t\t<\/div>\n\t\t<\/section>\n\t\t\t\t<section data-particle_enable=\"false\" data-particle-mobile-disabled=\"false\" class=\"elementor-section elementor-top-section elementor-element elementor-element-f660889 elementor-section-boxed elementor-section-height-default elementor-section-height-default\" data-id=\"f660889\" data-element_type=\"section\">\n\t\t\t\t\t\t<div class=\"elementor-container elementor-column-gap-default\">\n\t\t\t\t\t<div class=\"elementor-column elementor-col-33 elementor-top-column elementor-element elementor-element-64aab37\" data-id=\"64aab37\" data-element_type=\"column\">\n\t\t\t<div class=\"elementor-widget-wrap elementor-element-populated\">\n\t\t\t\t\t\t<div class=\"elementor-element elementor-element-0e6cbb3 elementor-widget elementor-widget-text-editor\" data-id=\"0e6cbb3\" data-element_type=\"widget\" data-widget_type=\"text-editor.default\">\n\t\t\t\t<div class=\"elementor-widget-container\">\n\t\t\t\t\t\t\t\t\t<p><a href=\"http:\/\/www.elbrogit.com\/wp-content\/uploads\/Jordi_Bru_fotografia.jpg\" rel=\"attachment wp-att-5437\"><img decoding=\"async\" class=\"wp-image-5437 size-medium\" src=\"http:\/\/www.elbrogit.com\/wp-content\/uploads\/Jordi_Bru_fotografia-225x300.jpg\" alt=\"Jordi_Bru_fotografia\" width=\"225\" height=\"300\" \/><\/a><br \/>\nJordi Br\u00fa<\/p>\n\t\t\t\t\t\t\t\t<\/div>\n\t\t\t\t<\/div>\n\t\t\t\t\t<\/div>\n\t\t<\/div>\n\t\t\t\t<div class=\"elementor-column elementor-col-66 elementor-top-column elementor-element elementor-element-0670bad\" data-id=\"0670bad\" data-element_type=\"column\">\n\t\t\t<div class=\"elementor-widget-wrap elementor-element-populated\">\n\t\t\t\t\t\t<div class=\"elementor-element elementor-element-8f4d670 elementor-widget elementor-widget-text-editor\" data-id=\"8f4d670\" data-element_type=\"widget\" data-widget_type=\"text-editor.default\">\n\t\t\t\t<div class=\"elementor-widget-container\">\n\t\t\t\t\t\t\t\t\t<p><strong><span style=\"color: #808000;\">El Jordi Br\u00fa.<\/span><\/strong><br \/>\nBiologe, Naturbegeisterter und passionierter Naturfotograf. Mit Ihm kannst du die Geheimnisse deiner Kamera, auch Handykamera, mit Blick in die Natur, erkunden.<\/p>\n\t\t\t\t\t\t\t\t<\/div>\n\t\t\t\t<\/div>\n\t\t\t\t\t<\/div>\n\t\t<\/div>\n\t\t\t\t\t<\/div>\n\t\t<\/section>\n\t\t\t\t<section data-particle_enable=\"false\" data-particle-mobile-disabled=\"false\" class=\"elementor-section elementor-top-section elementor-element elementor-element-0f92f88 elementor-section-boxed elementor-section-height-default elementor-section-height-default\" data-id=\"0f92f88\" data-element_type=\"section\" data-settings=\"{&quot;background_background&quot;:&quot;classic&quot;}\">\n\t\t\t\t\t\t<div class=\"elementor-container elementor-column-gap-default\">\n\t\t\t\t\t<div class=\"elementor-column elementor-col-50 elementor-top-column elementor-element elementor-element-4b9463d\" data-id=\"4b9463d\" data-element_type=\"column\">\n\t\t\t<div class=\"elementor-widget-wrap elementor-element-populated\">\n\t\t\t\t\t\t<div class=\"elementor-element elementor-element-5c9686b elementor-headline--style-highlight elementor-widget elementor-widget-animated-headline\" data-id=\"5c9686b\" data-element_type=\"widget\" data-settings=\"{&quot;marker&quot;:&quot;curly&quot;,&quot;highlighted_text&quot;:&quot;mit unserem El Brogit team...&quot;,&quot;headline_style&quot;:&quot;highlight&quot;,&quot;loop&quot;:&quot;yes&quot;,&quot;highlight_animation_duration&quot;:1200,&quot;highlight_iteration_delay&quot;:8000}\" data-widget_type=\"animated-headline.default\">\n\t\t\t\t<div class=\"elementor-widget-container\">\n\t\t\t\t\t\t\t<h3 class=\"elementor-headline\">\n\t\t\t\t\t<span class=\"elementor-headline-plain-text elementor-headline-text-wrapper\">Kommen und entdecken Sie<\/span>\n\t\t\t\t<span class=\"elementor-headline-dynamic-wrapper elementor-headline-text-wrapper\">\n\t\t\t\t\t<span class=\"elementor-headline-dynamic-text elementor-headline-text-active\">mit unserem El Brogit team...<\/span>\n\t\t\t\t<\/span>\n\t\t\t\t<\/h3>\n\t\t\t\t\t\t<\/div>\n\t\t\t\t<\/div>\n\t\t\t\t\t<\/div>\n\t\t<\/div>\n\t\t\t\t<div class=\"elementor-column elementor-col-50 elementor-top-column elementor-element elementor-element-4f019e1\" data-id=\"4f019e1\" data-element_type=\"column\">\n\t\t\t<div class=\"elementor-widget-wrap elementor-element-populated\">\n\t\t\t\t\t\t<div class=\"elementor-element elementor-element-7e1a5ea elementor-widget elementor-widget-text-editor\" data-id=\"7e1a5ea\" data-element_type=\"widget\" data-widget_type=\"text-editor.default\">\n\t\t\t\t<div class=\"elementor-widget-container\">\n\t\t\t\t\t\t\t\t\t<p><strong>&#8230;die Flora, Fauna, Geschichten und Legenden, die Weine und Gastronomie auf einer unterhaltsame und gesunde Weise.<\/strong> Denn nur durch Wandern, Fahrrad fahren, Aktivit\u00e4ten, in und mit Einklang mit der Natur, l\u00e4sst sich eine Region erkunden.<\/p>\n\t\t\t\t\t\t\t\t<\/div>\n\t\t\t\t<\/div>\n\t\t\t\t\t<\/div>\n\t\t<\/div>\n\t\t\t\t\t<\/div>\n\t\t<\/section>\n\t\t\t\t<\/div>\n\t\t","protected":false},"excerpt":{"rendered":"<p>Meritxell Omella Ich bin Meritxell und als Biologin und neugierige Wanderin die Seele von el Brogit! &#8222;Ich liebe die Natur und die historischen Wege, welche damals D\u00f6rfer, Kapellen, Wasserquellen, Landh\u00e4user miteinander verb\u00fcndeten. Ich bin eine qualifizierte und experimentierte Wanderf\u00fchrerin. Mein Spezialgebiet liegt in den Bergen s\u00fcdlich von Katalonien. 2013 er\u00f6ffnete ich meine Reise Agentur und [&hellip;]<\/p>\n","protected":false},"author":1,"featured_media":0,"parent":0,"menu_order":0,"comment_status":"open","ping_status":"open","template":"elementor_header_footer","meta":{"_acf_changed":false,"footnotes":""},"class_list":["post-7268","page","type-page","status-publish","hentry"],"acf":[],"yoast_head":"<!-- This site is optimized with the Yoast SEO plugin v25.1 - https:\/\/yoast.com\/wordpress\/plugins\/seo\/ -->\n<title>El Brogit Team - Wandern und Wein Tours in Katalonienn<\/title>\n<meta name=\"robots\" content=\"index, follow, max-snippet:-1, max-image-preview:large, max-video-preview:-1\" \/>\n<link rel=\"canonical\" href=\"https:\/\/elbrogit.com\/de\/el-brogit-team\/\" \/>\n<meta property=\"og:locale\" content=\"de_DE\" \/>\n<meta property=\"og:type\" content=\"article\" \/>\n<meta property=\"og:title\" content=\"El Brogit Team - Wandern und Wein Tours in Katalonienn\" \/>\n<meta property=\"og:description\" content=\"Meritxell Omella Ich bin Meritxell und als Biologin und neugierige Wanderin die Seele von el Brogit! &#8222;Ich liebe die Natur und die historischen Wege, welche damals D\u00f6rfer, Kapellen, Wasserquellen, Landh\u00e4user miteinander verb\u00fcndeten. Ich bin eine qualifizierte und experimentierte Wanderf\u00fchrerin. Mein Spezialgebiet liegt in den Bergen s\u00fcdlich von Katalonien. 2013 er\u00f6ffnete ich meine Reise Agentur und [&hellip;]\" \/>\n<meta property=\"og:url\" content=\"https:\/\/elbrogit.com\/de\/el-brogit-team\/\" \/>\n<meta property=\"og:site_name\" content=\"Wandern und Wein Tours in Katalonienn\" \/>\n<meta property=\"article:publisher\" content=\"http:\/\/www.facebook.com\/brogit.guiatges\" \/>\n<meta property=\"article:modified_time\" content=\"2020-09-11T17:44:18+00:00\" \/>\n<meta property=\"og:image\" content=\"http:\/\/www.elbrogit.com\/wp-content\/uploads\/DSCF7250_Meritxell_Brogit-300x292.jpg\" \/>\n<meta name=\"twitter:card\" content=\"summary_large_image\" \/>\n<meta name=\"twitter:site\" content=\"@elbrogit\" \/>\n<meta name=\"twitter:label1\" content=\"Gesch\u00e4tzte Lesezeit\" \/>\n\t<meta name=\"twitter:data1\" content=\"1\u00a0Minute\" \/>\n<script type=\"application\/ld+json\" class=\"yoast-schema-graph\">{\"@context\":\"https:\/\/schema.org\",\"@graph\":[{\"@type\":\"WebPage\",\"@id\":\"https:\/\/elbrogit.com\/de\/el-brogit-team\/\",\"url\":\"https:\/\/elbrogit.com\/de\/el-brogit-team\/\",\"name\":\"El Brogit Team - Wandern und Wein Tours in Katalonienn\",\"isPartOf\":{\"@id\":\"https:\/\/elbrogit.com\/de\/#website\"},\"primaryImageOfPage\":{\"@id\":\"https:\/\/elbrogit.com\/de\/el-brogit-team\/#primaryimage\"},\"image\":{\"@id\":\"https:\/\/elbrogit.com\/de\/el-brogit-team\/#primaryimage\"},\"thumbnailUrl\":\"http:\/\/www.elbrogit.com\/wp-content\/uploads\/DSCF7250_Meritxell_Brogit-300x292.jpg\",\"datePublished\":\"2020-09-11T17:44:17+00:00\",\"dateModified\":\"2020-09-11T17:44:18+00:00\",\"breadcrumb\":{\"@id\":\"https:\/\/elbrogit.com\/de\/el-brogit-team\/#breadcrumb\"},\"inLanguage\":\"de\",\"potentialAction\":[{\"@type\":\"ReadAction\",\"target\":[\"https:\/\/elbrogit.com\/de\/el-brogit-team\/\"]}]},{\"@type\":\"ImageObject\",\"inLanguage\":\"de\",\"@id\":\"https:\/\/elbrogit.com\/de\/el-brogit-team\/#primaryimage\",\"url\":\"http:\/\/www.elbrogit.com\/wp-content\/uploads\/DSCF7250_Meritxell_Brogit-300x292.jpg\",\"contentUrl\":\"http:\/\/www.elbrogit.com\/wp-content\/uploads\/DSCF7250_Meritxell_Brogit-300x292.jpg\"},{\"@type\":\"BreadcrumbList\",\"@id\":\"https:\/\/elbrogit.com\/de\/el-brogit-team\/#breadcrumb\",\"itemListElement\":[{\"@type\":\"ListItem\",\"position\":1,\"name\":\"Home\",\"item\":\"https:\/\/elbrogit.com\/de\/\"},{\"@type\":\"ListItem\",\"position\":2,\"name\":\"El Brogit Team\"}]},{\"@type\":\"WebSite\",\"@id\":\"https:\/\/elbrogit.com\/de\/#website\",\"url\":\"https:\/\/elbrogit.com\/de\/\",\"name\":\"Wandern und Wein Tours in Katalonienn\",\"description\":\"Ecotourism, walking, wine tourism and cultural holidays in Catalonia\",\"publisher\":{\"@id\":\"https:\/\/elbrogit.com\/de\/#organization\"},\"potentialAction\":[{\"@type\":\"SearchAction\",\"target\":{\"@type\":\"EntryPoint\",\"urlTemplate\":\"https:\/\/elbrogit.com\/de\/?s={search_term_string}\"},\"query-input\":{\"@type\":\"PropertyValueSpecification\",\"valueRequired\":true,\"valueName\":\"search_term_string\"}}],\"inLanguage\":\"de\"},{\"@type\":\"Organization\",\"@id\":\"https:\/\/elbrogit.com\/de\/#organization\",\"name\":\"Wandern und Wein Tours in Katalonienn\",\"url\":\"https:\/\/elbrogit.com\/de\/\",\"logo\":{\"@type\":\"ImageObject\",\"inLanguage\":\"de\",\"@id\":\"https:\/\/elbrogit.com\/de\/#\/schema\/logo\/image\/\",\"url\":\"https:\/\/elbrogit.com\/wp-content\/uploads\/cropped-LogoBrogitWeb.jpg\",\"contentUrl\":\"https:\/\/elbrogit.com\/wp-content\/uploads\/cropped-LogoBrogitWeb.jpg\",\"width\":161,\"height\":108,\"caption\":\"Wandern und Wein Tours in Katalonienn\"},\"image\":{\"@id\":\"https:\/\/elbrogit.com\/de\/#\/schema\/logo\/image\/\"},\"sameAs\":[\"http:\/\/www.facebook.com\/brogit.guiatges\",\"https:\/\/x.com\/elbrogit\"]}]}<\/script>\n<!-- \/ Yoast SEO plugin. -->","yoast_head_json":{"title":"El Brogit Team - Wandern und Wein Tours in Katalonienn","robots":{"index":"index","follow":"follow","max-snippet":"max-snippet:-1","max-image-preview":"max-image-preview:large","max-video-preview":"max-video-preview:-1"},"canonical":"https:\/\/elbrogit.com\/de\/el-brogit-team\/","og_locale":"de_DE","og_type":"article","og_title":"El Brogit Team - Wandern und Wein Tours in Katalonienn","og_description":"Meritxell Omella Ich bin Meritxell und als Biologin und neugierige Wanderin die Seele von el Brogit! &#8222;Ich liebe die Natur und die historischen Wege, welche damals D\u00f6rfer, Kapellen, Wasserquellen, Landh\u00e4user miteinander verb\u00fcndeten. Ich bin eine qualifizierte und experimentierte Wanderf\u00fchrerin. Mein Spezialgebiet liegt in den Bergen s\u00fcdlich von Katalonien. 2013 er\u00f6ffnete ich meine Reise Agentur und [&hellip;]","og_url":"https:\/\/elbrogit.com\/de\/el-brogit-team\/","og_site_name":"Wandern und Wein Tours in Katalonienn","article_publisher":"http:\/\/www.facebook.com\/brogit.guiatges","article_modified_time":"2020-09-11T17:44:18+00:00","og_image":[{"url":"http:\/\/www.elbrogit.com\/wp-content\/uploads\/DSCF7250_Meritxell_Brogit-300x292.jpg","type":"","width":"","height":""}],"twitter_card":"summary_large_image","twitter_site":"@elbrogit","twitter_misc":{"Gesch\u00e4tzte Lesezeit":"1\u00a0Minute"},"schema":{"@context":"https:\/\/schema.org","@graph":[{"@type":"WebPage","@id":"https:\/\/elbrogit.com\/de\/el-brogit-team\/","url":"https:\/\/elbrogit.com\/de\/el-brogit-team\/","name":"El Brogit Team - Wandern und Wein Tours in Katalonienn","isPartOf":{"@id":"https:\/\/elbrogit.com\/de\/#website"},"primaryImageOfPage":{"@id":"https:\/\/elbrogit.com\/de\/el-brogit-team\/#primaryimage"},"image":{"@id":"https:\/\/elbrogit.com\/de\/el-brogit-team\/#primaryimage"},"thumbnailUrl":"http:\/\/www.elbrogit.com\/wp-content\/uploads\/DSCF7250_Meritxell_Brogit-300x292.jpg","datePublished":"2020-09-11T17:44:17+00:00","dateModified":"2020-09-11T17:44:18+00:00","breadcrumb":{"@id":"https:\/\/elbrogit.com\/de\/el-brogit-team\/#breadcrumb"},"inLanguage":"de","potentialAction":[{"@type":"ReadAction","target":["https:\/\/elbrogit.com\/de\/el-brogit-team\/"]}]},{"@type":"ImageObject","inLanguage":"de","@id":"https:\/\/elbrogit.com\/de\/el-brogit-team\/#primaryimage","url":"http:\/\/www.elbrogit.com\/wp-content\/uploads\/DSCF7250_Meritxell_Brogit-300x292.jpg","contentUrl":"http:\/\/www.elbrogit.com\/wp-content\/uploads\/DSCF7250_Meritxell_Brogit-300x292.jpg"},{"@type":"BreadcrumbList","@id":"https:\/\/elbrogit.com\/de\/el-brogit-team\/#breadcrumb","itemListElement":[{"@type":"ListItem","position":1,"name":"Home","item":"https:\/\/elbrogit.com\/de\/"},{"@type":"ListItem","position":2,"name":"El Brogit Team"}]},{"@type":"WebSite","@id":"https:\/\/elbrogit.com\/de\/#website","url":"https:\/\/elbrogit.com\/de\/","name":"Wandern und Wein Tours in Katalonienn","description":"Ecotourism, walking, wine tourism and cultural holidays in Catalonia","publisher":{"@id":"https:\/\/elbrogit.com\/de\/#organization"},"potentialAction":[{"@type":"SearchAction","target":{"@type":"EntryPoint","urlTemplate":"https:\/\/elbrogit.com\/de\/?s={search_term_string}"},"query-input":{"@type":"PropertyValueSpecification","valueRequired":true,"valueName":"search_term_string"}}],"inLanguage":"de"},{"@type":"Organization","@id":"https:\/\/elbrogit.com\/de\/#organization","name":"Wandern und Wein Tours in Katalonienn","url":"https:\/\/elbrogit.com\/de\/","logo":{"@type":"ImageObject","inLanguage":"de","@id":"https:\/\/elbrogit.com\/de\/#\/schema\/logo\/image\/","url":"https:\/\/elbrogit.com\/wp-content\/uploads\/cropped-LogoBrogitWeb.jpg","contentUrl":"https:\/\/elbrogit.com\/wp-content\/uploads\/cropped-LogoBrogitWeb.jpg","width":161,"height":108,"caption":"Wandern und Wein Tours in Katalonienn"},"image":{"@id":"https:\/\/elbrogit.com\/de\/#\/schema\/logo\/image\/"},"sameAs":["http:\/\/www.facebook.com\/brogit.guiatges","https:\/\/x.com\/elbrogit"]}]}},"jetpack_sharing_enabled":true,"_links":{"self":[{"href":"https:\/\/elbrogit.com\/de\/wp-json\/wp\/v2\/pages\/7268","targetHints":{"allow":["GET"]}}],"collection":[{"href":"https:\/\/elbrogit.com\/de\/wp-json\/wp\/v2\/pages"}],"about":[{"href":"https:\/\/elbrogit.com\/de\/wp-json\/wp\/v2\/types\/page"}],"author":[{"embeddable":true,"href":"https:\/\/elbrogit.com\/de\/wp-json\/wp\/v2\/users\/1"}],"replies":[{"embeddable":true,"href":"https:\/\/elbrogit.com\/de\/wp-json\/wp\/v2\/comments?post=7268"}],"version-history":[{"count":1,"href":"https:\/\/elbrogit.com\/de\/wp-json\/wp\/v2\/pages\/7268\/revisions"}],"predecessor-version":[{"id":7269,"href":"https:\/\/elbrogit.com\/de\/wp-json\/wp\/v2\/pages\/7268\/revisions\/7269"}],"wp:attachment":[{"href":"https:\/\/elbrogit.com\/de\/wp-json\/wp\/v2\/media?parent=7268"}],"curies":[{"name":"wp","href":"https:\/\/api.w.org\/{rel}","templated":true}]}}