{"id":7270,"date":"2020-09-11T19:47:59","date_gmt":"2020-09-11T17:47:59","guid":{"rendered":"https:\/\/elbrogit.com\/kontaktieren-sie-uns\/"},"modified":"2025-12-25T18:07:01","modified_gmt":"2025-12-25T17:07:01","slug":"kontaktieren-sie-uns","status":"publish","type":"page","link":"https:\/\/elbrogit.com\/de\/kontaktieren-sie-uns\/","title":{"rendered":"Kontaktieren Sie uns"},"content":{"rendered":"\t\t<div data-elementor-type=\"wp-page\" data-elementor-id=\"7270\" class=\"elementor elementor-7270 elementor-234\" data-elementor-post-type=\"page\">\n\t\t\t\t\t\t<section data-particle_enable=\"false\" data-particle-mobile-disabled=\"false\" class=\"elementor-section elementor-top-section elementor-element elementor-element-5ec4b31e elementor-section-boxed elementor-section-height-default elementor-section-height-default\" data-id=\"5ec4b31e\" data-element_type=\"section\">\n\t\t\t\t\t\t<div class=\"elementor-container elementor-column-gap-default\">\n\t\t\t\t\t<div class=\"elementor-column elementor-col-100 elementor-top-column elementor-element elementor-element-378d5ea2\" data-id=\"378d5ea2\" data-element_type=\"column\">\n\t\t\t<div class=\"elementor-widget-wrap elementor-element-populated\">\n\t\t\t\t\t\t<div class=\"elementor-element elementor-element-d3db0ea elementor-widget elementor-widget-text-editor\" data-id=\"d3db0ea\" data-element_type=\"widget\" data-widget_type=\"text-editor.default\">\n\t\t\t\t<div class=\"elementor-widget-container\">\n\t\t\t\t\t\t\t\t\t<p><strong>Addresse<\/strong><span style=\"color: #808000;\"><strong><br \/><\/strong><\/span><\/p>\t\t\t\t\t\t\t\t<\/div>\n\t\t\t\t<\/div>\n\t\t\t\t<div class=\"elementor-element elementor-element-6f4f0d45 elementor-widget elementor-widget-text-editor\" data-id=\"6f4f0d45\" data-element_type=\"widget\" data-widget_type=\"text-editor.default\">\n\t\t\t\t<div class=\"elementor-widget-container\">\n\t\t\t\t\t\t\t\t\t<p>Wir sind ein F\u00fchrung Firma und zugleich eine Online Reisevermittler. Deswegen sind wir often unterwegs, und haben wir kein B\u00fcro.<\/p><p>Aber Sie k\u00f6nnen uns einfach kontaktieren auf unser <strong>handy, whatsapp, email oder skype<\/strong> und wir antworten Sie schnellstm\u00f6glich.<\/p>\t\t\t\t\t\t\t\t<\/div>\n\t\t\t\t<\/div>\n\t\t\t\t<div class=\"elementor-element elementor-element-02149f5 elementor-align-left elementor-icon-list--layout-traditional elementor-list-item-link-full_width elementor-widget elementor-widget-global elementor-global-7631 elementor-global-7570 elementor-widget-icon-list\" data-id=\"02149f5\" data-element_type=\"widget\" data-widget_type=\"icon-list.default\">\n\t\t\t\t<div class=\"elementor-widget-container\">\n\t\t\t\t\t\t\t<ul class=\"elementor-icon-list-items\">\n\t\t\t\t\t\t\t<li class=\"elementor-icon-list-item\">\n\t\t\t\t\t\t\t\t\t\t\t<span class=\"elementor-icon-list-icon\">\n\t\t\t\t\t\t\t<i aria-hidden=\"true\" class=\"fab fa-whatsapp\"><\/i>\t\t\t\t\t\t<\/span>\n\t\t\t\t\t\t\t\t\t\t<span class=\"elementor-icon-list-text\">+34 689006199<\/span>\n\t\t\t\t\t\t\t\t\t<\/li>\n\t\t\t\t\t\t\t\t<li class=\"elementor-icon-list-item\">\n\t\t\t\t\t\t\t\t\t\t\t<span class=\"elementor-icon-list-icon\">\n\t\t\t\t\t\t\t<i aria-hidden=\"true\" class=\"far fa-envelope-open\"><\/i>\t\t\t\t\t\t<\/span>\n\t\t\t\t\t\t\t\t\t\t<span class=\"elementor-icon-list-text\">international[at]elbrogit.com<\/span>\n\t\t\t\t\t\t\t\t\t<\/li>\n\t\t\t\t\t\t<\/ul>\n\t\t\t\t\t\t<\/div>\n\t\t\t\t<\/div>\n\t\t\t\t<div class=\"elementor-element elementor-element-7b6a61a elementor-widget elementor-widget-button\" data-id=\"7b6a61a\" data-element_type=\"widget\" data-widget_type=\"button.default\">\n\t\t\t\t<div class=\"elementor-widget-container\">\n\t\t\t\t\t\t\t\t\t<div class=\"elementor-button-wrapper\">\n\t\t\t\t\t<a class=\"elementor-button elementor-button-link elementor-size-sm\" href=\"https:\/\/elbrogit.odoo.com\/de\/contacteelbrogit\">\n\t\t\t\t\t\t<span class=\"elementor-button-content-wrapper\">\n\t\t\t\t\t\t\t\t\t<span class=\"elementor-button-text\">Email schicken<\/span>\n\t\t\t\t\t<\/span>\n\t\t\t\t\t<\/a>\n\t\t\t\t<\/div>\n\t\t\t\t\t\t\t\t<\/div>\n\t\t\t\t<\/div>\n\t\t\t\t\t<\/div>\n\t\t<\/div>\n\t\t\t\t\t<\/div>\n\t\t<\/section>\n\t\t\t\t<section data-particle_enable=\"false\" data-particle-mobile-disabled=\"false\" class=\"elementor-section elementor-top-section elementor-element elementor-element-34e9a1c elementor-section-boxed elementor-section-height-default elementor-section-height-default\" data-id=\"34e9a1c\" data-element_type=\"section\">\n\t\t\t\t\t\t<div class=\"elementor-container elementor-column-gap-default\">\n\t\t\t\t\t<div class=\"elementor-column elementor-col-100 elementor-top-column elementor-element elementor-element-8d5d53c\" data-id=\"8d5d53c\" data-element_type=\"column\">\n\t\t\t<div class=\"elementor-widget-wrap\">\n\t\t\t\t\t\t\t<\/div>\n\t\t<\/div>\n\t\t\t\t\t<\/div>\n\t\t<\/section>\n\t\t\t\t<\/div>\n\t\t","protected":false},"excerpt":{"rendered":"<p>Addresse Wir sind ein F\u00fchrung Firma und zugleich eine Online Reisevermittler. Deswegen sind wir often unterwegs, und haben wir kein B\u00fcro. Aber Sie k\u00f6nnen uns einfach kontaktieren auf unser handy, whatsapp, email oder skype und wir antworten Sie schnellstm\u00f6glich. +34 689006199 international[at]elbrogit.com Email schicken<\/p>\n","protected":false},"author":1,"featured_media":0,"parent":0,"menu_order":0,"comment_status":"open","ping_status":"open","template":"elementor_header_footer","meta":{"_acf_changed":false,"footnotes":""},"class_list":["post-7270","page","type-page","status-publish","hentry"],"acf":[],"yoast_head":"<!-- This site is optimized with the Yoast SEO plugin v25.1 - https:\/\/yoast.com\/wordpress\/plugins\/seo\/ -->\n<title>Kontaktieren Sie uns - Wandern und Wein Tours in Katalonienn<\/title>\n<meta name=\"robots\" content=\"index, follow, max-snippet:-1, max-image-preview:large, max-video-preview:-1\" \/>\n<link rel=\"canonical\" href=\"https:\/\/elbrogit.com\/de\/kontaktieren-sie-uns\/\" \/>\n<meta property=\"og:locale\" content=\"de_DE\" \/>\n<meta property=\"og:type\" content=\"article\" \/>\n<meta property=\"og:title\" content=\"Kontaktieren Sie uns - Wandern und Wein Tours in Katalonienn\" \/>\n<meta property=\"og:description\" content=\"Addresse Wir sind ein F\u00fchrung Firma und zugleich eine Online Reisevermittler. Deswegen sind wir often unterwegs, und haben wir kein B\u00fcro. Aber Sie k\u00f6nnen uns einfach kontaktieren auf unser handy, whatsapp, email oder skype und wir antworten Sie schnellstm\u00f6glich. +34 689006199 international[at]elbrogit.com Email schicken\" \/>\n<meta property=\"og:url\" content=\"https:\/\/elbrogit.com\/de\/kontaktieren-sie-uns\/\" \/>\n<meta property=\"og:site_name\" content=\"Wandern und Wein Tours in Katalonienn\" \/>\n<meta property=\"article:publisher\" content=\"http:\/\/www.facebook.com\/brogit.guiatges\" \/>\n<meta property=\"article:modified_time\" content=\"2025-12-25T17:07:01+00:00\" \/>\n<meta name=\"twitter:card\" content=\"summary_large_image\" \/>\n<meta name=\"twitter:site\" content=\"@elbrogit\" \/>\n<meta name=\"twitter:label1\" content=\"Gesch\u00e4tzte Lesezeit\" \/>\n\t<meta name=\"twitter:data1\" content=\"1\u00a0Minute\" \/>\n<script type=\"application\/ld+json\" class=\"yoast-schema-graph\">{\"@context\":\"https:\/\/schema.org\",\"@graph\":[{\"@type\":\"WebPage\",\"@id\":\"https:\/\/elbrogit.com\/de\/kontaktieren-sie-uns\/\",\"url\":\"https:\/\/elbrogit.com\/de\/kontaktieren-sie-uns\/\",\"name\":\"Kontaktieren Sie uns - Wandern und Wein Tours in Katalonienn\",\"isPartOf\":{\"@id\":\"https:\/\/elbrogit.com\/de\/#website\"},\"datePublished\":\"2020-09-11T17:47:59+00:00\",\"dateModified\":\"2025-12-25T17:07:01+00:00\",\"breadcrumb\":{\"@id\":\"https:\/\/elbrogit.com\/de\/kontaktieren-sie-uns\/#breadcrumb\"},\"inLanguage\":\"de\",\"potentialAction\":[{\"@type\":\"ReadAction\",\"target\":[\"https:\/\/elbrogit.com\/de\/kontaktieren-sie-uns\/\"]}]},{\"@type\":\"BreadcrumbList\",\"@id\":\"https:\/\/elbrogit.com\/de\/kontaktieren-sie-uns\/#breadcrumb\",\"itemListElement\":[{\"@type\":\"ListItem\",\"position\":1,\"name\":\"Home\",\"item\":\"https:\/\/elbrogit.com\/de\/\"},{\"@type\":\"ListItem\",\"position\":2,\"name\":\"Kontaktieren Sie uns\"}]},{\"@type\":\"WebSite\",\"@id\":\"https:\/\/elbrogit.com\/de\/#website\",\"url\":\"https:\/\/elbrogit.com\/de\/\",\"name\":\"Wandern und Wein Tours in Katalonienn\",\"description\":\"Ecotourism, walking, wine tourism and cultural holidays in Catalonia\",\"publisher\":{\"@id\":\"https:\/\/elbrogit.com\/de\/#organization\"},\"potentialAction\":[{\"@type\":\"SearchAction\",\"target\":{\"@type\":\"EntryPoint\",\"urlTemplate\":\"https:\/\/elbrogit.com\/de\/?s={search_term_string}\"},\"query-input\":{\"@type\":\"PropertyValueSpecification\",\"valueRequired\":true,\"valueName\":\"search_term_string\"}}],\"inLanguage\":\"de\"},{\"@type\":\"Organization\",\"@id\":\"https:\/\/elbrogit.com\/de\/#organization\",\"name\":\"Wandern und Wein Tours in Katalonienn\",\"url\":\"https:\/\/elbrogit.com\/de\/\",\"logo\":{\"@type\":\"ImageObject\",\"inLanguage\":\"de\",\"@id\":\"https:\/\/elbrogit.com\/de\/#\/schema\/logo\/image\/\",\"url\":\"https:\/\/elbrogit.com\/wp-content\/uploads\/cropped-LogoBrogitWeb.jpg\",\"contentUrl\":\"https:\/\/elbrogit.com\/wp-content\/uploads\/cropped-LogoBrogitWeb.jpg\",\"width\":161,\"height\":108,\"caption\":\"Wandern und Wein Tours in Katalonienn\"},\"image\":{\"@id\":\"https:\/\/elbrogit.com\/de\/#\/schema\/logo\/image\/\"},\"sameAs\":[\"http:\/\/www.facebook.com\/brogit.guiatges\",\"https:\/\/x.com\/elbrogit\"]}]}<\/script>\n<!-- \/ Yoast SEO plugin. -->","yoast_head_json":{"title":"Kontaktieren Sie uns - Wandern und Wein Tours in Katalonienn","robots":{"index":"index","follow":"follow","max-snippet":"max-snippet:-1","max-image-preview":"max-image-preview:large","max-video-preview":"max-video-preview:-1"},"canonical":"https:\/\/elbrogit.com\/de\/kontaktieren-sie-uns\/","og_locale":"de_DE","og_type":"article","og_title":"Kontaktieren Sie uns - Wandern und Wein Tours in Katalonienn","og_description":"Addresse Wir sind ein F\u00fchrung Firma und zugleich eine Online Reisevermittler. Deswegen sind wir often unterwegs, und haben wir kein B\u00fcro. Aber Sie k\u00f6nnen uns einfach kontaktieren auf unser handy, whatsapp, email oder skype und wir antworten Sie schnellstm\u00f6glich. +34 689006199 international[at]elbrogit.com Email schicken","og_url":"https:\/\/elbrogit.com\/de\/kontaktieren-sie-uns\/","og_site_name":"Wandern und Wein Tours in Katalonienn","article_publisher":"http:\/\/www.facebook.com\/brogit.guiatges","article_modified_time":"2025-12-25T17:07:01+00:00","twitter_card":"summary_large_image","twitter_site":"@elbrogit","twitter_misc":{"Gesch\u00e4tzte Lesezeit":"1\u00a0Minute"},"schema":{"@context":"https:\/\/schema.org","@graph":[{"@type":"WebPage","@id":"https:\/\/elbrogit.com\/de\/kontaktieren-sie-uns\/","url":"https:\/\/elbrogit.com\/de\/kontaktieren-sie-uns\/","name":"Kontaktieren Sie uns - Wandern und Wein Tours in Katalonienn","isPartOf":{"@id":"https:\/\/elbrogit.com\/de\/#website"},"datePublished":"2020-09-11T17:47:59+00:00","dateModified":"2025-12-25T17:07:01+00:00","breadcrumb":{"@id":"https:\/\/elbrogit.com\/de\/kontaktieren-sie-uns\/#breadcrumb"},"inLanguage":"de","potentialAction":[{"@type":"ReadAction","target":["https:\/\/elbrogit.com\/de\/kontaktieren-sie-uns\/"]}]},{"@type":"BreadcrumbList","@id":"https:\/\/elbrogit.com\/de\/kontaktieren-sie-uns\/#breadcrumb","itemListElement":[{"@type":"ListItem","position":1,"name":"Home","item":"https:\/\/elbrogit.com\/de\/"},{"@type":"ListItem","position":2,"name":"Kontaktieren Sie uns"}]},{"@type":"WebSite","@id":"https:\/\/elbrogit.com\/de\/#website","url":"https:\/\/elbrogit.com\/de\/","name":"Wandern und Wein Tours in Katalonienn","description":"Ecotourism, walking, wine tourism and cultural holidays in Catalonia","publisher":{"@id":"https:\/\/elbrogit.com\/de\/#organization"},"potentialAction":[{"@type":"SearchAction","target":{"@type":"EntryPoint","urlTemplate":"https:\/\/elbrogit.com\/de\/?s={search_term_string}"},"query-input":{"@type":"PropertyValueSpecification","valueRequired":true,"valueName":"search_term_string"}}],"inLanguage":"de"},{"@type":"Organization","@id":"https:\/\/elbrogit.com\/de\/#organization","name":"Wandern und Wein Tours in Katalonienn","url":"https:\/\/elbrogit.com\/de\/","logo":{"@type":"ImageObject","inLanguage":"de","@id":"https:\/\/elbrogit.com\/de\/#\/schema\/logo\/image\/","url":"https:\/\/elbrogit.com\/wp-content\/uploads\/cropped-LogoBrogitWeb.jpg","contentUrl":"https:\/\/elbrogit.com\/wp-content\/uploads\/cropped-LogoBrogitWeb.jpg","width":161,"height":108,"caption":"Wandern und Wein Tours in Katalonienn"},"image":{"@id":"https:\/\/elbrogit.com\/de\/#\/schema\/logo\/image\/"},"sameAs":["http:\/\/www.facebook.com\/brogit.guiatges","https:\/\/x.com\/elbrogit"]}]}},"jetpack_sharing_enabled":true,"_links":{"self":[{"href":"https:\/\/elbrogit.com\/de\/wp-json\/wp\/v2\/pages\/7270","targetHints":{"allow":["GET"]}}],"collection":[{"href":"https:\/\/elbrogit.com\/de\/wp-json\/wp\/v2\/pages"}],"about":[{"href":"https:\/\/elbrogit.com\/de\/wp-json\/wp\/v2\/types\/page"}],"author":[{"embeddable":true,"href":"https:\/\/elbrogit.com\/de\/wp-json\/wp\/v2\/users\/1"}],"replies":[{"embeddable":true,"href":"https:\/\/elbrogit.com\/de\/wp-json\/wp\/v2\/comments?post=7270"}],"version-history":[{"count":10,"href":"https:\/\/elbrogit.com\/de\/wp-json\/wp\/v2\/pages\/7270\/revisions"}],"predecessor-version":[{"id":14263,"href":"https:\/\/elbrogit.com\/de\/wp-json\/wp\/v2\/pages\/7270\/revisions\/14263"}],"wp:attachment":[{"href":"https:\/\/elbrogit.com\/de\/wp-json\/wp\/v2\/media?parent=7270"}],"curies":[{"name":"wp","href":"https:\/\/api.w.org\/{rel}","templated":true}]}}