{"id":7272,"date":"2020-09-11T20:08:26","date_gmt":"2020-09-11T18:08:26","guid":{"rendered":"https:\/\/elbrogit.com\/oekotourismus-projekte-und-das-netzwerk-der-ehemaligen-reitwege\/"},"modified":"2020-09-11T20:08:27","modified_gmt":"2020-09-11T18:08:27","slug":"oekotourismus-projekte-und-das-netzwerk-der-ehemaligen-reitwege","status":"publish","type":"page","link":"https:\/\/elbrogit.com\/de\/oekotourismus-projekte-und-das-netzwerk-der-ehemaligen-reitwege\/","title":{"rendered":"\u00d6kotourismus Projekte und das Netzwerk der ehemaligen Reitwege"},"content":{"rendered":"\t\t<div data-elementor-type=\"wp-page\" data-elementor-id=\"7272\" class=\"elementor elementor-7272 elementor-221\" data-elementor-post-type=\"page\">\n\t\t\t\t\t\t<section data-particle_enable=\"false\" data-particle-mobile-disabled=\"false\" class=\"elementor-section elementor-top-section elementor-element elementor-element-6cec65fb elementor-section-boxed elementor-section-height-default elementor-section-height-default\" data-id=\"6cec65fb\" data-element_type=\"section\">\n\t\t\t\t\t\t<div class=\"elementor-container elementor-column-gap-default\">\n\t\t\t\t\t<div class=\"elementor-column elementor-col-33 elementor-top-column elementor-element elementor-element-63940d6d\" data-id=\"63940d6d\" data-element_type=\"column\">\n\t\t\t<div class=\"elementor-widget-wrap elementor-element-populated\">\n\t\t\t\t\t\t<div class=\"elementor-element elementor-element-6cd8f6a8 elementor-widget elementor-widget-text-editor\" data-id=\"6cd8f6a8\" data-element_type=\"widget\" data-widget_type=\"text-editor.default\">\n\t\t\t\t<div class=\"elementor-widget-container\">\n\t\t\t\t\t\t\t\t\t<p><img fetchpriority=\"high\" decoding=\"async\" class=\"size-full wp-image-2436\" src=\"http:\/\/www.elbrogit.com\/wp-content\/uploads\/IMG-20121207-00205_modif.jpg\" alt=\"Looking for the old footpaths!\" width=\"272\" height=\"204\" \/><\/p>\n<p>Entdeckung der alte Pfadnetze<\/p>\n\t\t\t\t\t\t\t\t<\/div>\n\t\t\t\t<\/div>\n\t\t\t\t\t<\/div>\n\t\t<\/div>\n\t\t\t\t<div class=\"elementor-column elementor-col-66 elementor-top-column elementor-element elementor-element-4fbab28e\" data-id=\"4fbab28e\" data-element_type=\"column\">\n\t\t\t<div class=\"elementor-widget-wrap elementor-element-populated\">\n\t\t\t\t\t\t<div class=\"elementor-element elementor-element-e99fbbf elementor-widget elementor-widget-heading\" data-id=\"e99fbbf\" data-element_type=\"widget\" data-widget_type=\"heading.default\">\n\t\t\t\t<div class=\"elementor-widget-container\">\n\t\t\t\t\t<h2 class=\"elementor-heading-title elementor-size-default\">\u00d6kotourismus Projekte und das Netzwerk der ehemaligen Reitwege<\/h2>\t\t\t\t<\/div>\n\t\t\t\t<\/div>\n\t\t\t\t<div class=\"elementor-element elementor-element-7297c9bc elementor-widget elementor-widget-text-editor\" data-id=\"7297c9bc\" data-element_type=\"widget\" data-widget_type=\"text-editor.default\">\n\t\t\t\t<div class=\"elementor-widget-container\">\n\t\t\t\t\t\t\t\t\t<p><strong>\u00d6Kotourismus ist uns besonderes wichtig! Der Stellenwert des \u00d6kotourismus in unserem Unternehmen,geht weit \u00fcber das reine Vorstellen unserer Region.<\/strong> Unsere Touren ergr\u00fcnden die Tiefe und erkl\u00e4ren unter anderem die Geschichte, das Natur und Kulturerbe, sowie die Traditionen des Standortes. <strong>Wir lieben die Forschung und die Recherche zu alten Wanderwegen, welche damals die D\u00f6rfer und Siedlungen miteinander verb\u00fcndeten.<\/strong> (In einigen D\u00f6rfern wurden erste Wege bereits im Jahre 1960 errichtet). Diese Wanderwege erm\u00f6glichen uns nicht nur die Region und die Historie unseres Landes zu verstehen, sondern auch die erlebten Geschichten unserer Gro\u00dfeltern wiederzubeleben.<\/p>\n<p>Ein weitere wichtige Leitlinie unseres Unternehmens ist die <strong>Kooperation mit anderen lokalen Unternehmen.<\/strong> Dadurch erschufen wir ein Netzwerk, welches die Zusammenarbeit an neuen \u00d6kotourismus Projekten in den Gebirgen f\u00f6rdert. Manche sind mit Naturparks verkn\u00fcpft und andere arbeiten mit kleinen Unternehmen zusammen, um Kr\u00e4fte und Ideen zu einem gemeinsamen Ziel zu verbinden.<\/p>\n\t\t\t\t\t\t\t\t<\/div>\n\t\t\t\t<\/div>\n\t\t\t\t\t<\/div>\n\t\t<\/div>\n\t\t\t\t\t<\/div>\n\t\t<\/section>\n\t\t\t\t<section data-particle_enable=\"false\" data-particle-mobile-disabled=\"false\" class=\"elementor-section elementor-top-section elementor-element elementor-element-15ba4599 elementor-section-boxed elementor-section-height-default elementor-section-height-default\" data-id=\"15ba4599\" data-element_type=\"section\">\n\t\t\t\t\t\t<div class=\"elementor-container elementor-column-gap-default\">\n\t\t\t\t\t<div class=\"elementor-column elementor-col-33 elementor-top-column elementor-element elementor-element-16e5eb7a\" data-id=\"16e5eb7a\" data-element_type=\"column\">\n\t\t\t<div class=\"elementor-widget-wrap elementor-element-populated\">\n\t\t\t\t\t\t<div class=\"elementor-element elementor-element-67894128 elementor-widget elementor-widget-text-editor\" data-id=\"67894128\" data-element_type=\"widget\" data-widget_type=\"text-editor.default\">\n\t\t\t\t<div class=\"elementor-widget-container\">\n\t\t\t\t\t\t\t\t\t<p><img decoding=\"async\" class=\"size-full wp-image-2439\" src=\"http:\/\/www.elbrogit.com\/wp-content\/uploads\/DSCF3189_VellPratdip_modif_resize.jpg\" alt=\"Pratdip old path, in Mont-roig\" width=\"272\" height=\"204\" \/><br \/>\nAltes Pfad von Pratdip, in Mont-roig<br \/>\n<a href=\"https:\/\/www.elbrogit.com\/wp-content\/uploads\/StJeroni_Asco.jpg\"><img decoding=\"async\" src=\"https:\/\/www.elbrogit.com\/wp-content\/uploads\/StJeroni_Asco.jpg\" alt=\"Ancient path in Asc\u00f3\" width=\"272\" height=\"349\" \/><\/a><br \/>\nAltes Pfad von Sant Jeroni, in Asc\u00f3<\/p>\n\t\t\t\t\t\t\t\t<\/div>\n\t\t\t\t<\/div>\n\t\t\t\t\t<\/div>\n\t\t<\/div>\n\t\t\t\t<div class=\"elementor-column elementor-col-66 elementor-top-column elementor-element elementor-element-2141c176\" data-id=\"2141c176\" data-element_type=\"column\">\n\t\t\t<div class=\"elementor-widget-wrap elementor-element-populated\">\n\t\t\t\t\t\t<div class=\"elementor-element elementor-element-5e65a610 elementor-widget elementor-widget-heading\" data-id=\"5e65a610\" data-element_type=\"widget\" data-widget_type=\"heading.default\">\n\t\t\t\t<div class=\"elementor-widget-container\">\n\t\t\t\t\t<h2 class=\"elementor-heading-title elementor-size-default\">Projekt: Pfadnetze<\/h2>\t\t\t\t<\/div>\n\t\t\t\t<\/div>\n\t\t\t\t<div class=\"elementor-element elementor-element-461063f6 elementor-widget elementor-widget-text-editor\" data-id=\"461063f6\" data-element_type=\"widget\" data-widget_type=\"text-editor.default\">\n\t\t\t\t<div class=\"elementor-widget-container\">\n\t\t\t\t\t\t\t\t\t<p>Wir haben in verschiedenen D\u00f6rfern und Siedlungen im S\u00fcden Kataloniens gearbeitet, um ein Netzwerk an Pfaden zu entwickeln, die f\u00fcr die Touristen attraktiv sein k\u00f6nnten. Um ein solches Projekt zu entwickeln, m\u00fcssen verschiedene Stufen durchgegangen werden. Zun\u00e4chst beginnt die Arbeit mit der Recherche zu alten Pfaden. Erst im Anschluss k\u00f6nnen Projekte entstehen die f\u00fcr die Touristen vermarktet werden. Hier werden folgende Arbeitsschritte und der Ablauf nochmal genauer dokumentiert:<\/p>\n<ol>\n<li><strong>Recherche zu alten Reitwegen<\/strong> durch antike Karten, alte Orthofotomappen aus 1956, amtliche Grundbuchpl\u00e4nen, lokale Geschichtsb\u00fccher, \u00e4ltere Leute der D\u00f6rfer\u2026<\/li>\n<li><strong>Forschung im Gebiet,<\/strong> entfernen von Unkraut, Neophyten und sch\u00e4dliche Pflanzen die urspr\u00fcngliche Vegetation vernichten, entdecken neuer Arten, die noch nicht dokumentiert wurden.<\/li>\n<li><strong>B\u00fcroarbeit, <\/strong>Informationen zusammenf\u00fcgen, Netzwerk und Budgetierung erstellen, sodass es \u00f6kologisch und sozial tragf\u00e4hig ist, sowie \u00f6konomisch profitabel, Kalkulation des Budgets f\u00fcr die Reinigung und Restaurierung der Pfade, Wege und W\u00e4nde, wenn notwendig, Beschilderungen aufstellen&#8230;<\/li>\n<li><strong>\u00d6kotourismus funktioniert erst dann,<\/strong> wenn die Restaurierung und die Aufstellung der Schilder von Gangen ist und Aktivit\u00e4ten sowie attraktive Urlaubs Angebote f\u00fcr Einheimische und internationale Besucher erstellt wurden.<\/li>\n<\/ol>\n<p><strong>Solche Projekte haben wir bereits in den D\u00f6rfern Mont-Roig del Camp, in der Region Baix Camp, Asc\u00f3, und der Region von Ribera d\u2019Ebre erfolgreich initiiert. <\/strong>Zun\u00e4chst erschien es unm\u00f6glich ein attraktives Wandernetzwerk zu erstellen, da es viele Wege gibt die in der Theorie kein besonderes Interesse f\u00fcr Besucher aufzeigen. Doch sobald wir unsere neugierigen Nasen in alte Mappen und Karten sanken, entdeckten wir wundersch\u00f6ne Gebiete und Wege die einen Besuch Wert sind.<\/p>\n<p>Wir haben auch an gr\u00f6\u00dferen Projekten teilgenommen, wie in der Region Baix Camp. Dort haben wir ein Wandernetzwerk erstellt, welche alle D\u00f6rfer mit Beschilderungen verkn\u00fcpft und den Touristen, Reiseideen zu der Region gibt.<\/p>\n\t\t\t\t\t\t\t\t<\/div>\n\t\t\t\t<\/div>\n\t\t\t\t\t<\/div>\n\t\t<\/div>\n\t\t\t\t\t<\/div>\n\t\t<\/section>\n\t\t\t\t<section data-particle_enable=\"false\" data-particle-mobile-disabled=\"false\" class=\"elementor-section elementor-top-section elementor-element elementor-element-10997411 elementor-section-boxed elementor-section-height-default elementor-section-height-default\" data-id=\"10997411\" data-element_type=\"section\">\n\t\t\t\t\t\t<div class=\"elementor-container elementor-column-gap-default\">\n\t\t\t\t\t<div class=\"elementor-column elementor-col-33 elementor-top-column elementor-element elementor-element-558652d\" data-id=\"558652d\" data-element_type=\"column\">\n\t\t\t<div class=\"elementor-widget-wrap elementor-element-populated\">\n\t\t\t\t\t\t<div class=\"elementor-element elementor-element-3094102b elementor-widget elementor-widget-text-editor\" data-id=\"3094102b\" data-element_type=\"widget\" data-widget_type=\"text-editor.default\">\n\t\t\t\t<div class=\"elementor-widget-container\">\n\t\t\t\t\t\t\t\t\t<p><img loading=\"lazy\" decoding=\"async\" class=\"size-full wp-image-2389\" src=\"http:\/\/www.elbrogit.com\/wp-content\/uploads\/FemParc_petit.gif\" alt=\"Fem Parc Ecoturisme\" width=\"272\" height=\"126\" \/><br \/>\nFem Parc Projekt<br \/>\n<a href=\"https:\/\/www.elbrogit.com\/wp-content\/uploads\/LogoMEET.jpeg\"><img loading=\"lazy\" decoding=\"async\" src=\"https:\/\/www.elbrogit.com\/wp-content\/uploads\/LogoMEET.jpeg\" alt=\"Meet european Project\" width=\"150\" height=\"200\" \/><\/a><\/p>\n<p>Meet Projekt<br \/>\n<a href=\"https:\/\/www.elbrogit.com\/wp-content\/uploads\/ComedProProject.jpg\"><img loading=\"lazy\" decoding=\"async\" src=\"https:\/\/www.elbrogit.com\/wp-content\/uploads\/ComedProProject.jpg\" alt=\"CoMeDPro agrotourism project\" width=\"160\" height=\"160\" \/><\/a><br \/>\nCoMeDPro Agrotourismus Projekt<\/p>\n\t\t\t\t\t\t\t\t<\/div>\n\t\t\t\t<\/div>\n\t\t\t\t\t<\/div>\n\t\t<\/div>\n\t\t\t\t<div class=\"elementor-column elementor-col-66 elementor-top-column elementor-element elementor-element-7d9e68f3\" data-id=\"7d9e68f3\" data-element_type=\"column\">\n\t\t\t<div class=\"elementor-widget-wrap elementor-element-populated\">\n\t\t\t\t\t\t<div class=\"elementor-element elementor-element-3e6f160d elementor-widget elementor-widget-heading\" data-id=\"3e6f160d\" data-element_type=\"widget\" data-widget_type=\"heading.default\">\n\t\t\t\t<div class=\"elementor-widget-container\">\n\t\t\t\t\t<h2 class=\"elementor-heading-title elementor-size-default\">\u00d6kotourismus Projekte<\/h2>\t\t\t\t<\/div>\n\t\t\t\t<\/div>\n\t\t\t\t<div class=\"elementor-element elementor-element-3f2f51c3 elementor-widget elementor-widget-text-editor\" data-id=\"3f2f51c3\" data-element_type=\"widget\" data-widget_type=\"text-editor.default\">\n\t\t\t\t<div class=\"elementor-widget-container\">\n\t\t\t\t\t\t\t\t\t<p>Um den Naturschutz und die l\u00e4ndlichen Regionen zu f\u00f6rdern und weiterhin zu sch\u00fctzen, beteiligen wir uns an Projekten die unser Fachwissen zu unserem Territorium erfordern. Seit 2015 nehmen wir an folgenden Projekten teil:<\/p>\n<ul>\n<li><strong>Fem Park,<\/strong> ist ein \u00f6kotouristisches Projekt, welches von der lokalen Administration und den Naturreservaten geleitet wird. Ziel dieses Projektes ist es, den nachhaltigen Tourismus in einigen Naturparks Kataloniens zu f\u00f6rdern. Dabei wurde das Projekt auf verschiedene Weise, je nach Gebiet, umgesetzt. Im S\u00fcden Kataloniens, in Montsant und Els Ports Naturpark war das Hauptziel, ein Netzwerk f\u00fcr lokale Unternehmen und Produzenten zu erschaffen und den \u00d6kotourismus zu f\u00f6rdern. Werfen Sie doch einen Blick auf unsere Fem Park Seite, um Inspirationen und Reiseideen f\u00fcr beide Naturparks zu finden.<\/li>\n<li><strong>Meet Project<\/strong> f\u00f6rdert \u00d6kotourismus am Mittelmeer. Wir kooperierten bei diesem Projekt zusammen mit der katalanischen Reiseagentur Trek&amp;Ride.<\/li>\n<li><strong>CoMeDPro<\/strong> ist ein internationales Projekt, welche nationale und internationale Tourismus Routen ausbaut um den Zugang zu den lokalen Qualit\u00e4tsweinen, Oliven \u00d6ls und Handwerksprodukten in Katalonien, Sardinien und Israel zu erm\u00f6glichen und zu erleben.<\/li>\n<li><strong>Priorat Wine Tourism experience,<\/strong> ist eine Association, die den Wein Tourismus in der Region Priorat f\u00f6rdert. Daf\u00fcr wurde eine Plattform erschafft die Weinprodukte und Erfahrungen anwirbt. Werfen Sie doch einmal einen Blick auf unsere Website um die Region Priorat zu entdecken und Reisevorschl\u00e4ge zu erhalten.<\/li>\n<li><strong>Und mehr Projekte:<\/strong><\/li>\n<\/ul>\n<p style=\"text-align: center;\"><a href=\"http:\/\/hikingeurope.net\/\"><img loading=\"lazy\" decoding=\"async\" class=\"aligncenter wp-image-7188 size-full\" src=\"https:\/\/www.elbrogit.com\/wp-content\/uploads\/HIkingEurope.png\" alt=\"\" width=\"623\" height=\"143\" \/><\/a><\/p>\n<p>&nbsp;<\/p>\n<p style=\"text-align: center;\"><a href=\"http:\/\/www.catalunya.com\/que-fer\/descobreix\/ruta-eurovelo-8-catalunya\"><img loading=\"lazy\" decoding=\"async\" class=\"aligncenter wp-image-7192 size-full\" src=\"https:\/\/www.elbrogit.com\/wp-content\/uploads\/Eurovelo8.jpg\" alt=\"\" width=\"752\" height=\"159\" \/><\/a><\/p>\n\t\t\t\t\t\t\t\t<\/div>\n\t\t\t\t<\/div>\n\t\t\t\t\t<\/div>\n\t\t<\/div>\n\t\t\t\t\t<\/div>\n\t\t<\/section>\n\t\t\t\t<\/div>\n\t\t","protected":false},"excerpt":{"rendered":"<p>Entdeckung der alte Pfadnetze \u00d6kotourismus Projekte und das Netzwerk der ehemaligen Reitwege \u00d6Kotourismus ist uns besonderes wichtig! Der Stellenwert des \u00d6kotourismus in unserem Unternehmen,geht weit \u00fcber das reine Vorstellen unserer Region. Unsere Touren ergr\u00fcnden die Tiefe und erkl\u00e4ren unter anderem die Geschichte, das Natur und Kulturerbe, sowie die Traditionen des Standortes. Wir lieben die Forschung [&hellip;]<\/p>\n","protected":false},"author":1,"featured_media":0,"parent":0,"menu_order":0,"comment_status":"open","ping_status":"open","template":"elementor_header_footer","meta":{"_acf_changed":false,"footnotes":""},"class_list":["post-7272","page","type-page","status-publish","hentry"],"acf":[],"yoast_head":"<!-- This site is optimized with the Yoast SEO plugin v25.1 - https:\/\/yoast.com\/wordpress\/plugins\/seo\/ -->\n<title>\u00d6kotourismus Projekte und das Netzwerk der ehemaligen Reitwege - Wandern und Wein Tours in Katalonienn<\/title>\n<meta name=\"robots\" content=\"index, follow, max-snippet:-1, max-image-preview:large, max-video-preview:-1\" \/>\n<link rel=\"canonical\" href=\"https:\/\/elbrogit.com\/de\/oekotourismus-projekte-und-das-netzwerk-der-ehemaligen-reitwege\/\" \/>\n<meta property=\"og:locale\" content=\"de_DE\" \/>\n<meta property=\"og:type\" content=\"article\" \/>\n<meta property=\"og:title\" content=\"\u00d6kotourismus Projekte und das Netzwerk der ehemaligen Reitwege - Wandern und Wein Tours in Katalonienn\" \/>\n<meta property=\"og:description\" content=\"Entdeckung der alte Pfadnetze \u00d6kotourismus Projekte und das Netzwerk der ehemaligen Reitwege \u00d6Kotourismus ist uns besonderes wichtig! Der Stellenwert des \u00d6kotourismus in unserem Unternehmen,geht weit \u00fcber das reine Vorstellen unserer Region. Unsere Touren ergr\u00fcnden die Tiefe und erkl\u00e4ren unter anderem die Geschichte, das Natur und Kulturerbe, sowie die Traditionen des Standortes. Wir lieben die Forschung [&hellip;]\" \/>\n<meta property=\"og:url\" content=\"https:\/\/elbrogit.com\/de\/oekotourismus-projekte-und-das-netzwerk-der-ehemaligen-reitwege\/\" \/>\n<meta property=\"og:site_name\" content=\"Wandern und Wein Tours in Katalonienn\" \/>\n<meta property=\"article:publisher\" content=\"http:\/\/www.facebook.com\/brogit.guiatges\" \/>\n<meta property=\"article:modified_time\" content=\"2020-09-11T18:08:27+00:00\" \/>\n<meta property=\"og:image\" content=\"http:\/\/www.elbrogit.com\/wp-content\/uploads\/IMG-20121207-00205_modif.jpg\" \/>\n<meta name=\"twitter:card\" content=\"summary_large_image\" \/>\n<meta name=\"twitter:site\" content=\"@elbrogit\" \/>\n<meta name=\"twitter:label1\" content=\"Gesch\u00e4tzte Lesezeit\" \/>\n\t<meta name=\"twitter:data1\" content=\"4\u00a0Minuten\" \/>\n<script type=\"application\/ld+json\" class=\"yoast-schema-graph\">{\"@context\":\"https:\/\/schema.org\",\"@graph\":[{\"@type\":\"WebPage\",\"@id\":\"https:\/\/elbrogit.com\/de\/oekotourismus-projekte-und-das-netzwerk-der-ehemaligen-reitwege\/\",\"url\":\"https:\/\/elbrogit.com\/de\/oekotourismus-projekte-und-das-netzwerk-der-ehemaligen-reitwege\/\",\"name\":\"\u00d6kotourismus Projekte und das Netzwerk der ehemaligen Reitwege - Wandern und Wein Tours in Katalonienn\",\"isPartOf\":{\"@id\":\"https:\/\/elbrogit.com\/de\/#website\"},\"primaryImageOfPage\":{\"@id\":\"https:\/\/elbrogit.com\/de\/oekotourismus-projekte-und-das-netzwerk-der-ehemaligen-reitwege\/#primaryimage\"},\"image\":{\"@id\":\"https:\/\/elbrogit.com\/de\/oekotourismus-projekte-und-das-netzwerk-der-ehemaligen-reitwege\/#primaryimage\"},\"thumbnailUrl\":\"http:\/\/www.elbrogit.com\/wp-content\/uploads\/IMG-20121207-00205_modif.jpg\",\"datePublished\":\"2020-09-11T18:08:26+00:00\",\"dateModified\":\"2020-09-11T18:08:27+00:00\",\"breadcrumb\":{\"@id\":\"https:\/\/elbrogit.com\/de\/oekotourismus-projekte-und-das-netzwerk-der-ehemaligen-reitwege\/#breadcrumb\"},\"inLanguage\":\"de\",\"potentialAction\":[{\"@type\":\"ReadAction\",\"target\":[\"https:\/\/elbrogit.com\/de\/oekotourismus-projekte-und-das-netzwerk-der-ehemaligen-reitwege\/\"]}]},{\"@type\":\"ImageObject\",\"inLanguage\":\"de\",\"@id\":\"https:\/\/elbrogit.com\/de\/oekotourismus-projekte-und-das-netzwerk-der-ehemaligen-reitwege\/#primaryimage\",\"url\":\"http:\/\/www.elbrogit.com\/wp-content\/uploads\/IMG-20121207-00205_modif.jpg\",\"contentUrl\":\"http:\/\/www.elbrogit.com\/wp-content\/uploads\/IMG-20121207-00205_modif.jpg\"},{\"@type\":\"BreadcrumbList\",\"@id\":\"https:\/\/elbrogit.com\/de\/oekotourismus-projekte-und-das-netzwerk-der-ehemaligen-reitwege\/#breadcrumb\",\"itemListElement\":[{\"@type\":\"ListItem\",\"position\":1,\"name\":\"Home\",\"item\":\"https:\/\/elbrogit.com\/de\/\"},{\"@type\":\"ListItem\",\"position\":2,\"name\":\"\u00d6kotourismus Projekte und das Netzwerk der ehemaligen Reitwege\"}]},{\"@type\":\"WebSite\",\"@id\":\"https:\/\/elbrogit.com\/de\/#website\",\"url\":\"https:\/\/elbrogit.com\/de\/\",\"name\":\"Wandern und Wein Tours in Katalonienn\",\"description\":\"Ecotourism, walking, wine tourism and cultural holidays in Catalonia\",\"publisher\":{\"@id\":\"https:\/\/elbrogit.com\/de\/#organization\"},\"potentialAction\":[{\"@type\":\"SearchAction\",\"target\":{\"@type\":\"EntryPoint\",\"urlTemplate\":\"https:\/\/elbrogit.com\/de\/?s={search_term_string}\"},\"query-input\":{\"@type\":\"PropertyValueSpecification\",\"valueRequired\":true,\"valueName\":\"search_term_string\"}}],\"inLanguage\":\"de\"},{\"@type\":\"Organization\",\"@id\":\"https:\/\/elbrogit.com\/de\/#organization\",\"name\":\"Wandern und Wein Tours in Katalonienn\",\"url\":\"https:\/\/elbrogit.com\/de\/\",\"logo\":{\"@type\":\"ImageObject\",\"inLanguage\":\"de\",\"@id\":\"https:\/\/elbrogit.com\/de\/#\/schema\/logo\/image\/\",\"url\":\"https:\/\/elbrogit.com\/wp-content\/uploads\/cropped-LogoBrogitWeb.jpg\",\"contentUrl\":\"https:\/\/elbrogit.com\/wp-content\/uploads\/cropped-LogoBrogitWeb.jpg\",\"width\":161,\"height\":108,\"caption\":\"Wandern und Wein Tours in Katalonienn\"},\"image\":{\"@id\":\"https:\/\/elbrogit.com\/de\/#\/schema\/logo\/image\/\"},\"sameAs\":[\"http:\/\/www.facebook.com\/brogit.guiatges\",\"https:\/\/x.com\/elbrogit\"]}]}<\/script>\n<!-- \/ Yoast SEO plugin. -->","yoast_head_json":{"title":"\u00d6kotourismus Projekte und das Netzwerk der ehemaligen Reitwege - Wandern und Wein Tours in Katalonienn","robots":{"index":"index","follow":"follow","max-snippet":"max-snippet:-1","max-image-preview":"max-image-preview:large","max-video-preview":"max-video-preview:-1"},"canonical":"https:\/\/elbrogit.com\/de\/oekotourismus-projekte-und-das-netzwerk-der-ehemaligen-reitwege\/","og_locale":"de_DE","og_type":"article","og_title":"\u00d6kotourismus Projekte und das Netzwerk der ehemaligen Reitwege - Wandern und Wein Tours in Katalonienn","og_description":"Entdeckung der alte Pfadnetze \u00d6kotourismus Projekte und das Netzwerk der ehemaligen Reitwege \u00d6Kotourismus ist uns besonderes wichtig! Der Stellenwert des \u00d6kotourismus in unserem Unternehmen,geht weit \u00fcber das reine Vorstellen unserer Region. Unsere Touren ergr\u00fcnden die Tiefe und erkl\u00e4ren unter anderem die Geschichte, das Natur und Kulturerbe, sowie die Traditionen des Standortes. Wir lieben die Forschung [&hellip;]","og_url":"https:\/\/elbrogit.com\/de\/oekotourismus-projekte-und-das-netzwerk-der-ehemaligen-reitwege\/","og_site_name":"Wandern und Wein Tours in Katalonienn","article_publisher":"http:\/\/www.facebook.com\/brogit.guiatges","article_modified_time":"2020-09-11T18:08:27+00:00","og_image":[{"url":"http:\/\/www.elbrogit.com\/wp-content\/uploads\/IMG-20121207-00205_modif.jpg","type":"","width":"","height":""}],"twitter_card":"summary_large_image","twitter_site":"@elbrogit","twitter_misc":{"Gesch\u00e4tzte Lesezeit":"4\u00a0Minuten"},"schema":{"@context":"https:\/\/schema.org","@graph":[{"@type":"WebPage","@id":"https:\/\/elbrogit.com\/de\/oekotourismus-projekte-und-das-netzwerk-der-ehemaligen-reitwege\/","url":"https:\/\/elbrogit.com\/de\/oekotourismus-projekte-und-das-netzwerk-der-ehemaligen-reitwege\/","name":"\u00d6kotourismus Projekte und das Netzwerk der ehemaligen Reitwege - Wandern und Wein Tours in Katalonienn","isPartOf":{"@id":"https:\/\/elbrogit.com\/de\/#website"},"primaryImageOfPage":{"@id":"https:\/\/elbrogit.com\/de\/oekotourismus-projekte-und-das-netzwerk-der-ehemaligen-reitwege\/#primaryimage"},"image":{"@id":"https:\/\/elbrogit.com\/de\/oekotourismus-projekte-und-das-netzwerk-der-ehemaligen-reitwege\/#primaryimage"},"thumbnailUrl":"http:\/\/www.elbrogit.com\/wp-content\/uploads\/IMG-20121207-00205_modif.jpg","datePublished":"2020-09-11T18:08:26+00:00","dateModified":"2020-09-11T18:08:27+00:00","breadcrumb":{"@id":"https:\/\/elbrogit.com\/de\/oekotourismus-projekte-und-das-netzwerk-der-ehemaligen-reitwege\/#breadcrumb"},"inLanguage":"de","potentialAction":[{"@type":"ReadAction","target":["https:\/\/elbrogit.com\/de\/oekotourismus-projekte-und-das-netzwerk-der-ehemaligen-reitwege\/"]}]},{"@type":"ImageObject","inLanguage":"de","@id":"https:\/\/elbrogit.com\/de\/oekotourismus-projekte-und-das-netzwerk-der-ehemaligen-reitwege\/#primaryimage","url":"http:\/\/www.elbrogit.com\/wp-content\/uploads\/IMG-20121207-00205_modif.jpg","contentUrl":"http:\/\/www.elbrogit.com\/wp-content\/uploads\/IMG-20121207-00205_modif.jpg"},{"@type":"BreadcrumbList","@id":"https:\/\/elbrogit.com\/de\/oekotourismus-projekte-und-das-netzwerk-der-ehemaligen-reitwege\/#breadcrumb","itemListElement":[{"@type":"ListItem","position":1,"name":"Home","item":"https:\/\/elbrogit.com\/de\/"},{"@type":"ListItem","position":2,"name":"\u00d6kotourismus Projekte und das Netzwerk der ehemaligen Reitwege"}]},{"@type":"WebSite","@id":"https:\/\/elbrogit.com\/de\/#website","url":"https:\/\/elbrogit.com\/de\/","name":"Wandern und Wein Tours in Katalonienn","description":"Ecotourism, walking, wine tourism and cultural holidays in Catalonia","publisher":{"@id":"https:\/\/elbrogit.com\/de\/#organization"},"potentialAction":[{"@type":"SearchAction","target":{"@type":"EntryPoint","urlTemplate":"https:\/\/elbrogit.com\/de\/?s={search_term_string}"},"query-input":{"@type":"PropertyValueSpecification","valueRequired":true,"valueName":"search_term_string"}}],"inLanguage":"de"},{"@type":"Organization","@id":"https:\/\/elbrogit.com\/de\/#organization","name":"Wandern und Wein Tours in Katalonienn","url":"https:\/\/elbrogit.com\/de\/","logo":{"@type":"ImageObject","inLanguage":"de","@id":"https:\/\/elbrogit.com\/de\/#\/schema\/logo\/image\/","url":"https:\/\/elbrogit.com\/wp-content\/uploads\/cropped-LogoBrogitWeb.jpg","contentUrl":"https:\/\/elbrogit.com\/wp-content\/uploads\/cropped-LogoBrogitWeb.jpg","width":161,"height":108,"caption":"Wandern und Wein Tours in Katalonienn"},"image":{"@id":"https:\/\/elbrogit.com\/de\/#\/schema\/logo\/image\/"},"sameAs":["http:\/\/www.facebook.com\/brogit.guiatges","https:\/\/x.com\/elbrogit"]}]}},"jetpack_sharing_enabled":true,"_links":{"self":[{"href":"https:\/\/elbrogit.com\/de\/wp-json\/wp\/v2\/pages\/7272","targetHints":{"allow":["GET"]}}],"collection":[{"href":"https:\/\/elbrogit.com\/de\/wp-json\/wp\/v2\/pages"}],"about":[{"href":"https:\/\/elbrogit.com\/de\/wp-json\/wp\/v2\/types\/page"}],"author":[{"embeddable":true,"href":"https:\/\/elbrogit.com\/de\/wp-json\/wp\/v2\/users\/1"}],"replies":[{"embeddable":true,"href":"https:\/\/elbrogit.com\/de\/wp-json\/wp\/v2\/comments?post=7272"}],"version-history":[{"count":1,"href":"https:\/\/elbrogit.com\/de\/wp-json\/wp\/v2\/pages\/7272\/revisions"}],"predecessor-version":[{"id":7273,"href":"https:\/\/elbrogit.com\/de\/wp-json\/wp\/v2\/pages\/7272\/revisions\/7273"}],"wp:attachment":[{"href":"https:\/\/elbrogit.com\/de\/wp-json\/wp\/v2\/media?parent=7272"}],"curies":[{"name":"wp","href":"https:\/\/api.w.org\/{rel}","templated":true}]}}