{"id":9723,"date":"2021-03-23T13:01:48","date_gmt":"2021-03-23T12:01:48","guid":{"rendered":"https:\/\/elbrogit.com\/mr04deu\/"},"modified":"2023-08-12T12:09:51","modified_gmt":"2023-08-12T10:09:51","slug":"mr04deu","status":"publish","type":"page","link":"https:\/\/elbrogit.com\/de\/mr04deu\/","title":{"rendered":"mr04deu"},"content":{"rendered":"\t\t<div data-elementor-type=\"wp-page\" data-elementor-id=\"9723\" class=\"elementor elementor-9723 elementor-6944\" data-elementor-post-type=\"page\">\n\t\t\t\t\t\t<section data-particle_enable=\"false\" data-particle-mobile-disabled=\"false\" class=\"elementor-section elementor-top-section elementor-element elementor-element-68f54f07 elementor-section-boxed elementor-section-height-default elementor-section-height-default\" data-id=\"68f54f07\" data-element_type=\"section\" data-settings=\"{&quot;background_background&quot;:&quot;classic&quot;}\">\n\t\t\t\t\t\t<div class=\"elementor-container elementor-column-gap-default\">\n\t\t\t\t\t<div class=\"elementor-column elementor-col-100 elementor-top-column elementor-element elementor-element-3f13af9a\" data-id=\"3f13af9a\" data-element_type=\"column\">\n\t\t\t<div class=\"elementor-widget-wrap elementor-element-populated\">\n\t\t\t\t\t\t<div class=\"elementor-element elementor-element-4835e7df elementor-widget elementor-widget-image\" data-id=\"4835e7df\" data-element_type=\"widget\" data-widget_type=\"image.default\">\n\t\t\t\t<div class=\"elementor-widget-container\">\n\t\t\t\t\t\t\t\t\t\t\t\t\t\t\t<img decoding=\"async\" src=\"https:\/\/elbrogit.com\/wp-content\/uploads\/04_PortalCanal.jpg\" title=\"\" alt=\"\" loading=\"lazy\" \/>\t\t\t\t\t\t\t\t\t\t\t\t\t\t\t<\/div>\n\t\t\t\t<\/div>\n\t\t\t\t\t<\/div>\n\t\t<\/div>\n\t\t\t\t\t<\/div>\n\t\t<\/section>\n\t\t\t\t<section data-particle_enable=\"false\" data-particle-mobile-disabled=\"false\" class=\"elementor-section elementor-top-section elementor-element elementor-element-76461353 elementor-section-boxed elementor-section-height-default elementor-section-height-default\" data-id=\"76461353\" data-element_type=\"section\">\n\t\t\t\t\t\t<div class=\"elementor-container elementor-column-gap-default\">\n\t\t\t\t\t<div class=\"elementor-column elementor-col-50 elementor-top-column elementor-element elementor-element-40772b01\" data-id=\"40772b01\" data-element_type=\"column\">\n\t\t\t<div class=\"elementor-widget-wrap elementor-element-populated\">\n\t\t\t\t\t\t<div class=\"elementor-element elementor-element-255a9f57 elementor-widget__width-initial elementor-absolute elementor-widget-mobile__width-initial elementor-widget elementor-widget-image\" data-id=\"255a9f57\" data-element_type=\"widget\" data-settings=\"{&quot;_position&quot;:&quot;absolute&quot;}\" data-widget_type=\"image.default\">\n\t\t\t\t<div class=\"elementor-widget-container\">\n\t\t\t\t\t\t\t\t\t\t\t\t\t\t\t<img decoding=\"async\" width=\"195\" height=\"250\" src=\"https:\/\/elbrogit.com\/wp-content\/uploads\/Avatar04_seria.png\" class=\"attachment-full size-full wp-image-8250\" alt=\"\" \/>\t\t\t\t\t\t\t\t\t\t\t\t\t\t\t<\/div>\n\t\t\t\t<\/div>\n\t\t\t\t\t<\/div>\n\t\t<\/div>\n\t\t\t\t<div class=\"elementor-column elementor-col-50 elementor-top-column elementor-element elementor-element-37ba1945\" data-id=\"37ba1945\" data-element_type=\"column\">\n\t\t\t<div class=\"elementor-widget-wrap elementor-element-populated\">\n\t\t\t\t\t\t<div class=\"elementor-element elementor-element-250cf258 elementor-widget__width-inherit elementor-widget elementor-widget-text-editor\" data-id=\"250cf258\" data-element_type=\"widget\" data-widget_type=\"text-editor.default\">\n\t\t\t\t<div class=\"elementor-widget-container\">\n\t\t\t\t\t\t\t\t\t<p style=\"text-align: center;\">Ihr seid wirklich gut!<\/p>\n<p style=\"text-align: center;\">Meine Forschungen haben mich zu ganz besonderen, geschichtstr\u00e4chtigen Orten gebracht, so wie der, zu dem es jetzt weitergeht!<\/p>\n<p style=\"text-align: center;\">Und jetzt wieder ein kleiner Vers!<\/p>\n<p style=\"text-align: center;\"><strong>Da wo wir herkamen, geht es jetzt zur\u00fcck,<\/strong><br \/><strong>durch die Stra\u00dfe, die heilt, mit etwas Gl\u00fcck,<\/strong><br \/><strong>vorbei an einem dreieckigen Haus,<\/strong><br \/><strong>kommen wir am Portal de la Canal heraus.<\/strong><\/p>\n\t\t\t\t\t\t\t\t<\/div>\n\t\t\t\t<\/div>\n\t\t\t\t<section data-particle_enable=\"false\" data-particle-mobile-disabled=\"false\" class=\"elementor-section elementor-inner-section elementor-element elementor-element-e50fabb elementor-section-boxed elementor-section-height-default elementor-section-height-default\" data-id=\"e50fabb\" data-element_type=\"section\">\n\t\t\t\t\t\t<div class=\"elementor-container elementor-column-gap-default\">\n\t\t\t\t\t<div class=\"elementor-column elementor-col-50 elementor-inner-column elementor-element elementor-element-12429b5\" data-id=\"12429b5\" data-element_type=\"column\">\n\t\t\t<div class=\"elementor-widget-wrap elementor-element-populated\">\n\t\t\t\t\t\t<div class=\"elementor-element elementor-element-d341924 elementor-absolute elementor-widget-mobile__width-initial elementor-widget elementor-widget-image\" data-id=\"d341924\" data-element_type=\"widget\" data-settings=\"{&quot;_position&quot;:&quot;absolute&quot;}\" data-widget_type=\"image.default\">\n\t\t\t\t<div class=\"elementor-widget-container\">\n\t\t\t\t\t\t\t\t\t\t\t\t\t\t\t<img decoding=\"async\" src=\"https:\/\/elbrogit.com\/wp-content\/uploads\/PuntetsEnigmaVermell.png\" title=\"\" alt=\"\" loading=\"lazy\" \/>\t\t\t\t\t\t\t\t\t\t\t\t\t\t\t<\/div>\n\t\t\t\t<\/div>\n\t\t\t\t\t<\/div>\n\t\t<\/div>\n\t\t\t\t<div class=\"elementor-column elementor-col-50 elementor-inner-column elementor-element elementor-element-5ef9953\" data-id=\"5ef9953\" data-element_type=\"column\">\n\t\t\t<div class=\"elementor-widget-wrap\">\n\t\t\t\t\t\t\t<\/div>\n\t\t<\/div>\n\t\t\t\t\t<\/div>\n\t\t<\/section>\n\t\t\t\t<div class=\"elementor-element elementor-element-24c7846 elementor-align-center elementor-widget elementor-widget-button\" data-id=\"24c7846\" data-element_type=\"widget\" data-widget_type=\"button.default\">\n\t\t\t\t<div class=\"elementor-widget-container\">\n\t\t\t\t\t\t\t\t\t<div class=\"elementor-button-wrapper\">\n\t\t\t\t\t<a class=\"elementor-button elementor-button-link elementor-size-md\" href=\"https:\/\/goo.gl\/maps\/FJDZYrt92fdJ4KiD9\" target=\"_blank\">\n\t\t\t\t\t\t<span class=\"elementor-button-content-wrapper\">\n\t\t\t\t\t\t<span class=\"elementor-button-icon\">\n\t\t\t\t<i aria-hidden=\"true\" class=\"fas fa-map-marker-alt\"><\/i>\t\t\t<\/span>\n\t\t\t\t\t\t\t\t\t<span class=\"elementor-button-text\">Wir finden es nicht<\/span>\n\t\t\t\t\t<\/span>\n\t\t\t\t\t<\/a>\n\t\t\t\t<\/div>\n\t\t\t\t\t\t\t\t<\/div>\n\t\t\t\t<\/div>\n\t\t\t\t\t<\/div>\n\t\t<\/div>\n\t\t\t\t\t<\/div>\n\t\t<\/section>\n\t\t\t\t<section data-particle_enable=\"false\" data-particle-mobile-disabled=\"false\" class=\"elementor-section elementor-top-section elementor-element elementor-element-25bdb3d4 elementor-section-boxed elementor-section-height-default elementor-section-height-default\" data-id=\"25bdb3d4\" data-element_type=\"section\">\n\t\t\t\t\t\t<div class=\"elementor-container elementor-column-gap-default\">\n\t\t\t\t\t<div class=\"elementor-column elementor-col-100 elementor-top-column elementor-element elementor-element-d5729b2\" data-id=\"d5729b2\" data-element_type=\"column\">\n\t\t\t<div class=\"elementor-widget-wrap elementor-element-populated\">\n\t\t\t\t\t\t<div class=\"elementor-element elementor-element-6cf5be2f elementor-widget__width-inherit elementor-widget elementor-widget-text-editor\" data-id=\"6cf5be2f\" data-element_type=\"widget\" data-widget_type=\"text-editor.default\">\n\t\t\t\t<div class=\"elementor-widget-container\">\n\t\t\t\t\t\t\t\t\t<p><strong><img decoding=\"async\" class=\" wp-image-8533 alignleft\" src=\"https:\/\/elbrogit.com\/wp-content\/uploads\/LupaInfo.png\" alt=\"\" width=\"48\" height=\"44\" \/>Information:<\/strong> Das Tor Portal la Canal aus dem 15. Jh. war eines der Tore der Stadtmauer von Mont-roig. Es handelt sich um ein doppeltes Tor mit einem Turm, und wenn man es durchschreitet, gelangt man zu dem steilen Anstieg zu dem Waschplatz und dem Cam\u00ed de Riudecanyes oder Cam\u00ed de Vilanova. Heute wird die Gasse als Costa del Rentador, also die Steigung zum Waschplatz bezeichnet, aber fr\u00fcher waren die Menschen optimistischer, und sie nannten sie einen Abstieg.<\/p>\n\t\t\t\t\t\t\t\t<\/div>\n\t\t\t\t<\/div>\n\t\t\t\t\t<\/div>\n\t\t<\/div>\n\t\t\t\t\t<\/div>\n\t\t<\/section>\n\t\t\t\t<section data-particle_enable=\"false\" data-particle-mobile-disabled=\"false\" class=\"elementor-section elementor-top-section elementor-element elementor-element-3fba85ed elementor-section-boxed elementor-section-height-default elementor-section-height-default\" data-id=\"3fba85ed\" data-element_type=\"section\">\n\t\t\t\t\t\t<div class=\"elementor-container elementor-column-gap-default\">\n\t\t\t\t\t<div class=\"elementor-column elementor-col-100 elementor-top-column elementor-element elementor-element-2715468e\" data-id=\"2715468e\" data-element_type=\"column\">\n\t\t\t<div class=\"elementor-widget-wrap elementor-element-populated\">\n\t\t\t\t\t\t<div class=\"elementor-element elementor-element-2f60d853 elementor-widget__width-inherit elementor-widget elementor-widget-text-editor\" data-id=\"2f60d853\" data-element_type=\"widget\" data-widget_type=\"text-editor.default\">\n\t\t\t\t<div class=\"elementor-widget-container\">\n\t\t\t\t\t\t\t\t\t<p style=\"text-align: center;\"><strong>Wer hier mit schlechten Absichten durchkam, mit dem nahm es ein b\u00f6ses Ende.<br \/><\/strong><strong>Wisst ihr, wie viele Pfeile sie hier auf euch schie\u00dfen w\u00fcrden?<\/strong><\/p>\n\t\t\t\t\t\t\t\t<\/div>\n\t\t\t\t<\/div>\n\t\t\t\t<section data-particle_enable=\"false\" data-particle-mobile-disabled=\"false\" class=\"elementor-section elementor-inner-section elementor-element elementor-element-2a60563 elementor-section-boxed elementor-section-height-default elementor-section-height-default\" data-id=\"2a60563\" data-element_type=\"section\">\n\t\t\t\t\t\t<div class=\"elementor-container elementor-column-gap-default\">\n\t\t\t\t\t<div class=\"elementor-column elementor-col-50 elementor-inner-column elementor-element elementor-element-f4527a9\" data-id=\"f4527a9\" data-element_type=\"column\">\n\t\t\t<div class=\"elementor-widget-wrap\">\n\t\t\t\t\t\t\t<\/div>\n\t\t<\/div>\n\t\t\t\t<div class=\"elementor-column elementor-col-50 elementor-inner-column elementor-element elementor-element-e52f8a7\" data-id=\"e52f8a7\" data-element_type=\"column\">\n\t\t\t<div class=\"elementor-widget-wrap elementor-element-populated\">\n\t\t\t\t\t\t<div class=\"elementor-element elementor-element-9b3e111 elementor-absolute elementor-widget-mobile__width-initial elementor-widget elementor-widget-image\" data-id=\"9b3e111\" data-element_type=\"widget\" data-settings=\"{&quot;_position&quot;:&quot;absolute&quot;}\" data-widget_type=\"image.default\">\n\t\t\t\t<div class=\"elementor-widget-container\">\n\t\t\t\t\t\t\t\t\t\t\t\t\t\t\t<img decoding=\"async\" src=\"https:\/\/elbrogit.com\/wp-content\/uploads\/PuntetsEnigma.png\" title=\"\" alt=\"\" loading=\"lazy\" \/>\t\t\t\t\t\t\t\t\t\t\t\t\t\t\t<\/div>\n\t\t\t\t<\/div>\n\t\t\t\t\t<\/div>\n\t\t<\/div>\n\t\t\t\t\t<\/div>\n\t\t<\/section>\n\t\t\t\t\t<\/div>\n\t\t<\/div>\n\t\t\t\t\t<\/div>\n\t\t<\/section>\n\t\t\t\t<section data-particle_enable=\"false\" data-particle-mobile-disabled=\"false\" class=\"elementor-section elementor-top-section elementor-element elementor-element-9d30cd9 elementor-section-boxed elementor-section-height-default elementor-section-height-default\" data-id=\"9d30cd9\" data-element_type=\"section\">\n\t\t\t\t\t\t<div class=\"elementor-container elementor-column-gap-default\">\n\t\t\t\t\t<div class=\"elementor-column elementor-col-100 elementor-top-column elementor-element elementor-element-f6dda31\" data-id=\"f6dda31\" data-element_type=\"column\">\n\t\t\t<div class=\"elementor-widget-wrap elementor-element-populated\">\n\t\t\t\t\t\t<div class=\"elementor-element elementor-element-56fe460 elementor-widget elementor-widget-eael-protected-content\" data-id=\"56fe460\" data-element_type=\"widget\" data-widget_type=\"eael-protected-content.default\">\n\t\t\t\t<div class=\"elementor-widget-container\">\n\t\t\t\t\t\t\t\t        <div class=\"eael-protected-content-message\">\n\t\t\t\t\t\t\t\t\t\t\t\t<div class=\"eael-protected-content-message-text\"><p><strong>Wisst ihr schon die Antwort?<\/strong><\/p>\n<\/div>\n\t\t\t\t\t\t\t        <\/div>\n\t\t        <div class=\"eael-password-protected-content-fields\">\n            <form id =\"eael_protected_content_form_56fe460\" name=\"eael_protected_content_form_56fe460\" method=\"post\">\n                <input type=\"password\" name=\"protection_password_56fe460\" class=\"eael-password\"\n                       placeholder=\"Schreibt sie in Gro\u03b2buchstaben\">\n                <input type=\"hidden\" name=\"eael_protected_content_nonce_56fe460\"\n                       value=\"562b4a36fa\">\n                <input type=\"submit\" value=\"OK\"\n                       class=\"eael-submit\">\n\t\t\t\t            <\/form>\n\t                <\/div>\n\t\t\t\t\t\t\t\t\t\t<\/div>\n\t\t\t\t<\/div>\n\t\t\t\t\t<\/div>\n\t\t<\/div>\n\t\t\t\t\t<\/div>\n\t\t<\/section>\n\t\t\t\t<section data-particle_enable=\"false\" data-particle-mobile-disabled=\"false\" class=\"elementor-section elementor-top-section elementor-element elementor-element-15f7fccc elementor-section-boxed elementor-section-height-default elementor-section-height-default\" data-id=\"15f7fccc\" data-element_type=\"section\">\n\t\t\t\t\t\t<div class=\"elementor-container elementor-column-gap-default\">\n\t\t\t\t\t<div class=\"elementor-column elementor-col-100 elementor-top-column elementor-element elementor-element-3a4c6672\" data-id=\"3a4c6672\" data-element_type=\"column\">\n\t\t\t<div class=\"elementor-widget-wrap elementor-element-populated\">\n\t\t\t\t\t\t<div class=\"elementor-element elementor-element-e810417 elementor-widget elementor-widget-eael-adv-accordion\" data-id=\"e810417\" data-element_type=\"widget\" data-widget_type=\"eael-adv-accordion.default\">\n\t\t\t\t<div class=\"elementor-widget-container\">\n\t\t\t\t\t        <div class=\"eael-adv-accordion\" id=\"eael-adv-accordion-e810417\" data-scroll-on-click=\"no\" data-scroll-speed=\"300\" data-accordion-id=\"e810417\" data-accordion-type=\"accordion\" data-toogle-speed=\"300\">\n    <div class=\"eael-accordion-list\">\n                <div id=\"wir-mchten-einen-tipp\" class=\"elementor-tab-title eael-accordion-header\" tabindex=\"0\" data-tab=\"1\" aria-controls=\"elementor-tab-content-2431\"><span class=\"eael-advanced-accordion-icon-closed\"><i aria-hidden=\"true\" class=\"fa-accordion-icon fas fa-puzzle-piece\"><\/i><\/span><span class=\"eael-advanced-accordion-icon-opened\"><i aria-hidden=\"true\" class=\"fa-accordion-icon fas fa-minus\"><\/i><\/span><span class=\"eael-accordion-tab-title\">Wir m\u00f6chten einen Tipp!!!<\/span><i aria-hidden=\"true\" class=\"fa-toggle fas fa-angle-right\"><\/i><\/div><div id=\"elementor-tab-content-2431\" class=\"eael-accordion-content clearfix\" data-tab=\"1\" aria-labelledby=\"wir-mchten-einen-tipp\"><p style=\"text-align: center;\">Das Tor Portal de la Canal war eines der Tore der Stadtmauer von Mont-roig. Und am jedem Turm befinden sich\u00a0<strong>Schie\u00dfscharten<\/strong>&#8230;<\/p>\n<\/div>\n                <\/div><div class=\"eael-accordion-list\">\n                <div id=\"und-wie-ist-die-antwort\" class=\"elementor-tab-title eael-accordion-header\" tabindex=\"0\" data-tab=\"2\" aria-controls=\"elementor-tab-content-2432\"><span class=\"eael-advanced-accordion-icon-closed\"><i aria-hidden=\"true\" class=\"fa-accordion-icon fas fa-key\"><\/i><\/span><span class=\"eael-advanced-accordion-icon-opened\"><i aria-hidden=\"true\" class=\"fa-accordion-icon fas fa-minus\"><\/i><\/span><span class=\"eael-accordion-tab-title\">Und wie ist die Antwort?<\/span><i aria-hidden=\"true\" class=\"fa-toggle fas fa-angle-right\"><\/i><\/div><div id=\"elementor-tab-content-2432\" class=\"eael-accordion-content clearfix\" data-tab=\"2\" aria-labelledby=\"und-wie-ist-die-antwort\"><p style=\"text-align: center;\">Am Turm unter dem Tor befinden sich die Schie\u00dfscharten.<\/p>\n<img fetchpriority=\"high\" decoding=\"async\" class=\"size-medium wp-image-6952 aligncenter\" src=\"https:\/\/elbrogit.com\/wp-content\/uploads\/\/Solucio4-300x194.png\" alt=\"\" width=\"300\" height=\"194\" \/>\n<p style=\"text-align: center;\">Deshalb ist die L\u00f6sung:<\/p>\n<p style=\"text-align: center;\"><strong>5<\/strong><\/p><\/div>\n                <\/div><\/div>\t\t\t\t<\/div>\n\t\t\t\t<\/div>\n\t\t\t\t\t<\/div>\n\t\t<\/div>\n\t\t\t\t\t<\/div>\n\t\t<\/section>\n\t\t\t\t<\/div>\n\t\t","protected":false},"excerpt":{"rendered":"<p>Ihr seid wirklich gut! Meine Forschungen haben mich zu ganz besonderen, geschichtstr\u00e4chtigen Orten gebracht, so wie der, zu dem es jetzt weitergeht! Und jetzt wieder ein kleiner Vers! Da wo wir herkamen, geht es jetzt zur\u00fcck,durch die Stra\u00dfe, die heilt, mit etwas Gl\u00fcck,vorbei an einem dreieckigen Haus,kommen wir am Portal de la Canal heraus. Wir [&hellip;]<\/p>\n","protected":false},"author":5,"featured_media":0,"parent":0,"menu_order":0,"comment_status":"closed","ping_status":"closed","template":"","meta":{"_acf_changed":false,"footnotes":""},"class_list":["post-9723","page","type-page","status-publish","hentry"],"acf":[],"yoast_head":"<!-- This site is optimized with the Yoast SEO plugin v25.1 - https:\/\/yoast.com\/wordpress\/plugins\/seo\/ -->\n<title>mr04deu - Wandern und Wein Tours in Katalonienn<\/title>\n<meta name=\"robots\" content=\"index, follow, max-snippet:-1, max-image-preview:large, max-video-preview:-1\" \/>\n<link rel=\"canonical\" href=\"https:\/\/elbrogit.com\/de\/mr04deu\/\" \/>\n<meta property=\"og:locale\" content=\"de_DE\" \/>\n<meta property=\"og:type\" content=\"article\" \/>\n<meta property=\"og:title\" content=\"mr04deu - Wandern und Wein Tours in Katalonienn\" \/>\n<meta property=\"og:description\" content=\"Ihr seid wirklich gut! Meine Forschungen haben mich zu ganz besonderen, geschichtstr\u00e4chtigen Orten gebracht, so wie der, zu dem es jetzt weitergeht! Und jetzt wieder ein kleiner Vers! Da wo wir herkamen, geht es jetzt zur\u00fcck,durch die Stra\u00dfe, die heilt, mit etwas Gl\u00fcck,vorbei an einem dreieckigen Haus,kommen wir am Portal de la Canal heraus. Wir [&hellip;]\" \/>\n<meta property=\"og:url\" content=\"https:\/\/elbrogit.com\/de\/mr04deu\/\" \/>\n<meta property=\"og:site_name\" content=\"Wandern und Wein Tours in Katalonienn\" \/>\n<meta property=\"article:publisher\" content=\"http:\/\/www.facebook.com\/brogit.guiatges\" \/>\n<meta property=\"article:modified_time\" content=\"2023-08-12T10:09:51+00:00\" \/>\n<meta property=\"og:image\" content=\"https:\/\/elbrogit.com\/wp-content\/uploads\/04_PortalCanal.jpg\" \/>\n<meta name=\"twitter:card\" content=\"summary_large_image\" \/>\n<meta name=\"twitter:site\" content=\"@elbrogit\" \/>\n<meta name=\"twitter:label1\" content=\"Gesch\u00e4tzte Lesezeit\" \/>\n\t<meta name=\"twitter:data1\" content=\"3\u00a0Minuten\" \/>\n<script type=\"application\/ld+json\" class=\"yoast-schema-graph\">{\"@context\":\"https:\/\/schema.org\",\"@graph\":[{\"@type\":\"WebPage\",\"@id\":\"https:\/\/elbrogit.com\/de\/mr04deu\/\",\"url\":\"https:\/\/elbrogit.com\/de\/mr04deu\/\",\"name\":\"mr04deu - Wandern und Wein Tours in Katalonienn\",\"isPartOf\":{\"@id\":\"https:\/\/elbrogit.com\/de\/#website\"},\"primaryImageOfPage\":{\"@id\":\"https:\/\/elbrogit.com\/de\/mr04deu\/#primaryimage\"},\"image\":{\"@id\":\"https:\/\/elbrogit.com\/de\/mr04deu\/#primaryimage\"},\"thumbnailUrl\":\"https:\/\/elbrogit.com\/wp-content\/uploads\/04_PortalCanal.jpg\",\"datePublished\":\"2021-03-23T12:01:48+00:00\",\"dateModified\":\"2023-08-12T10:09:51+00:00\",\"breadcrumb\":{\"@id\":\"https:\/\/elbrogit.com\/de\/mr04deu\/#breadcrumb\"},\"inLanguage\":\"de\",\"potentialAction\":[{\"@type\":\"ReadAction\",\"target\":[\"https:\/\/elbrogit.com\/de\/mr04deu\/\"]}]},{\"@type\":\"ImageObject\",\"inLanguage\":\"de\",\"@id\":\"https:\/\/elbrogit.com\/de\/mr04deu\/#primaryimage\",\"url\":\"https:\/\/elbrogit.com\/wp-content\/uploads\/04_PortalCanal.jpg\",\"contentUrl\":\"https:\/\/elbrogit.com\/wp-content\/uploads\/04_PortalCanal.jpg\"},{\"@type\":\"BreadcrumbList\",\"@id\":\"https:\/\/elbrogit.com\/de\/mr04deu\/#breadcrumb\",\"itemListElement\":[{\"@type\":\"ListItem\",\"position\":1,\"name\":\"Home\",\"item\":\"https:\/\/elbrogit.com\/de\/\"},{\"@type\":\"ListItem\",\"position\":2,\"name\":\"mr04deu\"}]},{\"@type\":\"WebSite\",\"@id\":\"https:\/\/elbrogit.com\/de\/#website\",\"url\":\"https:\/\/elbrogit.com\/de\/\",\"name\":\"Wandern und Wein Tours in Katalonienn\",\"description\":\"Ecotourism, walking, wine tourism and cultural holidays in Catalonia\",\"publisher\":{\"@id\":\"https:\/\/elbrogit.com\/de\/#organization\"},\"potentialAction\":[{\"@type\":\"SearchAction\",\"target\":{\"@type\":\"EntryPoint\",\"urlTemplate\":\"https:\/\/elbrogit.com\/de\/?s={search_term_string}\"},\"query-input\":{\"@type\":\"PropertyValueSpecification\",\"valueRequired\":true,\"valueName\":\"search_term_string\"}}],\"inLanguage\":\"de\"},{\"@type\":\"Organization\",\"@id\":\"https:\/\/elbrogit.com\/de\/#organization\",\"name\":\"Wandern und Wein Tours in Katalonienn\",\"url\":\"https:\/\/elbrogit.com\/de\/\",\"logo\":{\"@type\":\"ImageObject\",\"inLanguage\":\"de\",\"@id\":\"https:\/\/elbrogit.com\/de\/#\/schema\/logo\/image\/\",\"url\":\"https:\/\/elbrogit.com\/wp-content\/uploads\/cropped-LogoBrogitWeb.jpg\",\"contentUrl\":\"https:\/\/elbrogit.com\/wp-content\/uploads\/cropped-LogoBrogitWeb.jpg\",\"width\":161,\"height\":108,\"caption\":\"Wandern und Wein Tours in Katalonienn\"},\"image\":{\"@id\":\"https:\/\/elbrogit.com\/de\/#\/schema\/logo\/image\/\"},\"sameAs\":[\"http:\/\/www.facebook.com\/brogit.guiatges\",\"https:\/\/x.com\/elbrogit\"]}]}<\/script>\n<!-- \/ Yoast SEO plugin. -->","yoast_head_json":{"title":"mr04deu - Wandern und Wein Tours in Katalonienn","robots":{"index":"index","follow":"follow","max-snippet":"max-snippet:-1","max-image-preview":"max-image-preview:large","max-video-preview":"max-video-preview:-1"},"canonical":"https:\/\/elbrogit.com\/de\/mr04deu\/","og_locale":"de_DE","og_type":"article","og_title":"mr04deu - Wandern und Wein Tours in Katalonienn","og_description":"Ihr seid wirklich gut! Meine Forschungen haben mich zu ganz besonderen, geschichtstr\u00e4chtigen Orten gebracht, so wie der, zu dem es jetzt weitergeht! Und jetzt wieder ein kleiner Vers! Da wo wir herkamen, geht es jetzt zur\u00fcck,durch die Stra\u00dfe, die heilt, mit etwas Gl\u00fcck,vorbei an einem dreieckigen Haus,kommen wir am Portal de la Canal heraus. Wir [&hellip;]","og_url":"https:\/\/elbrogit.com\/de\/mr04deu\/","og_site_name":"Wandern und Wein Tours in Katalonienn","article_publisher":"http:\/\/www.facebook.com\/brogit.guiatges","article_modified_time":"2023-08-12T10:09:51+00:00","og_image":[{"url":"https:\/\/elbrogit.com\/wp-content\/uploads\/04_PortalCanal.jpg","type":"","width":"","height":""}],"twitter_card":"summary_large_image","twitter_site":"@elbrogit","twitter_misc":{"Gesch\u00e4tzte Lesezeit":"3\u00a0Minuten"},"schema":{"@context":"https:\/\/schema.org","@graph":[{"@type":"WebPage","@id":"https:\/\/elbrogit.com\/de\/mr04deu\/","url":"https:\/\/elbrogit.com\/de\/mr04deu\/","name":"mr04deu - Wandern und Wein Tours in Katalonienn","isPartOf":{"@id":"https:\/\/elbrogit.com\/de\/#website"},"primaryImageOfPage":{"@id":"https:\/\/elbrogit.com\/de\/mr04deu\/#primaryimage"},"image":{"@id":"https:\/\/elbrogit.com\/de\/mr04deu\/#primaryimage"},"thumbnailUrl":"https:\/\/elbrogit.com\/wp-content\/uploads\/04_PortalCanal.jpg","datePublished":"2021-03-23T12:01:48+00:00","dateModified":"2023-08-12T10:09:51+00:00","breadcrumb":{"@id":"https:\/\/elbrogit.com\/de\/mr04deu\/#breadcrumb"},"inLanguage":"de","potentialAction":[{"@type":"ReadAction","target":["https:\/\/elbrogit.com\/de\/mr04deu\/"]}]},{"@type":"ImageObject","inLanguage":"de","@id":"https:\/\/elbrogit.com\/de\/mr04deu\/#primaryimage","url":"https:\/\/elbrogit.com\/wp-content\/uploads\/04_PortalCanal.jpg","contentUrl":"https:\/\/elbrogit.com\/wp-content\/uploads\/04_PortalCanal.jpg"},{"@type":"BreadcrumbList","@id":"https:\/\/elbrogit.com\/de\/mr04deu\/#breadcrumb","itemListElement":[{"@type":"ListItem","position":1,"name":"Home","item":"https:\/\/elbrogit.com\/de\/"},{"@type":"ListItem","position":2,"name":"mr04deu"}]},{"@type":"WebSite","@id":"https:\/\/elbrogit.com\/de\/#website","url":"https:\/\/elbrogit.com\/de\/","name":"Wandern und Wein Tours in Katalonienn","description":"Ecotourism, walking, wine tourism and cultural holidays in Catalonia","publisher":{"@id":"https:\/\/elbrogit.com\/de\/#organization"},"potentialAction":[{"@type":"SearchAction","target":{"@type":"EntryPoint","urlTemplate":"https:\/\/elbrogit.com\/de\/?s={search_term_string}"},"query-input":{"@type":"PropertyValueSpecification","valueRequired":true,"valueName":"search_term_string"}}],"inLanguage":"de"},{"@type":"Organization","@id":"https:\/\/elbrogit.com\/de\/#organization","name":"Wandern und Wein Tours in Katalonienn","url":"https:\/\/elbrogit.com\/de\/","logo":{"@type":"ImageObject","inLanguage":"de","@id":"https:\/\/elbrogit.com\/de\/#\/schema\/logo\/image\/","url":"https:\/\/elbrogit.com\/wp-content\/uploads\/cropped-LogoBrogitWeb.jpg","contentUrl":"https:\/\/elbrogit.com\/wp-content\/uploads\/cropped-LogoBrogitWeb.jpg","width":161,"height":108,"caption":"Wandern und Wein Tours in Katalonienn"},"image":{"@id":"https:\/\/elbrogit.com\/de\/#\/schema\/logo\/image\/"},"sameAs":["http:\/\/www.facebook.com\/brogit.guiatges","https:\/\/x.com\/elbrogit"]}]}},"jetpack_sharing_enabled":true,"_links":{"self":[{"href":"https:\/\/elbrogit.com\/de\/wp-json\/wp\/v2\/pages\/9723","targetHints":{"allow":["GET"]}}],"collection":[{"href":"https:\/\/elbrogit.com\/de\/wp-json\/wp\/v2\/pages"}],"about":[{"href":"https:\/\/elbrogit.com\/de\/wp-json\/wp\/v2\/types\/page"}],"author":[{"embeddable":true,"href":"https:\/\/elbrogit.com\/de\/wp-json\/wp\/v2\/users\/5"}],"replies":[{"embeddable":true,"href":"https:\/\/elbrogit.com\/de\/wp-json\/wp\/v2\/comments?post=9723"}],"version-history":[{"count":5,"href":"https:\/\/elbrogit.com\/de\/wp-json\/wp\/v2\/pages\/9723\/revisions"}],"predecessor-version":[{"id":12594,"href":"https:\/\/elbrogit.com\/de\/wp-json\/wp\/v2\/pages\/9723\/revisions\/12594"}],"wp:attachment":[{"href":"https:\/\/elbrogit.com\/de\/wp-json\/wp\/v2\/media?parent=9723"}],"curies":[{"name":"wp","href":"https:\/\/api.w.org\/{rel}","templated":true}]}}