{"id":9727,"date":"2021-03-23T13:15:35","date_gmt":"2021-03-23T12:15:35","guid":{"rendered":"https:\/\/elbrogit.com\/mr06deu\/"},"modified":"2023-07-11T11:49:00","modified_gmt":"2023-07-11T09:49:00","slug":"mr06deu","status":"publish","type":"page","link":"https:\/\/elbrogit.com\/de\/mr06deu\/","title":{"rendered":"mr06deu"},"content":{"rendered":"\t\t<div data-elementor-type=\"wp-page\" data-elementor-id=\"9727\" class=\"elementor elementor-9727 elementor-6985\" data-elementor-post-type=\"page\">\n\t\t\t\t\t\t<section data-particle_enable=\"false\" data-particle-mobile-disabled=\"false\" class=\"elementor-section elementor-top-section elementor-element elementor-element-68f54f07 elementor-section-boxed elementor-section-height-default elementor-section-height-default\" data-id=\"68f54f07\" data-element_type=\"section\" data-settings=\"{&quot;background_background&quot;:&quot;classic&quot;}\">\n\t\t\t\t\t\t<div class=\"elementor-container elementor-column-gap-default\">\n\t\t\t\t\t<div class=\"elementor-column elementor-col-100 elementor-top-column elementor-element elementor-element-3f13af9a\" data-id=\"3f13af9a\" data-element_type=\"column\">\n\t\t\t<div class=\"elementor-widget-wrap elementor-element-populated\">\n\t\t\t\t\t\t<div class=\"elementor-element elementor-element-4835e7df elementor-widget elementor-widget-image\" data-id=\"4835e7df\" data-element_type=\"widget\" data-widget_type=\"image.default\">\n\t\t\t\t<div class=\"elementor-widget-container\">\n\t\t\t\t\t\t\t\t\t\t\t\t\t\t\t<img decoding=\"async\" src=\"https:\/\/elbrogit.com\/wp-content\/uploads\/06_ArcsAigua.jpg\" title=\"\" alt=\"\" loading=\"lazy\" \/>\t\t\t\t\t\t\t\t\t\t\t\t\t\t\t<\/div>\n\t\t\t\t<\/div>\n\t\t\t\t\t<\/div>\n\t\t<\/div>\n\t\t\t\t\t<\/div>\n\t\t<\/section>\n\t\t\t\t<section data-particle_enable=\"false\" data-particle-mobile-disabled=\"false\" class=\"elementor-section elementor-top-section elementor-element elementor-element-76461353 elementor-section-boxed elementor-section-height-default elementor-section-height-default\" data-id=\"76461353\" data-element_type=\"section\">\n\t\t\t\t\t\t<div class=\"elementor-container elementor-column-gap-default\">\n\t\t\t\t\t<div class=\"elementor-column elementor-col-50 elementor-top-column elementor-element elementor-element-40772b01\" data-id=\"40772b01\" data-element_type=\"column\">\n\t\t\t<div class=\"elementor-widget-wrap elementor-element-populated\">\n\t\t\t\t\t\t<div class=\"elementor-element elementor-element-255a9f57 elementor-widget__width-initial elementor-absolute elementor-widget-mobile__width-initial elementor-widget elementor-widget-image\" data-id=\"255a9f57\" data-element_type=\"widget\" data-settings=\"{&quot;_position&quot;:&quot;absolute&quot;}\" data-widget_type=\"image.default\">\n\t\t\t\t<div class=\"elementor-widget-container\">\n\t\t\t\t\t\t\t\t\t\t\t\t\t\t\t<img decoding=\"async\" width=\"145\" height=\"250\" src=\"https:\/\/elbrogit.com\/wp-content\/uploads\/Avatar06_Ohhh.png\" class=\"attachment-full size-full wp-image-8259\" alt=\"\" \/>\t\t\t\t\t\t\t\t\t\t\t\t\t\t\t<\/div>\n\t\t\t\t<\/div>\n\t\t\t\t\t<\/div>\n\t\t<\/div>\n\t\t\t\t<div class=\"elementor-column elementor-col-50 elementor-top-column elementor-element elementor-element-37ba1945\" data-id=\"37ba1945\" data-element_type=\"column\">\n\t\t\t<div class=\"elementor-widget-wrap elementor-element-populated\">\n\t\t\t\t\t\t<div class=\"elementor-element elementor-element-250cf258 elementor-widget__width-inherit elementor-widget elementor-widget-text-editor\" data-id=\"250cf258\" data-element_type=\"widget\" data-widget_type=\"text-editor.default\">\n\t\t\t\t<div class=\"elementor-widget-container\">\n\t\t\t\t\t\t\t\t\t<p style=\"text-align: center;\">Sehr gut!<\/p>\n<p style=\"text-align: center;\">Vielleicht begann die Person, die wir suchen, sich f\u00fcr die Meeresfauna zu interessieren, als er die Tierfiguren am Waschplatz und am Wasserablauf, wo wir gleich hingehen, beobachtet hat? Lasst uns mal dorthin gehen, mal sehen, was ihr davon haltet!<\/p>\n<p style=\"text-align: center;\">Fertig f\u00fcr den n\u00e4chsten Vers?<\/p>\n<p style=\"text-align: center;\"><strong>Auf der linken Seite, von wo wir kamen,<\/strong><br \/><strong>um dann entlang der Gartenmauer zu gehen,<\/strong><br \/><strong>ist es, wo wir eine enge Gassen nahmen,<\/strong><br \/><strong>um wundersch\u00f6ne Strebepfeiler zu sehen.<\/strong><\/p>\n\t\t\t\t\t\t\t\t<\/div>\n\t\t\t\t<\/div>\n\t\t\t\t<section data-particle_enable=\"false\" data-particle-mobile-disabled=\"false\" class=\"elementor-section elementor-inner-section elementor-element elementor-element-ec70f06 elementor-section-boxed elementor-section-height-default elementor-section-height-default\" data-id=\"ec70f06\" data-element_type=\"section\">\n\t\t\t\t\t\t<div class=\"elementor-container elementor-column-gap-default\">\n\t\t\t\t\t<div class=\"elementor-column elementor-col-50 elementor-inner-column elementor-element elementor-element-d8b592f\" data-id=\"d8b592f\" data-element_type=\"column\">\n\t\t\t<div class=\"elementor-widget-wrap elementor-element-populated\">\n\t\t\t\t\t\t<div class=\"elementor-element elementor-element-10a8384 elementor-absolute elementor-widget-mobile__width-initial elementor-widget elementor-widget-image\" data-id=\"10a8384\" data-element_type=\"widget\" data-settings=\"{&quot;_position&quot;:&quot;absolute&quot;}\" data-widget_type=\"image.default\">\n\t\t\t\t<div class=\"elementor-widget-container\">\n\t\t\t\t\t\t\t\t\t\t\t\t\t\t\t<img decoding=\"async\" src=\"https:\/\/elbrogit.com\/wp-content\/uploads\/PuntetsEnigmaVermell.png\" title=\"\" alt=\"\" loading=\"lazy\" \/>\t\t\t\t\t\t\t\t\t\t\t\t\t\t\t<\/div>\n\t\t\t\t<\/div>\n\t\t\t\t\t<\/div>\n\t\t<\/div>\n\t\t\t\t<div class=\"elementor-column elementor-col-50 elementor-inner-column elementor-element elementor-element-fb3e446\" data-id=\"fb3e446\" data-element_type=\"column\">\n\t\t\t<div class=\"elementor-widget-wrap\">\n\t\t\t\t\t\t\t<\/div>\n\t\t<\/div>\n\t\t\t\t\t<\/div>\n\t\t<\/section>\n\t\t\t\t<div class=\"elementor-element elementor-element-24c7846 elementor-align-center elementor-widget elementor-widget-button\" data-id=\"24c7846\" data-element_type=\"widget\" data-widget_type=\"button.default\">\n\t\t\t\t<div class=\"elementor-widget-container\">\n\t\t\t\t\t\t\t\t\t<div class=\"elementor-button-wrapper\">\n\t\t\t\t\t<a class=\"elementor-button elementor-button-link elementor-size-md\" href=\"https:\/\/goo.gl\/maps\/B6DamjEDhhrPTtzW7\" target=\"_blank\">\n\t\t\t\t\t\t<span class=\"elementor-button-content-wrapper\">\n\t\t\t\t\t\t<span class=\"elementor-button-icon\">\n\t\t\t\t<i aria-hidden=\"true\" class=\"fas fa-map-marker-alt\"><\/i>\t\t\t<\/span>\n\t\t\t\t\t\t\t\t\t<span class=\"elementor-button-text\">Wir finden es nicht<\/span>\n\t\t\t\t\t<\/span>\n\t\t\t\t\t<\/a>\n\t\t\t\t<\/div>\n\t\t\t\t\t\t\t\t<\/div>\n\t\t\t\t<\/div>\n\t\t\t\t\t<\/div>\n\t\t<\/div>\n\t\t\t\t\t<\/div>\n\t\t<\/section>\n\t\t\t\t<section data-particle_enable=\"false\" data-particle-mobile-disabled=\"false\" class=\"elementor-section elementor-top-section elementor-element elementor-element-25bdb3d4 elementor-section-boxed elementor-section-height-default elementor-section-height-default\" data-id=\"25bdb3d4\" data-element_type=\"section\">\n\t\t\t\t\t\t<div class=\"elementor-container elementor-column-gap-default\">\n\t\t\t\t\t<div class=\"elementor-column elementor-col-100 elementor-top-column elementor-element elementor-element-d5729b2\" data-id=\"d5729b2\" data-element_type=\"column\">\n\t\t\t<div class=\"elementor-widget-wrap elementor-element-populated\">\n\t\t\t\t\t\t<div class=\"elementor-element elementor-element-6cf5be2f elementor-widget__width-inherit elementor-widget elementor-widget-text-editor\" data-id=\"6cf5be2f\" data-element_type=\"widget\" data-widget_type=\"text-editor.default\">\n\t\t\t\t<div class=\"elementor-widget-container\">\n\t\t\t\t\t\t\t\t\t<p><strong><img decoding=\"async\" class=\" wp-image-8533 alignleft\" src=\"https:\/\/elbrogit.com\/wp-content\/uploads\/LupaInfo.png\" alt=\"\" width=\"45\" height=\"41\" \/>Information:<\/strong> In der Ebene Camp de Tarragona war das Bew\u00e4sserungssystem mit den unterirdischen Kan\u00e4len \u00fcberaus wichtig f\u00fcr die Gem\u00fcseg\u00e4rten. Hier seht ihr La Mina de les Hortes, also den Bew\u00e4sserungskanal der G\u00e4rten, der auch das gleichnamige Waschhaus versorgte. Das Wasser aus diesem Kanal flie\u00dft in der S\u00e8quia de l\u2019Horta weiter und bew\u00e4ssert weitere G\u00e4rten und dann flie\u00dft es kanalisiert durch einen k\u00fchlen Gang unter den St\u00fctzpfeilern einer alten Mauer.<\/p>\n\t\t\t\t\t\t\t\t<\/div>\n\t\t\t\t<\/div>\n\t\t\t\t\t<\/div>\n\t\t<\/div>\n\t\t\t\t\t<\/div>\n\t\t<\/section>\n\t\t\t\t<section data-particle_enable=\"false\" data-particle-mobile-disabled=\"false\" class=\"elementor-section elementor-top-section elementor-element elementor-element-3fba85ed elementor-section-boxed elementor-section-height-default elementor-section-height-default\" data-id=\"3fba85ed\" data-element_type=\"section\">\n\t\t\t\t\t\t<div class=\"elementor-container elementor-column-gap-default\">\n\t\t\t\t\t<div class=\"elementor-column elementor-col-100 elementor-top-column elementor-element elementor-element-2715468e\" data-id=\"2715468e\" data-element_type=\"column\">\n\t\t\t<div class=\"elementor-widget-wrap elementor-element-populated\">\n\t\t\t\t\t\t<div class=\"elementor-element elementor-element-2f60d853 elementor-widget__width-inherit elementor-widget elementor-widget-text-editor\" data-id=\"2f60d853\" data-element_type=\"widget\" data-widget_type=\"text-editor.default\">\n\t\t\t\t<div class=\"elementor-widget-container\">\n\t\t\t\t\t\t\t\t\t<p style=\"text-align: center;\"><span style=\"border: 0px; margin: 0px; padding: 0px; font-weight: bold; color: #ffffff; font-family: -apple-system, system-ui, BlinkMacSystemFont, 'Segoe UI', Helvetica, Arial, sans-serif, 'Apple Color Emoji', 'Segoe UI Emoji', 'Segoe UI Symbol'; font-size: 17px;\">Was f\u00fcr ein seltsamer Fels befindet sich in dieser Mauer!<br \/>Wenn ihr den Felsen findet, dann geben euch die<br \/>\nStrebepfeiler, erst die auf seiner rechten Seite,<br \/>dann<br \/>\ndie auf der linken Seite,<br \/>den Code.<\/span><\/p>\n<p><img fetchpriority=\"high\" decoding=\"async\" class=\"size-medium wp-image-6993 aligncenter\" src=\"https:\/\/elbrogit.com\/wp-content\/uploads\/IMG_20200523_200402-300x225.jpg\" alt=\"\" width=\"300\" height=\"225\" \/><\/p>\n<p style=\"text-align: center;\"><strong>(3 Ziffern)<\/strong><\/p>\n\t\t\t\t\t\t\t\t<\/div>\n\t\t\t\t<\/div>\n\t\t\t\t<section data-particle_enable=\"false\" data-particle-mobile-disabled=\"false\" class=\"elementor-section elementor-inner-section elementor-element elementor-element-98d11ce elementor-section-boxed elementor-section-height-default elementor-section-height-default\" data-id=\"98d11ce\" data-element_type=\"section\">\n\t\t\t\t\t\t<div class=\"elementor-container elementor-column-gap-default\">\n\t\t\t\t\t<div class=\"elementor-column elementor-col-50 elementor-inner-column elementor-element elementor-element-238aabe\" data-id=\"238aabe\" data-element_type=\"column\">\n\t\t\t<div class=\"elementor-widget-wrap\">\n\t\t\t\t\t\t\t<\/div>\n\t\t<\/div>\n\t\t\t\t<div class=\"elementor-column elementor-col-50 elementor-inner-column elementor-element elementor-element-8ccfec6\" data-id=\"8ccfec6\" data-element_type=\"column\">\n\t\t\t<div class=\"elementor-widget-wrap elementor-element-populated\">\n\t\t\t\t\t\t<div class=\"elementor-element elementor-element-b04db63 elementor-absolute elementor-widget-mobile__width-initial elementor-widget elementor-widget-image\" data-id=\"b04db63\" data-element_type=\"widget\" data-settings=\"{&quot;_position&quot;:&quot;absolute&quot;}\" data-widget_type=\"image.default\">\n\t\t\t\t<div class=\"elementor-widget-container\">\n\t\t\t\t\t\t\t\t\t\t\t\t\t\t\t<img decoding=\"async\" src=\"https:\/\/elbrogit.com\/wp-content\/uploads\/PuntetsEnigma.png\" title=\"\" alt=\"\" loading=\"lazy\" \/>\t\t\t\t\t\t\t\t\t\t\t\t\t\t\t<\/div>\n\t\t\t\t<\/div>\n\t\t\t\t\t<\/div>\n\t\t<\/div>\n\t\t\t\t\t<\/div>\n\t\t<\/section>\n\t\t\t\t\t<\/div>\n\t\t<\/div>\n\t\t\t\t\t<\/div>\n\t\t<\/section>\n\t\t\t\t<section data-particle_enable=\"false\" data-particle-mobile-disabled=\"false\" class=\"elementor-section elementor-top-section elementor-element elementor-element-9d30cd9 elementor-section-boxed elementor-section-height-default elementor-section-height-default\" data-id=\"9d30cd9\" data-element_type=\"section\">\n\t\t\t\t\t\t<div class=\"elementor-container elementor-column-gap-default\">\n\t\t\t\t\t<div class=\"elementor-column elementor-col-100 elementor-top-column elementor-element elementor-element-f6dda31\" data-id=\"f6dda31\" data-element_type=\"column\">\n\t\t\t<div class=\"elementor-widget-wrap elementor-element-populated\">\n\t\t\t\t\t\t<div class=\"elementor-element elementor-element-56fe460 elementor-widget elementor-widget-eael-protected-content\" data-id=\"56fe460\" data-element_type=\"widget\" data-widget_type=\"eael-protected-content.default\">\n\t\t\t\t<div class=\"elementor-widget-container\">\n\t\t\t\t\t\t\t\t        <div class=\"eael-protected-content-message\">\n\t\t\t\t\t\t\t\t\t\t\t\t<div class=\"eael-protected-content-message-text\"><p><strong>Wisst ihr schon die Antwort?<\/strong><\/p>\n<\/div>\n\t\t\t\t\t\t\t        <\/div>\n\t\t        <div class=\"eael-password-protected-content-fields\">\n            <form id =\"eael_protected_content_form_56fe460\" name=\"eael_protected_content_form_56fe460\" method=\"post\">\n                <input type=\"password\" name=\"protection_password_56fe460\" class=\"eael-password\"\n                       placeholder=\"Schreibt sie in Gro\u03b2buchstaben\">\n                <input type=\"hidden\" name=\"eael_protected_content_nonce_56fe460\"\n                       value=\"c4403d3d9d\">\n                <input type=\"submit\" value=\"OK\"\n                       class=\"eael-submit\">\n\t\t\t\t            <\/form>\n\t                <\/div>\n\t\t\t\t\t\t\t\t\t\t<\/div>\n\t\t\t\t<\/div>\n\t\t\t\t\t<\/div>\n\t\t<\/div>\n\t\t\t\t\t<\/div>\n\t\t<\/section>\n\t\t\t\t<section data-particle_enable=\"false\" data-particle-mobile-disabled=\"false\" class=\"elementor-section elementor-top-section elementor-element elementor-element-15f7fccc elementor-section-boxed elementor-section-height-default elementor-section-height-default\" data-id=\"15f7fccc\" data-element_type=\"section\">\n\t\t\t\t\t\t<div class=\"elementor-container elementor-column-gap-default\">\n\t\t\t\t\t<div class=\"elementor-column elementor-col-100 elementor-top-column elementor-element elementor-element-3a4c6672\" data-id=\"3a4c6672\" data-element_type=\"column\">\n\t\t\t<div class=\"elementor-widget-wrap elementor-element-populated\">\n\t\t\t\t\t\t<div class=\"elementor-element elementor-element-e810417 elementor-widget elementor-widget-eael-adv-accordion\" data-id=\"e810417\" data-element_type=\"widget\" data-widget_type=\"eael-adv-accordion.default\">\n\t\t\t\t<div class=\"elementor-widget-container\">\n\t\t\t\t\t        <div class=\"eael-adv-accordion\" id=\"eael-adv-accordion-e810417\" data-scroll-on-click=\"no\" data-scroll-speed=\"300\" data-accordion-id=\"e810417\" data-accordion-type=\"accordion\" data-toogle-speed=\"300\">\n    <div class=\"eael-accordion-list\">\n                <div id=\"wir-mchten-einen-tipp\" class=\"elementor-tab-title eael-accordion-header\" tabindex=\"0\" data-tab=\"1\" aria-controls=\"elementor-tab-content-2431\"><span class=\"eael-advanced-accordion-icon-closed\"><i aria-hidden=\"true\" class=\"fa-accordion-icon fas fa-puzzle-piece\"><\/i><\/span><span class=\"eael-advanced-accordion-icon-opened\"><i aria-hidden=\"true\" class=\"fa-accordion-icon fas fa-minus\"><\/i><\/span><span class=\"eael-accordion-tab-title\">Wir m\u00f6chten einen Tipp!!!<\/span><i aria-hidden=\"true\" class=\"fa-toggle fas fa-angle-right\"><\/i><\/div><div id=\"elementor-tab-content-2431\" class=\"eael-accordion-content clearfix\" data-tab=\"1\" aria-labelledby=\"wir-mchten-einen-tipp\"><p style=\"text-align: center;\">Um zu dem Felsen zu gelangen, seid ihr bereits an sehr vielen\u00a0<strong>Strebepfeilern<\/strong>\u00a0vorbei gekommen, und nach dem Felsen kommen noch ein paar mehr.<\/p>\n<\/div>\n                <\/div><div class=\"eael-accordion-list\">\n                <div id=\"und-wie-ist-die-antwort\" class=\"elementor-tab-title eael-accordion-header\" tabindex=\"0\" data-tab=\"2\" aria-controls=\"elementor-tab-content-2432\"><span class=\"eael-advanced-accordion-icon-closed\"><i aria-hidden=\"true\" class=\"fa-accordion-icon fas fa-key\"><\/i><\/span><span class=\"eael-advanced-accordion-icon-opened\"><i aria-hidden=\"true\" class=\"fa-accordion-icon fas fa-minus\"><\/i><\/span><span class=\"eael-accordion-tab-title\">Und wie ist die Antwort?<\/span><i aria-hidden=\"true\" class=\"fa-toggle fas fa-angle-right\"><\/i><\/div><div id=\"elementor-tab-content-2432\" class=\"eael-accordion-content clearfix\" data-tab=\"2\" aria-labelledby=\"und-wie-ist-die-antwort\"><p style=\"text-align: center;\">Die L\u00f6sung ist es, die Strebepfeiler bis zu dem Stein (das sind 18) zu z\u00e4hlen, und dann die nach dem Stein (4).<\/p>\n<p style=\"text-align: center;\"><strong>Der Code sind die beiden Nummern hintereinander: <\/strong><\/p>\n<p style=\"text-align: center;\"><strong>184<\/strong><\/p>\n<\/div>\n                <\/div><\/div>\t\t\t\t<\/div>\n\t\t\t\t<\/div>\n\t\t\t\t\t<\/div>\n\t\t<\/div>\n\t\t\t\t\t<\/div>\n\t\t<\/section>\n\t\t\t\t<\/div>\n\t\t","protected":false},"excerpt":{"rendered":"<p>Sehr gut! Vielleicht begann die Person, die wir suchen, sich f\u00fcr die Meeresfauna zu interessieren, als er die Tierfiguren am Waschplatz und am Wasserablauf, wo wir gleich hingehen, beobachtet hat? Lasst uns mal dorthin gehen, mal sehen, was ihr davon haltet! Fertig f\u00fcr den n\u00e4chsten Vers? Auf der linken Seite, von wo wir kamen,um dann [&hellip;]<\/p>\n","protected":false},"author":5,"featured_media":0,"parent":0,"menu_order":0,"comment_status":"closed","ping_status":"closed","template":"","meta":{"_acf_changed":false,"footnotes":""},"class_list":["post-9727","page","type-page","status-publish","hentry"],"acf":[],"yoast_head":"<!-- This site is optimized with the Yoast SEO plugin v25.1 - https:\/\/yoast.com\/wordpress\/plugins\/seo\/ -->\n<title>mr06deu - Wandern und Wein Tours in Katalonienn<\/title>\n<meta name=\"robots\" content=\"index, follow, max-snippet:-1, max-image-preview:large, max-video-preview:-1\" \/>\n<link rel=\"canonical\" href=\"https:\/\/elbrogit.com\/de\/mr06deu\/\" \/>\n<meta property=\"og:locale\" content=\"de_DE\" \/>\n<meta property=\"og:type\" content=\"article\" \/>\n<meta property=\"og:title\" content=\"mr06deu - Wandern und Wein Tours in Katalonienn\" \/>\n<meta property=\"og:description\" content=\"Sehr gut! Vielleicht begann die Person, die wir suchen, sich f\u00fcr die Meeresfauna zu interessieren, als er die Tierfiguren am Waschplatz und am Wasserablauf, wo wir gleich hingehen, beobachtet hat? Lasst uns mal dorthin gehen, mal sehen, was ihr davon haltet! Fertig f\u00fcr den n\u00e4chsten Vers? Auf der linken Seite, von wo wir kamen,um dann [&hellip;]\" \/>\n<meta property=\"og:url\" content=\"https:\/\/elbrogit.com\/de\/mr06deu\/\" \/>\n<meta property=\"og:site_name\" content=\"Wandern und Wein Tours in Katalonienn\" \/>\n<meta property=\"article:publisher\" content=\"http:\/\/www.facebook.com\/brogit.guiatges\" \/>\n<meta property=\"article:modified_time\" content=\"2023-07-11T09:49:00+00:00\" \/>\n<meta property=\"og:image\" content=\"https:\/\/elbrogit.com\/wp-content\/uploads\/06_ArcsAigua.jpg\" \/>\n<meta name=\"twitter:card\" content=\"summary_large_image\" \/>\n<meta name=\"twitter:site\" content=\"@elbrogit\" \/>\n<meta name=\"twitter:label1\" content=\"Gesch\u00e4tzte Lesezeit\" \/>\n\t<meta name=\"twitter:data1\" content=\"3\u00a0Minuten\" \/>\n<script type=\"application\/ld+json\" class=\"yoast-schema-graph\">{\"@context\":\"https:\/\/schema.org\",\"@graph\":[{\"@type\":\"WebPage\",\"@id\":\"https:\/\/elbrogit.com\/de\/mr06deu\/\",\"url\":\"https:\/\/elbrogit.com\/de\/mr06deu\/\",\"name\":\"mr06deu - Wandern und Wein Tours in Katalonienn\",\"isPartOf\":{\"@id\":\"https:\/\/elbrogit.com\/de\/#website\"},\"primaryImageOfPage\":{\"@id\":\"https:\/\/elbrogit.com\/de\/mr06deu\/#primaryimage\"},\"image\":{\"@id\":\"https:\/\/elbrogit.com\/de\/mr06deu\/#primaryimage\"},\"thumbnailUrl\":\"https:\/\/elbrogit.com\/wp-content\/uploads\/06_ArcsAigua.jpg\",\"datePublished\":\"2021-03-23T12:15:35+00:00\",\"dateModified\":\"2023-07-11T09:49:00+00:00\",\"breadcrumb\":{\"@id\":\"https:\/\/elbrogit.com\/de\/mr06deu\/#breadcrumb\"},\"inLanguage\":\"de\",\"potentialAction\":[{\"@type\":\"ReadAction\",\"target\":[\"https:\/\/elbrogit.com\/de\/mr06deu\/\"]}]},{\"@type\":\"ImageObject\",\"inLanguage\":\"de\",\"@id\":\"https:\/\/elbrogit.com\/de\/mr06deu\/#primaryimage\",\"url\":\"https:\/\/elbrogit.com\/wp-content\/uploads\/06_ArcsAigua.jpg\",\"contentUrl\":\"https:\/\/elbrogit.com\/wp-content\/uploads\/06_ArcsAigua.jpg\"},{\"@type\":\"BreadcrumbList\",\"@id\":\"https:\/\/elbrogit.com\/de\/mr06deu\/#breadcrumb\",\"itemListElement\":[{\"@type\":\"ListItem\",\"position\":1,\"name\":\"Home\",\"item\":\"https:\/\/elbrogit.com\/de\/\"},{\"@type\":\"ListItem\",\"position\":2,\"name\":\"mr06deu\"}]},{\"@type\":\"WebSite\",\"@id\":\"https:\/\/elbrogit.com\/de\/#website\",\"url\":\"https:\/\/elbrogit.com\/de\/\",\"name\":\"Wandern und Wein Tours in Katalonienn\",\"description\":\"Ecotourism, walking, wine tourism and cultural holidays in Catalonia\",\"publisher\":{\"@id\":\"https:\/\/elbrogit.com\/de\/#organization\"},\"potentialAction\":[{\"@type\":\"SearchAction\",\"target\":{\"@type\":\"EntryPoint\",\"urlTemplate\":\"https:\/\/elbrogit.com\/de\/?s={search_term_string}\"},\"query-input\":{\"@type\":\"PropertyValueSpecification\",\"valueRequired\":true,\"valueName\":\"search_term_string\"}}],\"inLanguage\":\"de\"},{\"@type\":\"Organization\",\"@id\":\"https:\/\/elbrogit.com\/de\/#organization\",\"name\":\"Wandern und Wein Tours in Katalonienn\",\"url\":\"https:\/\/elbrogit.com\/de\/\",\"logo\":{\"@type\":\"ImageObject\",\"inLanguage\":\"de\",\"@id\":\"https:\/\/elbrogit.com\/de\/#\/schema\/logo\/image\/\",\"url\":\"https:\/\/elbrogit.com\/wp-content\/uploads\/cropped-LogoBrogitWeb.jpg\",\"contentUrl\":\"https:\/\/elbrogit.com\/wp-content\/uploads\/cropped-LogoBrogitWeb.jpg\",\"width\":161,\"height\":108,\"caption\":\"Wandern und Wein Tours in Katalonienn\"},\"image\":{\"@id\":\"https:\/\/elbrogit.com\/de\/#\/schema\/logo\/image\/\"},\"sameAs\":[\"http:\/\/www.facebook.com\/brogit.guiatges\",\"https:\/\/x.com\/elbrogit\"]}]}<\/script>\n<!-- \/ Yoast SEO plugin. -->","yoast_head_json":{"title":"mr06deu - Wandern und Wein Tours in Katalonienn","robots":{"index":"index","follow":"follow","max-snippet":"max-snippet:-1","max-image-preview":"max-image-preview:large","max-video-preview":"max-video-preview:-1"},"canonical":"https:\/\/elbrogit.com\/de\/mr06deu\/","og_locale":"de_DE","og_type":"article","og_title":"mr06deu - Wandern und Wein Tours in Katalonienn","og_description":"Sehr gut! Vielleicht begann die Person, die wir suchen, sich f\u00fcr die Meeresfauna zu interessieren, als er die Tierfiguren am Waschplatz und am Wasserablauf, wo wir gleich hingehen, beobachtet hat? Lasst uns mal dorthin gehen, mal sehen, was ihr davon haltet! Fertig f\u00fcr den n\u00e4chsten Vers? Auf der linken Seite, von wo wir kamen,um dann [&hellip;]","og_url":"https:\/\/elbrogit.com\/de\/mr06deu\/","og_site_name":"Wandern und Wein Tours in Katalonienn","article_publisher":"http:\/\/www.facebook.com\/brogit.guiatges","article_modified_time":"2023-07-11T09:49:00+00:00","og_image":[{"url":"https:\/\/elbrogit.com\/wp-content\/uploads\/06_ArcsAigua.jpg","type":"","width":"","height":""}],"twitter_card":"summary_large_image","twitter_site":"@elbrogit","twitter_misc":{"Gesch\u00e4tzte Lesezeit":"3\u00a0Minuten"},"schema":{"@context":"https:\/\/schema.org","@graph":[{"@type":"WebPage","@id":"https:\/\/elbrogit.com\/de\/mr06deu\/","url":"https:\/\/elbrogit.com\/de\/mr06deu\/","name":"mr06deu - Wandern und Wein Tours in Katalonienn","isPartOf":{"@id":"https:\/\/elbrogit.com\/de\/#website"},"primaryImageOfPage":{"@id":"https:\/\/elbrogit.com\/de\/mr06deu\/#primaryimage"},"image":{"@id":"https:\/\/elbrogit.com\/de\/mr06deu\/#primaryimage"},"thumbnailUrl":"https:\/\/elbrogit.com\/wp-content\/uploads\/06_ArcsAigua.jpg","datePublished":"2021-03-23T12:15:35+00:00","dateModified":"2023-07-11T09:49:00+00:00","breadcrumb":{"@id":"https:\/\/elbrogit.com\/de\/mr06deu\/#breadcrumb"},"inLanguage":"de","potentialAction":[{"@type":"ReadAction","target":["https:\/\/elbrogit.com\/de\/mr06deu\/"]}]},{"@type":"ImageObject","inLanguage":"de","@id":"https:\/\/elbrogit.com\/de\/mr06deu\/#primaryimage","url":"https:\/\/elbrogit.com\/wp-content\/uploads\/06_ArcsAigua.jpg","contentUrl":"https:\/\/elbrogit.com\/wp-content\/uploads\/06_ArcsAigua.jpg"},{"@type":"BreadcrumbList","@id":"https:\/\/elbrogit.com\/de\/mr06deu\/#breadcrumb","itemListElement":[{"@type":"ListItem","position":1,"name":"Home","item":"https:\/\/elbrogit.com\/de\/"},{"@type":"ListItem","position":2,"name":"mr06deu"}]},{"@type":"WebSite","@id":"https:\/\/elbrogit.com\/de\/#website","url":"https:\/\/elbrogit.com\/de\/","name":"Wandern und Wein Tours in Katalonienn","description":"Ecotourism, walking, wine tourism and cultural holidays in Catalonia","publisher":{"@id":"https:\/\/elbrogit.com\/de\/#organization"},"potentialAction":[{"@type":"SearchAction","target":{"@type":"EntryPoint","urlTemplate":"https:\/\/elbrogit.com\/de\/?s={search_term_string}"},"query-input":{"@type":"PropertyValueSpecification","valueRequired":true,"valueName":"search_term_string"}}],"inLanguage":"de"},{"@type":"Organization","@id":"https:\/\/elbrogit.com\/de\/#organization","name":"Wandern und Wein Tours in Katalonienn","url":"https:\/\/elbrogit.com\/de\/","logo":{"@type":"ImageObject","inLanguage":"de","@id":"https:\/\/elbrogit.com\/de\/#\/schema\/logo\/image\/","url":"https:\/\/elbrogit.com\/wp-content\/uploads\/cropped-LogoBrogitWeb.jpg","contentUrl":"https:\/\/elbrogit.com\/wp-content\/uploads\/cropped-LogoBrogitWeb.jpg","width":161,"height":108,"caption":"Wandern und Wein Tours in Katalonienn"},"image":{"@id":"https:\/\/elbrogit.com\/de\/#\/schema\/logo\/image\/"},"sameAs":["http:\/\/www.facebook.com\/brogit.guiatges","https:\/\/x.com\/elbrogit"]}]}},"jetpack_sharing_enabled":true,"_links":{"self":[{"href":"https:\/\/elbrogit.com\/de\/wp-json\/wp\/v2\/pages\/9727","targetHints":{"allow":["GET"]}}],"collection":[{"href":"https:\/\/elbrogit.com\/de\/wp-json\/wp\/v2\/pages"}],"about":[{"href":"https:\/\/elbrogit.com\/de\/wp-json\/wp\/v2\/types\/page"}],"author":[{"embeddable":true,"href":"https:\/\/elbrogit.com\/de\/wp-json\/wp\/v2\/users\/5"}],"replies":[{"embeddable":true,"href":"https:\/\/elbrogit.com\/de\/wp-json\/wp\/v2\/comments?post=9727"}],"version-history":[{"count":2,"href":"https:\/\/elbrogit.com\/de\/wp-json\/wp\/v2\/pages\/9727\/revisions"}],"predecessor-version":[{"id":12240,"href":"https:\/\/elbrogit.com\/de\/wp-json\/wp\/v2\/pages\/9727\/revisions\/12240"}],"wp:attachment":[{"href":"https:\/\/elbrogit.com\/de\/wp-json\/wp\/v2\/media?parent=9727"}],"curies":[{"name":"wp","href":"https:\/\/api.w.org\/{rel}","templated":true}]}}