{"id":6834,"date":"2020-09-08T16:47:44","date_gmt":"2020-09-08T14:47:44","guid":{"rendered":"https:\/\/elbrogit.com\/recomendaciones-para-disfrutar-de-el-brogit-de-la-vall\/"},"modified":"2020-09-08T16:48:03","modified_gmt":"2020-09-08T14:48:03","slug":"recomendaciones-brogit-vall","status":"publish","type":"page","link":"https:\/\/elbrogit.com\/es\/recomendaciones-brogit-vall\/","title":{"rendered":"Recomendaciones para disfrutar de El Brogit de la Vall"},"content":{"rendered":"\t\t<div data-elementor-type=\"wp-page\" data-elementor-id=\"6834\" class=\"elementor elementor-6834 elementor-227\" data-elementor-post-type=\"page\">\n\t\t\t\t\t\t<section data-particle_enable=\"false\" data-particle-mobile-disabled=\"false\" class=\"elementor-section elementor-top-section elementor-element elementor-element-3610191c elementor-section-boxed elementor-section-height-default elementor-section-height-default\" data-id=\"3610191c\" data-element_type=\"section\">\n\t\t\t\t\t\t<div class=\"elementor-container elementor-column-gap-default\">\n\t\t\t\t\t<div class=\"elementor-column elementor-col-50 elementor-top-column elementor-element elementor-element-6dd43400\" data-id=\"6dd43400\" data-element_type=\"column\">\n\t\t\t<div class=\"elementor-widget-wrap elementor-element-populated\">\n\t\t\t\t\t\t<div class=\"elementor-element elementor-element-8502524 elementor-widget elementor-widget-heading\" data-id=\"8502524\" data-element_type=\"widget\" data-widget_type=\"heading.default\">\n\t\t\t\t<div class=\"elementor-widget-container\">\n\t\t\t\t\t<h2 class=\"elementor-heading-title elementor-size-default\">Recomendaciones para disfrutar de El Brogit de la Vall<\/h2>\t\t\t\t<\/div>\n\t\t\t\t<\/div>\n\t\t\t\t<div class=\"elementor-element elementor-element-31289559 elementor-widget elementor-widget-text-editor\" data-id=\"31289559\" data-element_type=\"widget\" data-widget_type=\"text-editor.default\">\n\t\t\t\t<div class=\"elementor-widget-container\">\n\t\t\t\t\t\t\t\t\t<ul>\n<li>Tener una preparaci\u00f3n f\u00edsica adecuada al recorrido.<\/li>\n<li>Llevar calzado de monta\u00f1a (preferentemente impermeable).<\/li>\n<li>Ropa adecuada seg\u00fan la \u00e9poca del a\u00f1o, chubasquero, crema solar, saco de dormir.<\/li>\n<li>Controlar la previsi\u00f3n meteorol\u00f3gica e ir preparados.<\/li>\n<li>Se debe salir de cada alojamiento con la provisi\u00f3n suficiente de comida y agua, ya que el clima mediterr\u00e1neo, propio de la zona, condiciona un r\u00e9gimen estacional de las fuentes<\/li>\n<\/ul>\n<p>Finalmente, es importante tener en cuenta que el itinerario recorre un espacio natural protegido de alto valor ecol\u00f3gico y paisaj\u00edstico y que son estos los rasgos que lo hacen atractivo. Por este motivo, a continuaci\u00f3n se proporcionan algunos consejos con el objectivo de que el itinerario y su entorno se mantengan tal como nos lo encontramos:<\/p>\n<ul>\n<li>Respeta el entorno por donde pasas, es la \u00fanica manera que se conserve el lugar para que lo disfruten las generaciones futuras.<\/li>\n<li>Deja solo tu huella. Saca fotograf\u00edas, pero no cojas ni arranques plantas de fuera del camino ni tires basura.<\/li>\n<li>Sigue sie<\/li>\n<\/ul>\n\t\t\t\t\t\t\t\t<\/div>\n\t\t\t\t<\/div>\n\t\t\t\t\t<\/div>\n\t\t<\/div>\n\t\t\t\t<div class=\"elementor-column elementor-col-25 elementor-top-column elementor-element elementor-element-273c2488\" data-id=\"273c2488\" data-element_type=\"column\">\n\t\t\t<div class=\"elementor-widget-wrap elementor-element-populated\">\n\t\t\t\t\t\t<div class=\"elementor-element elementor-element-22d347ef elementor-align-center elementor-widget elementor-widget-button\" data-id=\"22d347ef\" data-element_type=\"widget\" data-widget_type=\"button.default\">\n\t\t\t\t<div class=\"elementor-widget-container\">\n\t\t\t\t\t\t\t\t\t<div class=\"elementor-button-wrapper\">\n\t\t\t\t\t<a class=\"elementor-button elementor-button-link elementor-size-sm\" href=\"https:\/\/www.elbrogit.com\/es\/introduccion-el-brogit-de-la-vall\/\">\n\t\t\t\t\t\t<span class=\"elementor-button-content-wrapper\">\n\t\t\t\t\t\t\t\t\t<span class=\"elementor-button-text\">Introducci\u00f3n<\/span>\n\t\t\t\t\t<\/span>\n\t\t\t\t\t<\/a>\n\t\t\t\t<\/div>\n\t\t\t\t\t\t\t\t<\/div>\n\t\t\t\t<\/div>\n\t\t\t\t<div class=\"elementor-element elementor-element-32788856 elementor-align-center elementor-widget elementor-widget-button\" data-id=\"32788856\" data-element_type=\"widget\" data-widget_type=\"button.default\">\n\t\t\t\t<div class=\"elementor-widget-container\">\n\t\t\t\t\t\t\t\t\t<div class=\"elementor-button-wrapper\">\n\t\t\t\t\t<a class=\"elementor-button elementor-button-link elementor-size-sm\" href=\"https:\/\/www.elbrogit.com\/es\/el-valle-del-rio-brugent\/\">\n\t\t\t\t\t\t<span class=\"elementor-button-content-wrapper\">\n\t\t\t\t\t\t\t\t\t<span class=\"elementor-button-text\">El Valle del Brugent<\/span>\n\t\t\t\t\t<\/span>\n\t\t\t\t\t<\/a>\n\t\t\t\t<\/div>\n\t\t\t\t\t\t\t\t<\/div>\n\t\t\t\t<\/div>\n\t\t\t\t<div class=\"elementor-element elementor-element-17278f49 elementor-align-center elementor-widget elementor-widget-button\" data-id=\"17278f49\" data-element_type=\"widget\" data-widget_type=\"button.default\">\n\t\t\t\t<div class=\"elementor-widget-container\">\n\t\t\t\t\t\t\t\t\t<div class=\"elementor-button-wrapper\">\n\t\t\t\t\t<a class=\"elementor-button elementor-button-link elementor-size-sm\" href=\"https:\/\/www.elbrogit.com\/es\/ruta-el-brogit-de-la-vall\/\">\n\t\t\t\t\t\t<span class=\"elementor-button-content-wrapper\">\n\t\t\t\t\t\t\t\t\t<span class=\"elementor-button-text\">Itinerario por el valle<\/span>\n\t\t\t\t\t<\/span>\n\t\t\t\t\t<\/a>\n\t\t\t\t<\/div>\n\t\t\t\t\t\t\t\t<\/div>\n\t\t\t\t<\/div>\n\t\t\t\t<div class=\"elementor-element elementor-element-7b12c212 elementor-align-center elementor-widget elementor-widget-button\" data-id=\"7b12c212\" data-element_type=\"widget\" data-widget_type=\"button.default\">\n\t\t\t\t<div class=\"elementor-widget-container\">\n\t\t\t\t\t\t\t\t\t<div class=\"elementor-button-wrapper\">\n\t\t\t\t\t<a class=\"elementor-button elementor-button-link elementor-size-sm\" href=\"https:\/\/www.elbrogit.com\/es\/mapa-brugent-prades\/\">\n\t\t\t\t\t\t<span class=\"elementor-button-content-wrapper\">\n\t\t\t\t\t\t\t\t\t<span class=\"elementor-button-text\">Mapa y localizaci\u00f3n<\/span>\n\t\t\t\t\t<\/span>\n\t\t\t\t\t<\/a>\n\t\t\t\t<\/div>\n\t\t\t\t\t\t\t\t<\/div>\n\t\t\t\t<\/div>\n\t\t\t\t<div class=\"elementor-element elementor-element-51d7c27 elementor-align-center elementor-widget elementor-widget-button\" data-id=\"51d7c27\" data-element_type=\"widget\" data-widget_type=\"button.default\">\n\t\t\t\t<div class=\"elementor-widget-container\">\n\t\t\t\t\t\t\t\t\t<div class=\"elementor-button-wrapper\">\n\t\t\t\t\t<a class=\"elementor-button elementor-button-link elementor-size-sm\" href=\"https:\/\/www.elbrogit.com\/es\/etapas-el-brogit-de-la-vall\/\">\n\t\t\t\t\t\t<span class=\"elementor-button-content-wrapper\">\n\t\t\t\t\t\t\t\t\t<span class=\"elementor-button-text\">Etapas de El Brogit de la Vall<\/span>\n\t\t\t\t\t<\/span>\n\t\t\t\t\t<\/a>\n\t\t\t\t<\/div>\n\t\t\t\t\t\t\t\t<\/div>\n\t\t\t\t<\/div>\n\t\t\t\t<div class=\"elementor-element elementor-element-2a5bd75f elementor-align-center elementor-widget elementor-widget-button\" data-id=\"2a5bd75f\" data-element_type=\"widget\" data-widget_type=\"button.default\">\n\t\t\t\t<div class=\"elementor-widget-container\">\n\t\t\t\t\t\t\t\t\t<div class=\"elementor-button-wrapper\">\n\t\t\t\t\t<a class=\"elementor-button elementor-button-link elementor-size-sm\" href=\"https:\/\/www.elbrogit.com\/es\/recomendaciones-brogit-vall\/\">\n\t\t\t\t\t\t<span class=\"elementor-button-content-wrapper\">\n\t\t\t\t\t\t\t\t\t<span class=\"elementor-button-text\">Consejos antes de la caminata<\/span>\n\t\t\t\t\t<\/span>\n\t\t\t\t\t<\/a>\n\t\t\t\t<\/div>\n\t\t\t\t\t\t\t\t<\/div>\n\t\t\t\t<\/div>\n\t\t\t\t<div class=\"elementor-element elementor-element-43974597 elementor-align-center elementor-widget elementor-widget-button\" data-id=\"43974597\" data-element_type=\"widget\" data-widget_type=\"button.default\">\n\t\t\t\t<div class=\"elementor-widget-container\">\n\t\t\t\t\t\t\t\t\t<div class=\"elementor-button-wrapper\">\n\t\t\t\t\t<a class=\"elementor-button elementor-button-link elementor-size-sm\" href=\"https:\/\/www.elbrogit.com\/es\/alojamientos-brogit-de-la-vall\/\">\n\t\t\t\t\t\t<span class=\"elementor-button-content-wrapper\">\n\t\t\t\t\t\t\t\t\t<span class=\"elementor-button-text\">Alojamientos<\/span>\n\t\t\t\t\t<\/span>\n\t\t\t\t\t<\/a>\n\t\t\t\t<\/div>\n\t\t\t\t\t\t\t\t<\/div>\n\t\t\t\t<\/div>\n\t\t\t\t<div class=\"elementor-element elementor-element-4542ca72 elementor-align-center elementor-widget elementor-widget-button\" data-id=\"4542ca72\" data-element_type=\"widget\" data-widget_type=\"button.default\">\n\t\t\t\t<div class=\"elementor-widget-container\">\n\t\t\t\t\t\t\t\t\t<div class=\"elementor-button-wrapper\">\n\t\t\t\t\t<a class=\"elementor-button elementor-button-link elementor-size-sm\" href=\"https:\/\/www.elbrogit.com\/es\/reserva-brogit-vall-montanas-prades\/\">\n\t\t\t\t\t\t<span class=\"elementor-button-content-wrapper\">\n\t\t\t\t\t\t\t\t\t<span class=\"elementor-button-text\">Reserva tu experiencia Brogit de la Vall<\/span>\n\t\t\t\t\t<\/span>\n\t\t\t\t\t<\/a>\n\t\t\t\t<\/div>\n\t\t\t\t\t\t\t\t<\/div>\n\t\t\t\t<\/div>\n\t\t\t\t<div class=\"elementor-element elementor-element-728cea85 elementor-align-center elementor-widget elementor-widget-button\" data-id=\"728cea85\" data-element_type=\"widget\" data-widget_type=\"button.default\">\n\t\t\t\t<div class=\"elementor-widget-container\">\n\t\t\t\t\t\t\t\t\t<div class=\"elementor-button-wrapper\">\n\t\t\t\t\t<a class=\"elementor-button elementor-button-link elementor-size-sm\" href=\"https:\/\/www.elbrogit.com\/es\/modalidades-brogit-vall-prades\/\">\n\t\t\t\t\t\t<span class=\"elementor-button-content-wrapper\">\n\t\t\t\t\t\t\t\t\t<span class=\"elementor-button-text\">Modalidades del itinerario<\/span>\n\t\t\t\t\t<\/span>\n\t\t\t\t\t<\/a>\n\t\t\t\t<\/div>\n\t\t\t\t\t\t\t\t<\/div>\n\t\t\t\t<\/div>\n\t\t\t\t<div class=\"elementor-element elementor-element-437afa6a elementor-align-center elementor-widget elementor-widget-button\" data-id=\"437afa6a\" data-element_type=\"widget\" data-widget_type=\"button.default\">\n\t\t\t\t<div class=\"elementor-widget-container\">\n\t\t\t\t\t\t\t\t\t<div class=\"elementor-button-wrapper\">\n\t\t\t\t\t<a class=\"elementor-button elementor-button-link elementor-size-sm\" href=\"https:\/\/www.elbrogit.com\/almogavers-del-brogit-de-la-vall\/\">\n\t\t\t\t\t\t<span class=\"elementor-button-content-wrapper\">\n\t\t\t\t\t\t\t\t\t<span class=\"elementor-button-text\">Almog\u00e0ver, para corredores<\/span>\n\t\t\t\t\t<\/span>\n\t\t\t\t\t<\/a>\n\t\t\t\t<\/div>\n\t\t\t\t\t\t\t\t<\/div>\n\t\t\t\t<\/div>\n\t\t\t\t<div class=\"elementor-element elementor-element-3ce680ca elementor-align-center elementor-widget elementor-widget-button\" data-id=\"3ce680ca\" data-element_type=\"widget\" data-widget_type=\"button.default\">\n\t\t\t\t<div class=\"elementor-widget-container\">\n\t\t\t\t\t\t\t\t\t<div class=\"elementor-button-wrapper\">\n\t\t\t\t\t<a class=\"elementor-button elementor-button-link elementor-size-sm\" href=\"https:\/\/www.elbrogit.com\/es\/descargas-el-brogit-de-la-vall\/\">\n\t\t\t\t\t\t<span class=\"elementor-button-content-wrapper\">\n\t\t\t\t\t\t\t\t\t<span class=\"elementor-button-text\">Descargas: tracks,...<\/span>\n\t\t\t\t\t<\/span>\n\t\t\t\t\t<\/a>\n\t\t\t\t<\/div>\n\t\t\t\t\t\t\t\t<\/div>\n\t\t\t\t<\/div>\n\t\t\t\t\t<\/div>\n\t\t<\/div>\n\t\t\t\t<div class=\"elementor-column elementor-col-25 elementor-top-column elementor-element elementor-element-3ce4f48a\" data-id=\"3ce4f48a\" data-element_type=\"column\">\n\t\t\t<div class=\"elementor-widget-wrap elementor-element-populated\">\n\t\t\t\t\t\t<div class=\"elementor-element elementor-element-19b1e19c elementor-widget elementor-widget-text-editor\" data-id=\"19b1e19c\" data-element_type=\"widget\" data-widget_type=\"text-editor.default\">\n\t\t\t\t<div class=\"elementor-widget-container\">\n\t\t\t\t\t\t\t\t\t<p><img fetchpriority=\"high\" decoding=\"async\" class=\"size-full wp-image-3208\" src=\"http:\/\/www.elbrogit.com\/wp-content\/uploads\/MuntanyesPrades-mapa.jpg\" alt=\"Mapa Muntanyes de Prades\" width=\"184\" height=\"716\" \/><\/p>\n\t\t\t\t\t\t\t\t<\/div>\n\t\t\t\t<\/div>\n\t\t\t\t\t<\/div>\n\t\t<\/div>\n\t\t\t\t\t<\/div>\n\t\t<\/section>\n\t\t\t\t<\/div>\n\t\t","protected":false},"excerpt":{"rendered":"<p>Recomendaciones para disfrutar de El Brogit de la Vall Tener una preparaci\u00f3n f\u00edsica adecuada al recorrido. Llevar calzado de monta\u00f1a (preferentemente impermeable). Ropa adecuada seg\u00fan la \u00e9poca del a\u00f1o, chubasquero, crema solar, saco de dormir. Controlar la previsi\u00f3n meteorol\u00f3gica e ir preparados. Se debe salir de cada alojamiento con la provisi\u00f3n suficiente de comida y [&hellip;]<\/p>\n","protected":false},"author":1,"featured_media":0,"parent":0,"menu_order":0,"comment_status":"open","ping_status":"open","template":"elementor_header_footer","meta":{"_acf_changed":false,"footnotes":""},"class_list":["post-6834","page","type-page","status-publish","hentry"],"acf":[],"yoast_head":"<!-- This site is optimized with the Yoast SEO plugin v25.1 - https:\/\/yoast.com\/wordpress\/plugins\/seo\/ -->\n<title>Recomendaciones para disfrutar de El Brogit de la Vall - Senderismo y enoturismo en Catalunya<\/title>\n<meta name=\"robots\" content=\"index, follow, max-snippet:-1, max-image-preview:large, max-video-preview:-1\" \/>\n<link rel=\"canonical\" href=\"https:\/\/elbrogit.com\/es\/recomendaciones-brogit-vall\/\" \/>\n<meta property=\"og:locale\" content=\"es_ES\" \/>\n<meta property=\"og:type\" content=\"article\" \/>\n<meta property=\"og:title\" content=\"Recomendaciones para disfrutar de El Brogit de la Vall - Senderismo y enoturismo en Catalunya\" \/>\n<meta property=\"og:description\" content=\"Recomendaciones para disfrutar de El Brogit de la Vall Tener una preparaci\u00f3n f\u00edsica adecuada al recorrido. Llevar calzado de monta\u00f1a (preferentemente impermeable). Ropa adecuada seg\u00fan la \u00e9poca del a\u00f1o, chubasquero, crema solar, saco de dormir. Controlar la previsi\u00f3n meteorol\u00f3gica e ir preparados. Se debe salir de cada alojamiento con la provisi\u00f3n suficiente de comida y [&hellip;]\" \/>\n<meta property=\"og:url\" content=\"https:\/\/elbrogit.com\/es\/recomendaciones-brogit-vall\/\" \/>\n<meta property=\"og:site_name\" content=\"Senderismo y enoturismo en Catalunya\" \/>\n<meta property=\"article:publisher\" content=\"http:\/\/www.facebook.com\/brogit.guiatges\" \/>\n<meta property=\"article:modified_time\" content=\"2020-09-08T14:48:03+00:00\" \/>\n<meta property=\"og:image\" content=\"http:\/\/www.elbrogit.com\/wp-content\/uploads\/MuntanyesPrades-mapa.jpg\" \/>\n<meta name=\"twitter:card\" content=\"summary_large_image\" \/>\n<meta name=\"twitter:site\" content=\"@elbrogit\" \/>\n<meta name=\"twitter:label1\" content=\"Tiempo de lectura\" \/>\n\t<meta name=\"twitter:data1\" content=\"1 minuto\" \/>\n<script type=\"application\/ld+json\" class=\"yoast-schema-graph\">{\"@context\":\"https:\/\/schema.org\",\"@graph\":[{\"@type\":\"WebPage\",\"@id\":\"https:\/\/elbrogit.com\/es\/recomendaciones-brogit-vall\/\",\"url\":\"https:\/\/elbrogit.com\/es\/recomendaciones-brogit-vall\/\",\"name\":\"Recomendaciones para disfrutar de El Brogit de la Vall - Senderismo y enoturismo en Catalunya\",\"isPartOf\":{\"@id\":\"https:\/\/elbrogit.com\/es\/#website\"},\"primaryImageOfPage\":{\"@id\":\"https:\/\/elbrogit.com\/es\/recomendaciones-brogit-vall\/#primaryimage\"},\"image\":{\"@id\":\"https:\/\/elbrogit.com\/es\/recomendaciones-brogit-vall\/#primaryimage\"},\"thumbnailUrl\":\"http:\/\/www.elbrogit.com\/wp-content\/uploads\/MuntanyesPrades-mapa.jpg\",\"datePublished\":\"2020-09-08T14:47:44+00:00\",\"dateModified\":\"2020-09-08T14:48:03+00:00\",\"breadcrumb\":{\"@id\":\"https:\/\/elbrogit.com\/es\/recomendaciones-brogit-vall\/#breadcrumb\"},\"inLanguage\":\"es\",\"potentialAction\":[{\"@type\":\"ReadAction\",\"target\":[\"https:\/\/elbrogit.com\/es\/recomendaciones-brogit-vall\/\"]}]},{\"@type\":\"ImageObject\",\"inLanguage\":\"es\",\"@id\":\"https:\/\/elbrogit.com\/es\/recomendaciones-brogit-vall\/#primaryimage\",\"url\":\"http:\/\/www.elbrogit.com\/wp-content\/uploads\/MuntanyesPrades-mapa.jpg\",\"contentUrl\":\"http:\/\/www.elbrogit.com\/wp-content\/uploads\/MuntanyesPrades-mapa.jpg\"},{\"@type\":\"BreadcrumbList\",\"@id\":\"https:\/\/elbrogit.com\/es\/recomendaciones-brogit-vall\/#breadcrumb\",\"itemListElement\":[{\"@type\":\"ListItem\",\"position\":1,\"name\":\"Home\",\"item\":\"https:\/\/elbrogit.com\/es\/\"},{\"@type\":\"ListItem\",\"position\":2,\"name\":\"Recomendaciones para disfrutar de El Brogit de la Vall\"}]},{\"@type\":\"WebSite\",\"@id\":\"https:\/\/elbrogit.com\/es\/#website\",\"url\":\"https:\/\/elbrogit.com\/es\/\",\"name\":\"Senderismo y enoturismo en Catalunya\",\"description\":\"Ecotourism, walking, wine tourism and cultural holidays in Catalonia\",\"publisher\":{\"@id\":\"https:\/\/elbrogit.com\/es\/#organization\"},\"potentialAction\":[{\"@type\":\"SearchAction\",\"target\":{\"@type\":\"EntryPoint\",\"urlTemplate\":\"https:\/\/elbrogit.com\/es\/?s={search_term_string}\"},\"query-input\":{\"@type\":\"PropertyValueSpecification\",\"valueRequired\":true,\"valueName\":\"search_term_string\"}}],\"inLanguage\":\"es\"},{\"@type\":\"Organization\",\"@id\":\"https:\/\/elbrogit.com\/es\/#organization\",\"name\":\"Senderismo y enoturismo en Catalunya\",\"url\":\"https:\/\/elbrogit.com\/es\/\",\"logo\":{\"@type\":\"ImageObject\",\"inLanguage\":\"es\",\"@id\":\"https:\/\/elbrogit.com\/es\/#\/schema\/logo\/image\/\",\"url\":\"https:\/\/elbrogit.com\/wp-content\/uploads\/cropped-LogoBrogitWeb.jpg\",\"contentUrl\":\"https:\/\/elbrogit.com\/wp-content\/uploads\/cropped-LogoBrogitWeb.jpg\",\"width\":161,\"height\":108,\"caption\":\"Senderismo y enoturismo en Catalunya\"},\"image\":{\"@id\":\"https:\/\/elbrogit.com\/es\/#\/schema\/logo\/image\/\"},\"sameAs\":[\"http:\/\/www.facebook.com\/brogit.guiatges\",\"https:\/\/x.com\/elbrogit\"]}]}<\/script>\n<!-- \/ Yoast SEO plugin. -->","yoast_head_json":{"title":"Recomendaciones para disfrutar de El Brogit de la Vall - Senderismo y enoturismo en Catalunya","robots":{"index":"index","follow":"follow","max-snippet":"max-snippet:-1","max-image-preview":"max-image-preview:large","max-video-preview":"max-video-preview:-1"},"canonical":"https:\/\/elbrogit.com\/es\/recomendaciones-brogit-vall\/","og_locale":"es_ES","og_type":"article","og_title":"Recomendaciones para disfrutar de El Brogit de la Vall - Senderismo y enoturismo en Catalunya","og_description":"Recomendaciones para disfrutar de El Brogit de la Vall Tener una preparaci\u00f3n f\u00edsica adecuada al recorrido. Llevar calzado de monta\u00f1a (preferentemente impermeable). Ropa adecuada seg\u00fan la \u00e9poca del a\u00f1o, chubasquero, crema solar, saco de dormir. Controlar la previsi\u00f3n meteorol\u00f3gica e ir preparados. Se debe salir de cada alojamiento con la provisi\u00f3n suficiente de comida y [&hellip;]","og_url":"https:\/\/elbrogit.com\/es\/recomendaciones-brogit-vall\/","og_site_name":"Senderismo y enoturismo en Catalunya","article_publisher":"http:\/\/www.facebook.com\/brogit.guiatges","article_modified_time":"2020-09-08T14:48:03+00:00","og_image":[{"url":"http:\/\/www.elbrogit.com\/wp-content\/uploads\/MuntanyesPrades-mapa.jpg","type":"","width":"","height":""}],"twitter_card":"summary_large_image","twitter_site":"@elbrogit","twitter_misc":{"Tiempo de lectura":"1 minuto"},"schema":{"@context":"https:\/\/schema.org","@graph":[{"@type":"WebPage","@id":"https:\/\/elbrogit.com\/es\/recomendaciones-brogit-vall\/","url":"https:\/\/elbrogit.com\/es\/recomendaciones-brogit-vall\/","name":"Recomendaciones para disfrutar de El Brogit de la Vall - Senderismo y enoturismo en Catalunya","isPartOf":{"@id":"https:\/\/elbrogit.com\/es\/#website"},"primaryImageOfPage":{"@id":"https:\/\/elbrogit.com\/es\/recomendaciones-brogit-vall\/#primaryimage"},"image":{"@id":"https:\/\/elbrogit.com\/es\/recomendaciones-brogit-vall\/#primaryimage"},"thumbnailUrl":"http:\/\/www.elbrogit.com\/wp-content\/uploads\/MuntanyesPrades-mapa.jpg","datePublished":"2020-09-08T14:47:44+00:00","dateModified":"2020-09-08T14:48:03+00:00","breadcrumb":{"@id":"https:\/\/elbrogit.com\/es\/recomendaciones-brogit-vall\/#breadcrumb"},"inLanguage":"es","potentialAction":[{"@type":"ReadAction","target":["https:\/\/elbrogit.com\/es\/recomendaciones-brogit-vall\/"]}]},{"@type":"ImageObject","inLanguage":"es","@id":"https:\/\/elbrogit.com\/es\/recomendaciones-brogit-vall\/#primaryimage","url":"http:\/\/www.elbrogit.com\/wp-content\/uploads\/MuntanyesPrades-mapa.jpg","contentUrl":"http:\/\/www.elbrogit.com\/wp-content\/uploads\/MuntanyesPrades-mapa.jpg"},{"@type":"BreadcrumbList","@id":"https:\/\/elbrogit.com\/es\/recomendaciones-brogit-vall\/#breadcrumb","itemListElement":[{"@type":"ListItem","position":1,"name":"Home","item":"https:\/\/elbrogit.com\/es\/"},{"@type":"ListItem","position":2,"name":"Recomendaciones para disfrutar de El Brogit de la Vall"}]},{"@type":"WebSite","@id":"https:\/\/elbrogit.com\/es\/#website","url":"https:\/\/elbrogit.com\/es\/","name":"Senderismo y enoturismo en Catalunya","description":"Ecotourism, walking, wine tourism and cultural holidays in Catalonia","publisher":{"@id":"https:\/\/elbrogit.com\/es\/#organization"},"potentialAction":[{"@type":"SearchAction","target":{"@type":"EntryPoint","urlTemplate":"https:\/\/elbrogit.com\/es\/?s={search_term_string}"},"query-input":{"@type":"PropertyValueSpecification","valueRequired":true,"valueName":"search_term_string"}}],"inLanguage":"es"},{"@type":"Organization","@id":"https:\/\/elbrogit.com\/es\/#organization","name":"Senderismo y enoturismo en Catalunya","url":"https:\/\/elbrogit.com\/es\/","logo":{"@type":"ImageObject","inLanguage":"es","@id":"https:\/\/elbrogit.com\/es\/#\/schema\/logo\/image\/","url":"https:\/\/elbrogit.com\/wp-content\/uploads\/cropped-LogoBrogitWeb.jpg","contentUrl":"https:\/\/elbrogit.com\/wp-content\/uploads\/cropped-LogoBrogitWeb.jpg","width":161,"height":108,"caption":"Senderismo y enoturismo en Catalunya"},"image":{"@id":"https:\/\/elbrogit.com\/es\/#\/schema\/logo\/image\/"},"sameAs":["http:\/\/www.facebook.com\/brogit.guiatges","https:\/\/x.com\/elbrogit"]}]}},"jetpack_sharing_enabled":true,"_links":{"self":[{"href":"https:\/\/elbrogit.com\/es\/wp-json\/wp\/v2\/pages\/6834","targetHints":{"allow":["GET"]}}],"collection":[{"href":"https:\/\/elbrogit.com\/es\/wp-json\/wp\/v2\/pages"}],"about":[{"href":"https:\/\/elbrogit.com\/es\/wp-json\/wp\/v2\/types\/page"}],"author":[{"embeddable":true,"href":"https:\/\/elbrogit.com\/es\/wp-json\/wp\/v2\/users\/1"}],"replies":[{"embeddable":true,"href":"https:\/\/elbrogit.com\/es\/wp-json\/wp\/v2\/comments?post=6834"}],"version-history":[{"count":1,"href":"https:\/\/elbrogit.com\/es\/wp-json\/wp\/v2\/pages\/6834\/revisions"}],"predecessor-version":[{"id":6835,"href":"https:\/\/elbrogit.com\/es\/wp-json\/wp\/v2\/pages\/6834\/revisions\/6835"}],"wp:attachment":[{"href":"https:\/\/elbrogit.com\/es\/wp-json\/wp\/v2\/media?parent=6834"}],"curies":[{"name":"wp","href":"https:\/\/api.w.org\/{rel}","templated":true}]}}