{"id":6857,"date":"2020-09-08T17:14:28","date_gmt":"2020-09-08T15:14:28","guid":{"rendered":"https:\/\/elbrogit.com\/mapa-y-situacion\/"},"modified":"2020-09-08T17:14:50","modified_gmt":"2020-09-08T15:14:50","slug":"mapa-brugent-prades","status":"publish","type":"page","link":"https:\/\/elbrogit.com\/es\/mapa-brugent-prades\/","title":{"rendered":"Mapa y situaci\u00f3n"},"content":{"rendered":"\t\t<div data-elementor-type=\"wp-page\" data-elementor-id=\"6857\" class=\"elementor elementor-6857 elementor-230\" data-elementor-post-type=\"page\">\n\t\t\t\t\t\t<section data-particle_enable=\"false\" data-particle-mobile-disabled=\"false\" class=\"elementor-section elementor-top-section elementor-element elementor-element-7ab93952 elementor-section-boxed elementor-section-height-default elementor-section-height-default\" data-id=\"7ab93952\" data-element_type=\"section\">\n\t\t\t\t\t\t<div class=\"elementor-container elementor-column-gap-default\">\n\t\t\t\t\t<div class=\"elementor-column elementor-col-66 elementor-top-column elementor-element elementor-element-5f8652aa\" data-id=\"5f8652aa\" data-element_type=\"column\">\n\t\t\t<div class=\"elementor-widget-wrap elementor-element-populated\">\n\t\t\t\t\t\t<div class=\"elementor-element elementor-element-b287786 elementor-widget elementor-widget-heading\" data-id=\"b287786\" data-element_type=\"widget\" data-widget_type=\"heading.default\">\n\t\t\t\t<div class=\"elementor-widget-container\">\n\t\t\t\t\t<h2 class=\"elementor-heading-title elementor-size-default\">Mapa y situaci\u00f3n<\/h2>\t\t\t\t<\/div>\n\t\t\t\t<\/div>\n\t\t\t\t<div class=\"elementor-element elementor-element-2e72d0cb elementor-widget elementor-widget-text-editor\" data-id=\"2e72d0cb\" data-element_type=\"widget\" data-widget_type=\"text-editor.default\">\n\t\t\t\t<div class=\"elementor-widget-container\">\n\t\t\t\t\t\t\t\t\t<p><a href=\"http:\/\/www.elbrogit.com\/tl_files\/BrogitVall\/mapBV.jpg\"><img fetchpriority=\"high\" decoding=\"async\" class=\"wp-image-3274 size-full\" src=\"http:\/\/www.elbrogit.com\/wp-content\/uploads\/mapBV_petit.jpg\" alt=\"Mapa Brogit de la Vall\" width=\"500\" height=\"306\" \/><\/a><\/p>\n<p>Clica para hacer la imagen m\u00e1s grande<\/p>\n<p><span style=\"color: #808000;\"><strong>C\u00f3mo llegar al vall del r\u00edo Brugent, en monta\u00f1as de Prades<br \/>\n<\/strong><\/span><span style=\"text-decoration: underline;\"><strong>Carreteras de acceso:<br \/>\n<\/strong><\/span><strong>Autopista AP-2, <\/strong>Lleida &#8211; Barcelona, se pueden coger distintas salidas:<\/p>\n<ul>\n<li>Salida 11 de Valls. Coger la C-37 hasta la C-14 a la altura de Alcover<\/li>\n<li>Salida 9 de Montblanc y coger la C-14.<\/li>\n<\/ul>\n<p><strong>Autopista AP-7<\/strong>, Val\u00e8ncia &#8211; Barcelona:<\/p>\n<ul>\n<li>Salida 11 de Reus. Continuar direcci\u00f3n Reus por la T-11 hasta coger la C-14 direcci\u00f3n Montblanc.<\/li>\n<\/ul>\n<p><strong>La carretera C-14<\/strong> (Salou &#8211; La Seu d&#8217;Urgell): nos lleva a Alcover, La Riba y Montblanc:<\/p>\n<ul>\n<li>Desde Alcover, coger la TV-7041 en direcci\u00f3n a Mont-ral y Capafonts<\/li>\n<li>Desde la Riba, coger la TV-7044 en direcci\u00f3n a Farena y Capafonts<\/li>\n<li>Desde Montblanc, coger la TV-7042 en direcci\u00f3n a Rojals<\/li>\n<\/ul>\n<p><span style=\"text-decoration: underline;\"><strong>Con transporte p\u00fablico<\/strong><\/span><\/p>\n<ul>\n<li><strong>Ferrocarril:<\/strong> la l\u00ednea Barcelona &#8211; Lleida de tren tiene parada en la Riba, Alcover, Montblanc y la Espluga de Francol\u00ed; pod\u00e9is consultar sus horarios en la web y tel\u00e9fonos de atenci\u00f3n de RENFE (www.renfe.es).<\/li>\n<li><strong>Autob\u00fas:<\/strong> tambi\u00e9n permite el acceso a estos pueblos, as\u00ed como tambi\u00e9n a algunos pueblos de interior. La informaci\u00f3n se puede consultar en la web y tel\u00e9fonos de atenci\u00f3n de los autobuses Plana(www.empresaplana.es).<\/li>\n<\/ul>\n<p>&nbsp;<\/p>\n<p><a href=\"http:\/\/maps.google.es\/?ie=UTF8&amp;ll=41.302055,1.071854&amp;spn=0.184927,0.30899&amp;z=12\" target=\"_blank\" rel=\"noopener\"><img decoding=\"async\" src=\"http:\/\/www.elbrogit.com\/tl_files\/BrogitVall\/mapa2.jpg\" alt=\"\" width=\"380\" height=\"360\" \/><\/a><br \/>\nClica para ver en Google Maps<\/p>\n\t\t\t\t\t\t\t\t<\/div>\n\t\t\t\t<\/div>\n\t\t\t\t\t<\/div>\n\t\t<\/div>\n\t\t\t\t<div class=\"elementor-column elementor-col-33 elementor-top-column elementor-element elementor-element-543e80a5\" data-id=\"543e80a5\" data-element_type=\"column\">\n\t\t\t<div class=\"elementor-widget-wrap elementor-element-populated\">\n\t\t\t\t\t\t<div class=\"elementor-element elementor-element-6aaca043 elementor-align-center elementor-widget elementor-widget-button\" data-id=\"6aaca043\" data-element_type=\"widget\" data-widget_type=\"button.default\">\n\t\t\t\t<div class=\"elementor-widget-container\">\n\t\t\t\t\t\t\t\t\t<div class=\"elementor-button-wrapper\">\n\t\t\t\t\t<a class=\"elementor-button elementor-button-link elementor-size-sm\" href=\"https:\/\/www.elbrogit.com\/es\/introduccion-el-brogit-de-la-vall\/\">\n\t\t\t\t\t\t<span class=\"elementor-button-content-wrapper\">\n\t\t\t\t\t\t\t\t\t<span class=\"elementor-button-text\">Introducci\u00f3n<\/span>\n\t\t\t\t\t<\/span>\n\t\t\t\t\t<\/a>\n\t\t\t\t<\/div>\n\t\t\t\t\t\t\t\t<\/div>\n\t\t\t\t<\/div>\n\t\t\t\t<div class=\"elementor-element elementor-element-554d13d2 elementor-align-center elementor-widget elementor-widget-button\" data-id=\"554d13d2\" data-element_type=\"widget\" data-widget_type=\"button.default\">\n\t\t\t\t<div class=\"elementor-widget-container\">\n\t\t\t\t\t\t\t\t\t<div class=\"elementor-button-wrapper\">\n\t\t\t\t\t<a class=\"elementor-button elementor-button-link elementor-size-sm\" href=\"https:\/\/www.elbrogit.com\/es\/el-valle-del-rio-brugent\/\">\n\t\t\t\t\t\t<span class=\"elementor-button-content-wrapper\">\n\t\t\t\t\t\t\t\t\t<span class=\"elementor-button-text\">El Valle del Brugent<\/span>\n\t\t\t\t\t<\/span>\n\t\t\t\t\t<\/a>\n\t\t\t\t<\/div>\n\t\t\t\t\t\t\t\t<\/div>\n\t\t\t\t<\/div>\n\t\t\t\t<div class=\"elementor-element elementor-element-ba171be elementor-align-center elementor-widget elementor-widget-button\" data-id=\"ba171be\" data-element_type=\"widget\" data-widget_type=\"button.default\">\n\t\t\t\t<div class=\"elementor-widget-container\">\n\t\t\t\t\t\t\t\t\t<div class=\"elementor-button-wrapper\">\n\t\t\t\t\t<a class=\"elementor-button elementor-button-link elementor-size-sm\" href=\"https:\/\/www.elbrogit.com\/es\/ruta-el-brogit-de-la-vall\/\">\n\t\t\t\t\t\t<span class=\"elementor-button-content-wrapper\">\n\t\t\t\t\t\t\t\t\t<span class=\"elementor-button-text\">Itinerario por el valle<\/span>\n\t\t\t\t\t<\/span>\n\t\t\t\t\t<\/a>\n\t\t\t\t<\/div>\n\t\t\t\t\t\t\t\t<\/div>\n\t\t\t\t<\/div>\n\t\t\t\t<div class=\"elementor-element elementor-element-c0492a2 elementor-align-center elementor-widget elementor-widget-button\" data-id=\"c0492a2\" data-element_type=\"widget\" data-widget_type=\"button.default\">\n\t\t\t\t<div class=\"elementor-widget-container\">\n\t\t\t\t\t\t\t\t\t<div class=\"elementor-button-wrapper\">\n\t\t\t\t\t<a class=\"elementor-button elementor-button-link elementor-size-sm\" href=\"https:\/\/www.elbrogit.com\/es\/mapa-brugent-prades\/\">\n\t\t\t\t\t\t<span class=\"elementor-button-content-wrapper\">\n\t\t\t\t\t\t\t\t\t<span class=\"elementor-button-text\">Mapa y localizaci\u00f3n<\/span>\n\t\t\t\t\t<\/span>\n\t\t\t\t\t<\/a>\n\t\t\t\t<\/div>\n\t\t\t\t\t\t\t\t<\/div>\n\t\t\t\t<\/div>\n\t\t\t\t<div class=\"elementor-element elementor-element-14771476 elementor-align-center elementor-widget elementor-widget-button\" data-id=\"14771476\" data-element_type=\"widget\" data-widget_type=\"button.default\">\n\t\t\t\t<div class=\"elementor-widget-container\">\n\t\t\t\t\t\t\t\t\t<div class=\"elementor-button-wrapper\">\n\t\t\t\t\t<a class=\"elementor-button elementor-button-link elementor-size-sm\" href=\"https:\/\/www.elbrogit.com\/es\/etapas-el-brogit-de-la-vall\/\">\n\t\t\t\t\t\t<span class=\"elementor-button-content-wrapper\">\n\t\t\t\t\t\t\t\t\t<span class=\"elementor-button-text\">Etapas de El Brogit de la Vall<\/span>\n\t\t\t\t\t<\/span>\n\t\t\t\t\t<\/a>\n\t\t\t\t<\/div>\n\t\t\t\t\t\t\t\t<\/div>\n\t\t\t\t<\/div>\n\t\t\t\t<div class=\"elementor-element elementor-element-8630b96 elementor-align-center elementor-widget elementor-widget-button\" data-id=\"8630b96\" data-element_type=\"widget\" data-widget_type=\"button.default\">\n\t\t\t\t<div class=\"elementor-widget-container\">\n\t\t\t\t\t\t\t\t\t<div class=\"elementor-button-wrapper\">\n\t\t\t\t\t<a class=\"elementor-button elementor-button-link elementor-size-sm\" href=\"https:\/\/www.elbrogit.com\/es\/recomendaciones-brogit-vall\/\">\n\t\t\t\t\t\t<span class=\"elementor-button-content-wrapper\">\n\t\t\t\t\t\t\t\t\t<span class=\"elementor-button-text\">Consejos antes de la caminata<\/span>\n\t\t\t\t\t<\/span>\n\t\t\t\t\t<\/a>\n\t\t\t\t<\/div>\n\t\t\t\t\t\t\t\t<\/div>\n\t\t\t\t<\/div>\n\t\t\t\t<div class=\"elementor-element elementor-element-3c7b4f5c elementor-align-center elementor-widget elementor-widget-button\" data-id=\"3c7b4f5c\" data-element_type=\"widget\" data-widget_type=\"button.default\">\n\t\t\t\t<div class=\"elementor-widget-container\">\n\t\t\t\t\t\t\t\t\t<div class=\"elementor-button-wrapper\">\n\t\t\t\t\t<a class=\"elementor-button elementor-button-link elementor-size-sm\" href=\"https:\/\/www.elbrogit.com\/es\/alojamientos-brogit-de-la-vall\/\">\n\t\t\t\t\t\t<span class=\"elementor-button-content-wrapper\">\n\t\t\t\t\t\t\t\t\t<span class=\"elementor-button-text\">Alojamientos<\/span>\n\t\t\t\t\t<\/span>\n\t\t\t\t\t<\/a>\n\t\t\t\t<\/div>\n\t\t\t\t\t\t\t\t<\/div>\n\t\t\t\t<\/div>\n\t\t\t\t<div class=\"elementor-element elementor-element-3752f992 elementor-align-center elementor-widget elementor-widget-button\" data-id=\"3752f992\" data-element_type=\"widget\" data-widget_type=\"button.default\">\n\t\t\t\t<div class=\"elementor-widget-container\">\n\t\t\t\t\t\t\t\t\t<div class=\"elementor-button-wrapper\">\n\t\t\t\t\t<a class=\"elementor-button elementor-button-link elementor-size-sm\" href=\"https:\/\/www.elbrogit.com\/es\/reserva-brogit-vall-montanas-prades\/\">\n\t\t\t\t\t\t<span class=\"elementor-button-content-wrapper\">\n\t\t\t\t\t\t\t\t\t<span class=\"elementor-button-text\">Reserva tu experiencia Brogit de la Vall<\/span>\n\t\t\t\t\t<\/span>\n\t\t\t\t\t<\/a>\n\t\t\t\t<\/div>\n\t\t\t\t\t\t\t\t<\/div>\n\t\t\t\t<\/div>\n\t\t\t\t<div class=\"elementor-element elementor-element-6af680e3 elementor-align-center elementor-widget elementor-widget-button\" data-id=\"6af680e3\" data-element_type=\"widget\" data-widget_type=\"button.default\">\n\t\t\t\t<div class=\"elementor-widget-container\">\n\t\t\t\t\t\t\t\t\t<div class=\"elementor-button-wrapper\">\n\t\t\t\t\t<a class=\"elementor-button elementor-button-link elementor-size-sm\" href=\"https:\/\/www.elbrogit.com\/es\/modalidades-brogit-vall-prades\/\">\n\t\t\t\t\t\t<span class=\"elementor-button-content-wrapper\">\n\t\t\t\t\t\t\t\t\t<span class=\"elementor-button-text\">Modalidades del itinerario<\/span>\n\t\t\t\t\t<\/span>\n\t\t\t\t\t<\/a>\n\t\t\t\t<\/div>\n\t\t\t\t\t\t\t\t<\/div>\n\t\t\t\t<\/div>\n\t\t\t\t<div class=\"elementor-element elementor-element-616c1f71 elementor-align-center elementor-widget elementor-widget-button\" data-id=\"616c1f71\" data-element_type=\"widget\" data-widget_type=\"button.default\">\n\t\t\t\t<div class=\"elementor-widget-container\">\n\t\t\t\t\t\t\t\t\t<div class=\"elementor-button-wrapper\">\n\t\t\t\t\t<a class=\"elementor-button elementor-button-link elementor-size-sm\" href=\"https:\/\/www.elbrogit.com\/almogavers-del-brogit-de-la-vall\/\">\n\t\t\t\t\t\t<span class=\"elementor-button-content-wrapper\">\n\t\t\t\t\t\t\t\t\t<span class=\"elementor-button-text\">Almog\u00e0ver, para corredores<\/span>\n\t\t\t\t\t<\/span>\n\t\t\t\t\t<\/a>\n\t\t\t\t<\/div>\n\t\t\t\t\t\t\t\t<\/div>\n\t\t\t\t<\/div>\n\t\t\t\t<div class=\"elementor-element elementor-element-1cb512e6 elementor-align-center elementor-widget elementor-widget-button\" data-id=\"1cb512e6\" data-element_type=\"widget\" data-widget_type=\"button.default\">\n\t\t\t\t<div class=\"elementor-widget-container\">\n\t\t\t\t\t\t\t\t\t<div class=\"elementor-button-wrapper\">\n\t\t\t\t\t<a class=\"elementor-button elementor-button-link elementor-size-sm\" href=\"https:\/\/www.elbrogit.com\/es\/descargas-el-brogit-de-la-vall\/\">\n\t\t\t\t\t\t<span class=\"elementor-button-content-wrapper\">\n\t\t\t\t\t\t\t\t\t<span class=\"elementor-button-text\">Descargas: tracks,...<\/span>\n\t\t\t\t\t<\/span>\n\t\t\t\t\t<\/a>\n\t\t\t\t<\/div>\n\t\t\t\t\t\t\t\t<\/div>\n\t\t\t\t<\/div>\n\t\t\t\t\t<\/div>\n\t\t<\/div>\n\t\t\t\t\t<\/div>\n\t\t<\/section>\n\t\t\t\t<\/div>\n\t\t","protected":false},"excerpt":{"rendered":"<p>Mapa y situaci\u00f3n Clica para hacer la imagen m\u00e1s grande C\u00f3mo llegar al vall del r\u00edo Brugent, en monta\u00f1as de Prades Carreteras de acceso: Autopista AP-2, Lleida &#8211; Barcelona, se pueden coger distintas salidas: Salida 11 de Valls. Coger la C-37 hasta la C-14 a la altura de Alcover Salida 9 de Montblanc y coger [&hellip;]<\/p>\n","protected":false},"author":1,"featured_media":0,"parent":0,"menu_order":0,"comment_status":"open","ping_status":"open","template":"elementor_header_footer","meta":{"_acf_changed":false,"footnotes":""},"class_list":["post-6857","page","type-page","status-publish","hentry"],"acf":[],"yoast_head":"<!-- This site is optimized with the Yoast SEO plugin v25.1 - https:\/\/yoast.com\/wordpress\/plugins\/seo\/ -->\n<title>Mapa y situaci\u00f3n - Senderismo y enoturismo en Catalunya<\/title>\n<meta name=\"robots\" content=\"index, follow, max-snippet:-1, max-image-preview:large, max-video-preview:-1\" \/>\n<link rel=\"canonical\" href=\"https:\/\/elbrogit.com\/es\/mapa-brugent-prades\/\" \/>\n<meta property=\"og:locale\" content=\"es_ES\" \/>\n<meta property=\"og:type\" content=\"article\" \/>\n<meta property=\"og:title\" content=\"Mapa y situaci\u00f3n - Senderismo y enoturismo en Catalunya\" \/>\n<meta property=\"og:description\" content=\"Mapa y situaci\u00f3n Clica para hacer la imagen m\u00e1s grande C\u00f3mo llegar al vall del r\u00edo Brugent, en monta\u00f1as de Prades Carreteras de acceso: Autopista AP-2, Lleida &#8211; Barcelona, se pueden coger distintas salidas: Salida 11 de Valls. Coger la C-37 hasta la C-14 a la altura de Alcover Salida 9 de Montblanc y coger [&hellip;]\" \/>\n<meta property=\"og:url\" content=\"https:\/\/elbrogit.com\/es\/mapa-brugent-prades\/\" \/>\n<meta property=\"og:site_name\" content=\"Senderismo y enoturismo en Catalunya\" \/>\n<meta property=\"article:publisher\" content=\"http:\/\/www.facebook.com\/brogit.guiatges\" \/>\n<meta property=\"article:modified_time\" content=\"2020-09-08T15:14:50+00:00\" \/>\n<meta property=\"og:image\" content=\"http:\/\/www.elbrogit.com\/wp-content\/uploads\/mapBV_petit.jpg\" \/>\n<meta name=\"twitter:card\" content=\"summary_large_image\" \/>\n<meta name=\"twitter:site\" content=\"@elbrogit\" \/>\n<meta name=\"twitter:label1\" content=\"Tiempo de lectura\" \/>\n\t<meta name=\"twitter:data1\" content=\"1 minuto\" \/>\n<script type=\"application\/ld+json\" class=\"yoast-schema-graph\">{\"@context\":\"https:\/\/schema.org\",\"@graph\":[{\"@type\":\"WebPage\",\"@id\":\"https:\/\/elbrogit.com\/es\/mapa-brugent-prades\/\",\"url\":\"https:\/\/elbrogit.com\/es\/mapa-brugent-prades\/\",\"name\":\"Mapa y situaci\u00f3n - Senderismo y enoturismo en Catalunya\",\"isPartOf\":{\"@id\":\"https:\/\/elbrogit.com\/es\/#website\"},\"primaryImageOfPage\":{\"@id\":\"https:\/\/elbrogit.com\/es\/mapa-brugent-prades\/#primaryimage\"},\"image\":{\"@id\":\"https:\/\/elbrogit.com\/es\/mapa-brugent-prades\/#primaryimage\"},\"thumbnailUrl\":\"http:\/\/www.elbrogit.com\/wp-content\/uploads\/mapBV_petit.jpg\",\"datePublished\":\"2020-09-08T15:14:28+00:00\",\"dateModified\":\"2020-09-08T15:14:50+00:00\",\"breadcrumb\":{\"@id\":\"https:\/\/elbrogit.com\/es\/mapa-brugent-prades\/#breadcrumb\"},\"inLanguage\":\"es\",\"potentialAction\":[{\"@type\":\"ReadAction\",\"target\":[\"https:\/\/elbrogit.com\/es\/mapa-brugent-prades\/\"]}]},{\"@type\":\"ImageObject\",\"inLanguage\":\"es\",\"@id\":\"https:\/\/elbrogit.com\/es\/mapa-brugent-prades\/#primaryimage\",\"url\":\"http:\/\/www.elbrogit.com\/wp-content\/uploads\/mapBV_petit.jpg\",\"contentUrl\":\"http:\/\/www.elbrogit.com\/wp-content\/uploads\/mapBV_petit.jpg\"},{\"@type\":\"BreadcrumbList\",\"@id\":\"https:\/\/elbrogit.com\/es\/mapa-brugent-prades\/#breadcrumb\",\"itemListElement\":[{\"@type\":\"ListItem\",\"position\":1,\"name\":\"Home\",\"item\":\"https:\/\/elbrogit.com\/es\/\"},{\"@type\":\"ListItem\",\"position\":2,\"name\":\"Mapa y situaci\u00f3n\"}]},{\"@type\":\"WebSite\",\"@id\":\"https:\/\/elbrogit.com\/es\/#website\",\"url\":\"https:\/\/elbrogit.com\/es\/\",\"name\":\"Senderismo y enoturismo en Catalunya\",\"description\":\"Ecotourism, walking, wine tourism and cultural holidays in Catalonia\",\"publisher\":{\"@id\":\"https:\/\/elbrogit.com\/es\/#organization\"},\"potentialAction\":[{\"@type\":\"SearchAction\",\"target\":{\"@type\":\"EntryPoint\",\"urlTemplate\":\"https:\/\/elbrogit.com\/es\/?s={search_term_string}\"},\"query-input\":{\"@type\":\"PropertyValueSpecification\",\"valueRequired\":true,\"valueName\":\"search_term_string\"}}],\"inLanguage\":\"es\"},{\"@type\":\"Organization\",\"@id\":\"https:\/\/elbrogit.com\/es\/#organization\",\"name\":\"Senderismo y enoturismo en Catalunya\",\"url\":\"https:\/\/elbrogit.com\/es\/\",\"logo\":{\"@type\":\"ImageObject\",\"inLanguage\":\"es\",\"@id\":\"https:\/\/elbrogit.com\/es\/#\/schema\/logo\/image\/\",\"url\":\"https:\/\/elbrogit.com\/wp-content\/uploads\/cropped-LogoBrogitWeb.jpg\",\"contentUrl\":\"https:\/\/elbrogit.com\/wp-content\/uploads\/cropped-LogoBrogitWeb.jpg\",\"width\":161,\"height\":108,\"caption\":\"Senderismo y enoturismo en Catalunya\"},\"image\":{\"@id\":\"https:\/\/elbrogit.com\/es\/#\/schema\/logo\/image\/\"},\"sameAs\":[\"http:\/\/www.facebook.com\/brogit.guiatges\",\"https:\/\/x.com\/elbrogit\"]}]}<\/script>\n<!-- \/ Yoast SEO plugin. -->","yoast_head_json":{"title":"Mapa y situaci\u00f3n - Senderismo y enoturismo en Catalunya","robots":{"index":"index","follow":"follow","max-snippet":"max-snippet:-1","max-image-preview":"max-image-preview:large","max-video-preview":"max-video-preview:-1"},"canonical":"https:\/\/elbrogit.com\/es\/mapa-brugent-prades\/","og_locale":"es_ES","og_type":"article","og_title":"Mapa y situaci\u00f3n - Senderismo y enoturismo en Catalunya","og_description":"Mapa y situaci\u00f3n Clica para hacer la imagen m\u00e1s grande C\u00f3mo llegar al vall del r\u00edo Brugent, en monta\u00f1as de Prades Carreteras de acceso: Autopista AP-2, Lleida &#8211; Barcelona, se pueden coger distintas salidas: Salida 11 de Valls. Coger la C-37 hasta la C-14 a la altura de Alcover Salida 9 de Montblanc y coger [&hellip;]","og_url":"https:\/\/elbrogit.com\/es\/mapa-brugent-prades\/","og_site_name":"Senderismo y enoturismo en Catalunya","article_publisher":"http:\/\/www.facebook.com\/brogit.guiatges","article_modified_time":"2020-09-08T15:14:50+00:00","og_image":[{"url":"http:\/\/www.elbrogit.com\/wp-content\/uploads\/mapBV_petit.jpg","type":"","width":"","height":""}],"twitter_card":"summary_large_image","twitter_site":"@elbrogit","twitter_misc":{"Tiempo de lectura":"1 minuto"},"schema":{"@context":"https:\/\/schema.org","@graph":[{"@type":"WebPage","@id":"https:\/\/elbrogit.com\/es\/mapa-brugent-prades\/","url":"https:\/\/elbrogit.com\/es\/mapa-brugent-prades\/","name":"Mapa y situaci\u00f3n - Senderismo y enoturismo en Catalunya","isPartOf":{"@id":"https:\/\/elbrogit.com\/es\/#website"},"primaryImageOfPage":{"@id":"https:\/\/elbrogit.com\/es\/mapa-brugent-prades\/#primaryimage"},"image":{"@id":"https:\/\/elbrogit.com\/es\/mapa-brugent-prades\/#primaryimage"},"thumbnailUrl":"http:\/\/www.elbrogit.com\/wp-content\/uploads\/mapBV_petit.jpg","datePublished":"2020-09-08T15:14:28+00:00","dateModified":"2020-09-08T15:14:50+00:00","breadcrumb":{"@id":"https:\/\/elbrogit.com\/es\/mapa-brugent-prades\/#breadcrumb"},"inLanguage":"es","potentialAction":[{"@type":"ReadAction","target":["https:\/\/elbrogit.com\/es\/mapa-brugent-prades\/"]}]},{"@type":"ImageObject","inLanguage":"es","@id":"https:\/\/elbrogit.com\/es\/mapa-brugent-prades\/#primaryimage","url":"http:\/\/www.elbrogit.com\/wp-content\/uploads\/mapBV_petit.jpg","contentUrl":"http:\/\/www.elbrogit.com\/wp-content\/uploads\/mapBV_petit.jpg"},{"@type":"BreadcrumbList","@id":"https:\/\/elbrogit.com\/es\/mapa-brugent-prades\/#breadcrumb","itemListElement":[{"@type":"ListItem","position":1,"name":"Home","item":"https:\/\/elbrogit.com\/es\/"},{"@type":"ListItem","position":2,"name":"Mapa y situaci\u00f3n"}]},{"@type":"WebSite","@id":"https:\/\/elbrogit.com\/es\/#website","url":"https:\/\/elbrogit.com\/es\/","name":"Senderismo y enoturismo en Catalunya","description":"Ecotourism, walking, wine tourism and cultural holidays in Catalonia","publisher":{"@id":"https:\/\/elbrogit.com\/es\/#organization"},"potentialAction":[{"@type":"SearchAction","target":{"@type":"EntryPoint","urlTemplate":"https:\/\/elbrogit.com\/es\/?s={search_term_string}"},"query-input":{"@type":"PropertyValueSpecification","valueRequired":true,"valueName":"search_term_string"}}],"inLanguage":"es"},{"@type":"Organization","@id":"https:\/\/elbrogit.com\/es\/#organization","name":"Senderismo y enoturismo en Catalunya","url":"https:\/\/elbrogit.com\/es\/","logo":{"@type":"ImageObject","inLanguage":"es","@id":"https:\/\/elbrogit.com\/es\/#\/schema\/logo\/image\/","url":"https:\/\/elbrogit.com\/wp-content\/uploads\/cropped-LogoBrogitWeb.jpg","contentUrl":"https:\/\/elbrogit.com\/wp-content\/uploads\/cropped-LogoBrogitWeb.jpg","width":161,"height":108,"caption":"Senderismo y enoturismo en Catalunya"},"image":{"@id":"https:\/\/elbrogit.com\/es\/#\/schema\/logo\/image\/"},"sameAs":["http:\/\/www.facebook.com\/brogit.guiatges","https:\/\/x.com\/elbrogit"]}]}},"jetpack_sharing_enabled":true,"_links":{"self":[{"href":"https:\/\/elbrogit.com\/es\/wp-json\/wp\/v2\/pages\/6857","targetHints":{"allow":["GET"]}}],"collection":[{"href":"https:\/\/elbrogit.com\/es\/wp-json\/wp\/v2\/pages"}],"about":[{"href":"https:\/\/elbrogit.com\/es\/wp-json\/wp\/v2\/types\/page"}],"author":[{"embeddable":true,"href":"https:\/\/elbrogit.com\/es\/wp-json\/wp\/v2\/users\/1"}],"replies":[{"embeddable":true,"href":"https:\/\/elbrogit.com\/es\/wp-json\/wp\/v2\/comments?post=6857"}],"version-history":[{"count":1,"href":"https:\/\/elbrogit.com\/es\/wp-json\/wp\/v2\/pages\/6857\/revisions"}],"predecessor-version":[{"id":6858,"href":"https:\/\/elbrogit.com\/es\/wp-json\/wp\/v2\/pages\/6857\/revisions\/6858"}],"wp:attachment":[{"href":"https:\/\/elbrogit.com\/es\/wp-json\/wp\/v2\/media?parent=6857"}],"curies":[{"name":"wp","href":"https:\/\/api.w.org\/{rel}","templated":true}]}}