{"id":7222,"date":"2020-09-11T17:02:39","date_gmt":"2020-09-11T15:02:39","guid":{"rendered":"https:\/\/elbrogit.com\/los-valles-de-boi-y-aran-en-los-pirineos\/"},"modified":"2020-09-11T17:08:18","modified_gmt":"2020-09-11T15:08:18","slug":"los-valles-de-boi-y-aran-en-los-pirineos","status":"publish","type":"page","link":"https:\/\/elbrogit.com\/es\/los-valles-de-boi-y-aran-en-los-pirineos\/","title":{"rendered":"Los valles de Bo\u00ed y Aran, en los Pirineos"},"content":{"rendered":"\t\t<div data-elementor-type=\"wp-page\" data-elementor-id=\"7222\" class=\"elementor elementor-7222 elementor-218\" data-elementor-post-type=\"page\">\n\t\t\t\t\t\t<section data-particle_enable=\"false\" data-particle-mobile-disabled=\"false\" class=\"elementor-section elementor-top-section elementor-element elementor-element-5bd03a5e elementor-section-boxed elementor-section-height-default elementor-section-height-default\" data-id=\"5bd03a5e\" data-element_type=\"section\" data-settings=\"{&quot;shape_divider_bottom&quot;:&quot;wave-brush&quot;}\">\n\t\t\t\t\t<div class=\"elementor-shape elementor-shape-bottom\" data-negative=\"false\">\n\t\t\t<svg xmlns=\"http:\/\/www.w3.org\/2000\/svg\" viewBox=\"0 0 283.5 27.8\" preserveAspectRatio=\"none\">\n\t<path class=\"elementor-shape-fill\" d=\"M283.5,9.7c0,0-7.3,4.3-14,4.6c-6.8,0.3-12.6,0-20.9-1.5c-11.3-2-33.1-10.1-44.7-5.7\ts-12.1,4.6-18,7.4c-6.6,3.2-20,9.6-36.6,9.3C131.6,23.5,99.5,7.2,86.3,8c-1.4,0.1-6.6,0.8-10.5,2c-3.8,1.2-9.4,3.8-17,4.7\tc-3.2,0.4-8.3,1.1-14.2,0.9c-1.5-0.1-6.3-0.4-12-1.6c-5.7-1.2-11-3.1-15.8-3.7C6.5,9.2,0,10.8,0,10.8V0h283.5V9.7z M260.8,11.3\tc-0.7-1-2-0.4-4.3-0.4c-2.3,0-6.1-1.2-5.8-1.1c0.3,0.1,3.1,1.5,6,1.9C259.7,12.2,261.4,12.3,260.8,11.3z M242.4,8.6\tc0,0-2.4-0.2-5.6-0.9c-3.2-0.8-10.3-2.8-15.1-3.5c-8.2-1.1-15.8,0-15.1,0.1c0.8,0.1,9.6-0.6,17.6,1.1c3.3,0.7,9.3,2.2,12.4,2.7\tC239.9,8.7,242.4,8.6,242.4,8.6z M185.2,8.5c1.7-0.7-13.3,4.7-18.5,6.1c-2.1,0.6-6.2,1.6-10,2c-3.9,0.4-8.9,0.4-8.8,0.5\tc0,0.2,5.8,0.8,11.2,0c5.4-0.8,5.2-1.1,7.6-1.6C170.5,14.7,183.5,9.2,185.2,8.5z M199.1,6.9c0.2,0-0.8-0.4-4.8,1.1\tc-4,1.5-6.7,3.5-6.9,3.7c-0.2,0.1,3.5-1.8,6.6-3C197,7.5,199,6.9,199.1,6.9z M283,6c-0.1,0.1-1.9,1.1-4.8,2.5s-6.9,2.8-6.7,2.7\tc0.2,0,3.5-0.6,7.4-2.5C282.8,6.8,283.1,5.9,283,6z M31.3,11.6c0.1-0.2-1.9-0.2-4.5-1.2s-5.4-1.6-7.8-2C15,7.6,7.3,8.5,7.7,8.6\tC8,8.7,15.9,8.3,20.2,9.3c2.2,0.5,2.4,0.5,5.7,1.6S31.2,11.9,31.3,11.6z M73,9.2c0.4-0.1,3.5-1.6,8.4-2.6c4.9-1.1,8.9-0.5,8.9-0.8\tc0-0.3-1-0.9-6.2-0.3S72.6,9.3,73,9.2z M71.6,6.7C71.8,6.8,75,5.4,77.3,5c2.3-0.3,1.9-0.5,1.9-0.6c0-0.1-1.1-0.2-2.7,0.2\tC74.8,5.1,71.4,6.6,71.6,6.7z M93.6,4.4c0.1,0.2,3.5,0.8,5.6,1.8c2.1,1,1.8,0.6,1.9,0.5c0.1-0.1-0.8-0.8-2.4-1.3\tC97.1,4.8,93.5,4.2,93.6,4.4z M65.4,11.1c-0.1,0.3,0.3,0.5,1.9-0.2s2.6-1.3,2.2-1.2s-0.9,0.4-2.5,0.8C65.3,10.9,65.5,10.8,65.4,11.1\tz M34.5,12.4c-0.2,0,2.1,0.8,3.3,0.9c1.2,0.1,2,0.1,2-0.2c0-0.3-0.1-0.5-1.6-0.4C36.6,12.8,34.7,12.4,34.5,12.4z M152.2,21.1\tc-0.1,0.1-2.4-0.3-7.5-0.3c-5,0-13.6-2.4-17.2-3.5c-3.6-1.1,10,3.9,16.5,4.1C150.5,21.6,152.3,21,152.2,21.1z\"\/>\n\t<path class=\"elementor-shape-fill\" d=\"M269.6,18c-0.1-0.1-4.6,0.3-7.2,0c-7.3-0.7-17-3.2-16.6-2.9c0.4,0.3,13.7,3.1,17,3.3\tC267.7,18.8,269.7,18,269.6,18z\"\/>\n\t<path class=\"elementor-shape-fill\" d=\"M227.4,9.8c-0.2-0.1-4.5-1-9.5-1.2c-5-0.2-12.7,0.6-12.3,0.5c0.3-0.1,5.9-1.8,13.3-1.2\tS227.6,9.9,227.4,9.8z\"\/>\n\t<path class=\"elementor-shape-fill\" d=\"M204.5,13.4c-0.1-0.1,2-1,3.2-1.1c1.2-0.1,2,0,2,0.3c0,0.3-0.1,0.5-1.6,0.4\tC206.4,12.9,204.6,13.5,204.5,13.4z\"\/>\n\t<path class=\"elementor-shape-fill\" d=\"M201,10.6c0-0.1-4.4,1.2-6.3,2.2c-1.9,0.9-6.2,3.1-6.1,3.1c0.1,0.1,4.2-1.6,6.3-2.6\tS201,10.7,201,10.6z\"\/>\n\t<path class=\"elementor-shape-fill\" d=\"M154.5,26.7c-0.1-0.1-4.6,0.3-7.2,0c-7.3-0.7-17-3.2-16.6-2.9c0.4,0.3,13.7,3.1,17,3.3\tC152.6,27.5,154.6,26.8,154.5,26.7z\"\/>\n\t<path class=\"elementor-shape-fill\" d=\"M41.9,19.3c0,0,1.2-0.3,2.9-0.1c1.7,0.2,5.8,0.9,8.2,0.7c4.2-0.4,7.4-2.7,7-2.6\tc-0.4,0-4.3,2.2-8.6,1.9c-1.8-0.1-5.1-0.5-6.7-0.4S41.9,19.3,41.9,19.3z\"\/>\n\t<path class=\"elementor-shape-fill\" d=\"M75.5,12.6c0.2,0.1,2-0.8,4.3-1.1c2.3-0.2,2.1-0.3,2.1-0.5c0-0.1-1.8-0.4-3.4,0\tC76.9,11.5,75.3,12.5,75.5,12.6z\"\/>\n\t<path class=\"elementor-shape-fill\" d=\"M15.6,13.2c0-0.1,4.3,0,6.7,0.5c2.4,0.5,5,1.9,5,2c0,0.1-2.7-0.8-5.1-1.4\tC19.9,13.7,15.7,13.3,15.6,13.2z\"\/>\n<\/svg>\t\t<\/div>\n\t\t\t\t\t<div class=\"elementor-container elementor-column-gap-default\">\n\t\t\t\t\t<div class=\"elementor-column elementor-col-33 elementor-top-column elementor-element elementor-element-282fcc3a\" data-id=\"282fcc3a\" data-element_type=\"column\">\n\t\t\t<div class=\"elementor-widget-wrap elementor-element-populated\">\n\t\t\t\t\t\t<div class=\"elementor-element elementor-element-796f9455 elementor-widget elementor-widget-text-editor\" data-id=\"796f9455\" data-element_type=\"widget\" data-widget_type=\"text-editor.default\">\n\t\t\t\t<div class=\"elementor-widget-container\">\n\t\t\t\t\t\t\t\t\t<p style=\"text-align: center;\"><a style=\"font-size: 1rem; background-color: #ffffff;\" href=\"http:\/\/www.elbrogit.com\/tl_files\/BrogitGuiatges\/web\/ValAran_Mapa.jpg\"><img decoding=\"async\" src=\"http:\/\/www.elbrogit.com\/tl_files\/BrogitGuiatges\/web\/ValAran_Mapa_petit.jpg\" alt=\"\" width=\"272\" height=\"170\" \/><\/a><\/p>\n<p style=\"text-align: center;\"><span style=\"font-size: 1rem;\">Val d&#8217;Aran (clic para hacer la imagen m\u00e1s grande)<\/span><\/p>\n<p style=\"text-align: center;\"><a style=\"background-color: #ffffff; font-size: 1rem;\" href=\"http:\/\/www.elbrogit.com\/tl_files\/BrogitGuiatges\/web\/VallBoi_Mapa.jpg\"><img decoding=\"async\" src=\"http:\/\/www.elbrogit.com\/tl_files\/BrogitGuiatges\/web\/VallBoi_Mapa_petit.jpg\" alt=\"\" width=\"272\" height=\"170\" \/><\/a> <span style=\"font-size: 1rem;\"><br \/>\nValle de Bo\u00ed (clic para hacer la imagen m\u00e1s grande)<\/span><\/p>\n<div><span style=\"font-size: 1rem;\">\u00a0<\/span><\/div>\n\t\t\t\t\t\t\t\t<\/div>\n\t\t\t\t<\/div>\n\t\t\t\t\t<\/div>\n\t\t<\/div>\n\t\t\t\t<div class=\"elementor-column elementor-col-66 elementor-top-column elementor-element elementor-element-7484ad0\" data-id=\"7484ad0\" data-element_type=\"column\">\n\t\t\t<div class=\"elementor-widget-wrap elementor-element-populated\">\n\t\t\t\t\t\t<div class=\"elementor-element elementor-element-42197d2 elementor-widget elementor-widget-text-editor\" data-id=\"42197d2\" data-element_type=\"widget\" data-widget_type=\"text-editor.default\">\n\t\t\t\t<div class=\"elementor-widget-container\">\n\t\t\t\t\t\t\t\t\t<p><span style=\"color: #808000; font-size: 16px; font-weight: bold; text-align: center;\">Bo\u00ed and Aran Valleys, in the Pyrenees<br \/>\n<\/span><strong>El valle de Bo\u00ed, un rinc\u00f3n escondido en los Pirineos,<\/strong> era ya bien conocida en tiempo de los romanos por sus aguas termales. Situado cerca del Parque Nacional de Aig\u00fcestortes i SantMaurici, es un lugar ideal para disfrutar de la flora alpina durante el fresco verano y del impresionante rom\u00e1nico catalogado por la UNESCO, con 9 ermitas bien comunicadas entre ellas por antiguos caminos empedrados, construidos en el siglo XI.<\/p>\n<p>Un poco m\u00e1s al norte, de cara al Atl\u00e1ntico y aislada por altas monta\u00f1as, especialmente durante los meses de invierno, descubrir\u00e9is la Val d&#8217;Aran. El aislamiento fue suficentemente importante como para desarrollar un idioma propio, el aran\u00e9s, del grupo gasc\u00f3n. Aqu\u00ed podreis disfrutar de algunos de los lugares m\u00e1s altamente diversos en flora alpina, como el Pla de Beret, y visitar vestigios de los primeros habitantes del valle del s. I a.C.<\/p>\n<p>A continuaci\u00f3n os sugerimos diferentes maneras de disfrutar de los dos valles, como por ejemplo con la antigua tradici\u00f3n de la bajada de fallas con la escapada<strong> Fallas y Flores en el Valle de Bo\u00ed,<\/strong> una <strong>escapada para ir a buscar setas<\/strong> o intentar descubrir el intrigante <strong>Misterio de la Cruz de Sara\u00eds,<\/strong> estrechamente ligado a la presencia c\u00e1tara del Valle de Bo\u00ed.<\/p>\n<p><strong>Si no encontr\u00e9is lo que est\u00e1is buscando, no dud\u00e9is en contactarnos, os podemos crear vuestra propuesta a medida para disfrutar de los Pirineos. <\/strong><\/p>\n<p><span style=\"text-align: center; display: block;\"><span style=\"color: #808000;\"><strong>Valle de Bo\u00ed, en los Pirineos<\/strong><\/span><br \/>\n<iframe src=\"https:\/\/www.youtube.com\/embed\/QE2Q6TML0OI\" width=\"540\" height=\"300\" frameborder=\"0\" allowfullscreen=\"allowfullscreen\"><\/iframe><\/span><\/p>\n\t\t\t\t\t\t\t\t<\/div>\n\t\t\t\t<\/div>\n\t\t\t\t\t<\/div>\n\t\t<\/div>\n\t\t\t\t\t<\/div>\n\t\t<\/section>\n\t\t\t\t<section data-particle_enable=\"false\" data-particle-mobile-disabled=\"false\" class=\"elementor-section elementor-top-section elementor-element elementor-element-eadd889 elementor-section-boxed elementor-section-height-default elementor-section-height-default\" data-id=\"eadd889\" data-element_type=\"section\">\n\t\t\t\t\t\t<div class=\"elementor-container elementor-column-gap-default\">\n\t\t\t\t\t<div class=\"elementor-column elementor-col-100 elementor-top-column elementor-element elementor-element-e2713ab\" data-id=\"e2713ab\" data-element_type=\"column\">\n\t\t\t<div class=\"elementor-widget-wrap elementor-element-populated\">\n\t\t\t\t\t\t<div class=\"elementor-element elementor-element-c29c139 elementor-widget elementor-widget-heading\" data-id=\"c29c139\" data-element_type=\"widget\" data-widget_type=\"heading.default\">\n\t\t\t\t<div class=\"elementor-widget-container\">\n\t\t\t\t\t<h2 class=\"elementor-heading-title elementor-size-default\">Algunas ideas de viaje en los valles de Bo\u00ed y Aran<\/h2>\t\t\t\t<\/div>\n\t\t\t\t<\/div>\n\t\t\t\t\t<\/div>\n\t\t<\/div>\n\t\t\t\t\t<\/div>\n\t\t<\/section>\n\t\t\t\t<section data-particle_enable=\"false\" data-particle-mobile-disabled=\"false\" class=\"elementor-section elementor-top-section elementor-element elementor-element-9ecb489 elementor-section-boxed elementor-section-height-default elementor-section-height-default\" data-id=\"9ecb489\" data-element_type=\"section\">\n\t\t\t\t\t\t<div class=\"elementor-container elementor-column-gap-default\">\n\t\t\t\t\t<div class=\"elementor-column elementor-col-100 elementor-top-column elementor-element elementor-element-49fbf96\" data-id=\"49fbf96\" data-element_type=\"column\">\n\t\t\t<div class=\"elementor-widget-wrap elementor-element-populated\">\n\t\t\t\t\t\t<div class=\"elementor-element elementor-element-8e92c41 uael-woo--align-center uael-sale-flash-circle uael-featured-flash-circle elementor-widget elementor-widget-uael-woo-products\" data-id=\"8e92c41\" data-element_type=\"widget\" data-settings=\"{&quot;products_columns&quot;:&quot;4&quot;,&quot;products_columns_tablet&quot;:&quot;3&quot;,&quot;products_columns_mobile&quot;:&quot;1&quot;}\" data-widget_type=\"uael-woo-products.grid-default\">\n\t\t\t\t<div class=\"elementor-widget-container\">\n\t\t\t\t\t<div class=\"uael-woocommerce uael-woo-products-grid uael-woo-skin-grid-default uael-woo-query-custom\" data-page=\"7222\" data-skin=\"grid_default\"><div class=\" columns-4 uael-woo-products-inner uael-woo-product__column-4 uael-woo-product__column-tablet-3 uael-woo-product__column-mobile-1\"><ul class=\"products columns-4\">\n\n\n<li class=\" 2 a 3 d\u00edas a pie autoguiado con gu\u00eda patrimonio mundial de la humanidad pirineos vacaciones hist\u00f3ricas valle de bo\u00ed viajes culturales viajes natural\u00edsticos post-4392 product first instock shipping-taxable purchasable product-type-variable has-default-attributes\">\n\t<div class=\"uael-woo-product-wrapper uael-prod-auto-align-disabled\">\n\t\t<div class=\"uael-woo-products-thumbnail-wrap\"><div class=\"uael-flash-container \"><\/div><a href=\"https:\/\/elbrogit.com\/es\/product\/misterio-cruz-de-sarais-valle-de-boi\/\" class=\"woocommerce-LoopProduct-link woocommerce-loop-product__link\"><img fetchpriority=\"high\" decoding=\"async\" width=\"300\" height=\"225\" src=\"https:\/\/elbrogit.com\/wp-content\/uploads\/SARA\u00cdS-ESTIU-2005-IV-300x225.jpg\" class=\"attachment-woocommerce_thumbnail size-woocommerce_thumbnail\" alt=\"\" srcset=\"https:\/\/elbrogit.com\/wp-content\/uploads\/SARA\u00cdS-ESTIU-2005-IV-300x225.jpg 300w, https:\/\/elbrogit.com\/wp-content\/uploads\/SARA\u00cdS-ESTIU-2005-IV-600x450.jpg 600w, https:\/\/elbrogit.com\/wp-content\/uploads\/SARA\u00cdS-ESTIU-2005-IV-1024x768.jpg 1024w, https:\/\/elbrogit.com\/wp-content\/uploads\/SARA\u00cdS-ESTIU-2005-IV-768x576.jpg 768w, https:\/\/elbrogit.com\/wp-content\/uploads\/SARA\u00cdS-ESTIU-2005-IV.jpg 1280w\" sizes=\"(max-width: 300px) 100vw, 300px\" \/><\/a><div class=\"uael-quick-view-data\" data-product_id=\"4392\"><\/div><\/div><div class=\"uael-woo-products-summary-wrap uael-auto-align-disabled\"><a href=\"https:\/\/elbrogit.com\/es\/product\/misterio-cruz-de-sarais-valle-de-boi\/\" class=\"uael-loop-product__link\"><h2 class=\"woocommerce-loop-product__title\">El misterio de la Cruz de Sara\u00eds, en el Valle de Bo\u00ed<\/h2><\/a>\n\t<span class=\"price\"><span class=\"woocommerce-Price-amount amount\"><bdi>117<span class=\"woocommerce-Price-currencySymbol\">&euro;<\/span><\/bdi><\/span> &ndash; <span class=\"woocommerce-Price-amount amount\"><bdi>170<span class=\"woocommerce-Price-currencySymbol\">&euro;<\/span><\/bdi><\/span><\/span>\n<\/div>\t<\/div>\n<\/li>\n<\/ul>\n<\/div><\/div><div class=\"uael-quick-view-8e92c41\">\n\t<div class=\"uael-quick-view-bg\"><div class=\"uael-quick-view-loader\"><\/div><\/div>\n\t<div id=\"uael-quick-view-modal\">\n\t\t<div class=\"uael-content-main-wrapper\"><!--\n\t\t--><div class=\"uael-content-main\">\n\t\t\t\t<div class=\"uael-lightbox-content\">\n\t\t\t\t\t<div class=\"uael-content-main-head\">\n\t\t\t\t\t\t<a href=\"#\" id=\"uael-quick-view-close\" class=\"uael-quick-view-close-btn fas fa-times\"><\/a>\n\t\t\t\t\t<\/div>\n\t\t\t\t\t<div id=\"uael-quick-view-content\" class=\"woocommerce single-product\"><\/div>\n\t\t\t\t<\/div>\n\t\t\t<\/div>\n\t\t<\/div>\n\t<\/div>\n<\/div>\n\t\t\t\t<\/div>\n\t\t\t\t<\/div>\n\t\t\t\t\t<\/div>\n\t\t<\/div>\n\t\t\t\t\t<\/div>\n\t\t<\/section>\n\t\t\t\t<\/div>\n\t\t","protected":false},"excerpt":{"rendered":"<p>Val d&#8217;Aran (clic para hacer la imagen m\u00e1s grande) Valle de Bo\u00ed (clic para hacer la imagen m\u00e1s grande) \u00a0 Bo\u00ed and Aran Valleys, in the Pyrenees El valle de Bo\u00ed, un rinc\u00f3n escondido en los Pirineos, era ya bien conocida en tiempo de los romanos por sus aguas termales. Situado cerca del Parque Nacional [&hellip;]<\/p>\n","protected":false},"author":1,"featured_media":0,"parent":0,"menu_order":0,"comment_status":"open","ping_status":"open","template":"elementor_header_footer","meta":{"_acf_changed":false,"footnotes":""},"class_list":["post-7222","page","type-page","status-publish","hentry"],"acf":[],"yoast_head":"<!-- This site is optimized with the Yoast SEO plugin v25.1 - https:\/\/yoast.com\/wordpress\/plugins\/seo\/ -->\n<title>Los valles de Bo\u00ed y Aran, en los Pirineos - Senderismo y enoturismo en Catalunya<\/title>\n<meta name=\"robots\" content=\"index, follow, max-snippet:-1, max-image-preview:large, max-video-preview:-1\" \/>\n<link rel=\"canonical\" href=\"https:\/\/elbrogit.com\/es\/los-valles-de-boi-y-aran-en-los-pirineos\/\" \/>\n<meta property=\"og:locale\" content=\"es_ES\" \/>\n<meta property=\"og:type\" content=\"article\" \/>\n<meta property=\"og:title\" content=\"Los valles de Bo\u00ed y Aran, en los Pirineos - Senderismo y enoturismo en Catalunya\" \/>\n<meta property=\"og:description\" content=\"Val d&#8217;Aran (clic para hacer la imagen m\u00e1s grande) Valle de Bo\u00ed (clic para hacer la imagen m\u00e1s grande) \u00a0 Bo\u00ed and Aran Valleys, in the Pyrenees El valle de Bo\u00ed, un rinc\u00f3n escondido en los Pirineos, era ya bien conocida en tiempo de los romanos por sus aguas termales. Situado cerca del Parque Nacional [&hellip;]\" \/>\n<meta property=\"og:url\" content=\"https:\/\/elbrogit.com\/es\/los-valles-de-boi-y-aran-en-los-pirineos\/\" \/>\n<meta property=\"og:site_name\" content=\"Senderismo y enoturismo en Catalunya\" \/>\n<meta property=\"article:publisher\" content=\"http:\/\/www.facebook.com\/brogit.guiatges\" \/>\n<meta property=\"article:modified_time\" content=\"2020-09-11T15:08:18+00:00\" \/>\n<meta property=\"og:image\" content=\"http:\/\/www.elbrogit.com\/tl_files\/BrogitGuiatges\/web\/ValAran_Mapa_petit.jpg\" \/>\n<meta name=\"twitter:card\" content=\"summary_large_image\" \/>\n<meta name=\"twitter:site\" content=\"@elbrogit\" \/>\n<meta name=\"twitter:label1\" content=\"Tiempo de lectura\" \/>\n\t<meta name=\"twitter:data1\" content=\"2 minutos\" \/>\n<script type=\"application\/ld+json\" class=\"yoast-schema-graph\">{\"@context\":\"https:\/\/schema.org\",\"@graph\":[{\"@type\":\"WebPage\",\"@id\":\"https:\/\/elbrogit.com\/es\/los-valles-de-boi-y-aran-en-los-pirineos\/\",\"url\":\"https:\/\/elbrogit.com\/es\/los-valles-de-boi-y-aran-en-los-pirineos\/\",\"name\":\"Los valles de Bo\u00ed y Aran, en los Pirineos - Senderismo y enoturismo en Catalunya\",\"isPartOf\":{\"@id\":\"https:\/\/elbrogit.com\/es\/#website\"},\"primaryImageOfPage\":{\"@id\":\"https:\/\/elbrogit.com\/es\/los-valles-de-boi-y-aran-en-los-pirineos\/#primaryimage\"},\"image\":{\"@id\":\"https:\/\/elbrogit.com\/es\/los-valles-de-boi-y-aran-en-los-pirineos\/#primaryimage\"},\"thumbnailUrl\":\"http:\/\/www.elbrogit.com\/tl_files\/BrogitGuiatges\/web\/ValAran_Mapa_petit.jpg\",\"datePublished\":\"2020-09-11T15:02:39+00:00\",\"dateModified\":\"2020-09-11T15:08:18+00:00\",\"breadcrumb\":{\"@id\":\"https:\/\/elbrogit.com\/es\/los-valles-de-boi-y-aran-en-los-pirineos\/#breadcrumb\"},\"inLanguage\":\"es\",\"potentialAction\":[{\"@type\":\"ReadAction\",\"target\":[\"https:\/\/elbrogit.com\/es\/los-valles-de-boi-y-aran-en-los-pirineos\/\"]}]},{\"@type\":\"ImageObject\",\"inLanguage\":\"es\",\"@id\":\"https:\/\/elbrogit.com\/es\/los-valles-de-boi-y-aran-en-los-pirineos\/#primaryimage\",\"url\":\"http:\/\/www.elbrogit.com\/tl_files\/BrogitGuiatges\/web\/ValAran_Mapa_petit.jpg\",\"contentUrl\":\"http:\/\/www.elbrogit.com\/tl_files\/BrogitGuiatges\/web\/ValAran_Mapa_petit.jpg\"},{\"@type\":\"BreadcrumbList\",\"@id\":\"https:\/\/elbrogit.com\/es\/los-valles-de-boi-y-aran-en-los-pirineos\/#breadcrumb\",\"itemListElement\":[{\"@type\":\"ListItem\",\"position\":1,\"name\":\"Home\",\"item\":\"https:\/\/elbrogit.com\/es\/\"},{\"@type\":\"ListItem\",\"position\":2,\"name\":\"Los valles de Bo\u00ed y Aran, en los Pirineos\"}]},{\"@type\":\"WebSite\",\"@id\":\"https:\/\/elbrogit.com\/es\/#website\",\"url\":\"https:\/\/elbrogit.com\/es\/\",\"name\":\"Senderismo y enoturismo en Catalunya\",\"description\":\"Ecotourism, walking, wine tourism and cultural holidays in Catalonia\",\"publisher\":{\"@id\":\"https:\/\/elbrogit.com\/es\/#organization\"},\"potentialAction\":[{\"@type\":\"SearchAction\",\"target\":{\"@type\":\"EntryPoint\",\"urlTemplate\":\"https:\/\/elbrogit.com\/es\/?s={search_term_string}\"},\"query-input\":{\"@type\":\"PropertyValueSpecification\",\"valueRequired\":true,\"valueName\":\"search_term_string\"}}],\"inLanguage\":\"es\"},{\"@type\":\"Organization\",\"@id\":\"https:\/\/elbrogit.com\/es\/#organization\",\"name\":\"Senderismo y enoturismo en Catalunya\",\"url\":\"https:\/\/elbrogit.com\/es\/\",\"logo\":{\"@type\":\"ImageObject\",\"inLanguage\":\"es\",\"@id\":\"https:\/\/elbrogit.com\/es\/#\/schema\/logo\/image\/\",\"url\":\"https:\/\/elbrogit.com\/wp-content\/uploads\/cropped-LogoBrogitWeb.jpg\",\"contentUrl\":\"https:\/\/elbrogit.com\/wp-content\/uploads\/cropped-LogoBrogitWeb.jpg\",\"width\":161,\"height\":108,\"caption\":\"Senderismo y enoturismo en Catalunya\"},\"image\":{\"@id\":\"https:\/\/elbrogit.com\/es\/#\/schema\/logo\/image\/\"},\"sameAs\":[\"http:\/\/www.facebook.com\/brogit.guiatges\",\"https:\/\/x.com\/elbrogit\"]}]}<\/script>\n<!-- \/ Yoast SEO plugin. -->","yoast_head_json":{"title":"Los valles de Bo\u00ed y Aran, en los Pirineos - Senderismo y enoturismo en Catalunya","robots":{"index":"index","follow":"follow","max-snippet":"max-snippet:-1","max-image-preview":"max-image-preview:large","max-video-preview":"max-video-preview:-1"},"canonical":"https:\/\/elbrogit.com\/es\/los-valles-de-boi-y-aran-en-los-pirineos\/","og_locale":"es_ES","og_type":"article","og_title":"Los valles de Bo\u00ed y Aran, en los Pirineos - Senderismo y enoturismo en Catalunya","og_description":"Val d&#8217;Aran (clic para hacer la imagen m\u00e1s grande) Valle de Bo\u00ed (clic para hacer la imagen m\u00e1s grande) \u00a0 Bo\u00ed and Aran Valleys, in the Pyrenees El valle de Bo\u00ed, un rinc\u00f3n escondido en los Pirineos, era ya bien conocida en tiempo de los romanos por sus aguas termales. Situado cerca del Parque Nacional [&hellip;]","og_url":"https:\/\/elbrogit.com\/es\/los-valles-de-boi-y-aran-en-los-pirineos\/","og_site_name":"Senderismo y enoturismo en Catalunya","article_publisher":"http:\/\/www.facebook.com\/brogit.guiatges","article_modified_time":"2020-09-11T15:08:18+00:00","og_image":[{"url":"http:\/\/www.elbrogit.com\/tl_files\/BrogitGuiatges\/web\/ValAran_Mapa_petit.jpg","type":"","width":"","height":""}],"twitter_card":"summary_large_image","twitter_site":"@elbrogit","twitter_misc":{"Tiempo de lectura":"2 minutos"},"schema":{"@context":"https:\/\/schema.org","@graph":[{"@type":"WebPage","@id":"https:\/\/elbrogit.com\/es\/los-valles-de-boi-y-aran-en-los-pirineos\/","url":"https:\/\/elbrogit.com\/es\/los-valles-de-boi-y-aran-en-los-pirineos\/","name":"Los valles de Bo\u00ed y Aran, en los Pirineos - Senderismo y enoturismo en Catalunya","isPartOf":{"@id":"https:\/\/elbrogit.com\/es\/#website"},"primaryImageOfPage":{"@id":"https:\/\/elbrogit.com\/es\/los-valles-de-boi-y-aran-en-los-pirineos\/#primaryimage"},"image":{"@id":"https:\/\/elbrogit.com\/es\/los-valles-de-boi-y-aran-en-los-pirineos\/#primaryimage"},"thumbnailUrl":"http:\/\/www.elbrogit.com\/tl_files\/BrogitGuiatges\/web\/ValAran_Mapa_petit.jpg","datePublished":"2020-09-11T15:02:39+00:00","dateModified":"2020-09-11T15:08:18+00:00","breadcrumb":{"@id":"https:\/\/elbrogit.com\/es\/los-valles-de-boi-y-aran-en-los-pirineos\/#breadcrumb"},"inLanguage":"es","potentialAction":[{"@type":"ReadAction","target":["https:\/\/elbrogit.com\/es\/los-valles-de-boi-y-aran-en-los-pirineos\/"]}]},{"@type":"ImageObject","inLanguage":"es","@id":"https:\/\/elbrogit.com\/es\/los-valles-de-boi-y-aran-en-los-pirineos\/#primaryimage","url":"http:\/\/www.elbrogit.com\/tl_files\/BrogitGuiatges\/web\/ValAran_Mapa_petit.jpg","contentUrl":"http:\/\/www.elbrogit.com\/tl_files\/BrogitGuiatges\/web\/ValAran_Mapa_petit.jpg"},{"@type":"BreadcrumbList","@id":"https:\/\/elbrogit.com\/es\/los-valles-de-boi-y-aran-en-los-pirineos\/#breadcrumb","itemListElement":[{"@type":"ListItem","position":1,"name":"Home","item":"https:\/\/elbrogit.com\/es\/"},{"@type":"ListItem","position":2,"name":"Los valles de Bo\u00ed y Aran, en los Pirineos"}]},{"@type":"WebSite","@id":"https:\/\/elbrogit.com\/es\/#website","url":"https:\/\/elbrogit.com\/es\/","name":"Senderismo y enoturismo en Catalunya","description":"Ecotourism, walking, wine tourism and cultural holidays in Catalonia","publisher":{"@id":"https:\/\/elbrogit.com\/es\/#organization"},"potentialAction":[{"@type":"SearchAction","target":{"@type":"EntryPoint","urlTemplate":"https:\/\/elbrogit.com\/es\/?s={search_term_string}"},"query-input":{"@type":"PropertyValueSpecification","valueRequired":true,"valueName":"search_term_string"}}],"inLanguage":"es"},{"@type":"Organization","@id":"https:\/\/elbrogit.com\/es\/#organization","name":"Senderismo y enoturismo en Catalunya","url":"https:\/\/elbrogit.com\/es\/","logo":{"@type":"ImageObject","inLanguage":"es","@id":"https:\/\/elbrogit.com\/es\/#\/schema\/logo\/image\/","url":"https:\/\/elbrogit.com\/wp-content\/uploads\/cropped-LogoBrogitWeb.jpg","contentUrl":"https:\/\/elbrogit.com\/wp-content\/uploads\/cropped-LogoBrogitWeb.jpg","width":161,"height":108,"caption":"Senderismo y enoturismo en Catalunya"},"image":{"@id":"https:\/\/elbrogit.com\/es\/#\/schema\/logo\/image\/"},"sameAs":["http:\/\/www.facebook.com\/brogit.guiatges","https:\/\/x.com\/elbrogit"]}]}},"jetpack_sharing_enabled":true,"_links":{"self":[{"href":"https:\/\/elbrogit.com\/es\/wp-json\/wp\/v2\/pages\/7222","targetHints":{"allow":["GET"]}}],"collection":[{"href":"https:\/\/elbrogit.com\/es\/wp-json\/wp\/v2\/pages"}],"about":[{"href":"https:\/\/elbrogit.com\/es\/wp-json\/wp\/v2\/types\/page"}],"author":[{"embeddable":true,"href":"https:\/\/elbrogit.com\/es\/wp-json\/wp\/v2\/users\/1"}],"replies":[{"embeddable":true,"href":"https:\/\/elbrogit.com\/es\/wp-json\/wp\/v2\/comments?post=7222"}],"version-history":[{"count":2,"href":"https:\/\/elbrogit.com\/es\/wp-json\/wp\/v2\/pages\/7222\/revisions"}],"predecessor-version":[{"id":7226,"href":"https:\/\/elbrogit.com\/es\/wp-json\/wp\/v2\/pages\/7222\/revisions\/7226"}],"wp:attachment":[{"href":"https:\/\/elbrogit.com\/es\/wp-json\/wp\/v2\/media?parent=7222"}],"curies":[{"name":"wp","href":"https:\/\/api.w.org\/{rel}","templated":true}]}}