{"id":7229,"date":"2020-09-11T17:47:59","date_gmt":"2020-09-11T15:47:59","guid":{"rendered":"https:\/\/elbrogit.com\/el-equipo-de-el-brogit\/"},"modified":"2020-09-11T17:48:37","modified_gmt":"2020-09-11T15:48:37","slug":"equipo-el-brogit","status":"publish","type":"page","link":"https:\/\/elbrogit.com\/es\/equipo-el-brogit\/","title":{"rendered":"El equipo de El Brogit"},"content":{"rendered":"\t\t<div data-elementor-type=\"wp-page\" data-elementor-id=\"7229\" class=\"elementor elementor-7229 elementor-207\" data-elementor-post-type=\"page\">\n\t\t\t\t\t\t<section data-particle_enable=\"false\" data-particle-mobile-disabled=\"false\" class=\"elementor-section elementor-top-section elementor-element elementor-element-251c17ae elementor-section-boxed elementor-section-height-default elementor-section-height-default\" data-id=\"251c17ae\" data-element_type=\"section\">\n\t\t\t\t\t\t<div class=\"elementor-container elementor-column-gap-default\">\n\t\t\t\t\t<div class=\"elementor-column elementor-col-33 elementor-top-column elementor-element elementor-element-f754c6a\" data-id=\"f754c6a\" data-element_type=\"column\">\n\t\t\t<div class=\"elementor-widget-wrap elementor-element-populated\">\n\t\t\t\t\t\t<div class=\"elementor-element elementor-element-476b237e elementor-widget elementor-widget-text-editor\" data-id=\"476b237e\" data-element_type=\"widget\" data-widget_type=\"text-editor.default\">\n\t\t\t\t<div class=\"elementor-widget-container\">\n\t\t\t\t\t\t\t\t\t<p><a style=\"background-color: #ffffff; font-size: 1rem;\" href=\"http:\/\/www.elbrogit.com\/wp-content\/uploads\/DSCF7250_Meritxell_Brogit.jpg\" rel=\"attachment wp-att-5431\"><img fetchpriority=\"high\" decoding=\"async\" class=\"wp-image-5431 size-medium\" src=\"http:\/\/www.elbrogit.com\/wp-content\/uploads\/DSCF7250_Meritxell_Brogit-300x292.jpg\" alt=\"Meritxell, directoria i guia de El Brogit\" width=\"300\" height=\"292\" \/><\/a><br \/>Meritxell, director and guide of El Brogit<\/p>\n\t\t\t\t\t\t\t\t<\/div>\n\t\t\t\t<\/div>\n\t\t\t\t\t<\/div>\n\t\t<\/div>\n\t\t\t\t<div class=\"elementor-column elementor-col-66 elementor-top-column elementor-element elementor-element-632c5ba\" data-id=\"632c5ba\" data-element_type=\"column\">\n\t\t\t<div class=\"elementor-widget-wrap elementor-element-populated\">\n\t\t\t\t\t\t<div class=\"elementor-element elementor-element-c0c6ed2 elementor-widget elementor-widget-text-editor\" data-id=\"c0c6ed2\" data-element_type=\"widget\" data-widget_type=\"text-editor.default\">\n\t\t\t\t<div class=\"elementor-widget-container\">\n\t\t\t\t\t\t\t\t\t<p>Soy la\u00a0<strong><span style=\"color: #808000;\">Meritxell<\/span><\/strong>, el alma del Brogit, bi\u00f3loga de formaci\u00f3n y curiosa excursionista amante de la naturaleza y de los caminos ancestrales que hasta hace quatro d\u00edas eran las grandes autopistas que conectavan pueblos, fuentes, ermitas, mas\u00edas,&#8230; Soy gu\u00eda qualificada, con una amplia experi\u00e8ncia especialmente por las monta\u00f1as del sur de Catalunya, e inscrita al Registro de Professionales del Deporte de Catalunya. El a\u00f1o <strong><span style=\"color: #808000;\">2013 inici\u00e9 el nuevo proyecto de agencia de viajes,<\/span><\/strong> para ofreceros una experiencia integral en nuestro territorio, trabajando con compa\u00f1\u00edas de gu\u00edas locales, acogedores alojamientos y restaurantes, transfers locales,&#8230;<\/p>\n<p>La cartograf\u00eda y los idiomas son mis otras aficiones. He estudiado idiomas bien diferentes, como el \u00e1rabe o el ruso, pero l<strong>os que m\u00e1s domino son el ingl\u00e9s y el alem\u00e1n,<\/strong> empezando a despertar mi franc\u00e9s. El excursionismo me ha permitido observar la naturaleza en directo, y profundizar en el conocimiento de la flora, la fauna y los ecosistemas. La exploraci\u00f3n, investigaci\u00f3n, descubierta y recuperaci\u00f3n del nuestro increible patrimonio de caminos antiguos es otra de mis pasiones. Y para finalizar, <strong>disfruto intensamente conociendo y conectando con las personas que est\u00e1n destr\u00e1s de los grandes vinos del Proirat, Conca de Barber\u00e0, Terra Alta, Pened\u00e8s,&#8230;,\u00a0<\/strong>sabore\u00e1ndolos y facilitando que los conozc\u00e1is y tambi\u00e9n conect\u00e9is con ellos en primera persona. Sin olvidar los productores de aceite, queso, miel,&#8230;<\/p>\n\t\t\t\t\t\t\t\t<\/div>\n\t\t\t\t<\/div>\n\t\t\t\t\t<\/div>\n\t\t<\/div>\n\t\t\t\t\t<\/div>\n\t\t<\/section>\n\t\t\t\t<section data-particle_enable=\"false\" data-particle-mobile-disabled=\"false\" class=\"elementor-section elementor-top-section elementor-element elementor-element-6eac8c2 elementor-section-boxed elementor-section-height-default elementor-section-height-default\" data-id=\"6eac8c2\" data-element_type=\"section\">\n\t\t\t\t\t\t<div class=\"elementor-container elementor-column-gap-default\">\n\t\t\t\t\t<div class=\"elementor-column elementor-col-33 elementor-top-column elementor-element elementor-element-881ad2b\" data-id=\"881ad2b\" data-element_type=\"column\">\n\t\t\t<div class=\"elementor-widget-wrap elementor-element-populated\">\n\t\t\t\t\t\t<div class=\"elementor-element elementor-element-6266e50 elementor-widget elementor-widget-text-editor\" data-id=\"6266e50\" data-element_type=\"widget\" data-widget_type=\"text-editor.default\">\n\t\t\t\t<div class=\"elementor-widget-container\">\n\t\t\t\t\t\t\t\t\t<p><a href=\"http:\/\/www.elbrogit.com\/wp-content\/uploads\/P5310037_Palet_resize.jpg\" rel=\"attachment wp-att-5434\"><img decoding=\"async\" class=\"wp-image-5434 size-medium\" src=\"http:\/\/www.elbrogit.com\/wp-content\/uploads\/P5310037_Palet_resize-300x224.jpg\" alt=\"Josep Palet, naturalista al Priorat\" width=\"300\" height=\"224\" \/><\/a><br \/>\nJosep, gu\u00eda naturalista en el Priorat<\/p>\n\t\t\t\t\t\t\t\t<\/div>\n\t\t\t\t<\/div>\n\t\t\t\t\t<\/div>\n\t\t<\/div>\n\t\t\t\t<div class=\"elementor-column elementor-col-66 elementor-top-column elementor-element elementor-element-3823f9a\" data-id=\"3823f9a\" data-element_type=\"column\">\n\t\t\t<div class=\"elementor-widget-wrap elementor-element-populated\">\n\t\t\t\t\t\t<div class=\"elementor-element elementor-element-db5d9d0 elementor-widget elementor-widget-text-editor\" data-id=\"db5d9d0\" data-element_type=\"widget\" data-widget_type=\"text-editor.default\">\n\t\t\t\t<div class=\"elementor-widget-container\">\n\t\t\t\t\t\t\t\t\t<p><strong><span style=\"color: #808000;\">El Josep Palet<br \/>\n<\/span><\/strong>Naturalista y gu\u00eda por el Priorat, tambi\u00e9n explora las Muntanyes de Prades y otros rincones del sur de Catalunya. Tiene un extenso conocimiento de la flora, la fauna, los vinos,&#8230; de su tierra y una pasi\u00f3n infinita para transmitir todo este conocimiento.<\/p>\n\t\t\t\t\t\t\t\t<\/div>\n\t\t\t\t<\/div>\n\t\t\t\t\t<\/div>\n\t\t<\/div>\n\t\t\t\t\t<\/div>\n\t\t<\/section>\n\t\t\t\t<section data-particle_enable=\"false\" data-particle-mobile-disabled=\"false\" class=\"elementor-section elementor-top-section elementor-element elementor-element-f660889 elementor-section-boxed elementor-section-height-default elementor-section-height-default\" data-id=\"f660889\" data-element_type=\"section\">\n\t\t\t\t\t\t<div class=\"elementor-container elementor-column-gap-default\">\n\t\t\t\t\t<div class=\"elementor-column elementor-col-33 elementor-top-column elementor-element elementor-element-64aab37\" data-id=\"64aab37\" data-element_type=\"column\">\n\t\t\t<div class=\"elementor-widget-wrap elementor-element-populated\">\n\t\t\t\t\t\t<div class=\"elementor-element elementor-element-0e6cbb3 elementor-widget elementor-widget-text-editor\" data-id=\"0e6cbb3\" data-element_type=\"widget\" data-widget_type=\"text-editor.default\">\n\t\t\t\t<div class=\"elementor-widget-container\">\n\t\t\t\t\t\t\t\t\t<p><a href=\"http:\/\/www.elbrogit.com\/wp-content\/uploads\/Jordi_Bru_fotografia.jpg\" rel=\"attachment wp-att-5437\"><img decoding=\"async\" class=\"wp-image-5437 size-medium\" src=\"http:\/\/www.elbrogit.com\/wp-content\/uploads\/Jordi_Bru_fotografia-225x300.jpg\" alt=\"Jordi_Bru_fotografia\" width=\"225\" height=\"300\" \/><\/a><br \/>\nJordi, naturalista y gu\u00eda de fotograf\u00eda<\/p>\n\t\t\t\t\t\t\t\t<\/div>\n\t\t\t\t<\/div>\n\t\t\t\t\t<\/div>\n\t\t<\/div>\n\t\t\t\t<div class=\"elementor-column elementor-col-66 elementor-top-column elementor-element elementor-element-0670bad\" data-id=\"0670bad\" data-element_type=\"column\">\n\t\t\t<div class=\"elementor-widget-wrap elementor-element-populated\">\n\t\t\t\t\t\t<div class=\"elementor-element elementor-element-8f4d670 elementor-widget elementor-widget-text-editor\" data-id=\"8f4d670\" data-element_type=\"widget\" data-widget_type=\"text-editor.default\">\n\t\t\t\t<div class=\"elementor-widget-container\">\n\t\t\t\t\t\t\t\t\t<p><strong><span style=\"color: #808000;\">El Jordi Br\u00fa:<\/span><\/strong> bi\u00f3logo de formaci\u00f3n y apasionado de la naturaleza, de captura de manera incesante y desde todos los \u00e1ngulos con su c\u00e1mara. Con \u00e9l pod\u00e9is llegar a descubrir los mil i un secretos de vuestra c\u00e1mara, hasta la de vuestro m\u00f3vil!<\/p>\n\t\t\t\t\t\t\t\t<\/div>\n\t\t\t\t<\/div>\n\t\t\t\t\t<\/div>\n\t\t<\/div>\n\t\t\t\t\t<\/div>\n\t\t<\/section>\n\t\t\t\t<section data-particle_enable=\"false\" data-particle-mobile-disabled=\"false\" class=\"elementor-section elementor-top-section elementor-element elementor-element-0f92f88 elementor-section-boxed elementor-section-height-default elementor-section-height-default\" data-id=\"0f92f88\" data-element_type=\"section\" data-settings=\"{&quot;background_background&quot;:&quot;classic&quot;}\">\n\t\t\t\t\t\t<div class=\"elementor-container elementor-column-gap-default\">\n\t\t\t\t\t<div class=\"elementor-column elementor-col-50 elementor-top-column elementor-element elementor-element-4b9463d\" data-id=\"4b9463d\" data-element_type=\"column\">\n\t\t\t<div class=\"elementor-widget-wrap elementor-element-populated\">\n\t\t\t\t\t\t<div class=\"elementor-element elementor-element-5c9686b elementor-headline--style-highlight elementor-widget elementor-widget-animated-headline\" data-id=\"5c9686b\" data-element_type=\"widget\" data-settings=\"{&quot;marker&quot;:&quot;curly&quot;,&quot;highlighted_text&quot;:&quot;con el equipo de El Brogit&quot;,&quot;headline_style&quot;:&quot;highlight&quot;,&quot;loop&quot;:&quot;yes&quot;,&quot;highlight_animation_duration&quot;:1200,&quot;highlight_iteration_delay&quot;:8000}\" data-widget_type=\"animated-headline.default\">\n\t\t\t\t<div class=\"elementor-widget-container\">\n\t\t\t\t\t\t\t<h3 class=\"elementor-headline\">\n\t\t\t\t\t<span class=\"elementor-headline-plain-text elementor-headline-text-wrapper\">Ven y descubre<\/span>\n\t\t\t\t<span class=\"elementor-headline-dynamic-wrapper elementor-headline-text-wrapper\">\n\t\t\t\t\t<span class=\"elementor-headline-dynamic-text elementor-headline-text-active\">con el equipo de El Brogit<\/span>\n\t\t\t\t<\/span>\n\t\t\t\t<\/h3>\n\t\t\t\t\t\t<\/div>\n\t\t\t\t<\/div>\n\t\t\t\t\t<\/div>\n\t\t<\/div>\n\t\t\t\t<div class=\"elementor-column elementor-col-50 elementor-top-column elementor-element elementor-element-4f019e1\" data-id=\"4f019e1\" data-element_type=\"column\">\n\t\t\t<div class=\"elementor-widget-wrap elementor-element-populated\">\n\t\t\t\t\t\t<div class=\"elementor-element elementor-element-7e1a5ea elementor-widget elementor-widget-text-editor\" data-id=\"7e1a5ea\" data-element_type=\"widget\" data-widget_type=\"text-editor.default\">\n\t\t\t\t<div class=\"elementor-widget-container\">\n\t\t\t\t\t\t\t\t\t<p><strong>&#8230;rincones escondidos de gran belleza, el patrimonio natural y cultural de nuestras \u00e1reas rurales, los vinos y la gastronom\u00eda,.. <\/strong>de una manera divertida y amena, mientras disfrutamos del paisaje y del ambiente de monta\u00f1a de una manera saludable.<\/p>\n<p>Y es que la mejor manera de conocer el territorio es a <strong>un ritmo tranquilo, andando, en bici,&#8230; o de bodega en bodega<\/strong> disfrutando del paisaje mientras os dej\u00e1is llevar por nuestro gu\u00eda.<\/p>\n\t\t\t\t\t\t\t\t<\/div>\n\t\t\t\t<\/div>\n\t\t\t\t\t<\/div>\n\t\t<\/div>\n\t\t\t\t\t<\/div>\n\t\t<\/section>\n\t\t\t\t<\/div>\n\t\t","protected":false},"excerpt":{"rendered":"<p>Meritxell, director and guide of El Brogit Soy la\u00a0Meritxell, el alma del Brogit, bi\u00f3loga de formaci\u00f3n y curiosa excursionista amante de la naturaleza y de los caminos ancestrales que hasta hace quatro d\u00edas eran las grandes autopistas que conectavan pueblos, fuentes, ermitas, mas\u00edas,&#8230; Soy gu\u00eda qualificada, con una amplia experi\u00e8ncia especialmente por las monta\u00f1as del [&hellip;]<\/p>\n","protected":false},"author":1,"featured_media":0,"parent":0,"menu_order":0,"comment_status":"open","ping_status":"open","template":"elementor_header_footer","meta":{"_acf_changed":false,"footnotes":""},"class_list":["post-7229","page","type-page","status-publish","hentry"],"acf":[],"yoast_head":"<!-- This site is optimized with the Yoast SEO plugin v25.1 - https:\/\/yoast.com\/wordpress\/plugins\/seo\/ -->\n<title>El equipo de El Brogit - Senderismo y enoturismo en Catalunya<\/title>\n<meta name=\"robots\" content=\"index, follow, max-snippet:-1, max-image-preview:large, max-video-preview:-1\" \/>\n<link rel=\"canonical\" href=\"https:\/\/elbrogit.com\/es\/equipo-el-brogit\/\" \/>\n<meta property=\"og:locale\" content=\"es_ES\" \/>\n<meta property=\"og:type\" content=\"article\" \/>\n<meta property=\"og:title\" content=\"El equipo de El Brogit - Senderismo y enoturismo en Catalunya\" \/>\n<meta property=\"og:description\" content=\"Meritxell, director and guide of El Brogit Soy la\u00a0Meritxell, el alma del Brogit, bi\u00f3loga de formaci\u00f3n y curiosa excursionista amante de la naturaleza y de los caminos ancestrales que hasta hace quatro d\u00edas eran las grandes autopistas que conectavan pueblos, fuentes, ermitas, mas\u00edas,&#8230; Soy gu\u00eda qualificada, con una amplia experi\u00e8ncia especialmente por las monta\u00f1as del [&hellip;]\" \/>\n<meta property=\"og:url\" content=\"https:\/\/elbrogit.com\/es\/equipo-el-brogit\/\" \/>\n<meta property=\"og:site_name\" content=\"Senderismo y enoturismo en Catalunya\" \/>\n<meta property=\"article:publisher\" content=\"http:\/\/www.facebook.com\/brogit.guiatges\" \/>\n<meta property=\"article:modified_time\" content=\"2020-09-11T15:48:37+00:00\" \/>\n<meta property=\"og:image\" content=\"http:\/\/www.elbrogit.com\/wp-content\/uploads\/DSCF7250_Meritxell_Brogit-300x292.jpg\" \/>\n<meta name=\"twitter:card\" content=\"summary_large_image\" \/>\n<meta name=\"twitter:site\" content=\"@elbrogit\" \/>\n<meta name=\"twitter:label1\" content=\"Tiempo de lectura\" \/>\n\t<meta name=\"twitter:data1\" content=\"2 minutos\" \/>\n<script type=\"application\/ld+json\" class=\"yoast-schema-graph\">{\"@context\":\"https:\/\/schema.org\",\"@graph\":[{\"@type\":\"WebPage\",\"@id\":\"https:\/\/elbrogit.com\/es\/equipo-el-brogit\/\",\"url\":\"https:\/\/elbrogit.com\/es\/equipo-el-brogit\/\",\"name\":\"El equipo de El Brogit - Senderismo y enoturismo en Catalunya\",\"isPartOf\":{\"@id\":\"https:\/\/elbrogit.com\/es\/#website\"},\"primaryImageOfPage\":{\"@id\":\"https:\/\/elbrogit.com\/es\/equipo-el-brogit\/#primaryimage\"},\"image\":{\"@id\":\"https:\/\/elbrogit.com\/es\/equipo-el-brogit\/#primaryimage\"},\"thumbnailUrl\":\"http:\/\/www.elbrogit.com\/wp-content\/uploads\/DSCF7250_Meritxell_Brogit-300x292.jpg\",\"datePublished\":\"2020-09-11T15:47:59+00:00\",\"dateModified\":\"2020-09-11T15:48:37+00:00\",\"breadcrumb\":{\"@id\":\"https:\/\/elbrogit.com\/es\/equipo-el-brogit\/#breadcrumb\"},\"inLanguage\":\"es\",\"potentialAction\":[{\"@type\":\"ReadAction\",\"target\":[\"https:\/\/elbrogit.com\/es\/equipo-el-brogit\/\"]}]},{\"@type\":\"ImageObject\",\"inLanguage\":\"es\",\"@id\":\"https:\/\/elbrogit.com\/es\/equipo-el-brogit\/#primaryimage\",\"url\":\"http:\/\/www.elbrogit.com\/wp-content\/uploads\/DSCF7250_Meritxell_Brogit-300x292.jpg\",\"contentUrl\":\"http:\/\/www.elbrogit.com\/wp-content\/uploads\/DSCF7250_Meritxell_Brogit-300x292.jpg\"},{\"@type\":\"BreadcrumbList\",\"@id\":\"https:\/\/elbrogit.com\/es\/equipo-el-brogit\/#breadcrumb\",\"itemListElement\":[{\"@type\":\"ListItem\",\"position\":1,\"name\":\"Home\",\"item\":\"https:\/\/elbrogit.com\/es\/\"},{\"@type\":\"ListItem\",\"position\":2,\"name\":\"El equipo de El Brogit\"}]},{\"@type\":\"WebSite\",\"@id\":\"https:\/\/elbrogit.com\/es\/#website\",\"url\":\"https:\/\/elbrogit.com\/es\/\",\"name\":\"Senderismo y enoturismo en Catalunya\",\"description\":\"Ecotourism, walking, wine tourism and cultural holidays in Catalonia\",\"publisher\":{\"@id\":\"https:\/\/elbrogit.com\/es\/#organization\"},\"potentialAction\":[{\"@type\":\"SearchAction\",\"target\":{\"@type\":\"EntryPoint\",\"urlTemplate\":\"https:\/\/elbrogit.com\/es\/?s={search_term_string}\"},\"query-input\":{\"@type\":\"PropertyValueSpecification\",\"valueRequired\":true,\"valueName\":\"search_term_string\"}}],\"inLanguage\":\"es\"},{\"@type\":\"Organization\",\"@id\":\"https:\/\/elbrogit.com\/es\/#organization\",\"name\":\"Senderismo y enoturismo en Catalunya\",\"url\":\"https:\/\/elbrogit.com\/es\/\",\"logo\":{\"@type\":\"ImageObject\",\"inLanguage\":\"es\",\"@id\":\"https:\/\/elbrogit.com\/es\/#\/schema\/logo\/image\/\",\"url\":\"https:\/\/elbrogit.com\/wp-content\/uploads\/cropped-LogoBrogitWeb.jpg\",\"contentUrl\":\"https:\/\/elbrogit.com\/wp-content\/uploads\/cropped-LogoBrogitWeb.jpg\",\"width\":161,\"height\":108,\"caption\":\"Senderismo y enoturismo en Catalunya\"},\"image\":{\"@id\":\"https:\/\/elbrogit.com\/es\/#\/schema\/logo\/image\/\"},\"sameAs\":[\"http:\/\/www.facebook.com\/brogit.guiatges\",\"https:\/\/x.com\/elbrogit\"]}]}<\/script>\n<!-- \/ Yoast SEO plugin. -->","yoast_head_json":{"title":"El equipo de El Brogit - Senderismo y enoturismo en Catalunya","robots":{"index":"index","follow":"follow","max-snippet":"max-snippet:-1","max-image-preview":"max-image-preview:large","max-video-preview":"max-video-preview:-1"},"canonical":"https:\/\/elbrogit.com\/es\/equipo-el-brogit\/","og_locale":"es_ES","og_type":"article","og_title":"El equipo de El Brogit - Senderismo y enoturismo en Catalunya","og_description":"Meritxell, director and guide of El Brogit Soy la\u00a0Meritxell, el alma del Brogit, bi\u00f3loga de formaci\u00f3n y curiosa excursionista amante de la naturaleza y de los caminos ancestrales que hasta hace quatro d\u00edas eran las grandes autopistas que conectavan pueblos, fuentes, ermitas, mas\u00edas,&#8230; Soy gu\u00eda qualificada, con una amplia experi\u00e8ncia especialmente por las monta\u00f1as del [&hellip;]","og_url":"https:\/\/elbrogit.com\/es\/equipo-el-brogit\/","og_site_name":"Senderismo y enoturismo en Catalunya","article_publisher":"http:\/\/www.facebook.com\/brogit.guiatges","article_modified_time":"2020-09-11T15:48:37+00:00","og_image":[{"url":"http:\/\/www.elbrogit.com\/wp-content\/uploads\/DSCF7250_Meritxell_Brogit-300x292.jpg","type":"","width":"","height":""}],"twitter_card":"summary_large_image","twitter_site":"@elbrogit","twitter_misc":{"Tiempo de lectura":"2 minutos"},"schema":{"@context":"https:\/\/schema.org","@graph":[{"@type":"WebPage","@id":"https:\/\/elbrogit.com\/es\/equipo-el-brogit\/","url":"https:\/\/elbrogit.com\/es\/equipo-el-brogit\/","name":"El equipo de El Brogit - Senderismo y enoturismo en Catalunya","isPartOf":{"@id":"https:\/\/elbrogit.com\/es\/#website"},"primaryImageOfPage":{"@id":"https:\/\/elbrogit.com\/es\/equipo-el-brogit\/#primaryimage"},"image":{"@id":"https:\/\/elbrogit.com\/es\/equipo-el-brogit\/#primaryimage"},"thumbnailUrl":"http:\/\/www.elbrogit.com\/wp-content\/uploads\/DSCF7250_Meritxell_Brogit-300x292.jpg","datePublished":"2020-09-11T15:47:59+00:00","dateModified":"2020-09-11T15:48:37+00:00","breadcrumb":{"@id":"https:\/\/elbrogit.com\/es\/equipo-el-brogit\/#breadcrumb"},"inLanguage":"es","potentialAction":[{"@type":"ReadAction","target":["https:\/\/elbrogit.com\/es\/equipo-el-brogit\/"]}]},{"@type":"ImageObject","inLanguage":"es","@id":"https:\/\/elbrogit.com\/es\/equipo-el-brogit\/#primaryimage","url":"http:\/\/www.elbrogit.com\/wp-content\/uploads\/DSCF7250_Meritxell_Brogit-300x292.jpg","contentUrl":"http:\/\/www.elbrogit.com\/wp-content\/uploads\/DSCF7250_Meritxell_Brogit-300x292.jpg"},{"@type":"BreadcrumbList","@id":"https:\/\/elbrogit.com\/es\/equipo-el-brogit\/#breadcrumb","itemListElement":[{"@type":"ListItem","position":1,"name":"Home","item":"https:\/\/elbrogit.com\/es\/"},{"@type":"ListItem","position":2,"name":"El equipo de El Brogit"}]},{"@type":"WebSite","@id":"https:\/\/elbrogit.com\/es\/#website","url":"https:\/\/elbrogit.com\/es\/","name":"Senderismo y enoturismo en Catalunya","description":"Ecotourism, walking, wine tourism and cultural holidays in Catalonia","publisher":{"@id":"https:\/\/elbrogit.com\/es\/#organization"},"potentialAction":[{"@type":"SearchAction","target":{"@type":"EntryPoint","urlTemplate":"https:\/\/elbrogit.com\/es\/?s={search_term_string}"},"query-input":{"@type":"PropertyValueSpecification","valueRequired":true,"valueName":"search_term_string"}}],"inLanguage":"es"},{"@type":"Organization","@id":"https:\/\/elbrogit.com\/es\/#organization","name":"Senderismo y enoturismo en Catalunya","url":"https:\/\/elbrogit.com\/es\/","logo":{"@type":"ImageObject","inLanguage":"es","@id":"https:\/\/elbrogit.com\/es\/#\/schema\/logo\/image\/","url":"https:\/\/elbrogit.com\/wp-content\/uploads\/cropped-LogoBrogitWeb.jpg","contentUrl":"https:\/\/elbrogit.com\/wp-content\/uploads\/cropped-LogoBrogitWeb.jpg","width":161,"height":108,"caption":"Senderismo y enoturismo en Catalunya"},"image":{"@id":"https:\/\/elbrogit.com\/es\/#\/schema\/logo\/image\/"},"sameAs":["http:\/\/www.facebook.com\/brogit.guiatges","https:\/\/x.com\/elbrogit"]}]}},"jetpack_sharing_enabled":true,"_links":{"self":[{"href":"https:\/\/elbrogit.com\/es\/wp-json\/wp\/v2\/pages\/7229","targetHints":{"allow":["GET"]}}],"collection":[{"href":"https:\/\/elbrogit.com\/es\/wp-json\/wp\/v2\/pages"}],"about":[{"href":"https:\/\/elbrogit.com\/es\/wp-json\/wp\/v2\/types\/page"}],"author":[{"embeddable":true,"href":"https:\/\/elbrogit.com\/es\/wp-json\/wp\/v2\/users\/1"}],"replies":[{"embeddable":true,"href":"https:\/\/elbrogit.com\/es\/wp-json\/wp\/v2\/comments?post=7229"}],"version-history":[{"count":1,"href":"https:\/\/elbrogit.com\/es\/wp-json\/wp\/v2\/pages\/7229\/revisions"}],"predecessor-version":[{"id":7230,"href":"https:\/\/elbrogit.com\/es\/wp-json\/wp\/v2\/pages\/7229\/revisions\/7230"}],"wp:attachment":[{"href":"https:\/\/elbrogit.com\/es\/wp-json\/wp\/v2\/media?parent=7229"}],"curies":[{"name":"wp","href":"https:\/\/api.w.org\/{rel}","templated":true}]}}