{"id":7231,"date":"2020-09-11T17:58:06","date_gmt":"2020-09-11T15:58:06","guid":{"rendered":"https:\/\/elbrogit.com\/escape-room-outdoors-al-exterior-y-en-plena-naturaleza\/"},"modified":"2025-01-14T22:28:54","modified_gmt":"2025-01-14T21:28:54","slug":"escape-room-outdoors-tarragona","status":"publish","type":"page","link":"https:\/\/elbrogit.com\/es\/escape-room-outdoors-tarragona\/","title":{"rendered":"Escape Room Outdoors, al exterior y en plena naturaleza!"},"content":{"rendered":"\t\t<div data-elementor-type=\"wp-page\" data-elementor-id=\"7231\" class=\"elementor elementor-7231 elementor-235\" data-elementor-post-type=\"page\">\n\t\t\t\t\t\t<section data-particle_enable=\"false\" data-particle-mobile-disabled=\"false\" class=\"elementor-section elementor-top-section elementor-element elementor-element-4d268080 elementor-section-boxed elementor-section-height-default elementor-section-height-default\" data-id=\"4d268080\" data-element_type=\"section\">\n\t\t\t\t\t\t<div class=\"elementor-container elementor-column-gap-default\">\n\t\t\t\t\t<div class=\"elementor-column elementor-col-33 elementor-top-column elementor-element elementor-element-30f73505\" data-id=\"30f73505\" data-element_type=\"column\">\n\t\t\t<div class=\"elementor-widget-wrap elementor-element-populated\">\n\t\t\t\t\t\t<div class=\"elementor-element elementor-element-6459a4f elementor-widget elementor-widget-text-editor\" data-id=\"6459a4f\" data-element_type=\"widget\" data-widget_type=\"text-editor.default\">\n\t\t\t\t<div class=\"elementor-widget-container\">\n\t\t\t\t\t\t\t\t\t<p><a href=\"http:\/\/www.elbrogit.com\/wp-content\/uploads\/Escape-room-outdoor-Miro3.jpg\" rel=\"attachment wp-att-5747\"><img fetchpriority=\"high\" decoding=\"async\" class=\"size-medium wp-image-5747\" src=\"https:\/\/www.elbrogit.com\/wp-content\/uploads\/\/Escape-room-outdoor-Miro3-300x225.jpg\" alt=\"Escape-room-outdoor-Miro3\" width=\"300\" height=\"225\" \/><\/a><a href=\"http:\/\/www.elbrogit.com\/wp-content\/uploads\/Escape-room-outdoor-Miro2.jpg\" rel=\"attachment wp-att-5744\"><img decoding=\"async\" class=\"size-medium wp-image-5744\" src=\"https:\/\/www.elbrogit.com\/wp-content\/uploads\/\/Escape-room-outdoor-Miro2-300x225.jpg\" alt=\"Escape-room-outdoor-Miro2\" width=\"300\" height=\"225\" \/><\/a><a href=\"http:\/\/www.elbrogit.com\/wp-content\/uploads\/DSCF5960_resize2.jpg\" rel=\"attachment wp-att-5720\"><img decoding=\"async\" class=\"size-medium wp-image-5720\" src=\"https:\/\/www.elbrogit.com\/wp-content\/uploads\/\/DSCF5960_resize2-300x225.jpg\" alt=\"\" width=\"300\" height=\"225\" \/><\/a><a href=\"http:\/\/www.elbrogit.com\/wp-content\/uploads\/DSCF5964_modif.jpg\" rel=\"attachment wp-att-5770\"><img loading=\"lazy\" decoding=\"async\" class=\"size-medium wp-image-5770\" src=\"https:\/\/www.elbrogit.com\/wp-content\/uploads\/\/DSCF5964_modif-300x225.jpg\" alt=\"\" width=\"300\" height=\"225\" \/><\/a><\/p>\n\t\t\t\t\t\t\t\t<\/div>\n\t\t\t\t<\/div>\n\t\t\t\t\t<\/div>\n\t\t<\/div>\n\t\t\t\t<div class=\"elementor-column elementor-col-66 elementor-top-column elementor-element elementor-element-dca686f\" data-id=\"dca686f\" data-element_type=\"column\">\n\t\t\t<div class=\"elementor-widget-wrap elementor-element-populated\">\n\t\t\t\t\t\t<section data-particle_enable=\"false\" data-particle-mobile-disabled=\"false\" class=\"elementor-section elementor-inner-section elementor-element elementor-element-5edfd6b elementor-section-boxed elementor-section-height-default elementor-section-height-default\" data-id=\"5edfd6b\" data-element_type=\"section\">\n\t\t\t\t\t\t<div class=\"elementor-container elementor-column-gap-default\">\n\t\t\t\t\t<div class=\"elementor-column elementor-col-100 elementor-inner-column elementor-element elementor-element-286c775\" data-id=\"286c775\" data-element_type=\"column\">\n\t\t\t<div class=\"elementor-widget-wrap elementor-element-populated\">\n\t\t\t\t\t\t<div class=\"elementor-element elementor-element-92c160c elementor-widget elementor-widget-heading\" data-id=\"92c160c\" data-element_type=\"widget\" data-widget_type=\"heading.default\">\n\t\t\t\t<div class=\"elementor-widget-container\">\n\t\t\t\t\t<h2 class=\"elementor-heading-title elementor-size-default\">\u00bfQu\u00e9 es una Escape Room? Y en la naturaleza, al aire libre?<\/h2>\t\t\t\t<\/div>\n\t\t\t\t<\/div>\n\t\t\t\t\t<\/div>\n\t\t<\/div>\n\t\t\t\t\t<\/div>\n\t\t<\/section>\n\t\t\t\t<div class=\"elementor-element elementor-element-10a33e elementor-widget elementor-widget-text-editor\" data-id=\"10a33e\" data-element_type=\"widget\" data-widget_type=\"text-editor.default\">\n\t\t\t\t<div class=\"elementor-widget-container\">\n\t\t\t\t\t\t\t\t\t<p>Una Escape Room es una experiencia \u00fanica que os transportar\u00e1 a un mundo de fantas\u00eda donde, durante 60 minutos, deber\u00e9is hacer uso de la l\u00f3gica, la capacidad de observaci\u00f3n y el trabajo en equipo, afrontando todo tipo de juegos y enigmas con el objetivo final de escapar de la habitaci\u00f3n donde est\u00e1is cautivos. Se trata de una experiencia que fomenta la cohesi\u00f3n del equipo y donde la adrenalina se nos dispara.<\/p><p>Si a esto le a\u00f1adimos la oportunidad de disfrutarlo al aire libre, en plena naturaleza, la experiencia se completa descubriendo un entorno natural que se convierte en el escenario donde tiene lugar la actividad, gozando del paisaje y profundizando de una manera divertida en el conocimiento de nuestro territorio. As\u00ed nace <strong>\u00a1El primer Escape Room Outdoors, de Catalunya, en plena naturaleza! <\/strong>Ya no escapamos de una habitaci\u00f3n, ya no hay l\u00edmites, y de este modo os convertir\u00e9is en los protagonistas de una pel\u00edcula de aventuras cambiando de escenario, ubicaci\u00f3n y avanzando para resolver el misterio que os proponemos. \u00bfOs atrev\u00e9is?<\/p><p>\u00bfQuer\u00e9is saber m\u00e1s sobre las Escape Room?Pod\u00e9is consultar este <a href=\"https:\/\/www.vilaweb.cat\/\" target=\"_blank\" rel=\"noopener noreferrer\">art\u00edculo publicado a Vilaweb<\/a>.<\/p><p>Aqu\u00ed os presentamos <strong>el primer Escape Room en plena naturaleza que hemos desarrollado, la Operaci\u00f3n Joan Mir\u00f3,en Mont-roig del Camp.<\/strong> E iremos desarrollando otros muy pronto, \u00a1permaneced atentos! Encontrar\u00e9is <strong>toda la informaci\u00f3n con nuevas propuestas en la web espec\u00edfica: <\/strong><strong><a href=\"https:\/\/www.fixthehistory.com\/\">https:\/\/www.fixthehistory.com\/<\/a><\/strong><\/p><p><span style=\"color: #ff0000;\"><strong>ATENCI\u00d3N! El 20 d&#8217;abril estrenamos nueva actividad!<\/strong> <\/span>Bajo el t\u00edtulo <strong>Moros a la costa!,<\/strong> os proponemos introduciros en la pirater\u00eda del Mediterr\u00e1neo. Y es que os necesitamos para salvar nuestros pueblos del ataque pirata! Nos ayud\u00e1is?<\/p>\t\t\t\t\t\t\t\t<\/div>\n\t\t\t\t<\/div>\n\t\t\t\t<div class=\"elementor-element elementor-element-71901cc uael-woo--align-center uael-sale-flash-circle uael-featured-flash-circle elementor-widget elementor-widget-uael-woo-products\" data-id=\"71901cc\" data-element_type=\"widget\" data-settings=\"{&quot;products_columns&quot;:&quot;2&quot;,&quot;products_columns_tablet&quot;:&quot;3&quot;,&quot;products_columns_mobile&quot;:&quot;1&quot;}\" data-widget_type=\"uael-woo-products.grid-default\">\n\t\t\t\t<div class=\"elementor-widget-container\">\n\t\t\t\t\t<div class=\"uael-woocommerce uael-woo-products-grid uael-woo-skin-grid-default uael-woo-query-custom\" data-page=\"7231\" data-skin=\"grid_default\"><div class=\" columns-2 uael-woo-products-inner uael-woo-product__column-2 uael-woo-product__column-tablet-3 uael-woo-product__column-mobile-1\"><ul class=\"products columns-2\">\n\n\n<li class=\" a pie baja con gu\u00eda medio d\u00eda monta\u00f1as de llaberia-tivissa-vandell\u00f2s sur de catalu\u00f1a viajes culturales viajes natural\u00edsticos post-5360 product first instock shipping-taxable purchasable product-type-variable has-default-attributes\">\n\t<div class=\"uael-woo-product-wrapper uael-prod-auto-align-disabled\">\n\t\t<div class=\"uael-woo-products-thumbnail-wrap\"><div class=\"uael-flash-container \"><\/div><a href=\"https:\/\/elbrogit.com\/es\/product\/operacion-joan-miro\/\" class=\"woocommerce-LoopProduct-link woocommerce-loop-product__link\"><img loading=\"lazy\" decoding=\"async\" width=\"300\" height=\"168\" src=\"https:\/\/elbrogit.com\/wp-content\/uploads\/Operaci\u00f3JoanMir\u00f3_TV3-300x168.jpg\" class=\"attachment-woocommerce_thumbnail size-woocommerce_thumbnail\" alt=\"Escape Room a la naturaleza\" srcset=\"https:\/\/elbrogit.com\/wp-content\/uploads\/Operaci\u00f3JoanMir\u00f3_TV3-300x168.jpg 300w, https:\/\/elbrogit.com\/wp-content\/uploads\/Operaci\u00f3JoanMir\u00f3_TV3.jpg 558w\" sizes=\"(max-width: 300px) 100vw, 300px\" \/><\/a><\/div><div class=\"uael-woo-products-summary-wrap uael-auto-align-disabled\"><a href=\"https:\/\/elbrogit.com\/es\/product\/operacion-joan-miro\/\" class=\"uael-loop-product__link\"><h2 class=\"woocommerce-loop-product__title\">Operaci\u00f3n Mont-roig!<\/h2><\/a>\n\t<span class=\"price\"><span class=\"woocommerce-Price-amount amount\"><bdi>20<span class=\"woocommerce-Price-currencySymbol\">&euro;<\/span><\/bdi><\/span> &ndash; <span class=\"woocommerce-Price-amount amount\"><bdi>25<span class=\"woocommerce-Price-currencySymbol\">&euro;<\/span><\/bdi><\/span><\/span>\n<\/div>\t<\/div>\n<\/li>\n\n\n<li class=\" a pie baja con gu\u00eda costa de terres de l\u2019ebre excursiones por la costa medio d\u00eda monta\u00f1as de llaberia-tivissa-vandell\u00f2s sur de catalu\u00f1a vacaciones hist\u00f3ricas viajes culturales post-5365 product last instock shipping-taxable purchasable product-type-simple\">\n\t<div class=\"uael-woo-product-wrapper uael-prod-auto-align-disabled\">\n\t\t<div class=\"uael-woo-products-thumbnail-wrap\"><div class=\"uael-flash-container \"><\/div><a href=\"https:\/\/elbrogit.com\/es\/product\/escape-room-playa\/\" class=\"woocommerce-LoopProduct-link woocommerce-loop-product__link\"><img loading=\"lazy\" decoding=\"async\" width=\"300\" height=\"200\" src=\"https:\/\/elbrogit.com\/wp-content\/uploads\/0C2A7637_resize-300x200.jpg\" class=\"attachment-woocommerce_thumbnail size-woocommerce_thumbnail\" alt=\"\" srcset=\"https:\/\/elbrogit.com\/wp-content\/uploads\/0C2A7637_resize-300x200.jpg 300w, https:\/\/elbrogit.com\/wp-content\/uploads\/0C2A7637_resize-600x400.jpg 600w, https:\/\/elbrogit.com\/wp-content\/uploads\/0C2A7637_resize-1024x683.jpg 1024w, https:\/\/elbrogit.com\/wp-content\/uploads\/0C2A7637_resize-768x512.jpg 768w, https:\/\/elbrogit.com\/wp-content\/uploads\/0C2A7637_resize-1536x1024.jpg 1536w, https:\/\/elbrogit.com\/wp-content\/uploads\/0C2A7637_resize-2048x1366.jpg 2048w\" sizes=\"(max-width: 300px) 100vw, 300px\" \/><\/a><\/div><div class=\"uael-woo-products-summary-wrap uael-auto-align-disabled\"><a href=\"https:\/\/elbrogit.com\/es\/product\/escape-room-playa\/\" class=\"uael-loop-product__link\"><h2 class=\"woocommerce-loop-product__title\">Moros a la costa!<\/h2><\/a>\n\t<span class=\"price\"><span class=\"woocommerce-Price-amount amount\"><bdi>15<span class=\"woocommerce-Price-currencySymbol\">&euro;<\/span><\/bdi><\/span><\/span>\n<\/div>\t<\/div>\n<\/li>\n<\/ul>\n<\/div><\/div>\t\t\t\t<\/div>\n\t\t\t\t<\/div>\n\t\t\t\t\t<\/div>\n\t\t<\/div>\n\t\t\t\t\t<\/div>\n\t\t<\/section>\n\t\t\t\t<section data-particle_enable=\"false\" data-particle-mobile-disabled=\"false\" class=\"elementor-section elementor-top-section elementor-element elementor-element-6724323 elementor-section-boxed elementor-section-height-default elementor-section-height-default\" data-id=\"6724323\" data-element_type=\"section\">\n\t\t\t\t\t\t<div class=\"elementor-container elementor-column-gap-default\">\n\t\t\t\t\t<div class=\"elementor-column elementor-col-33 elementor-top-column elementor-element elementor-element-237ea90\" data-id=\"237ea90\" data-element_type=\"column\">\n\t\t\t<div class=\"elementor-widget-wrap elementor-element-populated\">\n\t\t\t\t\t\t<div class=\"elementor-element elementor-element-806c598 elementor-widget elementor-widget-text-editor\" data-id=\"806c598\" data-element_type=\"widget\" data-widget_type=\"text-editor.default\">\n\t\t\t\t<div class=\"elementor-widget-container\">\n\t\t\t\t\t\t\t\t\t<p><a href=\"http:\/\/www.otherworldescapes.com\/blog-post\/10-health-benefits-from-playing-an-escape-room\/\" target=\"_blank\" rel=\"attachment noopener wp-att-5765 noreferrer\"><img loading=\"lazy\" decoding=\"async\" class=\" wp-image-5957 size-medium\" src=\"https:\/\/www.elbrogit.com\/wp-content\/uploads\/\/EscapeRoomBenefits-164x300.png\" alt=\"\" width=\"164\" height=\"300\" \/><\/a><\/p>\n\t\t\t\t\t\t\t\t<\/div>\n\t\t\t\t<\/div>\n\t\t\t\t\t<\/div>\n\t\t<\/div>\n\t\t\t\t<div class=\"elementor-column elementor-col-66 elementor-top-column elementor-element elementor-element-623f52e\" data-id=\"623f52e\" data-element_type=\"column\">\n\t\t\t<div class=\"elementor-widget-wrap elementor-element-populated\">\n\t\t\t\t\t\t<section data-particle_enable=\"false\" data-particle-mobile-disabled=\"false\" class=\"elementor-section elementor-inner-section elementor-element elementor-element-36c738f elementor-section-boxed elementor-section-height-default elementor-section-height-default\" data-id=\"36c738f\" data-element_type=\"section\">\n\t\t\t\t\t\t<div class=\"elementor-container elementor-column-gap-default\">\n\t\t\t\t\t<div class=\"elementor-column elementor-col-100 elementor-inner-column elementor-element elementor-element-b4d3f1e\" data-id=\"b4d3f1e\" data-element_type=\"column\">\n\t\t\t<div class=\"elementor-widget-wrap elementor-element-populated\">\n\t\t\t\t\t\t<div class=\"elementor-element elementor-element-cb5c018 elementor-widget elementor-widget-heading\" data-id=\"cb5c018\" data-element_type=\"widget\" data-widget_type=\"heading.default\">\n\t\t\t\t<div class=\"elementor-widget-container\">\n\t\t\t\t\t<h2 class=\"elementor-heading-title elementor-size-default\">Escape Room outdoors a vuestra medida<\/h2>\t\t\t\t<\/div>\n\t\t\t\t<\/div>\n\t\t\t\t\t<\/div>\n\t\t<\/div>\n\t\t\t\t\t<\/div>\n\t\t<\/section>\n\t\t\t\t<div class=\"elementor-element elementor-element-2e1eac2 elementor-widget elementor-widget-text-editor\" data-id=\"2e1eac2\" data-element_type=\"widget\" data-widget_type=\"text-editor.default\">\n\t\t\t\t<div class=\"elementor-widget-container\">\n\t\t\t\t\t\t\t\t\t<p>Tambi\u00e9n ofrecemos la posibilidad de adaptar totalmente a medida el escape room al aire libre (tambi\u00e9n interior) de acuerdo con vuestro proyecto, servicio, empresa, historia, leyenda,&#8230; que quer\u00e1is comunicar de una manera divertida y activa. No dud\u00e9is en contactarnos para que estudiemos vuestro caso, somos especialistas en adaptar o crear un completamento nuevo de acuerdo con vuestras necesidades, habitaciones, n\u00famero de visitores, presupuesto,&#8230;<\/p>\n<p>Respecto las actividades que tenemos dise\u00f1adas, tambi\u00e9n somos flexible a vuestras necesidades:<\/p>\n<ul>\n<li><strong>\u00bfSois un grupo grande?<\/strong> \u00bfQuer\u00e9is hacer una actividad de team building diferente? El Brogit, en colaboraci\u00f3n con <a href=\"http:\/\/www.fixthehistory.com\" target=\"_blank\" rel=\"noopener noreferrer\">Fix the History<\/a>, os proponemos una experiencia \u00fanica en Catalunya para grupos numerosos. Una actividad pensada para grupos entre 15 y 24 personas, donde disfrutar de una experiencia donde la intriga del escape room se combina con la actividad saludable al aire libre en uno de los entornos m\u00e1s espectaculares de nuestro territorio. Para grupos mayores de 24 personas no dud\u00e9is en contactarnos!<\/li>\n<li><strong>\u00bfSois un grupo peque\u00f1o?<\/strong> Ning\u00fan problema, miramos como adaptarlo a vuestras necesidades y os ajustamos el presupuesto en funci\u00f3n del n\u00famero de personas y el espacio donde tendr\u00e1 lugar la actividad.<\/li>\n<li><strong>\u00bfQuer\u00e9is crear vuestro Escape Room personalizado al aire libre o en vuestras instalaciones?<\/strong> No lo dud\u00e9is y poneos en contacto con nosotros para estudiar vuestro caso, somos especialistas en adaptar nuestro escape room o crear uno de nuevo que se ajuste a vuestros requerimientos, espacios, nombre de visitantes,&#8230;<\/li>\n<\/ul>\n\t\t\t\t\t\t\t\t<\/div>\n\t\t\t\t<\/div>\n\t\t\t\t\t<\/div>\n\t\t<\/div>\n\t\t\t\t\t<\/div>\n\t\t<\/section>\n\t\t\t\t<\/div>\n\t\t","protected":false},"excerpt":{"rendered":"<p>\u00bfQu\u00e9 es una Escape Room? Y en la naturaleza, al aire libre? Una Escape Room es una experiencia \u00fanica que os transportar\u00e1 a un mundo de fantas\u00eda donde, durante 60 minutos, deber\u00e9is hacer uso de la l\u00f3gica, la capacidad de observaci\u00f3n y el trabajo en equipo, afrontando todo tipo de juegos y enigmas con el [&hellip;]<\/p>\n","protected":false},"author":1,"featured_media":0,"parent":0,"menu_order":0,"comment_status":"open","ping_status":"open","template":"elementor_header_footer","meta":{"_acf_changed":false,"footnotes":""},"class_list":["post-7231","page","type-page","status-publish","hentry"],"acf":[],"yoast_head":"<!-- This site is optimized with the Yoast SEO plugin v25.1 - https:\/\/yoast.com\/wordpress\/plugins\/seo\/ -->\n<title>Escape Room Outdoors, al exterior y en plena naturaleza! - Senderismo y enoturismo en Catalunya<\/title>\n<meta name=\"robots\" content=\"index, follow, max-snippet:-1, max-image-preview:large, max-video-preview:-1\" \/>\n<link rel=\"canonical\" href=\"https:\/\/elbrogit.com\/es\/escape-room-outdoors-tarragona\/\" \/>\n<meta property=\"og:locale\" content=\"es_ES\" \/>\n<meta property=\"og:type\" content=\"article\" \/>\n<meta property=\"og:title\" content=\"Escape Room Outdoors, al exterior y en plena naturaleza! - Senderismo y enoturismo en Catalunya\" \/>\n<meta property=\"og:description\" content=\"\u00bfQu\u00e9 es una Escape Room? Y en la naturaleza, al aire libre? Una Escape Room es una experiencia \u00fanica que os transportar\u00e1 a un mundo de fantas\u00eda donde, durante 60 minutos, deber\u00e9is hacer uso de la l\u00f3gica, la capacidad de observaci\u00f3n y el trabajo en equipo, afrontando todo tipo de juegos y enigmas con el [&hellip;]\" \/>\n<meta property=\"og:url\" content=\"https:\/\/elbrogit.com\/es\/escape-room-outdoors-tarragona\/\" \/>\n<meta property=\"og:site_name\" content=\"Senderismo y enoturismo en Catalunya\" \/>\n<meta property=\"article:publisher\" content=\"http:\/\/www.facebook.com\/brogit.guiatges\" \/>\n<meta property=\"article:modified_time\" content=\"2025-01-14T21:28:54+00:00\" \/>\n<meta name=\"twitter:card\" content=\"summary_large_image\" \/>\n<meta name=\"twitter:site\" content=\"@elbrogit\" \/>\n<meta name=\"twitter:label1\" content=\"Tiempo de lectura\" \/>\n\t<meta name=\"twitter:data1\" content=\"4 minutos\" \/>\n<script type=\"application\/ld+json\" class=\"yoast-schema-graph\">{\"@context\":\"https:\/\/schema.org\",\"@graph\":[{\"@type\":\"WebPage\",\"@id\":\"https:\/\/elbrogit.com\/es\/escape-room-outdoors-tarragona\/\",\"url\":\"https:\/\/elbrogit.com\/es\/escape-room-outdoors-tarragona\/\",\"name\":\"Escape Room Outdoors, al exterior y en plena naturaleza! - Senderismo y enoturismo en Catalunya\",\"isPartOf\":{\"@id\":\"https:\/\/elbrogit.com\/es\/#website\"},\"primaryImageOfPage\":{\"@id\":\"https:\/\/elbrogit.com\/es\/escape-room-outdoors-tarragona\/#primaryimage\"},\"image\":{\"@id\":\"https:\/\/elbrogit.com\/es\/escape-room-outdoors-tarragona\/#primaryimage\"},\"thumbnailUrl\":\"https:\/\/www.elbrogit.com\/wp-content\/uploads\/\/Escape-room-outdoor-Miro3-300x225.jpg\",\"datePublished\":\"2020-09-11T15:58:06+00:00\",\"dateModified\":\"2025-01-14T21:28:54+00:00\",\"breadcrumb\":{\"@id\":\"https:\/\/elbrogit.com\/es\/escape-room-outdoors-tarragona\/#breadcrumb\"},\"inLanguage\":\"es\",\"potentialAction\":[{\"@type\":\"ReadAction\",\"target\":[\"https:\/\/elbrogit.com\/es\/escape-room-outdoors-tarragona\/\"]}]},{\"@type\":\"ImageObject\",\"inLanguage\":\"es\",\"@id\":\"https:\/\/elbrogit.com\/es\/escape-room-outdoors-tarragona\/#primaryimage\",\"url\":\"https:\/\/www.elbrogit.com\/wp-content\/uploads\/\/Escape-room-outdoor-Miro3-300x225.jpg\",\"contentUrl\":\"https:\/\/www.elbrogit.com\/wp-content\/uploads\/\/Escape-room-outdoor-Miro3-300x225.jpg\"},{\"@type\":\"BreadcrumbList\",\"@id\":\"https:\/\/elbrogit.com\/es\/escape-room-outdoors-tarragona\/#breadcrumb\",\"itemListElement\":[{\"@type\":\"ListItem\",\"position\":1,\"name\":\"Home\",\"item\":\"https:\/\/elbrogit.com\/es\/\"},{\"@type\":\"ListItem\",\"position\":2,\"name\":\"Escape Room Outdoors, al exterior y en plena naturaleza!\"}]},{\"@type\":\"WebSite\",\"@id\":\"https:\/\/elbrogit.com\/es\/#website\",\"url\":\"https:\/\/elbrogit.com\/es\/\",\"name\":\"Senderismo y enoturismo en Catalunya\",\"description\":\"Ecotourism, walking, wine tourism and cultural holidays in Catalonia\",\"publisher\":{\"@id\":\"https:\/\/elbrogit.com\/es\/#organization\"},\"potentialAction\":[{\"@type\":\"SearchAction\",\"target\":{\"@type\":\"EntryPoint\",\"urlTemplate\":\"https:\/\/elbrogit.com\/es\/?s={search_term_string}\"},\"query-input\":{\"@type\":\"PropertyValueSpecification\",\"valueRequired\":true,\"valueName\":\"search_term_string\"}}],\"inLanguage\":\"es\"},{\"@type\":\"Organization\",\"@id\":\"https:\/\/elbrogit.com\/es\/#organization\",\"name\":\"Senderismo y enoturismo en Catalunya\",\"url\":\"https:\/\/elbrogit.com\/es\/\",\"logo\":{\"@type\":\"ImageObject\",\"inLanguage\":\"es\",\"@id\":\"https:\/\/elbrogit.com\/es\/#\/schema\/logo\/image\/\",\"url\":\"https:\/\/elbrogit.com\/wp-content\/uploads\/cropped-LogoBrogitWeb.jpg\",\"contentUrl\":\"https:\/\/elbrogit.com\/wp-content\/uploads\/cropped-LogoBrogitWeb.jpg\",\"width\":161,\"height\":108,\"caption\":\"Senderismo y enoturismo en Catalunya\"},\"image\":{\"@id\":\"https:\/\/elbrogit.com\/es\/#\/schema\/logo\/image\/\"},\"sameAs\":[\"http:\/\/www.facebook.com\/brogit.guiatges\",\"https:\/\/x.com\/elbrogit\"]}]}<\/script>\n<!-- \/ Yoast SEO plugin. -->","yoast_head_json":{"title":"Escape Room Outdoors, al exterior y en plena naturaleza! - Senderismo y enoturismo en Catalunya","robots":{"index":"index","follow":"follow","max-snippet":"max-snippet:-1","max-image-preview":"max-image-preview:large","max-video-preview":"max-video-preview:-1"},"canonical":"https:\/\/elbrogit.com\/es\/escape-room-outdoors-tarragona\/","og_locale":"es_ES","og_type":"article","og_title":"Escape Room Outdoors, al exterior y en plena naturaleza! - Senderismo y enoturismo en Catalunya","og_description":"\u00bfQu\u00e9 es una Escape Room? Y en la naturaleza, al aire libre? Una Escape Room es una experiencia \u00fanica que os transportar\u00e1 a un mundo de fantas\u00eda donde, durante 60 minutos, deber\u00e9is hacer uso de la l\u00f3gica, la capacidad de observaci\u00f3n y el trabajo en equipo, afrontando todo tipo de juegos y enigmas con el [&hellip;]","og_url":"https:\/\/elbrogit.com\/es\/escape-room-outdoors-tarragona\/","og_site_name":"Senderismo y enoturismo en Catalunya","article_publisher":"http:\/\/www.facebook.com\/brogit.guiatges","article_modified_time":"2025-01-14T21:28:54+00:00","twitter_card":"summary_large_image","twitter_site":"@elbrogit","twitter_misc":{"Tiempo de lectura":"4 minutos"},"schema":{"@context":"https:\/\/schema.org","@graph":[{"@type":"WebPage","@id":"https:\/\/elbrogit.com\/es\/escape-room-outdoors-tarragona\/","url":"https:\/\/elbrogit.com\/es\/escape-room-outdoors-tarragona\/","name":"Escape Room Outdoors, al exterior y en plena naturaleza! - Senderismo y enoturismo en Catalunya","isPartOf":{"@id":"https:\/\/elbrogit.com\/es\/#website"},"primaryImageOfPage":{"@id":"https:\/\/elbrogit.com\/es\/escape-room-outdoors-tarragona\/#primaryimage"},"image":{"@id":"https:\/\/elbrogit.com\/es\/escape-room-outdoors-tarragona\/#primaryimage"},"thumbnailUrl":"https:\/\/www.elbrogit.com\/wp-content\/uploads\/\/Escape-room-outdoor-Miro3-300x225.jpg","datePublished":"2020-09-11T15:58:06+00:00","dateModified":"2025-01-14T21:28:54+00:00","breadcrumb":{"@id":"https:\/\/elbrogit.com\/es\/escape-room-outdoors-tarragona\/#breadcrumb"},"inLanguage":"es","potentialAction":[{"@type":"ReadAction","target":["https:\/\/elbrogit.com\/es\/escape-room-outdoors-tarragona\/"]}]},{"@type":"ImageObject","inLanguage":"es","@id":"https:\/\/elbrogit.com\/es\/escape-room-outdoors-tarragona\/#primaryimage","url":"https:\/\/www.elbrogit.com\/wp-content\/uploads\/\/Escape-room-outdoor-Miro3-300x225.jpg","contentUrl":"https:\/\/www.elbrogit.com\/wp-content\/uploads\/\/Escape-room-outdoor-Miro3-300x225.jpg"},{"@type":"BreadcrumbList","@id":"https:\/\/elbrogit.com\/es\/escape-room-outdoors-tarragona\/#breadcrumb","itemListElement":[{"@type":"ListItem","position":1,"name":"Home","item":"https:\/\/elbrogit.com\/es\/"},{"@type":"ListItem","position":2,"name":"Escape Room Outdoors, al exterior y en plena naturaleza!"}]},{"@type":"WebSite","@id":"https:\/\/elbrogit.com\/es\/#website","url":"https:\/\/elbrogit.com\/es\/","name":"Senderismo y enoturismo en Catalunya","description":"Ecotourism, walking, wine tourism and cultural holidays in Catalonia","publisher":{"@id":"https:\/\/elbrogit.com\/es\/#organization"},"potentialAction":[{"@type":"SearchAction","target":{"@type":"EntryPoint","urlTemplate":"https:\/\/elbrogit.com\/es\/?s={search_term_string}"},"query-input":{"@type":"PropertyValueSpecification","valueRequired":true,"valueName":"search_term_string"}}],"inLanguage":"es"},{"@type":"Organization","@id":"https:\/\/elbrogit.com\/es\/#organization","name":"Senderismo y enoturismo en Catalunya","url":"https:\/\/elbrogit.com\/es\/","logo":{"@type":"ImageObject","inLanguage":"es","@id":"https:\/\/elbrogit.com\/es\/#\/schema\/logo\/image\/","url":"https:\/\/elbrogit.com\/wp-content\/uploads\/cropped-LogoBrogitWeb.jpg","contentUrl":"https:\/\/elbrogit.com\/wp-content\/uploads\/cropped-LogoBrogitWeb.jpg","width":161,"height":108,"caption":"Senderismo y enoturismo en Catalunya"},"image":{"@id":"https:\/\/elbrogit.com\/es\/#\/schema\/logo\/image\/"},"sameAs":["http:\/\/www.facebook.com\/brogit.guiatges","https:\/\/x.com\/elbrogit"]}]}},"jetpack_sharing_enabled":true,"_links":{"self":[{"href":"https:\/\/elbrogit.com\/es\/wp-json\/wp\/v2\/pages\/7231","targetHints":{"allow":["GET"]}}],"collection":[{"href":"https:\/\/elbrogit.com\/es\/wp-json\/wp\/v2\/pages"}],"about":[{"href":"https:\/\/elbrogit.com\/es\/wp-json\/wp\/v2\/types\/page"}],"author":[{"embeddable":true,"href":"https:\/\/elbrogit.com\/es\/wp-json\/wp\/v2\/users\/1"}],"replies":[{"embeddable":true,"href":"https:\/\/elbrogit.com\/es\/wp-json\/wp\/v2\/comments?post=7231"}],"version-history":[{"count":5,"href":"https:\/\/elbrogit.com\/es\/wp-json\/wp\/v2\/pages\/7231\/revisions"}],"predecessor-version":[{"id":13806,"href":"https:\/\/elbrogit.com\/es\/wp-json\/wp\/v2\/pages\/7231\/revisions\/13806"}],"wp:attachment":[{"href":"https:\/\/elbrogit.com\/es\/wp-json\/wp\/v2\/media?parent=7231"}],"curies":[{"name":"wp","href":"https:\/\/api.w.org\/{rel}","templated":true}]}}