{"id":7234,"date":"2020-09-11T18:07:32","date_gmt":"2020-09-11T16:07:32","guid":{"rendered":"https:\/\/elbrogit.com\/fem-parc-proyecto-de-ecoturismo-en-catalunya\/"},"modified":"2020-09-11T18:10:55","modified_gmt":"2020-09-11T16:10:55","slug":"fem-parc-proyecto-de-ecoturismo-en-catalunya","status":"publish","type":"page","link":"https:\/\/elbrogit.com\/es\/fem-parc-proyecto-de-ecoturismo-en-catalunya\/","title":{"rendered":"Fem Parc, proyecto de ecoturismo en Catalunya"},"content":{"rendered":"\t\t<div data-elementor-type=\"wp-page\" data-elementor-id=\"7234\" class=\"elementor elementor-7234 elementor-219\" data-elementor-post-type=\"page\">\n\t\t\t\t\t\t<section data-particle_enable=\"false\" data-particle-mobile-disabled=\"false\" class=\"elementor-section elementor-top-section elementor-element elementor-element-77c2e7be elementor-section-boxed elementor-section-height-default elementor-section-height-default\" data-id=\"77c2e7be\" data-element_type=\"section\">\n\t\t\t\t\t\t<div class=\"elementor-container elementor-column-gap-default\">\n\t\t\t\t\t<div class=\"elementor-column elementor-col-33 elementor-top-column elementor-element elementor-element-7b82550c\" data-id=\"7b82550c\" data-element_type=\"column\">\n\t\t\t<div class=\"elementor-widget-wrap elementor-element-populated\">\n\t\t\t\t\t\t<div class=\"elementor-element elementor-element-5f6b7499 elementor-widget elementor-widget-text-editor\" data-id=\"5f6b7499\" data-element_type=\"widget\" data-widget_type=\"text-editor.default\">\n\t\t\t\t<div class=\"elementor-widget-container\">\n\t\t\t\t\t\t\t\t\t<p>\u00a0<img decoding=\"async\" class=\"size-full wp-image-2389\" src=\"http:\/\/www.elbrogit.com\/wp-content\/uploads\/FemParc_petit.gif\" alt=\"Fem Parc Ecoturisme\" width=\"272\" height=\"126\" \/>\u00a0<\/p>\n\t\t\t\t\t\t\t\t<\/div>\n\t\t\t\t<\/div>\n\t\t\t\t\t<\/div>\n\t\t<\/div>\n\t\t\t\t<div class=\"elementor-column elementor-col-66 elementor-top-column elementor-element elementor-element-2908ede\" data-id=\"2908ede\" data-element_type=\"column\">\n\t\t\t<div class=\"elementor-widget-wrap elementor-element-populated\">\n\t\t\t\t\t\t<div class=\"elementor-element elementor-element-b470d82 elementor-widget elementor-widget-heading\" data-id=\"b470d82\" data-element_type=\"widget\" data-widget_type=\"heading.default\">\n\t\t\t\t<div class=\"elementor-widget-container\">\n\t\t\t\t\t<h2 class=\"elementor-heading-title elementor-size-default\">Proyecto Fem Parc<\/h2>\t\t\t\t<\/div>\n\t\t\t\t<\/div>\n\t\t\t\t<div class=\"elementor-element elementor-element-0d3fdc6 elementor-widget elementor-widget-text-editor\" data-id=\"0d3fdc6\" data-element_type=\"widget\" data-widget_type=\"text-editor.default\">\n\t\t\t\t<div class=\"elementor-widget-container\">\n\t\t\t\t\t\t\t\t\t<p>Fem Parc es un proyecto desarrollado a Catalunya para promover el ecoturismo en algunos de sus parques naturales, promoviendo la economia local respectando al mismo tiempo el entorno natural protegido. El proyecto tiene como objetivo que los habitantes que viven en espacios naturales protegidos y sus alrededores entiendan los beneficios positivos para su economia, en vez de verlos como una fuente de limitaciones a su vida diaria. Al mismo tiempo, se les quiere orgullecer de su propio territorio, haci\u00e9ndoles conscientes de su impresionante patrimonio natural y cultural.<\/p>\n<p>A medio plazo, este proyecto tambi\u00e9n deber\u00eda contribuir a la creaci\u00f3n de nuevos sitios de trabajo y al apoyo para el mantenimiento de las actividades tradicionales, productos y servicos locales, promovi\u00e9ndolos y desarrollando actividades para que los turistas lo puedan experimentar por ellos mismos. Estos son los Parques Naturales inclu\u00eddos en el proyecto:<\/p>\n<ul>\n<li>Parque Natural de l&#8217;Alt Pirineu<\/li>\n<li>Parque Nacional d&#8217;Aig\u00fcestortes i Estany de Sant Maurici<\/li>\n<li>Parque Natural del Cad\u00ed-Moixer\u00f3<\/li>\n<li>Parque Natural de la Zona Volc\u00e0nica de la Garrotxa<\/li>\n<li>Parque Natural dels Ports<\/li>\n<li>Parque Natural de la Serra de Montsant.<\/li>\n<\/ul>\n\t\t\t\t\t\t\t\t<\/div>\n\t\t\t\t<\/div>\n\t\t\t\t\t<\/div>\n\t\t<\/div>\n\t\t\t\t\t<\/div>\n\t\t<\/section>\n\t\t\t\t<section data-particle_enable=\"false\" data-particle-mobile-disabled=\"false\" class=\"elementor-section elementor-top-section elementor-element elementor-element-61376d9 elementor-section-boxed elementor-section-height-default elementor-section-height-default\" data-id=\"61376d9\" data-element_type=\"section\">\n\t\t\t\t\t\t<div class=\"elementor-container elementor-column-gap-default\">\n\t\t\t\t\t<div class=\"elementor-column elementor-col-33 elementor-top-column elementor-element elementor-element-c9f6d55\" data-id=\"c9f6d55\" data-element_type=\"column\">\n\t\t\t<div class=\"elementor-widget-wrap elementor-element-populated\">\n\t\t\t\t\t\t<div class=\"elementor-element elementor-element-15a47b7 elementor-widget elementor-widget-text-editor\" data-id=\"15a47b7\" data-element_type=\"widget\" data-widget_type=\"text-editor.default\">\n\t\t\t\t<div class=\"elementor-widget-container\">\n\t\t\t\t\t\t\t\t\t<p style=\"text-align: center;\"><a href=\"http:\/\/parcsnaturals.gencat.cat\/web\/.content\/home\/serra_de_montsant\/visitans\/guia_de_visita\/planol\/1.pdf\" target=\"_blank\" rel=\"noopener noreferrer\"><img fetchpriority=\"high\" decoding=\"async\" class=\"aligncenter\" src=\"http:\/\/www.elbrogit.com\/tl_files\/BrogitGuiatges\/web\/Montsant_Parc.jpg\" alt=\"\" width=\"274\" height=\"197\" \/><\/a><br \/>\nParc Natural de Montsant (clic para hacer la imagen m\u00e1s grande)<\/p>\n<p><a href=\"http:\/\/parcsnaturals.gencat.cat\/ca\/serra-montsant\" target=\"_blank\" rel=\"noopener noreferrer\"><img decoding=\"async\" class=\"aligncenter\" src=\"http:\/\/www.elbrogit.com\/tl_files\/BrogitGuiatges\/web\/PNMontsant_logo.png\" alt=\"\" width=\"252\" height=\"85\" \/><\/a><span style=\"font-size: 1rem;\">\u00a0<\/span><\/p>\n\t\t\t\t\t\t\t\t<\/div>\n\t\t\t\t<\/div>\n\t\t\t\t\t<\/div>\n\t\t<\/div>\n\t\t\t\t<div class=\"elementor-column elementor-col-66 elementor-top-column elementor-element elementor-element-a788c50\" data-id=\"a788c50\" data-element_type=\"column\">\n\t\t\t<div class=\"elementor-widget-wrap elementor-element-populated\">\n\t\t\t\t\t\t<div class=\"elementor-element elementor-element-ecd919f elementor-widget elementor-widget-heading\" data-id=\"ecd919f\" data-element_type=\"widget\" data-widget_type=\"heading.default\">\n\t\t\t\t<div class=\"elementor-widget-container\">\n\t\t\t\t\t<h2 class=\"elementor-heading-title elementor-size-default\">Fem Parc en el parque natural de Montsant<\/h2>\t\t\t\t<\/div>\n\t\t\t\t<\/div>\n\t\t\t\t<div class=\"elementor-element elementor-element-2ed3a30 elementor-widget elementor-widget-text-editor\" data-id=\"2ed3a30\" data-element_type=\"widget\" data-widget_type=\"text-editor.default\">\n\t\t\t\t<div class=\"elementor-widget-container\">\n\t\t\t\t\t\t\t\t\t<p>El Parque Natural de la Sierra de Montsant es un <strong>macizo monta\u00f1oso de unos 135 km2, una monta\u00f1a santa (mont-sant) bien conocida des de antiguo por los eremitas <\/strong>y ascetas que buscaban una vida contemplativa en contacto real con la naturaleza y dios. <a title=\"Parc Natural de Montsant, al Priorat\" href=\"https:\/\/www.elbrogit.com\/es\/senderismo-excursiones-parque-natural-montsant-priorat\/\">Haced click aqu\u00ed per m\u00e1s informaci\u00f3n y otras ideas de viaje y actividades para descubrir el Parque Natural de la Serra de Montsant,<\/a> ya que en esta p\u00e1gina s\u00f3lo os mostraremos las estrictamente relacionadas con el proyecto Fem Parc. En Montsant, la idea era promover los siguientes ejes principales:<\/p>\n<ul>\n<li><strong>Espiritualidad,<\/strong> estrechamente ligada a la tradici\u00f3n milenaria de eremitismoy las diferentes ermitas que se pueden visitar, con especial atenci\u00f3n al monasterio cartujano de Scaladei.<\/li>\n<li><strong>Gastronom\u00eda,<\/strong> que se puede catar a trav\u00e9s de los productos de alta calidad elaborados en la zona, como el aceite ecol\u00f3gico o los mundialmente conocidos vinos de las dos denominaciones de origen, DOQ Priorat y DO Montsant.<\/li>\n<li><strong>La fauna, representada por la tortuga mediterr\u00e1nea,<\/strong> con diferentes poblaciones en el Parque Natural.<\/li>\n<\/ul>\n<p>A continuaci\u00f3n ten\u00e9is las ideas de viaje desarrolladas en el marco del proyecto Fem Parc. Pero <strong>si no encontr\u00e1is lo que est\u00e1s buscando, no dud\u00e9is en contactarnos. Os podemos crear vuestra experiencia a medida en el Priorat.<\/strong><\/p>\n<p>Disfrutando de este viaje, <strong>est\u00e1is contribuyendo con un 5% a proyectos de conservaci\u00f3n<\/strong> del Parque Natural de Montsant!<\/p>\n<p><span style=\"font-weight: bolder; color: #808000;\">Algunas ideas de viaje en el Parque Natural de la Serra de Montsant<\/span><\/p>\n\t\t\t\t\t\t\t\t<\/div>\n\t\t\t\t<\/div>\n\t\t\t\t<section data-particle_enable=\"false\" data-particle-mobile-disabled=\"false\" class=\"elementor-section elementor-inner-section elementor-element elementor-element-42b1af3 elementor-section-boxed elementor-section-height-default elementor-section-height-default\" data-id=\"42b1af3\" data-element_type=\"section\">\n\t\t\t\t\t\t<div class=\"elementor-container elementor-column-gap-default\">\n\t\t\t\t\t<div class=\"elementor-column elementor-col-100 elementor-inner-column elementor-element elementor-element-737709a\" data-id=\"737709a\" data-element_type=\"column\">\n\t\t\t<div class=\"elementor-widget-wrap elementor-element-populated\">\n\t\t\t\t\t\t<div class=\"elementor-element elementor-element-05248cf uael-woo--align-center uael-sale-flash-circle uael-featured-flash-circle elementor-widget elementor-widget-uael-woo-products\" data-id=\"05248cf\" data-element_type=\"widget\" data-settings=\"{&quot;products_columns&quot;:&quot;2&quot;,&quot;products_columns_tablet&quot;:&quot;3&quot;,&quot;products_columns_mobile&quot;:&quot;1&quot;}\" data-widget_type=\"uael-woo-products.grid-default\">\n\t\t\t\t<div class=\"elementor-widget-container\">\n\t\t\t\t\t<div class=\"uael-woocommerce uael-woo-products-grid uael-woo-skin-grid-default uael-woo-query-custom\" data-page=\"7234\" data-skin=\"grid_default\"><div class=\" columns-2 uael-woo-products-inner uael-woo-product__column-2 uael-woo-product__column-tablet-3 uael-woo-product__column-mobile-1\"><ul class=\"products columns-2\">\n\n\n<li class=\" 2 a 3 d\u00edas a pie autoguiado baja enoturismo enoturismo al priorat monta\u00f1as de prades montsant \u2013 parque natural sur de catalu\u00f1a viajes natural\u00edsticos post-5384 product first instock shipping-taxable purchasable product-type-variable has-default-attributes\">\n\t<div class=\"uael-woo-product-wrapper uael-prod-auto-align-disabled\">\n\t\t<div class=\"uael-woo-products-thumbnail-wrap\"><div class=\"uael-flash-container \"><\/div><a href=\"https:\/\/elbrogit.com\/es\/product\/senderismo-vino-priorat-semana-santa\/\" class=\"woocommerce-LoopProduct-link woocommerce-loop-product__link\"><img loading=\"lazy\" decoding=\"async\" width=\"300\" height=\"224\" src=\"https:\/\/elbrogit.com\/wp-content\/uploads\/Vinyes-Montsant1-2-300x224.jpg\" class=\"attachment-woocommerce_thumbnail size-woocommerce_thumbnail\" alt=\"\" srcset=\"https:\/\/elbrogit.com\/wp-content\/uploads\/Vinyes-Montsant1-2-300x224.jpg 300w, https:\/\/elbrogit.com\/wp-content\/uploads\/Vinyes-Montsant1-2-600x449.jpg 600w, https:\/\/elbrogit.com\/wp-content\/uploads\/Vinyes-Montsant1-2-768x574.jpg 768w, https:\/\/elbrogit.com\/wp-content\/uploads\/Vinyes-Montsant1-2.jpg 800w\" sizes=\"(max-width: 300px) 100vw, 300px\" \/><\/a><\/div><div class=\"uael-woo-products-summary-wrap uael-auto-align-disabled\"><a href=\"https:\/\/elbrogit.com\/es\/product\/senderismo-vino-priorat-semana-santa\/\" class=\"uael-loop-product__link\"><h2 class=\"woocommerce-loop-product__title\">TreK&#038;Vino en Priorat en 3 d\u00edas<\/h2><\/a>\n\t<span class=\"price\"><span class=\"woocommerce-Price-amount amount\"><bdi>179<span class=\"woocommerce-Price-currencySymbol\">&euro;<\/span><\/bdi><\/span> &ndash; <span class=\"woocommerce-Price-amount amount\"><bdi>229<span class=\"woocommerce-Price-currencySymbol\">&euro;<\/span><\/bdi><\/span><\/span>\n<\/div>\t<\/div>\n<\/li>\n<\/ul>\n<\/div><\/div>\t\t\t\t<\/div>\n\t\t\t\t<\/div>\n\t\t\t\t\t<\/div>\n\t\t<\/div>\n\t\t\t\t\t<\/div>\n\t\t<\/section>\n\t\t\t\t\t<\/div>\n\t\t<\/div>\n\t\t\t\t\t<\/div>\n\t\t<\/section>\n\t\t\t\t<\/div>\n\t\t","protected":false},"excerpt":{"rendered":"<p>\u00a0\u00a0 Proyecto Fem Parc Fem Parc es un proyecto desarrollado a Catalunya para promover el ecoturismo en algunos de sus parques naturales, promoviendo la economia local respectando al mismo tiempo el entorno natural protegido. El proyecto tiene como objetivo que los habitantes que viven en espacios naturales protegidos y sus alrededores entiendan los beneficios positivos [&hellip;]<\/p>\n","protected":false},"author":1,"featured_media":0,"parent":0,"menu_order":0,"comment_status":"open","ping_status":"open","template":"elementor_header_footer","meta":{"_acf_changed":false,"footnotes":""},"class_list":["post-7234","page","type-page","status-publish","hentry"],"acf":[],"yoast_head":"<!-- This site is optimized with the Yoast SEO plugin v25.1 - https:\/\/yoast.com\/wordpress\/plugins\/seo\/ -->\n<title>Fem Parc, proyecto de ecoturismo en Catalunya - Senderismo y enoturismo en Catalunya<\/title>\n<meta name=\"robots\" content=\"index, follow, max-snippet:-1, max-image-preview:large, max-video-preview:-1\" \/>\n<link rel=\"canonical\" href=\"https:\/\/elbrogit.com\/es\/fem-parc-proyecto-de-ecoturismo-en-catalunya\/\" \/>\n<meta property=\"og:locale\" content=\"es_ES\" \/>\n<meta property=\"og:type\" content=\"article\" \/>\n<meta property=\"og:title\" content=\"Fem Parc, proyecto de ecoturismo en Catalunya - Senderismo y enoturismo en Catalunya\" \/>\n<meta property=\"og:description\" content=\"\u00a0\u00a0 Proyecto Fem Parc Fem Parc es un proyecto desarrollado a Catalunya para promover el ecoturismo en algunos de sus parques naturales, promoviendo la economia local respectando al mismo tiempo el entorno natural protegido. El proyecto tiene como objetivo que los habitantes que viven en espacios naturales protegidos y sus alrededores entiendan los beneficios positivos [&hellip;]\" \/>\n<meta property=\"og:url\" content=\"https:\/\/elbrogit.com\/es\/fem-parc-proyecto-de-ecoturismo-en-catalunya\/\" \/>\n<meta property=\"og:site_name\" content=\"Senderismo y enoturismo en Catalunya\" \/>\n<meta property=\"article:publisher\" content=\"http:\/\/www.facebook.com\/brogit.guiatges\" \/>\n<meta property=\"article:modified_time\" content=\"2020-09-11T16:10:55+00:00\" \/>\n<meta property=\"og:image\" content=\"http:\/\/www.elbrogit.com\/wp-content\/uploads\/FemParc_petit.gif\" \/>\n<meta name=\"twitter:card\" content=\"summary_large_image\" \/>\n<meta name=\"twitter:site\" content=\"@elbrogit\" \/>\n<meta name=\"twitter:label1\" content=\"Tiempo de lectura\" \/>\n\t<meta name=\"twitter:data1\" content=\"2 minutos\" \/>\n<script type=\"application\/ld+json\" class=\"yoast-schema-graph\">{\"@context\":\"https:\/\/schema.org\",\"@graph\":[{\"@type\":\"WebPage\",\"@id\":\"https:\/\/elbrogit.com\/es\/fem-parc-proyecto-de-ecoturismo-en-catalunya\/\",\"url\":\"https:\/\/elbrogit.com\/es\/fem-parc-proyecto-de-ecoturismo-en-catalunya\/\",\"name\":\"Fem Parc, proyecto de ecoturismo en Catalunya - Senderismo y enoturismo en Catalunya\",\"isPartOf\":{\"@id\":\"https:\/\/elbrogit.com\/es\/#website\"},\"primaryImageOfPage\":{\"@id\":\"https:\/\/elbrogit.com\/es\/fem-parc-proyecto-de-ecoturismo-en-catalunya\/#primaryimage\"},\"image\":{\"@id\":\"https:\/\/elbrogit.com\/es\/fem-parc-proyecto-de-ecoturismo-en-catalunya\/#primaryimage\"},\"thumbnailUrl\":\"http:\/\/www.elbrogit.com\/wp-content\/uploads\/FemParc_petit.gif\",\"datePublished\":\"2020-09-11T16:07:32+00:00\",\"dateModified\":\"2020-09-11T16:10:55+00:00\",\"breadcrumb\":{\"@id\":\"https:\/\/elbrogit.com\/es\/fem-parc-proyecto-de-ecoturismo-en-catalunya\/#breadcrumb\"},\"inLanguage\":\"es\",\"potentialAction\":[{\"@type\":\"ReadAction\",\"target\":[\"https:\/\/elbrogit.com\/es\/fem-parc-proyecto-de-ecoturismo-en-catalunya\/\"]}]},{\"@type\":\"ImageObject\",\"inLanguage\":\"es\",\"@id\":\"https:\/\/elbrogit.com\/es\/fem-parc-proyecto-de-ecoturismo-en-catalunya\/#primaryimage\",\"url\":\"http:\/\/www.elbrogit.com\/wp-content\/uploads\/FemParc_petit.gif\",\"contentUrl\":\"http:\/\/www.elbrogit.com\/wp-content\/uploads\/FemParc_petit.gif\"},{\"@type\":\"BreadcrumbList\",\"@id\":\"https:\/\/elbrogit.com\/es\/fem-parc-proyecto-de-ecoturismo-en-catalunya\/#breadcrumb\",\"itemListElement\":[{\"@type\":\"ListItem\",\"position\":1,\"name\":\"Home\",\"item\":\"https:\/\/elbrogit.com\/es\/\"},{\"@type\":\"ListItem\",\"position\":2,\"name\":\"Fem Parc, proyecto de ecoturismo en Catalunya\"}]},{\"@type\":\"WebSite\",\"@id\":\"https:\/\/elbrogit.com\/es\/#website\",\"url\":\"https:\/\/elbrogit.com\/es\/\",\"name\":\"Senderismo y enoturismo en Catalunya\",\"description\":\"Ecotourism, walking, wine tourism and cultural holidays in Catalonia\",\"publisher\":{\"@id\":\"https:\/\/elbrogit.com\/es\/#organization\"},\"potentialAction\":[{\"@type\":\"SearchAction\",\"target\":{\"@type\":\"EntryPoint\",\"urlTemplate\":\"https:\/\/elbrogit.com\/es\/?s={search_term_string}\"},\"query-input\":{\"@type\":\"PropertyValueSpecification\",\"valueRequired\":true,\"valueName\":\"search_term_string\"}}],\"inLanguage\":\"es\"},{\"@type\":\"Organization\",\"@id\":\"https:\/\/elbrogit.com\/es\/#organization\",\"name\":\"Senderismo y enoturismo en Catalunya\",\"url\":\"https:\/\/elbrogit.com\/es\/\",\"logo\":{\"@type\":\"ImageObject\",\"inLanguage\":\"es\",\"@id\":\"https:\/\/elbrogit.com\/es\/#\/schema\/logo\/image\/\",\"url\":\"https:\/\/elbrogit.com\/wp-content\/uploads\/cropped-LogoBrogitWeb.jpg\",\"contentUrl\":\"https:\/\/elbrogit.com\/wp-content\/uploads\/cropped-LogoBrogitWeb.jpg\",\"width\":161,\"height\":108,\"caption\":\"Senderismo y enoturismo en Catalunya\"},\"image\":{\"@id\":\"https:\/\/elbrogit.com\/es\/#\/schema\/logo\/image\/\"},\"sameAs\":[\"http:\/\/www.facebook.com\/brogit.guiatges\",\"https:\/\/x.com\/elbrogit\"]}]}<\/script>\n<!-- \/ Yoast SEO plugin. -->","yoast_head_json":{"title":"Fem Parc, proyecto de ecoturismo en Catalunya - Senderismo y enoturismo en Catalunya","robots":{"index":"index","follow":"follow","max-snippet":"max-snippet:-1","max-image-preview":"max-image-preview:large","max-video-preview":"max-video-preview:-1"},"canonical":"https:\/\/elbrogit.com\/es\/fem-parc-proyecto-de-ecoturismo-en-catalunya\/","og_locale":"es_ES","og_type":"article","og_title":"Fem Parc, proyecto de ecoturismo en Catalunya - Senderismo y enoturismo en Catalunya","og_description":"\u00a0\u00a0 Proyecto Fem Parc Fem Parc es un proyecto desarrollado a Catalunya para promover el ecoturismo en algunos de sus parques naturales, promoviendo la economia local respectando al mismo tiempo el entorno natural protegido. El proyecto tiene como objetivo que los habitantes que viven en espacios naturales protegidos y sus alrededores entiendan los beneficios positivos [&hellip;]","og_url":"https:\/\/elbrogit.com\/es\/fem-parc-proyecto-de-ecoturismo-en-catalunya\/","og_site_name":"Senderismo y enoturismo en Catalunya","article_publisher":"http:\/\/www.facebook.com\/brogit.guiatges","article_modified_time":"2020-09-11T16:10:55+00:00","og_image":[{"url":"http:\/\/www.elbrogit.com\/wp-content\/uploads\/FemParc_petit.gif","type":"","width":"","height":""}],"twitter_card":"summary_large_image","twitter_site":"@elbrogit","twitter_misc":{"Tiempo de lectura":"2 minutos"},"schema":{"@context":"https:\/\/schema.org","@graph":[{"@type":"WebPage","@id":"https:\/\/elbrogit.com\/es\/fem-parc-proyecto-de-ecoturismo-en-catalunya\/","url":"https:\/\/elbrogit.com\/es\/fem-parc-proyecto-de-ecoturismo-en-catalunya\/","name":"Fem Parc, proyecto de ecoturismo en Catalunya - Senderismo y enoturismo en Catalunya","isPartOf":{"@id":"https:\/\/elbrogit.com\/es\/#website"},"primaryImageOfPage":{"@id":"https:\/\/elbrogit.com\/es\/fem-parc-proyecto-de-ecoturismo-en-catalunya\/#primaryimage"},"image":{"@id":"https:\/\/elbrogit.com\/es\/fem-parc-proyecto-de-ecoturismo-en-catalunya\/#primaryimage"},"thumbnailUrl":"http:\/\/www.elbrogit.com\/wp-content\/uploads\/FemParc_petit.gif","datePublished":"2020-09-11T16:07:32+00:00","dateModified":"2020-09-11T16:10:55+00:00","breadcrumb":{"@id":"https:\/\/elbrogit.com\/es\/fem-parc-proyecto-de-ecoturismo-en-catalunya\/#breadcrumb"},"inLanguage":"es","potentialAction":[{"@type":"ReadAction","target":["https:\/\/elbrogit.com\/es\/fem-parc-proyecto-de-ecoturismo-en-catalunya\/"]}]},{"@type":"ImageObject","inLanguage":"es","@id":"https:\/\/elbrogit.com\/es\/fem-parc-proyecto-de-ecoturismo-en-catalunya\/#primaryimage","url":"http:\/\/www.elbrogit.com\/wp-content\/uploads\/FemParc_petit.gif","contentUrl":"http:\/\/www.elbrogit.com\/wp-content\/uploads\/FemParc_petit.gif"},{"@type":"BreadcrumbList","@id":"https:\/\/elbrogit.com\/es\/fem-parc-proyecto-de-ecoturismo-en-catalunya\/#breadcrumb","itemListElement":[{"@type":"ListItem","position":1,"name":"Home","item":"https:\/\/elbrogit.com\/es\/"},{"@type":"ListItem","position":2,"name":"Fem Parc, proyecto de ecoturismo en Catalunya"}]},{"@type":"WebSite","@id":"https:\/\/elbrogit.com\/es\/#website","url":"https:\/\/elbrogit.com\/es\/","name":"Senderismo y enoturismo en Catalunya","description":"Ecotourism, walking, wine tourism and cultural holidays in Catalonia","publisher":{"@id":"https:\/\/elbrogit.com\/es\/#organization"},"potentialAction":[{"@type":"SearchAction","target":{"@type":"EntryPoint","urlTemplate":"https:\/\/elbrogit.com\/es\/?s={search_term_string}"},"query-input":{"@type":"PropertyValueSpecification","valueRequired":true,"valueName":"search_term_string"}}],"inLanguage":"es"},{"@type":"Organization","@id":"https:\/\/elbrogit.com\/es\/#organization","name":"Senderismo y enoturismo en Catalunya","url":"https:\/\/elbrogit.com\/es\/","logo":{"@type":"ImageObject","inLanguage":"es","@id":"https:\/\/elbrogit.com\/es\/#\/schema\/logo\/image\/","url":"https:\/\/elbrogit.com\/wp-content\/uploads\/cropped-LogoBrogitWeb.jpg","contentUrl":"https:\/\/elbrogit.com\/wp-content\/uploads\/cropped-LogoBrogitWeb.jpg","width":161,"height":108,"caption":"Senderismo y enoturismo en Catalunya"},"image":{"@id":"https:\/\/elbrogit.com\/es\/#\/schema\/logo\/image\/"},"sameAs":["http:\/\/www.facebook.com\/brogit.guiatges","https:\/\/x.com\/elbrogit"]}]}},"jetpack_sharing_enabled":true,"_links":{"self":[{"href":"https:\/\/elbrogit.com\/es\/wp-json\/wp\/v2\/pages\/7234","targetHints":{"allow":["GET"]}}],"collection":[{"href":"https:\/\/elbrogit.com\/es\/wp-json\/wp\/v2\/pages"}],"about":[{"href":"https:\/\/elbrogit.com\/es\/wp-json\/wp\/v2\/types\/page"}],"author":[{"embeddable":true,"href":"https:\/\/elbrogit.com\/es\/wp-json\/wp\/v2\/users\/1"}],"replies":[{"embeddable":true,"href":"https:\/\/elbrogit.com\/es\/wp-json\/wp\/v2\/comments?post=7234"}],"version-history":[{"count":2,"href":"https:\/\/elbrogit.com\/es\/wp-json\/wp\/v2\/pages\/7234\/revisions"}],"predecessor-version":[{"id":7238,"href":"https:\/\/elbrogit.com\/es\/wp-json\/wp\/v2\/pages\/7234\/revisions\/7238"}],"wp:attachment":[{"href":"https:\/\/elbrogit.com\/es\/wp-json\/wp\/v2\/media?parent=7234"}],"curies":[{"name":"wp","href":"https:\/\/api.w.org\/{rel}","templated":true}]}}