{"id":7240,"date":"2020-09-11T18:15:18","date_gmt":"2020-09-11T16:15:18","guid":{"rendered":"https:\/\/elbrogit.com\/reserva-solidaria-para-la-cura-del-covid19\/"},"modified":"2020-09-11T18:15:47","modified_gmt":"2020-09-11T16:15:47","slug":"reserva-solidaria-coronavirus","status":"publish","type":"page","link":"https:\/\/elbrogit.com\/es\/reserva-solidaria-coronavirus\/","title":{"rendered":"Reserva solidaria para la cura del Covid19"},"content":{"rendered":"\t\t<div data-elementor-type=\"wp-page\" data-elementor-id=\"7240\" class=\"elementor elementor-7240 elementor-237\" data-elementor-post-type=\"page\">\n\t\t\t\t\t\t<section data-particle_enable=\"false\" data-particle-mobile-disabled=\"false\" class=\"elementor-section elementor-top-section elementor-element elementor-element-317e9b69 elementor-section-boxed elementor-section-height-default elementor-section-height-default\" data-id=\"317e9b69\" data-element_type=\"section\">\n\t\t\t\t\t\t<div class=\"elementor-container elementor-column-gap-default\">\n\t\t\t\t\t<div class=\"elementor-column elementor-col-100 elementor-top-column elementor-element elementor-element-612a1ddd\" data-id=\"612a1ddd\" data-element_type=\"column\">\n\t\t\t<div class=\"elementor-widget-wrap elementor-element-populated\">\n\t\t\t\t\t\t<div class=\"elementor-element elementor-element-3403916a elementor-widget elementor-widget-text-editor\" data-id=\"3403916a\" data-element_type=\"widget\" data-widget_type=\"text-editor.default\">\n\t\t\t\t<div class=\"elementor-widget-container\">\n\t\t\t\t\t\t\t\t\t<p><a href=\"https:\/\/www.elbrogit.com\/wp-content\/uploads\/Covid19Donation-1.png\"><img fetchpriority=\"high\" decoding=\"async\" class=\"size-full wp-image-7388\" src=\"https:\/\/www.elbrogit.com\/wp-content\/uploads\/Covid19Donacion-1.png\" alt=\"Booking supporting Covid19 research\" width=\"940\" height=\"430\" \/><\/a><\/p>\n\t\t\t\t\t\t\t\t<\/div>\n\t\t\t\t<\/div>\n\t\t\t\t\t<\/div>\n\t\t<\/div>\n\t\t\t\t\t<\/div>\n\t\t<\/section>\n\t\t\t\t<section data-particle_enable=\"false\" data-particle-mobile-disabled=\"false\" class=\"elementor-section elementor-top-section elementor-element elementor-element-b438f39 elementor-section-boxed elementor-section-height-default elementor-section-height-default\" data-id=\"b438f39\" data-element_type=\"section\">\n\t\t\t\t\t\t<div class=\"elementor-container elementor-column-gap-default\">\n\t\t\t\t\t<div class=\"elementor-column elementor-col-33 elementor-top-column elementor-element elementor-element-ad323a8\" data-id=\"ad323a8\" data-element_type=\"column\">\n\t\t\t<div class=\"elementor-widget-wrap elementor-element-populated\">\n\t\t\t\t\t\t<div class=\"elementor-element elementor-element-f72bfdd elementor-widget elementor-widget-text-editor\" data-id=\"f72bfdd\" data-element_type=\"widget\" data-widget_type=\"text-editor.default\">\n\t\t\t\t<div class=\"elementor-widget-container\">\n\t\t\t\t\t\t\t\t\t<p><a href=\"https:\/\/www.elbrogit.com\/wp-content\/uploads\/logos-fls.png\"><img decoding=\"async\" class=\"aligncenter wp-image-7404 size-full\" src=\"https:\/\/www.elbrogit.com\/wp-content\/uploads\/logos-fls.png\" alt=\"\" width=\"300\" height=\"120\" \/><\/a><a href=\"https:\/\/www.elbrogit.com\/wp-content\/uploads\/logos-gtp-new-e1585738060234.png\"><img decoding=\"async\" class=\"aligncenter size-full wp-image-7408\" src=\"https:\/\/www.elbrogit.com\/wp-content\/uploads\/logos-gtp-new-e1585738060234.png\" alt=\"\" width=\"130\" height=\"52\" \/><\/a><a href=\"https:\/\/www.elbrogit.com\/wp-content\/uploads\/logos-irsi.png\"><img loading=\"lazy\" decoding=\"async\" class=\"aligncenter wp-image-7412 size-full\" src=\"https:\/\/www.elbrogit.com\/wp-content\/uploads\/logos-irsi.png\" alt=\"\" width=\"300\" height=\"120\" \/><\/a><br \/>\nLet&#8217;s collaborate!<\/p>\n\t\t\t\t\t\t\t\t<\/div>\n\t\t\t\t<\/div>\n\t\t\t\t<section data-particle_enable=\"false\" data-particle-mobile-disabled=\"false\" class=\"elementor-section elementor-inner-section elementor-element elementor-element-151f7ee elementor-section-boxed elementor-section-height-default elementor-section-height-default\" data-id=\"151f7ee\" data-element_type=\"section\">\n\t\t\t\t\t\t<div class=\"elementor-container elementor-column-gap-default\">\n\t\t\t\t\t<div class=\"elementor-column elementor-col-100 elementor-inner-column elementor-element elementor-element-87078d2\" data-id=\"87078d2\" data-element_type=\"column\">\n\t\t\t<div class=\"elementor-widget-wrap elementor-element-populated\">\n\t\t\t\t\t\t<div class=\"elementor-element elementor-element-0a45c40 uael-woo--align-center uael-sale-flash-circle uael-featured-flash-circle elementor-widget elementor-widget-uael-woo-products\" data-id=\"0a45c40\" data-element_type=\"widget\" data-settings=\"{&quot;products_columns&quot;:&quot;1&quot;,&quot;products_columns_tablet&quot;:&quot;3&quot;,&quot;products_columns_mobile&quot;:&quot;1&quot;}\" data-widget_type=\"uael-woo-products.grid-default\">\n\t\t\t\t<div class=\"elementor-widget-container\">\n\t\t\t\t\t\t\t<div class=\"uael-wooproducts-empty\">\n\t\t\t<p>No products were found matching your selection.<\/p>\n\t\t<\/div>\n\t\t\t\t\t\t<\/div>\n\t\t\t\t<\/div>\n\t\t\t\t\t<\/div>\n\t\t<\/div>\n\t\t\t\t\t<\/div>\n\t\t<\/section>\n\t\t\t\t\t<\/div>\n\t\t<\/div>\n\t\t\t\t<div class=\"elementor-column elementor-col-66 elementor-top-column elementor-element elementor-element-4672a43\" data-id=\"4672a43\" data-element_type=\"column\">\n\t\t\t<div class=\"elementor-widget-wrap elementor-element-populated\">\n\t\t\t\t\t\t<div class=\"elementor-element elementor-element-7c1f8bc elementor-widget elementor-widget-heading\" data-id=\"7c1f8bc\" data-element_type=\"widget\" data-widget_type=\"heading.default\">\n\t\t\t\t<div class=\"elementor-widget-container\">\n\t\t\t\t\t<h2 class=\"elementor-heading-title elementor-size-default\">T\u00fa reservas ahora, nosotros donamos el 15%<\/h2>\t\t\t\t<\/div>\n\t\t\t\t<\/div>\n\t\t\t\t<div class=\"elementor-element elementor-element-7210358 elementor-widget elementor-widget-text-editor\" data-id=\"7210358\" data-element_type=\"widget\" data-widget_type=\"text-editor.default\">\n\t\t\t\t<div class=\"elementor-widget-container\">\n\t\t\t\t\t\t\t\t\t<p>Tiempos extraordinarios requieren medidas extraordinarias: somos una de las regiones del mundo m\u00e1s afectadas por la pandemia del Covid19, que tiene un grav\u00edsimo impacto mundial. En Catalunya, el equipo de doctores e investigadores de la Fundaci\u00f3n de Lucha contra la Sida, el Hospital Universitari Germans Trias i Pujol y IrsiCaixa estan trabajando intensamente en la investigaci\u00f3n para la cura del coronavirus en el marco de un ensayo cl\u00ednico pionero. Cient\u00edficos como el Dr. Bonaventura Clotet y el Dr. Oriol Mitj\u00e0 participan en este proyecto y han promovido la iniciativa #YoMeCorono, para recaptar fondos para este proyecto tant necesario como urgente.<br \/>\nY aqu\u00ed surge nuestra propuesta de <strong>Reserva Solidaria Covid19<\/strong><strong>:<\/strong><\/p>\n<ul>\n<li><b><span class=\"gmail_default\">Tu reservas ahora. <\/span><\/b><span class=\"gmail_default\">Escoges qu\u00e9 tipo de cup\u00f3n solidario quieres reservar, en funci\u00f3n de la actividad que te gustar\u00eda realizar cuando se termine el confinamiento y sea posible disfrutar de la naturaleza, el enoturismo&#8230;, otra vez. <\/span>Adem\u00e1s, con tu reserva contribuyes a nuestra existencia, una peque\u00f1a empresa de proximidad que promueve la descubierta respectuosa de nuestro territorio, tanto para el p\u00fablico nacional como internacional.<\/li>\n<li><strong>Nosotros donamos el 15% a la iniciativa #YoMeCorono.<\/strong> En el momento que recibimos tu reserva y pago, ingresamos el 15% del importe a la Fundaci\u00f3n Lucha contra la Sida. Cada peque\u00f1o granito de arena ayuda en la investigacion para para esta pandemia.<\/li>\n<\/ul>\n<p><strong>Modalidades de cup\u00f3n de Reserva Solidaria Covid19:<\/strong><\/p>\n<ul>\n<li>20\u20ac<\/li>\n<li>100\u20ac<\/li>\n<li>200\u20ac<\/li>\n<li>500\u20ac<\/li>\n<\/ul>\n<p>Actividades por las cuales pod\u00e9is cambiar vuestro cup\u00f3n:<\/p>\n<ul>\n<li>Cualquier de las actividades, escapadas, vacaciones que os proponemos en nuestra web<a href=\"https:\/\/www.elbrogit.com\/ca\/\"> www.elbrogit.com<\/a><\/li>\n<li>Cualquier actividad de Escape Room en la Naturaleza que os proponemos en la web <a href=\"https:\/\/escapeludiartis.com\/es\">www.escapeludiartis.com<\/a> (exceptuando el dise\u00f1o de escape rooms a medida)<\/li>\n<\/ul>\n\t\t\t\t\t\t\t\t<\/div>\n\t\t\t\t<\/div>\n\t\t\t\t\t<\/div>\n\t\t<\/div>\n\t\t\t\t\t<\/div>\n\t\t<\/section>\n\t\t\t\t<\/div>\n\t\t","protected":false},"excerpt":{"rendered":"<p>Let&#8217;s collaborate! Booking to donate for Covid19 research 20&euro; &ndash; 500&euro; T\u00fa reservas ahora, nosotros donamos el 15% Tiempos extraordinarios requieren medidas extraordinarias: somos una de las regiones del mundo m\u00e1s afectadas por la pandemia del Covid19, que tiene un grav\u00edsimo impacto mundial. En Catalunya, el equipo de doctores e investigadores de la Fundaci\u00f3n de [&hellip;]<\/p>\n","protected":false},"author":1,"featured_media":0,"parent":0,"menu_order":0,"comment_status":"open","ping_status":"open","template":"elementor_header_footer","meta":{"_acf_changed":false,"footnotes":""},"class_list":["post-7240","page","type-page","status-publish","hentry"],"acf":[],"yoast_head":"<!-- This site is optimized with the Yoast SEO plugin v25.1 - https:\/\/yoast.com\/wordpress\/plugins\/seo\/ -->\n<title>Reserva solidaria para la cura del Covid19 - Senderismo y enoturismo en Catalunya<\/title>\n<meta name=\"robots\" content=\"index, follow, max-snippet:-1, max-image-preview:large, max-video-preview:-1\" \/>\n<link rel=\"canonical\" href=\"https:\/\/elbrogit.com\/es\/reserva-solidaria-coronavirus\/\" \/>\n<meta property=\"og:locale\" content=\"es_ES\" \/>\n<meta property=\"og:type\" content=\"article\" \/>\n<meta property=\"og:title\" content=\"Reserva solidaria para la cura del Covid19 - Senderismo y enoturismo en Catalunya\" \/>\n<meta property=\"og:description\" content=\"Let&#8217;s collaborate! Booking to donate for Covid19 research 20&euro; &ndash; 500&euro; T\u00fa reservas ahora, nosotros donamos el 15% Tiempos extraordinarios requieren medidas extraordinarias: somos una de las regiones del mundo m\u00e1s afectadas por la pandemia del Covid19, que tiene un grav\u00edsimo impacto mundial. En Catalunya, el equipo de doctores e investigadores de la Fundaci\u00f3n de [&hellip;]\" \/>\n<meta property=\"og:url\" content=\"https:\/\/elbrogit.com\/es\/reserva-solidaria-coronavirus\/\" \/>\n<meta property=\"og:site_name\" content=\"Senderismo y enoturismo en Catalunya\" \/>\n<meta property=\"article:publisher\" content=\"http:\/\/www.facebook.com\/brogit.guiatges\" \/>\n<meta property=\"article:modified_time\" content=\"2020-09-11T16:15:47+00:00\" \/>\n<meta property=\"og:image\" content=\"https:\/\/www.elbrogit.com\/wp-content\/uploads\/Covid19Donacion-1.png\" \/>\n<meta name=\"twitter:card\" content=\"summary_large_image\" \/>\n<meta name=\"twitter:site\" content=\"@elbrogit\" \/>\n<meta name=\"twitter:label1\" content=\"Tiempo de lectura\" \/>\n\t<meta name=\"twitter:data1\" content=\"2 minutos\" \/>\n<script type=\"application\/ld+json\" class=\"yoast-schema-graph\">{\"@context\":\"https:\/\/schema.org\",\"@graph\":[{\"@type\":\"WebPage\",\"@id\":\"https:\/\/elbrogit.com\/es\/reserva-solidaria-coronavirus\/\",\"url\":\"https:\/\/elbrogit.com\/es\/reserva-solidaria-coronavirus\/\",\"name\":\"Reserva solidaria para la cura del Covid19 - Senderismo y enoturismo en Catalunya\",\"isPartOf\":{\"@id\":\"https:\/\/elbrogit.com\/es\/#website\"},\"primaryImageOfPage\":{\"@id\":\"https:\/\/elbrogit.com\/es\/reserva-solidaria-coronavirus\/#primaryimage\"},\"image\":{\"@id\":\"https:\/\/elbrogit.com\/es\/reserva-solidaria-coronavirus\/#primaryimage\"},\"thumbnailUrl\":\"https:\/\/www.elbrogit.com\/wp-content\/uploads\/Covid19Donacion-1.png\",\"datePublished\":\"2020-09-11T16:15:18+00:00\",\"dateModified\":\"2020-09-11T16:15:47+00:00\",\"breadcrumb\":{\"@id\":\"https:\/\/elbrogit.com\/es\/reserva-solidaria-coronavirus\/#breadcrumb\"},\"inLanguage\":\"es\",\"potentialAction\":[{\"@type\":\"ReadAction\",\"target\":[\"https:\/\/elbrogit.com\/es\/reserva-solidaria-coronavirus\/\"]}]},{\"@type\":\"ImageObject\",\"inLanguage\":\"es\",\"@id\":\"https:\/\/elbrogit.com\/es\/reserva-solidaria-coronavirus\/#primaryimage\",\"url\":\"https:\/\/www.elbrogit.com\/wp-content\/uploads\/Covid19Donacion-1.png\",\"contentUrl\":\"https:\/\/www.elbrogit.com\/wp-content\/uploads\/Covid19Donacion-1.png\"},{\"@type\":\"BreadcrumbList\",\"@id\":\"https:\/\/elbrogit.com\/es\/reserva-solidaria-coronavirus\/#breadcrumb\",\"itemListElement\":[{\"@type\":\"ListItem\",\"position\":1,\"name\":\"Home\",\"item\":\"https:\/\/elbrogit.com\/es\/\"},{\"@type\":\"ListItem\",\"position\":2,\"name\":\"Reserva solidaria para la cura del Covid19\"}]},{\"@type\":\"WebSite\",\"@id\":\"https:\/\/elbrogit.com\/es\/#website\",\"url\":\"https:\/\/elbrogit.com\/es\/\",\"name\":\"Senderismo y enoturismo en Catalunya\",\"description\":\"Ecotourism, walking, wine tourism and cultural holidays in Catalonia\",\"publisher\":{\"@id\":\"https:\/\/elbrogit.com\/es\/#organization\"},\"potentialAction\":[{\"@type\":\"SearchAction\",\"target\":{\"@type\":\"EntryPoint\",\"urlTemplate\":\"https:\/\/elbrogit.com\/es\/?s={search_term_string}\"},\"query-input\":{\"@type\":\"PropertyValueSpecification\",\"valueRequired\":true,\"valueName\":\"search_term_string\"}}],\"inLanguage\":\"es\"},{\"@type\":\"Organization\",\"@id\":\"https:\/\/elbrogit.com\/es\/#organization\",\"name\":\"Senderismo y enoturismo en Catalunya\",\"url\":\"https:\/\/elbrogit.com\/es\/\",\"logo\":{\"@type\":\"ImageObject\",\"inLanguage\":\"es\",\"@id\":\"https:\/\/elbrogit.com\/es\/#\/schema\/logo\/image\/\",\"url\":\"https:\/\/elbrogit.com\/wp-content\/uploads\/cropped-LogoBrogitWeb.jpg\",\"contentUrl\":\"https:\/\/elbrogit.com\/wp-content\/uploads\/cropped-LogoBrogitWeb.jpg\",\"width\":161,\"height\":108,\"caption\":\"Senderismo y enoturismo en Catalunya\"},\"image\":{\"@id\":\"https:\/\/elbrogit.com\/es\/#\/schema\/logo\/image\/\"},\"sameAs\":[\"http:\/\/www.facebook.com\/brogit.guiatges\",\"https:\/\/x.com\/elbrogit\"]}]}<\/script>\n<!-- \/ Yoast SEO plugin. -->","yoast_head_json":{"title":"Reserva solidaria para la cura del Covid19 - Senderismo y enoturismo en Catalunya","robots":{"index":"index","follow":"follow","max-snippet":"max-snippet:-1","max-image-preview":"max-image-preview:large","max-video-preview":"max-video-preview:-1"},"canonical":"https:\/\/elbrogit.com\/es\/reserva-solidaria-coronavirus\/","og_locale":"es_ES","og_type":"article","og_title":"Reserva solidaria para la cura del Covid19 - Senderismo y enoturismo en Catalunya","og_description":"Let&#8217;s collaborate! Booking to donate for Covid19 research 20&euro; &ndash; 500&euro; T\u00fa reservas ahora, nosotros donamos el 15% Tiempos extraordinarios requieren medidas extraordinarias: somos una de las regiones del mundo m\u00e1s afectadas por la pandemia del Covid19, que tiene un grav\u00edsimo impacto mundial. En Catalunya, el equipo de doctores e investigadores de la Fundaci\u00f3n de [&hellip;]","og_url":"https:\/\/elbrogit.com\/es\/reserva-solidaria-coronavirus\/","og_site_name":"Senderismo y enoturismo en Catalunya","article_publisher":"http:\/\/www.facebook.com\/brogit.guiatges","article_modified_time":"2020-09-11T16:15:47+00:00","og_image":[{"url":"https:\/\/www.elbrogit.com\/wp-content\/uploads\/Covid19Donacion-1.png","type":"","width":"","height":""}],"twitter_card":"summary_large_image","twitter_site":"@elbrogit","twitter_misc":{"Tiempo de lectura":"2 minutos"},"schema":{"@context":"https:\/\/schema.org","@graph":[{"@type":"WebPage","@id":"https:\/\/elbrogit.com\/es\/reserva-solidaria-coronavirus\/","url":"https:\/\/elbrogit.com\/es\/reserva-solidaria-coronavirus\/","name":"Reserva solidaria para la cura del Covid19 - Senderismo y enoturismo en Catalunya","isPartOf":{"@id":"https:\/\/elbrogit.com\/es\/#website"},"primaryImageOfPage":{"@id":"https:\/\/elbrogit.com\/es\/reserva-solidaria-coronavirus\/#primaryimage"},"image":{"@id":"https:\/\/elbrogit.com\/es\/reserva-solidaria-coronavirus\/#primaryimage"},"thumbnailUrl":"https:\/\/www.elbrogit.com\/wp-content\/uploads\/Covid19Donacion-1.png","datePublished":"2020-09-11T16:15:18+00:00","dateModified":"2020-09-11T16:15:47+00:00","breadcrumb":{"@id":"https:\/\/elbrogit.com\/es\/reserva-solidaria-coronavirus\/#breadcrumb"},"inLanguage":"es","potentialAction":[{"@type":"ReadAction","target":["https:\/\/elbrogit.com\/es\/reserva-solidaria-coronavirus\/"]}]},{"@type":"ImageObject","inLanguage":"es","@id":"https:\/\/elbrogit.com\/es\/reserva-solidaria-coronavirus\/#primaryimage","url":"https:\/\/www.elbrogit.com\/wp-content\/uploads\/Covid19Donacion-1.png","contentUrl":"https:\/\/www.elbrogit.com\/wp-content\/uploads\/Covid19Donacion-1.png"},{"@type":"BreadcrumbList","@id":"https:\/\/elbrogit.com\/es\/reserva-solidaria-coronavirus\/#breadcrumb","itemListElement":[{"@type":"ListItem","position":1,"name":"Home","item":"https:\/\/elbrogit.com\/es\/"},{"@type":"ListItem","position":2,"name":"Reserva solidaria para la cura del Covid19"}]},{"@type":"WebSite","@id":"https:\/\/elbrogit.com\/es\/#website","url":"https:\/\/elbrogit.com\/es\/","name":"Senderismo y enoturismo en Catalunya","description":"Ecotourism, walking, wine tourism and cultural holidays in Catalonia","publisher":{"@id":"https:\/\/elbrogit.com\/es\/#organization"},"potentialAction":[{"@type":"SearchAction","target":{"@type":"EntryPoint","urlTemplate":"https:\/\/elbrogit.com\/es\/?s={search_term_string}"},"query-input":{"@type":"PropertyValueSpecification","valueRequired":true,"valueName":"search_term_string"}}],"inLanguage":"es"},{"@type":"Organization","@id":"https:\/\/elbrogit.com\/es\/#organization","name":"Senderismo y enoturismo en Catalunya","url":"https:\/\/elbrogit.com\/es\/","logo":{"@type":"ImageObject","inLanguage":"es","@id":"https:\/\/elbrogit.com\/es\/#\/schema\/logo\/image\/","url":"https:\/\/elbrogit.com\/wp-content\/uploads\/cropped-LogoBrogitWeb.jpg","contentUrl":"https:\/\/elbrogit.com\/wp-content\/uploads\/cropped-LogoBrogitWeb.jpg","width":161,"height":108,"caption":"Senderismo y enoturismo en Catalunya"},"image":{"@id":"https:\/\/elbrogit.com\/es\/#\/schema\/logo\/image\/"},"sameAs":["http:\/\/www.facebook.com\/brogit.guiatges","https:\/\/x.com\/elbrogit"]}]}},"jetpack_sharing_enabled":true,"_links":{"self":[{"href":"https:\/\/elbrogit.com\/es\/wp-json\/wp\/v2\/pages\/7240","targetHints":{"allow":["GET"]}}],"collection":[{"href":"https:\/\/elbrogit.com\/es\/wp-json\/wp\/v2\/pages"}],"about":[{"href":"https:\/\/elbrogit.com\/es\/wp-json\/wp\/v2\/types\/page"}],"author":[{"embeddable":true,"href":"https:\/\/elbrogit.com\/es\/wp-json\/wp\/v2\/users\/1"}],"replies":[{"embeddable":true,"href":"https:\/\/elbrogit.com\/es\/wp-json\/wp\/v2\/comments?post=7240"}],"version-history":[{"count":2,"href":"https:\/\/elbrogit.com\/es\/wp-json\/wp\/v2\/pages\/7240\/revisions"}],"predecessor-version":[{"id":7242,"href":"https:\/\/elbrogit.com\/es\/wp-json\/wp\/v2\/pages\/7240\/revisions\/7242"}],"wp:attachment":[{"href":"https:\/\/elbrogit.com\/es\/wp-json\/wp\/v2\/media?parent=7240"}],"curies":[{"name":"wp","href":"https:\/\/api.w.org\/{rel}","templated":true}]}}