{"id":7243,"date":"2020-09-11T18:18:02","date_gmt":"2020-09-11T16:18:02","guid":{"rendered":"https:\/\/elbrogit.com\/montanas-de-llaberia-tivissa-vandellos\/"},"modified":"2020-09-11T18:18:42","modified_gmt":"2020-09-11T16:18:42","slug":"montanas-de-llaberia-tivissa-vandellos","status":"publish","type":"page","link":"https:\/\/elbrogit.com\/es\/montanas-de-llaberia-tivissa-vandellos\/","title":{"rendered":"Monta\u00f1as de Llaberia-Tivissa-Vandell\u00f2s"},"content":{"rendered":"\t\t<div data-elementor-type=\"wp-page\" data-elementor-id=\"7243\" class=\"elementor elementor-7243 elementor-222\" data-elementor-post-type=\"page\">\n\t\t\t\t\t\t<section data-particle_enable=\"false\" data-particle-mobile-disabled=\"false\" class=\"elementor-section elementor-top-section elementor-element elementor-element-153e370f elementor-section-boxed elementor-section-height-default elementor-section-height-default\" data-id=\"153e370f\" data-element_type=\"section\">\n\t\t\t\t\t\t<div class=\"elementor-container elementor-column-gap-default\">\n\t\t\t\t\t<div class=\"elementor-column elementor-col-33 elementor-top-column elementor-element elementor-element-71780fa5\" data-id=\"71780fa5\" data-element_type=\"column\">\n\t\t\t<div class=\"elementor-widget-wrap elementor-element-populated\">\n\t\t\t\t\t\t<div class=\"elementor-element elementor-element-494e7569 elementor-widget elementor-widget-text-editor\" data-id=\"494e7569\" data-element_type=\"widget\" data-widget_type=\"text-editor.default\">\n\t\t\t\t<div class=\"elementor-widget-container\">\n\t\t\t\t\t\t\t\t\t<p><a href=\"http:\/\/www.elbrogit.com\/tl_files\/BrogitGuiatges\/web\/LlaberiaTivissaVandellos_gran.jpg\"><img fetchpriority=\"high\" decoding=\"async\" src=\"http:\/\/www.elbrogit.com\/tl_files\/BrogitGuiatges\/web\/LlaberiaTivissaVandellos.jpg\" alt=\"\" width=\"272\" height=\"279\" \/><\/a><\/p>\n<p>Monta\u00f1as de Llaberia-Tivissa-Vandell\u00f2s\u00a0 (clic para hacer la imagen m\u00e1s grande)<\/p>\n\t\t\t\t\t\t\t\t<\/div>\n\t\t\t\t<\/div>\n\t\t\t\t\t<\/div>\n\t\t<\/div>\n\t\t\t\t<div class=\"elementor-column elementor-col-66 elementor-top-column elementor-element elementor-element-458ca70\" data-id=\"458ca70\" data-element_type=\"column\">\n\t\t\t<div class=\"elementor-widget-wrap elementor-element-populated\">\n\t\t\t\t\t\t<div class=\"elementor-element elementor-element-b4130c8 elementor-widget elementor-widget-heading\" data-id=\"b4130c8\" data-element_type=\"widget\" data-widget_type=\"heading.default\">\n\t\t\t\t<div class=\"elementor-widget-container\">\n\t\t\t\t\t<h2 class=\"elementor-heading-title elementor-size-default\">Monta\u00f1as de Llaberia-Tivissa-Vandell\u00f2s<\/h2>\t\t\t\t<\/div>\n\t\t\t\t<\/div>\n\t\t\t\t<div class=\"elementor-element elementor-element-b8a47f6 elementor-widget elementor-widget-text-editor\" data-id=\"b8a47f6\" data-element_type=\"widget\" data-widget_type=\"text-editor.default\">\n\t\t\t\t<div class=\"elementor-widget-container\">\n\t\t\t\t\t\t\t\t\t<p>La Serra de Llaberia y Les Muntanyes de Tivissa-Vandell\u00f2s forman parte de las llamadas Serres del Mestral, una sierras bien desconocidas pero muy cercanas a un gran p\u00fablico, con sus riscos y carenas que yacen hacia la Costa Dorada.<\/p>\n<p>Unas tierras de contrastes, de aspecto seco y fuertemente aireadas por el viento de mestral, que esconden rincones inesperados, h\u00famedos y frondosos. La leyenda del Dip (el perro vampiro) y la historia del guerrillero Carrasclet envuelven este territorio, id con cuidado si camin\u00e1is de noche!<\/p>\n<p>Una visita a estas monta\u00f1as litorales nos obsequiar\u00e1 con espl\u00e9ndidas vistas sobre los extremos del pa\u00eds, des de los Pirineos hasta Lo Port y el Delta del Ebre, des de la costa hasta el interior.<\/p>\n<p>A continuaci\u00f3n os sugerimos diferentes maneras de descubrir las monta\u00f1as de Llaberia-Tivissa-Vandell\u00f2s durante medio d\u00eda, un d\u00eda o m\u00e1s. <strong>Si no encontr\u00e1is lo que est\u00e1is buscando, no dud\u00e9is en contactarnos. Os podemos hacer a medida vuestra experiencia en estas monta\u00f1as tan desconocidas!<\/strong><\/p>\n\t\t\t\t\t\t\t\t<\/div>\n\t\t\t\t<\/div>\n\t\t\t\t\t<\/div>\n\t\t<\/div>\n\t\t\t\t\t<\/div>\n\t\t<\/section>\n\t\t\t\t<section data-particle_enable=\"false\" data-particle-mobile-disabled=\"false\" class=\"elementor-section elementor-top-section elementor-element elementor-element-46f3b91 elementor-section-boxed elementor-section-height-default elementor-section-height-default\" data-id=\"46f3b91\" data-element_type=\"section\">\n\t\t\t\t\t\t<div class=\"elementor-container elementor-column-gap-default\">\n\t\t\t\t\t<div class=\"elementor-column elementor-col-100 elementor-top-column elementor-element elementor-element-880b01f\" data-id=\"880b01f\" data-element_type=\"column\">\n\t\t\t<div class=\"elementor-widget-wrap elementor-element-populated\">\n\t\t\t\t\t\t<div class=\"elementor-element elementor-element-ea37794 elementor-widget elementor-widget-heading\" data-id=\"ea37794\" data-element_type=\"widget\" data-widget_type=\"heading.default\">\n\t\t\t\t<div class=\"elementor-widget-container\">\n\t\t\t\t\t<h2 class=\"elementor-heading-title elementor-size-default\">Algunas ideas de viaje en las monta\u00f1as de Llaberia-Tivissa-Vandell\u00f2s<\/h2>\t\t\t\t<\/div>\n\t\t\t\t<\/div>\n\t\t\t\t<div class=\"elementor-element elementor-element-fab114b uael-woo--align-center uael-sale-flash-circle uael-featured-flash-circle elementor-widget elementor-widget-uael-woo-products\" data-id=\"fab114b\" data-element_type=\"widget\" data-settings=\"{&quot;products_columns&quot;:&quot;4&quot;,&quot;products_columns_tablet&quot;:&quot;3&quot;,&quot;products_columns_mobile&quot;:&quot;1&quot;}\" data-widget_type=\"uael-woo-products.grid-default\">\n\t\t\t\t<div class=\"elementor-widget-container\">\n\t\t\t\t\t<div class=\"uael-woocommerce uael-woo-products-grid uael-woo-skin-grid-default uael-woo-query-custom\" data-page=\"7243\" data-skin=\"grid_default\"><div class=\" columns-4 uael-woo-products-inner uael-woo-product__column-4 uael-woo-product__column-tablet-3 uael-woo-product__column-mobile-1\"><ul class=\"products columns-4\">\n\n\n<li class=\" 2 a 3 d\u00edas 4 a 8 d\u00edas a pie autoguiado baja con gu\u00eda en coche en tren enoturismo enoturismo al priorat media monta\u00f1as de llaberia-tivissa-vandell\u00f2s monta\u00f1as de prades oleoturismo ruta del c\u00edster sur de catalu\u00f1a post-5346 product first instock shipping-taxable purchasable product-type-simple\">\n\t<div class=\"uael-woo-product-wrapper uael-prod-auto-align-disabled\">\n\t\t<div class=\"uael-woo-products-thumbnail-wrap\"><div class=\"uael-flash-container \"><\/div><a href=\"https:\/\/elbrogit.com\/es\/product\/escapada-a-la-masia-en-pareja-con-familia-amigos\/\" class=\"woocommerce-LoopProduct-link woocommerce-loop-product__link\"><img decoding=\"async\" width=\"300\" height=\"159\" src=\"https:\/\/elbrogit.com\/wp-content\/uploads\/MasSalin_entrada-300x159.jpg\" class=\"attachment-woocommerce_thumbnail size-woocommerce_thumbnail\" alt=\"\" srcset=\"https:\/\/elbrogit.com\/wp-content\/uploads\/MasSalin_entrada-300x159.jpg 300w, https:\/\/elbrogit.com\/wp-content\/uploads\/MasSalin_entrada-600x319.jpg 600w, https:\/\/elbrogit.com\/wp-content\/uploads\/MasSalin_entrada-768x408.jpg 768w, https:\/\/elbrogit.com\/wp-content\/uploads\/MasSalin_entrada.jpg 907w\" sizes=\"(max-width: 300px) 100vw, 300px\" \/><\/a><div class=\"uael-quick-view-data\" data-product_id=\"5346\"><\/div><\/div><div class=\"uael-woo-products-summary-wrap uael-auto-align-disabled\"><a href=\"https:\/\/elbrogit.com\/es\/product\/escapada-a-la-masia-en-pareja-con-familia-amigos\/\" class=\"uael-loop-product__link\"><h2 class=\"woocommerce-loop-product__title\">Escapada a la mas\u00eda en pareja, con fam\u00edlia, amigos,&#8230;<\/h2><\/a>\n\t<span class=\"price\"><span class=\"woocommerce-Price-amount amount\"><bdi>148<span class=\"woocommerce-Price-currencySymbol\">&euro;<\/span><\/bdi><\/span><\/span>\n<\/div>\t<\/div>\n<\/li>\n\n\n<li class=\" a pie baja con gu\u00eda fotograf\u00eda medio d\u00eda monta\u00f1as de llaberia-tivissa-vandell\u00f2s monta\u00f1as de prades montsant \u2013 parque natural sur de catalu\u00f1a viajes natural\u00edsticos post-5410 product  instock shipping-taxable purchasable product-type-simple\">\n\t<div class=\"uael-woo-product-wrapper uael-prod-auto-align-disabled\">\n\t\t<div class=\"uael-woo-products-thumbnail-wrap\"><div class=\"uael-flash-container \"><\/div><a href=\"https:\/\/elbrogit.com\/es\/product\/excursion-fotografica-mola-tivissa-prades\/\" class=\"woocommerce-LoopProduct-link woocommerce-loop-product__link\"><img decoding=\"async\" width=\"300\" height=\"225\" src=\"https:\/\/elbrogit.com\/wp-content\/uploads\/FotoMola_04-300x225.jpg\" class=\"attachment-woocommerce_thumbnail size-woocommerce_thumbnail\" alt=\"\" srcset=\"https:\/\/elbrogit.com\/wp-content\/uploads\/FotoMola_04-300x225.jpg 300w, https:\/\/elbrogit.com\/wp-content\/uploads\/FotoMola_04-600x449.jpg 600w, https:\/\/elbrogit.com\/wp-content\/uploads\/FotoMola_04-768x575.jpg 768w, https:\/\/elbrogit.com\/wp-content\/uploads\/FotoMola_04.jpg 800w\" sizes=\"(max-width: 300px) 100vw, 300px\" \/><\/a><div class=\"uael-quick-view-data\" data-product_id=\"5410\"><\/div><\/div><div class=\"uael-woo-products-summary-wrap uael-auto-align-disabled\"><a href=\"https:\/\/elbrogit.com\/es\/product\/excursion-fotografica-mola-tivissa-prades\/\" class=\"uael-loop-product__link\"><h2 class=\"woocommerce-loop-product__title\">Cimas panor\u00e1micas. Excursiones fotogr\u00e1ficas a la Mola, Prades, Tivissa&#8230;<\/h2><\/a>\n\t<span class=\"price\"><span class=\"woocommerce-Price-amount amount\"><bdi>25<span class=\"woocommerce-Price-currencySymbol\">&euro;<\/span><\/bdi><\/span><\/span>\n<\/div>\t<\/div>\n<\/li>\n\n\n<li class=\" a pie baja con gu\u00eda medio d\u00eda monta\u00f1as de llaberia-tivissa-vandell\u00f2s sur de catalu\u00f1a viajes culturales viajes natural\u00edsticos post-5360 product  instock shipping-taxable purchasable product-type-variable has-default-attributes\">\n\t<div class=\"uael-woo-product-wrapper uael-prod-auto-align-disabled\">\n\t\t<div class=\"uael-woo-products-thumbnail-wrap\"><div class=\"uael-flash-container \"><\/div><a href=\"https:\/\/elbrogit.com\/es\/product\/operacion-joan-miro\/\" class=\"woocommerce-LoopProduct-link woocommerce-loop-product__link\"><img loading=\"lazy\" decoding=\"async\" width=\"300\" height=\"168\" src=\"https:\/\/elbrogit.com\/wp-content\/uploads\/Operaci\u00f3JoanMir\u00f3_TV3-300x168.jpg\" class=\"attachment-woocommerce_thumbnail size-woocommerce_thumbnail\" alt=\"Escape Room a la naturaleza\" srcset=\"https:\/\/elbrogit.com\/wp-content\/uploads\/Operaci\u00f3JoanMir\u00f3_TV3-300x168.jpg 300w, https:\/\/elbrogit.com\/wp-content\/uploads\/Operaci\u00f3JoanMir\u00f3_TV3.jpg 558w\" sizes=\"(max-width: 300px) 100vw, 300px\" \/><\/a><div class=\"uael-quick-view-data\" data-product_id=\"5360\"><\/div><\/div><div class=\"uael-woo-products-summary-wrap uael-auto-align-disabled\"><a href=\"https:\/\/elbrogit.com\/es\/product\/operacion-joan-miro\/\" class=\"uael-loop-product__link\"><h2 class=\"woocommerce-loop-product__title\">Operaci\u00f3n Mont-roig!<\/h2><\/a>\n\t<span class=\"price\"><span class=\"woocommerce-Price-amount amount\"><bdi>20<span class=\"woocommerce-Price-currencySymbol\">&euro;<\/span><\/bdi><\/span> &ndash; <span class=\"woocommerce-Price-amount amount\"><bdi>25<span class=\"woocommerce-Price-currencySymbol\">&euro;<\/span><\/bdi><\/span><\/span>\n<\/div>\t<\/div>\n<\/li>\n\n\n<li class=\" a pie baja con gu\u00eda costa de terres de l\u2019ebre excursiones por la costa medio d\u00eda monta\u00f1as de llaberia-tivissa-vandell\u00f2s sur de catalu\u00f1a vacaciones hist\u00f3ricas viajes culturales post-5365 product last instock shipping-taxable purchasable product-type-simple\">\n\t<div class=\"uael-woo-product-wrapper uael-prod-auto-align-disabled\">\n\t\t<div class=\"uael-woo-products-thumbnail-wrap\"><div class=\"uael-flash-container \"><\/div><a href=\"https:\/\/elbrogit.com\/es\/product\/escape-room-playa\/\" class=\"woocommerce-LoopProduct-link woocommerce-loop-product__link\"><img loading=\"lazy\" decoding=\"async\" width=\"300\" height=\"200\" src=\"https:\/\/elbrogit.com\/wp-content\/uploads\/0C2A7637_resize-300x200.jpg\" class=\"attachment-woocommerce_thumbnail size-woocommerce_thumbnail\" alt=\"\" srcset=\"https:\/\/elbrogit.com\/wp-content\/uploads\/0C2A7637_resize-300x200.jpg 300w, https:\/\/elbrogit.com\/wp-content\/uploads\/0C2A7637_resize-600x400.jpg 600w, https:\/\/elbrogit.com\/wp-content\/uploads\/0C2A7637_resize-1024x683.jpg 1024w, https:\/\/elbrogit.com\/wp-content\/uploads\/0C2A7637_resize-768x512.jpg 768w, https:\/\/elbrogit.com\/wp-content\/uploads\/0C2A7637_resize-1536x1024.jpg 1536w, https:\/\/elbrogit.com\/wp-content\/uploads\/0C2A7637_resize-2048x1366.jpg 2048w\" sizes=\"(max-width: 300px) 100vw, 300px\" \/><\/a><div class=\"uael-quick-view-data\" data-product_id=\"5365\"><\/div><\/div><div class=\"uael-woo-products-summary-wrap uael-auto-align-disabled\"><a href=\"https:\/\/elbrogit.com\/es\/product\/escape-room-playa\/\" class=\"uael-loop-product__link\"><h2 class=\"woocommerce-loop-product__title\">Moros a la costa!<\/h2><\/a>\n\t<span class=\"price\"><span class=\"woocommerce-Price-amount amount\"><bdi>15<span class=\"woocommerce-Price-currencySymbol\">&euro;<\/span><\/bdi><\/span><\/span>\n<\/div>\t<\/div>\n<\/li>\n\n\n<li class=\" a pie baja con gu\u00eda con ni\u00f1os medio d\u00eda monta\u00f1as de llaberia-tivissa-vandell\u00f2s sur de catalu\u00f1a viajes natural\u00edsticos post-5431 product first instock shipping-taxable purchasable product-type-simple\">\n\t<div class=\"uael-woo-product-wrapper uael-prod-auto-align-disabled\">\n\t\t<div class=\"uael-woo-products-thumbnail-wrap\"><div class=\"uael-flash-container \"><\/div><a href=\"https:\/\/elbrogit.com\/es\/product\/bajo-el-cielo-de-llaberia\/\" class=\"woocommerce-LoopProduct-link woocommerce-loop-product__link\"><img loading=\"lazy\" decoding=\"async\" width=\"300\" height=\"224\" src=\"https:\/\/elbrogit.com\/wp-content\/uploads\/Cel_Llaberia_01-300x224.jpg\" class=\"attachment-woocommerce_thumbnail size-woocommerce_thumbnail\" alt=\"\" srcset=\"https:\/\/elbrogit.com\/wp-content\/uploads\/Cel_Llaberia_01-300x224.jpg 300w, https:\/\/elbrogit.com\/wp-content\/uploads\/Cel_Llaberia_01-600x448.jpg 600w, https:\/\/elbrogit.com\/wp-content\/uploads\/Cel_Llaberia_01-768x573.jpg 768w, https:\/\/elbrogit.com\/wp-content\/uploads\/Cel_Llaberia_01.jpg 800w\" sizes=\"(max-width: 300px) 100vw, 300px\" \/><\/a><div class=\"uael-quick-view-data\" data-product_id=\"5431\"><\/div><\/div><div class=\"uael-woo-products-summary-wrap uael-auto-align-disabled\"><a href=\"https:\/\/elbrogit.com\/es\/product\/bajo-el-cielo-de-llaberia\/\" class=\"uael-loop-product__link\"><h2 class=\"woocommerce-loop-product__title\">Bajo el cielo de Llaberia<\/h2><\/a>\n\t<span class=\"price\"><span class=\"woocommerce-Price-amount amount\"><bdi>15<span class=\"woocommerce-Price-currencySymbol\">&euro;<\/span><\/bdi><\/span><\/span>\n<\/div>\t<\/div>\n<\/li>\n<\/ul>\n<\/div><\/div><div class=\"uael-quick-view-fab114b\">\n\t<div class=\"uael-quick-view-bg\"><div class=\"uael-quick-view-loader\"><\/div><\/div>\n\t<div id=\"uael-quick-view-modal\">\n\t\t<div class=\"uael-content-main-wrapper\"><!--\n\t\t--><div class=\"uael-content-main\">\n\t\t\t\t<div class=\"uael-lightbox-content\">\n\t\t\t\t\t<div class=\"uael-content-main-head\">\n\t\t\t\t\t\t<a href=\"#\" id=\"uael-quick-view-close\" class=\"uael-quick-view-close-btn fas fa-times\"><\/a>\n\t\t\t\t\t<\/div>\n\t\t\t\t\t<div id=\"uael-quick-view-content\" class=\"woocommerce single-product\"><\/div>\n\t\t\t\t<\/div>\n\t\t\t<\/div>\n\t\t<\/div>\n\t<\/div>\n<\/div>\n\t\t\t\t<\/div>\n\t\t\t\t<\/div>\n\t\t\t\t\t<\/div>\n\t\t<\/div>\n\t\t\t\t\t<\/div>\n\t\t<\/section>\n\t\t\t\t<\/div>\n\t\t","protected":false},"excerpt":{"rendered":"<p>Monta\u00f1as de Llaberia-Tivissa-Vandell\u00f2s\u00a0 (clic para hacer la imagen m\u00e1s grande) Monta\u00f1as de Llaberia-Tivissa-Vandell\u00f2s La Serra de Llaberia y Les Muntanyes de Tivissa-Vandell\u00f2s forman parte de las llamadas Serres del Mestral, una sierras bien desconocidas pero muy cercanas a un gran p\u00fablico, con sus riscos y carenas que yacen hacia la Costa Dorada. Unas tierras de [&hellip;]<\/p>\n","protected":false},"author":1,"featured_media":0,"parent":0,"menu_order":0,"comment_status":"open","ping_status":"open","template":"elementor_header_footer","meta":{"_acf_changed":false,"footnotes":""},"class_list":["post-7243","page","type-page","status-publish","hentry"],"acf":[],"yoast_head":"<!-- This site is optimized with the Yoast SEO plugin v25.1 - https:\/\/yoast.com\/wordpress\/plugins\/seo\/ -->\n<title>Monta\u00f1as de Llaberia-Tivissa-Vandell\u00f2s - Senderismo y enoturismo en Catalunya<\/title>\n<meta name=\"robots\" content=\"index, follow, max-snippet:-1, max-image-preview:large, max-video-preview:-1\" \/>\n<link rel=\"canonical\" href=\"https:\/\/elbrogit.com\/es\/montanas-de-llaberia-tivissa-vandellos\/\" \/>\n<meta property=\"og:locale\" content=\"es_ES\" \/>\n<meta property=\"og:type\" content=\"article\" \/>\n<meta property=\"og:title\" content=\"Monta\u00f1as de Llaberia-Tivissa-Vandell\u00f2s - Senderismo y enoturismo en Catalunya\" \/>\n<meta property=\"og:description\" content=\"Monta\u00f1as de Llaberia-Tivissa-Vandell\u00f2s\u00a0 (clic para hacer la imagen m\u00e1s grande) Monta\u00f1as de Llaberia-Tivissa-Vandell\u00f2s La Serra de Llaberia y Les Muntanyes de Tivissa-Vandell\u00f2s forman parte de las llamadas Serres del Mestral, una sierras bien desconocidas pero muy cercanas a un gran p\u00fablico, con sus riscos y carenas que yacen hacia la Costa Dorada. Unas tierras de [&hellip;]\" \/>\n<meta property=\"og:url\" content=\"https:\/\/elbrogit.com\/es\/montanas-de-llaberia-tivissa-vandellos\/\" \/>\n<meta property=\"og:site_name\" content=\"Senderismo y enoturismo en Catalunya\" \/>\n<meta property=\"article:publisher\" content=\"http:\/\/www.facebook.com\/brogit.guiatges\" \/>\n<meta property=\"article:modified_time\" content=\"2020-09-11T16:18:42+00:00\" \/>\n<meta property=\"og:image\" content=\"http:\/\/www.elbrogit.com\/tl_files\/BrogitGuiatges\/web\/LlaberiaTivissaVandellos.jpg\" \/>\n<meta name=\"twitter:card\" content=\"summary_large_image\" \/>\n<meta name=\"twitter:site\" content=\"@elbrogit\" \/>\n<meta name=\"twitter:label1\" content=\"Tiempo de lectura\" \/>\n\t<meta name=\"twitter:data1\" content=\"1 minuto\" \/>\n<script type=\"application\/ld+json\" class=\"yoast-schema-graph\">{\"@context\":\"https:\/\/schema.org\",\"@graph\":[{\"@type\":\"WebPage\",\"@id\":\"https:\/\/elbrogit.com\/es\/montanas-de-llaberia-tivissa-vandellos\/\",\"url\":\"https:\/\/elbrogit.com\/es\/montanas-de-llaberia-tivissa-vandellos\/\",\"name\":\"Monta\u00f1as de Llaberia-Tivissa-Vandell\u00f2s - Senderismo y enoturismo en Catalunya\",\"isPartOf\":{\"@id\":\"https:\/\/elbrogit.com\/es\/#website\"},\"primaryImageOfPage\":{\"@id\":\"https:\/\/elbrogit.com\/es\/montanas-de-llaberia-tivissa-vandellos\/#primaryimage\"},\"image\":{\"@id\":\"https:\/\/elbrogit.com\/es\/montanas-de-llaberia-tivissa-vandellos\/#primaryimage\"},\"thumbnailUrl\":\"http:\/\/www.elbrogit.com\/tl_files\/BrogitGuiatges\/web\/LlaberiaTivissaVandellos.jpg\",\"datePublished\":\"2020-09-11T16:18:02+00:00\",\"dateModified\":\"2020-09-11T16:18:42+00:00\",\"breadcrumb\":{\"@id\":\"https:\/\/elbrogit.com\/es\/montanas-de-llaberia-tivissa-vandellos\/#breadcrumb\"},\"inLanguage\":\"es\",\"potentialAction\":[{\"@type\":\"ReadAction\",\"target\":[\"https:\/\/elbrogit.com\/es\/montanas-de-llaberia-tivissa-vandellos\/\"]}]},{\"@type\":\"ImageObject\",\"inLanguage\":\"es\",\"@id\":\"https:\/\/elbrogit.com\/es\/montanas-de-llaberia-tivissa-vandellos\/#primaryimage\",\"url\":\"http:\/\/www.elbrogit.com\/tl_files\/BrogitGuiatges\/web\/LlaberiaTivissaVandellos.jpg\",\"contentUrl\":\"http:\/\/www.elbrogit.com\/tl_files\/BrogitGuiatges\/web\/LlaberiaTivissaVandellos.jpg\"},{\"@type\":\"BreadcrumbList\",\"@id\":\"https:\/\/elbrogit.com\/es\/montanas-de-llaberia-tivissa-vandellos\/#breadcrumb\",\"itemListElement\":[{\"@type\":\"ListItem\",\"position\":1,\"name\":\"Home\",\"item\":\"https:\/\/elbrogit.com\/es\/\"},{\"@type\":\"ListItem\",\"position\":2,\"name\":\"Monta\u00f1as de Llaberia-Tivissa-Vandell\u00f2s\"}]},{\"@type\":\"WebSite\",\"@id\":\"https:\/\/elbrogit.com\/es\/#website\",\"url\":\"https:\/\/elbrogit.com\/es\/\",\"name\":\"Senderismo y enoturismo en Catalunya\",\"description\":\"Ecotourism, walking, wine tourism and cultural holidays in Catalonia\",\"publisher\":{\"@id\":\"https:\/\/elbrogit.com\/es\/#organization\"},\"potentialAction\":[{\"@type\":\"SearchAction\",\"target\":{\"@type\":\"EntryPoint\",\"urlTemplate\":\"https:\/\/elbrogit.com\/es\/?s={search_term_string}\"},\"query-input\":{\"@type\":\"PropertyValueSpecification\",\"valueRequired\":true,\"valueName\":\"search_term_string\"}}],\"inLanguage\":\"es\"},{\"@type\":\"Organization\",\"@id\":\"https:\/\/elbrogit.com\/es\/#organization\",\"name\":\"Senderismo y enoturismo en Catalunya\",\"url\":\"https:\/\/elbrogit.com\/es\/\",\"logo\":{\"@type\":\"ImageObject\",\"inLanguage\":\"es\",\"@id\":\"https:\/\/elbrogit.com\/es\/#\/schema\/logo\/image\/\",\"url\":\"https:\/\/elbrogit.com\/wp-content\/uploads\/cropped-LogoBrogitWeb.jpg\",\"contentUrl\":\"https:\/\/elbrogit.com\/wp-content\/uploads\/cropped-LogoBrogitWeb.jpg\",\"width\":161,\"height\":108,\"caption\":\"Senderismo y enoturismo en Catalunya\"},\"image\":{\"@id\":\"https:\/\/elbrogit.com\/es\/#\/schema\/logo\/image\/\"},\"sameAs\":[\"http:\/\/www.facebook.com\/brogit.guiatges\",\"https:\/\/x.com\/elbrogit\"]}]}<\/script>\n<!-- \/ Yoast SEO plugin. -->","yoast_head_json":{"title":"Monta\u00f1as de Llaberia-Tivissa-Vandell\u00f2s - Senderismo y enoturismo en Catalunya","robots":{"index":"index","follow":"follow","max-snippet":"max-snippet:-1","max-image-preview":"max-image-preview:large","max-video-preview":"max-video-preview:-1"},"canonical":"https:\/\/elbrogit.com\/es\/montanas-de-llaberia-tivissa-vandellos\/","og_locale":"es_ES","og_type":"article","og_title":"Monta\u00f1as de Llaberia-Tivissa-Vandell\u00f2s - Senderismo y enoturismo en Catalunya","og_description":"Monta\u00f1as de Llaberia-Tivissa-Vandell\u00f2s\u00a0 (clic para hacer la imagen m\u00e1s grande) Monta\u00f1as de Llaberia-Tivissa-Vandell\u00f2s La Serra de Llaberia y Les Muntanyes de Tivissa-Vandell\u00f2s forman parte de las llamadas Serres del Mestral, una sierras bien desconocidas pero muy cercanas a un gran p\u00fablico, con sus riscos y carenas que yacen hacia la Costa Dorada. Unas tierras de [&hellip;]","og_url":"https:\/\/elbrogit.com\/es\/montanas-de-llaberia-tivissa-vandellos\/","og_site_name":"Senderismo y enoturismo en Catalunya","article_publisher":"http:\/\/www.facebook.com\/brogit.guiatges","article_modified_time":"2020-09-11T16:18:42+00:00","og_image":[{"url":"http:\/\/www.elbrogit.com\/tl_files\/BrogitGuiatges\/web\/LlaberiaTivissaVandellos.jpg","type":"","width":"","height":""}],"twitter_card":"summary_large_image","twitter_site":"@elbrogit","twitter_misc":{"Tiempo de lectura":"1 minuto"},"schema":{"@context":"https:\/\/schema.org","@graph":[{"@type":"WebPage","@id":"https:\/\/elbrogit.com\/es\/montanas-de-llaberia-tivissa-vandellos\/","url":"https:\/\/elbrogit.com\/es\/montanas-de-llaberia-tivissa-vandellos\/","name":"Monta\u00f1as de Llaberia-Tivissa-Vandell\u00f2s - Senderismo y enoturismo en Catalunya","isPartOf":{"@id":"https:\/\/elbrogit.com\/es\/#website"},"primaryImageOfPage":{"@id":"https:\/\/elbrogit.com\/es\/montanas-de-llaberia-tivissa-vandellos\/#primaryimage"},"image":{"@id":"https:\/\/elbrogit.com\/es\/montanas-de-llaberia-tivissa-vandellos\/#primaryimage"},"thumbnailUrl":"http:\/\/www.elbrogit.com\/tl_files\/BrogitGuiatges\/web\/LlaberiaTivissaVandellos.jpg","datePublished":"2020-09-11T16:18:02+00:00","dateModified":"2020-09-11T16:18:42+00:00","breadcrumb":{"@id":"https:\/\/elbrogit.com\/es\/montanas-de-llaberia-tivissa-vandellos\/#breadcrumb"},"inLanguage":"es","potentialAction":[{"@type":"ReadAction","target":["https:\/\/elbrogit.com\/es\/montanas-de-llaberia-tivissa-vandellos\/"]}]},{"@type":"ImageObject","inLanguage":"es","@id":"https:\/\/elbrogit.com\/es\/montanas-de-llaberia-tivissa-vandellos\/#primaryimage","url":"http:\/\/www.elbrogit.com\/tl_files\/BrogitGuiatges\/web\/LlaberiaTivissaVandellos.jpg","contentUrl":"http:\/\/www.elbrogit.com\/tl_files\/BrogitGuiatges\/web\/LlaberiaTivissaVandellos.jpg"},{"@type":"BreadcrumbList","@id":"https:\/\/elbrogit.com\/es\/montanas-de-llaberia-tivissa-vandellos\/#breadcrumb","itemListElement":[{"@type":"ListItem","position":1,"name":"Home","item":"https:\/\/elbrogit.com\/es\/"},{"@type":"ListItem","position":2,"name":"Monta\u00f1as de Llaberia-Tivissa-Vandell\u00f2s"}]},{"@type":"WebSite","@id":"https:\/\/elbrogit.com\/es\/#website","url":"https:\/\/elbrogit.com\/es\/","name":"Senderismo y enoturismo en Catalunya","description":"Ecotourism, walking, wine tourism and cultural holidays in Catalonia","publisher":{"@id":"https:\/\/elbrogit.com\/es\/#organization"},"potentialAction":[{"@type":"SearchAction","target":{"@type":"EntryPoint","urlTemplate":"https:\/\/elbrogit.com\/es\/?s={search_term_string}"},"query-input":{"@type":"PropertyValueSpecification","valueRequired":true,"valueName":"search_term_string"}}],"inLanguage":"es"},{"@type":"Organization","@id":"https:\/\/elbrogit.com\/es\/#organization","name":"Senderismo y enoturismo en Catalunya","url":"https:\/\/elbrogit.com\/es\/","logo":{"@type":"ImageObject","inLanguage":"es","@id":"https:\/\/elbrogit.com\/es\/#\/schema\/logo\/image\/","url":"https:\/\/elbrogit.com\/wp-content\/uploads\/cropped-LogoBrogitWeb.jpg","contentUrl":"https:\/\/elbrogit.com\/wp-content\/uploads\/cropped-LogoBrogitWeb.jpg","width":161,"height":108,"caption":"Senderismo y enoturismo en Catalunya"},"image":{"@id":"https:\/\/elbrogit.com\/es\/#\/schema\/logo\/image\/"},"sameAs":["http:\/\/www.facebook.com\/brogit.guiatges","https:\/\/x.com\/elbrogit"]}]}},"jetpack_sharing_enabled":true,"_links":{"self":[{"href":"https:\/\/elbrogit.com\/es\/wp-json\/wp\/v2\/pages\/7243","targetHints":{"allow":["GET"]}}],"collection":[{"href":"https:\/\/elbrogit.com\/es\/wp-json\/wp\/v2\/pages"}],"about":[{"href":"https:\/\/elbrogit.com\/es\/wp-json\/wp\/v2\/types\/page"}],"author":[{"embeddable":true,"href":"https:\/\/elbrogit.com\/es\/wp-json\/wp\/v2\/users\/1"}],"replies":[{"embeddable":true,"href":"https:\/\/elbrogit.com\/es\/wp-json\/wp\/v2\/comments?post=7243"}],"version-history":[{"count":2,"href":"https:\/\/elbrogit.com\/es\/wp-json\/wp\/v2\/pages\/7243\/revisions"}],"predecessor-version":[{"id":7245,"href":"https:\/\/elbrogit.com\/es\/wp-json\/wp\/v2\/pages\/7243\/revisions\/7245"}],"wp:attachment":[{"href":"https:\/\/elbrogit.com\/es\/wp-json\/wp\/v2\/media?parent=7243"}],"curies":[{"name":"wp","href":"https:\/\/api.w.org\/{rel}","templated":true}]}}