{"id":7255,"date":"2020-09-11T18:47:14","date_gmt":"2020-09-11T16:47:14","guid":{"rendered":"https:\/\/elbrogit.com\/proyectos-de-ecoturismo-y-redes-de-caminos\/"},"modified":"2020-09-11T18:48:09","modified_gmt":"2020-09-11T16:48:09","slug":"proyectos-ecoturismo-redes-de-caminos","status":"publish","type":"page","link":"https:\/\/elbrogit.com\/es\/proyectos-ecoturismo-redes-de-caminos\/","title":{"rendered":"Proyectos de ecoturismo y redes de caminos"},"content":{"rendered":"\t\t<div data-elementor-type=\"wp-page\" data-elementor-id=\"7255\" class=\"elementor elementor-7255 elementor-221\" data-elementor-post-type=\"page\">\n\t\t\t\t\t\t<section data-particle_enable=\"false\" data-particle-mobile-disabled=\"false\" class=\"elementor-section elementor-top-section elementor-element elementor-element-6cec65fb elementor-section-boxed elementor-section-height-default elementor-section-height-default\" data-id=\"6cec65fb\" data-element_type=\"section\">\n\t\t\t\t\t\t<div class=\"elementor-container elementor-column-gap-default\">\n\t\t\t\t\t<div class=\"elementor-column elementor-col-33 elementor-top-column elementor-element elementor-element-63940d6d\" data-id=\"63940d6d\" data-element_type=\"column\">\n\t\t\t<div class=\"elementor-widget-wrap elementor-element-populated\">\n\t\t\t\t\t\t<div class=\"elementor-element elementor-element-6cd8f6a8 elementor-widget elementor-widget-text-editor\" data-id=\"6cd8f6a8\" data-element_type=\"widget\" data-widget_type=\"text-editor.default\">\n\t\t\t\t<div class=\"elementor-widget-container\">\n\t\t\t\t\t\t\t\t\t<p><img fetchpriority=\"high\" decoding=\"async\" class=\"size-full wp-image-2436\" src=\"http:\/\/www.elbrogit.com\/wp-content\/uploads\/IMG-20121207-00205_modif.jpg\" alt=\"Looking for the old footpaths!\" width=\"272\" height=\"204\" \/><\/p>\n<p>Investigando caminos antiguos!<\/p>\n\t\t\t\t\t\t\t\t<\/div>\n\t\t\t\t<\/div>\n\t\t\t\t\t<\/div>\n\t\t<\/div>\n\t\t\t\t<div class=\"elementor-column elementor-col-66 elementor-top-column elementor-element elementor-element-4fbab28e\" data-id=\"4fbab28e\" data-element_type=\"column\">\n\t\t\t<div class=\"elementor-widget-wrap elementor-element-populated\">\n\t\t\t\t\t\t<div class=\"elementor-element elementor-element-e99fbbf elementor-widget elementor-widget-heading\" data-id=\"e99fbbf\" data-element_type=\"widget\" data-widget_type=\"heading.default\">\n\t\t\t\t<div class=\"elementor-widget-container\">\n\t\t\t\t\t<h2 class=\"elementor-heading-title elementor-size-default\">Proyectos de ecoturismo y redes de caminos<\/h2>\t\t\t\t<\/div>\n\t\t\t\t<\/div>\n\t\t\t\t<div class=\"elementor-element elementor-element-7297c9bc elementor-widget elementor-widget-text-editor\" data-id=\"7297c9bc\" data-element_type=\"widget\" data-widget_type=\"text-editor.default\">\n\t\t\t\t<div class=\"elementor-widget-container\">\n\t\t\t\t\t\t\t\t\t<p><strong>El ecoturismo en nuestra empresa va m\u00e1s all\u00e1 <\/strong>de \u00abs\u00f3lo\u00bb mostrar el territorio, su historia, patrimonio cultural y natural, tradiciones,&#8230; a nuestros turistas, tanto nacionales como internacionales. <strong>Tambi\u00e9n nos encanta hacer la interminable b\u00fasqueda de la antigua red de caminos (las antiguas autopistas) que comunicaban nuestros pueblos, <\/strong>hasta no hace tanto tiempo (en algunos pueblos, las primeras carreteras llegaron hacia los a\u00f1os 60!). Unos caminos esplendidos para descubrir no s\u00f3lo nuestro territorio sino tambi\u00e9n nuestra historia a traves de las historietas de nuestros abuelos que tuvieron lugar en estos caminos.<\/p>\n<p><strong>Tambi\u00e9n disfrutamos trabajando en red con otras empresas locales y promoviendo nuestras monta\u00f1as a trav\u00e9s de nuevos proyectos de ecoturismo, <\/strong>algunos de ellos ligados a Parques Naturales, otros promovidos por empresas locales intentando generar negocio uniendo los esfuerzo de todos.<\/p>\n\t\t\t\t\t\t\t\t<\/div>\n\t\t\t\t<\/div>\n\t\t\t\t\t<\/div>\n\t\t<\/div>\n\t\t\t\t\t<\/div>\n\t\t<\/section>\n\t\t\t\t<section data-particle_enable=\"false\" data-particle-mobile-disabled=\"false\" class=\"elementor-section elementor-top-section elementor-element elementor-element-15ba4599 elementor-section-boxed elementor-section-height-default elementor-section-height-default\" data-id=\"15ba4599\" data-element_type=\"section\">\n\t\t\t\t\t\t<div class=\"elementor-container elementor-column-gap-default\">\n\t\t\t\t\t<div class=\"elementor-column elementor-col-33 elementor-top-column elementor-element elementor-element-16e5eb7a\" data-id=\"16e5eb7a\" data-element_type=\"column\">\n\t\t\t<div class=\"elementor-widget-wrap elementor-element-populated\">\n\t\t\t\t\t\t<div class=\"elementor-element elementor-element-67894128 elementor-widget elementor-widget-text-editor\" data-id=\"67894128\" data-element_type=\"widget\" data-widget_type=\"text-editor.default\">\n\t\t\t\t<div class=\"elementor-widget-container\">\n\t\t\t\t\t\t\t\t\t<p><img decoding=\"async\" class=\"size-full wp-image-2439\" src=\"http:\/\/www.elbrogit.com\/wp-content\/uploads\/DSCF3189_VellPratdip_modif_resize.jpg\" alt=\"Pratdip old path, in Mont-roig\" width=\"272\" height=\"204\" \/><br \/>\nAntiguo camino de carro de Pratdip, en Mont-roig<br \/>\n<a href=\"https:\/\/www.elbrogit.com\/wp-content\/uploads\/StJeroni_Asco.jpg\"><img decoding=\"async\" src=\"https:\/\/www.elbrogit.com\/wp-content\/uploads\/StJeroni_Asco.jpg\" alt=\"Ancient path in Asc\u00f3\" width=\"272\" height=\"349\" \/><\/a><br \/>\nCamino de herradura de Sant Jeroni, en Asc\u00f3<\/p>\n\t\t\t\t\t\t\t\t<\/div>\n\t\t\t\t<\/div>\n\t\t\t\t\t<\/div>\n\t\t<\/div>\n\t\t\t\t<div class=\"elementor-column elementor-col-66 elementor-top-column elementor-element elementor-element-2141c176\" data-id=\"2141c176\" data-element_type=\"column\">\n\t\t\t<div class=\"elementor-widget-wrap elementor-element-populated\">\n\t\t\t\t\t\t<div class=\"elementor-element elementor-element-5e65a610 elementor-widget elementor-widget-heading\" data-id=\"5e65a610\" data-element_type=\"widget\" data-widget_type=\"heading.default\">\n\t\t\t\t<div class=\"elementor-widget-container\">\n\t\t\t\t\t<h2 class=\"elementor-heading-title elementor-size-default\">Proyectos de redes de caminos<\/h2>\t\t\t\t<\/div>\n\t\t\t\t<\/div>\n\t\t\t\t<div class=\"elementor-element elementor-element-461063f6 elementor-widget elementor-widget-text-editor\" data-id=\"461063f6\" data-element_type=\"widget\" data-widget_type=\"text-editor.default\">\n\t\t\t\t<div class=\"elementor-widget-container\">\n\t\t\t\t\t\t\t\t\t<p>Hemos estado trabajando en diferentes pueblos del sur de Catalunya, y tambi\u00e9n en una comarca, para desarrollar sus redes de caminos y hacerlas atractivas para los turistas. Crear un proyecto como este tiene diferentes etapas y, en nuestro caso, van desde el principio de todo, haciendo la b\u00fasqueda de los antiguos caminos, hasta el final del todo, dise\u00f1ando experiencias ecotur\u00edsticas y comercializandolas:<\/p>\n<ol>\n<li><strong>Investigaci\u00f3n de los antiguos caminos de herradura,<\/strong> mediante mapas antiguos, ortofomapas, catastros, libros de historia local, la gente mayor de los pueblos,&#8230;<\/li>\n<li><strong>Haciendo trabajo de campo, <\/strong>adentrandonos en la vegetaci\u00f3n que ha tapado los caminos durante diferentes d\u00e9cadas, evaluando como de dif\u00edcil o costoso puede ser su restauraci\u00f3n, descubriendo otros caminos que no aparecen en ninguna documentaci\u00f3n escrita,&#8230;<\/li>\n<li><strong>Trabajo de oficina, <\/strong>aglutinando toda la informaci\u00f3n de manera que tenga un sentido tanto a nivel tur\u00edstico como econ\u00f3mico, creando el presupuesto de la limpieza, recuperaci\u00f3n de caminos empedrados o m\u00e1rgenes en caso que sea necesario, se\u00f1alizaci\u00f3n,&#8230;<\/li>\n<li><strong>Dise\u00f1o ecotur\u00edstico de las propuestas, <\/strong>ya al final, cuando la red de caminos s&#8217;ha recuperado, limpiado y se\u00f1alizado, realizando propuestas de actividades y vacaciones atractivas tanto para el p\u00fablico nacional como internacional.<\/li>\n<\/ol>\n<p><strong>Hemos desarrollado estos proyectos en los pueblos de Mont-roig del Camp (Baix Camp) y Asc\u00f3 (Ribera d&#8217;Ebre).<\/strong> En els dos casos parec\u00eda casi imposible dise\u00f1ar una red de caminos atractiva, bien porqu\u00e9 hab\u00eda \u00e1reas sin especial inter\u00e9s a priori o una buena proporci\u00f3n de caminos asfaltados. Pero una vez nos submergimos en los documentos y mapas antiguos descubrimos zonas y caminos que eran muy atractivos y val\u00eda la pena visitar.<\/p>\n<p><strong>Tambi\u00e9n hemos participado en un proyecto de m\u00e1s abasto, en toda la comarca del Baix Camp, <\/strong>dise\u00f1ando la red de caminos que conecta los diferentes pueblos y la se\u00f1alizaci\u00f3n trabajando con la empresa Dilart, as\u00ed como diferentes ideas de viaje para visitar la regi\u00f3n. Y tambi\u00e9n en otros pueblos, como Reus y Vinyols i els Arcs.<\/p>\n\t\t\t\t\t\t\t\t<\/div>\n\t\t\t\t<\/div>\n\t\t\t\t\t<\/div>\n\t\t<\/div>\n\t\t\t\t\t<\/div>\n\t\t<\/section>\n\t\t\t\t<section data-particle_enable=\"false\" data-particle-mobile-disabled=\"false\" class=\"elementor-section elementor-top-section elementor-element elementor-element-10997411 elementor-section-boxed elementor-section-height-default elementor-section-height-default\" data-id=\"10997411\" data-element_type=\"section\">\n\t\t\t\t\t\t<div class=\"elementor-container elementor-column-gap-default\">\n\t\t\t\t\t<div class=\"elementor-column elementor-col-33 elementor-top-column elementor-element elementor-element-558652d\" data-id=\"558652d\" data-element_type=\"column\">\n\t\t\t<div class=\"elementor-widget-wrap elementor-element-populated\">\n\t\t\t\t\t\t<div class=\"elementor-element elementor-element-3094102b elementor-widget elementor-widget-text-editor\" data-id=\"3094102b\" data-element_type=\"widget\" data-widget_type=\"text-editor.default\">\n\t\t\t\t<div class=\"elementor-widget-container\">\n\t\t\t\t\t\t\t\t\t<p><img loading=\"lazy\" decoding=\"async\" class=\"size-full wp-image-2389\" src=\"http:\/\/www.elbrogit.com\/wp-content\/uploads\/FemParc_petit.gif\" alt=\"Fem Parc Ecoturisme\" width=\"272\" height=\"126\" \/><br \/>\nProyecto de ecoturismo Fem Parc<br \/>\n<a href=\"https:\/\/www.elbrogit.com\/wp-content\/uploads\/LogoMEET.jpeg\"><img loading=\"lazy\" decoding=\"async\" src=\"https:\/\/www.elbrogit.com\/wp-content\/uploads\/LogoMEET.jpeg\" alt=\"Meet european Project\" width=\"150\" height=\"200\" \/><\/a><\/p>\n<p>Proyecto europeo Meet<br \/>\n<a href=\"https:\/\/www.elbrogit.com\/wp-content\/uploads\/ComedProProject.jpg\"><img loading=\"lazy\" decoding=\"async\" src=\"https:\/\/www.elbrogit.com\/wp-content\/uploads\/ComedProProject.jpg\" alt=\"CoMeDPro agrotourism project\" width=\"160\" height=\"160\" \/><\/a><br \/>\nProyecto de agroturismo CoMeDPro<\/p>\n\t\t\t\t\t\t\t\t<\/div>\n\t\t\t\t<\/div>\n\t\t\t\t\t<\/div>\n\t\t<\/div>\n\t\t\t\t<div class=\"elementor-column elementor-col-66 elementor-top-column elementor-element elementor-element-7d9e68f3\" data-id=\"7d9e68f3\" data-element_type=\"column\">\n\t\t\t<div class=\"elementor-widget-wrap elementor-element-populated\">\n\t\t\t\t\t\t<div class=\"elementor-element elementor-element-3e6f160d elementor-widget elementor-widget-heading\" data-id=\"3e6f160d\" data-element_type=\"widget\" data-widget_type=\"heading.default\">\n\t\t\t\t<div class=\"elementor-widget-container\">\n\t\t\t\t\t<h2 class=\"elementor-heading-title elementor-size-default\">Proyectos de ecoturismo<\/h2>\t\t\t\t<\/div>\n\t\t\t\t<\/div>\n\t\t\t\t<div class=\"elementor-element elementor-element-3f2f51c3 elementor-widget elementor-widget-text-editor\" data-id=\"3f2f51c3\" data-element_type=\"widget\" data-widget_type=\"text-editor.default\">\n\t\t\t\t<div class=\"elementor-widget-container\">\n\t\t\t\t\t\t\t\t\t<p>Con el objetivo de promover las regiones rurales y los espacios naturales de nuestro increible rico territorio, tambi\u00e9n participamos en proyectos donde podemos aportar toda nuestra experiencia y conocimiento de nuestra regi\u00f3n. En 2015 hemos empezado a trabajar en los siguientes proyectos:<\/p>\n<ul>\n<li><a title=\"Fem Parc, projecte d\u2019ecoturisme a Catalunya\" href=\"http:\/\/www.elbrogit.com\/es\/fem-parc-proyecto-de-ecoturismo-en-catalunya\/\"><strong>Fem Parc,<\/strong> un proyecto de ecoturismo liderado<\/a> liderado por las administraciones locales y los espacios naturales para promover el turismo sostenible en algunos de los parques naturales de Catalunya. El proyecto se ha desarrollado de diferentes maneras seg\u00fan la regi\u00f3n pero aqu\u00ed en el sur, en los parques naturales de Montsant y els Ports, se ha promovido el ecoturismo con el objetivo principal de trabajar en red con empresas y productores locales. Echad un vistazo a nuestra p\u00e1gina del proyecto Fem Parc para ver algunas de las ideas desarrolladas en los dos parques.<\/li>\n<li><strong>Meet Project,<\/strong> que busca promover el ecoturismo en el \u00e1rea mediterr\u00e1nea. Hemos entrado a participar en este proyecto trabajando en red con otra agencia de viajes catalana, Trek&amp;Ride<\/li>\n<li><strong>CoMeDPro project,<\/strong> un proyecto internacional para crear rutas nacionales e internacionales de turismo con el objetivo de descubrir los productos locales de alta calidad como el aceite, el vino, los productos artesanos,&#8230; en Catalunya, Sardenya e Israel.<\/li>\n<li><strong><a href=\"http:\/\/www.prioratenoturisme.com\">Priorat Enoturisme,<\/a> <\/strong>formamos parte de este proyecto integrado \u00fanicamente por empresas privadas con el objetivo de promocionar la destinaci\u00f3n tur\u00edstica del Priorat, y sus vinos y aceites de alta calidad. Echad un vistazo a su web para descubrir la regi\u00f3n del Priorat o explorad nuestra <a title=\"enoturisme Priorat\" href=\"http:\/\/www.elbrogit.com\/es\/priorat-enoturismo-vino-aceite\/\">secci\u00f3n con diferentes ideas de viaje en el Priorat. <\/a><\/li>\n<li><strong>Y m\u00e1s proyectos:<\/strong><\/li>\n<\/ul>\n<p style=\"text-align: center;\"><a href=\"http:\/\/hikingeurope.net\/\"><img loading=\"lazy\" decoding=\"async\" class=\"aligncenter wp-image-7188 size-full\" src=\"https:\/\/www.elbrogit.com\/wp-content\/uploads\/HIkingEurope.png\" alt=\"\" width=\"623\" height=\"143\" \/><\/a><\/p>\n<p>&nbsp;<\/p>\n<p style=\"text-align: center;\"><a href=\"http:\/\/www.catalunya.com\/que-fer\/descobreix\/ruta-eurovelo-8-catalunya\"><img loading=\"lazy\" decoding=\"async\" class=\"aligncenter wp-image-7192 size-full\" src=\"https:\/\/www.elbrogit.com\/wp-content\/uploads\/Eurovelo8.jpg\" alt=\"\" width=\"752\" height=\"159\" \/><\/a><\/p>\n\t\t\t\t\t\t\t\t<\/div>\n\t\t\t\t<\/div>\n\t\t\t\t\t<\/div>\n\t\t<\/div>\n\t\t\t\t\t<\/div>\n\t\t<\/section>\n\t\t\t\t<\/div>\n\t\t","protected":false},"excerpt":{"rendered":"<p>Investigando caminos antiguos! Proyectos de ecoturismo y redes de caminos El ecoturismo en nuestra empresa va m\u00e1s all\u00e1 de \u00abs\u00f3lo\u00bb mostrar el territorio, su historia, patrimonio cultural y natural, tradiciones,&#8230; a nuestros turistas, tanto nacionales como internacionales. Tambi\u00e9n nos encanta hacer la interminable b\u00fasqueda de la antigua red de caminos (las antiguas autopistas) que comunicaban [&hellip;]<\/p>\n","protected":false},"author":1,"featured_media":0,"parent":0,"menu_order":0,"comment_status":"open","ping_status":"open","template":"elementor_header_footer","meta":{"_acf_changed":false,"footnotes":""},"class_list":["post-7255","page","type-page","status-publish","hentry"],"acf":[],"yoast_head":"<!-- This site is optimized with the Yoast SEO plugin v25.1 - https:\/\/yoast.com\/wordpress\/plugins\/seo\/ -->\n<title>Proyectos de ecoturismo y redes de caminos - Senderismo y enoturismo en Catalunya<\/title>\n<meta name=\"robots\" content=\"index, follow, max-snippet:-1, max-image-preview:large, max-video-preview:-1\" \/>\n<link rel=\"canonical\" href=\"https:\/\/elbrogit.com\/es\/proyectos-ecoturismo-redes-de-caminos\/\" \/>\n<meta property=\"og:locale\" content=\"es_ES\" \/>\n<meta property=\"og:type\" content=\"article\" \/>\n<meta property=\"og:title\" content=\"Proyectos de ecoturismo y redes de caminos - Senderismo y enoturismo en Catalunya\" \/>\n<meta property=\"og:description\" content=\"Investigando caminos antiguos! Proyectos de ecoturismo y redes de caminos El ecoturismo en nuestra empresa va m\u00e1s all\u00e1 de \u00abs\u00f3lo\u00bb mostrar el territorio, su historia, patrimonio cultural y natural, tradiciones,&#8230; a nuestros turistas, tanto nacionales como internacionales. Tambi\u00e9n nos encanta hacer la interminable b\u00fasqueda de la antigua red de caminos (las antiguas autopistas) que comunicaban [&hellip;]\" \/>\n<meta property=\"og:url\" content=\"https:\/\/elbrogit.com\/es\/proyectos-ecoturismo-redes-de-caminos\/\" \/>\n<meta property=\"og:site_name\" content=\"Senderismo y enoturismo en Catalunya\" \/>\n<meta property=\"article:publisher\" content=\"http:\/\/www.facebook.com\/brogit.guiatges\" \/>\n<meta property=\"article:modified_time\" content=\"2020-09-11T16:48:09+00:00\" \/>\n<meta property=\"og:image\" content=\"http:\/\/www.elbrogit.com\/wp-content\/uploads\/IMG-20121207-00205_modif.jpg\" \/>\n<meta name=\"twitter:card\" content=\"summary_large_image\" \/>\n<meta name=\"twitter:site\" content=\"@elbrogit\" \/>\n<meta name=\"twitter:label1\" content=\"Tiempo de lectura\" \/>\n\t<meta name=\"twitter:data1\" content=\"4 minutos\" \/>\n<script type=\"application\/ld+json\" class=\"yoast-schema-graph\">{\"@context\":\"https:\/\/schema.org\",\"@graph\":[{\"@type\":\"WebPage\",\"@id\":\"https:\/\/elbrogit.com\/es\/proyectos-ecoturismo-redes-de-caminos\/\",\"url\":\"https:\/\/elbrogit.com\/es\/proyectos-ecoturismo-redes-de-caminos\/\",\"name\":\"Proyectos de ecoturismo y redes de caminos - Senderismo y enoturismo en Catalunya\",\"isPartOf\":{\"@id\":\"https:\/\/elbrogit.com\/es\/#website\"},\"primaryImageOfPage\":{\"@id\":\"https:\/\/elbrogit.com\/es\/proyectos-ecoturismo-redes-de-caminos\/#primaryimage\"},\"image\":{\"@id\":\"https:\/\/elbrogit.com\/es\/proyectos-ecoturismo-redes-de-caminos\/#primaryimage\"},\"thumbnailUrl\":\"http:\/\/www.elbrogit.com\/wp-content\/uploads\/IMG-20121207-00205_modif.jpg\",\"datePublished\":\"2020-09-11T16:47:14+00:00\",\"dateModified\":\"2020-09-11T16:48:09+00:00\",\"breadcrumb\":{\"@id\":\"https:\/\/elbrogit.com\/es\/proyectos-ecoturismo-redes-de-caminos\/#breadcrumb\"},\"inLanguage\":\"es\",\"potentialAction\":[{\"@type\":\"ReadAction\",\"target\":[\"https:\/\/elbrogit.com\/es\/proyectos-ecoturismo-redes-de-caminos\/\"]}]},{\"@type\":\"ImageObject\",\"inLanguage\":\"es\",\"@id\":\"https:\/\/elbrogit.com\/es\/proyectos-ecoturismo-redes-de-caminos\/#primaryimage\",\"url\":\"http:\/\/www.elbrogit.com\/wp-content\/uploads\/IMG-20121207-00205_modif.jpg\",\"contentUrl\":\"http:\/\/www.elbrogit.com\/wp-content\/uploads\/IMG-20121207-00205_modif.jpg\"},{\"@type\":\"BreadcrumbList\",\"@id\":\"https:\/\/elbrogit.com\/es\/proyectos-ecoturismo-redes-de-caminos\/#breadcrumb\",\"itemListElement\":[{\"@type\":\"ListItem\",\"position\":1,\"name\":\"Home\",\"item\":\"https:\/\/elbrogit.com\/es\/\"},{\"@type\":\"ListItem\",\"position\":2,\"name\":\"Proyectos de ecoturismo y redes de caminos\"}]},{\"@type\":\"WebSite\",\"@id\":\"https:\/\/elbrogit.com\/es\/#website\",\"url\":\"https:\/\/elbrogit.com\/es\/\",\"name\":\"Senderismo y enoturismo en Catalunya\",\"description\":\"Ecotourism, walking, wine tourism and cultural holidays in Catalonia\",\"publisher\":{\"@id\":\"https:\/\/elbrogit.com\/es\/#organization\"},\"potentialAction\":[{\"@type\":\"SearchAction\",\"target\":{\"@type\":\"EntryPoint\",\"urlTemplate\":\"https:\/\/elbrogit.com\/es\/?s={search_term_string}\"},\"query-input\":{\"@type\":\"PropertyValueSpecification\",\"valueRequired\":true,\"valueName\":\"search_term_string\"}}],\"inLanguage\":\"es\"},{\"@type\":\"Organization\",\"@id\":\"https:\/\/elbrogit.com\/es\/#organization\",\"name\":\"Senderismo y enoturismo en Catalunya\",\"url\":\"https:\/\/elbrogit.com\/es\/\",\"logo\":{\"@type\":\"ImageObject\",\"inLanguage\":\"es\",\"@id\":\"https:\/\/elbrogit.com\/es\/#\/schema\/logo\/image\/\",\"url\":\"https:\/\/elbrogit.com\/wp-content\/uploads\/cropped-LogoBrogitWeb.jpg\",\"contentUrl\":\"https:\/\/elbrogit.com\/wp-content\/uploads\/cropped-LogoBrogitWeb.jpg\",\"width\":161,\"height\":108,\"caption\":\"Senderismo y enoturismo en Catalunya\"},\"image\":{\"@id\":\"https:\/\/elbrogit.com\/es\/#\/schema\/logo\/image\/\"},\"sameAs\":[\"http:\/\/www.facebook.com\/brogit.guiatges\",\"https:\/\/x.com\/elbrogit\"]}]}<\/script>\n<!-- \/ Yoast SEO plugin. -->","yoast_head_json":{"title":"Proyectos de ecoturismo y redes de caminos - Senderismo y enoturismo en Catalunya","robots":{"index":"index","follow":"follow","max-snippet":"max-snippet:-1","max-image-preview":"max-image-preview:large","max-video-preview":"max-video-preview:-1"},"canonical":"https:\/\/elbrogit.com\/es\/proyectos-ecoturismo-redes-de-caminos\/","og_locale":"es_ES","og_type":"article","og_title":"Proyectos de ecoturismo y redes de caminos - Senderismo y enoturismo en Catalunya","og_description":"Investigando caminos antiguos! Proyectos de ecoturismo y redes de caminos El ecoturismo en nuestra empresa va m\u00e1s all\u00e1 de \u00abs\u00f3lo\u00bb mostrar el territorio, su historia, patrimonio cultural y natural, tradiciones,&#8230; a nuestros turistas, tanto nacionales como internacionales. Tambi\u00e9n nos encanta hacer la interminable b\u00fasqueda de la antigua red de caminos (las antiguas autopistas) que comunicaban [&hellip;]","og_url":"https:\/\/elbrogit.com\/es\/proyectos-ecoturismo-redes-de-caminos\/","og_site_name":"Senderismo y enoturismo en Catalunya","article_publisher":"http:\/\/www.facebook.com\/brogit.guiatges","article_modified_time":"2020-09-11T16:48:09+00:00","og_image":[{"url":"http:\/\/www.elbrogit.com\/wp-content\/uploads\/IMG-20121207-00205_modif.jpg","type":"","width":"","height":""}],"twitter_card":"summary_large_image","twitter_site":"@elbrogit","twitter_misc":{"Tiempo de lectura":"4 minutos"},"schema":{"@context":"https:\/\/schema.org","@graph":[{"@type":"WebPage","@id":"https:\/\/elbrogit.com\/es\/proyectos-ecoturismo-redes-de-caminos\/","url":"https:\/\/elbrogit.com\/es\/proyectos-ecoturismo-redes-de-caminos\/","name":"Proyectos de ecoturismo y redes de caminos - Senderismo y enoturismo en Catalunya","isPartOf":{"@id":"https:\/\/elbrogit.com\/es\/#website"},"primaryImageOfPage":{"@id":"https:\/\/elbrogit.com\/es\/proyectos-ecoturismo-redes-de-caminos\/#primaryimage"},"image":{"@id":"https:\/\/elbrogit.com\/es\/proyectos-ecoturismo-redes-de-caminos\/#primaryimage"},"thumbnailUrl":"http:\/\/www.elbrogit.com\/wp-content\/uploads\/IMG-20121207-00205_modif.jpg","datePublished":"2020-09-11T16:47:14+00:00","dateModified":"2020-09-11T16:48:09+00:00","breadcrumb":{"@id":"https:\/\/elbrogit.com\/es\/proyectos-ecoturismo-redes-de-caminos\/#breadcrumb"},"inLanguage":"es","potentialAction":[{"@type":"ReadAction","target":["https:\/\/elbrogit.com\/es\/proyectos-ecoturismo-redes-de-caminos\/"]}]},{"@type":"ImageObject","inLanguage":"es","@id":"https:\/\/elbrogit.com\/es\/proyectos-ecoturismo-redes-de-caminos\/#primaryimage","url":"http:\/\/www.elbrogit.com\/wp-content\/uploads\/IMG-20121207-00205_modif.jpg","contentUrl":"http:\/\/www.elbrogit.com\/wp-content\/uploads\/IMG-20121207-00205_modif.jpg"},{"@type":"BreadcrumbList","@id":"https:\/\/elbrogit.com\/es\/proyectos-ecoturismo-redes-de-caminos\/#breadcrumb","itemListElement":[{"@type":"ListItem","position":1,"name":"Home","item":"https:\/\/elbrogit.com\/es\/"},{"@type":"ListItem","position":2,"name":"Proyectos de ecoturismo y redes de caminos"}]},{"@type":"WebSite","@id":"https:\/\/elbrogit.com\/es\/#website","url":"https:\/\/elbrogit.com\/es\/","name":"Senderismo y enoturismo en Catalunya","description":"Ecotourism, walking, wine tourism and cultural holidays in Catalonia","publisher":{"@id":"https:\/\/elbrogit.com\/es\/#organization"},"potentialAction":[{"@type":"SearchAction","target":{"@type":"EntryPoint","urlTemplate":"https:\/\/elbrogit.com\/es\/?s={search_term_string}"},"query-input":{"@type":"PropertyValueSpecification","valueRequired":true,"valueName":"search_term_string"}}],"inLanguage":"es"},{"@type":"Organization","@id":"https:\/\/elbrogit.com\/es\/#organization","name":"Senderismo y enoturismo en Catalunya","url":"https:\/\/elbrogit.com\/es\/","logo":{"@type":"ImageObject","inLanguage":"es","@id":"https:\/\/elbrogit.com\/es\/#\/schema\/logo\/image\/","url":"https:\/\/elbrogit.com\/wp-content\/uploads\/cropped-LogoBrogitWeb.jpg","contentUrl":"https:\/\/elbrogit.com\/wp-content\/uploads\/cropped-LogoBrogitWeb.jpg","width":161,"height":108,"caption":"Senderismo y enoturismo en Catalunya"},"image":{"@id":"https:\/\/elbrogit.com\/es\/#\/schema\/logo\/image\/"},"sameAs":["http:\/\/www.facebook.com\/brogit.guiatges","https:\/\/x.com\/elbrogit"]}]}},"jetpack_sharing_enabled":true,"_links":{"self":[{"href":"https:\/\/elbrogit.com\/es\/wp-json\/wp\/v2\/pages\/7255","targetHints":{"allow":["GET"]}}],"collection":[{"href":"https:\/\/elbrogit.com\/es\/wp-json\/wp\/v2\/pages"}],"about":[{"href":"https:\/\/elbrogit.com\/es\/wp-json\/wp\/v2\/types\/page"}],"author":[{"embeddable":true,"href":"https:\/\/elbrogit.com\/es\/wp-json\/wp\/v2\/users\/1"}],"replies":[{"embeddable":true,"href":"https:\/\/elbrogit.com\/es\/wp-json\/wp\/v2\/comments?post=7255"}],"version-history":[{"count":1,"href":"https:\/\/elbrogit.com\/es\/wp-json\/wp\/v2\/pages\/7255\/revisions"}],"predecessor-version":[{"id":7256,"href":"https:\/\/elbrogit.com\/es\/wp-json\/wp\/v2\/pages\/7255\/revisions\/7256"}],"wp:attachment":[{"href":"https:\/\/elbrogit.com\/es\/wp-json\/wp\/v2\/media?parent=7255"}],"curies":[{"name":"wp","href":"https:\/\/api.w.org\/{rel}","templated":true}]}}