{"id":7257,"date":"2020-09-11T18:50:19","date_gmt":"2020-09-11T16:50:19","guid":{"rendered":"https:\/\/elbrogit.com\/preparados-para-el-covid19\/"},"modified":"2020-09-11T18:53:07","modified_gmt":"2020-09-11T16:53:07","slug":"preparados-para-el-covid19","status":"publish","type":"page","link":"https:\/\/elbrogit.com\/es\/preparados-para-el-covid19\/","title":{"rendered":"PREPARADOS PARA EL COVID19!"},"content":{"rendered":"\t\t<div data-elementor-type=\"wp-page\" data-elementor-id=\"7257\" class=\"elementor elementor-7257 elementor-238\" data-elementor-post-type=\"page\">\n\t\t\t\t\t\t<section data-particle_enable=\"false\" data-particle-mobile-disabled=\"false\" class=\"elementor-section elementor-top-section elementor-element elementor-element-4e81b1f1 elementor-section-boxed elementor-section-height-default elementor-section-height-default\" data-id=\"4e81b1f1\" data-element_type=\"section\">\n\t\t\t\t\t\t<div class=\"elementor-container elementor-column-gap-default\">\n\t\t\t\t\t<div class=\"elementor-column elementor-col-100 elementor-top-column elementor-element elementor-element-72cb5228\" data-id=\"72cb5228\" data-element_type=\"column\">\n\t\t\t<div class=\"elementor-widget-wrap elementor-element-populated\">\n\t\t\t\t\t\t<div class=\"elementor-element elementor-element-5f7c9f84 elementor-widget elementor-widget-text-editor\" data-id=\"5f7c9f84\" data-element_type=\"widget\" data-widget_type=\"text-editor.default\">\n\t\t\t\t<div class=\"elementor-widget-container\">\n\t\t\t\t\t\t\t\t\t<p><a href=\"https:\/\/www.elbrogit.com\/wp-content\/uploads\/CovidPreparadosPage.png\"><img fetchpriority=\"high\" decoding=\"async\" class=\"aligncenter wp-image-7670 size-full\" src=\"https:\/\/www.elbrogit.com\/wp-content\/uploads\/CovidPreparadosPage.png\" alt=\"\" width=\"750\" height=\"181\" \/><\/a><br \/>\nLa irrupci\u00f3n del Covid 19 ha truncado dram\u00e1tica e inesperadamente la agenda tur\u00edstica de todos nosotros, en un a\u00f1o que empezaba animados y con buenas expectativas. El confinamiento ha representado una reducci\u00f3n dr\u00e1stica de la movilidad, haciendo desaparecer no s\u00f3lo los turista de cualquier procedencia (tanto de proximidad como internacionales) sino tambi\u00e9n a los paseantes ocasionales independientemente de su proximidad a un espacio natural o no. Y todo ello, mientra el n\u00famero de contagios y de pa\u00edses afectados por el coronavirus no paraba de crecer, y la naturaleza segu\u00eda su curso, con la explosi\u00f3n de la primavera, muchos animales y plantas aprovechando para <em>recuperar terreno,<\/em>&#8230;<\/p>\n<p>No obstante, <strong>despu\u00e9s del confinamiento, poco a poco y extremando las precauciones, querremos salir m\u00e1s all\u00e0 de las cuatro paredes <\/strong>que ya tenemos m\u00e1s que estudiadas, ordenadas o, en algunos casos, m\u00e1s ca\u00f3ticas que nunca, pero s\u00ed, querremos salir. En esta nueva secci\u00f3n de la web os queremos proponer diferentes actividades para salir de nuevo, y explorar este territorio donde queremos ir, conocido o no. En todo caso, pero, tenemos claro que <strong>ser\u00e1 una exploraci\u00f3n diferente, el coronavirus ha dejado (y esta dejando) su huella en muchos \u00e1mbitos.<\/p>\n<p><\/strong>Des del inicio del Brogit, hemos tenido clara <strong>nuestra filosofia: <\/strong>dar a conocer a nuestro entorno des del m\u00e1ximo respecto, promover un turismo sostenible con un veritable impacto econ\u00f3mico sobre el espacio visitado, conectando nuestros visitantes con nuestra gente, la que vive y siente su territorio, trabajando en red con las empresas locales, a menudo peque\u00f1as y familiares. <strong>Nuestras propuestas son muy variadas, des del ecoturismo, el senderismo interpretativo, el enoturismo, hasta la combinaci\u00f3n del senderismo con el enoturismo, los escape room en plena naturaleza uniendo juego y divulgaci\u00f3n, pero todas tienen en com\u00fan que se realizan al aire libre, en la naturaleza, y en grupos reducidos y muy a menudo, privados y a la carta.<\/p>\n<p><\/strong>Ahora m\u00e1s que nunca, seguimos apostando fuerte por nuestro proyecto y filosof\u00eda, y os queremos hacer part\u00edcipes, <strong>proponi\u00e9ndoos actividades que nos permetan disfrutar de la naturaleza, divertirnos, hacer salud y al mismo tiempo, respetar a nuestro entorno y apoyar a todo un tejido empresarial local <\/strong>que est\u00e1 resistiendo esta crisis con muchas ganas de daros de nuevo la bienvenida a su casa.<\/p>\n\t\t\t\t\t\t\t\t<\/div>\n\t\t\t\t<\/div>\n\t\t\t\t<div class=\"elementor-element elementor-element-6db5409 elementor-widget elementor-widget-heading\" data-id=\"6db5409\" data-element_type=\"widget\" data-widget_type=\"heading.default\">\n\t\t\t\t<div class=\"elementor-widget-container\">\n\t\t\t\t\t<h1 class=\"elementor-heading-title elementor-size-default\">Nuestras propuestas y novedades relacionadas<\/h1>\t\t\t\t<\/div>\n\t\t\t\t<\/div>\n\t\t\t\t\t<\/div>\n\t\t<\/div>\n\t\t\t\t\t<\/div>\n\t\t<\/section>\n\t\t\t\t<\/div>\n\t\t","protected":false},"excerpt":{"rendered":"<p>La irrupci\u00f3n del Covid 19 ha truncado dram\u00e1tica e inesperadamente la agenda tur\u00edstica de todos nosotros, en un a\u00f1o que empezaba animados y con buenas expectativas. El confinamiento ha representado una reducci\u00f3n dr\u00e1stica de la movilidad, haciendo desaparecer no s\u00f3lo los turista de cualquier procedencia (tanto de proximidad como internacionales) sino tambi\u00e9n a los paseantes [&hellip;]<\/p>\n","protected":false},"author":1,"featured_media":0,"parent":0,"menu_order":0,"comment_status":"open","ping_status":"open","template":"elementor_header_footer","meta":{"_acf_changed":false,"footnotes":""},"class_list":["post-7257","page","type-page","status-publish","hentry"],"acf":[],"yoast_head":"<!-- This site is optimized with the Yoast SEO plugin v25.1 - https:\/\/yoast.com\/wordpress\/plugins\/seo\/ -->\n<title>PREPARADOS PARA EL COVID19! - Senderismo y enoturismo en Catalunya<\/title>\n<meta name=\"robots\" content=\"index, follow, max-snippet:-1, max-image-preview:large, max-video-preview:-1\" \/>\n<link rel=\"canonical\" href=\"https:\/\/elbrogit.com\/es\/preparados-para-el-covid19\/\" \/>\n<meta property=\"og:locale\" content=\"es_ES\" \/>\n<meta property=\"og:type\" content=\"article\" \/>\n<meta property=\"og:title\" content=\"PREPARADOS PARA EL COVID19! - Senderismo y enoturismo en Catalunya\" \/>\n<meta property=\"og:description\" content=\"La irrupci\u00f3n del Covid 19 ha truncado dram\u00e1tica e inesperadamente la agenda tur\u00edstica de todos nosotros, en un a\u00f1o que empezaba animados y con buenas expectativas. El confinamiento ha representado una reducci\u00f3n dr\u00e1stica de la movilidad, haciendo desaparecer no s\u00f3lo los turista de cualquier procedencia (tanto de proximidad como internacionales) sino tambi\u00e9n a los paseantes [&hellip;]\" \/>\n<meta property=\"og:url\" content=\"https:\/\/elbrogit.com\/es\/preparados-para-el-covid19\/\" \/>\n<meta property=\"og:site_name\" content=\"Senderismo y enoturismo en Catalunya\" \/>\n<meta property=\"article:publisher\" content=\"http:\/\/www.facebook.com\/brogit.guiatges\" \/>\n<meta property=\"article:modified_time\" content=\"2020-09-11T16:53:07+00:00\" \/>\n<meta property=\"og:image\" content=\"https:\/\/www.elbrogit.com\/wp-content\/uploads\/CovidPreparadosPage.png\" \/>\n<meta name=\"twitter:card\" content=\"summary_large_image\" \/>\n<meta name=\"twitter:site\" content=\"@elbrogit\" \/>\n<meta name=\"twitter:label1\" content=\"Tiempo de lectura\" \/>\n\t<meta name=\"twitter:data1\" content=\"2 minutos\" \/>\n<script type=\"application\/ld+json\" class=\"yoast-schema-graph\">{\"@context\":\"https:\/\/schema.org\",\"@graph\":[{\"@type\":\"WebPage\",\"@id\":\"https:\/\/elbrogit.com\/es\/preparados-para-el-covid19\/\",\"url\":\"https:\/\/elbrogit.com\/es\/preparados-para-el-covid19\/\",\"name\":\"PREPARADOS PARA EL COVID19! - Senderismo y enoturismo en Catalunya\",\"isPartOf\":{\"@id\":\"https:\/\/elbrogit.com\/es\/#website\"},\"primaryImageOfPage\":{\"@id\":\"https:\/\/elbrogit.com\/es\/preparados-para-el-covid19\/#primaryimage\"},\"image\":{\"@id\":\"https:\/\/elbrogit.com\/es\/preparados-para-el-covid19\/#primaryimage\"},\"thumbnailUrl\":\"https:\/\/www.elbrogit.com\/wp-content\/uploads\/CovidPreparadosPage.png\",\"datePublished\":\"2020-09-11T16:50:19+00:00\",\"dateModified\":\"2020-09-11T16:53:07+00:00\",\"breadcrumb\":{\"@id\":\"https:\/\/elbrogit.com\/es\/preparados-para-el-covid19\/#breadcrumb\"},\"inLanguage\":\"es\",\"potentialAction\":[{\"@type\":\"ReadAction\",\"target\":[\"https:\/\/elbrogit.com\/es\/preparados-para-el-covid19\/\"]}]},{\"@type\":\"ImageObject\",\"inLanguage\":\"es\",\"@id\":\"https:\/\/elbrogit.com\/es\/preparados-para-el-covid19\/#primaryimage\",\"url\":\"https:\/\/www.elbrogit.com\/wp-content\/uploads\/CovidPreparadosPage.png\",\"contentUrl\":\"https:\/\/www.elbrogit.com\/wp-content\/uploads\/CovidPreparadosPage.png\"},{\"@type\":\"BreadcrumbList\",\"@id\":\"https:\/\/elbrogit.com\/es\/preparados-para-el-covid19\/#breadcrumb\",\"itemListElement\":[{\"@type\":\"ListItem\",\"position\":1,\"name\":\"Home\",\"item\":\"https:\/\/elbrogit.com\/es\/\"},{\"@type\":\"ListItem\",\"position\":2,\"name\":\"PREPARADOS PARA EL COVID19!\"}]},{\"@type\":\"WebSite\",\"@id\":\"https:\/\/elbrogit.com\/es\/#website\",\"url\":\"https:\/\/elbrogit.com\/es\/\",\"name\":\"Senderismo y enoturismo en Catalunya\",\"description\":\"Ecotourism, walking, wine tourism and cultural holidays in Catalonia\",\"publisher\":{\"@id\":\"https:\/\/elbrogit.com\/es\/#organization\"},\"potentialAction\":[{\"@type\":\"SearchAction\",\"target\":{\"@type\":\"EntryPoint\",\"urlTemplate\":\"https:\/\/elbrogit.com\/es\/?s={search_term_string}\"},\"query-input\":{\"@type\":\"PropertyValueSpecification\",\"valueRequired\":true,\"valueName\":\"search_term_string\"}}],\"inLanguage\":\"es\"},{\"@type\":\"Organization\",\"@id\":\"https:\/\/elbrogit.com\/es\/#organization\",\"name\":\"Senderismo y enoturismo en Catalunya\",\"url\":\"https:\/\/elbrogit.com\/es\/\",\"logo\":{\"@type\":\"ImageObject\",\"inLanguage\":\"es\",\"@id\":\"https:\/\/elbrogit.com\/es\/#\/schema\/logo\/image\/\",\"url\":\"https:\/\/elbrogit.com\/wp-content\/uploads\/cropped-LogoBrogitWeb.jpg\",\"contentUrl\":\"https:\/\/elbrogit.com\/wp-content\/uploads\/cropped-LogoBrogitWeb.jpg\",\"width\":161,\"height\":108,\"caption\":\"Senderismo y enoturismo en Catalunya\"},\"image\":{\"@id\":\"https:\/\/elbrogit.com\/es\/#\/schema\/logo\/image\/\"},\"sameAs\":[\"http:\/\/www.facebook.com\/brogit.guiatges\",\"https:\/\/x.com\/elbrogit\"]}]}<\/script>\n<!-- \/ Yoast SEO plugin. -->","yoast_head_json":{"title":"PREPARADOS PARA EL COVID19! - Senderismo y enoturismo en Catalunya","robots":{"index":"index","follow":"follow","max-snippet":"max-snippet:-1","max-image-preview":"max-image-preview:large","max-video-preview":"max-video-preview:-1"},"canonical":"https:\/\/elbrogit.com\/es\/preparados-para-el-covid19\/","og_locale":"es_ES","og_type":"article","og_title":"PREPARADOS PARA EL COVID19! - Senderismo y enoturismo en Catalunya","og_description":"La irrupci\u00f3n del Covid 19 ha truncado dram\u00e1tica e inesperadamente la agenda tur\u00edstica de todos nosotros, en un a\u00f1o que empezaba animados y con buenas expectativas. El confinamiento ha representado una reducci\u00f3n dr\u00e1stica de la movilidad, haciendo desaparecer no s\u00f3lo los turista de cualquier procedencia (tanto de proximidad como internacionales) sino tambi\u00e9n a los paseantes [&hellip;]","og_url":"https:\/\/elbrogit.com\/es\/preparados-para-el-covid19\/","og_site_name":"Senderismo y enoturismo en Catalunya","article_publisher":"http:\/\/www.facebook.com\/brogit.guiatges","article_modified_time":"2020-09-11T16:53:07+00:00","og_image":[{"url":"https:\/\/www.elbrogit.com\/wp-content\/uploads\/CovidPreparadosPage.png","type":"","width":"","height":""}],"twitter_card":"summary_large_image","twitter_site":"@elbrogit","twitter_misc":{"Tiempo de lectura":"2 minutos"},"schema":{"@context":"https:\/\/schema.org","@graph":[{"@type":"WebPage","@id":"https:\/\/elbrogit.com\/es\/preparados-para-el-covid19\/","url":"https:\/\/elbrogit.com\/es\/preparados-para-el-covid19\/","name":"PREPARADOS PARA EL COVID19! - Senderismo y enoturismo en Catalunya","isPartOf":{"@id":"https:\/\/elbrogit.com\/es\/#website"},"primaryImageOfPage":{"@id":"https:\/\/elbrogit.com\/es\/preparados-para-el-covid19\/#primaryimage"},"image":{"@id":"https:\/\/elbrogit.com\/es\/preparados-para-el-covid19\/#primaryimage"},"thumbnailUrl":"https:\/\/www.elbrogit.com\/wp-content\/uploads\/CovidPreparadosPage.png","datePublished":"2020-09-11T16:50:19+00:00","dateModified":"2020-09-11T16:53:07+00:00","breadcrumb":{"@id":"https:\/\/elbrogit.com\/es\/preparados-para-el-covid19\/#breadcrumb"},"inLanguage":"es","potentialAction":[{"@type":"ReadAction","target":["https:\/\/elbrogit.com\/es\/preparados-para-el-covid19\/"]}]},{"@type":"ImageObject","inLanguage":"es","@id":"https:\/\/elbrogit.com\/es\/preparados-para-el-covid19\/#primaryimage","url":"https:\/\/www.elbrogit.com\/wp-content\/uploads\/CovidPreparadosPage.png","contentUrl":"https:\/\/www.elbrogit.com\/wp-content\/uploads\/CovidPreparadosPage.png"},{"@type":"BreadcrumbList","@id":"https:\/\/elbrogit.com\/es\/preparados-para-el-covid19\/#breadcrumb","itemListElement":[{"@type":"ListItem","position":1,"name":"Home","item":"https:\/\/elbrogit.com\/es\/"},{"@type":"ListItem","position":2,"name":"PREPARADOS PARA EL COVID19!"}]},{"@type":"WebSite","@id":"https:\/\/elbrogit.com\/es\/#website","url":"https:\/\/elbrogit.com\/es\/","name":"Senderismo y enoturismo en Catalunya","description":"Ecotourism, walking, wine tourism and cultural holidays in Catalonia","publisher":{"@id":"https:\/\/elbrogit.com\/es\/#organization"},"potentialAction":[{"@type":"SearchAction","target":{"@type":"EntryPoint","urlTemplate":"https:\/\/elbrogit.com\/es\/?s={search_term_string}"},"query-input":{"@type":"PropertyValueSpecification","valueRequired":true,"valueName":"search_term_string"}}],"inLanguage":"es"},{"@type":"Organization","@id":"https:\/\/elbrogit.com\/es\/#organization","name":"Senderismo y enoturismo en Catalunya","url":"https:\/\/elbrogit.com\/es\/","logo":{"@type":"ImageObject","inLanguage":"es","@id":"https:\/\/elbrogit.com\/es\/#\/schema\/logo\/image\/","url":"https:\/\/elbrogit.com\/wp-content\/uploads\/cropped-LogoBrogitWeb.jpg","contentUrl":"https:\/\/elbrogit.com\/wp-content\/uploads\/cropped-LogoBrogitWeb.jpg","width":161,"height":108,"caption":"Senderismo y enoturismo en Catalunya"},"image":{"@id":"https:\/\/elbrogit.com\/es\/#\/schema\/logo\/image\/"},"sameAs":["http:\/\/www.facebook.com\/brogit.guiatges","https:\/\/x.com\/elbrogit"]}]}},"jetpack_sharing_enabled":true,"_links":{"self":[{"href":"https:\/\/elbrogit.com\/es\/wp-json\/wp\/v2\/pages\/7257","targetHints":{"allow":["GET"]}}],"collection":[{"href":"https:\/\/elbrogit.com\/es\/wp-json\/wp\/v2\/pages"}],"about":[{"href":"https:\/\/elbrogit.com\/es\/wp-json\/wp\/v2\/types\/page"}],"author":[{"embeddable":true,"href":"https:\/\/elbrogit.com\/es\/wp-json\/wp\/v2\/users\/1"}],"replies":[{"embeddable":true,"href":"https:\/\/elbrogit.com\/es\/wp-json\/wp\/v2\/comments?post=7257"}],"version-history":[{"count":3,"href":"https:\/\/elbrogit.com\/es\/wp-json\/wp\/v2\/pages\/7257\/revisions"}],"predecessor-version":[{"id":7260,"href":"https:\/\/elbrogit.com\/es\/wp-json\/wp\/v2\/pages\/7257\/revisions\/7260"}],"wp:attachment":[{"href":"https:\/\/elbrogit.com\/es\/wp-json\/wp\/v2\/media?parent=7257"}],"curies":[{"name":"wp","href":"https:\/\/api.w.org\/{rel}","templated":true}]}}