{"id":7262,"date":"2020-09-11T19:11:27","date_gmt":"2020-09-11T17:11:27","guid":{"rendered":"https:\/\/elbrogit.com\/servicios-y-precios\/"},"modified":"2020-09-11T19:12:07","modified_gmt":"2020-09-11T17:12:07","slug":"servicios-precios","status":"publish","type":"page","link":"https:\/\/elbrogit.com\/es\/servicios-precios\/","title":{"rendered":"Servicios y precios"},"content":{"rendered":"\t\t<div data-elementor-type=\"wp-page\" data-elementor-id=\"7262\" class=\"elementor elementor-7262 elementor-208\" data-elementor-post-type=\"page\">\n\t\t\t\t\t\t<section data-particle_enable=\"false\" data-particle-mobile-disabled=\"false\" class=\"elementor-section elementor-top-section elementor-element elementor-element-d24c12c elementor-section-boxed elementor-section-height-default elementor-section-height-default\" data-id=\"d24c12c\" data-element_type=\"section\">\n\t\t\t\t\t\t<div class=\"elementor-container elementor-column-gap-default\">\n\t\t\t\t\t<div class=\"elementor-column elementor-col-100 elementor-top-column elementor-element elementor-element-833124f\" data-id=\"833124f\" data-element_type=\"column\">\n\t\t\t<div class=\"elementor-widget-wrap elementor-element-populated\">\n\t\t\t\t\t\t<div class=\"elementor-element elementor-element-988715b elementor-widget elementor-widget-text-editor\" data-id=\"988715b\" data-element_type=\"widget\" data-widget_type=\"text-editor.default\">\n\t\t\t\t<div class=\"elementor-widget-container\">\n\t\t\t\t\t\t\t\t\t<p><a href=\"http:\/\/www.elbrogit.com\/tl_files\/BrogitGuiatges\/web\/serveis_foto_Montsant.jpg\"><img fetchpriority=\"high\" decoding=\"async\" class=\"aligncenter\" src=\"http:\/\/www.elbrogit.com\/tl_files\/BrogitGuiatges\/web\/serveis_foto_Montsant.jpg\" alt=\"\" width=\"648\" height=\"149\" \/><\/a><\/p>\n\t\t\t\t\t\t\t\t<\/div>\n\t\t\t\t<\/div>\n\t\t\t\t\t<\/div>\n\t\t<\/div>\n\t\t\t\t\t<\/div>\n\t\t<\/section>\n\t\t\t\t<section data-particle_enable=\"false\" data-particle-mobile-disabled=\"false\" class=\"elementor-section elementor-top-section elementor-element elementor-element-6dd78c0a elementor-section-boxed elementor-section-height-default elementor-section-height-default\" data-id=\"6dd78c0a\" data-element_type=\"section\">\n\t\t\t\t\t\t<div class=\"elementor-container elementor-column-gap-default\">\n\t\t\t\t\t<div class=\"elementor-column elementor-col-100 elementor-top-column elementor-element elementor-element-2967c307\" data-id=\"2967c307\" data-element_type=\"column\">\n\t\t\t<div class=\"elementor-widget-wrap elementor-element-populated\">\n\t\t\t\t\t\t<div class=\"elementor-element elementor-element-5bccbacb elementor-widget elementor-widget-text-editor\" data-id=\"5bccbacb\" data-element_type=\"widget\" data-widget_type=\"text-editor.default\">\n\t\t\t\t<div class=\"elementor-widget-container\">\n\t\t\t\t\t\t\t\t\t<p><span style=\"color: #808000;\"><strong>Viajes guiados de senderismo y en bici por Catalunya<br \/>\n<\/strong><\/span><span style=\"color: #808000;\">Somos gu\u00edas locales de senderismo expertos en nuestro territorio,<\/span> el desconocido sur de Catalunya. <span style=\"color: #808000;\">En 2013 hemos creado nuestra propia agencia de viajes <\/span>(licenncia GC-2786), para ofrecerte un viaje integral incluyendo alojamientos, compa\u00f1\u00edas locales de gu\u00edas del resto de Catalunya, acogedores alojamientos y restaurantes, transfers locales,&#8230; Tambi\u00e9n ofrecemos ahora <span style=\"color: #808000;\">tours en bicicleta el\u00e9ctrica Flyer,<\/span> para disfrutar de nuestro pa\u00eds f\u00e1cilmente!<\/p>\n<p>Ven con nosotros y te mostraremos los rincones m\u00e1s espectaculares, disfrutando del paisaje de una manera saludable, a pie o en bici. Echa una ojeada a nuestra ideas de viaje y no dudes en contactarnos para cualquier informaci\u00f3n adicional que puedas necesitar. Alguna de las actividades est\u00e1n programadas en fechas concretas, pero tambi\u00e9n os las podemos hacer a medida en fechas concertadas.<\/p>\n<p><strong><span style=\"color: #808000;\">Viajes autoguiados de senderismo y en bici por Catalunya<br \/>\n<\/span><\/strong>Tambi\u00e9n te ofrecemos <span style=\"color: #808000;\">viajes autoguiados para los viajeros m\u00e1s independientes,<\/span> con roadbooks, cartograf\u00eda detallada, informaci\u00f3n \u00fatil, la posibilidad de alquilar un GPS o transferir los tracks a tu GPS, transfer de maletas, y cualquier otra cosa que puedas necesitar para hacer de tu viaje una experiencia inolvidable.<\/p>\n<p><strong><span style=\"color: #808000;\">Rutas de bodegas y tours gastron\u00f3micos<br \/>\n<\/span><\/strong>Si est\u00e1is puramente interesados en el vino y la gastronom\u00eda, en hacer una ruta de bodegas o una escapada gastron\u00f3mica, estaremos m\u00e1s que encantados en daros consejo y llevaros a alguna de las regiones del vino del Priorat, Terra Alta, Conca de Barber\u00e1, Tarragona, Pened\u00e9s&#8230; Os conectaremos con proyectos familiares de bodegas, molinos de aceite,&#8230;, que os ofreceran una experiencia \u00abdeliciosa\u00bb y memorable.<\/p>\n<p><span style=\"color: #808000;\"><strong>Consultor\u00eda tur\u00edstica: desarrollando vuestra red local de caminos, promocionando el turismo sostenible desde vuestro alojamiento,&#8230;<br \/>\n<\/strong><\/span>Tambi\u00e9n ofrecemos el servicio de consultor\u00eda tur\u00edstica, <span style=\"color: #808000;\">investigando la antigua red de caminos tradicionales de vuestro pueblo, dise\u00f1ando la red de caminos siguiendo criterios a la vez hist\u00f3ricos, patrimoniales y tur\u00edsticos.<\/span> Os creamos el proyecto, presupuesto, ejecuci\u00f3n,&#8230; ofreciendo un proyecto integral, des del dise\u00f1o y desarrollo hasta la promoci\u00f3n tur\u00edstica, creando y programando nuevas actividades sobre la reci\u00e9n estrenada red de caminos.<\/p>\n<p>Os podemos dise\u00f1ar las actividades y materiales tur\u00edsticos (materiales divulgativos, tr\u00edpticos de itinerarios, etc.) que sean m\u00e1s apropiados para vuestras necesidades y vuestro entorno. No dud\u00e9is en consultarnos para encontrar la mejor manera de ofrecer un servicio complementario a vuestro servici\u00f3 de alojamiento, restauraci\u00f3n, etc. y para promocionarlo.<\/p>\n<p><span style=\"color: #808000;\"><strong>Actividades para empresas. Outdoor training.<br \/>\n<\/strong><\/span>Sois una <span style=\"color: #808000;\">empresa que quiere realizar actividades para fortalecer la din\u00e1mica de trabajo en un grupo de trabajadores vuestros?<\/span> Os proponemos manera divertidas y enriquecedoras para conseguirlo, y todo en plena naturaleza!<\/p>\n<p>Contactadnos para dise\u00f1ar la actividad m\u00e1s apropiada para vuestra empresa!<\/p>\n\t\t\t\t\t\t\t\t<\/div>\n\t\t\t\t<\/div>\n\t\t\t\t\t<\/div>\n\t\t<\/div>\n\t\t\t\t\t<\/div>\n\t\t<\/section>\n\t\t\t\t<\/div>\n\t\t","protected":false},"excerpt":{"rendered":"<p>Viajes guiados de senderismo y en bici por Catalunya Somos gu\u00edas locales de senderismo expertos en nuestro territorio, el desconocido sur de Catalunya. En 2013 hemos creado nuestra propia agencia de viajes (licenncia GC-2786), para ofrecerte un viaje integral incluyendo alojamientos, compa\u00f1\u00edas locales de gu\u00edas del resto de Catalunya, acogedores alojamientos y restaurantes, transfers locales,&#8230; [&hellip;]<\/p>\n","protected":false},"author":1,"featured_media":0,"parent":0,"menu_order":0,"comment_status":"open","ping_status":"open","template":"elementor_header_footer","meta":{"_acf_changed":false,"footnotes":""},"class_list":["post-7262","page","type-page","status-publish","hentry"],"acf":[],"yoast_head":"<!-- This site is optimized with the Yoast SEO plugin v25.1 - https:\/\/yoast.com\/wordpress\/plugins\/seo\/ -->\n<title>Servicios y precios - Senderismo y enoturismo en Catalunya<\/title>\n<meta name=\"robots\" content=\"index, follow, max-snippet:-1, max-image-preview:large, max-video-preview:-1\" \/>\n<link rel=\"canonical\" href=\"https:\/\/elbrogit.com\/es\/servicios-precios\/\" \/>\n<meta property=\"og:locale\" content=\"es_ES\" \/>\n<meta property=\"og:type\" content=\"article\" \/>\n<meta property=\"og:title\" content=\"Servicios y precios - Senderismo y enoturismo en Catalunya\" \/>\n<meta property=\"og:description\" content=\"Viajes guiados de senderismo y en bici por Catalunya Somos gu\u00edas locales de senderismo expertos en nuestro territorio, el desconocido sur de Catalunya. En 2013 hemos creado nuestra propia agencia de viajes (licenncia GC-2786), para ofrecerte un viaje integral incluyendo alojamientos, compa\u00f1\u00edas locales de gu\u00edas del resto de Catalunya, acogedores alojamientos y restaurantes, transfers locales,&#8230; [&hellip;]\" \/>\n<meta property=\"og:url\" content=\"https:\/\/elbrogit.com\/es\/servicios-precios\/\" \/>\n<meta property=\"og:site_name\" content=\"Senderismo y enoturismo en Catalunya\" \/>\n<meta property=\"article:publisher\" content=\"http:\/\/www.facebook.com\/brogit.guiatges\" \/>\n<meta property=\"article:modified_time\" content=\"2020-09-11T17:12:07+00:00\" \/>\n<meta property=\"og:image\" content=\"http:\/\/www.elbrogit.com\/tl_files\/BrogitGuiatges\/web\/serveis_foto_Montsant.jpg\" \/>\n<meta name=\"twitter:card\" content=\"summary_large_image\" \/>\n<meta name=\"twitter:site\" content=\"@elbrogit\" \/>\n<meta name=\"twitter:label1\" content=\"Tiempo de lectura\" \/>\n\t<meta name=\"twitter:data1\" content=\"2 minutos\" \/>\n<script type=\"application\/ld+json\" class=\"yoast-schema-graph\">{\"@context\":\"https:\/\/schema.org\",\"@graph\":[{\"@type\":\"WebPage\",\"@id\":\"https:\/\/elbrogit.com\/es\/servicios-precios\/\",\"url\":\"https:\/\/elbrogit.com\/es\/servicios-precios\/\",\"name\":\"Servicios y precios - Senderismo y enoturismo en Catalunya\",\"isPartOf\":{\"@id\":\"https:\/\/elbrogit.com\/es\/#website\"},\"primaryImageOfPage\":{\"@id\":\"https:\/\/elbrogit.com\/es\/servicios-precios\/#primaryimage\"},\"image\":{\"@id\":\"https:\/\/elbrogit.com\/es\/servicios-precios\/#primaryimage\"},\"thumbnailUrl\":\"http:\/\/www.elbrogit.com\/tl_files\/BrogitGuiatges\/web\/serveis_foto_Montsant.jpg\",\"datePublished\":\"2020-09-11T17:11:27+00:00\",\"dateModified\":\"2020-09-11T17:12:07+00:00\",\"breadcrumb\":{\"@id\":\"https:\/\/elbrogit.com\/es\/servicios-precios\/#breadcrumb\"},\"inLanguage\":\"es\",\"potentialAction\":[{\"@type\":\"ReadAction\",\"target\":[\"https:\/\/elbrogit.com\/es\/servicios-precios\/\"]}]},{\"@type\":\"ImageObject\",\"inLanguage\":\"es\",\"@id\":\"https:\/\/elbrogit.com\/es\/servicios-precios\/#primaryimage\",\"url\":\"http:\/\/www.elbrogit.com\/tl_files\/BrogitGuiatges\/web\/serveis_foto_Montsant.jpg\",\"contentUrl\":\"http:\/\/www.elbrogit.com\/tl_files\/BrogitGuiatges\/web\/serveis_foto_Montsant.jpg\"},{\"@type\":\"BreadcrumbList\",\"@id\":\"https:\/\/elbrogit.com\/es\/servicios-precios\/#breadcrumb\",\"itemListElement\":[{\"@type\":\"ListItem\",\"position\":1,\"name\":\"Home\",\"item\":\"https:\/\/elbrogit.com\/es\/\"},{\"@type\":\"ListItem\",\"position\":2,\"name\":\"Servicios y precios\"}]},{\"@type\":\"WebSite\",\"@id\":\"https:\/\/elbrogit.com\/es\/#website\",\"url\":\"https:\/\/elbrogit.com\/es\/\",\"name\":\"Senderismo y enoturismo en Catalunya\",\"description\":\"Ecotourism, walking, wine tourism and cultural holidays in Catalonia\",\"publisher\":{\"@id\":\"https:\/\/elbrogit.com\/es\/#organization\"},\"potentialAction\":[{\"@type\":\"SearchAction\",\"target\":{\"@type\":\"EntryPoint\",\"urlTemplate\":\"https:\/\/elbrogit.com\/es\/?s={search_term_string}\"},\"query-input\":{\"@type\":\"PropertyValueSpecification\",\"valueRequired\":true,\"valueName\":\"search_term_string\"}}],\"inLanguage\":\"es\"},{\"@type\":\"Organization\",\"@id\":\"https:\/\/elbrogit.com\/es\/#organization\",\"name\":\"Senderismo y enoturismo en Catalunya\",\"url\":\"https:\/\/elbrogit.com\/es\/\",\"logo\":{\"@type\":\"ImageObject\",\"inLanguage\":\"es\",\"@id\":\"https:\/\/elbrogit.com\/es\/#\/schema\/logo\/image\/\",\"url\":\"https:\/\/elbrogit.com\/wp-content\/uploads\/cropped-LogoBrogitWeb.jpg\",\"contentUrl\":\"https:\/\/elbrogit.com\/wp-content\/uploads\/cropped-LogoBrogitWeb.jpg\",\"width\":161,\"height\":108,\"caption\":\"Senderismo y enoturismo en Catalunya\"},\"image\":{\"@id\":\"https:\/\/elbrogit.com\/es\/#\/schema\/logo\/image\/\"},\"sameAs\":[\"http:\/\/www.facebook.com\/brogit.guiatges\",\"https:\/\/x.com\/elbrogit\"]}]}<\/script>\n<!-- \/ Yoast SEO plugin. -->","yoast_head_json":{"title":"Servicios y precios - Senderismo y enoturismo en Catalunya","robots":{"index":"index","follow":"follow","max-snippet":"max-snippet:-1","max-image-preview":"max-image-preview:large","max-video-preview":"max-video-preview:-1"},"canonical":"https:\/\/elbrogit.com\/es\/servicios-precios\/","og_locale":"es_ES","og_type":"article","og_title":"Servicios y precios - Senderismo y enoturismo en Catalunya","og_description":"Viajes guiados de senderismo y en bici por Catalunya Somos gu\u00edas locales de senderismo expertos en nuestro territorio, el desconocido sur de Catalunya. En 2013 hemos creado nuestra propia agencia de viajes (licenncia GC-2786), para ofrecerte un viaje integral incluyendo alojamientos, compa\u00f1\u00edas locales de gu\u00edas del resto de Catalunya, acogedores alojamientos y restaurantes, transfers locales,&#8230; [&hellip;]","og_url":"https:\/\/elbrogit.com\/es\/servicios-precios\/","og_site_name":"Senderismo y enoturismo en Catalunya","article_publisher":"http:\/\/www.facebook.com\/brogit.guiatges","article_modified_time":"2020-09-11T17:12:07+00:00","og_image":[{"url":"http:\/\/www.elbrogit.com\/tl_files\/BrogitGuiatges\/web\/serveis_foto_Montsant.jpg","type":"","width":"","height":""}],"twitter_card":"summary_large_image","twitter_site":"@elbrogit","twitter_misc":{"Tiempo de lectura":"2 minutos"},"schema":{"@context":"https:\/\/schema.org","@graph":[{"@type":"WebPage","@id":"https:\/\/elbrogit.com\/es\/servicios-precios\/","url":"https:\/\/elbrogit.com\/es\/servicios-precios\/","name":"Servicios y precios - Senderismo y enoturismo en Catalunya","isPartOf":{"@id":"https:\/\/elbrogit.com\/es\/#website"},"primaryImageOfPage":{"@id":"https:\/\/elbrogit.com\/es\/servicios-precios\/#primaryimage"},"image":{"@id":"https:\/\/elbrogit.com\/es\/servicios-precios\/#primaryimage"},"thumbnailUrl":"http:\/\/www.elbrogit.com\/tl_files\/BrogitGuiatges\/web\/serveis_foto_Montsant.jpg","datePublished":"2020-09-11T17:11:27+00:00","dateModified":"2020-09-11T17:12:07+00:00","breadcrumb":{"@id":"https:\/\/elbrogit.com\/es\/servicios-precios\/#breadcrumb"},"inLanguage":"es","potentialAction":[{"@type":"ReadAction","target":["https:\/\/elbrogit.com\/es\/servicios-precios\/"]}]},{"@type":"ImageObject","inLanguage":"es","@id":"https:\/\/elbrogit.com\/es\/servicios-precios\/#primaryimage","url":"http:\/\/www.elbrogit.com\/tl_files\/BrogitGuiatges\/web\/serveis_foto_Montsant.jpg","contentUrl":"http:\/\/www.elbrogit.com\/tl_files\/BrogitGuiatges\/web\/serveis_foto_Montsant.jpg"},{"@type":"BreadcrumbList","@id":"https:\/\/elbrogit.com\/es\/servicios-precios\/#breadcrumb","itemListElement":[{"@type":"ListItem","position":1,"name":"Home","item":"https:\/\/elbrogit.com\/es\/"},{"@type":"ListItem","position":2,"name":"Servicios y precios"}]},{"@type":"WebSite","@id":"https:\/\/elbrogit.com\/es\/#website","url":"https:\/\/elbrogit.com\/es\/","name":"Senderismo y enoturismo en Catalunya","description":"Ecotourism, walking, wine tourism and cultural holidays in Catalonia","publisher":{"@id":"https:\/\/elbrogit.com\/es\/#organization"},"potentialAction":[{"@type":"SearchAction","target":{"@type":"EntryPoint","urlTemplate":"https:\/\/elbrogit.com\/es\/?s={search_term_string}"},"query-input":{"@type":"PropertyValueSpecification","valueRequired":true,"valueName":"search_term_string"}}],"inLanguage":"es"},{"@type":"Organization","@id":"https:\/\/elbrogit.com\/es\/#organization","name":"Senderismo y enoturismo en Catalunya","url":"https:\/\/elbrogit.com\/es\/","logo":{"@type":"ImageObject","inLanguage":"es","@id":"https:\/\/elbrogit.com\/es\/#\/schema\/logo\/image\/","url":"https:\/\/elbrogit.com\/wp-content\/uploads\/cropped-LogoBrogitWeb.jpg","contentUrl":"https:\/\/elbrogit.com\/wp-content\/uploads\/cropped-LogoBrogitWeb.jpg","width":161,"height":108,"caption":"Senderismo y enoturismo en Catalunya"},"image":{"@id":"https:\/\/elbrogit.com\/es\/#\/schema\/logo\/image\/"},"sameAs":["http:\/\/www.facebook.com\/brogit.guiatges","https:\/\/x.com\/elbrogit"]}]}},"jetpack_sharing_enabled":true,"_links":{"self":[{"href":"https:\/\/elbrogit.com\/es\/wp-json\/wp\/v2\/pages\/7262","targetHints":{"allow":["GET"]}}],"collection":[{"href":"https:\/\/elbrogit.com\/es\/wp-json\/wp\/v2\/pages"}],"about":[{"href":"https:\/\/elbrogit.com\/es\/wp-json\/wp\/v2\/types\/page"}],"author":[{"embeddable":true,"href":"https:\/\/elbrogit.com\/es\/wp-json\/wp\/v2\/users\/1"}],"replies":[{"embeddable":true,"href":"https:\/\/elbrogit.com\/es\/wp-json\/wp\/v2\/comments?post=7262"}],"version-history":[{"count":1,"href":"https:\/\/elbrogit.com\/es\/wp-json\/wp\/v2\/pages\/7262\/revisions"}],"predecessor-version":[{"id":7263,"href":"https:\/\/elbrogit.com\/es\/wp-json\/wp\/v2\/pages\/7262\/revisions\/7263"}],"wp:attachment":[{"href":"https:\/\/elbrogit.com\/es\/wp-json\/wp\/v2\/media?parent=7262"}],"curies":[{"name":"wp","href":"https:\/\/api.w.org\/{rel}","templated":true}]}}