{"id":9027,"date":"2021-03-01T15:43:01","date_gmt":"2021-03-01T14:43:01","guid":{"rendered":"https:\/\/elbrogit.com\/mr00cas\/"},"modified":"2023-07-11T11:49:35","modified_gmt":"2023-07-11T09:49:35","slug":"mr00cas","status":"publish","type":"page","link":"https:\/\/elbrogit.com\/es\/mr00cas\/","title":{"rendered":"mr00CAS"},"content":{"rendered":"\t\t<div data-elementor-type=\"wp-page\" data-elementor-id=\"9027\" class=\"elementor elementor-9027 elementor-6713\" data-elementor-post-type=\"page\">\n\t\t\t\t\t\t<section data-particle_enable=\"false\" data-particle-mobile-disabled=\"false\" class=\"elementor-section elementor-top-section elementor-element elementor-element-68f54f07 elementor-section-boxed elementor-section-height-default elementor-section-height-default\" data-id=\"68f54f07\" data-element_type=\"section\" data-settings=\"{&quot;background_background&quot;:&quot;classic&quot;}\">\n\t\t\t\t\t\t<div class=\"elementor-container elementor-column-gap-default\">\n\t\t\t\t\t<div class=\"elementor-column elementor-col-100 elementor-top-column elementor-element elementor-element-3f13af9a\" data-id=\"3f13af9a\" data-element_type=\"column\">\n\t\t\t<div class=\"elementor-widget-wrap elementor-element-populated\">\n\t\t\t\t\t\t<div class=\"elementor-element elementor-element-4835e7df elementor-widget elementor-widget-image\" data-id=\"4835e7df\" data-element_type=\"widget\" data-widget_type=\"image.default\">\n\t\t\t\t<div class=\"elementor-widget-container\">\n\t\t\t\t\t\t\t\t\t\t\t\t\t\t\t<img decoding=\"async\" src=\"https:\/\/elbrogit.com\/wp-content\/uploads\/00_MontroigPoble.jpg\" title=\"\" alt=\"\" loading=\"lazy\" \/>\t\t\t\t\t\t\t\t\t\t\t\t\t\t\t<\/div>\n\t\t\t\t<\/div>\n\t\t\t\t\t<\/div>\n\t\t<\/div>\n\t\t\t\t\t<\/div>\n\t\t<\/section>\n\t\t\t\t<section data-particle_enable=\"false\" data-particle-mobile-disabled=\"false\" class=\"elementor-section elementor-top-section elementor-element elementor-element-76461353 elementor-section-boxed elementor-section-height-default elementor-section-height-default\" data-id=\"76461353\" data-element_type=\"section\">\n\t\t\t\t\t\t<div class=\"elementor-container elementor-column-gap-default\">\n\t\t\t\t\t<div class=\"elementor-column elementor-col-50 elementor-top-column elementor-element elementor-element-40772b01\" data-id=\"40772b01\" data-element_type=\"column\">\n\t\t\t<div class=\"elementor-widget-wrap elementor-element-populated\">\n\t\t\t\t\t\t<div class=\"elementor-element elementor-element-255a9f57 elementor-widget__width-initial elementor-absolute elementor-widget-mobile__width-initial elementor-widget-tablet__width-initial elementor-widget elementor-widget-image\" data-id=\"255a9f57\" data-element_type=\"widget\" data-settings=\"{&quot;_position&quot;:&quot;absolute&quot;}\" data-widget_type=\"image.default\">\n\t\t\t\t<div class=\"elementor-widget-container\">\n\t\t\t\t\t\t\t\t\t\t\t\t\t\t\t<img fetchpriority=\"high\" decoding=\"async\" width=\"207\" height=\"250\" src=\"https:\/\/elbrogit.com\/wp-content\/uploads\/Avatar00.png\" class=\"attachment-full size-full wp-image-7995\" alt=\"\" \/>\t\t\t\t\t\t\t\t\t\t\t\t\t\t\t<\/div>\n\t\t\t\t<\/div>\n\t\t\t\t\t<\/div>\n\t\t<\/div>\n\t\t\t\t<div class=\"elementor-column elementor-col-50 elementor-top-column elementor-element elementor-element-37ba1945\" data-id=\"37ba1945\" data-element_type=\"column\">\n\t\t\t<div class=\"elementor-widget-wrap elementor-element-populated\">\n\t\t\t\t\t\t<div class=\"elementor-element elementor-element-250cf258 elementor-widget__width-inherit elementor-widget elementor-widget-text-editor\" data-id=\"250cf258\" data-element_type=\"widget\" data-widget_type=\"text-editor.default\">\n\t\t\t\t<div class=\"elementor-widget-container\">\n\t\t\t\t\t\t\t\t\t<p style=\"text-align: center;\"><strong>\u00a1Bienvenidos a Mont-roig!<\/strong><\/p><p><b>Me llamo Roca, <\/b>vecina de Mont-roig de toda la vida y apasionada investigadora de los misterios y personas de mi pueblo. Hoy estoy buscando <strong>la identidad <\/strong>de un eminente habitante del pueblo, solo s\u00e9 su nombre, <strong>Antoni. <\/strong>Estoy segura que si buscamos por los <strong>lugares m\u00e1s singulares <\/strong>de Mont-roig seguro que descubriremos su nombre completo. \u00bfMe ayud\u00e1is a identificarlo?<\/p>\t\t\t\t\t\t\t\t<\/div>\n\t\t\t\t<\/div>\n\t\t\t\t<section data-particle_enable=\"false\" data-particle-mobile-disabled=\"false\" class=\"elementor-section elementor-inner-section elementor-element elementor-element-0d467cb elementor-section-boxed elementor-section-height-default elementor-section-height-default\" data-id=\"0d467cb\" data-element_type=\"section\">\n\t\t\t\t\t\t<div class=\"elementor-container elementor-column-gap-default\">\n\t\t\t\t\t<div class=\"elementor-column elementor-col-50 elementor-inner-column elementor-element elementor-element-6ef0be6\" data-id=\"6ef0be6\" data-element_type=\"column\">\n\t\t\t<div class=\"elementor-widget-wrap elementor-element-populated\">\n\t\t\t\t\t\t<div class=\"elementor-element elementor-element-f0341d9 elementor-absolute elementor-widget-mobile__width-initial elementor-widget elementor-widget-image\" data-id=\"f0341d9\" data-element_type=\"widget\" data-settings=\"{&quot;_position&quot;:&quot;absolute&quot;}\" data-widget_type=\"image.default\">\n\t\t\t\t<div class=\"elementor-widget-container\">\n\t\t\t\t\t\t\t\t\t\t\t\t\t\t\t<img decoding=\"async\" src=\"https:\/\/elbrogit.com\/wp-content\/uploads\/PuntetsEnigmaVermell.png\" title=\"\" alt=\"\" loading=\"lazy\" \/>\t\t\t\t\t\t\t\t\t\t\t\t\t\t\t<\/div>\n\t\t\t\t<\/div>\n\t\t\t\t\t<\/div>\n\t\t<\/div>\n\t\t\t\t<div class=\"elementor-column elementor-col-50 elementor-inner-column elementor-element elementor-element-573cd85\" data-id=\"573cd85\" data-element_type=\"column\">\n\t\t\t<div class=\"elementor-widget-wrap\">\n\t\t\t\t\t\t\t<\/div>\n\t\t<\/div>\n\t\t\t\t\t<\/div>\n\t\t<\/section>\n\t\t\t\t\t<\/div>\n\t\t<\/div>\n\t\t\t\t\t<\/div>\n\t\t<\/section>\n\t\t\t\t<section data-particle_enable=\"false\" data-particle-mobile-disabled=\"false\" class=\"elementor-section elementor-top-section elementor-element elementor-element-25bdb3d4 elementor-section-boxed elementor-section-height-default elementor-section-height-default\" data-id=\"25bdb3d4\" data-element_type=\"section\">\n\t\t\t\t\t\t<div class=\"elementor-container elementor-column-gap-default\">\n\t\t\t\t\t<div class=\"elementor-column elementor-col-100 elementor-top-column elementor-element elementor-element-d5729b2\" data-id=\"d5729b2\" data-element_type=\"column\">\n\t\t\t<div class=\"elementor-widget-wrap elementor-element-populated\">\n\t\t\t\t\t\t<div class=\"elementor-element elementor-element-6cf5be2f elementor-widget__width-inherit elementor-widget elementor-widget-text-editor\" data-id=\"6cf5be2f\" data-element_type=\"widget\" data-widget_type=\"text-editor.default\">\n\t\t\t\t<div class=\"elementor-widget-container\">\n\t\t\t\t\t\t\t\t\t<p><b>El juego consta de dos fases:<\/b><\/p><p><b>1. <\/b>Deber\u00e9is <strong>orientaros<\/strong> con las indicaciones que os dar\u00e9 para encontrar las <strong>diferentes ubicaciones<\/strong> que os llevaran al Mont-roig m\u00e1s desconocido. \u00a1No sufr\u00e1is! Si no ten\u00e9is manera de encontrar el lugar, pod\u00e9is pedir la <strong>localizaci\u00f3n <\/strong>y hacer clic al enlace de Google Maps. \u00a1Ah! Y ya os aviso ahora, soy muy aficionada a los versos!<\/p><p><strong>2.<\/strong> Deber\u00e9is<strong> resolver el enigma <\/strong>para poder avanzar. Podr\u00e9is hacer uso de una <strong>pista <\/strong> o podr\u00e9is pedir la soluci\u00f3n si no lo consegu\u00eds. \u00a1Recordad responder <strong>siempre en may\u00fasculas y sin dejar espacios en blanco! <\/strong>Por otro lado, la primera vez que os pida \u00abguardar contrase\u00f1a\u00bb, haced clic en \u00abNunca\u00bb y ya no os la volver\u00e1 a requerir.<\/p><p>\u00bfEmpezamos con el primer enigma de prueba?<\/p>\t\t\t\t\t\t\t\t<\/div>\n\t\t\t\t<\/div>\n\t\t\t\t\t<\/div>\n\t\t<\/div>\n\t\t\t\t\t<\/div>\n\t\t<\/section>\n\t\t\t\t<section data-particle_enable=\"false\" data-particle-mobile-disabled=\"false\" class=\"elementor-section elementor-top-section elementor-element elementor-element-3fba85ed elementor-section-boxed elementor-section-height-default elementor-section-height-default\" data-id=\"3fba85ed\" data-element_type=\"section\">\n\t\t\t\t\t\t<div class=\"elementor-container elementor-column-gap-default\">\n\t\t\t\t\t<div class=\"elementor-column elementor-col-100 elementor-top-column elementor-element elementor-element-2715468e\" data-id=\"2715468e\" data-element_type=\"column\">\n\t\t\t<div class=\"elementor-widget-wrap elementor-element-populated\">\n\t\t\t\t\t\t<div class=\"elementor-element elementor-element-2f60d853 elementor-widget__width-inherit elementor-widget elementor-widget-text-editor\" data-id=\"2f60d853\" data-element_type=\"widget\" data-widget_type=\"text-editor.default\">\n\t\t\t\t<div class=\"elementor-widget-container\">\n\t\t\t\t\t\t\t\t\t<p><strong>\u00bfDe qu\u00e9 color es la piedra que da nombre al municipio?<\/strong><\/p>\t\t\t\t\t\t\t\t<\/div>\n\t\t\t\t<\/div>\n\t\t\t\t<section data-particle_enable=\"false\" data-particle-mobile-disabled=\"false\" class=\"elementor-section elementor-inner-section elementor-element elementor-element-a8279c7 elementor-section-boxed elementor-section-height-default elementor-section-height-default\" data-id=\"a8279c7\" data-element_type=\"section\">\n\t\t\t\t\t\t<div class=\"elementor-container elementor-column-gap-default\">\n\t\t\t\t\t<div class=\"elementor-column elementor-col-50 elementor-inner-column elementor-element elementor-element-f869163\" data-id=\"f869163\" data-element_type=\"column\">\n\t\t\t<div class=\"elementor-widget-wrap\">\n\t\t\t\t\t\t\t<\/div>\n\t\t<\/div>\n\t\t\t\t<div class=\"elementor-column elementor-col-50 elementor-inner-column elementor-element elementor-element-7f5e345\" data-id=\"7f5e345\" data-element_type=\"column\">\n\t\t\t<div class=\"elementor-widget-wrap elementor-element-populated\">\n\t\t\t\t\t\t<div class=\"elementor-element elementor-element-ed9b30d elementor-absolute elementor-widget-mobile__width-initial elementor-widget elementor-widget-image\" data-id=\"ed9b30d\" data-element_type=\"widget\" data-settings=\"{&quot;_position&quot;:&quot;absolute&quot;}\" data-widget_type=\"image.default\">\n\t\t\t\t<div class=\"elementor-widget-container\">\n\t\t\t\t\t\t\t\t\t\t\t\t\t\t\t<img decoding=\"async\" src=\"https:\/\/elbrogit.com\/wp-content\/uploads\/PuntetsEnigma.png\" title=\"\" alt=\"\" loading=\"lazy\" \/>\t\t\t\t\t\t\t\t\t\t\t\t\t\t\t<\/div>\n\t\t\t\t<\/div>\n\t\t\t\t\t<\/div>\n\t\t<\/div>\n\t\t\t\t\t<\/div>\n\t\t<\/section>\n\t\t\t\t\t<\/div>\n\t\t<\/div>\n\t\t\t\t\t<\/div>\n\t\t<\/section>\n\t\t\t\t<section data-particle_enable=\"false\" data-particle-mobile-disabled=\"false\" class=\"elementor-section elementor-top-section elementor-element elementor-element-9d30cd9 elementor-section-content-middle elementor-section-boxed elementor-section-height-default elementor-section-height-default\" data-id=\"9d30cd9\" data-element_type=\"section\">\n\t\t\t\t\t\t<div class=\"elementor-container elementor-column-gap-default\">\n\t\t\t\t\t<div class=\"elementor-column elementor-col-100 elementor-top-column elementor-element elementor-element-f6dda31\" data-id=\"f6dda31\" data-element_type=\"column\">\n\t\t\t<div class=\"elementor-widget-wrap elementor-element-populated\">\n\t\t\t\t\t\t<div class=\"elementor-element elementor-element-56fe460 elementor-widget elementor-widget-eael-protected-content\" data-id=\"56fe460\" data-element_type=\"widget\" data-widget_type=\"eael-protected-content.default\">\n\t\t\t\t<div class=\"elementor-widget-container\">\n\t\t\t\t\t\t\t\t        <div class=\"eael-protected-content-message\">\n\t\t\t\t\t\t\t\t\t\t\t\t<div class=\"eael-protected-content-message-text\"><p><strong>\u00bfYa sab\u00e9is cu\u00e1l es la respuesta?<\/strong><\/p><\/div>\n\t\t\t\t\t\t\t        <\/div>\n\t\t        <div class=\"eael-password-protected-content-fields\">\n            <form id =\"eael_protected_content_form_56fe460\" name=\"eael_protected_content_form_56fe460\" method=\"post\">\n                <input type=\"password\" name=\"protection_password_56fe460\" class=\"eael-password\"\n                       placeholder=\"Escribid en may\u00fasculas\">\n                <input type=\"hidden\" name=\"eael_protected_content_nonce_56fe460\"\n                       value=\"500fc7a106\">\n                <input type=\"submit\" value=\"Ok\"\n                       class=\"eael-submit\">\n\t\t\t\t            <\/form>\n\t                <\/div>\n\t\t\t\t\t\t\t\t\t\t<\/div>\n\t\t\t\t<\/div>\n\t\t\t\t\t<\/div>\n\t\t<\/div>\n\t\t\t\t\t<\/div>\n\t\t<\/section>\n\t\t\t\t<section data-particle_enable=\"false\" data-particle-mobile-disabled=\"false\" class=\"elementor-section elementor-top-section elementor-element elementor-element-15f7fccc elementor-section-boxed elementor-section-height-default elementor-section-height-default\" data-id=\"15f7fccc\" data-element_type=\"section\">\n\t\t\t\t\t\t<div class=\"elementor-container elementor-column-gap-default\">\n\t\t\t\t\t<div class=\"elementor-column elementor-col-100 elementor-top-column elementor-element elementor-element-3a4c6672\" data-id=\"3a4c6672\" data-element_type=\"column\">\n\t\t\t<div class=\"elementor-widget-wrap elementor-element-populated\">\n\t\t\t\t\t\t<div class=\"elementor-element elementor-element-e810417 elementor-widget elementor-widget-eael-adv-accordion\" data-id=\"e810417\" data-element_type=\"widget\" data-widget_type=\"eael-adv-accordion.default\">\n\t\t\t\t<div class=\"elementor-widget-container\">\n\t\t\t\t\t        <div class=\"eael-adv-accordion\" id=\"eael-adv-accordion-e810417\" data-scroll-on-click=\"no\" data-scroll-speed=\"300\" data-accordion-id=\"e810417\" data-accordion-type=\"accordion\" data-toogle-speed=\"300\">\n    <div class=\"eael-accordion-list\">\n                <div id=\"queremos-una-pista\" class=\"elementor-tab-title eael-accordion-header\" tabindex=\"0\" data-tab=\"1\" aria-controls=\"elementor-tab-content-2431\"><span class=\"eael-advanced-accordion-icon-closed\"><i aria-hidden=\"true\" class=\"fa-accordion-icon fas fa-puzzle-piece\"><\/i><\/span><span class=\"eael-advanced-accordion-icon-opened\"><i aria-hidden=\"true\" class=\"fa-accordion-icon fas fa-minus\"><\/i><\/span><span class=\"eael-accordion-tab-title\">\u00a1\u00a1\u00a1Queremos  una pista!!!<\/span><i aria-hidden=\"true\" class=\"fa-toggle fas fa-angle-right\"><\/i><\/div><div id=\"elementor-tab-content-2431\" class=\"eael-accordion-content clearfix\" data-tab=\"1\" aria-labelledby=\"queremos-una-pista\"><p style=\"text-align: center;\"><strong>No es tan dif\u00edcil si os fij\u00e1is en el nombre del pueblo, o en el color de la monta\u00f1a&#8230;<br \/><\/strong><\/p><p style=\"text-align: center;\">\u00a1Recordad escribirlo todo en may\u00fasculas!<\/p><\/div>\n                <\/div><div class=\"eael-accordion-list\">\n                <div id=\"danos-la-solucin\" class=\"elementor-tab-title eael-accordion-header\" tabindex=\"0\" data-tab=\"2\" aria-controls=\"elementor-tab-content-2432\"><span class=\"eael-advanced-accordion-icon-closed\"><i aria-hidden=\"true\" class=\"fa-accordion-icon fas fa-key\"><\/i><\/span><span class=\"eael-advanced-accordion-icon-opened\"><i aria-hidden=\"true\" class=\"fa-accordion-icon fas fa-minus\"><\/i><\/span><span class=\"eael-accordion-tab-title\">\u00a1\u00a1\u00a1Danos la soluci\u00f3n!!!<\/span><i aria-hidden=\"true\" class=\"fa-toggle fas fa-angle-right\"><\/i><\/div><div id=\"elementor-tab-content-2432\" class=\"eael-accordion-content clearfix\" data-tab=\"2\" aria-labelledby=\"danos-la-solucin\"><p style=\"text-align: center;\"><strong>ROJO<\/strong><\/p>\n<\/div>\n                <\/div><\/div>\t\t\t\t<\/div>\n\t\t\t\t<\/div>\n\t\t\t\t\t<\/div>\n\t\t<\/div>\n\t\t\t\t\t<\/div>\n\t\t<\/section>\n\t\t\t\t<\/div>\n\t\t","protected":false},"excerpt":{"rendered":"<p>\u00a1Bienvenidos a Mont-roig! Me llamo Roca, vecina de Mont-roig de toda la vida y apasionada investigadora de los misterios y personas de mi pueblo. Hoy estoy buscando la identidad de un eminente habitante del pueblo, solo s\u00e9 su nombre, Antoni. Estoy segura que si buscamos por los lugares m\u00e1s singulares de Mont-roig seguro que descubriremos [&hellip;]<\/p>\n","protected":false},"author":5,"featured_media":0,"parent":0,"menu_order":0,"comment_status":"closed","ping_status":"closed","template":"","meta":{"_acf_changed":false,"footnotes":""},"class_list":["post-9027","page","type-page","status-publish","hentry"],"acf":[],"yoast_head":"<!-- This site is optimized with the Yoast SEO plugin v25.1 - https:\/\/yoast.com\/wordpress\/plugins\/seo\/ -->\n<title>mr00CAS - Senderismo y enoturismo en Catalunya<\/title>\n<meta name=\"robots\" content=\"index, follow, max-snippet:-1, max-image-preview:large, max-video-preview:-1\" \/>\n<link rel=\"canonical\" href=\"https:\/\/elbrogit.com\/es\/mr00cas\/\" \/>\n<meta property=\"og:locale\" content=\"es_ES\" \/>\n<meta property=\"og:type\" content=\"article\" \/>\n<meta property=\"og:title\" content=\"mr00CAS - Senderismo y enoturismo en Catalunya\" \/>\n<meta property=\"og:description\" content=\"\u00a1Bienvenidos a Mont-roig! Me llamo Roca, vecina de Mont-roig de toda la vida y apasionada investigadora de los misterios y personas de mi pueblo. Hoy estoy buscando la identidad de un eminente habitante del pueblo, solo s\u00e9 su nombre, Antoni. Estoy segura que si buscamos por los lugares m\u00e1s singulares de Mont-roig seguro que descubriremos [&hellip;]\" \/>\n<meta property=\"og:url\" content=\"https:\/\/elbrogit.com\/es\/mr00cas\/\" \/>\n<meta property=\"og:site_name\" content=\"Senderismo y enoturismo en Catalunya\" \/>\n<meta property=\"article:publisher\" content=\"http:\/\/www.facebook.com\/brogit.guiatges\" \/>\n<meta property=\"article:modified_time\" content=\"2023-07-11T09:49:35+00:00\" \/>\n<meta property=\"og:image\" content=\"https:\/\/elbrogit.com\/wp-content\/uploads\/00_MontroigPoble.jpg\" \/>\n<meta name=\"twitter:card\" content=\"summary_large_image\" \/>\n<meta name=\"twitter:site\" content=\"@elbrogit\" \/>\n<meta name=\"twitter:label1\" content=\"Tiempo de lectura\" \/>\n\t<meta name=\"twitter:data1\" content=\"2 minutos\" \/>\n<script type=\"application\/ld+json\" class=\"yoast-schema-graph\">{\"@context\":\"https:\/\/schema.org\",\"@graph\":[{\"@type\":\"WebPage\",\"@id\":\"https:\/\/elbrogit.com\/es\/mr00cas\/\",\"url\":\"https:\/\/elbrogit.com\/es\/mr00cas\/\",\"name\":\"mr00CAS - Senderismo y enoturismo en Catalunya\",\"isPartOf\":{\"@id\":\"https:\/\/elbrogit.com\/es\/#website\"},\"primaryImageOfPage\":{\"@id\":\"https:\/\/elbrogit.com\/es\/mr00cas\/#primaryimage\"},\"image\":{\"@id\":\"https:\/\/elbrogit.com\/es\/mr00cas\/#primaryimage\"},\"thumbnailUrl\":\"https:\/\/elbrogit.com\/wp-content\/uploads\/00_MontroigPoble.jpg\",\"datePublished\":\"2021-03-01T14:43:01+00:00\",\"dateModified\":\"2023-07-11T09:49:35+00:00\",\"breadcrumb\":{\"@id\":\"https:\/\/elbrogit.com\/es\/mr00cas\/#breadcrumb\"},\"inLanguage\":\"es\",\"potentialAction\":[{\"@type\":\"ReadAction\",\"target\":[\"https:\/\/elbrogit.com\/es\/mr00cas\/\"]}]},{\"@type\":\"ImageObject\",\"inLanguage\":\"es\",\"@id\":\"https:\/\/elbrogit.com\/es\/mr00cas\/#primaryimage\",\"url\":\"https:\/\/elbrogit.com\/wp-content\/uploads\/00_MontroigPoble.jpg\",\"contentUrl\":\"https:\/\/elbrogit.com\/wp-content\/uploads\/00_MontroigPoble.jpg\"},{\"@type\":\"BreadcrumbList\",\"@id\":\"https:\/\/elbrogit.com\/es\/mr00cas\/#breadcrumb\",\"itemListElement\":[{\"@type\":\"ListItem\",\"position\":1,\"name\":\"Home\",\"item\":\"https:\/\/elbrogit.com\/es\/\"},{\"@type\":\"ListItem\",\"position\":2,\"name\":\"mr00CAS\"}]},{\"@type\":\"WebSite\",\"@id\":\"https:\/\/elbrogit.com\/es\/#website\",\"url\":\"https:\/\/elbrogit.com\/es\/\",\"name\":\"Senderismo y enoturismo en Catalunya\",\"description\":\"Ecotourism, walking, wine tourism and cultural holidays in Catalonia\",\"publisher\":{\"@id\":\"https:\/\/elbrogit.com\/es\/#organization\"},\"potentialAction\":[{\"@type\":\"SearchAction\",\"target\":{\"@type\":\"EntryPoint\",\"urlTemplate\":\"https:\/\/elbrogit.com\/es\/?s={search_term_string}\"},\"query-input\":{\"@type\":\"PropertyValueSpecification\",\"valueRequired\":true,\"valueName\":\"search_term_string\"}}],\"inLanguage\":\"es\"},{\"@type\":\"Organization\",\"@id\":\"https:\/\/elbrogit.com\/es\/#organization\",\"name\":\"Senderismo y enoturismo en Catalunya\",\"url\":\"https:\/\/elbrogit.com\/es\/\",\"logo\":{\"@type\":\"ImageObject\",\"inLanguage\":\"es\",\"@id\":\"https:\/\/elbrogit.com\/es\/#\/schema\/logo\/image\/\",\"url\":\"https:\/\/elbrogit.com\/wp-content\/uploads\/cropped-LogoBrogitWeb.jpg\",\"contentUrl\":\"https:\/\/elbrogit.com\/wp-content\/uploads\/cropped-LogoBrogitWeb.jpg\",\"width\":161,\"height\":108,\"caption\":\"Senderismo y enoturismo en Catalunya\"},\"image\":{\"@id\":\"https:\/\/elbrogit.com\/es\/#\/schema\/logo\/image\/\"},\"sameAs\":[\"http:\/\/www.facebook.com\/brogit.guiatges\",\"https:\/\/x.com\/elbrogit\"]}]}<\/script>\n<!-- \/ Yoast SEO plugin. -->","yoast_head_json":{"title":"mr00CAS - Senderismo y enoturismo en Catalunya","robots":{"index":"index","follow":"follow","max-snippet":"max-snippet:-1","max-image-preview":"max-image-preview:large","max-video-preview":"max-video-preview:-1"},"canonical":"https:\/\/elbrogit.com\/es\/mr00cas\/","og_locale":"es_ES","og_type":"article","og_title":"mr00CAS - Senderismo y enoturismo en Catalunya","og_description":"\u00a1Bienvenidos a Mont-roig! Me llamo Roca, vecina de Mont-roig de toda la vida y apasionada investigadora de los misterios y personas de mi pueblo. Hoy estoy buscando la identidad de un eminente habitante del pueblo, solo s\u00e9 su nombre, Antoni. Estoy segura que si buscamos por los lugares m\u00e1s singulares de Mont-roig seguro que descubriremos [&hellip;]","og_url":"https:\/\/elbrogit.com\/es\/mr00cas\/","og_site_name":"Senderismo y enoturismo en Catalunya","article_publisher":"http:\/\/www.facebook.com\/brogit.guiatges","article_modified_time":"2023-07-11T09:49:35+00:00","og_image":[{"url":"https:\/\/elbrogit.com\/wp-content\/uploads\/00_MontroigPoble.jpg","type":"","width":"","height":""}],"twitter_card":"summary_large_image","twitter_site":"@elbrogit","twitter_misc":{"Tiempo de lectura":"2 minutos"},"schema":{"@context":"https:\/\/schema.org","@graph":[{"@type":"WebPage","@id":"https:\/\/elbrogit.com\/es\/mr00cas\/","url":"https:\/\/elbrogit.com\/es\/mr00cas\/","name":"mr00CAS - Senderismo y enoturismo en Catalunya","isPartOf":{"@id":"https:\/\/elbrogit.com\/es\/#website"},"primaryImageOfPage":{"@id":"https:\/\/elbrogit.com\/es\/mr00cas\/#primaryimage"},"image":{"@id":"https:\/\/elbrogit.com\/es\/mr00cas\/#primaryimage"},"thumbnailUrl":"https:\/\/elbrogit.com\/wp-content\/uploads\/00_MontroigPoble.jpg","datePublished":"2021-03-01T14:43:01+00:00","dateModified":"2023-07-11T09:49:35+00:00","breadcrumb":{"@id":"https:\/\/elbrogit.com\/es\/mr00cas\/#breadcrumb"},"inLanguage":"es","potentialAction":[{"@type":"ReadAction","target":["https:\/\/elbrogit.com\/es\/mr00cas\/"]}]},{"@type":"ImageObject","inLanguage":"es","@id":"https:\/\/elbrogit.com\/es\/mr00cas\/#primaryimage","url":"https:\/\/elbrogit.com\/wp-content\/uploads\/00_MontroigPoble.jpg","contentUrl":"https:\/\/elbrogit.com\/wp-content\/uploads\/00_MontroigPoble.jpg"},{"@type":"BreadcrumbList","@id":"https:\/\/elbrogit.com\/es\/mr00cas\/#breadcrumb","itemListElement":[{"@type":"ListItem","position":1,"name":"Home","item":"https:\/\/elbrogit.com\/es\/"},{"@type":"ListItem","position":2,"name":"mr00CAS"}]},{"@type":"WebSite","@id":"https:\/\/elbrogit.com\/es\/#website","url":"https:\/\/elbrogit.com\/es\/","name":"Senderismo y enoturismo en Catalunya","description":"Ecotourism, walking, wine tourism and cultural holidays in Catalonia","publisher":{"@id":"https:\/\/elbrogit.com\/es\/#organization"},"potentialAction":[{"@type":"SearchAction","target":{"@type":"EntryPoint","urlTemplate":"https:\/\/elbrogit.com\/es\/?s={search_term_string}"},"query-input":{"@type":"PropertyValueSpecification","valueRequired":true,"valueName":"search_term_string"}}],"inLanguage":"es"},{"@type":"Organization","@id":"https:\/\/elbrogit.com\/es\/#organization","name":"Senderismo y enoturismo en Catalunya","url":"https:\/\/elbrogit.com\/es\/","logo":{"@type":"ImageObject","inLanguage":"es","@id":"https:\/\/elbrogit.com\/es\/#\/schema\/logo\/image\/","url":"https:\/\/elbrogit.com\/wp-content\/uploads\/cropped-LogoBrogitWeb.jpg","contentUrl":"https:\/\/elbrogit.com\/wp-content\/uploads\/cropped-LogoBrogitWeb.jpg","width":161,"height":108,"caption":"Senderismo y enoturismo en Catalunya"},"image":{"@id":"https:\/\/elbrogit.com\/es\/#\/schema\/logo\/image\/"},"sameAs":["http:\/\/www.facebook.com\/brogit.guiatges","https:\/\/x.com\/elbrogit"]}]}},"jetpack_sharing_enabled":true,"_links":{"self":[{"href":"https:\/\/elbrogit.com\/es\/wp-json\/wp\/v2\/pages\/9027","targetHints":{"allow":["GET"]}}],"collection":[{"href":"https:\/\/elbrogit.com\/es\/wp-json\/wp\/v2\/pages"}],"about":[{"href":"https:\/\/elbrogit.com\/es\/wp-json\/wp\/v2\/types\/page"}],"author":[{"embeddable":true,"href":"https:\/\/elbrogit.com\/es\/wp-json\/wp\/v2\/users\/5"}],"replies":[{"embeddable":true,"href":"https:\/\/elbrogit.com\/es\/wp-json\/wp\/v2\/comments?post=9027"}],"version-history":[{"count":4,"href":"https:\/\/elbrogit.com\/es\/wp-json\/wp\/v2\/pages\/9027\/revisions"}],"predecessor-version":[{"id":9908,"href":"https:\/\/elbrogit.com\/es\/wp-json\/wp\/v2\/pages\/9027\/revisions\/9908"}],"wp:attachment":[{"href":"https:\/\/elbrogit.com\/es\/wp-json\/wp\/v2\/media?parent=9027"}],"curies":[{"name":"wp","href":"https:\/\/api.w.org\/{rel}","templated":true}]}}