{"id":9029,"date":"2021-03-02T15:53:31","date_gmt":"2021-03-02T14:53:31","guid":{"rendered":"https:\/\/elbrogit.com\/mr01cas\/"},"modified":"2023-07-11T11:49:36","modified_gmt":"2023-07-11T09:49:36","slug":"mr01cas","status":"publish","type":"page","link":"https:\/\/elbrogit.com\/es\/mr01cas\/","title":{"rendered":"mr01CAS"},"content":{"rendered":"\t\t<div data-elementor-type=\"wp-page\" data-elementor-id=\"9029\" class=\"elementor elementor-9029 elementor-6863\" data-elementor-post-type=\"page\">\n\t\t\t\t\t\t<section data-particle_enable=\"false\" data-particle-mobile-disabled=\"false\" class=\"elementor-section elementor-top-section elementor-element elementor-element-68f54f07 elementor-section-boxed elementor-section-height-default elementor-section-height-default\" data-id=\"68f54f07\" data-element_type=\"section\" data-settings=\"{&quot;background_background&quot;:&quot;classic&quot;}\">\n\t\t\t\t\t\t<div class=\"elementor-container elementor-column-gap-default\">\n\t\t\t\t\t<div class=\"elementor-column elementor-col-100 elementor-top-column elementor-element elementor-element-3f13af9a\" data-id=\"3f13af9a\" data-element_type=\"column\">\n\t\t\t<div class=\"elementor-widget-wrap elementor-element-populated\">\n\t\t\t\t\t\t<div class=\"elementor-element elementor-element-4835e7df elementor-widget elementor-widget-image\" data-id=\"4835e7df\" data-element_type=\"widget\" data-widget_type=\"image.default\">\n\t\t\t\t<div class=\"elementor-widget-container\">\n\t\t\t\t\t\t\t\t\t\t\t\t\t\t\t<img fetchpriority=\"high\" decoding=\"async\" width=\"2048\" height=\"1536\" src=\"https:\/\/elbrogit.com\/wp-content\/uploads\/Cal-Guapo-facana_resize.jpg\" class=\"attachment-full size-full wp-image-9020\" alt=\"Cal Guapo\" srcset=\"https:\/\/elbrogit.com\/wp-content\/uploads\/Cal-Guapo-facana_resize.jpg 2048w, https:\/\/elbrogit.com\/wp-content\/uploads\/Cal-Guapo-facana_resize-300x225.jpg 300w, https:\/\/elbrogit.com\/wp-content\/uploads\/Cal-Guapo-facana_resize-600x450.jpg 600w, https:\/\/elbrogit.com\/wp-content\/uploads\/Cal-Guapo-facana_resize-1024x768.jpg 1024w, https:\/\/elbrogit.com\/wp-content\/uploads\/Cal-Guapo-facana_resize-768x576.jpg 768w, https:\/\/elbrogit.com\/wp-content\/uploads\/Cal-Guapo-facana_resize-1536x1152.jpg 1536w\" sizes=\"(max-width: 2048px) 100vw, 2048px\" \/>\t\t\t\t\t\t\t\t\t\t\t\t\t\t\t<\/div>\n\t\t\t\t<\/div>\n\t\t\t\t\t<\/div>\n\t\t<\/div>\n\t\t\t\t\t<\/div>\n\t\t<\/section>\n\t\t\t\t<section data-particle_enable=\"false\" data-particle-mobile-disabled=\"false\" class=\"elementor-section elementor-top-section elementor-element elementor-element-76461353 elementor-section-boxed elementor-section-height-default elementor-section-height-default\" data-id=\"76461353\" data-element_type=\"section\">\n\t\t\t\t\t\t<div class=\"elementor-container elementor-column-gap-default\">\n\t\t\t\t\t<div class=\"elementor-column elementor-col-50 elementor-top-column elementor-element elementor-element-40772b01\" data-id=\"40772b01\" data-element_type=\"column\">\n\t\t\t<div class=\"elementor-widget-wrap elementor-element-populated\">\n\t\t\t\t\t\t<div class=\"elementor-element elementor-element-255a9f57 elementor-widget__width-initial elementor-absolute elementor-widget-mobile__width-initial elementor-widget elementor-widget-image\" data-id=\"255a9f57\" data-element_type=\"widget\" data-settings=\"{&quot;_position&quot;:&quot;absolute&quot;}\" data-widget_type=\"image.default\">\n\t\t\t\t<div class=\"elementor-widget-container\">\n\t\t\t\t\t\t\t\t\t\t\t\t\t\t\t<img decoding=\"async\" width=\"197\" height=\"250\" src=\"https:\/\/elbrogit.com\/wp-content\/uploads\/Avatar01_riu.png\" class=\"attachment-full size-full wp-image-8239\" alt=\"\" \/>\t\t\t\t\t\t\t\t\t\t\t\t\t\t\t<\/div>\n\t\t\t\t<\/div>\n\t\t\t\t\t<\/div>\n\t\t<\/div>\n\t\t\t\t<div class=\"elementor-column elementor-col-50 elementor-top-column elementor-element elementor-element-37ba1945\" data-id=\"37ba1945\" data-element_type=\"column\">\n\t\t\t<div class=\"elementor-widget-wrap elementor-element-populated\">\n\t\t\t\t\t\t<div class=\"elementor-element elementor-element-250cf258 elementor-widget__width-inherit elementor-widget elementor-widget-text-editor\" data-id=\"250cf258\" data-element_type=\"widget\" data-widget_type=\"text-editor.default\">\n\t\t\t\t<div class=\"elementor-widget-container\">\n\t\t\t\t\t\t\t\t\t<p style=\"text-align: center;\">Supongo que hab\u00e9is dejado el coche en el aparcamiento y ya os encontr\u00e1is listos para la acci\u00f3n. De momento, ten\u00e9is que ir a la plaza donde de peque\u00f1a me hab\u00eda hartado a jugar a pelota. No me consta que Joan Mir\u00f3 tambi\u00e9n jugara all\u00ed, pero s\u00ed los ni\u00f1os de mi quinta de cal Guapo, vuestro primer objetivo.<\/p><p style=\"text-align: center;\">\u00bfVamos con el primer verso?<\/p><p style=\"text-align: center;\"><strong>Esto no es ninguna amenaza,<\/strong><br \/><strong>pero deb\u00e9is mostrar mucha atenci\u00f3n<\/strong><br \/><strong>toma de Mir\u00f3 el nombre la plaza<\/strong><br \/><strong>d\u00f3nde empieza toda la acci\u00f3n.<\/strong><\/p>\t\t\t\t\t\t\t\t<\/div>\n\t\t\t\t<\/div>\n\t\t\t\t<section data-particle_enable=\"false\" data-particle-mobile-disabled=\"false\" class=\"elementor-section elementor-inner-section elementor-element elementor-element-83f5442 elementor-section-boxed elementor-section-height-default elementor-section-height-default\" data-id=\"83f5442\" data-element_type=\"section\">\n\t\t\t\t\t\t<div class=\"elementor-container elementor-column-gap-default\">\n\t\t\t\t\t<div class=\"elementor-column elementor-col-50 elementor-inner-column elementor-element elementor-element-7a13bec\" data-id=\"7a13bec\" data-element_type=\"column\">\n\t\t\t<div class=\"elementor-widget-wrap elementor-element-populated\">\n\t\t\t\t\t\t<div class=\"elementor-element elementor-element-a8924ca elementor-absolute elementor-widget-mobile__width-initial elementor-widget elementor-widget-image\" data-id=\"a8924ca\" data-element_type=\"widget\" data-settings=\"{&quot;_position&quot;:&quot;absolute&quot;}\" data-widget_type=\"image.default\">\n\t\t\t\t<div class=\"elementor-widget-container\">\n\t\t\t\t\t\t\t\t\t\t\t\t\t\t\t<img decoding=\"async\" src=\"https:\/\/elbrogit.com\/wp-content\/uploads\/PuntetsEnigmaVermell.png\" title=\"\" alt=\"\" loading=\"lazy\" \/>\t\t\t\t\t\t\t\t\t\t\t\t\t\t\t<\/div>\n\t\t\t\t<\/div>\n\t\t\t\t\t<\/div>\n\t\t<\/div>\n\t\t\t\t<div class=\"elementor-column elementor-col-50 elementor-inner-column elementor-element elementor-element-0026e2b\" data-id=\"0026e2b\" data-element_type=\"column\">\n\t\t\t<div class=\"elementor-widget-wrap\">\n\t\t\t\t\t\t\t<\/div>\n\t\t<\/div>\n\t\t\t\t\t<\/div>\n\t\t<\/section>\n\t\t\t\t<div class=\"elementor-element elementor-element-24c7846 elementor-align-center elementor-widget elementor-widget-button\" data-id=\"24c7846\" data-element_type=\"widget\" data-widget_type=\"button.default\">\n\t\t\t\t<div class=\"elementor-widget-container\">\n\t\t\t\t\t\t\t\t\t<div class=\"elementor-button-wrapper\">\n\t\t\t\t\t<a class=\"elementor-button elementor-button-link elementor-size-md\" href=\"https:\/\/goo.gl\/maps\/oZjyDjjrnrfBvaR76\" target=\"_blank\">\n\t\t\t\t\t\t<span class=\"elementor-button-content-wrapper\">\n\t\t\t\t\t\t<span class=\"elementor-button-icon\">\n\t\t\t\t<i aria-hidden=\"true\" class=\"fas fa-map-marker-alt\"><\/i>\t\t\t<\/span>\n\t\t\t\t\t\t\t\t\t<span class=\"elementor-button-text\">No lo encontramos<\/span>\n\t\t\t\t\t<\/span>\n\t\t\t\t\t<\/a>\n\t\t\t\t<\/div>\n\t\t\t\t\t\t\t\t<\/div>\n\t\t\t\t<\/div>\n\t\t\t\t\t<\/div>\n\t\t<\/div>\n\t\t\t\t\t<\/div>\n\t\t<\/section>\n\t\t\t\t<section data-particle_enable=\"false\" data-particle-mobile-disabled=\"false\" class=\"elementor-section elementor-top-section elementor-element elementor-element-25bdb3d4 elementor-section-boxed elementor-section-height-default elementor-section-height-default\" data-id=\"25bdb3d4\" data-element_type=\"section\">\n\t\t\t\t\t\t<div class=\"elementor-container elementor-column-gap-default\">\n\t\t\t\t\t<div class=\"elementor-column elementor-col-100 elementor-top-column elementor-element elementor-element-d5729b2\" data-id=\"d5729b2\" data-element_type=\"column\">\n\t\t\t<div class=\"elementor-widget-wrap elementor-element-populated\">\n\t\t\t\t\t\t<div class=\"elementor-element elementor-element-6cf5be2f elementor-widget__width-inherit elementor-widget elementor-widget-text-editor\" data-id=\"6cf5be2f\" data-element_type=\"widget\" data-widget_type=\"text-editor.default\">\n\t\t\t\t<div class=\"elementor-widget-container\">\n\t\t\t\t\t\t\t\t\t<p><strong><img decoding=\"async\" class=\"wp-image-8534 alignleft\" src=\"https:\/\/elbrogit.com\/wp-content\/uploads\/LupaInfo.png\" alt=\"\" width=\"47\" height=\"43\" \/>Informaci\u00f3n:<\/strong>\u00a0Cal Guapo, tambi\u00e9n conocido como Cal Pegot, es una vivienda de inter\u00e9s arquitect\u00f3nico actualmente protegido por la normativa municipal y que se construy\u00f3 sobre el viejo cementerio. Podr\u00e9is ver diferentes elementos de \u00abtrencad\u00eds\u00bb y un jard\u00edn privado con \u00e1rboles de gran inter\u00e9s. A principios del siglo XX, la gente joven del pueblo construy\u00f3 aqu\u00ed uno de los campos ef\u00edmeros de f\u00fatbol que hab\u00eda en el pueblo, donde la grada eran los bancos de la iglesia.<\/p>\t\t\t\t\t\t\t\t<\/div>\n\t\t\t\t<\/div>\n\t\t\t\t\t<\/div>\n\t\t<\/div>\n\t\t\t\t\t<\/div>\n\t\t<\/section>\n\t\t\t\t<section data-particle_enable=\"false\" data-particle-mobile-disabled=\"false\" class=\"elementor-section elementor-top-section elementor-element elementor-element-3fba85ed elementor-section-boxed elementor-section-height-default elementor-section-height-default\" data-id=\"3fba85ed\" data-element_type=\"section\">\n\t\t\t\t\t\t<div class=\"elementor-container elementor-column-gap-default\">\n\t\t\t\t\t<div class=\"elementor-column elementor-col-100 elementor-top-column elementor-element elementor-element-2715468e\" data-id=\"2715468e\" data-element_type=\"column\">\n\t\t\t<div class=\"elementor-widget-wrap elementor-element-populated\">\n\t\t\t\t\t\t<div class=\"elementor-element elementor-element-2f60d853 elementor-widget__width-inherit elementor-widget elementor-widget-text-editor\" data-id=\"2f60d853\" data-element_type=\"widget\" data-widget_type=\"text-editor.default\">\n\t\t\t\t<div class=\"elementor-widget-container\">\n\t\t\t\t\t\t\t\t\t<p style=\"text-align: center;\"><strong>Otro enigma crom\u00e1tico, pues Cal Guapo es una casa muy colorida.<\/strong><\/p>\n<p><img loading=\"lazy\" decoding=\"async\" class=\"size-full wp-image-6872 aligncenter\" src=\"https:\/\/elbrogit.com\/wp-content\/uploads\/joc1.png\" alt=\"\" width=\"125\" height=\"109\" \/><\/p>\n\t\t\t\t\t\t\t\t<\/div>\n\t\t\t\t<\/div>\n\t\t\t\t<section data-particle_enable=\"false\" data-particle-mobile-disabled=\"false\" class=\"elementor-section elementor-inner-section elementor-element elementor-element-bf39f82 elementor-section-boxed elementor-section-height-default elementor-section-height-default\" data-id=\"bf39f82\" data-element_type=\"section\">\n\t\t\t\t\t\t<div class=\"elementor-container elementor-column-gap-default\">\n\t\t\t\t\t<div class=\"elementor-column elementor-col-50 elementor-inner-column elementor-element elementor-element-3c4738b\" data-id=\"3c4738b\" data-element_type=\"column\">\n\t\t\t<div class=\"elementor-widget-wrap\">\n\t\t\t\t\t\t\t<\/div>\n\t\t<\/div>\n\t\t\t\t<div class=\"elementor-column elementor-col-50 elementor-inner-column elementor-element elementor-element-318f976\" data-id=\"318f976\" data-element_type=\"column\">\n\t\t\t<div class=\"elementor-widget-wrap elementor-element-populated\">\n\t\t\t\t\t\t<div class=\"elementor-element elementor-element-a265d75 elementor-absolute elementor-widget-mobile__width-initial elementor-widget elementor-widget-image\" data-id=\"a265d75\" data-element_type=\"widget\" data-settings=\"{&quot;_position&quot;:&quot;absolute&quot;}\" data-widget_type=\"image.default\">\n\t\t\t\t<div class=\"elementor-widget-container\">\n\t\t\t\t\t\t\t\t\t\t\t\t\t\t\t<img decoding=\"async\" src=\"https:\/\/elbrogit.com\/wp-content\/uploads\/PuntetsEnigma.png\" title=\"\" alt=\"\" loading=\"lazy\" \/>\t\t\t\t\t\t\t\t\t\t\t\t\t\t\t<\/div>\n\t\t\t\t<\/div>\n\t\t\t\t\t<\/div>\n\t\t<\/div>\n\t\t\t\t\t<\/div>\n\t\t<\/section>\n\t\t\t\t\t<\/div>\n\t\t<\/div>\n\t\t\t\t\t<\/div>\n\t\t<\/section>\n\t\t\t\t<section data-particle_enable=\"false\" data-particle-mobile-disabled=\"false\" class=\"elementor-section elementor-top-section elementor-element elementor-element-9d30cd9 elementor-section-boxed elementor-section-height-default elementor-section-height-default\" data-id=\"9d30cd9\" data-element_type=\"section\">\n\t\t\t\t\t\t<div class=\"elementor-container elementor-column-gap-default\">\n\t\t\t\t\t<div class=\"elementor-column elementor-col-100 elementor-top-column elementor-element elementor-element-f6dda31\" data-id=\"f6dda31\" data-element_type=\"column\">\n\t\t\t<div class=\"elementor-widget-wrap elementor-element-populated\">\n\t\t\t\t\t\t<div class=\"elementor-element elementor-element-56fe460 elementor-widget elementor-widget-eael-protected-content\" data-id=\"56fe460\" data-element_type=\"widget\" data-widget_type=\"eael-protected-content.default\">\n\t\t\t\t<div class=\"elementor-widget-container\">\n\t\t\t\t\t\t\t\t        <div class=\"eael-protected-content-message\">\n\t\t\t\t\t\t\t\t\t\t\t\t<div class=\"eael-protected-content-message-text\"><p><strong>\u00bfYa sab\u00e9is cu\u00e1l es la respuesta?<\/strong><\/p><\/div>\n\t\t\t\t\t\t\t        <\/div>\n\t\t        <div class=\"eael-password-protected-content-fields\">\n            <form id =\"eael_protected_content_form_56fe460\" name=\"eael_protected_content_form_56fe460\" method=\"post\">\n                <input type=\"password\" name=\"protection_password_56fe460\" class=\"eael-password\"\n                       placeholder=\"\u00a1Escribid en may\u00fasculas!\">\n                <input type=\"hidden\" name=\"eael_protected_content_nonce_56fe460\"\n                       value=\"11fd3423ae\">\n                <input type=\"submit\" value=\"OK\"\n                       class=\"eael-submit\">\n\t\t\t\t            <\/form>\n\t                <\/div>\n\t\t\t\t\t\t\t\t\t\t<\/div>\n\t\t\t\t<\/div>\n\t\t\t\t\t<\/div>\n\t\t<\/div>\n\t\t\t\t\t<\/div>\n\t\t<\/section>\n\t\t\t\t<section data-particle_enable=\"false\" data-particle-mobile-disabled=\"false\" class=\"elementor-section elementor-top-section elementor-element elementor-element-15f7fccc elementor-section-boxed elementor-section-height-default elementor-section-height-default\" data-id=\"15f7fccc\" data-element_type=\"section\">\n\t\t\t\t\t\t<div class=\"elementor-container elementor-column-gap-default\">\n\t\t\t\t\t<div class=\"elementor-column elementor-col-100 elementor-top-column elementor-element elementor-element-3a4c6672\" data-id=\"3a4c6672\" data-element_type=\"column\">\n\t\t\t<div class=\"elementor-widget-wrap elementor-element-populated\">\n\t\t\t\t\t\t<div class=\"elementor-element elementor-element-e810417 elementor-widget elementor-widget-eael-adv-accordion\" data-id=\"e810417\" data-element_type=\"widget\" data-widget_type=\"eael-adv-accordion.default\">\n\t\t\t\t<div class=\"elementor-widget-container\">\n\t\t\t\t\t        <div class=\"eael-adv-accordion\" id=\"eael-adv-accordion-e810417\" data-scroll-on-click=\"no\" data-scroll-speed=\"300\" data-accordion-id=\"e810417\" data-accordion-type=\"accordion\" data-toogle-speed=\"300\">\n    <div class=\"eael-accordion-list\">\n                <div id=\"queremos-una-pista\" class=\"elementor-tab-title eael-accordion-header\" tabindex=\"0\" data-tab=\"1\" aria-controls=\"elementor-tab-content-2431\"><span class=\"eael-advanced-accordion-icon-closed\"><i aria-hidden=\"true\" class=\"fa-accordion-icon fas fa-puzzle-piece\"><\/i><\/span><span class=\"eael-advanced-accordion-icon-opened\"><i aria-hidden=\"true\" class=\"fa-accordion-icon fas fa-minus\"><\/i><\/span><span class=\"eael-accordion-tab-title\">\u00a1\u00a1\u00a1Queremos  una pista!!!<\/span><i aria-hidden=\"true\" class=\"fa-toggle fas fa-angle-right\"><\/i><\/div><div id=\"elementor-tab-content-2431\" class=\"eael-accordion-content clearfix\" data-tab=\"1\" aria-labelledby=\"queremos-una-pista\"><p style=\"text-align: center;\">Os pedimos un\u00a0<strong>color<\/strong>. \u00a1Fijaos bien en las paredes que os son visibles, no solo en la fachada!<\/p><\/div>\n                <\/div><div class=\"eael-accordion-list\">\n                <div id=\"danos-la-solucin\" class=\"elementor-tab-title eael-accordion-header\" tabindex=\"0\" data-tab=\"2\" aria-controls=\"elementor-tab-content-2432\"><span class=\"eael-advanced-accordion-icon-closed\"><i aria-hidden=\"true\" class=\"fa-accordion-icon fas fa-key\"><\/i><\/span><span class=\"eael-advanced-accordion-icon-opened\"><i aria-hidden=\"true\" class=\"fa-accordion-icon fas fa-minus\"><\/i><\/span><span class=\"eael-accordion-tab-title\">\u00a1\u00a1\u00a1Danos la soluci\u00f3n!!!<\/span><i aria-hidden=\"true\" class=\"fa-toggle fas fa-angle-right\"><\/i><\/div><div id=\"elementor-tab-content-2432\" class=\"eael-accordion-content clearfix\" data-tab=\"2\" aria-labelledby=\"danos-la-solucin\"><p style=\"text-align: center;\">En la pared lateral localizar\u00e9is esta entrada coronada por estos preciosos azulejos <strong>azules<\/strong>.<\/p><p><img loading=\"lazy\" decoding=\"async\" class=\"size-medium wp-image-6873 aligncenter\" src=\"https:\/\/elbrogit.com\/wp-content\/uploads\/\/joc1_sol1-300x259.jpg\" alt=\"\" width=\"300\" height=\"259\" \/><\/p><p style=\"text-align: center;\">Por lo tanto, la soluci\u00f3n es:<\/p><p style=\"text-align: center;\"><strong>AZUL<\/strong><\/p><\/div>\n                <\/div><\/div>\t\t\t\t<\/div>\n\t\t\t\t<\/div>\n\t\t\t\t\t<\/div>\n\t\t<\/div>\n\t\t\t\t\t<\/div>\n\t\t<\/section>\n\t\t\t\t<\/div>\n\t\t","protected":false},"excerpt":{"rendered":"<p>Supongo que hab\u00e9is dejado el coche en el aparcamiento y ya os encontr\u00e1is listos para la acci\u00f3n. De momento, ten\u00e9is que ir a la plaza donde de peque\u00f1a me hab\u00eda hartado a jugar a pelota. No me consta que Joan Mir\u00f3 tambi\u00e9n jugara all\u00ed, pero s\u00ed los ni\u00f1os de mi quinta de cal Guapo, vuestro [&hellip;]<\/p>\n","protected":false},"author":5,"featured_media":0,"parent":0,"menu_order":0,"comment_status":"closed","ping_status":"closed","template":"","meta":{"_acf_changed":false,"footnotes":""},"class_list":["post-9029","page","type-page","status-publish","hentry"],"acf":[],"yoast_head":"<!-- This site is optimized with the Yoast SEO plugin v25.1 - https:\/\/yoast.com\/wordpress\/plugins\/seo\/ -->\n<title>mr01CAS - Senderismo y enoturismo en Catalunya<\/title>\n<meta name=\"robots\" content=\"index, follow, max-snippet:-1, max-image-preview:large, max-video-preview:-1\" \/>\n<link rel=\"canonical\" href=\"https:\/\/elbrogit.com\/es\/mr01cas\/\" \/>\n<meta property=\"og:locale\" content=\"es_ES\" \/>\n<meta property=\"og:type\" content=\"article\" \/>\n<meta property=\"og:title\" content=\"mr01CAS - Senderismo y enoturismo en Catalunya\" \/>\n<meta property=\"og:description\" content=\"Supongo que hab\u00e9is dejado el coche en el aparcamiento y ya os encontr\u00e1is listos para la acci\u00f3n. De momento, ten\u00e9is que ir a la plaza donde de peque\u00f1a me hab\u00eda hartado a jugar a pelota. No me consta que Joan Mir\u00f3 tambi\u00e9n jugara all\u00ed, pero s\u00ed los ni\u00f1os de mi quinta de cal Guapo, vuestro [&hellip;]\" \/>\n<meta property=\"og:url\" content=\"https:\/\/elbrogit.com\/es\/mr01cas\/\" \/>\n<meta property=\"og:site_name\" content=\"Senderismo y enoturismo en Catalunya\" \/>\n<meta property=\"article:publisher\" content=\"http:\/\/www.facebook.com\/brogit.guiatges\" \/>\n<meta property=\"article:modified_time\" content=\"2023-07-11T09:49:36+00:00\" \/>\n<meta property=\"og:image\" content=\"https:\/\/elbrogit.com\/wp-content\/uploads\/Cal-Guapo-facana_resize.jpg\" \/>\n<meta name=\"twitter:card\" content=\"summary_large_image\" \/>\n<meta name=\"twitter:site\" content=\"@elbrogit\" \/>\n<meta name=\"twitter:label1\" content=\"Tiempo de lectura\" \/>\n\t<meta name=\"twitter:data1\" content=\"3 minutos\" \/>\n<script type=\"application\/ld+json\" class=\"yoast-schema-graph\">{\"@context\":\"https:\/\/schema.org\",\"@graph\":[{\"@type\":\"WebPage\",\"@id\":\"https:\/\/elbrogit.com\/es\/mr01cas\/\",\"url\":\"https:\/\/elbrogit.com\/es\/mr01cas\/\",\"name\":\"mr01CAS - Senderismo y enoturismo en Catalunya\",\"isPartOf\":{\"@id\":\"https:\/\/elbrogit.com\/es\/#website\"},\"primaryImageOfPage\":{\"@id\":\"https:\/\/elbrogit.com\/es\/mr01cas\/#primaryimage\"},\"image\":{\"@id\":\"https:\/\/elbrogit.com\/es\/mr01cas\/#primaryimage\"},\"thumbnailUrl\":\"https:\/\/elbrogit.com\/wp-content\/uploads\/Cal-Guapo-facana_resize.jpg\",\"datePublished\":\"2021-03-02T14:53:31+00:00\",\"dateModified\":\"2023-07-11T09:49:36+00:00\",\"breadcrumb\":{\"@id\":\"https:\/\/elbrogit.com\/es\/mr01cas\/#breadcrumb\"},\"inLanguage\":\"es\",\"potentialAction\":[{\"@type\":\"ReadAction\",\"target\":[\"https:\/\/elbrogit.com\/es\/mr01cas\/\"]}]},{\"@type\":\"ImageObject\",\"inLanguage\":\"es\",\"@id\":\"https:\/\/elbrogit.com\/es\/mr01cas\/#primaryimage\",\"url\":\"https:\/\/elbrogit.com\/wp-content\/uploads\/Cal-Guapo-facana_resize.jpg\",\"contentUrl\":\"https:\/\/elbrogit.com\/wp-content\/uploads\/Cal-Guapo-facana_resize.jpg\"},{\"@type\":\"BreadcrumbList\",\"@id\":\"https:\/\/elbrogit.com\/es\/mr01cas\/#breadcrumb\",\"itemListElement\":[{\"@type\":\"ListItem\",\"position\":1,\"name\":\"Home\",\"item\":\"https:\/\/elbrogit.com\/es\/\"},{\"@type\":\"ListItem\",\"position\":2,\"name\":\"mr01CAS\"}]},{\"@type\":\"WebSite\",\"@id\":\"https:\/\/elbrogit.com\/es\/#website\",\"url\":\"https:\/\/elbrogit.com\/es\/\",\"name\":\"Senderismo y enoturismo en Catalunya\",\"description\":\"Ecotourism, walking, wine tourism and cultural holidays in Catalonia\",\"publisher\":{\"@id\":\"https:\/\/elbrogit.com\/es\/#organization\"},\"potentialAction\":[{\"@type\":\"SearchAction\",\"target\":{\"@type\":\"EntryPoint\",\"urlTemplate\":\"https:\/\/elbrogit.com\/es\/?s={search_term_string}\"},\"query-input\":{\"@type\":\"PropertyValueSpecification\",\"valueRequired\":true,\"valueName\":\"search_term_string\"}}],\"inLanguage\":\"es\"},{\"@type\":\"Organization\",\"@id\":\"https:\/\/elbrogit.com\/es\/#organization\",\"name\":\"Senderismo y enoturismo en Catalunya\",\"url\":\"https:\/\/elbrogit.com\/es\/\",\"logo\":{\"@type\":\"ImageObject\",\"inLanguage\":\"es\",\"@id\":\"https:\/\/elbrogit.com\/es\/#\/schema\/logo\/image\/\",\"url\":\"https:\/\/elbrogit.com\/wp-content\/uploads\/cropped-LogoBrogitWeb.jpg\",\"contentUrl\":\"https:\/\/elbrogit.com\/wp-content\/uploads\/cropped-LogoBrogitWeb.jpg\",\"width\":161,\"height\":108,\"caption\":\"Senderismo y enoturismo en Catalunya\"},\"image\":{\"@id\":\"https:\/\/elbrogit.com\/es\/#\/schema\/logo\/image\/\"},\"sameAs\":[\"http:\/\/www.facebook.com\/brogit.guiatges\",\"https:\/\/x.com\/elbrogit\"]}]}<\/script>\n<!-- \/ Yoast SEO plugin. -->","yoast_head_json":{"title":"mr01CAS - Senderismo y enoturismo en Catalunya","robots":{"index":"index","follow":"follow","max-snippet":"max-snippet:-1","max-image-preview":"max-image-preview:large","max-video-preview":"max-video-preview:-1"},"canonical":"https:\/\/elbrogit.com\/es\/mr01cas\/","og_locale":"es_ES","og_type":"article","og_title":"mr01CAS - Senderismo y enoturismo en Catalunya","og_description":"Supongo que hab\u00e9is dejado el coche en el aparcamiento y ya os encontr\u00e1is listos para la acci\u00f3n. De momento, ten\u00e9is que ir a la plaza donde de peque\u00f1a me hab\u00eda hartado a jugar a pelota. No me consta que Joan Mir\u00f3 tambi\u00e9n jugara all\u00ed, pero s\u00ed los ni\u00f1os de mi quinta de cal Guapo, vuestro [&hellip;]","og_url":"https:\/\/elbrogit.com\/es\/mr01cas\/","og_site_name":"Senderismo y enoturismo en Catalunya","article_publisher":"http:\/\/www.facebook.com\/brogit.guiatges","article_modified_time":"2023-07-11T09:49:36+00:00","og_image":[{"url":"https:\/\/elbrogit.com\/wp-content\/uploads\/Cal-Guapo-facana_resize.jpg","type":"","width":"","height":""}],"twitter_card":"summary_large_image","twitter_site":"@elbrogit","twitter_misc":{"Tiempo de lectura":"3 minutos"},"schema":{"@context":"https:\/\/schema.org","@graph":[{"@type":"WebPage","@id":"https:\/\/elbrogit.com\/es\/mr01cas\/","url":"https:\/\/elbrogit.com\/es\/mr01cas\/","name":"mr01CAS - Senderismo y enoturismo en Catalunya","isPartOf":{"@id":"https:\/\/elbrogit.com\/es\/#website"},"primaryImageOfPage":{"@id":"https:\/\/elbrogit.com\/es\/mr01cas\/#primaryimage"},"image":{"@id":"https:\/\/elbrogit.com\/es\/mr01cas\/#primaryimage"},"thumbnailUrl":"https:\/\/elbrogit.com\/wp-content\/uploads\/Cal-Guapo-facana_resize.jpg","datePublished":"2021-03-02T14:53:31+00:00","dateModified":"2023-07-11T09:49:36+00:00","breadcrumb":{"@id":"https:\/\/elbrogit.com\/es\/mr01cas\/#breadcrumb"},"inLanguage":"es","potentialAction":[{"@type":"ReadAction","target":["https:\/\/elbrogit.com\/es\/mr01cas\/"]}]},{"@type":"ImageObject","inLanguage":"es","@id":"https:\/\/elbrogit.com\/es\/mr01cas\/#primaryimage","url":"https:\/\/elbrogit.com\/wp-content\/uploads\/Cal-Guapo-facana_resize.jpg","contentUrl":"https:\/\/elbrogit.com\/wp-content\/uploads\/Cal-Guapo-facana_resize.jpg"},{"@type":"BreadcrumbList","@id":"https:\/\/elbrogit.com\/es\/mr01cas\/#breadcrumb","itemListElement":[{"@type":"ListItem","position":1,"name":"Home","item":"https:\/\/elbrogit.com\/es\/"},{"@type":"ListItem","position":2,"name":"mr01CAS"}]},{"@type":"WebSite","@id":"https:\/\/elbrogit.com\/es\/#website","url":"https:\/\/elbrogit.com\/es\/","name":"Senderismo y enoturismo en Catalunya","description":"Ecotourism, walking, wine tourism and cultural holidays in Catalonia","publisher":{"@id":"https:\/\/elbrogit.com\/es\/#organization"},"potentialAction":[{"@type":"SearchAction","target":{"@type":"EntryPoint","urlTemplate":"https:\/\/elbrogit.com\/es\/?s={search_term_string}"},"query-input":{"@type":"PropertyValueSpecification","valueRequired":true,"valueName":"search_term_string"}}],"inLanguage":"es"},{"@type":"Organization","@id":"https:\/\/elbrogit.com\/es\/#organization","name":"Senderismo y enoturismo en Catalunya","url":"https:\/\/elbrogit.com\/es\/","logo":{"@type":"ImageObject","inLanguage":"es","@id":"https:\/\/elbrogit.com\/es\/#\/schema\/logo\/image\/","url":"https:\/\/elbrogit.com\/wp-content\/uploads\/cropped-LogoBrogitWeb.jpg","contentUrl":"https:\/\/elbrogit.com\/wp-content\/uploads\/cropped-LogoBrogitWeb.jpg","width":161,"height":108,"caption":"Senderismo y enoturismo en Catalunya"},"image":{"@id":"https:\/\/elbrogit.com\/es\/#\/schema\/logo\/image\/"},"sameAs":["http:\/\/www.facebook.com\/brogit.guiatges","https:\/\/x.com\/elbrogit"]}]}},"jetpack_sharing_enabled":true,"_links":{"self":[{"href":"https:\/\/elbrogit.com\/es\/wp-json\/wp\/v2\/pages\/9029","targetHints":{"allow":["GET"]}}],"collection":[{"href":"https:\/\/elbrogit.com\/es\/wp-json\/wp\/v2\/pages"}],"about":[{"href":"https:\/\/elbrogit.com\/es\/wp-json\/wp\/v2\/types\/page"}],"author":[{"embeddable":true,"href":"https:\/\/elbrogit.com\/es\/wp-json\/wp\/v2\/users\/5"}],"replies":[{"embeddable":true,"href":"https:\/\/elbrogit.com\/es\/wp-json\/wp\/v2\/comments?post=9029"}],"version-history":[{"count":2,"href":"https:\/\/elbrogit.com\/es\/wp-json\/wp\/v2\/pages\/9029\/revisions"}],"predecessor-version":[{"id":12245,"href":"https:\/\/elbrogit.com\/es\/wp-json\/wp\/v2\/pages\/9029\/revisions\/12245"}],"wp:attachment":[{"href":"https:\/\/elbrogit.com\/es\/wp-json\/wp\/v2\/media?parent=9029"}],"curies":[{"name":"wp","href":"https:\/\/api.w.org\/{rel}","templated":true}]}}