{"id":4392,"date":"2020-08-10T15:25:47","date_gmt":"2020-08-10T14:02:26","guid":{"rendered":"https:\/\/elbrogit.com\/product\/import-placeholder-for-886\/"},"modified":"2020-08-30T11:28:18","modified_gmt":"2020-08-30T09:28:18","slug":"misterio-cruz-de-sarais-valle-de-boi","status":"publish","type":"product","link":"https:\/\/elbrogit.com\/es\/product\/misterio-cruz-de-sarais-valle-de-boi\/","title":{"rendered":"El misterio de la Cruz de Sara\u00eds, en el Valle de Bo\u00ed"},"content":{"rendered":"","protected":false},"excerpt":{"rendered":"<p>Adentraos en el Valle de Bo\u00ed y recorred sus ancestrales caminos hasta el <strong>misterioso pueblo de Sara\u00eds<\/strong> y el espectacular patrimonio arquitect\u00f3nico de las <strong>ermitas rom\u00e1nicas declaradas Patrimonio de la Humanidad por la UNESCO.<\/strong> Un <strong>recorrido hist\u00f3rico en plena naturaleza lleno de sopresas,<\/strong> paisajes incre\u00edbles, rincones escondidos y naturaleza en estado puro.<\/p>\n<p style=\"text-align: center;\"><a href=\"http:\/\/www20.gencat.cat\/portal\/site\/Patrimoni\/menuitem.6a2dec9a300f68a8cd0181dfb0c0e1a0\/?vgnextoid=aee9f4a3876b0110VgnVCM1000000b0c1e0aRCRD&amp;vgnextchannel=aee9f4a3876b0110VgnVCM1000000b0c1e0aRCRD&amp;vgnextfmt=default\" target=\"_blank\" rel=\"noopener noreferrer\"><img decoding=\"async\" class=\"aligncenter wp-image-989\" src=\"http:\/\/www.elbrogit.com\/wp-content\/uploads\/wh_VallBoi1.jpg\" alt=\"wh_VallBoi\" width=\"197\" height=\"181\" \/><\/a><\/p>\n","protected":false},"featured_media":2752,"template":"","meta":{"_acf_changed":false},"product_brand":[],"product_cat":[211,216,204,219,221,220,217,218,222,202],"product_tag":[371],"class_list":{"0":"post-4392","1":"product","2":"type-product","3":"status-publish","4":"has-post-thumbnail","6":"product_cat-vacaciones-senderismo","7":"product_cat-vacaciones-autoguiadas","8":"product_cat-senderismo-con-guia","9":"product_cat-pirineos-senderismo","10":"product_cat-valle-boi-romanico","11":"product_cat-vacaciones-historicas","12":"product_cat-viajes-culturales","13":"product_cat-patrimonio-mundial-humanidad","14":"product_cat-viajes-de-naturaleza","15":"product_cat-fin-de-semana","16":"product_tag-xfhe","18":"first","19":"instock","20":"shipping-taxable","21":"purchasable","22":"product-type-variable","23":"has-default-attributes"},"acf":[],"yoast_head":"<!-- This site is optimized with the Yoast SEO plugin v25.1 - https:\/\/yoast.com\/wordpress\/plugins\/seo\/ -->\n<title>El misterio de la Cruz de Sara\u00eds, en el Valle de Bo\u00ed - Senderismo y enoturismo en Catalunya<\/title>\n<meta name=\"robots\" content=\"index, follow, max-snippet:-1, max-image-preview:large, max-video-preview:-1\" \/>\n<link rel=\"canonical\" href=\"https:\/\/elbrogit.com\/es\/product\/misterio-cruz-de-sarais-valle-de-boi\/\" \/>\n<meta property=\"og:locale\" content=\"es_ES\" \/>\n<meta property=\"og:type\" content=\"article\" \/>\n<meta property=\"og:title\" content=\"El misterio de la Cruz de Sara\u00eds, en el Valle de Bo\u00ed - Senderismo y enoturismo en Catalunya\" \/>\n<meta property=\"og:description\" content=\"Adentraos en el Valle de Bo\u00ed y recorred sus ancestrales caminos hasta el misterioso pueblo de Sara\u00eds y el espectacular patrimonio arquitect\u00f3nico de las ermitas rom\u00e1nicas declaradas Patrimonio de la Humanidad por la UNESCO. Un recorrido hist\u00f3rico en plena naturaleza lleno de sopresas, paisajes incre\u00edbles, rincones escondidos y naturaleza en estado puro.\" \/>\n<meta property=\"og:url\" content=\"https:\/\/elbrogit.com\/es\/product\/misterio-cruz-de-sarais-valle-de-boi\/\" \/>\n<meta property=\"og:site_name\" content=\"Senderismo y enoturismo en Catalunya\" \/>\n<meta property=\"article:publisher\" content=\"http:\/\/www.facebook.com\/brogit.guiatges\" \/>\n<meta property=\"article:modified_time\" content=\"2020-08-30T09:28:18+00:00\" \/>\n<meta property=\"og:image\" content=\"https:\/\/elbrogit.com\/wp-content\/uploads\/SARA\u00cdS-ESTIU-2005-IV.jpg\" \/>\n\t<meta property=\"og:image:width\" content=\"1280\" \/>\n\t<meta property=\"og:image:height\" content=\"960\" \/>\n\t<meta property=\"og:image:type\" content=\"image\/jpeg\" \/>\n<meta name=\"twitter:card\" content=\"summary_large_image\" \/>\n<meta name=\"twitter:site\" content=\"@elbrogit\" \/>\n<script type=\"application\/ld+json\" class=\"yoast-schema-graph\">{\"@context\":\"https:\/\/schema.org\",\"@graph\":[{\"@type\":\"WebPage\",\"@id\":\"https:\/\/elbrogit.com\/es\/product\/misterio-cruz-de-sarais-valle-de-boi\/\",\"url\":\"https:\/\/elbrogit.com\/es\/product\/misterio-cruz-de-sarais-valle-de-boi\/\",\"name\":\"El misterio de la Cruz de Sara\u00eds, en el Valle de Bo\u00ed - Senderismo y enoturismo en Catalunya\",\"isPartOf\":{\"@id\":\"https:\/\/elbrogit.com\/es\/#website\"},\"primaryImageOfPage\":{\"@id\":\"https:\/\/elbrogit.com\/es\/product\/misterio-cruz-de-sarais-valle-de-boi\/#primaryimage\"},\"image\":{\"@id\":\"https:\/\/elbrogit.com\/es\/product\/misterio-cruz-de-sarais-valle-de-boi\/#primaryimage\"},\"thumbnailUrl\":\"https:\/\/elbrogit.com\/wp-content\/uploads\/SARA\u00cdS-ESTIU-2005-IV.jpg\",\"datePublished\":\"2020-08-10T14:02:26+00:00\",\"dateModified\":\"2020-08-30T09:28:18+00:00\",\"breadcrumb\":{\"@id\":\"https:\/\/elbrogit.com\/es\/product\/misterio-cruz-de-sarais-valle-de-boi\/#breadcrumb\"},\"inLanguage\":\"es\",\"potentialAction\":[{\"@type\":\"ReadAction\",\"target\":[\"https:\/\/elbrogit.com\/es\/product\/misterio-cruz-de-sarais-valle-de-boi\/\"]}]},{\"@type\":\"ImageObject\",\"inLanguage\":\"es\",\"@id\":\"https:\/\/elbrogit.com\/es\/product\/misterio-cruz-de-sarais-valle-de-boi\/#primaryimage\",\"url\":\"https:\/\/elbrogit.com\/wp-content\/uploads\/SARA\u00cdS-ESTIU-2005-IV.jpg\",\"contentUrl\":\"https:\/\/elbrogit.com\/wp-content\/uploads\/SARA\u00cdS-ESTIU-2005-IV.jpg\",\"width\":1280,\"height\":960},{\"@type\":\"BreadcrumbList\",\"@id\":\"https:\/\/elbrogit.com\/es\/product\/misterio-cruz-de-sarais-valle-de-boi\/#breadcrumb\",\"itemListElement\":[{\"@type\":\"ListItem\",\"position\":1,\"name\":\"Home\",\"item\":\"https:\/\/elbrogit.com\/es\/\"},{\"@type\":\"ListItem\",\"position\":2,\"name\":\"Shop\",\"item\":\"https:\/\/elbrogit.com\/es\/shop\/\"},{\"@type\":\"ListItem\",\"position\":3,\"name\":\"El misterio de la Cruz de Sara\u00eds, en el Valle de Bo\u00ed\"}]},{\"@type\":\"WebSite\",\"@id\":\"https:\/\/elbrogit.com\/es\/#website\",\"url\":\"https:\/\/elbrogit.com\/es\/\",\"name\":\"Senderismo y enoturismo en Catalunya\",\"description\":\"Ecotourism, walking, wine tourism and cultural holidays in Catalonia\",\"publisher\":{\"@id\":\"https:\/\/elbrogit.com\/es\/#organization\"},\"potentialAction\":[{\"@type\":\"SearchAction\",\"target\":{\"@type\":\"EntryPoint\",\"urlTemplate\":\"https:\/\/elbrogit.com\/es\/?s={search_term_string}\"},\"query-input\":{\"@type\":\"PropertyValueSpecification\",\"valueRequired\":true,\"valueName\":\"search_term_string\"}}],\"inLanguage\":\"es\"},{\"@type\":\"Organization\",\"@id\":\"https:\/\/elbrogit.com\/es\/#organization\",\"name\":\"Senderismo y enoturismo en Catalunya\",\"url\":\"https:\/\/elbrogit.com\/es\/\",\"logo\":{\"@type\":\"ImageObject\",\"inLanguage\":\"es\",\"@id\":\"https:\/\/elbrogit.com\/es\/#\/schema\/logo\/image\/\",\"url\":\"https:\/\/elbrogit.com\/wp-content\/uploads\/cropped-LogoBrogitWeb.jpg\",\"contentUrl\":\"https:\/\/elbrogit.com\/wp-content\/uploads\/cropped-LogoBrogitWeb.jpg\",\"width\":161,\"height\":108,\"caption\":\"Senderismo y enoturismo en Catalunya\"},\"image\":{\"@id\":\"https:\/\/elbrogit.com\/es\/#\/schema\/logo\/image\/\"},\"sameAs\":[\"http:\/\/www.facebook.com\/brogit.guiatges\",\"https:\/\/x.com\/elbrogit\"]}]}<\/script>\n<!-- \/ Yoast SEO plugin. -->","yoast_head_json":{"title":"El misterio de la Cruz de Sara\u00eds, en el Valle de Bo\u00ed - Senderismo y enoturismo en Catalunya","robots":{"index":"index","follow":"follow","max-snippet":"max-snippet:-1","max-image-preview":"max-image-preview:large","max-video-preview":"max-video-preview:-1"},"canonical":"https:\/\/elbrogit.com\/es\/product\/misterio-cruz-de-sarais-valle-de-boi\/","og_locale":"es_ES","og_type":"article","og_title":"El misterio de la Cruz de Sara\u00eds, en el Valle de Bo\u00ed - Senderismo y enoturismo en Catalunya","og_description":"Adentraos en el Valle de Bo\u00ed y recorred sus ancestrales caminos hasta el misterioso pueblo de Sara\u00eds y el espectacular patrimonio arquitect\u00f3nico de las ermitas rom\u00e1nicas declaradas Patrimonio de la Humanidad por la UNESCO. Un recorrido hist\u00f3rico en plena naturaleza lleno de sopresas, paisajes incre\u00edbles, rincones escondidos y naturaleza en estado puro.","og_url":"https:\/\/elbrogit.com\/es\/product\/misterio-cruz-de-sarais-valle-de-boi\/","og_site_name":"Senderismo y enoturismo en Catalunya","article_publisher":"http:\/\/www.facebook.com\/brogit.guiatges","article_modified_time":"2020-08-30T09:28:18+00:00","og_image":[{"width":1280,"height":960,"url":"https:\/\/elbrogit.com\/wp-content\/uploads\/SARA\u00cdS-ESTIU-2005-IV.jpg","type":"image\/jpeg"}],"twitter_card":"summary_large_image","twitter_site":"@elbrogit","schema":{"@context":"https:\/\/schema.org","@graph":[{"@type":"WebPage","@id":"https:\/\/elbrogit.com\/es\/product\/misterio-cruz-de-sarais-valle-de-boi\/","url":"https:\/\/elbrogit.com\/es\/product\/misterio-cruz-de-sarais-valle-de-boi\/","name":"El misterio de la Cruz de Sara\u00eds, en el Valle de Bo\u00ed - Senderismo y enoturismo en Catalunya","isPartOf":{"@id":"https:\/\/elbrogit.com\/es\/#website"},"primaryImageOfPage":{"@id":"https:\/\/elbrogit.com\/es\/product\/misterio-cruz-de-sarais-valle-de-boi\/#primaryimage"},"image":{"@id":"https:\/\/elbrogit.com\/es\/product\/misterio-cruz-de-sarais-valle-de-boi\/#primaryimage"},"thumbnailUrl":"https:\/\/elbrogit.com\/wp-content\/uploads\/SARA\u00cdS-ESTIU-2005-IV.jpg","datePublished":"2020-08-10T14:02:26+00:00","dateModified":"2020-08-30T09:28:18+00:00","breadcrumb":{"@id":"https:\/\/elbrogit.com\/es\/product\/misterio-cruz-de-sarais-valle-de-boi\/#breadcrumb"},"inLanguage":"es","potentialAction":[{"@type":"ReadAction","target":["https:\/\/elbrogit.com\/es\/product\/misterio-cruz-de-sarais-valle-de-boi\/"]}]},{"@type":"ImageObject","inLanguage":"es","@id":"https:\/\/elbrogit.com\/es\/product\/misterio-cruz-de-sarais-valle-de-boi\/#primaryimage","url":"https:\/\/elbrogit.com\/wp-content\/uploads\/SARA\u00cdS-ESTIU-2005-IV.jpg","contentUrl":"https:\/\/elbrogit.com\/wp-content\/uploads\/SARA\u00cdS-ESTIU-2005-IV.jpg","width":1280,"height":960},{"@type":"BreadcrumbList","@id":"https:\/\/elbrogit.com\/es\/product\/misterio-cruz-de-sarais-valle-de-boi\/#breadcrumb","itemListElement":[{"@type":"ListItem","position":1,"name":"Home","item":"https:\/\/elbrogit.com\/es\/"},{"@type":"ListItem","position":2,"name":"Shop","item":"https:\/\/elbrogit.com\/es\/shop\/"},{"@type":"ListItem","position":3,"name":"El misterio de la Cruz de Sara\u00eds, en el Valle de Bo\u00ed"}]},{"@type":"WebSite","@id":"https:\/\/elbrogit.com\/es\/#website","url":"https:\/\/elbrogit.com\/es\/","name":"Senderismo y enoturismo en Catalunya","description":"Ecotourism, walking, wine tourism and cultural holidays in Catalonia","publisher":{"@id":"https:\/\/elbrogit.com\/es\/#organization"},"potentialAction":[{"@type":"SearchAction","target":{"@type":"EntryPoint","urlTemplate":"https:\/\/elbrogit.com\/es\/?s={search_term_string}"},"query-input":{"@type":"PropertyValueSpecification","valueRequired":true,"valueName":"search_term_string"}}],"inLanguage":"es"},{"@type":"Organization","@id":"https:\/\/elbrogit.com\/es\/#organization","name":"Senderismo y enoturismo en Catalunya","url":"https:\/\/elbrogit.com\/es\/","logo":{"@type":"ImageObject","inLanguage":"es","@id":"https:\/\/elbrogit.com\/es\/#\/schema\/logo\/image\/","url":"https:\/\/elbrogit.com\/wp-content\/uploads\/cropped-LogoBrogitWeb.jpg","contentUrl":"https:\/\/elbrogit.com\/wp-content\/uploads\/cropped-LogoBrogitWeb.jpg","width":161,"height":108,"caption":"Senderismo y enoturismo en Catalunya"},"image":{"@id":"https:\/\/elbrogit.com\/es\/#\/schema\/logo\/image\/"},"sameAs":["http:\/\/www.facebook.com\/brogit.guiatges","https:\/\/x.com\/elbrogit"]}]}},"jetpack_sharing_enabled":true,"_links":{"self":[{"href":"https:\/\/elbrogit.com\/es\/wp-json\/wp\/v2\/product\/4392","targetHints":{"allow":["GET"]}}],"collection":[{"href":"https:\/\/elbrogit.com\/es\/wp-json\/wp\/v2\/product"}],"about":[{"href":"https:\/\/elbrogit.com\/es\/wp-json\/wp\/v2\/types\/product"}],"version-history":[{"count":4,"href":"https:\/\/elbrogit.com\/es\/wp-json\/wp\/v2\/product\/4392\/revisions"}],"predecessor-version":[{"id":6151,"href":"https:\/\/elbrogit.com\/es\/wp-json\/wp\/v2\/product\/4392\/revisions\/6151"}],"wp:featuredmedia":[{"embeddable":true,"href":"https:\/\/elbrogit.com\/es\/wp-json\/wp\/v2\/media\/2752"}],"wp:attachment":[{"href":"https:\/\/elbrogit.com\/es\/wp-json\/wp\/v2\/media?parent=4392"}],"wp:term":[{"taxonomy":"product_brand","embeddable":true,"href":"https:\/\/elbrogit.com\/es\/wp-json\/wp\/v2\/product_brand?post=4392"},{"taxonomy":"product_cat","embeddable":true,"href":"https:\/\/elbrogit.com\/es\/wp-json\/wp\/v2\/product_cat?post=4392"},{"taxonomy":"product_tag","embeddable":true,"href":"https:\/\/elbrogit.com\/es\/wp-json\/wp\/v2\/product_tag?post=4392"}],"curies":[{"name":"wp","href":"https:\/\/api.w.org\/{rel}","templated":true}]}}