{"id":4401,"date":"2020-08-10T15:00:18","date_gmt":"2020-08-10T14:02:29","guid":{"rendered":"https:\/\/elbrogit.com\/product\/import-placeholder-for-3756\/"},"modified":"2026-02-05T11:33:08","modified_gmt":"2026-02-05T10:33:08","slug":"tour-de-bodegas-y-cata-de-aceite-en-priorat","status":"publish","type":"product","link":"https:\/\/elbrogit.com\/es\/product\/tour-de-bodegas-y-cata-de-aceite-en-priorat\/","title":{"rendered":"Tour de bodegas y cata de aceite en Priorat"},"content":{"rendered":"","protected":false},"excerpt":{"rendered":"<p>Disfruta del espectacular paisatge del vino del Priorat y cata los vinos de las dos denominaciones de origen en este tour de bodegas. Cata y saborea tambi\u00e9n el aceite ecol\u00f3gico en una experiencia \u00fanica. Una gran diversidad de monta\u00f1as, paisaje, cultural, historia y vions en un territorio diminuto a s\u00f3lo 100km al sur de Barcelona.<\/p>\n","protected":false},"featured_media":11511,"template":"","meta":{"_acf_changed":false},"product_brand":[],"product_cat":[216,204,315,316,209,210,317,321,217,303,213],"product_tag":[228,229,323,336],"class_list":{"0":"post-4401","1":"product","2":"type-product","3":"status-publish","4":"has-post-thumbnail","6":"product_cat-vacaciones-autoguiadas","7":"product_cat-senderismo-con-guia","8":"product_cat-en-coche","9":"product_cat-vacaciones-sostenibles-en-tren","10":"product_cat-sur-cataluna","11":"product_cat-enoturismo-priorat","12":"product_cat-enoturismo-vino-catas","13":"product_cat-cata-aceite-oliva","14":"product_cat-viajes-culturales","15":"product_cat-actividad-un-dia","16":"product_cat-actividad-dificultad-baja","17":"product_tag-ruta-de-aceite-de-oliva","18":"product_tag-ruta-de-bodegas","19":"product_tag-ruta-de-bodegas-en-priorat-es","20":"product_tag-ruta-del-aceite-en-priorat-es","22":"first","23":"instock","24":"shipping-taxable","25":"purchasable","26":"product-type-variable","27":"has-default-attributes"},"acf":[],"yoast_head":"<!-- This site is optimized with the Yoast SEO plugin v25.1 - https:\/\/yoast.com\/wordpress\/plugins\/seo\/ -->\n<title>Tour de bodegas y cata de aceite en Priorat - Senderismo y enoturismo en Catalunya<\/title>\n<meta name=\"robots\" content=\"index, follow, max-snippet:-1, max-image-preview:large, max-video-preview:-1\" \/>\n<link rel=\"canonical\" href=\"https:\/\/elbrogit.com\/es\/product\/tour-de-bodegas-y-cata-de-aceite-en-priorat\/\" \/>\n<meta property=\"og:locale\" content=\"es_ES\" \/>\n<meta property=\"og:type\" content=\"article\" \/>\n<meta property=\"og:title\" content=\"Tour de bodegas y cata de aceite en Priorat - Senderismo y enoturismo en Catalunya\" \/>\n<meta property=\"og:description\" content=\"Disfruta del espectacular paisatge del vino del Priorat y cata los vinos de las dos denominaciones de origen en este tour de bodegas. Cata y saborea tambi\u00e9n el aceite ecol\u00f3gico en una experiencia \u00fanica. Una gran diversidad de monta\u00f1as, paisaje, cultural, historia y vions en un territorio diminuto a s\u00f3lo 100km al sur de Barcelona.\" \/>\n<meta property=\"og:url\" content=\"https:\/\/elbrogit.com\/es\/product\/tour-de-bodegas-y-cata-de-aceite-en-priorat\/\" \/>\n<meta property=\"og:site_name\" content=\"Senderismo y enoturismo en Catalunya\" \/>\n<meta property=\"article:publisher\" content=\"http:\/\/www.facebook.com\/brogit.guiatges\" \/>\n<meta property=\"article:modified_time\" content=\"2026-02-05T10:33:08+00:00\" \/>\n<meta property=\"og:image\" content=\"https:\/\/elbrogit.com\/wp-content\/uploads\/IMG_20220604_Devinssi2_resize.jpg\" \/>\n\t<meta property=\"og:image:width\" content=\"1838\" \/>\n\t<meta property=\"og:image:height\" content=\"1000\" \/>\n\t<meta property=\"og:image:type\" content=\"image\/jpeg\" \/>\n<meta name=\"twitter:card\" content=\"summary_large_image\" \/>\n<meta name=\"twitter:site\" content=\"@elbrogit\" \/>\n<meta name=\"twitter:label1\" content=\"Tiempo de lectura\" \/>\n\t<meta name=\"twitter:data1\" content=\"1 minuto\" \/>\n<script type=\"application\/ld+json\" class=\"yoast-schema-graph\">{\"@context\":\"https:\/\/schema.org\",\"@graph\":[{\"@type\":\"WebPage\",\"@id\":\"https:\/\/elbrogit.com\/es\/product\/tour-de-bodegas-y-cata-de-aceite-en-priorat\/\",\"url\":\"https:\/\/elbrogit.com\/es\/product\/tour-de-bodegas-y-cata-de-aceite-en-priorat\/\",\"name\":\"Tour de bodegas y cata de aceite en Priorat - Senderismo y enoturismo en Catalunya\",\"isPartOf\":{\"@id\":\"https:\/\/elbrogit.com\/es\/#website\"},\"primaryImageOfPage\":{\"@id\":\"https:\/\/elbrogit.com\/es\/product\/tour-de-bodegas-y-cata-de-aceite-en-priorat\/#primaryimage\"},\"image\":{\"@id\":\"https:\/\/elbrogit.com\/es\/product\/tour-de-bodegas-y-cata-de-aceite-en-priorat\/#primaryimage\"},\"thumbnailUrl\":\"https:\/\/elbrogit.com\/wp-content\/uploads\/IMG_20220604_Devinssi2_resize.jpg\",\"datePublished\":\"2020-08-10T14:02:29+00:00\",\"dateModified\":\"2026-02-05T10:33:08+00:00\",\"breadcrumb\":{\"@id\":\"https:\/\/elbrogit.com\/es\/product\/tour-de-bodegas-y-cata-de-aceite-en-priorat\/#breadcrumb\"},\"inLanguage\":\"es\",\"potentialAction\":[{\"@type\":\"ReadAction\",\"target\":[\"https:\/\/elbrogit.com\/es\/product\/tour-de-bodegas-y-cata-de-aceite-en-priorat\/\"]}]},{\"@type\":\"ImageObject\",\"inLanguage\":\"es\",\"@id\":\"https:\/\/elbrogit.com\/es\/product\/tour-de-bodegas-y-cata-de-aceite-en-priorat\/#primaryimage\",\"url\":\"https:\/\/elbrogit.com\/wp-content\/uploads\/IMG_20220604_Devinssi2_resize.jpg\",\"contentUrl\":\"https:\/\/elbrogit.com\/wp-content\/uploads\/IMG_20220604_Devinssi2_resize.jpg\",\"width\":1838,\"height\":1000},{\"@type\":\"BreadcrumbList\",\"@id\":\"https:\/\/elbrogit.com\/es\/product\/tour-de-bodegas-y-cata-de-aceite-en-priorat\/#breadcrumb\",\"itemListElement\":[{\"@type\":\"ListItem\",\"position\":1,\"name\":\"Home\",\"item\":\"https:\/\/elbrogit.com\/es\/\"},{\"@type\":\"ListItem\",\"position\":2,\"name\":\"Shop\",\"item\":\"https:\/\/elbrogit.com\/es\/shop\/\"},{\"@type\":\"ListItem\",\"position\":3,\"name\":\"Tour de bodegas y cata de aceite en Priorat\"}]},{\"@type\":\"WebSite\",\"@id\":\"https:\/\/elbrogit.com\/es\/#website\",\"url\":\"https:\/\/elbrogit.com\/es\/\",\"name\":\"Senderismo y enoturismo en Catalunya\",\"description\":\"Ecotourism, walking, wine tourism and cultural holidays in Catalonia\",\"publisher\":{\"@id\":\"https:\/\/elbrogit.com\/es\/#organization\"},\"potentialAction\":[{\"@type\":\"SearchAction\",\"target\":{\"@type\":\"EntryPoint\",\"urlTemplate\":\"https:\/\/elbrogit.com\/es\/?s={search_term_string}\"},\"query-input\":{\"@type\":\"PropertyValueSpecification\",\"valueRequired\":true,\"valueName\":\"search_term_string\"}}],\"inLanguage\":\"es\"},{\"@type\":\"Organization\",\"@id\":\"https:\/\/elbrogit.com\/es\/#organization\",\"name\":\"Senderismo y enoturismo en Catalunya\",\"url\":\"https:\/\/elbrogit.com\/es\/\",\"logo\":{\"@type\":\"ImageObject\",\"inLanguage\":\"es\",\"@id\":\"https:\/\/elbrogit.com\/es\/#\/schema\/logo\/image\/\",\"url\":\"https:\/\/elbrogit.com\/wp-content\/uploads\/cropped-LogoBrogitWeb.jpg\",\"contentUrl\":\"https:\/\/elbrogit.com\/wp-content\/uploads\/cropped-LogoBrogitWeb.jpg\",\"width\":161,\"height\":108,\"caption\":\"Senderismo y enoturismo en Catalunya\"},\"image\":{\"@id\":\"https:\/\/elbrogit.com\/es\/#\/schema\/logo\/image\/\"},\"sameAs\":[\"http:\/\/www.facebook.com\/brogit.guiatges\",\"https:\/\/x.com\/elbrogit\"]}]}<\/script>\n<!-- \/ Yoast SEO plugin. -->","yoast_head_json":{"title":"Tour de bodegas y cata de aceite en Priorat - Senderismo y enoturismo en Catalunya","robots":{"index":"index","follow":"follow","max-snippet":"max-snippet:-1","max-image-preview":"max-image-preview:large","max-video-preview":"max-video-preview:-1"},"canonical":"https:\/\/elbrogit.com\/es\/product\/tour-de-bodegas-y-cata-de-aceite-en-priorat\/","og_locale":"es_ES","og_type":"article","og_title":"Tour de bodegas y cata de aceite en Priorat - Senderismo y enoturismo en Catalunya","og_description":"Disfruta del espectacular paisatge del vino del Priorat y cata los vinos de las dos denominaciones de origen en este tour de bodegas. Cata y saborea tambi\u00e9n el aceite ecol\u00f3gico en una experiencia \u00fanica. Una gran diversidad de monta\u00f1as, paisaje, cultural, historia y vions en un territorio diminuto a s\u00f3lo 100km al sur de Barcelona.","og_url":"https:\/\/elbrogit.com\/es\/product\/tour-de-bodegas-y-cata-de-aceite-en-priorat\/","og_site_name":"Senderismo y enoturismo en Catalunya","article_publisher":"http:\/\/www.facebook.com\/brogit.guiatges","article_modified_time":"2026-02-05T10:33:08+00:00","og_image":[{"width":1838,"height":1000,"url":"https:\/\/elbrogit.com\/wp-content\/uploads\/IMG_20220604_Devinssi2_resize.jpg","type":"image\/jpeg"}],"twitter_card":"summary_large_image","twitter_site":"@elbrogit","twitter_misc":{"Tiempo de lectura":"1 minuto"},"schema":{"@context":"https:\/\/schema.org","@graph":[{"@type":"WebPage","@id":"https:\/\/elbrogit.com\/es\/product\/tour-de-bodegas-y-cata-de-aceite-en-priorat\/","url":"https:\/\/elbrogit.com\/es\/product\/tour-de-bodegas-y-cata-de-aceite-en-priorat\/","name":"Tour de bodegas y cata de aceite en Priorat - Senderismo y enoturismo en Catalunya","isPartOf":{"@id":"https:\/\/elbrogit.com\/es\/#website"},"primaryImageOfPage":{"@id":"https:\/\/elbrogit.com\/es\/product\/tour-de-bodegas-y-cata-de-aceite-en-priorat\/#primaryimage"},"image":{"@id":"https:\/\/elbrogit.com\/es\/product\/tour-de-bodegas-y-cata-de-aceite-en-priorat\/#primaryimage"},"thumbnailUrl":"https:\/\/elbrogit.com\/wp-content\/uploads\/IMG_20220604_Devinssi2_resize.jpg","datePublished":"2020-08-10T14:02:29+00:00","dateModified":"2026-02-05T10:33:08+00:00","breadcrumb":{"@id":"https:\/\/elbrogit.com\/es\/product\/tour-de-bodegas-y-cata-de-aceite-en-priorat\/#breadcrumb"},"inLanguage":"es","potentialAction":[{"@type":"ReadAction","target":["https:\/\/elbrogit.com\/es\/product\/tour-de-bodegas-y-cata-de-aceite-en-priorat\/"]}]},{"@type":"ImageObject","inLanguage":"es","@id":"https:\/\/elbrogit.com\/es\/product\/tour-de-bodegas-y-cata-de-aceite-en-priorat\/#primaryimage","url":"https:\/\/elbrogit.com\/wp-content\/uploads\/IMG_20220604_Devinssi2_resize.jpg","contentUrl":"https:\/\/elbrogit.com\/wp-content\/uploads\/IMG_20220604_Devinssi2_resize.jpg","width":1838,"height":1000},{"@type":"BreadcrumbList","@id":"https:\/\/elbrogit.com\/es\/product\/tour-de-bodegas-y-cata-de-aceite-en-priorat\/#breadcrumb","itemListElement":[{"@type":"ListItem","position":1,"name":"Home","item":"https:\/\/elbrogit.com\/es\/"},{"@type":"ListItem","position":2,"name":"Shop","item":"https:\/\/elbrogit.com\/es\/shop\/"},{"@type":"ListItem","position":3,"name":"Tour de bodegas y cata de aceite en Priorat"}]},{"@type":"WebSite","@id":"https:\/\/elbrogit.com\/es\/#website","url":"https:\/\/elbrogit.com\/es\/","name":"Senderismo y enoturismo en Catalunya","description":"Ecotourism, walking, wine tourism and cultural holidays in Catalonia","publisher":{"@id":"https:\/\/elbrogit.com\/es\/#organization"},"potentialAction":[{"@type":"SearchAction","target":{"@type":"EntryPoint","urlTemplate":"https:\/\/elbrogit.com\/es\/?s={search_term_string}"},"query-input":{"@type":"PropertyValueSpecification","valueRequired":true,"valueName":"search_term_string"}}],"inLanguage":"es"},{"@type":"Organization","@id":"https:\/\/elbrogit.com\/es\/#organization","name":"Senderismo y enoturismo en Catalunya","url":"https:\/\/elbrogit.com\/es\/","logo":{"@type":"ImageObject","inLanguage":"es","@id":"https:\/\/elbrogit.com\/es\/#\/schema\/logo\/image\/","url":"https:\/\/elbrogit.com\/wp-content\/uploads\/cropped-LogoBrogitWeb.jpg","contentUrl":"https:\/\/elbrogit.com\/wp-content\/uploads\/cropped-LogoBrogitWeb.jpg","width":161,"height":108,"caption":"Senderismo y enoturismo en Catalunya"},"image":{"@id":"https:\/\/elbrogit.com\/es\/#\/schema\/logo\/image\/"},"sameAs":["http:\/\/www.facebook.com\/brogit.guiatges","https:\/\/x.com\/elbrogit"]}]}},"jetpack_sharing_enabled":true,"_links":{"self":[{"href":"https:\/\/elbrogit.com\/es\/wp-json\/wp\/v2\/product\/4401","targetHints":{"allow":["GET"]}}],"collection":[{"href":"https:\/\/elbrogit.com\/es\/wp-json\/wp\/v2\/product"}],"about":[{"href":"https:\/\/elbrogit.com\/es\/wp-json\/wp\/v2\/types\/product"}],"version-history":[{"count":10,"href":"https:\/\/elbrogit.com\/es\/wp-json\/wp\/v2\/product\/4401\/revisions"}],"predecessor-version":[{"id":14295,"href":"https:\/\/elbrogit.com\/es\/wp-json\/wp\/v2\/product\/4401\/revisions\/14295"}],"wp:featuredmedia":[{"embeddable":true,"href":"https:\/\/elbrogit.com\/es\/wp-json\/wp\/v2\/media\/11511"}],"wp:attachment":[{"href":"https:\/\/elbrogit.com\/es\/wp-json\/wp\/v2\/media?parent=4401"}],"wp:term":[{"taxonomy":"product_brand","embeddable":true,"href":"https:\/\/elbrogit.com\/es\/wp-json\/wp\/v2\/product_brand?post=4401"},{"taxonomy":"product_cat","embeddable":true,"href":"https:\/\/elbrogit.com\/es\/wp-json\/wp\/v2\/product_cat?post=4401"},{"taxonomy":"product_tag","embeddable":true,"href":"https:\/\/elbrogit.com\/es\/wp-json\/wp\/v2\/product_tag?post=4401"}],"curies":[{"name":"wp","href":"https:\/\/api.w.org\/{rel}","templated":true}]}}