{"id":5346,"date":"2020-08-10T15:42:52","date_gmt":"2020-08-10T14:08:44","guid":{"rendered":"https:\/\/elbrogit.com\/product\/escapada-a-la-masia-en-pareja-con-familia-amigos\/"},"modified":"2024-11-29T21:59:15","modified_gmt":"2024-11-29T20:59:15","slug":"escapada-a-la-masia-en-pareja-con-familia-amigos","status":"publish","type":"product","link":"https:\/\/elbrogit.com\/es\/product\/escapada-a-la-masia-en-pareja-con-familia-amigos\/","title":{"rendered":"Escapada a la mas\u00eda en pareja, con fam\u00edlia, amigos,&#8230;"},"content":{"rendered":"","protected":false},"excerpt":{"rendered":"<p>Disfruta de una escapada en una mas\u00eda tradicional, situada en medio de las monta\u00f1as de Prades o de las colinas conreadas con vi\u00f1edos en el Priorat!<\/p>\n","protected":false},"featured_media":4305,"template":"","meta":{"_acf_changed":false},"product_brand":[],"product_cat":[211,216,204,315,316,209,308,328,210,320,317,321,202,313,213,319],"product_tag":[323,214,215,371],"class_list":{"0":"post-5346","1":"product","2":"type-product","3":"status-publish","4":"has-post-thumbnail","6":"product_cat-vacaciones-senderismo","7":"product_cat-vacaciones-autoguiadas","8":"product_cat-senderismo-con-guia","9":"product_cat-en-coche","10":"product_cat-vacaciones-sostenibles-en-tren","11":"product_cat-sur-cataluna","12":"product_cat-montanas-prades","13":"product_cat-ruta-cister-monasterios","14":"product_cat-enoturismo-priorat","15":"product_cat-montanas-llaberia-tivissa-vandellos","16":"product_cat-enoturismo-vino-catas","17":"product_cat-cata-aceite-oliva","18":"product_cat-fin-de-semana","19":"product_cat-una-semana","20":"product_cat-actividad-dificultad-baja","21":"product_cat-actividad-dificultad-media","22":"product_tag-ruta-de-bodegas-en-priorat-es","23":"product_tag-trekvino","24":"product_tag-trekvino-en-priorat","25":"product_tag-xfhe","27":"first","28":"instock","29":"shipping-taxable","30":"purchasable","31":"product-type-simple"},"acf":[],"yoast_head":"<!-- This site is optimized with the Yoast SEO plugin v25.1 - https:\/\/yoast.com\/wordpress\/plugins\/seo\/ -->\n<title>Escapada a la mas\u00eda en pareja, con fam\u00edlia, amigos,... - Senderismo y enoturismo en Catalunya<\/title>\n<meta name=\"robots\" content=\"index, follow, max-snippet:-1, max-image-preview:large, max-video-preview:-1\" \/>\n<link rel=\"canonical\" href=\"https:\/\/elbrogit.com\/es\/product\/escapada-a-la-masia-en-pareja-con-familia-amigos\/\" \/>\n<meta property=\"og:locale\" content=\"es_ES\" \/>\n<meta property=\"og:type\" content=\"article\" \/>\n<meta property=\"og:title\" content=\"Escapada a la mas\u00eda en pareja, con fam\u00edlia, amigos,... - Senderismo y enoturismo en Catalunya\" \/>\n<meta property=\"og:description\" content=\"Disfruta de una escapada en una mas\u00eda tradicional, situada en medio de las monta\u00f1as de Prades o de las colinas conreadas con vi\u00f1edos en el Priorat!\" \/>\n<meta property=\"og:url\" content=\"https:\/\/elbrogit.com\/es\/product\/escapada-a-la-masia-en-pareja-con-familia-amigos\/\" \/>\n<meta property=\"og:site_name\" content=\"Senderismo y enoturismo en Catalunya\" \/>\n<meta property=\"article:publisher\" content=\"http:\/\/www.facebook.com\/brogit.guiatges\" \/>\n<meta property=\"article:modified_time\" content=\"2024-11-29T20:59:15+00:00\" \/>\n<meta property=\"og:image\" content=\"https:\/\/elbrogit.com\/wp-content\/uploads\/MasSalin_entrada.jpg\" \/>\n\t<meta property=\"og:image:width\" content=\"907\" \/>\n\t<meta property=\"og:image:height\" content=\"482\" \/>\n\t<meta property=\"og:image:type\" content=\"image\/jpeg\" \/>\n<meta name=\"twitter:card\" content=\"summary_large_image\" \/>\n<meta name=\"twitter:site\" content=\"@elbrogit\" \/>\n<meta name=\"twitter:label1\" content=\"Tiempo de lectura\" \/>\n\t<meta name=\"twitter:data1\" content=\"1 minuto\" \/>\n<script type=\"application\/ld+json\" class=\"yoast-schema-graph\">{\"@context\":\"https:\/\/schema.org\",\"@graph\":[{\"@type\":\"WebPage\",\"@id\":\"https:\/\/elbrogit.com\/es\/product\/escapada-a-la-masia-en-pareja-con-familia-amigos\/\",\"url\":\"https:\/\/elbrogit.com\/es\/product\/escapada-a-la-masia-en-pareja-con-familia-amigos\/\",\"name\":\"Escapada a la mas\u00eda en pareja, con fam\u00edlia, amigos,... - Senderismo y enoturismo en Catalunya\",\"isPartOf\":{\"@id\":\"https:\/\/elbrogit.com\/es\/#website\"},\"primaryImageOfPage\":{\"@id\":\"https:\/\/elbrogit.com\/es\/product\/escapada-a-la-masia-en-pareja-con-familia-amigos\/#primaryimage\"},\"image\":{\"@id\":\"https:\/\/elbrogit.com\/es\/product\/escapada-a-la-masia-en-pareja-con-familia-amigos\/#primaryimage\"},\"thumbnailUrl\":\"https:\/\/elbrogit.com\/wp-content\/uploads\/MasSalin_entrada.jpg\",\"datePublished\":\"2020-08-10T14:08:44+00:00\",\"dateModified\":\"2024-11-29T20:59:15+00:00\",\"breadcrumb\":{\"@id\":\"https:\/\/elbrogit.com\/es\/product\/escapada-a-la-masia-en-pareja-con-familia-amigos\/#breadcrumb\"},\"inLanguage\":\"es\",\"potentialAction\":[{\"@type\":\"ReadAction\",\"target\":[\"https:\/\/elbrogit.com\/es\/product\/escapada-a-la-masia-en-pareja-con-familia-amigos\/\"]}]},{\"@type\":\"ImageObject\",\"inLanguage\":\"es\",\"@id\":\"https:\/\/elbrogit.com\/es\/product\/escapada-a-la-masia-en-pareja-con-familia-amigos\/#primaryimage\",\"url\":\"https:\/\/elbrogit.com\/wp-content\/uploads\/MasSalin_entrada.jpg\",\"contentUrl\":\"https:\/\/elbrogit.com\/wp-content\/uploads\/MasSalin_entrada.jpg\",\"width\":907,\"height\":482},{\"@type\":\"BreadcrumbList\",\"@id\":\"https:\/\/elbrogit.com\/es\/product\/escapada-a-la-masia-en-pareja-con-familia-amigos\/#breadcrumb\",\"itemListElement\":[{\"@type\":\"ListItem\",\"position\":1,\"name\":\"Home\",\"item\":\"https:\/\/elbrogit.com\/es\/\"},{\"@type\":\"ListItem\",\"position\":2,\"name\":\"Shop\",\"item\":\"https:\/\/elbrogit.com\/es\/shop\/\"},{\"@type\":\"ListItem\",\"position\":3,\"name\":\"Escapada a la mas\u00eda en pareja, con fam\u00edlia, amigos,&#8230;\"}]},{\"@type\":\"WebSite\",\"@id\":\"https:\/\/elbrogit.com\/es\/#website\",\"url\":\"https:\/\/elbrogit.com\/es\/\",\"name\":\"Senderismo y enoturismo en Catalunya\",\"description\":\"Ecotourism, walking, wine tourism and cultural holidays in Catalonia\",\"publisher\":{\"@id\":\"https:\/\/elbrogit.com\/es\/#organization\"},\"potentialAction\":[{\"@type\":\"SearchAction\",\"target\":{\"@type\":\"EntryPoint\",\"urlTemplate\":\"https:\/\/elbrogit.com\/es\/?s={search_term_string}\"},\"query-input\":{\"@type\":\"PropertyValueSpecification\",\"valueRequired\":true,\"valueName\":\"search_term_string\"}}],\"inLanguage\":\"es\"},{\"@type\":\"Organization\",\"@id\":\"https:\/\/elbrogit.com\/es\/#organization\",\"name\":\"Senderismo y enoturismo en Catalunya\",\"url\":\"https:\/\/elbrogit.com\/es\/\",\"logo\":{\"@type\":\"ImageObject\",\"inLanguage\":\"es\",\"@id\":\"https:\/\/elbrogit.com\/es\/#\/schema\/logo\/image\/\",\"url\":\"https:\/\/elbrogit.com\/wp-content\/uploads\/cropped-LogoBrogitWeb.jpg\",\"contentUrl\":\"https:\/\/elbrogit.com\/wp-content\/uploads\/cropped-LogoBrogitWeb.jpg\",\"width\":161,\"height\":108,\"caption\":\"Senderismo y enoturismo en Catalunya\"},\"image\":{\"@id\":\"https:\/\/elbrogit.com\/es\/#\/schema\/logo\/image\/\"},\"sameAs\":[\"http:\/\/www.facebook.com\/brogit.guiatges\",\"https:\/\/x.com\/elbrogit\"]}]}<\/script>\n<!-- \/ Yoast SEO plugin. -->","yoast_head_json":{"title":"Escapada a la mas\u00eda en pareja, con fam\u00edlia, amigos,... - Senderismo y enoturismo en Catalunya","robots":{"index":"index","follow":"follow","max-snippet":"max-snippet:-1","max-image-preview":"max-image-preview:large","max-video-preview":"max-video-preview:-1"},"canonical":"https:\/\/elbrogit.com\/es\/product\/escapada-a-la-masia-en-pareja-con-familia-amigos\/","og_locale":"es_ES","og_type":"article","og_title":"Escapada a la mas\u00eda en pareja, con fam\u00edlia, amigos,... - Senderismo y enoturismo en Catalunya","og_description":"Disfruta de una escapada en una mas\u00eda tradicional, situada en medio de las monta\u00f1as de Prades o de las colinas conreadas con vi\u00f1edos en el Priorat!","og_url":"https:\/\/elbrogit.com\/es\/product\/escapada-a-la-masia-en-pareja-con-familia-amigos\/","og_site_name":"Senderismo y enoturismo en Catalunya","article_publisher":"http:\/\/www.facebook.com\/brogit.guiatges","article_modified_time":"2024-11-29T20:59:15+00:00","og_image":[{"width":907,"height":482,"url":"https:\/\/elbrogit.com\/wp-content\/uploads\/MasSalin_entrada.jpg","type":"image\/jpeg"}],"twitter_card":"summary_large_image","twitter_site":"@elbrogit","twitter_misc":{"Tiempo de lectura":"1 minuto"},"schema":{"@context":"https:\/\/schema.org","@graph":[{"@type":"WebPage","@id":"https:\/\/elbrogit.com\/es\/product\/escapada-a-la-masia-en-pareja-con-familia-amigos\/","url":"https:\/\/elbrogit.com\/es\/product\/escapada-a-la-masia-en-pareja-con-familia-amigos\/","name":"Escapada a la mas\u00eda en pareja, con fam\u00edlia, amigos,... - Senderismo y enoturismo en Catalunya","isPartOf":{"@id":"https:\/\/elbrogit.com\/es\/#website"},"primaryImageOfPage":{"@id":"https:\/\/elbrogit.com\/es\/product\/escapada-a-la-masia-en-pareja-con-familia-amigos\/#primaryimage"},"image":{"@id":"https:\/\/elbrogit.com\/es\/product\/escapada-a-la-masia-en-pareja-con-familia-amigos\/#primaryimage"},"thumbnailUrl":"https:\/\/elbrogit.com\/wp-content\/uploads\/MasSalin_entrada.jpg","datePublished":"2020-08-10T14:08:44+00:00","dateModified":"2024-11-29T20:59:15+00:00","breadcrumb":{"@id":"https:\/\/elbrogit.com\/es\/product\/escapada-a-la-masia-en-pareja-con-familia-amigos\/#breadcrumb"},"inLanguage":"es","potentialAction":[{"@type":"ReadAction","target":["https:\/\/elbrogit.com\/es\/product\/escapada-a-la-masia-en-pareja-con-familia-amigos\/"]}]},{"@type":"ImageObject","inLanguage":"es","@id":"https:\/\/elbrogit.com\/es\/product\/escapada-a-la-masia-en-pareja-con-familia-amigos\/#primaryimage","url":"https:\/\/elbrogit.com\/wp-content\/uploads\/MasSalin_entrada.jpg","contentUrl":"https:\/\/elbrogit.com\/wp-content\/uploads\/MasSalin_entrada.jpg","width":907,"height":482},{"@type":"BreadcrumbList","@id":"https:\/\/elbrogit.com\/es\/product\/escapada-a-la-masia-en-pareja-con-familia-amigos\/#breadcrumb","itemListElement":[{"@type":"ListItem","position":1,"name":"Home","item":"https:\/\/elbrogit.com\/es\/"},{"@type":"ListItem","position":2,"name":"Shop","item":"https:\/\/elbrogit.com\/es\/shop\/"},{"@type":"ListItem","position":3,"name":"Escapada a la mas\u00eda en pareja, con fam\u00edlia, amigos,&#8230;"}]},{"@type":"WebSite","@id":"https:\/\/elbrogit.com\/es\/#website","url":"https:\/\/elbrogit.com\/es\/","name":"Senderismo y enoturismo en Catalunya","description":"Ecotourism, walking, wine tourism and cultural holidays in Catalonia","publisher":{"@id":"https:\/\/elbrogit.com\/es\/#organization"},"potentialAction":[{"@type":"SearchAction","target":{"@type":"EntryPoint","urlTemplate":"https:\/\/elbrogit.com\/es\/?s={search_term_string}"},"query-input":{"@type":"PropertyValueSpecification","valueRequired":true,"valueName":"search_term_string"}}],"inLanguage":"es"},{"@type":"Organization","@id":"https:\/\/elbrogit.com\/es\/#organization","name":"Senderismo y enoturismo en Catalunya","url":"https:\/\/elbrogit.com\/es\/","logo":{"@type":"ImageObject","inLanguage":"es","@id":"https:\/\/elbrogit.com\/es\/#\/schema\/logo\/image\/","url":"https:\/\/elbrogit.com\/wp-content\/uploads\/cropped-LogoBrogitWeb.jpg","contentUrl":"https:\/\/elbrogit.com\/wp-content\/uploads\/cropped-LogoBrogitWeb.jpg","width":161,"height":108,"caption":"Senderismo y enoturismo en Catalunya"},"image":{"@id":"https:\/\/elbrogit.com\/es\/#\/schema\/logo\/image\/"},"sameAs":["http:\/\/www.facebook.com\/brogit.guiatges","https:\/\/x.com\/elbrogit"]}]}},"jetpack_sharing_enabled":true,"_links":{"self":[{"href":"https:\/\/elbrogit.com\/es\/wp-json\/wp\/v2\/product\/5346","targetHints":{"allow":["GET"]}}],"collection":[{"href":"https:\/\/elbrogit.com\/es\/wp-json\/wp\/v2\/product"}],"about":[{"href":"https:\/\/elbrogit.com\/es\/wp-json\/wp\/v2\/types\/product"}],"version-history":[{"count":6,"href":"https:\/\/elbrogit.com\/es\/wp-json\/wp\/v2\/product\/5346\/revisions"}],"predecessor-version":[{"id":13603,"href":"https:\/\/elbrogit.com\/es\/wp-json\/wp\/v2\/product\/5346\/revisions\/13603"}],"wp:featuredmedia":[{"embeddable":true,"href":"https:\/\/elbrogit.com\/es\/wp-json\/wp\/v2\/media\/4305"}],"wp:attachment":[{"href":"https:\/\/elbrogit.com\/es\/wp-json\/wp\/v2\/media?parent=5346"}],"wp:term":[{"taxonomy":"product_brand","embeddable":true,"href":"https:\/\/elbrogit.com\/es\/wp-json\/wp\/v2\/product_brand?post=5346"},{"taxonomy":"product_cat","embeddable":true,"href":"https:\/\/elbrogit.com\/es\/wp-json\/wp\/v2\/product_cat?post=5346"},{"taxonomy":"product_tag","embeddable":true,"href":"https:\/\/elbrogit.com\/es\/wp-json\/wp\/v2\/product_tag?post=5346"}],"curies":[{"name":"wp","href":"https:\/\/api.w.org\/{rel}","templated":true}]}}