{"id":5375,"date":"2020-08-10T15:14:06","date_gmt":"2020-08-10T14:06:52","guid":{"rendered":"https:\/\/elbrogit.com\/product\/montsant-piedra-a-piedra-el-arte-de-la-piedra-en-seco\/"},"modified":"2024-11-29T20:27:15","modified_gmt":"2024-11-29T19:27:15","slug":"montsant-piedra-en-seco","status":"publish","type":"product","link":"https:\/\/elbrogit.com\/es\/product\/montsant-piedra-en-seco\/","title":{"rendered":"Montsant, piedra a piedra. El arte de la piedra en seco."},"content":{"rendered":"<p>[accordion]<br \/>\n[accordion_toggle title=\u00bbLa excursi\u00f3n\u00bb]<br \/>\nExcursi\u00f3n al Parque Natural de la Serra de Montsant que profundiza en el arte de la piedra en seco. Visitaremos una zona recuperada recientemente donde han aflorado una gran diversidad de estructuras de piedra en seco. M\u00e1rgenes, barracas, caminos empedrados, puentes, cisternas para almacenar agua&#8230; Toda esta riquesa en arquitectura rural la podremos contemplar en esta bonita excursi\u00f3n. Los caminos reiales entre los pueblos de Montsant, encara algunos hoy en d\u00eda empedrados, nos dejan entrever c\u00f3mo deb\u00eda ser el ir y venir de las gentes del territorio moviendo la econom\u00eda local.<\/p>\n<p>Esta excursi\u00f3n se propone hacer de manera relajada a lo largo de todo un d\u00eda, finalizando pronto por la tarde. A la carta tambi\u00e9n se puede compactar i hacer en medio d\u00eda.<br \/>\n[\/accordion_toggle]<br \/>\n[accordion_toggle title=\u00bbServicios incluidos\u00bb]<br \/>\n[custom_list style=\u00bblist-1&#8243;]<\/p>\n<ul>\n<li>Excursi\u00f3n con gu\u00eda local<\/li>\n<li>Seguros<\/li>\n<\/ul>\n<p>[\/custom_list]<br \/>\n[\/accordion_toggle]<br \/>\n[accordion_toggle title=\u00bbPrecios\u00bb]<br \/>\nEl precio de 6\u20ac es v\u00e1lido para la excursi\u00f3n agendada el 26 de febrero de 2017, ja que est\u00e1 cofinanciada por el Parc Natural. Para grupos en fechas concertadas, <a title=\"Contactadnos\" href=\"http:\/\/www.elbrogit.com\/ecotourism-responsible-holiday\/es\/contactad-con-nosotros\/\">no dud\u00e9is en contactarnos para que podamos ajustaros el precio al tama\u00f1o de vuestro grupo.<\/a><br \/>\n[\/accordion_toggle]<\/p>\n<p>[accordion_toggle title=\u00bbFechas\u00bb] 26 de febrero de 2017, <a title=\"Contactadnos\" href=\"http:\/\/www.elbrogit.com\/ecotourism-responsible-holiday\/es\/contactad-con-nosotros\/\">pero no dud\u00e9is en contactarnos para una propuesta a medida de vuestras necesidades!<\/a><\/p>\n<p>[\/accordion_toggle]<\/p>\n<p>[accordion_toggle title=\u00bbM\u00e1s informaci\u00f3n y reservas\u00bb]<\/p>\n<p>[contact-form-7 id=\u00bb3674&#8243; title=\u00bbM\u00e1s informaci\u00f3n i reservas\u00bb]<\/p>\n<p>[\/accordion_toggle]<\/p>\n<p>[\/accordion]<\/p>\n","protected":false},"excerpt":{"rendered":"<p>[accordion] [accordion_toggle title=\u00bbLa excursi\u00f3n\u00bb] Excursi\u00f3n al Parque Natural de la Serra de Montsant que profundiza en el arte de la piedra en seco. Visitaremos una zona recuperada recientemente donde han aflorado una gran diversidad de estructuras de piedra en seco. M\u00e1rgenes, barracas, caminos empedrados, puentes, cisternas para almacenar agua&#8230; Toda esta riquesa en arquitectura rural [&hellip;]<\/p>\n","protected":false},"featured_media":2252,"template":"","meta":{"_acf_changed":false},"product_brand":[],"product_cat":[211,204,209,327,307,217,222,331,303,213],"product_tag":[],"class_list":{"0":"post-5375","1":"product","2":"type-product","3":"status-publish","4":"has-post-thumbnail","6":"product_cat-vacaciones-senderismo","7":"product_cat-senderismo-con-guia","8":"product_cat-sur-cataluna","9":"product_cat-montsant-priorat-es","10":"product_cat-actividades-ninos-familia","11":"product_cat-viajes-culturales","12":"product_cat-viajes-de-naturaleza","13":"product_cat-actividad-medio-dia","14":"product_cat-actividad-un-dia","15":"product_cat-actividad-dificultad-baja","17":"first","18":"instock","19":"shipping-taxable","20":"purchasable","21":"product-type-simple"},"acf":[],"yoast_head":"<!-- This site is optimized with the Yoast SEO plugin v25.1 - https:\/\/yoast.com\/wordpress\/plugins\/seo\/ -->\n<title>Montsant, piedra a piedra. El arte de la piedra en seco. - Senderismo y enoturismo en Catalunya<\/title>\n<meta name=\"robots\" content=\"index, follow, max-snippet:-1, max-image-preview:large, max-video-preview:-1\" \/>\n<link rel=\"canonical\" href=\"https:\/\/elbrogit.com\/es\/product\/montsant-piedra-en-seco\/\" \/>\n<meta property=\"og:locale\" content=\"es_ES\" \/>\n<meta property=\"og:type\" content=\"article\" \/>\n<meta property=\"og:title\" content=\"Montsant, piedra a piedra. El arte de la piedra en seco. - Senderismo y enoturismo en Catalunya\" \/>\n<meta property=\"og:description\" content=\"[accordion] [accordion_toggle title=\u00bbLa excursi\u00f3n\u00bb] Excursi\u00f3n al Parque Natural de la Serra de Montsant que profundiza en el arte de la piedra en seco. Visitaremos una zona recuperada recientemente donde han aflorado una gran diversidad de estructuras de piedra en seco. M\u00e1rgenes, barracas, caminos empedrados, puentes, cisternas para almacenar agua&#8230; Toda esta riquesa en arquitectura rural [&hellip;]\" \/>\n<meta property=\"og:url\" content=\"https:\/\/elbrogit.com\/es\/product\/montsant-piedra-en-seco\/\" \/>\n<meta property=\"og:site_name\" content=\"Senderismo y enoturismo en Catalunya\" \/>\n<meta property=\"article:publisher\" content=\"http:\/\/www.facebook.com\/brogit.guiatges\" \/>\n<meta property=\"article:modified_time\" content=\"2024-11-29T19:27:15+00:00\" \/>\n<meta property=\"og:image\" content=\"https:\/\/elbrogit.com\/wp-content\/uploads\/VilellaBaixa_pedraseca3.jpg\" \/>\n\t<meta property=\"og:image:width\" content=\"400\" \/>\n\t<meta property=\"og:image:height\" content=\"535\" \/>\n\t<meta property=\"og:image:type\" content=\"image\/jpeg\" \/>\n<meta name=\"twitter:card\" content=\"summary_large_image\" \/>\n<meta name=\"twitter:site\" content=\"@elbrogit\" \/>\n<meta name=\"twitter:label1\" content=\"Tiempo de lectura\" \/>\n\t<meta name=\"twitter:data1\" content=\"2 minutos\" \/>\n<script type=\"application\/ld+json\" class=\"yoast-schema-graph\">{\"@context\":\"https:\/\/schema.org\",\"@graph\":[{\"@type\":\"WebPage\",\"@id\":\"https:\/\/elbrogit.com\/es\/product\/montsant-piedra-en-seco\/\",\"url\":\"https:\/\/elbrogit.com\/es\/product\/montsant-piedra-en-seco\/\",\"name\":\"Montsant, piedra a piedra. El arte de la piedra en seco. - Senderismo y enoturismo en Catalunya\",\"isPartOf\":{\"@id\":\"https:\/\/elbrogit.com\/es\/#website\"},\"primaryImageOfPage\":{\"@id\":\"https:\/\/elbrogit.com\/es\/product\/montsant-piedra-en-seco\/#primaryimage\"},\"image\":{\"@id\":\"https:\/\/elbrogit.com\/es\/product\/montsant-piedra-en-seco\/#primaryimage\"},\"thumbnailUrl\":\"https:\/\/elbrogit.com\/wp-content\/uploads\/VilellaBaixa_pedraseca3.jpg\",\"datePublished\":\"2020-08-10T14:06:52+00:00\",\"dateModified\":\"2024-11-29T19:27:15+00:00\",\"breadcrumb\":{\"@id\":\"https:\/\/elbrogit.com\/es\/product\/montsant-piedra-en-seco\/#breadcrumb\"},\"inLanguage\":\"es\",\"potentialAction\":[{\"@type\":\"ReadAction\",\"target\":[\"https:\/\/elbrogit.com\/es\/product\/montsant-piedra-en-seco\/\"]}]},{\"@type\":\"ImageObject\",\"inLanguage\":\"es\",\"@id\":\"https:\/\/elbrogit.com\/es\/product\/montsant-piedra-en-seco\/#primaryimage\",\"url\":\"https:\/\/elbrogit.com\/wp-content\/uploads\/VilellaBaixa_pedraseca3.jpg\",\"contentUrl\":\"https:\/\/elbrogit.com\/wp-content\/uploads\/VilellaBaixa_pedraseca3.jpg\",\"width\":400,\"height\":535},{\"@type\":\"BreadcrumbList\",\"@id\":\"https:\/\/elbrogit.com\/es\/product\/montsant-piedra-en-seco\/#breadcrumb\",\"itemListElement\":[{\"@type\":\"ListItem\",\"position\":1,\"name\":\"Home\",\"item\":\"https:\/\/elbrogit.com\/es\/\"},{\"@type\":\"ListItem\",\"position\":2,\"name\":\"Shop\",\"item\":\"https:\/\/elbrogit.com\/es\/shop\/\"},{\"@type\":\"ListItem\",\"position\":3,\"name\":\"Montsant, piedra a piedra. El arte de la piedra en seco.\"}]},{\"@type\":\"WebSite\",\"@id\":\"https:\/\/elbrogit.com\/es\/#website\",\"url\":\"https:\/\/elbrogit.com\/es\/\",\"name\":\"Senderismo y enoturismo en Catalunya\",\"description\":\"Ecotourism, walking, wine tourism and cultural holidays in Catalonia\",\"publisher\":{\"@id\":\"https:\/\/elbrogit.com\/es\/#organization\"},\"potentialAction\":[{\"@type\":\"SearchAction\",\"target\":{\"@type\":\"EntryPoint\",\"urlTemplate\":\"https:\/\/elbrogit.com\/es\/?s={search_term_string}\"},\"query-input\":{\"@type\":\"PropertyValueSpecification\",\"valueRequired\":true,\"valueName\":\"search_term_string\"}}],\"inLanguage\":\"es\"},{\"@type\":\"Organization\",\"@id\":\"https:\/\/elbrogit.com\/es\/#organization\",\"name\":\"Senderismo y enoturismo en Catalunya\",\"url\":\"https:\/\/elbrogit.com\/es\/\",\"logo\":{\"@type\":\"ImageObject\",\"inLanguage\":\"es\",\"@id\":\"https:\/\/elbrogit.com\/es\/#\/schema\/logo\/image\/\",\"url\":\"https:\/\/elbrogit.com\/wp-content\/uploads\/cropped-LogoBrogitWeb.jpg\",\"contentUrl\":\"https:\/\/elbrogit.com\/wp-content\/uploads\/cropped-LogoBrogitWeb.jpg\",\"width\":161,\"height\":108,\"caption\":\"Senderismo y enoturismo en Catalunya\"},\"image\":{\"@id\":\"https:\/\/elbrogit.com\/es\/#\/schema\/logo\/image\/\"},\"sameAs\":[\"http:\/\/www.facebook.com\/brogit.guiatges\",\"https:\/\/x.com\/elbrogit\"]}]}<\/script>\n<!-- \/ Yoast SEO plugin. -->","yoast_head_json":{"title":"Montsant, piedra a piedra. El arte de la piedra en seco. - Senderismo y enoturismo en Catalunya","robots":{"index":"index","follow":"follow","max-snippet":"max-snippet:-1","max-image-preview":"max-image-preview:large","max-video-preview":"max-video-preview:-1"},"canonical":"https:\/\/elbrogit.com\/es\/product\/montsant-piedra-en-seco\/","og_locale":"es_ES","og_type":"article","og_title":"Montsant, piedra a piedra. El arte de la piedra en seco. - Senderismo y enoturismo en Catalunya","og_description":"[accordion] [accordion_toggle title=\u00bbLa excursi\u00f3n\u00bb] Excursi\u00f3n al Parque Natural de la Serra de Montsant que profundiza en el arte de la piedra en seco. Visitaremos una zona recuperada recientemente donde han aflorado una gran diversidad de estructuras de piedra en seco. M\u00e1rgenes, barracas, caminos empedrados, puentes, cisternas para almacenar agua&#8230; Toda esta riquesa en arquitectura rural [&hellip;]","og_url":"https:\/\/elbrogit.com\/es\/product\/montsant-piedra-en-seco\/","og_site_name":"Senderismo y enoturismo en Catalunya","article_publisher":"http:\/\/www.facebook.com\/brogit.guiatges","article_modified_time":"2024-11-29T19:27:15+00:00","og_image":[{"width":400,"height":535,"url":"https:\/\/elbrogit.com\/wp-content\/uploads\/VilellaBaixa_pedraseca3.jpg","type":"image\/jpeg"}],"twitter_card":"summary_large_image","twitter_site":"@elbrogit","twitter_misc":{"Tiempo de lectura":"2 minutos"},"schema":{"@context":"https:\/\/schema.org","@graph":[{"@type":"WebPage","@id":"https:\/\/elbrogit.com\/es\/product\/montsant-piedra-en-seco\/","url":"https:\/\/elbrogit.com\/es\/product\/montsant-piedra-en-seco\/","name":"Montsant, piedra a piedra. El arte de la piedra en seco. - Senderismo y enoturismo en Catalunya","isPartOf":{"@id":"https:\/\/elbrogit.com\/es\/#website"},"primaryImageOfPage":{"@id":"https:\/\/elbrogit.com\/es\/product\/montsant-piedra-en-seco\/#primaryimage"},"image":{"@id":"https:\/\/elbrogit.com\/es\/product\/montsant-piedra-en-seco\/#primaryimage"},"thumbnailUrl":"https:\/\/elbrogit.com\/wp-content\/uploads\/VilellaBaixa_pedraseca3.jpg","datePublished":"2020-08-10T14:06:52+00:00","dateModified":"2024-11-29T19:27:15+00:00","breadcrumb":{"@id":"https:\/\/elbrogit.com\/es\/product\/montsant-piedra-en-seco\/#breadcrumb"},"inLanguage":"es","potentialAction":[{"@type":"ReadAction","target":["https:\/\/elbrogit.com\/es\/product\/montsant-piedra-en-seco\/"]}]},{"@type":"ImageObject","inLanguage":"es","@id":"https:\/\/elbrogit.com\/es\/product\/montsant-piedra-en-seco\/#primaryimage","url":"https:\/\/elbrogit.com\/wp-content\/uploads\/VilellaBaixa_pedraseca3.jpg","contentUrl":"https:\/\/elbrogit.com\/wp-content\/uploads\/VilellaBaixa_pedraseca3.jpg","width":400,"height":535},{"@type":"BreadcrumbList","@id":"https:\/\/elbrogit.com\/es\/product\/montsant-piedra-en-seco\/#breadcrumb","itemListElement":[{"@type":"ListItem","position":1,"name":"Home","item":"https:\/\/elbrogit.com\/es\/"},{"@type":"ListItem","position":2,"name":"Shop","item":"https:\/\/elbrogit.com\/es\/shop\/"},{"@type":"ListItem","position":3,"name":"Montsant, piedra a piedra. El arte de la piedra en seco."}]},{"@type":"WebSite","@id":"https:\/\/elbrogit.com\/es\/#website","url":"https:\/\/elbrogit.com\/es\/","name":"Senderismo y enoturismo en Catalunya","description":"Ecotourism, walking, wine tourism and cultural holidays in Catalonia","publisher":{"@id":"https:\/\/elbrogit.com\/es\/#organization"},"potentialAction":[{"@type":"SearchAction","target":{"@type":"EntryPoint","urlTemplate":"https:\/\/elbrogit.com\/es\/?s={search_term_string}"},"query-input":{"@type":"PropertyValueSpecification","valueRequired":true,"valueName":"search_term_string"}}],"inLanguage":"es"},{"@type":"Organization","@id":"https:\/\/elbrogit.com\/es\/#organization","name":"Senderismo y enoturismo en Catalunya","url":"https:\/\/elbrogit.com\/es\/","logo":{"@type":"ImageObject","inLanguage":"es","@id":"https:\/\/elbrogit.com\/es\/#\/schema\/logo\/image\/","url":"https:\/\/elbrogit.com\/wp-content\/uploads\/cropped-LogoBrogitWeb.jpg","contentUrl":"https:\/\/elbrogit.com\/wp-content\/uploads\/cropped-LogoBrogitWeb.jpg","width":161,"height":108,"caption":"Senderismo y enoturismo en Catalunya"},"image":{"@id":"https:\/\/elbrogit.com\/es\/#\/schema\/logo\/image\/"},"sameAs":["http:\/\/www.facebook.com\/brogit.guiatges","https:\/\/x.com\/elbrogit"]}]}},"jetpack_sharing_enabled":true,"_links":{"self":[{"href":"https:\/\/elbrogit.com\/es\/wp-json\/wp\/v2\/product\/5375","targetHints":{"allow":["GET"]}}],"collection":[{"href":"https:\/\/elbrogit.com\/es\/wp-json\/wp\/v2\/product"}],"about":[{"href":"https:\/\/elbrogit.com\/es\/wp-json\/wp\/v2\/types\/product"}],"version-history":[{"count":4,"href":"https:\/\/elbrogit.com\/es\/wp-json\/wp\/v2\/product\/5375\/revisions"}],"predecessor-version":[{"id":13523,"href":"https:\/\/elbrogit.com\/es\/wp-json\/wp\/v2\/product\/5375\/revisions\/13523"}],"wp:featuredmedia":[{"embeddable":true,"href":"https:\/\/elbrogit.com\/es\/wp-json\/wp\/v2\/media\/2252"}],"wp:attachment":[{"href":"https:\/\/elbrogit.com\/es\/wp-json\/wp\/v2\/media?parent=5375"}],"wp:term":[{"taxonomy":"product_brand","embeddable":true,"href":"https:\/\/elbrogit.com\/es\/wp-json\/wp\/v2\/product_brand?post=5375"},{"taxonomy":"product_cat","embeddable":true,"href":"https:\/\/elbrogit.com\/es\/wp-json\/wp\/v2\/product_cat?post=5375"},{"taxonomy":"product_tag","embeddable":true,"href":"https:\/\/elbrogit.com\/es\/wp-json\/wp\/v2\/product_tag?post=5375"}],"curies":[{"name":"wp","href":"https:\/\/api.w.org\/{rel}","templated":true}]}}