{"id":5416,"date":"2020-08-10T15:08:17","date_gmt":"2020-08-10T14:05:27","guid":{"rendered":"https:\/\/elbrogit.com\/product\/rincones-cartujanos-a-pie-de-montsant-con-cata-de-vinos-y-visita-a-la-cartuja\/"},"modified":"2026-02-05T11:35:20","modified_gmt":"2026-02-05T10:35:20","slug":"rincones-cartujanos-montsant-priorat","status":"publish","type":"product","link":"https:\/\/elbrogit.com\/es\/product\/rincones-cartujanos-montsant-priorat\/","title":{"rendered":"Rincones cartujanos a pie de Montsant"},"content":{"rendered":"<p>[accordion]<br \/>\n[accordion_toggle title=\u00bbLa excursi\u00f3n\u00bb]<\/p>\n<p>Sencilla excursi\u00f3n por los alrededores de la Cartuja de Scala Dei que nos llevar\u00e1 hasta la fuente Pregona, un tranquilo rinc\u00f3n a pie del Rinc\u00f3n de Misa de Montsant, donde dicen que la buena ac\u00fastica de la monta\u00f1a santa permet\u00eda escuchar las campanas del monasterio. Visitaremos la Cartoixa y conoceremos la historia de los monjes cartujanos y su vital importancia en la configuraci\u00f3n del actual Priorat vitivin\u00edcola, que hoy vive un nuevo resurgir.<\/p>\n<p>Terminaremos la ma\u00f1ana con una visita a la hist\u00f3rica Bodega de Scala Dei, de origen cartujano, y una cata de sus vinos.<br \/>\n[\/accordion_toggle]<br \/>\n[accordion_toggle title=\u00bbServicios incluidos\u00bb]<br \/>\n[custom_list style=\u00bblist-1&#8243;]<\/p>\n<ul>\n<li>Excursi\u00f3n con gu\u00eda local<\/li>\n<li>Entrada a la Cartuja de Scaladei<\/li>\n<li>Visita a bodega y cata de vinos de la DOQ Priorat<\/li>\n<li>Seguros<\/li>\n<\/ul>\n<p>[\/custom_list]<br \/>\n[\/accordion_toggle]<br \/>\n[accordion_toggle title=\u00bbPrecios\u00bb]<br \/>\nEstos precios son para actividades agendadas. Para grupos en fechas concertadas, <a title=\"Contactadnos\" href=\"http:\/\/www.elbrogit.com\/es\/contactad-con-nosotros\/\">no dud\u00e9is en contactarnos para que podamos ajustaros el precio al tama\u00f1o de vuestro grupo.<\/a><br \/>\n[\/accordion_toggle]<br \/>\n[accordion_toggle title=\u00bbFechas\u00bb] No agendada este a\u00f1o, <a title=\"Contactadnos\" href=\"http:\/\/www.elbrogit.com\/es\/contactad-con-nosotros\/\">pero no dud\u00e9is en contactarnos para una propuesta a medida de vuestras necesidades!<\/a><br \/>\n[\/accordion_toggle]<br \/>\n[\/accordion]<\/p>\n","protected":false},"excerpt":{"rendered":"<p>Un completo d\u00eda alrededor de Scaladei, donde descubrir\u00e9is rincones escondidos a pie de Montsant, visitar\u00e9is la Cartoixa y catar\u00e9is los vinos del Priorat.<\/p>\n","protected":false},"featured_media":1768,"template":"","meta":{"_acf_changed":false},"product_brand":[],"product_cat":[211,204,209,327,210,307,317,217,331],"product_tag":[214,215,397],"class_list":{"0":"post-5416","1":"product","2":"type-product","3":"status-publish","4":"has-post-thumbnail","6":"product_cat-vacaciones-senderismo","7":"product_cat-senderismo-con-guia","8":"product_cat-sur-cataluna","9":"product_cat-montsant-priorat-es","10":"product_cat-enoturismo-priorat","11":"product_cat-actividades-ninos-familia","12":"product_cat-enoturismo-vino-catas","13":"product_cat-viajes-culturales","14":"product_cat-actividad-medio-dia","15":"product_tag-trekvino","16":"product_tag-trekvino-en-priorat","17":"product_tag-trek-vino-priorat-top","19":"first","20":"instock","21":"shipping-taxable","22":"purchasable","23":"product-type-simple"},"acf":[],"yoast_head":"<!-- This site is optimized with the Yoast SEO plugin v25.1 - https:\/\/yoast.com\/wordpress\/plugins\/seo\/ -->\n<title>Rincones cartujanos a pie de Montsant - Senderismo y enoturismo en Catalunya<\/title>\n<meta name=\"robots\" content=\"index, follow, max-snippet:-1, max-image-preview:large, max-video-preview:-1\" \/>\n<link rel=\"canonical\" href=\"https:\/\/elbrogit.com\/es\/product\/rincones-cartujanos-montsant-priorat\/\" \/>\n<meta property=\"og:locale\" content=\"es_ES\" \/>\n<meta property=\"og:type\" content=\"article\" \/>\n<meta property=\"og:title\" content=\"Rincones cartujanos a pie de Montsant - Senderismo y enoturismo en Catalunya\" \/>\n<meta property=\"og:description\" content=\"Un completo d\u00eda alrededor de Scaladei, donde descubrir\u00e9is rincones escondidos a pie de Montsant, visitar\u00e9is la Cartoixa y catar\u00e9is los vinos del Priorat.\" \/>\n<meta property=\"og:url\" content=\"https:\/\/elbrogit.com\/es\/product\/rincones-cartujanos-montsant-priorat\/\" \/>\n<meta property=\"og:site_name\" content=\"Senderismo y enoturismo en Catalunya\" \/>\n<meta property=\"article:publisher\" content=\"http:\/\/www.facebook.com\/brogit.guiatges\" \/>\n<meta property=\"article:modified_time\" content=\"2026-02-05T10:35:20+00:00\" \/>\n<meta property=\"og:image\" content=\"https:\/\/elbrogit.com\/wp-content\/uploads\/Scaladei_002.jpg\" \/>\n\t<meta property=\"og:image:width\" content=\"532\" \/>\n\t<meta property=\"og:image:height\" content=\"800\" \/>\n\t<meta property=\"og:image:type\" content=\"image\/jpeg\" \/>\n<meta name=\"twitter:card\" content=\"summary_large_image\" \/>\n<meta name=\"twitter:site\" content=\"@elbrogit\" \/>\n<meta name=\"twitter:label1\" content=\"Tiempo de lectura\" \/>\n\t<meta name=\"twitter:data1\" content=\"1 minuto\" \/>\n<script type=\"application\/ld+json\" class=\"yoast-schema-graph\">{\"@context\":\"https:\/\/schema.org\",\"@graph\":[{\"@type\":\"WebPage\",\"@id\":\"https:\/\/elbrogit.com\/es\/product\/rincones-cartujanos-montsant-priorat\/\",\"url\":\"https:\/\/elbrogit.com\/es\/product\/rincones-cartujanos-montsant-priorat\/\",\"name\":\"Rincones cartujanos a pie de Montsant - Senderismo y enoturismo en Catalunya\",\"isPartOf\":{\"@id\":\"https:\/\/elbrogit.com\/es\/#website\"},\"primaryImageOfPage\":{\"@id\":\"https:\/\/elbrogit.com\/es\/product\/rincones-cartujanos-montsant-priorat\/#primaryimage\"},\"image\":{\"@id\":\"https:\/\/elbrogit.com\/es\/product\/rincones-cartujanos-montsant-priorat\/#primaryimage\"},\"thumbnailUrl\":\"https:\/\/elbrogit.com\/wp-content\/uploads\/Scaladei_002.jpg\",\"datePublished\":\"2020-08-10T14:05:27+00:00\",\"dateModified\":\"2026-02-05T10:35:20+00:00\",\"breadcrumb\":{\"@id\":\"https:\/\/elbrogit.com\/es\/product\/rincones-cartujanos-montsant-priorat\/#breadcrumb\"},\"inLanguage\":\"es\",\"potentialAction\":[{\"@type\":\"ReadAction\",\"target\":[\"https:\/\/elbrogit.com\/es\/product\/rincones-cartujanos-montsant-priorat\/\"]}]},{\"@type\":\"ImageObject\",\"inLanguage\":\"es\",\"@id\":\"https:\/\/elbrogit.com\/es\/product\/rincones-cartujanos-montsant-priorat\/#primaryimage\",\"url\":\"https:\/\/elbrogit.com\/wp-content\/uploads\/Scaladei_002.jpg\",\"contentUrl\":\"https:\/\/elbrogit.com\/wp-content\/uploads\/Scaladei_002.jpg\",\"width\":532,\"height\":800},{\"@type\":\"BreadcrumbList\",\"@id\":\"https:\/\/elbrogit.com\/es\/product\/rincones-cartujanos-montsant-priorat\/#breadcrumb\",\"itemListElement\":[{\"@type\":\"ListItem\",\"position\":1,\"name\":\"Home\",\"item\":\"https:\/\/elbrogit.com\/es\/\"},{\"@type\":\"ListItem\",\"position\":2,\"name\":\"Shop\",\"item\":\"https:\/\/elbrogit.com\/es\/shop\/\"},{\"@type\":\"ListItem\",\"position\":3,\"name\":\"Rincones cartujanos a pie de Montsant\"}]},{\"@type\":\"WebSite\",\"@id\":\"https:\/\/elbrogit.com\/es\/#website\",\"url\":\"https:\/\/elbrogit.com\/es\/\",\"name\":\"Senderismo y enoturismo en Catalunya\",\"description\":\"Ecotourism, walking, wine tourism and cultural holidays in Catalonia\",\"publisher\":{\"@id\":\"https:\/\/elbrogit.com\/es\/#organization\"},\"potentialAction\":[{\"@type\":\"SearchAction\",\"target\":{\"@type\":\"EntryPoint\",\"urlTemplate\":\"https:\/\/elbrogit.com\/es\/?s={search_term_string}\"},\"query-input\":{\"@type\":\"PropertyValueSpecification\",\"valueRequired\":true,\"valueName\":\"search_term_string\"}}],\"inLanguage\":\"es\"},{\"@type\":\"Organization\",\"@id\":\"https:\/\/elbrogit.com\/es\/#organization\",\"name\":\"Senderismo y enoturismo en Catalunya\",\"url\":\"https:\/\/elbrogit.com\/es\/\",\"logo\":{\"@type\":\"ImageObject\",\"inLanguage\":\"es\",\"@id\":\"https:\/\/elbrogit.com\/es\/#\/schema\/logo\/image\/\",\"url\":\"https:\/\/elbrogit.com\/wp-content\/uploads\/cropped-LogoBrogitWeb.jpg\",\"contentUrl\":\"https:\/\/elbrogit.com\/wp-content\/uploads\/cropped-LogoBrogitWeb.jpg\",\"width\":161,\"height\":108,\"caption\":\"Senderismo y enoturismo en Catalunya\"},\"image\":{\"@id\":\"https:\/\/elbrogit.com\/es\/#\/schema\/logo\/image\/\"},\"sameAs\":[\"http:\/\/www.facebook.com\/brogit.guiatges\",\"https:\/\/x.com\/elbrogit\"]}]}<\/script>\n<!-- \/ Yoast SEO plugin. -->","yoast_head_json":{"title":"Rincones cartujanos a pie de Montsant - Senderismo y enoturismo en Catalunya","robots":{"index":"index","follow":"follow","max-snippet":"max-snippet:-1","max-image-preview":"max-image-preview:large","max-video-preview":"max-video-preview:-1"},"canonical":"https:\/\/elbrogit.com\/es\/product\/rincones-cartujanos-montsant-priorat\/","og_locale":"es_ES","og_type":"article","og_title":"Rincones cartujanos a pie de Montsant - Senderismo y enoturismo en Catalunya","og_description":"Un completo d\u00eda alrededor de Scaladei, donde descubrir\u00e9is rincones escondidos a pie de Montsant, visitar\u00e9is la Cartoixa y catar\u00e9is los vinos del Priorat.","og_url":"https:\/\/elbrogit.com\/es\/product\/rincones-cartujanos-montsant-priorat\/","og_site_name":"Senderismo y enoturismo en Catalunya","article_publisher":"http:\/\/www.facebook.com\/brogit.guiatges","article_modified_time":"2026-02-05T10:35:20+00:00","og_image":[{"width":532,"height":800,"url":"https:\/\/elbrogit.com\/wp-content\/uploads\/Scaladei_002.jpg","type":"image\/jpeg"}],"twitter_card":"summary_large_image","twitter_site":"@elbrogit","twitter_misc":{"Tiempo de lectura":"1 minuto"},"schema":{"@context":"https:\/\/schema.org","@graph":[{"@type":"WebPage","@id":"https:\/\/elbrogit.com\/es\/product\/rincones-cartujanos-montsant-priorat\/","url":"https:\/\/elbrogit.com\/es\/product\/rincones-cartujanos-montsant-priorat\/","name":"Rincones cartujanos a pie de Montsant - Senderismo y enoturismo en Catalunya","isPartOf":{"@id":"https:\/\/elbrogit.com\/es\/#website"},"primaryImageOfPage":{"@id":"https:\/\/elbrogit.com\/es\/product\/rincones-cartujanos-montsant-priorat\/#primaryimage"},"image":{"@id":"https:\/\/elbrogit.com\/es\/product\/rincones-cartujanos-montsant-priorat\/#primaryimage"},"thumbnailUrl":"https:\/\/elbrogit.com\/wp-content\/uploads\/Scaladei_002.jpg","datePublished":"2020-08-10T14:05:27+00:00","dateModified":"2026-02-05T10:35:20+00:00","breadcrumb":{"@id":"https:\/\/elbrogit.com\/es\/product\/rincones-cartujanos-montsant-priorat\/#breadcrumb"},"inLanguage":"es","potentialAction":[{"@type":"ReadAction","target":["https:\/\/elbrogit.com\/es\/product\/rincones-cartujanos-montsant-priorat\/"]}]},{"@type":"ImageObject","inLanguage":"es","@id":"https:\/\/elbrogit.com\/es\/product\/rincones-cartujanos-montsant-priorat\/#primaryimage","url":"https:\/\/elbrogit.com\/wp-content\/uploads\/Scaladei_002.jpg","contentUrl":"https:\/\/elbrogit.com\/wp-content\/uploads\/Scaladei_002.jpg","width":532,"height":800},{"@type":"BreadcrumbList","@id":"https:\/\/elbrogit.com\/es\/product\/rincones-cartujanos-montsant-priorat\/#breadcrumb","itemListElement":[{"@type":"ListItem","position":1,"name":"Home","item":"https:\/\/elbrogit.com\/es\/"},{"@type":"ListItem","position":2,"name":"Shop","item":"https:\/\/elbrogit.com\/es\/shop\/"},{"@type":"ListItem","position":3,"name":"Rincones cartujanos a pie de Montsant"}]},{"@type":"WebSite","@id":"https:\/\/elbrogit.com\/es\/#website","url":"https:\/\/elbrogit.com\/es\/","name":"Senderismo y enoturismo en Catalunya","description":"Ecotourism, walking, wine tourism and cultural holidays in Catalonia","publisher":{"@id":"https:\/\/elbrogit.com\/es\/#organization"},"potentialAction":[{"@type":"SearchAction","target":{"@type":"EntryPoint","urlTemplate":"https:\/\/elbrogit.com\/es\/?s={search_term_string}"},"query-input":{"@type":"PropertyValueSpecification","valueRequired":true,"valueName":"search_term_string"}}],"inLanguage":"es"},{"@type":"Organization","@id":"https:\/\/elbrogit.com\/es\/#organization","name":"Senderismo y enoturismo en Catalunya","url":"https:\/\/elbrogit.com\/es\/","logo":{"@type":"ImageObject","inLanguage":"es","@id":"https:\/\/elbrogit.com\/es\/#\/schema\/logo\/image\/","url":"https:\/\/elbrogit.com\/wp-content\/uploads\/cropped-LogoBrogitWeb.jpg","contentUrl":"https:\/\/elbrogit.com\/wp-content\/uploads\/cropped-LogoBrogitWeb.jpg","width":161,"height":108,"caption":"Senderismo y enoturismo en Catalunya"},"image":{"@id":"https:\/\/elbrogit.com\/es\/#\/schema\/logo\/image\/"},"sameAs":["http:\/\/www.facebook.com\/brogit.guiatges","https:\/\/x.com\/elbrogit"]}]}},"jetpack_sharing_enabled":true,"_links":{"self":[{"href":"https:\/\/elbrogit.com\/es\/wp-json\/wp\/v2\/product\/5416","targetHints":{"allow":["GET"]}}],"collection":[{"href":"https:\/\/elbrogit.com\/es\/wp-json\/wp\/v2\/product"}],"about":[{"href":"https:\/\/elbrogit.com\/es\/wp-json\/wp\/v2\/types\/product"}],"version-history":[{"count":6,"href":"https:\/\/elbrogit.com\/es\/wp-json\/wp\/v2\/product\/5416\/revisions"}],"predecessor-version":[{"id":14298,"href":"https:\/\/elbrogit.com\/es\/wp-json\/wp\/v2\/product\/5416\/revisions\/14298"}],"wp:featuredmedia":[{"embeddable":true,"href":"https:\/\/elbrogit.com\/es\/wp-json\/wp\/v2\/media\/1768"}],"wp:attachment":[{"href":"https:\/\/elbrogit.com\/es\/wp-json\/wp\/v2\/media?parent=5416"}],"wp:term":[{"taxonomy":"product_brand","embeddable":true,"href":"https:\/\/elbrogit.com\/es\/wp-json\/wp\/v2\/product_brand?post=5416"},{"taxonomy":"product_cat","embeddable":true,"href":"https:\/\/elbrogit.com\/es\/wp-json\/wp\/v2\/product_cat?post=5416"},{"taxonomy":"product_tag","embeddable":true,"href":"https:\/\/elbrogit.com\/es\/wp-json\/wp\/v2\/product_tag?post=5416"}],"curies":[{"name":"wp","href":"https:\/\/api.w.org\/{rel}","templated":true}]}}