{"id":9437,"date":"2021-03-13T10:55:30","date_gmt":"2021-03-13T09:55:30","guid":{"rendered":"https:\/\/elbrogit.com\/mr02fr\/"},"modified":"2023-08-12T12:03:52","modified_gmt":"2023-08-12T10:03:52","slug":"mr02fr","status":"publish","type":"page","link":"https:\/\/elbrogit.com\/fr\/mr02fr\/","title":{"rendered":"mr02fr"},"content":{"rendered":"\t\t<div data-elementor-type=\"wp-page\" data-elementor-id=\"9437\" class=\"elementor elementor-9437 elementor-6901\" data-elementor-post-type=\"page\">\n\t\t\t\t\t\t<section data-particle_enable=\"false\" data-particle-mobile-disabled=\"false\" class=\"elementor-section elementor-top-section elementor-element elementor-element-68f54f07 elementor-section-boxed elementor-section-height-default elementor-section-height-default\" data-id=\"68f54f07\" data-element_type=\"section\" data-settings=\"{&quot;background_background&quot;:&quot;classic&quot;}\">\n\t\t\t\t\t\t<div class=\"elementor-container elementor-column-gap-default\">\n\t\t\t\t\t<div class=\"elementor-column elementor-col-100 elementor-top-column elementor-element elementor-element-3f13af9a\" data-id=\"3f13af9a\" data-element_type=\"column\">\n\t\t\t<div class=\"elementor-widget-wrap elementor-element-populated\">\n\t\t\t\t\t\t<div class=\"elementor-element elementor-element-4835e7df elementor-widget elementor-widget-image\" data-id=\"4835e7df\" data-element_type=\"widget\" data-widget_type=\"image.default\">\n\t\t\t\t<div class=\"elementor-widget-container\">\n\t\t\t\t\t\t\t\t\t\t\t\t\t\t\t<img decoding=\"async\" src=\"https:\/\/elbrogit.com\/wp-content\/uploads\/02_EsglesiaNova.jpg\" title=\"\" alt=\"\" loading=\"lazy\" \/>\t\t\t\t\t\t\t\t\t\t\t\t\t\t\t<\/div>\n\t\t\t\t<\/div>\n\t\t\t\t\t<\/div>\n\t\t<\/div>\n\t\t\t\t\t<\/div>\n\t\t<\/section>\n\t\t\t\t<section data-particle_enable=\"false\" data-particle-mobile-disabled=\"false\" class=\"elementor-section elementor-top-section elementor-element elementor-element-76461353 elementor-section-boxed elementor-section-height-default elementor-section-height-default\" data-id=\"76461353\" data-element_type=\"section\">\n\t\t\t\t\t\t<div class=\"elementor-container elementor-column-gap-default\">\n\t\t\t\t\t<div class=\"elementor-column elementor-col-50 elementor-top-column elementor-element elementor-element-40772b01\" data-id=\"40772b01\" data-element_type=\"column\">\n\t\t\t<div class=\"elementor-widget-wrap elementor-element-populated\">\n\t\t\t\t\t\t<div class=\"elementor-element elementor-element-255a9f57 elementor-widget__width-initial elementor-absolute elementor-widget-mobile__width-initial elementor-widget elementor-widget-image\" data-id=\"255a9f57\" data-element_type=\"widget\" data-settings=\"{&quot;_position&quot;:&quot;absolute&quot;}\" data-widget_type=\"image.default\">\n\t\t\t\t<div class=\"elementor-widget-container\">\n\t\t\t\t\t\t\t\t\t\t\t\t\t\t\t<img decoding=\"async\" width=\"195\" height=\"250\" src=\"https:\/\/elbrogit.com\/wp-content\/uploads\/Avatar03_ehem.png\" class=\"attachment-full size-full wp-image-9287\" alt=\"\" \/>\t\t\t\t\t\t\t\t\t\t\t\t\t\t\t<\/div>\n\t\t\t\t<\/div>\n\t\t\t\t\t<\/div>\n\t\t<\/div>\n\t\t\t\t<div class=\"elementor-column elementor-col-50 elementor-top-column elementor-element elementor-element-37ba1945\" data-id=\"37ba1945\" data-element_type=\"column\">\n\t\t\t<div class=\"elementor-widget-wrap elementor-element-populated\">\n\t\t\t\t\t\t<div class=\"elementor-element elementor-element-250cf258 elementor-widget__width-inherit elementor-widget elementor-widget-text-editor\" data-id=\"250cf258\" data-element_type=\"widget\" data-widget_type=\"text-editor.default\">\n\t\t\t\t<div class=\"elementor-widget-container\">\n\t\t\t\t\t\t\t\t\t<p style=\"text-align: center;\">Ce n\u2019est pas mal pour commencer\u00a0! <\/p>\n<p style=\"text-align: center;\">Nous irons maintenant dans un endroit tr\u00e8s curieux qui poss\u00e8de aussi une belle place pour jouer \u00e0 cache-cache. En fait, c\u2019est ce que je faisais quand les grands allaient \u00e0 la messe\u2026<\/p>\n<p style=\"text-align: center;\">Pr\u00eats pour les vers suivants ?<\/p>\n<p style=\"text-align: center;\"><strong>Les croyants doivent monter,<\/strong><br \/><strong>tout le monde le sait, <\/strong><br \/><strong>Et tout en haut trouver<\/strong><br \/><strong>La maison de Dieu<\/strong>.<\/p>\n\t\t\t\t\t\t\t\t<\/div>\n\t\t\t\t<\/div>\n\t\t\t\t<section data-particle_enable=\"false\" data-particle-mobile-disabled=\"false\" class=\"elementor-section elementor-inner-section elementor-element elementor-element-0026af8 elementor-section-boxed elementor-section-height-default elementor-section-height-default\" data-id=\"0026af8\" data-element_type=\"section\">\n\t\t\t\t\t\t<div class=\"elementor-container elementor-column-gap-default\">\n\t\t\t\t\t<div class=\"elementor-column elementor-col-50 elementor-inner-column elementor-element elementor-element-df6acd9\" data-id=\"df6acd9\" data-element_type=\"column\">\n\t\t\t<div class=\"elementor-widget-wrap elementor-element-populated\">\n\t\t\t\t\t\t<div class=\"elementor-element elementor-element-b2a70ad elementor-absolute elementor-widget-mobile__width-initial elementor-widget elementor-widget-image\" data-id=\"b2a70ad\" data-element_type=\"widget\" data-settings=\"{&quot;_position&quot;:&quot;absolute&quot;}\" data-widget_type=\"image.default\">\n\t\t\t\t<div class=\"elementor-widget-container\">\n\t\t\t\t\t\t\t\t\t\t\t\t\t\t\t<img decoding=\"async\" src=\"https:\/\/elbrogit.com\/wp-content\/uploads\/PuntetsEnigmaVermell.png\" title=\"\" alt=\"\" loading=\"lazy\" \/>\t\t\t\t\t\t\t\t\t\t\t\t\t\t\t<\/div>\n\t\t\t\t<\/div>\n\t\t\t\t\t<\/div>\n\t\t<\/div>\n\t\t\t\t<div class=\"elementor-column elementor-col-50 elementor-inner-column elementor-element elementor-element-124fb0f\" data-id=\"124fb0f\" data-element_type=\"column\">\n\t\t\t<div class=\"elementor-widget-wrap\">\n\t\t\t\t\t\t\t<\/div>\n\t\t<\/div>\n\t\t\t\t\t<\/div>\n\t\t<\/section>\n\t\t\t\t<div class=\"elementor-element elementor-element-24c7846 elementor-align-center elementor-widget elementor-widget-button\" data-id=\"24c7846\" data-element_type=\"widget\" data-widget_type=\"button.default\">\n\t\t\t\t<div class=\"elementor-widget-container\">\n\t\t\t\t\t\t\t\t\t<div class=\"elementor-button-wrapper\">\n\t\t\t\t\t<a class=\"elementor-button elementor-button-link elementor-size-md\" href=\"https:\/\/goo.gl\/maps\/asN1Y4PRKDBsmP499\" target=\"_blank\">\n\t\t\t\t\t\t<span class=\"elementor-button-content-wrapper\">\n\t\t\t\t\t\t<span class=\"elementor-button-icon\">\n\t\t\t\t<i aria-hidden=\"true\" class=\"fas fa-map-marker-alt\"><\/i>\t\t\t<\/span>\n\t\t\t\t\t\t\t\t\t<span class=\"elementor-button-text\">Nous ne trouvons pas<\/span>\n\t\t\t\t\t<\/span>\n\t\t\t\t\t<\/a>\n\t\t\t\t<\/div>\n\t\t\t\t\t\t\t\t<\/div>\n\t\t\t\t<\/div>\n\t\t\t\t\t<\/div>\n\t\t<\/div>\n\t\t\t\t\t<\/div>\n\t\t<\/section>\n\t\t\t\t<section data-particle_enable=\"false\" data-particle-mobile-disabled=\"false\" class=\"elementor-section elementor-top-section elementor-element elementor-element-25bdb3d4 elementor-section-boxed elementor-section-height-default elementor-section-height-default\" data-id=\"25bdb3d4\" data-element_type=\"section\">\n\t\t\t\t\t\t<div class=\"elementor-container elementor-column-gap-default\">\n\t\t\t\t\t<div class=\"elementor-column elementor-col-100 elementor-top-column elementor-element elementor-element-d5729b2\" data-id=\"d5729b2\" data-element_type=\"column\">\n\t\t\t<div class=\"elementor-widget-wrap elementor-element-populated\">\n\t\t\t\t\t\t<div class=\"elementor-element elementor-element-6cf5be2f elementor-widget__width-inherit elementor-widget elementor-widget-text-editor\" data-id=\"6cf5be2f\" data-element_type=\"widget\" data-widget_type=\"text-editor.default\">\n\t\t\t\t<div class=\"elementor-widget-container\">\n\t\t\t\t\t\t\t\t\t<p><strong><img decoding=\"async\" class=\"wp-image-9290 alignleft\" src=\"https:\/\/elbrogit.com\/wp-content\/uploads\/LupaInfo.png\" alt=\"\" width=\"51\" height=\"46\" \/>Info :<\/strong>\u00a0L\u2019Esgl\u00e9sia Nova (l\u2019\u00e9glise nouvelle), d\u00e9di\u00e9e aussi \u00e0 Saint Michel, tr\u00e8s spacieuse, est de style n\u00e9ogothique. Bien que sa construction ait d\u00e9but\u00e9 en octobre 1800, les diff\u00e9rentes guerres civiles du XIXe si\u00e8cle ont interrompu ses travaux. Les murs ainsi que les quelques vo\u00fbtes \u00e9rig\u00e9es ont servi de forteresse et de lieu de d\u00e9fense, d\u2019o\u00f9 le surnom de \u201fFort\u201d que lui ont donn\u00e9 les personnes \u00e2g\u00e9es du village. Sa construction s\u2019est achev\u00e9e dans les ann\u00e9es 40 du si\u00e8cle dernier gr\u00e2ce au soutien de l\u2019abb\u00e9 Gaiet\u00e0 Ivern.<\/p>\n\t\t\t\t\t\t\t\t<\/div>\n\t\t\t\t<\/div>\n\t\t\t\t\t<\/div>\n\t\t<\/div>\n\t\t\t\t\t<\/div>\n\t\t<\/section>\n\t\t\t\t<section data-particle_enable=\"false\" data-particle-mobile-disabled=\"false\" class=\"elementor-section elementor-top-section elementor-element elementor-element-3fba85ed elementor-section-boxed elementor-section-height-default elementor-section-height-default\" data-id=\"3fba85ed\" data-element_type=\"section\">\n\t\t\t\t\t\t<div class=\"elementor-container elementor-column-gap-default\">\n\t\t\t\t\t<div class=\"elementor-column elementor-col-100 elementor-top-column elementor-element elementor-element-2715468e\" data-id=\"2715468e\" data-element_type=\"column\">\n\t\t\t<div class=\"elementor-widget-wrap elementor-element-populated\">\n\t\t\t\t\t\t<div class=\"elementor-element elementor-element-2f60d853 elementor-widget__width-inherit elementor-widget elementor-widget-text-editor\" data-id=\"2f60d853\" data-element_type=\"widget\" data-widget_type=\"text-editor.default\">\n\t\t\t\t<div class=\"elementor-widget-container\">\n\t\t\t\t\t\t\t\t\t<p style=\"text-align: center;\"><b>Les portes vous accueillent avec des symboles incomplets : d\u2019abord une croix, puis un staurogramme, et pour finir une autre croix.<br \/>Est-ce que vous pouvez refaire ce qui manque pour acc\u00e9der au niveau suivant ?<\/b><\/p>\n<p style=\"text-align: center;\"><b>(3 chiffres !)<\/b><\/p>\n\t\t\t\t\t\t\t\t<\/div>\n\t\t\t\t<\/div>\n\t\t\t\t<section data-particle_enable=\"false\" data-particle-mobile-disabled=\"false\" class=\"elementor-section elementor-inner-section elementor-element elementor-element-095b3a3 elementor-section-boxed elementor-section-height-default elementor-section-height-default\" data-id=\"095b3a3\" data-element_type=\"section\">\n\t\t\t\t\t\t<div class=\"elementor-container elementor-column-gap-default\">\n\t\t\t\t\t<div class=\"elementor-column elementor-col-50 elementor-inner-column elementor-element elementor-element-81cf3eb\" data-id=\"81cf3eb\" data-element_type=\"column\">\n\t\t\t<div class=\"elementor-widget-wrap\">\n\t\t\t\t\t\t\t<\/div>\n\t\t<\/div>\n\t\t\t\t<div class=\"elementor-column elementor-col-50 elementor-inner-column elementor-element elementor-element-4ab7878\" data-id=\"4ab7878\" data-element_type=\"column\">\n\t\t\t<div class=\"elementor-widget-wrap elementor-element-populated\">\n\t\t\t\t\t\t<div class=\"elementor-element elementor-element-34cf85f elementor-absolute elementor-widget-mobile__width-initial elementor-widget elementor-widget-image\" data-id=\"34cf85f\" data-element_type=\"widget\" data-settings=\"{&quot;_position&quot;:&quot;absolute&quot;}\" data-widget_type=\"image.default\">\n\t\t\t\t<div class=\"elementor-widget-container\">\n\t\t\t\t\t\t\t\t\t\t\t\t\t\t\t<img decoding=\"async\" src=\"https:\/\/elbrogit.com\/wp-content\/uploads\/PuntetsEnigma.png\" title=\"\" alt=\"\" loading=\"lazy\" \/>\t\t\t\t\t\t\t\t\t\t\t\t\t\t\t<\/div>\n\t\t\t\t<\/div>\n\t\t\t\t\t<\/div>\n\t\t<\/div>\n\t\t\t\t\t<\/div>\n\t\t<\/section>\n\t\t\t\t\t<\/div>\n\t\t<\/div>\n\t\t\t\t\t<\/div>\n\t\t<\/section>\n\t\t\t\t<section data-particle_enable=\"false\" data-particle-mobile-disabled=\"false\" class=\"elementor-section elementor-top-section elementor-element elementor-element-9d30cd9 elementor-section-boxed elementor-section-height-default elementor-section-height-default\" data-id=\"9d30cd9\" data-element_type=\"section\">\n\t\t\t\t\t\t<div class=\"elementor-container elementor-column-gap-default\">\n\t\t\t\t\t<div class=\"elementor-column elementor-col-100 elementor-top-column elementor-element elementor-element-f6dda31\" data-id=\"f6dda31\" data-element_type=\"column\">\n\t\t\t<div class=\"elementor-widget-wrap elementor-element-populated\">\n\t\t\t\t\t\t<div class=\"elementor-element elementor-element-56fe460 elementor-widget elementor-widget-eael-protected-content\" data-id=\"56fe460\" data-element_type=\"widget\" data-widget_type=\"eael-protected-content.default\">\n\t\t\t\t<div class=\"elementor-widget-container\">\n\t\t\t\t\t\t\t\t        <div class=\"eael-protected-content-message\">\n\t\t\t\t\t\t\t\t\t\t\t\t<div class=\"eael-protected-content-message-text\"><p><strong>Vous connaissez d\u00e9j\u00e0 la r\u00e9ponse ?<\/strong><\/p>\n<\/div>\n\t\t\t\t\t\t\t        <\/div>\n\t\t        <div class=\"eael-password-protected-content-fields\">\n            <form id =\"eael_protected_content_form_56fe460\" name=\"eael_protected_content_form_56fe460\" method=\"post\">\n                <input type=\"password\" name=\"protection_password_56fe460\" class=\"eael-password\"\n                       placeholder=\"N\u2019oubliez pas de l\u2019\u00e9crire en majuscules\u00a0!\">\n                <input type=\"hidden\" name=\"eael_protected_content_nonce_56fe460\"\n                       value=\"f969f1beb3\">\n                <input type=\"submit\" value=\"OK\"\n                       class=\"eael-submit\">\n\t\t\t\t            <\/form>\n\t                <\/div>\n\t\t\t\t\t\t\t\t\t\t<\/div>\n\t\t\t\t<\/div>\n\t\t\t\t\t<\/div>\n\t\t<\/div>\n\t\t\t\t\t<\/div>\n\t\t<\/section>\n\t\t\t\t<section data-particle_enable=\"false\" data-particle-mobile-disabled=\"false\" class=\"elementor-section elementor-top-section elementor-element elementor-element-15f7fccc elementor-section-boxed elementor-section-height-default elementor-section-height-default\" data-id=\"15f7fccc\" data-element_type=\"section\">\n\t\t\t\t\t\t<div class=\"elementor-container elementor-column-gap-default\">\n\t\t\t\t\t<div class=\"elementor-column elementor-col-100 elementor-top-column elementor-element elementor-element-3a4c6672\" data-id=\"3a4c6672\" data-element_type=\"column\">\n\t\t\t<div class=\"elementor-widget-wrap elementor-element-populated\">\n\t\t\t\t\t\t<div class=\"elementor-element elementor-element-e810417 elementor-widget elementor-widget-eael-adv-accordion\" data-id=\"e810417\" data-element_type=\"widget\" data-widget_type=\"eael-adv-accordion.default\">\n\t\t\t\t<div class=\"elementor-widget-container\">\n\t\t\t\t\t        <div class=\"eael-adv-accordion\" id=\"eael-adv-accordion-e810417\" data-scroll-on-click=\"no\" data-scroll-speed=\"300\" data-accordion-id=\"e810417\" data-accordion-type=\"accordion\" data-toogle-speed=\"300\">\n    <div class=\"eael-accordion-list\">\n                <div id=\"nous-voulons-un-indice\" class=\"elementor-tab-title eael-accordion-header\" tabindex=\"0\" data-tab=\"1\" aria-controls=\"elementor-tab-content-2431\"><span class=\"eael-advanced-accordion-icon-closed\"><i aria-hidden=\"true\" class=\"fa-accordion-icon fas fa-puzzle-piece\"><\/i><\/span><span class=\"eael-advanced-accordion-icon-opened\"><i aria-hidden=\"true\" class=\"fa-accordion-icon fas fa-minus\"><\/i><\/span><span class=\"eael-accordion-tab-title\">Nous voulons un indice!!!<\/span><i aria-hidden=\"true\" class=\"fa-toggle fas fa-angle-right\"><\/i><\/div><div id=\"elementor-tab-content-2431\" class=\"eael-accordion-content clearfix\" data-tab=\"1\" aria-labelledby=\"nous-voulons-un-indice\"><p style=\"text-align: center;\">Il manque des <strong>clous<\/strong> sur chaque icone, la solution va peut-\u00eatre par-l\u00e0 ?<\/p>\n<p style=\"text-align: center;\">Au cas o\u00f9 vous ne le sauriez pas, ceci est un <strong>staurogramme.<\/strong>:<img decoding=\"async\" class=\" wp-image-9296 aligncenter\" src=\"https:\/\/elbrogit.com\/wp-content\/uploads\/Estaurograma.jpg\" alt=\"\" width=\"110\" height=\"129\" \/><\/p>\n<\/div>\n                <\/div><div class=\"eael-accordion-list\">\n                <div id=\"donnez-nous-la-solution\" class=\"elementor-tab-title eael-accordion-header\" tabindex=\"0\" data-tab=\"2\" aria-controls=\"elementor-tab-content-2432\"><span class=\"eael-advanced-accordion-icon-closed\"><i aria-hidden=\"true\" class=\"fa-accordion-icon fas fa-key\"><\/i><\/span><span class=\"eael-advanced-accordion-icon-opened\"><i aria-hidden=\"true\" class=\"fa-accordion-icon fas fa-minus\"><\/i><\/span><span class=\"eael-accordion-tab-title\">Donnez-nous la solution\u00a0!!!<\/span><i aria-hidden=\"true\" class=\"fa-toggle fas fa-angle-right\"><\/i><\/div><div id=\"elementor-tab-content-2432\" class=\"eael-accordion-content clearfix\" data-tab=\"2\" aria-labelledby=\"donnez-nous-la-solution\"><p style=\"text-align: center;\">Vous devez compter les\u00a0<strong>clous<\/strong>\u00a0qui manquent sur chaque icone. Chaque icone repr\u00e9sente <strong>un chiffre du code<\/strong>.<\/p>\n<img loading=\"lazy\" decoding=\"async\" class=\" wp-image-6911 aligncenter\" src=\"https:\/\/elbrogit.com\/wp-content\/uploads\/Solucio2-238x300.jpg\" alt=\"\" width=\"149\" height=\"188\" \/>\n<p style=\"text-align: center;\">Alors, le code est :<\/p>\n<p style=\"text-align: center;\"><strong>163<\/strong><\/p><\/div>\n                <\/div><\/div>\t\t\t\t<\/div>\n\t\t\t\t<\/div>\n\t\t\t\t\t<\/div>\n\t\t<\/div>\n\t\t\t\t\t<\/div>\n\t\t<\/section>\n\t\t\t\t<\/div>\n\t\t","protected":false},"excerpt":{"rendered":"<p>Ce n\u2019est pas mal pour commencer\u00a0! Nous irons maintenant dans un endroit tr\u00e8s curieux qui poss\u00e8de aussi une belle place pour jouer \u00e0 cache-cache. En fait, c\u2019est ce que je faisais quand les grands allaient \u00e0 la messe\u2026 Pr\u00eats pour les vers suivants ? Les croyants doivent monter,tout le monde le sait, Et tout en [&hellip;]<\/p>\n","protected":false},"author":5,"featured_media":0,"parent":0,"menu_order":0,"comment_status":"closed","ping_status":"closed","template":"","meta":{"_acf_changed":false,"footnotes":""},"class_list":["post-9437","page","type-page","status-publish","hentry"],"acf":[],"yoast_head":"<!-- This site is optimized with the Yoast SEO plugin v25.1 - https:\/\/yoast.com\/wordpress\/plugins\/seo\/ -->\n<title>mr02fr - Walking and wine holidays in Catalonia<\/title>\n<meta name=\"robots\" content=\"index, follow, max-snippet:-1, max-image-preview:large, max-video-preview:-1\" \/>\n<link rel=\"canonical\" href=\"https:\/\/elbrogit.com\/fr\/mr02fr\/\" \/>\n<meta property=\"og:locale\" content=\"fr_FR\" \/>\n<meta property=\"og:type\" content=\"article\" \/>\n<meta property=\"og:title\" content=\"mr02fr - Walking and wine holidays in Catalonia\" \/>\n<meta property=\"og:description\" content=\"Ce n\u2019est pas mal pour commencer\u00a0! Nous irons maintenant dans un endroit tr\u00e8s curieux qui poss\u00e8de aussi une belle place pour jouer \u00e0 cache-cache. En fait, c\u2019est ce que je faisais quand les grands allaient \u00e0 la messe\u2026 Pr\u00eats pour les vers suivants ? Les croyants doivent monter,tout le monde le sait, Et tout en [&hellip;]\" \/>\n<meta property=\"og:url\" content=\"https:\/\/elbrogit.com\/fr\/mr02fr\/\" \/>\n<meta property=\"og:site_name\" content=\"Walking and wine holidays in Catalonia\" \/>\n<meta property=\"article:publisher\" content=\"http:\/\/www.facebook.com\/brogit.guiatges\" \/>\n<meta property=\"article:modified_time\" content=\"2023-08-12T10:03:52+00:00\" \/>\n<meta property=\"og:image\" content=\"https:\/\/elbrogit.com\/wp-content\/uploads\/02_EsglesiaNova.jpg\" \/>\n<meta name=\"twitter:card\" content=\"summary_large_image\" \/>\n<meta name=\"twitter:site\" content=\"@elbrogit\" \/>\n<meta name=\"twitter:label1\" content=\"Dur\u00e9e de lecture estim\u00e9e\" \/>\n\t<meta name=\"twitter:data1\" content=\"3 minutes\" \/>\n<script type=\"application\/ld+json\" class=\"yoast-schema-graph\">{\"@context\":\"https:\/\/schema.org\",\"@graph\":[{\"@type\":\"WebPage\",\"@id\":\"https:\/\/elbrogit.com\/fr\/mr02fr\/\",\"url\":\"https:\/\/elbrogit.com\/fr\/mr02fr\/\",\"name\":\"mr02fr - Walking and wine holidays in Catalonia\",\"isPartOf\":{\"@id\":\"https:\/\/elbrogit.com\/fr\/#website\"},\"primaryImageOfPage\":{\"@id\":\"https:\/\/elbrogit.com\/fr\/mr02fr\/#primaryimage\"},\"image\":{\"@id\":\"https:\/\/elbrogit.com\/fr\/mr02fr\/#primaryimage\"},\"thumbnailUrl\":\"https:\/\/elbrogit.com\/wp-content\/uploads\/02_EsglesiaNova.jpg\",\"datePublished\":\"2021-03-13T09:55:30+00:00\",\"dateModified\":\"2023-08-12T10:03:52+00:00\",\"breadcrumb\":{\"@id\":\"https:\/\/elbrogit.com\/fr\/mr02fr\/#breadcrumb\"},\"inLanguage\":\"fr-FR\",\"potentialAction\":[{\"@type\":\"ReadAction\",\"target\":[\"https:\/\/elbrogit.com\/fr\/mr02fr\/\"]}]},{\"@type\":\"ImageObject\",\"inLanguage\":\"fr-FR\",\"@id\":\"https:\/\/elbrogit.com\/fr\/mr02fr\/#primaryimage\",\"url\":\"https:\/\/elbrogit.com\/wp-content\/uploads\/02_EsglesiaNova.jpg\",\"contentUrl\":\"https:\/\/elbrogit.com\/wp-content\/uploads\/02_EsglesiaNova.jpg\"},{\"@type\":\"BreadcrumbList\",\"@id\":\"https:\/\/elbrogit.com\/fr\/mr02fr\/#breadcrumb\",\"itemListElement\":[{\"@type\":\"ListItem\",\"position\":1,\"name\":\"Home\",\"item\":\"https:\/\/elbrogit.com\/fr\/\"},{\"@type\":\"ListItem\",\"position\":2,\"name\":\"mr02fr\"}]},{\"@type\":\"WebSite\",\"@id\":\"https:\/\/elbrogit.com\/fr\/#website\",\"url\":\"https:\/\/elbrogit.com\/fr\/\",\"name\":\"Walking and wine holidays in Catalonia\",\"description\":\"Ecotourism, walking, wine tourism and cultural holidays in Catalonia\",\"publisher\":{\"@id\":\"https:\/\/elbrogit.com\/fr\/#organization\"},\"potentialAction\":[{\"@type\":\"SearchAction\",\"target\":{\"@type\":\"EntryPoint\",\"urlTemplate\":\"https:\/\/elbrogit.com\/fr\/?s={search_term_string}\"},\"query-input\":{\"@type\":\"PropertyValueSpecification\",\"valueRequired\":true,\"valueName\":\"search_term_string\"}}],\"inLanguage\":\"fr-FR\"},{\"@type\":\"Organization\",\"@id\":\"https:\/\/elbrogit.com\/fr\/#organization\",\"name\":\"Walking and wine holidays in Catalonia\",\"url\":\"https:\/\/elbrogit.com\/fr\/\",\"logo\":{\"@type\":\"ImageObject\",\"inLanguage\":\"fr-FR\",\"@id\":\"https:\/\/elbrogit.com\/fr\/#\/schema\/logo\/image\/\",\"url\":\"https:\/\/elbrogit.com\/wp-content\/uploads\/cropped-LogoBrogitWeb.jpg\",\"contentUrl\":\"https:\/\/elbrogit.com\/wp-content\/uploads\/cropped-LogoBrogitWeb.jpg\",\"width\":161,\"height\":108,\"caption\":\"Walking and wine holidays in Catalonia\"},\"image\":{\"@id\":\"https:\/\/elbrogit.com\/fr\/#\/schema\/logo\/image\/\"},\"sameAs\":[\"http:\/\/www.facebook.com\/brogit.guiatges\",\"https:\/\/x.com\/elbrogit\"]}]}<\/script>\n<!-- \/ Yoast SEO plugin. -->","yoast_head_json":{"title":"mr02fr - Walking and wine holidays in Catalonia","robots":{"index":"index","follow":"follow","max-snippet":"max-snippet:-1","max-image-preview":"max-image-preview:large","max-video-preview":"max-video-preview:-1"},"canonical":"https:\/\/elbrogit.com\/fr\/mr02fr\/","og_locale":"fr_FR","og_type":"article","og_title":"mr02fr - Walking and wine holidays in Catalonia","og_description":"Ce n\u2019est pas mal pour commencer\u00a0! Nous irons maintenant dans un endroit tr\u00e8s curieux qui poss\u00e8de aussi une belle place pour jouer \u00e0 cache-cache. En fait, c\u2019est ce que je faisais quand les grands allaient \u00e0 la messe\u2026 Pr\u00eats pour les vers suivants ? Les croyants doivent monter,tout le monde le sait, Et tout en [&hellip;]","og_url":"https:\/\/elbrogit.com\/fr\/mr02fr\/","og_site_name":"Walking and wine holidays in Catalonia","article_publisher":"http:\/\/www.facebook.com\/brogit.guiatges","article_modified_time":"2023-08-12T10:03:52+00:00","og_image":[{"url":"https:\/\/elbrogit.com\/wp-content\/uploads\/02_EsglesiaNova.jpg","type":"","width":"","height":""}],"twitter_card":"summary_large_image","twitter_site":"@elbrogit","twitter_misc":{"Dur\u00e9e de lecture estim\u00e9e":"3 minutes"},"schema":{"@context":"https:\/\/schema.org","@graph":[{"@type":"WebPage","@id":"https:\/\/elbrogit.com\/fr\/mr02fr\/","url":"https:\/\/elbrogit.com\/fr\/mr02fr\/","name":"mr02fr - Walking and wine holidays in Catalonia","isPartOf":{"@id":"https:\/\/elbrogit.com\/fr\/#website"},"primaryImageOfPage":{"@id":"https:\/\/elbrogit.com\/fr\/mr02fr\/#primaryimage"},"image":{"@id":"https:\/\/elbrogit.com\/fr\/mr02fr\/#primaryimage"},"thumbnailUrl":"https:\/\/elbrogit.com\/wp-content\/uploads\/02_EsglesiaNova.jpg","datePublished":"2021-03-13T09:55:30+00:00","dateModified":"2023-08-12T10:03:52+00:00","breadcrumb":{"@id":"https:\/\/elbrogit.com\/fr\/mr02fr\/#breadcrumb"},"inLanguage":"fr-FR","potentialAction":[{"@type":"ReadAction","target":["https:\/\/elbrogit.com\/fr\/mr02fr\/"]}]},{"@type":"ImageObject","inLanguage":"fr-FR","@id":"https:\/\/elbrogit.com\/fr\/mr02fr\/#primaryimage","url":"https:\/\/elbrogit.com\/wp-content\/uploads\/02_EsglesiaNova.jpg","contentUrl":"https:\/\/elbrogit.com\/wp-content\/uploads\/02_EsglesiaNova.jpg"},{"@type":"BreadcrumbList","@id":"https:\/\/elbrogit.com\/fr\/mr02fr\/#breadcrumb","itemListElement":[{"@type":"ListItem","position":1,"name":"Home","item":"https:\/\/elbrogit.com\/fr\/"},{"@type":"ListItem","position":2,"name":"mr02fr"}]},{"@type":"WebSite","@id":"https:\/\/elbrogit.com\/fr\/#website","url":"https:\/\/elbrogit.com\/fr\/","name":"Walking and wine holidays in Catalonia","description":"Ecotourism, walking, wine tourism and cultural holidays in Catalonia","publisher":{"@id":"https:\/\/elbrogit.com\/fr\/#organization"},"potentialAction":[{"@type":"SearchAction","target":{"@type":"EntryPoint","urlTemplate":"https:\/\/elbrogit.com\/fr\/?s={search_term_string}"},"query-input":{"@type":"PropertyValueSpecification","valueRequired":true,"valueName":"search_term_string"}}],"inLanguage":"fr-FR"},{"@type":"Organization","@id":"https:\/\/elbrogit.com\/fr\/#organization","name":"Walking and wine holidays in Catalonia","url":"https:\/\/elbrogit.com\/fr\/","logo":{"@type":"ImageObject","inLanguage":"fr-FR","@id":"https:\/\/elbrogit.com\/fr\/#\/schema\/logo\/image\/","url":"https:\/\/elbrogit.com\/wp-content\/uploads\/cropped-LogoBrogitWeb.jpg","contentUrl":"https:\/\/elbrogit.com\/wp-content\/uploads\/cropped-LogoBrogitWeb.jpg","width":161,"height":108,"caption":"Walking and wine holidays in Catalonia"},"image":{"@id":"https:\/\/elbrogit.com\/fr\/#\/schema\/logo\/image\/"},"sameAs":["http:\/\/www.facebook.com\/brogit.guiatges","https:\/\/x.com\/elbrogit"]}]}},"jetpack_sharing_enabled":true,"_links":{"self":[{"href":"https:\/\/elbrogit.com\/fr\/wp-json\/wp\/v2\/pages\/9437","targetHints":{"allow":["GET"]}}],"collection":[{"href":"https:\/\/elbrogit.com\/fr\/wp-json\/wp\/v2\/pages"}],"about":[{"href":"https:\/\/elbrogit.com\/fr\/wp-json\/wp\/v2\/types\/page"}],"author":[{"embeddable":true,"href":"https:\/\/elbrogit.com\/fr\/wp-json\/wp\/v2\/users\/5"}],"replies":[{"embeddable":true,"href":"https:\/\/elbrogit.com\/fr\/wp-json\/wp\/v2\/comments?post=9437"}],"version-history":[{"count":7,"href":"https:\/\/elbrogit.com\/fr\/wp-json\/wp\/v2\/pages\/9437\/revisions"}],"predecessor-version":[{"id":12579,"href":"https:\/\/elbrogit.com\/fr\/wp-json\/wp\/v2\/pages\/9437\/revisions\/12579"}],"wp:attachment":[{"href":"https:\/\/elbrogit.com\/fr\/wp-json\/wp\/v2\/media?parent=9437"}],"curies":[{"name":"wp","href":"https:\/\/api.w.org\/{rel}","templated":true}]}}