{"id":9529,"date":"2021-03-13T12:18:17","date_gmt":"2021-03-13T11:18:17","guid":{"rendered":"https:\/\/elbrogit.com\/mr06fr\/"},"modified":"2023-07-11T11:48:28","modified_gmt":"2023-07-11T09:48:28","slug":"mr06fr","status":"publish","type":"page","link":"https:\/\/elbrogit.com\/fr\/mr06fr\/","title":{"rendered":"mr06fr"},"content":{"rendered":"\t\t<div data-elementor-type=\"wp-page\" data-elementor-id=\"9529\" class=\"elementor elementor-9529 elementor-6985\" data-elementor-post-type=\"page\">\n\t\t\t\t\t\t<section data-particle_enable=\"false\" data-particle-mobile-disabled=\"false\" class=\"elementor-section elementor-top-section elementor-element elementor-element-68f54f07 elementor-section-boxed elementor-section-height-default elementor-section-height-default\" data-id=\"68f54f07\" data-element_type=\"section\" data-settings=\"{&quot;background_background&quot;:&quot;classic&quot;}\">\n\t\t\t\t\t\t<div class=\"elementor-container elementor-column-gap-default\">\n\t\t\t\t\t<div class=\"elementor-column elementor-col-100 elementor-top-column elementor-element elementor-element-3f13af9a\" data-id=\"3f13af9a\" data-element_type=\"column\">\n\t\t\t<div class=\"elementor-widget-wrap elementor-element-populated\">\n\t\t\t\t\t\t<div class=\"elementor-element elementor-element-4835e7df elementor-widget elementor-widget-image\" data-id=\"4835e7df\" data-element_type=\"widget\" data-widget_type=\"image.default\">\n\t\t\t\t<div class=\"elementor-widget-container\">\n\t\t\t\t\t\t\t\t\t\t\t\t\t\t\t<img decoding=\"async\" src=\"https:\/\/elbrogit.com\/wp-content\/uploads\/06_ArcsAigua.jpg\" title=\"\" alt=\"\" loading=\"lazy\" \/>\t\t\t\t\t\t\t\t\t\t\t\t\t\t\t<\/div>\n\t\t\t\t<\/div>\n\t\t\t\t\t<\/div>\n\t\t<\/div>\n\t\t\t\t\t<\/div>\n\t\t<\/section>\n\t\t\t\t<section data-particle_enable=\"false\" data-particle-mobile-disabled=\"false\" class=\"elementor-section elementor-top-section elementor-element elementor-element-76461353 elementor-section-boxed elementor-section-height-default elementor-section-height-default\" data-id=\"76461353\" data-element_type=\"section\">\n\t\t\t\t\t\t<div class=\"elementor-container elementor-column-gap-default\">\n\t\t\t\t\t<div class=\"elementor-column elementor-col-50 elementor-top-column elementor-element elementor-element-40772b01\" data-id=\"40772b01\" data-element_type=\"column\">\n\t\t\t<div class=\"elementor-widget-wrap elementor-element-populated\">\n\t\t\t\t\t\t<div class=\"elementor-element elementor-element-255a9f57 elementor-widget__width-initial elementor-absolute elementor-widget-mobile__width-initial elementor-widget elementor-widget-image\" data-id=\"255a9f57\" data-element_type=\"widget\" data-settings=\"{&quot;_position&quot;:&quot;absolute&quot;}\" data-widget_type=\"image.default\">\n\t\t\t\t<div class=\"elementor-widget-container\">\n\t\t\t\t\t\t\t\t\t\t\t\t\t\t\t<img decoding=\"async\" width=\"145\" height=\"250\" src=\"https:\/\/elbrogit.com\/wp-content\/uploads\/Avatar06_Ohhh.png\" class=\"attachment-full size-full wp-image-9286\" alt=\"\" \/>\t\t\t\t\t\t\t\t\t\t\t\t\t\t\t<\/div>\n\t\t\t\t<\/div>\n\t\t\t\t\t<\/div>\n\t\t<\/div>\n\t\t\t\t<div class=\"elementor-column elementor-col-50 elementor-top-column elementor-element elementor-element-37ba1945\" data-id=\"37ba1945\" data-element_type=\"column\">\n\t\t\t<div class=\"elementor-widget-wrap elementor-element-populated\">\n\t\t\t\t\t\t<div class=\"elementor-element elementor-element-250cf258 elementor-widget__width-inherit elementor-widget elementor-widget-text-editor\" data-id=\"250cf258\" data-element_type=\"widget\" data-widget_type=\"text-editor.default\">\n\t\t\t\t<div class=\"elementor-widget-container\">\n\t\t\t\t\t\t\t\t\t<p style=\"text-align: center;\">Excellent!<\/p>\n<p style=\"text-align: center;\">Notre personnage s\u2019est peut-\u00eatre int\u00e9ress\u00e9 \u00e0 la faune marine en regardant les bestioles des lavoirs et de la rigole o\u00f9 je vous emm\u00e8ne ? Allons-y, on verra ce que vous en pensez !<\/p>\n<p style=\"text-align: center;\">Voici les vers !<\/p>\n<p style=\"text-align: center;\"><strong>\u00c0 gauche par o\u00f9 nous sommes arriv\u00e9s<\/strong><br \/><strong>Il n\u2019y a que des potagers cl\u00f4tur\u00e9s,<\/strong><br \/><strong>Par un \u00e9troit sentier passerons<\/strong><br \/><strong>Et de magnifiques contreforts trouverons.<\/strong><\/p>\n\t\t\t\t\t\t\t\t<\/div>\n\t\t\t\t<\/div>\n\t\t\t\t<section data-particle_enable=\"false\" data-particle-mobile-disabled=\"false\" class=\"elementor-section elementor-inner-section elementor-element elementor-element-ec70f06 elementor-section-boxed elementor-section-height-default elementor-section-height-default\" data-id=\"ec70f06\" data-element_type=\"section\">\n\t\t\t\t\t\t<div class=\"elementor-container elementor-column-gap-default\">\n\t\t\t\t\t<div class=\"elementor-column elementor-col-50 elementor-inner-column elementor-element elementor-element-d8b592f\" data-id=\"d8b592f\" data-element_type=\"column\">\n\t\t\t<div class=\"elementor-widget-wrap elementor-element-populated\">\n\t\t\t\t\t\t<div class=\"elementor-element elementor-element-10a8384 elementor-absolute elementor-widget-mobile__width-initial elementor-widget elementor-widget-image\" data-id=\"10a8384\" data-element_type=\"widget\" data-settings=\"{&quot;_position&quot;:&quot;absolute&quot;}\" data-widget_type=\"image.default\">\n\t\t\t\t<div class=\"elementor-widget-container\">\n\t\t\t\t\t\t\t\t\t\t\t\t\t\t\t<img decoding=\"async\" src=\"https:\/\/elbrogit.com\/wp-content\/uploads\/PuntetsEnigmaVermell.png\" title=\"\" alt=\"\" loading=\"lazy\" \/>\t\t\t\t\t\t\t\t\t\t\t\t\t\t\t<\/div>\n\t\t\t\t<\/div>\n\t\t\t\t\t<\/div>\n\t\t<\/div>\n\t\t\t\t<div class=\"elementor-column elementor-col-50 elementor-inner-column elementor-element elementor-element-fb3e446\" data-id=\"fb3e446\" data-element_type=\"column\">\n\t\t\t<div class=\"elementor-widget-wrap\">\n\t\t\t\t\t\t\t<\/div>\n\t\t<\/div>\n\t\t\t\t\t<\/div>\n\t\t<\/section>\n\t\t\t\t<div class=\"elementor-element elementor-element-24c7846 elementor-align-center elementor-widget elementor-widget-button\" data-id=\"24c7846\" data-element_type=\"widget\" data-widget_type=\"button.default\">\n\t\t\t\t<div class=\"elementor-widget-container\">\n\t\t\t\t\t\t\t\t\t<div class=\"elementor-button-wrapper\">\n\t\t\t\t\t<a class=\"elementor-button elementor-button-link elementor-size-md\" href=\"https:\/\/goo.gl\/maps\/B6DamjEDhhrPTtzW7\" target=\"_blank\">\n\t\t\t\t\t\t<span class=\"elementor-button-content-wrapper\">\n\t\t\t\t\t\t<span class=\"elementor-button-icon\">\n\t\t\t\t<i aria-hidden=\"true\" class=\"fas fa-map-marker-alt\"><\/i>\t\t\t<\/span>\n\t\t\t\t\t\t\t\t\t<span class=\"elementor-button-text\">Nous ne trouvons pas<\/span>\n\t\t\t\t\t<\/span>\n\t\t\t\t\t<\/a>\n\t\t\t\t<\/div>\n\t\t\t\t\t\t\t\t<\/div>\n\t\t\t\t<\/div>\n\t\t\t\t\t<\/div>\n\t\t<\/div>\n\t\t\t\t\t<\/div>\n\t\t<\/section>\n\t\t\t\t<section data-particle_enable=\"false\" data-particle-mobile-disabled=\"false\" class=\"elementor-section elementor-top-section elementor-element elementor-element-25bdb3d4 elementor-section-boxed elementor-section-height-default elementor-section-height-default\" data-id=\"25bdb3d4\" data-element_type=\"section\">\n\t\t\t\t\t\t<div class=\"elementor-container elementor-column-gap-default\">\n\t\t\t\t\t<div class=\"elementor-column elementor-col-100 elementor-top-column elementor-element elementor-element-d5729b2\" data-id=\"d5729b2\" data-element_type=\"column\">\n\t\t\t<div class=\"elementor-widget-wrap elementor-element-populated\">\n\t\t\t\t\t\t<div class=\"elementor-element elementor-element-6cf5be2f elementor-widget__width-inherit elementor-widget elementor-widget-text-editor\" data-id=\"6cf5be2f\" data-element_type=\"widget\" data-widget_type=\"text-editor.default\">\n\t\t\t\t<div class=\"elementor-widget-container\">\n\t\t\t\t\t\t\t\t\t<p><strong><img decoding=\"async\" class=\" wp-image-9290 alignleft\" src=\"https:\/\/elbrogit.com\/wp-content\/uploads\/LupaInfo.png\" alt=\"\" width=\"45\" height=\"41\" \/>Info :<\/strong> Dans la plaine du Camp de Tarragona, le syst\u00e8me d\u2019irrigation aliment\u00e9 par des sources souterraines \u00e9tait vital pour la culture des jardins potagers. Comme exemple nous avons la source de Les Hortes qui approvisionnait le lavoir et prenait aussi ce nom. L\u2019eau de cette source continue avec la S\u00e8quia de l\u2019Horta et irrigue d\u2019autres potagers. Elle est actuellement canalis\u00e9e \u00e0 travers un passage frais sous les contreforts de soutien d\u2019un ancien muret.<\/p>\n\t\t\t\t\t\t\t\t<\/div>\n\t\t\t\t<\/div>\n\t\t\t\t\t<\/div>\n\t\t<\/div>\n\t\t\t\t\t<\/div>\n\t\t<\/section>\n\t\t\t\t<section data-particle_enable=\"false\" data-particle-mobile-disabled=\"false\" class=\"elementor-section elementor-top-section elementor-element elementor-element-3fba85ed elementor-section-boxed elementor-section-height-default elementor-section-height-default\" data-id=\"3fba85ed\" data-element_type=\"section\">\n\t\t\t\t\t\t<div class=\"elementor-container elementor-column-gap-default\">\n\t\t\t\t\t<div class=\"elementor-column elementor-col-100 elementor-top-column elementor-element elementor-element-2715468e\" data-id=\"2715468e\" data-element_type=\"column\">\n\t\t\t<div class=\"elementor-widget-wrap elementor-element-populated\">\n\t\t\t\t\t\t<div class=\"elementor-element elementor-element-2f60d853 elementor-widget__width-inherit elementor-widget elementor-widget-text-editor\" data-id=\"2f60d853\" data-element_type=\"widget\" data-widget_type=\"text-editor.default\">\n\t\t\t\t<div class=\"elementor-widget-container\">\n\t\t\t\t\t\t\t\t\t<p style=\"text-align: center;\"><span style=\"border: 0px; margin: 0px; padding: 0px; font-weight: bold; color: #ffffff; font-family: -apple-system, system-ui, BlinkMacSystemFont, 'Segoe UI', Helvetica, Arial, sans-serif, 'Apple Color Emoji', 'Segoe UI Emoji', 'Segoe UI Symbol'; font-size: 17px;\">Quelle \u00e9trange roche incrust\u00e9e dans le mur ! <br \/>Si vous la trouvez, les contreforts, d\u2019abord \u00e0 droite<br \/>et puis,  \u00e0 gauche,<br \/>vous donneront le code.<\/span><\/p>\n<p><img fetchpriority=\"high\" decoding=\"async\" class=\"size-medium wp-image-6993 aligncenter\" src=\"https:\/\/elbrogit.com\/wp-content\/uploads\/IMG_20200523_200402-300x225.jpg\" alt=\"\" width=\"300\" height=\"225\" \/><\/p>\n<p style=\"text-align: center;\"><strong>(3 chiffres)<\/strong><\/p>\n\t\t\t\t\t\t\t\t<\/div>\n\t\t\t\t<\/div>\n\t\t\t\t<section data-particle_enable=\"false\" data-particle-mobile-disabled=\"false\" class=\"elementor-section elementor-inner-section elementor-element elementor-element-98d11ce elementor-section-boxed elementor-section-height-default elementor-section-height-default\" data-id=\"98d11ce\" data-element_type=\"section\">\n\t\t\t\t\t\t<div class=\"elementor-container elementor-column-gap-default\">\n\t\t\t\t\t<div class=\"elementor-column elementor-col-50 elementor-inner-column elementor-element elementor-element-238aabe\" data-id=\"238aabe\" data-element_type=\"column\">\n\t\t\t<div class=\"elementor-widget-wrap\">\n\t\t\t\t\t\t\t<\/div>\n\t\t<\/div>\n\t\t\t\t<div class=\"elementor-column elementor-col-50 elementor-inner-column elementor-element elementor-element-8ccfec6\" data-id=\"8ccfec6\" data-element_type=\"column\">\n\t\t\t<div class=\"elementor-widget-wrap elementor-element-populated\">\n\t\t\t\t\t\t<div class=\"elementor-element elementor-element-b04db63 elementor-absolute elementor-widget-mobile__width-initial elementor-widget elementor-widget-image\" data-id=\"b04db63\" data-element_type=\"widget\" data-settings=\"{&quot;_position&quot;:&quot;absolute&quot;}\" data-widget_type=\"image.default\">\n\t\t\t\t<div class=\"elementor-widget-container\">\n\t\t\t\t\t\t\t\t\t\t\t\t\t\t\t<img decoding=\"async\" src=\"https:\/\/elbrogit.com\/wp-content\/uploads\/PuntetsEnigma.png\" title=\"\" alt=\"\" loading=\"lazy\" \/>\t\t\t\t\t\t\t\t\t\t\t\t\t\t\t<\/div>\n\t\t\t\t<\/div>\n\t\t\t\t\t<\/div>\n\t\t<\/div>\n\t\t\t\t\t<\/div>\n\t\t<\/section>\n\t\t\t\t\t<\/div>\n\t\t<\/div>\n\t\t\t\t\t<\/div>\n\t\t<\/section>\n\t\t\t\t<section data-particle_enable=\"false\" data-particle-mobile-disabled=\"false\" class=\"elementor-section elementor-top-section elementor-element elementor-element-9d30cd9 elementor-section-boxed elementor-section-height-default elementor-section-height-default\" data-id=\"9d30cd9\" data-element_type=\"section\">\n\t\t\t\t\t\t<div class=\"elementor-container elementor-column-gap-default\">\n\t\t\t\t\t<div class=\"elementor-column elementor-col-100 elementor-top-column elementor-element elementor-element-f6dda31\" data-id=\"f6dda31\" data-element_type=\"column\">\n\t\t\t<div class=\"elementor-widget-wrap elementor-element-populated\">\n\t\t\t\t\t\t<div class=\"elementor-element elementor-element-56fe460 elementor-widget elementor-widget-eael-protected-content\" data-id=\"56fe460\" data-element_type=\"widget\" data-widget_type=\"eael-protected-content.default\">\n\t\t\t\t<div class=\"elementor-widget-container\">\n\t\t\t\t\t\t\t\t        <div class=\"eael-protected-content-message\">\n\t\t\t\t\t\t\t\t\t\t\t\t<div class=\"eael-protected-content-message-text\"><p><strong>Vous connaissez d\u00e9j\u00e0 la r\u00e9ponse ?<\/strong><\/p>\n<\/div>\n\t\t\t\t\t\t\t        <\/div>\n\t\t        <div class=\"eael-password-protected-content-fields\">\n            <form id =\"eael_protected_content_form_56fe460\" name=\"eael_protected_content_form_56fe460\" method=\"post\">\n                <input type=\"password\" name=\"protection_password_56fe460\" class=\"eael-password\"\n                       placeholder=\"N\u2019oubliez pas de l\u2019\u00e9crire en majuscules\u00a0!\">\n                <input type=\"hidden\" name=\"eael_protected_content_nonce_56fe460\"\n                       value=\"c4403d3d9d\">\n                <input type=\"submit\" value=\"OK\"\n                       class=\"eael-submit\">\n\t\t\t\t            <\/form>\n\t                <\/div>\n\t\t\t\t\t\t\t\t\t\t<\/div>\n\t\t\t\t<\/div>\n\t\t\t\t\t<\/div>\n\t\t<\/div>\n\t\t\t\t\t<\/div>\n\t\t<\/section>\n\t\t\t\t<section data-particle_enable=\"false\" data-particle-mobile-disabled=\"false\" class=\"elementor-section elementor-top-section elementor-element elementor-element-15f7fccc elementor-section-boxed elementor-section-height-default elementor-section-height-default\" data-id=\"15f7fccc\" data-element_type=\"section\">\n\t\t\t\t\t\t<div class=\"elementor-container elementor-column-gap-default\">\n\t\t\t\t\t<div class=\"elementor-column elementor-col-100 elementor-top-column elementor-element elementor-element-3a4c6672\" data-id=\"3a4c6672\" data-element_type=\"column\">\n\t\t\t<div class=\"elementor-widget-wrap elementor-element-populated\">\n\t\t\t\t\t\t<div class=\"elementor-element elementor-element-e810417 elementor-widget elementor-widget-eael-adv-accordion\" data-id=\"e810417\" data-element_type=\"widget\" data-widget_type=\"eael-adv-accordion.default\">\n\t\t\t\t<div class=\"elementor-widget-container\">\n\t\t\t\t\t        <div class=\"eael-adv-accordion\" id=\"eael-adv-accordion-e810417\" data-scroll-on-click=\"no\" data-scroll-speed=\"300\" data-accordion-id=\"e810417\" data-accordion-type=\"accordion\" data-toogle-speed=\"300\">\n    <div class=\"eael-accordion-list\">\n                <div id=\"nous-voulons-un-indice\" class=\"elementor-tab-title eael-accordion-header\" tabindex=\"0\" data-tab=\"1\" aria-controls=\"elementor-tab-content-2431\"><span class=\"eael-advanced-accordion-icon-closed\"><i aria-hidden=\"true\" class=\"fa-accordion-icon fas fa-puzzle-piece\"><\/i><\/span><span class=\"eael-advanced-accordion-icon-opened\"><i aria-hidden=\"true\" class=\"fa-accordion-icon fas fa-minus\"><\/i><\/span><span class=\"eael-accordion-tab-title\">Nous voulons un indice!!!<\/span><i aria-hidden=\"true\" class=\"fa-toggle fas fa-angle-right\"><\/i><\/div><div id=\"elementor-tab-content-2431\" class=\"eael-accordion-content clearfix\" data-tab=\"1\" aria-labelledby=\"nous-voulons-un-indice\"><p style=\"text-align: center;\">Vous devez traverser de nombreux\u00a0<strong>contreforts<\/strong>\u00a0pour arriver \u00e0 la roche. Une fois la roche pass\u00e9e, vous en trouverez encore quelques-uns.<\/p>\n<\/div>\n                <\/div><div class=\"eael-accordion-list\">\n                <div id=\"donnez-nous-la-solution\" class=\"elementor-tab-title eael-accordion-header\" tabindex=\"0\" data-tab=\"2\" aria-controls=\"elementor-tab-content-2432\"><span class=\"eael-advanced-accordion-icon-closed\"><i aria-hidden=\"true\" class=\"fa-accordion-icon fas fa-key\"><\/i><\/span><span class=\"eael-advanced-accordion-icon-opened\"><i aria-hidden=\"true\" class=\"fa-accordion-icon fas fa-minus\"><\/i><\/span><span class=\"eael-accordion-tab-title\">Donnez-nous la solution\u00a0!!!<\/span><i aria-hidden=\"true\" class=\"fa-toggle fas fa-angle-right\"><\/i><\/div><div id=\"elementor-tab-content-2432\" class=\"eael-accordion-content clearfix\" data-tab=\"2\" aria-labelledby=\"donnez-nous-la-solution\"><p style=\"text-align: center;\">Pour trouver la solution, vous devez compter les contreforts jusqu\u2019\u00e0 la pierre (18), ensuite compter ceux qui restent \u00e0 partir de la pierre (4).<\/p>\n<p style=\"text-align: center;\"><strong>Le code est le groupement des 2 nombres : <\/strong><\/p>\n<p style=\"text-align: center;\"><strong>184<\/strong><\/p>\n<\/div>\n                <\/div><\/div>\t\t\t\t<\/div>\n\t\t\t\t<\/div>\n\t\t\t\t\t<\/div>\n\t\t<\/div>\n\t\t\t\t\t<\/div>\n\t\t<\/section>\n\t\t\t\t<\/div>\n\t\t","protected":false},"excerpt":{"rendered":"<p>Excellent! Notre personnage s\u2019est peut-\u00eatre int\u00e9ress\u00e9 \u00e0 la faune marine en regardant les bestioles des lavoirs et de la rigole o\u00f9 je vous emm\u00e8ne ? Allons-y, on verra ce que vous en pensez ! Voici les vers ! \u00c0 gauche par o\u00f9 nous sommes arriv\u00e9sIl n\u2019y a que des potagers cl\u00f4tur\u00e9s,Par un \u00e9troit sentier passeronsEt [&hellip;]<\/p>\n","protected":false},"author":5,"featured_media":0,"parent":0,"menu_order":0,"comment_status":"closed","ping_status":"closed","template":"","meta":{"_acf_changed":false,"footnotes":""},"class_list":["post-9529","page","type-page","status-publish","hentry"],"acf":[],"yoast_head":"<!-- This site is optimized with the Yoast SEO plugin v25.1 - https:\/\/yoast.com\/wordpress\/plugins\/seo\/ -->\n<title>mr06fr - Walking and wine holidays in Catalonia<\/title>\n<meta name=\"robots\" content=\"index, follow, max-snippet:-1, max-image-preview:large, max-video-preview:-1\" \/>\n<link rel=\"canonical\" href=\"https:\/\/elbrogit.com\/fr\/mr06fr\/\" \/>\n<meta property=\"og:locale\" content=\"fr_FR\" \/>\n<meta property=\"og:type\" content=\"article\" \/>\n<meta property=\"og:title\" content=\"mr06fr - Walking and wine holidays in Catalonia\" \/>\n<meta property=\"og:description\" content=\"Excellent! Notre personnage s\u2019est peut-\u00eatre int\u00e9ress\u00e9 \u00e0 la faune marine en regardant les bestioles des lavoirs et de la rigole o\u00f9 je vous emm\u00e8ne ? Allons-y, on verra ce que vous en pensez ! Voici les vers ! \u00c0 gauche par o\u00f9 nous sommes arriv\u00e9sIl n\u2019y a que des potagers cl\u00f4tur\u00e9s,Par un \u00e9troit sentier passeronsEt [&hellip;]\" \/>\n<meta property=\"og:url\" content=\"https:\/\/elbrogit.com\/fr\/mr06fr\/\" \/>\n<meta property=\"og:site_name\" content=\"Walking and wine holidays in Catalonia\" \/>\n<meta property=\"article:publisher\" content=\"http:\/\/www.facebook.com\/brogit.guiatges\" \/>\n<meta property=\"article:modified_time\" content=\"2023-07-11T09:48:28+00:00\" \/>\n<meta property=\"og:image\" content=\"https:\/\/elbrogit.com\/wp-content\/uploads\/06_ArcsAigua.jpg\" \/>\n<meta name=\"twitter:card\" content=\"summary_large_image\" \/>\n<meta name=\"twitter:site\" content=\"@elbrogit\" \/>\n<meta name=\"twitter:label1\" content=\"Dur\u00e9e de lecture estim\u00e9e\" \/>\n\t<meta name=\"twitter:data1\" content=\"3 minutes\" \/>\n<script type=\"application\/ld+json\" class=\"yoast-schema-graph\">{\"@context\":\"https:\/\/schema.org\",\"@graph\":[{\"@type\":\"WebPage\",\"@id\":\"https:\/\/elbrogit.com\/fr\/mr06fr\/\",\"url\":\"https:\/\/elbrogit.com\/fr\/mr06fr\/\",\"name\":\"mr06fr - Walking and wine holidays in Catalonia\",\"isPartOf\":{\"@id\":\"https:\/\/elbrogit.com\/fr\/#website\"},\"primaryImageOfPage\":{\"@id\":\"https:\/\/elbrogit.com\/fr\/mr06fr\/#primaryimage\"},\"image\":{\"@id\":\"https:\/\/elbrogit.com\/fr\/mr06fr\/#primaryimage\"},\"thumbnailUrl\":\"https:\/\/elbrogit.com\/wp-content\/uploads\/06_ArcsAigua.jpg\",\"datePublished\":\"2021-03-13T11:18:17+00:00\",\"dateModified\":\"2023-07-11T09:48:28+00:00\",\"breadcrumb\":{\"@id\":\"https:\/\/elbrogit.com\/fr\/mr06fr\/#breadcrumb\"},\"inLanguage\":\"fr-FR\",\"potentialAction\":[{\"@type\":\"ReadAction\",\"target\":[\"https:\/\/elbrogit.com\/fr\/mr06fr\/\"]}]},{\"@type\":\"ImageObject\",\"inLanguage\":\"fr-FR\",\"@id\":\"https:\/\/elbrogit.com\/fr\/mr06fr\/#primaryimage\",\"url\":\"https:\/\/elbrogit.com\/wp-content\/uploads\/06_ArcsAigua.jpg\",\"contentUrl\":\"https:\/\/elbrogit.com\/wp-content\/uploads\/06_ArcsAigua.jpg\"},{\"@type\":\"BreadcrumbList\",\"@id\":\"https:\/\/elbrogit.com\/fr\/mr06fr\/#breadcrumb\",\"itemListElement\":[{\"@type\":\"ListItem\",\"position\":1,\"name\":\"Home\",\"item\":\"https:\/\/elbrogit.com\/fr\/\"},{\"@type\":\"ListItem\",\"position\":2,\"name\":\"mr06fr\"}]},{\"@type\":\"WebSite\",\"@id\":\"https:\/\/elbrogit.com\/fr\/#website\",\"url\":\"https:\/\/elbrogit.com\/fr\/\",\"name\":\"Walking and wine holidays in Catalonia\",\"description\":\"Ecotourism, walking, wine tourism and cultural holidays in Catalonia\",\"publisher\":{\"@id\":\"https:\/\/elbrogit.com\/fr\/#organization\"},\"potentialAction\":[{\"@type\":\"SearchAction\",\"target\":{\"@type\":\"EntryPoint\",\"urlTemplate\":\"https:\/\/elbrogit.com\/fr\/?s={search_term_string}\"},\"query-input\":{\"@type\":\"PropertyValueSpecification\",\"valueRequired\":true,\"valueName\":\"search_term_string\"}}],\"inLanguage\":\"fr-FR\"},{\"@type\":\"Organization\",\"@id\":\"https:\/\/elbrogit.com\/fr\/#organization\",\"name\":\"Walking and wine holidays in Catalonia\",\"url\":\"https:\/\/elbrogit.com\/fr\/\",\"logo\":{\"@type\":\"ImageObject\",\"inLanguage\":\"fr-FR\",\"@id\":\"https:\/\/elbrogit.com\/fr\/#\/schema\/logo\/image\/\",\"url\":\"https:\/\/elbrogit.com\/wp-content\/uploads\/cropped-LogoBrogitWeb.jpg\",\"contentUrl\":\"https:\/\/elbrogit.com\/wp-content\/uploads\/cropped-LogoBrogitWeb.jpg\",\"width\":161,\"height\":108,\"caption\":\"Walking and wine holidays in Catalonia\"},\"image\":{\"@id\":\"https:\/\/elbrogit.com\/fr\/#\/schema\/logo\/image\/\"},\"sameAs\":[\"http:\/\/www.facebook.com\/brogit.guiatges\",\"https:\/\/x.com\/elbrogit\"]}]}<\/script>\n<!-- \/ Yoast SEO plugin. -->","yoast_head_json":{"title":"mr06fr - Walking and wine holidays in Catalonia","robots":{"index":"index","follow":"follow","max-snippet":"max-snippet:-1","max-image-preview":"max-image-preview:large","max-video-preview":"max-video-preview:-1"},"canonical":"https:\/\/elbrogit.com\/fr\/mr06fr\/","og_locale":"fr_FR","og_type":"article","og_title":"mr06fr - Walking and wine holidays in Catalonia","og_description":"Excellent! Notre personnage s\u2019est peut-\u00eatre int\u00e9ress\u00e9 \u00e0 la faune marine en regardant les bestioles des lavoirs et de la rigole o\u00f9 je vous emm\u00e8ne ? Allons-y, on verra ce que vous en pensez ! Voici les vers ! \u00c0 gauche par o\u00f9 nous sommes arriv\u00e9sIl n\u2019y a que des potagers cl\u00f4tur\u00e9s,Par un \u00e9troit sentier passeronsEt [&hellip;]","og_url":"https:\/\/elbrogit.com\/fr\/mr06fr\/","og_site_name":"Walking and wine holidays in Catalonia","article_publisher":"http:\/\/www.facebook.com\/brogit.guiatges","article_modified_time":"2023-07-11T09:48:28+00:00","og_image":[{"url":"https:\/\/elbrogit.com\/wp-content\/uploads\/06_ArcsAigua.jpg","type":"","width":"","height":""}],"twitter_card":"summary_large_image","twitter_site":"@elbrogit","twitter_misc":{"Dur\u00e9e de lecture estim\u00e9e":"3 minutes"},"schema":{"@context":"https:\/\/schema.org","@graph":[{"@type":"WebPage","@id":"https:\/\/elbrogit.com\/fr\/mr06fr\/","url":"https:\/\/elbrogit.com\/fr\/mr06fr\/","name":"mr06fr - Walking and wine holidays in Catalonia","isPartOf":{"@id":"https:\/\/elbrogit.com\/fr\/#website"},"primaryImageOfPage":{"@id":"https:\/\/elbrogit.com\/fr\/mr06fr\/#primaryimage"},"image":{"@id":"https:\/\/elbrogit.com\/fr\/mr06fr\/#primaryimage"},"thumbnailUrl":"https:\/\/elbrogit.com\/wp-content\/uploads\/06_ArcsAigua.jpg","datePublished":"2021-03-13T11:18:17+00:00","dateModified":"2023-07-11T09:48:28+00:00","breadcrumb":{"@id":"https:\/\/elbrogit.com\/fr\/mr06fr\/#breadcrumb"},"inLanguage":"fr-FR","potentialAction":[{"@type":"ReadAction","target":["https:\/\/elbrogit.com\/fr\/mr06fr\/"]}]},{"@type":"ImageObject","inLanguage":"fr-FR","@id":"https:\/\/elbrogit.com\/fr\/mr06fr\/#primaryimage","url":"https:\/\/elbrogit.com\/wp-content\/uploads\/06_ArcsAigua.jpg","contentUrl":"https:\/\/elbrogit.com\/wp-content\/uploads\/06_ArcsAigua.jpg"},{"@type":"BreadcrumbList","@id":"https:\/\/elbrogit.com\/fr\/mr06fr\/#breadcrumb","itemListElement":[{"@type":"ListItem","position":1,"name":"Home","item":"https:\/\/elbrogit.com\/fr\/"},{"@type":"ListItem","position":2,"name":"mr06fr"}]},{"@type":"WebSite","@id":"https:\/\/elbrogit.com\/fr\/#website","url":"https:\/\/elbrogit.com\/fr\/","name":"Walking and wine holidays in Catalonia","description":"Ecotourism, walking, wine tourism and cultural holidays in Catalonia","publisher":{"@id":"https:\/\/elbrogit.com\/fr\/#organization"},"potentialAction":[{"@type":"SearchAction","target":{"@type":"EntryPoint","urlTemplate":"https:\/\/elbrogit.com\/fr\/?s={search_term_string}"},"query-input":{"@type":"PropertyValueSpecification","valueRequired":true,"valueName":"search_term_string"}}],"inLanguage":"fr-FR"},{"@type":"Organization","@id":"https:\/\/elbrogit.com\/fr\/#organization","name":"Walking and wine holidays in Catalonia","url":"https:\/\/elbrogit.com\/fr\/","logo":{"@type":"ImageObject","inLanguage":"fr-FR","@id":"https:\/\/elbrogit.com\/fr\/#\/schema\/logo\/image\/","url":"https:\/\/elbrogit.com\/wp-content\/uploads\/cropped-LogoBrogitWeb.jpg","contentUrl":"https:\/\/elbrogit.com\/wp-content\/uploads\/cropped-LogoBrogitWeb.jpg","width":161,"height":108,"caption":"Walking and wine holidays in Catalonia"},"image":{"@id":"https:\/\/elbrogit.com\/fr\/#\/schema\/logo\/image\/"},"sameAs":["http:\/\/www.facebook.com\/brogit.guiatges","https:\/\/x.com\/elbrogit"]}]}},"jetpack_sharing_enabled":true,"_links":{"self":[{"href":"https:\/\/elbrogit.com\/fr\/wp-json\/wp\/v2\/pages\/9529","targetHints":{"allow":["GET"]}}],"collection":[{"href":"https:\/\/elbrogit.com\/fr\/wp-json\/wp\/v2\/pages"}],"about":[{"href":"https:\/\/elbrogit.com\/fr\/wp-json\/wp\/v2\/types\/page"}],"author":[{"embeddable":true,"href":"https:\/\/elbrogit.com\/fr\/wp-json\/wp\/v2\/users\/5"}],"replies":[{"embeddable":true,"href":"https:\/\/elbrogit.com\/fr\/wp-json\/wp\/v2\/comments?post=9529"}],"version-history":[{"count":4,"href":"https:\/\/elbrogit.com\/fr\/wp-json\/wp\/v2\/pages\/9529\/revisions"}],"predecessor-version":[{"id":9614,"href":"https:\/\/elbrogit.com\/fr\/wp-json\/wp\/v2\/pages\/9529\/revisions\/9614"}],"wp:attachment":[{"href":"https:\/\/elbrogit.com\/fr\/wp-json\/wp\/v2\/media?parent=9529"}],"curies":[{"name":"wp","href":"https:\/\/api.w.org\/{rel}","templated":true}]}}